{"id":3904,"date":"2022-02-11T12:05:20","date_gmt":"2022-02-11T12:05:20","guid":{"rendered":"https:\/\/elfsight.com\/es\/?page_id=3904"},"modified":"2025-02-06T15:16:07","modified_gmt":"2025-02-06T15:16:07","slug":"weebly","status":"publish","type":"page","link":"https:\/\/elfsight.com\/es\/pricing-table-plugin\/weebly\/","title":{"rendered":"Pricing Table &#8211; Weebly"},"content":{"rendered":"<div class=\"application-platform-content-item-description application-platform-content-item\" id=\"description\" data-nav-section=\"description\"><h2>Descripci\u00f3n<\/h2><p>El precio se ha convertido en uno de los factores clave para motivar a los visitantes a realizar una compra en tu sitio. La aplicaci\u00f3n Elfsight no solo ayuda a los clientes a ver y analizar f\u00e1cilmente m\u00faltiples ofertas de precios, sino que tambi\u00e9n ayuda a aumentar la conversi\u00f3n mediante las \u00faltimas t\u00e9cnicas de dise\u00f1o y modelado.<\/p><p><b>Lleva las ventas de tu sitio a otro nivel, con la ayuda de una estrategia de precios poderosa.<\/b><\/p><ul><li><b>Consigue m\u00e1s clientes<\/b>.<br>Utiliza todas las poderosas tendencias de dise\u00f1o para contrarrestar las ideas equivocadas que los clientes puedan tener mientras est\u00e1n en el proceso de compra, y lograr la m\u00e1xima conversi\u00f3n.<\/li><li><b>Personalizaci\u00f3n instant\u00e1nea y eficaz<\/b>.<br>Gracias a un amplio conjunto de opciones que te permiten combinar diferentes configuraciones de precios r\u00e1pidamente, encontrar\u00e1s la opci\u00f3n que ser\u00e1 absolutamente efectiva para tu sitio.<\/li><li><b>Haz que tu precios sean emocionantes para los clientes<\/b>.<br>Agrega colores, reorganiza las unidades, inserta im\u00e1genes, para hacer que tus precios sean atractivos para los visitantes y tener una influencia positiva en su decisi\u00f3n de compra.<\/li><\/ul><\/div><div class=\"application-platform-content-item-features application-platform-content-item\" id=\"features\" data-nav-section=\"features\"><h2>Caracter\u00edsticas<\/h2><p>Las caracter\u00edsticas m\u00e1s destacadas que hacen que nuestra aplicaci\u00f3n sea la mejor Tabla de Precios para sitios de Weebly.<\/p><ul><li>2 tipos predefinidos de radio de borde y 4 tipos predefinidos de ancho de borde;<\/li><li>Lista de caracter\u00edsticas ajustable, completa con \u00edconos de caracter\u00edsticas, sugerencias y cantidad ilimitada de caracter\u00edsticas;<\/li><li>2 tipos predefinidos de alineaci\u00f3n de caracter\u00edsticas;<\/li><li>Radio y ancho de borde personalizables para el bot\u00f3n;<\/li><li>Tama\u00f1o y peso de la fuente personalizables.<\/li><\/ul><p><a href=\"#demo\">Puedes probar todas las caracter\u00edsticas en la demo en vivo<\/a><\/p><\/div><div class=\"application-platform-content-item-installation application-platform-content-item\" id=\"installation\" data-nav-section=\"installation\"><h2>C\u00f3mo a\u00f1adir una Tabla de Precios a tu sitio web de Weebly<\/h2><div class=\"video-container\"><iframe width=\"720\" height=\"405\" src=\"https:\/\/www.youtube.com\/embed\/z6aE2Yphf8E\" frameborder=\"0\" allowfullscreen=\"\"><\/iframe><\/div><p>Un tutorial sobre c\u00f3mo integrar la aplicaci\u00f3n de Elfsight en tu sitio web. No necesitas habilidades en desarrollo web ni gastar mucho tiempo para realizar la instalaci\u00f3n. Solo toma 4 simples pasos y 1 minuto de tu tiempo.<\/p><ol><li><b>Gestiona nuestro configurador gratuito y empieza a crear tu aplicaci\u00f3n personalizada.<\/b><br>Encuentra el dise\u00f1o y los par\u00e1metros adecuados para la aplicaci\u00f3n y guarda todos los cambios.<\/li><li><b>Recibe el c\u00f3digo individual que aparece en la ventana de Elfsight Apps.<\/b><br>Cuando termines de configurar tu aplicaci\u00f3n, copia el c\u00f3digo personal que aparecer\u00e1 en la ventana y gu\u00e1rdalo para su uso posterior.<\/li><li><b>Comienza a usar la aplicaci\u00f3n en tu sitio web de Weebly.<\/b><br>Integra el c\u00f3digo guardado previamente en tu p\u00e1gina y aplica las modificaciones.<\/li><li><b>La configuraci\u00f3n se ha completado con \u00e9xito.<\/b><br>Visita tu p\u00e1gina para ver c\u00f3mo est\u00e1 funcionando la aplicaci\u00f3n.<\/li><\/ol><p>\u00bfTienes problemas con la instalaci\u00f3n de la aplicaci\u00f3n? Revisa nuestro manual completo \u00ab<a href=\"https:\/\/elfsight.com\/tutorials\/how-to-add-pricing-table-to-weebly\/\" target=\"_blank\" rel=\"noopener noreferrer\">C\u00f3mo insertar una tabla de precios en Weebly<\/a>\u00bb o contacta con nuestro servicio de atenci\u00f3n al cliente, que resolver\u00e1 todos tus problemas r\u00e1pidamente.<\/p><div class=\"faq\" data-component=\"FAQ\"> <div class=\"faq-item\">\r\n\t\t\t\t\t<div class=\"faq-item-question\">\r\n\t\t\t\t\t\t<h3 class=\"faq-item-question-text\">\u00bfC\u00f3mo a\u00f1adir una Tabla de Precios a mi sitio web de Weebly sin habilidades de programaci\u00f3n?<\/h3>\r\n\r\n\t\t\t\t\t\t<div class=\"faq-item-question-icon\"><\/div>\r\n\t\t\t\t\t<\/div>\r\n\r\n\t\t\t\t\t<div class=\"faq-item-answer\">\r\n\t\t\t\t\t\t<div class=\"faq-item-answer-text\"> <p>Elfsight ofrece una soluci\u00f3n SaaS que te permite crear un widget de Tabla de Precios por ti mismo. Mira lo f\u00e1cil que es el proceso: Trabaja directamente en el Editor en l\u00ednea para crear el widget de Tabla de Precios que deseas ver en tu sitio web de Weebly. Elige una de las plantillas predefinidas y ajusta la configuraci\u00f3n de la Tabla de Precios, agrega tu contenido, cambia el dise\u00f1o y los colores sin necesidad de habilidades de programaci\u00f3n. Guarda la Tabla de Precios y copia su c\u00f3digo de instalaci\u00f3n, que puedes incluir f\u00e1cilmente en tu sitio web de Weebly sin necesidad de comprar una suscripci\u00f3n de pago. Con nuestro Editor intuitivo, cualquier usuario de internet puede crear un widget de Tabla de Precios en l\u00ednea y agregarlo f\u00e1cilmente a su sitio web de Weebly. No es necesario pagar ni ingresar los datos de tu tarjeta para acceder al servicio. Si tienes alg\u00fan problema en cualquiera de los pasos, no dudes en ponerte en contacto con nuestro equipo de soporte t\u00e9cnico.<\/p> <\/div>\r\n\t\t\t\t\t<\/div>\r\n\t\t\t\t<\/div> <\/div> <\/div>","protected":false},"excerpt":{"rendered":"","protected":false},"author":18,"featured_media":0,"parent":2019,"menu_order":0,"comment_status":"closed","ping_status":"closed","template":"templates\/template-application-platform.php","meta":{"publish_to_discourse":"","publish_post_category":"","wpdc_auto_publish_overridden":"","wpdc_topic_tags":"","wpdc_pin_topic":"","wpdc_pin_until":"","discourse_post_id":"","discourse_permalink":"","wpdc_publishing_response":"","wpdc_publishing_error":"","footnotes":""},"class_list":["post-3904","page","type-page","status-publish","hentry"],"yoast_head":"<!-- This site is optimized with the Yoast SEO plugin v25.3.1 - https:\/\/yoast.com\/wordpress\/plugins\/seo\/ -->\n<title>Tabla de precios - Incluir plugin de Precios mesa al Weebly<\/title>\n<meta name=\"description\" content=\"A\u00f1ade un app interactivo de Tabla de precios en su sitio de Weebly. Aplique la demo de Elfsight intuitiva y genere su plugin personalizado.\" \/>\n<meta name=\"robots\" content=\"index, follow, max-snippet:-1, max-image-preview:large, max-video-preview:-1\" \/>\n<link rel=\"canonical\" href=\"https:\/\/elfsight.com\/es\/pricing-table-plugin\/weebly\/\" \/>\n<meta property=\"og:locale\" content=\"es_ES\" \/>\n<meta property=\"og:type\" content=\"article\" \/>\n<meta property=\"og:title\" content=\"Tabla de precios - Incluir plugin de Precios mesa al Weebly\" \/>\n<meta property=\"og:description\" content=\"A\u00f1ade un app interactivo de Tabla de precios en su sitio de Weebly. Aplique la demo de Elfsight intuitiva y genere su plugin personalizado.\" \/>\n<meta property=\"og:url\" content=\"https:\/\/elfsight.com\/es\/pricing-table-plugin\/weebly\/\" \/>\n<meta property=\"og:site_name\" content=\"Elfsight ES\" \/>\n<meta property=\"article:modified_time\" content=\"2025-02-06T15:16:07+00:00\" \/>\n<meta name=\"twitter:card\" content=\"summary_large_image\" \/>\n<meta name=\"twitter:label1\" content=\"Tiempo de lectura\" \/>\n\t<meta name=\"twitter:data1\" content=\"1 minuto\" \/>\n<!-- \/ Yoast SEO plugin. -->","yoast_head_json":{"title":"Tabla de precios - Incluir plugin de Precios mesa al Weebly","description":"A\u00f1ade un app interactivo de Tabla de precios en su sitio de Weebly. Aplique la demo de Elfsight intuitiva y genere su plugin personalizado.","robots":{"index":"index","follow":"follow","max-snippet":"max-snippet:-1","max-image-preview":"max-image-preview:large","max-video-preview":"max-video-preview:-1"},"canonical":"https:\/\/elfsight.com\/es\/pricing-table-plugin\/weebly\/","og_locale":"es_ES","og_type":"article","og_title":"Tabla de precios - Incluir plugin de Precios mesa al Weebly","og_description":"A\u00f1ade un app interactivo de Tabla de precios en su sitio de Weebly. Aplique la demo de Elfsight intuitiva y genere su plugin personalizado.","og_url":"https:\/\/elfsight.com\/es\/pricing-table-plugin\/weebly\/","og_site_name":"Elfsight ES","article_modified_time":"2025-02-06T15:16:07+00:00","twitter_card":"summary_large_image","twitter_misc":{"Tiempo de lectura":"1 minuto"},"schema":{"@context":"https:\/\/schema.org","@graph":[{"@type":"WebPage","@id":"https:\/\/elfsight.com\/es\/pricing-table-plugin\/weebly\/","url":"https:\/\/elfsight.com\/es\/pricing-table-plugin\/weebly\/","name":"Tabla de precios - Incluir plugin de Precios mesa al Weebly","isPartOf":{"@id":"https:\/\/elfsight.com\/es\/#website"},"datePublished":"2022-02-11T12:05:20+00:00","dateModified":"2025-02-06T15:16:07+00:00","description":"A\u00f1ade un app interactivo de Tabla de precios en su sitio de Weebly. Aplique la demo de Elfsight intuitiva y genere su plugin personalizado.","breadcrumb":{"@id":"https:\/\/elfsight.com\/es\/pricing-table-plugin\/weebly\/#breadcrumb"},"inLanguage":"es","potentialAction":[{"@type":"ReadAction","target":["https:\/\/elfsight.com\/es\/pricing-table-plugin\/weebly\/"]}]},{"@type":"BreadcrumbList","@id":"https:\/\/elfsight.com\/es\/pricing-table-plugin\/weebly\/#breadcrumb","itemListElement":[{"@type":"ListItem","position":1,"name":"Home","item":"https:\/\/elfsight.com\/es\/"},{"@type":"ListItem","position":2,"name":"Pricing Table","item":"https:\/\/elfsight.com\/es\/pricing-table-plugin\/"},{"@type":"ListItem","position":3,"name":"Pricing Table &#8211; Weebly"}]},{"@type":"WebSite","@id":"https:\/\/elfsight.com\/es\/#website","url":"https:\/\/elfsight.com\/es\/","name":"Elfsight ES","description":"Just another Elfsight Sites site","potentialAction":[{"@type":"SearchAction","target":{"@type":"EntryPoint","urlTemplate":"https:\/\/elfsight.com\/es\/?s={search_term_string}"},"query-input":{"@type":"PropertyValueSpecification","valueRequired":true,"valueName":"search_term_string"}}],"inLanguage":"es"}]}},"meta_box":{"industry":"","seo_heading":"","heading":"","description":"","cta_heading":"","cta_description":"","application":"2018","h1":"plugin de Tabla de precios para Weebly","h1_caption":"Presente sus opciones de precios de forma clara y atractiva, ayudando a los clientes a elegir el plan adecuado para sus necesidades en su sitio web Weebly sin esfuerzo.","application_category":[],"applications_title":"","applications_request_title":"","applications_request_button_text":"","hero_text":"","hero_video":"","hero_video_schema_markup":"","selling_points_title":"","selling_points_caption":"","selling_points":[],"selling_points_cta_text":"","features_title":"","features":"","ed_cta_examples_text":"","ed_cta_examples_hidden":"","ed_cta_demo_text":"","ed_cta_demo_hidden":"","why_caption":"","why_editor_title":"","why_editor_text":"","why_team_title":"","why_team_text":"","why_service_title":"","why_service_text":"","template_catalog_visible":"","template_catalog_title":"","template_catalog_text":"","template_catalog_categories_visible":"","demo_title":"Crea tu aplicaci\u00f3n Tabla de Precios","demo_caption":"\u00a1Configura tu tabla de precios y agr\u00e9gala a tu sitio web Weebly gratis!","default_faq_hidden":"","app_template_category":[],"platform":"109","template_public_id":"","codecanyon_url":"","codecanyon_item_id":"","codecanyon_price":"","pricing_caption":"","pricing_elfsight_apps_hide_column":"","pricing_elfsight_apps_url":"","pricing_codecanyon_price_caption":"","integration_category":[],"integration_request_title":"","integration_request_cta":"","integration_platform":"","integrations":[],"platform_category":[],"video_schema_markup":"","price":"desde $0 por mes","trial":"","benefits":[{"text":"Instalaci\u00f3n gratuita"},{"text":"Soporte Premium"},{"text":"14 d\u00edas garant\u00eda de reembolso"},{"text":"Actualizaciones regulares"}],"button_url":"#demo","button_target_blank":"0","button_nofollow":"0","attributes":[{"name":"Responsivo","content":"Si","_state":"expanded"},{"name":"Navegadores compatibles","content":"Firefox, Safari, Opera, Chrome, Edge","_state":"expanded"}],"tags":[],"tags_disable_links":"0","hide_more_platforms":"","video_object":"","demo_hide_cta":"0","demo_hide_cloud_options":"0","pricing_title":"","pricing":[{"pricing_icon":"platform","pricing_title":" Elfsight Apps","pricing_title_caption":"Soluci\u00f3n multiplataforma - valido para cualquier p\u00e1gina web","pricing_price":"desde $0 por mes","pricing_price_caption":"empezar con un plan gratuito","pricing_benefits":[{"text":"Sitios web ilimitados"},{"text":"Atenci\u00f3n al cliente gratuita y r\u00e1pida"},{"text":"Servicio de instalaci\u00f3n gratuito"},{"text":"Totalmente personalizable"}],"pricing_button_text":"Agregar al sitio web","pricing_button_url":"#demo","_state":"expanded"}],"related_apps_title":"","related_apps_hidden":"1","author":"","image":[],"title":"","job":"","social_networks":[]},"_links":{"self":[{"href":"https:\/\/elfsight.com\/es\/wp-json\/wp\/v2\/pages\/3904","targetHints":{"allow":["GET"]}}],"collection":[{"href":"https:\/\/elfsight.com\/es\/wp-json\/wp\/v2\/pages"}],"about":[{"href":"https:\/\/elfsight.com\/es\/wp-json\/wp\/v2\/types\/page"}],"author":[{"embeddable":true,"href":"https:\/\/elfsight.com\/es\/wp-json\/wp\/v2\/users\/18"}],"replies":[{"embeddable":true,"href":"https:\/\/elfsight.com\/es\/wp-json\/wp\/v2\/comments?post=3904"}],"version-history":[{"count":3,"href":"https:\/\/elfsight.com\/es\/wp-json\/wp\/v2\/pages\/3904\/revisions"}],"predecessor-version":[{"id":18007,"href":"https:\/\/elfsight.com\/es\/wp-json\/wp\/v2\/pages\/3904\/revisions\/18007"}],"up":[{"embeddable":true,"href":"https:\/\/elfsight.com\/es\/wp-json\/wp\/v2\/pages\/2019"}],"wp:attachment":[{"href":"https:\/\/elfsight.com\/es\/wp-json\/wp\/v2\/media?parent=3904"}],"curies":[{"name":"wp","href":"https:\/\/api.w.org\/{rel}","templated":true}]}}