{"id":3901,"date":"2022-02-11T12:05:25","date_gmt":"2022-02-11T12:05:25","guid":{"rendered":"https:\/\/elfsight.com\/es\/?page_id=3901"},"modified":"2025-02-06T15:16:07","modified_gmt":"2025-02-06T15:16:07","slug":"opencart","status":"publish","type":"page","link":"https:\/\/elfsight.com\/es\/number-counter-widget\/opencart\/","title":{"rendered":"Number Counter &#8211; OpenCart"},"content":{"rendered":"<div class=\"application-platform-content-item-description application-platform-content-item\" id=\"description\" data-nav-section=\"description\"> <h2>Descripci\u00f3n<\/h2> <p>Elfsight Number Counter es una extensi\u00f3n f\u00e1cil de usar para OpenCart con una amplia gama de opciones. Es una excelente herramienta para presumir tus \u00edndices comerciales, la cantidad de trabajos que has realizado hasta ahora y mucho m\u00e1s. El widget es notablemente flexible. Si\u00e9ntete libre de construir cualquier cantidad de contadores, configurarlos en columnas, seleccionar \u00edconos de nuestra colecci\u00f3n o cargar tus propios, hacerlos multicolores o monocrom\u00e1ticos, agregar t\u00edtulos para aclarar los n\u00fameros que est\u00e1s mostrando, recolorear cualquier elemento, elegir la imagen de fondo, \u00a1y eso es solo la mitad! Simplemente comienza a formar tu plugin ahora y ver\u00e1s c\u00f3mo crecen r\u00e1pidamente tus estad\u00edsticas comerciales clave.<\/p> <p><b>Revela tus logros notables a tus futuros compradores. \u00a1Aumenta la cantidad de ventas y clientes potenciales exitosos!<\/b><\/p> <\/div> <div class=\"application-platform-content-item-features application-platform-content-item\" id=\"features\" data-nav-section=\"features\"> <h2>Las caracter\u00edsticas m\u00e1s solicitadas del widget incluyen<\/h2> <ul><li>Cantidad ilimitada de contadores. <\/li><li>Cantidad ilimitada de columnas. <\/li><li>Agrega t\u00edtulos, encabezados, prefijos y sufijos. <\/li><li>Elige el tipo de \u00edcono: obt\u00e9n uno de nuestra colecci\u00f3n o carga el tuyo propio. <\/li><li>Agrega enlaces. <\/li><\/ul><p><a href=\"#demo\">Puedes probar todas las capacidades de la extensi\u00f3n en la demo ahora mismo<\/a><\/p> <\/div> <div class=\"application-platform-content-item-installation application-platform-content-item\" id=\"installation\" data-nav-section=\"installation\"> <h2>\u00bfC\u00f3mo puedo incrustar un Contador de N\u00fameros en mi p\u00e1gina web de OpenCart? <\/h2> <p>Sigue simplemente un par de pasos a continuaci\u00f3n para comenzar a trabajar con la extensi\u00f3n. <\/p> <ol><li><b>Usa nuestro configurador gratuito y comienza a crear tu extensi\u00f3n personalizada.<\/b><br> Determina la interfaz y funcionalidad deseadas de la extensi\u00f3n y aplica todas las correcciones.<\/li>  <li><b>Copia el c\u00f3digo \u00fanico que aparece en el formulario especial de Elfsight Apps.<\/b><br> Despu\u00e9s de haber terminado de configurar tu extensi\u00f3n, copia el c\u00f3digo personal en el cuadro emergente y gu\u00e1rdalo para su posterior uso.<\/li>  <li><b>Comienza a aplicar la extensi\u00f3n en tu p\u00e1gina web de OpenCart.<\/b><br> Inserta el c\u00f3digo guardado recientemente en tu p\u00e1gina y guarda los cambios.<\/li>  <li><b>La instalaci\u00f3n se ha realizado correctamente.<\/b><br> Visita tu sitio para verificar c\u00f3mo est\u00e1 funcionando la extensi\u00f3n.<\/li><\/ol><p>Si tienes alg\u00fan obst\u00e1culo, no dudes en contactar con nuestro personal de soporte. Nuestros consultores estar\u00e1n encantados de ayudarte con cualquier dificultad que tengas con el producto.<\/p> <div class=\"faq\" data-component=\"FAQ\"><div class=\"faq-item\">\r\n\t\t\t\t\t<div class=\"faq-item-question\">\r\n\t\t\t\t\t\t<h3 class=\"faq-item-question-text\">\u00bfHay alguna forma de incrustar el Contador de N\u00fameros en mi p\u00e1gina principal de OpenCart sin conocimientos de programaci\u00f3n?<\/h3>\r\n\r\n\t\t\t\t\t\t<div class=\"faq-item-question-icon\"><\/div>\r\n\t\t\t\t\t<\/div>\r\n\r\n\t\t\t\t\t<div class=\"faq-item-answer\">\r\n\t\t\t\t\t\t<div class=\"faq-item-answer-text\"> <p>Elfsight ofrece una soluci\u00f3n SaaS que te permite crear un widget de Contador de N\u00fameros por ti mismo. Mira lo f\u00e1cil que es el proceso: Trabaja directamente en la demo en l\u00ednea para crear el plugin de Contador de N\u00fameros que te gustar\u00eda integrar en la p\u00e1gina principal de OpenCart. Elige una de las plantillas predefinidas y ajusta la configuraci\u00f3n del Contador de N\u00fameros, cambia el dise\u00f1o y el color de los elementos, incluyendo tu contenido, sin necesidad de conocimientos de programaci\u00f3n. Haz clic para guardar la configuraci\u00f3n que has realizado en el Contador de N\u00fameros y copia el c\u00f3digo del widget para la instalaci\u00f3n, que se puede incluir f\u00e1cilmente en la p\u00e1gina principal de OpenCart sin necesidad de comprar un plan de pago. Con la ayuda de nuestro f\u00e1cil Configurador, cualquier usuario de internet puede crear una aplicaci\u00f3n de Contador de N\u00fameros en l\u00ednea y agregarla f\u00e1cilmente al sitio web de OpenCart. No es necesario pagar ni ingresar los datos de tu tarjeta para acceder al servicio. Si encuentras alg\u00fan obst\u00e1culo en alg\u00fan paso, no dudes en ponerte en contacto con nuestro personal de soporte t\u00e9cnico.<\/p> <\/div>\r\n\t\t\t\t\t<\/div>\r\n\t\t\t\t<\/div> <\/div><\/div>","protected":false},"excerpt":{"rendered":"","protected":false},"author":18,"featured_media":0,"parent":1135,"menu_order":0,"comment_status":"closed","ping_status":"closed","template":"templates\/template-application-platform.php","meta":{"publish_to_discourse":"","publish_post_category":"","wpdc_auto_publish_overridden":"","wpdc_topic_tags":"","wpdc_pin_topic":"","wpdc_pin_until":"","discourse_post_id":"","discourse_permalink":"","wpdc_publishing_response":"","wpdc_publishing_error":"","footnotes":""},"class_list":["post-3901","page","type-page","status-publish","hentry"],"yoast_head":"<!-- This site is optimized with the Yoast SEO plugin v25.3.1 - https:\/\/yoast.com\/wordpress\/plugins\/seo\/ -->\n<title>Contador de n\u00fameros - Insertar plugin de Contador al OpenCart<\/title>\n<meta name=\"description\" content=\"A\u00f1ade un module atractivo de Contador de n\u00fameros en su sitio de OpenCart. Lance la demo de Elfsight f\u00e1cil de usar y construe su plugin \u00fanico.\" \/>\n<meta name=\"robots\" content=\"index, follow, max-snippet:-1, max-image-preview:large, max-video-preview:-1\" \/>\n<link rel=\"canonical\" href=\"https:\/\/elfsight.com\/es\/number-counter-widget\/opencart\/\" \/>\n<meta property=\"og:locale\" content=\"es_ES\" \/>\n<meta property=\"og:type\" content=\"article\" \/>\n<meta property=\"og:title\" content=\"Contador de n\u00fameros - Insertar plugin de Contador al OpenCart\" \/>\n<meta property=\"og:description\" content=\"A\u00f1ade un module atractivo de Contador de n\u00fameros en su sitio de OpenCart. Lance la demo de Elfsight f\u00e1cil de usar y construe su plugin \u00fanico.\" \/>\n<meta property=\"og:url\" content=\"https:\/\/elfsight.com\/es\/number-counter-widget\/opencart\/\" \/>\n<meta property=\"og:site_name\" content=\"Elfsight ES\" \/>\n<meta property=\"article:modified_time\" content=\"2025-02-06T15:16:07+00:00\" \/>\n<meta name=\"twitter:card\" content=\"summary_large_image\" \/>\n<meta name=\"twitter:label1\" content=\"Tiempo de lectura\" \/>\n\t<meta name=\"twitter:data1\" content=\"1 minuto\" \/>\n<!-- \/ Yoast SEO plugin. -->","yoast_head_json":{"title":"Contador de n\u00fameros - Insertar plugin de Contador al OpenCart","description":"A\u00f1ade un module atractivo de Contador de n\u00fameros en su sitio de OpenCart. Lance la demo de Elfsight f\u00e1cil de usar y construe su plugin \u00fanico.","robots":{"index":"index","follow":"follow","max-snippet":"max-snippet:-1","max-image-preview":"max-image-preview:large","max-video-preview":"max-video-preview:-1"},"canonical":"https:\/\/elfsight.com\/es\/number-counter-widget\/opencart\/","og_locale":"es_ES","og_type":"article","og_title":"Contador de n\u00fameros - Insertar plugin de Contador al OpenCart","og_description":"A\u00f1ade un module atractivo de Contador de n\u00fameros en su sitio de OpenCart. Lance la demo de Elfsight f\u00e1cil de usar y construe su plugin \u00fanico.","og_url":"https:\/\/elfsight.com\/es\/number-counter-widget\/opencart\/","og_site_name":"Elfsight ES","article_modified_time":"2025-02-06T15:16:07+00:00","twitter_card":"summary_large_image","twitter_misc":{"Tiempo de lectura":"1 minuto"},"schema":{"@context":"https:\/\/schema.org","@graph":[{"@type":"WebPage","@id":"https:\/\/elfsight.com\/es\/number-counter-widget\/opencart\/","url":"https:\/\/elfsight.com\/es\/number-counter-widget\/opencart\/","name":"Contador de n\u00fameros - Insertar plugin de Contador al OpenCart","isPartOf":{"@id":"https:\/\/elfsight.com\/es\/#website"},"datePublished":"2022-02-11T12:05:25+00:00","dateModified":"2025-02-06T15:16:07+00:00","description":"A\u00f1ade un module atractivo de Contador de n\u00fameros en su sitio de OpenCart. Lance la demo de Elfsight f\u00e1cil de usar y construe su plugin \u00fanico.","breadcrumb":{"@id":"https:\/\/elfsight.com\/es\/number-counter-widget\/opencart\/#breadcrumb"},"inLanguage":"es","potentialAction":[{"@type":"ReadAction","target":["https:\/\/elfsight.com\/es\/number-counter-widget\/opencart\/"]}]},{"@type":"BreadcrumbList","@id":"https:\/\/elfsight.com\/es\/number-counter-widget\/opencart\/#breadcrumb","itemListElement":[{"@type":"ListItem","position":1,"name":"Home","item":"https:\/\/elfsight.com\/es\/"},{"@type":"ListItem","position":2,"name":"Number Counter","item":"https:\/\/elfsight.com\/es\/number-counter-widget\/"},{"@type":"ListItem","position":3,"name":"Number Counter &#8211; OpenCart"}]},{"@type":"WebSite","@id":"https:\/\/elfsight.com\/es\/#website","url":"https:\/\/elfsight.com\/es\/","name":"Elfsight ES","description":"Just another Elfsight Sites site","potentialAction":[{"@type":"SearchAction","target":{"@type":"EntryPoint","urlTemplate":"https:\/\/elfsight.com\/es\/?s={search_term_string}"},"query-input":{"@type":"PropertyValueSpecification","valueRequired":true,"valueName":"search_term_string"}}],"inLanguage":"es"}]}},"meta_box":{"industry":"","seo_heading":"","heading":"","description":"","cta_heading":"","cta_description":"","application":"1134","h1":"complemento de Contador de n\u00fameros para OpenCart","h1_caption":"Muestre estad\u00edsticas e hitos clave con contadores animados para resaltar sus logros de una manera atractiva en su sitio web Opencart sin esfuerzo.","application_category":[],"applications_title":"","applications_request_title":"","applications_request_button_text":"","hero_text":"","hero_video":"","hero_video_schema_markup":"","selling_points_title":"","selling_points_caption":"","selling_points":[],"selling_points_cta_text":"","features_title":"","features":"","ed_cta_examples_text":"","ed_cta_examples_hidden":"","ed_cta_demo_text":"","ed_cta_demo_hidden":"","why_caption":"","why_editor_title":"","why_editor_text":"","why_team_title":"","why_team_text":"","why_service_title":"","why_service_text":"","template_catalog_visible":"","template_catalog_title":"","template_catalog_text":"","template_catalog_categories_visible":"","demo_title":"Crea tu extensi\u00f3n de Contador de N\u00fameros","demo_caption":"\u00a1Configure su Contador de N\u00fameros y agr\u00e9guelo a su sitio web OpenCart gratis!","default_faq_hidden":"","app_template_category":[],"platform":"88","template_public_id":"","codecanyon_url":"","codecanyon_item_id":"","codecanyon_price":"","pricing_caption":"","pricing_elfsight_apps_hide_column":"","pricing_elfsight_apps_url":"","pricing_codecanyon_price_caption":"","integration_category":[],"integration_request_title":"","integration_request_cta":"","integration_platform":"","integrations":[],"platform_category":[],"video_schema_markup":"","price":"desde $0 por mes","trial":"","benefits":[{"text":"Instalaci\u00f3n gratuita"},{"text":"Soporte Premium"},{"text":"14 d\u00edas garant\u00eda de reembolso"},{"text":"Actualizaciones regulares"}],"button_url":"#demo","button_target_blank":"0","button_nofollow":"0","attributes":[{"name":"Responsivo","content":"Si","_state":"expanded"},{"name":"Navegadores compatibles","content":"Firefox, Safari, Opera, Chrome, Edge","_state":"expanded"}],"tags":[],"tags_disable_links":"0","hide_more_platforms":"","video_object":"","demo_hide_cta":"0","demo_hide_cloud_options":"0","pricing_title":"","pricing":[{"pricing_icon":"platform","pricing_title":" Elfsight Apps","pricing_title_caption":"Soluci\u00f3n multiplataforma - valido para cualquier p\u00e1gina web","pricing_price":"desde $0 por mes","pricing_price_caption":"empezar con un plan gratuito","pricing_benefits":[{"text":"Sitios web ilimitados"},{"text":"Atenci\u00f3n al cliente gratuita y r\u00e1pida"},{"text":"Servicio de instalaci\u00f3n gratuito"},{"text":"Totalmente personalizable"}],"pricing_button_text":"Agregar al sitio web","pricing_button_url":"#demo","_state":"expanded"}],"related_apps_title":"","related_apps_hidden":"1","author":"","image":[],"title":"","job":"","social_networks":[]},"_links":{"self":[{"href":"https:\/\/elfsight.com\/es\/wp-json\/wp\/v2\/pages\/3901","targetHints":{"allow":["GET"]}}],"collection":[{"href":"https:\/\/elfsight.com\/es\/wp-json\/wp\/v2\/pages"}],"about":[{"href":"https:\/\/elfsight.com\/es\/wp-json\/wp\/v2\/types\/page"}],"author":[{"embeddable":true,"href":"https:\/\/elfsight.com\/es\/wp-json\/wp\/v2\/users\/18"}],"replies":[{"embeddable":true,"href":"https:\/\/elfsight.com\/es\/wp-json\/wp\/v2\/comments?post=3901"}],"version-history":[{"count":3,"href":"https:\/\/elfsight.com\/es\/wp-json\/wp\/v2\/pages\/3901\/revisions"}],"predecessor-version":[{"id":18006,"href":"https:\/\/elfsight.com\/es\/wp-json\/wp\/v2\/pages\/3901\/revisions\/18006"}],"up":[{"embeddable":true,"href":"https:\/\/elfsight.com\/es\/wp-json\/wp\/v2\/pages\/1135"}],"wp:attachment":[{"href":"https:\/\/elfsight.com\/es\/wp-json\/wp\/v2\/media?parent=3901"}],"curies":[{"name":"wp","href":"https:\/\/api.w.org\/{rel}","templated":true}]}}