{"id":3898,"date":"2022-02-11T12:05:31","date_gmt":"2022-02-11T12:05:31","guid":{"rendered":"https:\/\/elfsight.com\/es\/?page_id=3898"},"modified":"2025-11-18T14:01:30","modified_gmt":"2025-11-18T14:01:30","slug":"squarespace","status":"publish","type":"page","link":"https:\/\/elfsight.com\/es\/popup-widget\/squarespace\/","title":{"rendered":"Popup &#8211; Squarespace"},"content":{"rendered":"<div class=\"application-platform-content-item-description application-platform-content-item\" id=\"description\" data-nav-section=\"description\"> <h2>Incrusta un Popup en Squarespace con el widget de Elfsight<\/h2> <p>Con el plugin Popup de Elfsight, puedes crear pop-ups personalizados de varios tipos e incrustarlos en tu p\u00e1gina web. Crea un popup \u00fanico utilizando una variedad de elementos incorporados. Ajusta el estilo y la disposici\u00f3n; aplica un activador de apertura y ajusta la frecuencia para maximizar la efectividad. Los popups permitir\u00e1n a los visitantes suscribirse a correos electr\u00f3nicos, explorar tus ofertas, copiar cupones de descuento, conocer tus ventas y ofertas especiales, estar al tanto de nuevos eventos en tu sitio web y mucho m\u00e1s.<\/p> <p><b>Los pop-ups te permitir\u00e1n vender m\u00e1s, promocionar tus actividades futuras, recibir comentarios y suscriptores, y mucho m\u00e1s.<\/b><\/p> <\/div><div class=\"faq\" data-component=\"FAQ\"><div class=\"faq-item\">\r\n\t\t\t\t\t<div class=\"faq-item-question\">\r\n\t\t\t\t\t\t<h3 class=\"faq-item-question-text\">\u00bfC\u00f3mo puedo incrustar un Popup en el sitio de Squarespace?<\/h3>\r\n\r\n\t\t\t\t\t\t<div class=\"faq-item-question-icon\"><\/div>\r\n\t\t\t\t\t<\/div>\r\n\r\n\t\t\t\t\t<div class=\"faq-item-answer\">\r\n\t\t\t\t\t\t<div class=\"faq-item-answer-text\"><p>La creaci\u00f3n del formulario en Squarespace se realiza en el sitio web de Elfsight, y no es necesario aprender a programar. Usa la demo en l\u00ednea para ajustar tu propio plugin, obtener el c\u00f3digo e incrustarlo en tu sitio web. <\/p><\/div>\r\n\t\t\t\t\t<\/div>\r\n\t\t\t\t<\/div><div class=\"faq-item\">\r\n\t\t\t\t\t<div class=\"faq-item-question\">\r\n\t\t\t\t\t\t<h3 class=\"faq-item-question-text\">Los mejores ejemplos de uso de la integraci\u00f3n de pop-ups<\/h3>\r\n\r\n\t\t\t\t\t\t<div class=\"faq-item-question-icon\"><\/div>\r\n\t\t\t\t\t<\/div>\r\n\r\n\t\t\t\t\t<div class=\"faq-item-answer\">\r\n\t\t\t\t\t\t<div class=\"faq-item-answer-text\"><p>Tenemos un mont\u00f3n de oportunidades de personalizaci\u00f3n: Popup de Newsletter de Squarespace de largo completo para implementar en el \u00e1rea de contenido, widgets flotantes con opciones de desplazamiento, dise\u00f1os para el pie de p\u00e1gina, el encabezado y todas las variaciones verticales para las barras laterales y men\u00fas del sitio web. Adem\u00e1s, puedes configurar tu Popup de Squarespace para que aparezca al hacer clic.<\/p><\/div>\r\n\t\t\t\t\t<\/div>\r\n\t\t\t\t<\/div><div class=\"faq-item\">\r\n\t\t\t\t\t<div class=\"faq-item-question\">\r\n\t\t\t\t\t\t<h3 class=\"faq-item-question-text\">\u00bfPuedo crear un popup de notificaci\u00f3n o bolet\u00edn con la ayuda de su editor?<\/h3>\r\n\r\n\t\t\t\t\t\t<div class=\"faq-item-question-icon\"><\/div>\r\n\t\t\t\t\t<\/div>\r\n\r\n\t\t\t\t\t<div class=\"faq-item-answer\">\r\n\t\t\t\t\t\t<div class=\"faq-item-answer-text\"><p>Puedes realizar cualquier modificaci\u00f3n del widget. Hay muchas plantillas de Newsletter en el editor de Squarespace, y todas ellas pueden ajustarse f\u00e1cilmente seg\u00fan tus necesidades. <\/p><\/div>\r\n\t\t\t\t\t<\/div>\r\n\t\t\t\t<\/div><\/div><div class=\"application-platform-content-item-features application-platform-content-item\" id=\"features\" data-nav-section=\"features\"> <h2>Caracter\u00edsticas principales del plugin Popup<\/h2> <p>Consulta una lista de todas las caracter\u00edsticas del widget. Puedes configurarlas directamente en el editor y te ayudar\u00e1n a crear el widget m\u00e1s adecuado para tu caso.<\/p> <ul><li>Doce bloques diferentes para configurar un popup;<\/li> <li>5 dise\u00f1os de pop-ups incluidos para diferentes casos;<\/li> <li>Coloca botones en el formulario Popup de Squarespace para llevar a los visitantes a cualquier p\u00e1gina;<\/li> <li>Sube una imagen para el fondo;<\/li> <li>El popup puede aparecer despu\u00e9s de un tiempo determinado en la p\u00e1gina o un porcentaje de desplazamiento;<\/li> <li>El popup puede activarse al hacer clic en un elemento o desplazarse hacia \u00e9l.<\/li> <\/ul> <p><a href=\"#demo\">Puedes probar todas las funciones del widget directamente en la demo<\/a><\/p> <\/div><div class=\"application-platform-content-item-installation application-platform-content-item\" id=\"installation\" data-nav-section=\"installation\"><\/div><h2>\u00bfC\u00f3mo a\u00f1adir un Popup a un sitio web de Squarespace?<\/h2> <div class=\"video-container\">\n<iframe width=\"720\" height=\"405\" src=\"https:\/\/www.youtube.com\/embed\/qDVxHclSg_4?si=0Cvy3xXhqcmkZK5g\" frameborder=\"0\" allowfullscreen=\"\"><\/iframe>\n<\/div><p>Para activar el widget en tu sitio, sigue las siguientes instrucciones:<\/p> <ol><li><b>Dise\u00f1a tu propio plugin Popup<\/b><br> Usando nuestro configurador gratuito, crea un plugin con una composici\u00f3n y funciones personalizadas. <\/li><li><b>Obt\u00e9n el c\u00f3digo personal para incrustar el plugin<\/b><br> Despu\u00e9s de personalizar tu widget, obtendr\u00e1s un c\u00f3digo de instalaci\u00f3n de Elfsight Apps. Copia el c\u00f3digo del cuadro de texto Popup de Squarespace para su uso posterior. <\/li> <li><b>A\u00f1ade el plugin a tu sitio web de Squarespace<\/b><br> Ve al \u00e1rea donde planeas mostrar el plugin e inserta el c\u00f3digo guardado all\u00ed. Publica los cambios. <\/li> <li><b>La configuraci\u00f3n est\u00e1 completa<\/b><br> Entra al sitio para ver tu Popup. <\/li> <\/ol><p>Puedes ponerte en contacto con el servicio de atenci\u00f3n al cliente si necesitas asistencia o tienes preguntas sobre el cuadro de texto Popup de Squarespace. Nuestros especialistas estar\u00e1n encantados de ayudarte con cualquier solicitud.<\/p>","protected":false},"excerpt":{"rendered":"\u00bfC\u00f3mo a\u00f1adir un Popup a un sitio web de Squarespace? Para activar el widget en tu sitio, sigue las siguientes instrucciones: Dise\u00f1a tu propio plugin Popup Usando nuestro configurador gratuito, crea un plugin con una composici\u00f3n y funciones personalizadas. Obt\u00e9n el c\u00f3digo personal para incrustar el plugin Despu\u00e9s de personalizar&#8230;","protected":false},"author":2,"featured_media":0,"parent":1488,"menu_order":0,"comment_status":"closed","ping_status":"closed","template":"templates\/template-application-platform.php","meta":{"publish_to_discourse":"","publish_post_category":"","wpdc_auto_publish_overridden":"","wpdc_topic_tags":"","wpdc_pin_topic":"","wpdc_pin_until":"","discourse_post_id":"","discourse_permalink":"","wpdc_publishing_response":"","wpdc_publishing_error":"","footnotes":""},"class_list":["post-3898","page","type-page","status-publish","hentry"],"yoast_head":"<!-- This site is optimized with the Yoast SEO plugin v25.3.1 - https:\/\/yoast.com\/wordpress\/plugins\/seo\/ -->\n<title>Popup - Integrar plugin de Ventana emergente al Squarespace<\/title>\n<meta name=\"description\" content=\"Instala un widget interactivo de Popup en su sitio de Squarespace. Aplique la demo de Elfsight manejable y cree su plugin propio.\" \/>\n<meta name=\"robots\" content=\"index, follow, max-snippet:-1, max-image-preview:large, max-video-preview:-1\" \/>\n<link rel=\"canonical\" href=\"https:\/\/elfsight.com\/es\/popup-widget\/squarespace\/\" \/>\n<meta property=\"og:locale\" content=\"es_ES\" \/>\n<meta property=\"og:type\" content=\"article\" \/>\n<meta property=\"og:title\" content=\"Popup - Integrar plugin de Ventana emergente al Squarespace\" \/>\n<meta property=\"og:description\" content=\"Instala un widget interactivo de Popup en su sitio de Squarespace. Aplique la demo de Elfsight manejable y cree su plugin propio.\" \/>\n<meta property=\"og:url\" content=\"https:\/\/elfsight.com\/es\/popup-widget\/squarespace\/\" \/>\n<meta property=\"og:site_name\" content=\"Elfsight ES\" \/>\n<meta property=\"article:modified_time\" content=\"2025-11-18T14:01:30+00:00\" \/>\n<meta name=\"twitter:card\" content=\"summary_large_image\" \/>\n<meta name=\"twitter:label1\" content=\"Tiempo de lectura\" \/>\n\t<meta name=\"twitter:data1\" content=\"3 minutos\" \/>\n<!-- \/ Yoast SEO plugin. -->","yoast_head_json":{"title":"Popup - Integrar plugin de Ventana emergente al Squarespace","description":"Instala un widget interactivo de Popup en su sitio de Squarespace. Aplique la demo de Elfsight manejable y cree su plugin propio.","robots":{"index":"index","follow":"follow","max-snippet":"max-snippet:-1","max-image-preview":"max-image-preview:large","max-video-preview":"max-video-preview:-1"},"canonical":"https:\/\/elfsight.com\/es\/popup-widget\/squarespace\/","og_locale":"es_ES","og_type":"article","og_title":"Popup - Integrar plugin de Ventana emergente al Squarespace","og_description":"Instala un widget interactivo de Popup en su sitio de Squarespace. Aplique la demo de Elfsight manejable y cree su plugin propio.","og_url":"https:\/\/elfsight.com\/es\/popup-widget\/squarespace\/","og_site_name":"Elfsight ES","article_modified_time":"2025-11-18T14:01:30+00:00","twitter_card":"summary_large_image","twitter_misc":{"Tiempo de lectura":"3 minutos"},"schema":{"@context":"https:\/\/schema.org","@graph":[{"@type":"WebPage","@id":"https:\/\/elfsight.com\/es\/popup-widget\/squarespace\/","url":"https:\/\/elfsight.com\/es\/popup-widget\/squarespace\/","name":"Popup - Integrar plugin de Ventana emergente al Squarespace","isPartOf":{"@id":"https:\/\/elfsight.com\/es\/#website"},"datePublished":"2022-02-11T12:05:31+00:00","dateModified":"2025-11-18T14:01:30+00:00","description":"Instala un widget interactivo de Popup en su sitio de Squarespace. Aplique la demo de Elfsight manejable y cree su plugin propio.","breadcrumb":{"@id":"https:\/\/elfsight.com\/es\/popup-widget\/squarespace\/#breadcrumb"},"inLanguage":"es","potentialAction":[{"@type":"ReadAction","target":["https:\/\/elfsight.com\/es\/popup-widget\/squarespace\/"]}]},{"@type":"BreadcrumbList","@id":"https:\/\/elfsight.com\/es\/popup-widget\/squarespace\/#breadcrumb","itemListElement":[{"@type":"ListItem","position":1,"name":"Home","item":"https:\/\/elfsight.com\/es\/"},{"@type":"ListItem","position":2,"name":"Popup","item":"https:\/\/elfsight.com\/es\/popup-widget\/"},{"@type":"ListItem","position":3,"name":"Popup &#8211; Squarespace"}]},{"@type":"WebSite","@id":"https:\/\/elfsight.com\/es\/#website","url":"https:\/\/elfsight.com\/es\/","name":"Elfsight ES","description":"Just another Elfsight Sites site","potentialAction":[{"@type":"SearchAction","target":{"@type":"EntryPoint","urlTemplate":"https:\/\/elfsight.com\/es\/?s={search_term_string}"},"query-input":{"@type":"PropertyValueSpecification","valueRequired":true,"valueName":"search_term_string"}}],"inLanguage":"es"}]}},"meta_box":{"industry":"","seo_heading":"","heading":"","description":"","cta_heading":"","cta_description":"","application":"1487","h1":"complemento de ventana emergente para Squarespace","h1_caption":"Una widget \u00fatil para presentar un %producto2% en su p\u00e1gina web","application_category":[],"applications_title":"","applications_request_title":"","applications_request_button_text":"","hero_text":"","hero_video":"","hero_video_schema_markup":"","selling_points_title":"","selling_points_caption":"","selling_points":[],"selling_points_cta_text":"","features_title":"","features":"","ed_cta_examples_text":"","ed_cta_examples_hidden":"","ed_cta_demo_text":"","ed_cta_demo_hidden":"","why_caption":"","why_editor_title":"","why_editor_text":"","why_team_title":"","why_team_text":"","why_service_title":"","why_service_text":"","template_catalog_visible":"0","template_catalog_title":"","template_catalog_text":"","template_catalog_categories_visible":"","demo_title":"Crea tu complemento emergente","demo_caption":"\u00a1Configura tu Popup y agr\u00e9galo a tu sitio web de Squarespace gratis!","default_faq_hidden":"","app_template_category":[],"platform":"100","template_public_id":"","codecanyon_url":"","codecanyon_item_id":"","codecanyon_price":"","pricing_caption":"","pricing_elfsight_apps_hide_column":"","pricing_elfsight_apps_url":"","pricing_codecanyon_price_caption":"","integration_category":[],"integration_request_title":"","integration_request_cta":"","integration_platform":"","integrations":[],"platform_category":[],"video_schema_markup":"","price":"desde $0 por mes","trial":"","benefits":[{"text":"Instalaci\u00f3n gratuita"},{"text":"Soporte Premium"},{"text":"14 d\u00edas garant\u00eda de reembolso"},{"text":"Actualizaciones regulares"}],"button_url":"#demo","button_target_blank":"0","button_nofollow":"0","attributes":[{"name":"Responsivo","content":"Si","_state":"expanded"},{"name":"Navegadores compatibles","content":"Firefox, Safari, Opera, Chrome, Edge","_state":"expanded"}],"tags":[],"tags_disable_links":"0","hide_more_platforms":"0","video_object":"","demo_hide_cta":"0","demo_hide_cloud_options":"0","pricing_title":"","pricing":[{"pricing_icon":"platform","pricing_title":" Elfsight Apps","pricing_title_caption":"Soluci\u00f3n multiplataforma - valido para cualquier p\u00e1gina web","pricing_price":"desde $0 por mes","pricing_price_caption":"empezar con un plan gratuito","pricing_benefits":[{"text":"Sitios web ilimitados"},{"text":"Atenci\u00f3n al cliente gratuita y r\u00e1pida"},{"text":"Servicio de instalaci\u00f3n gratuito"},{"text":"Totalmente personalizable"}],"pricing_button_text":"Agregar al sitio web","pricing_button_url":"#demo","_state":"expanded"}],"related_apps_title":"","related_apps_hidden":"1","author":"","image":[],"title":"","job":"","social_networks":[]},"_links":{"self":[{"href":"https:\/\/elfsight.com\/es\/wp-json\/wp\/v2\/pages\/3898","targetHints":{"allow":["GET"]}}],"collection":[{"href":"https:\/\/elfsight.com\/es\/wp-json\/wp\/v2\/pages"}],"about":[{"href":"https:\/\/elfsight.com\/es\/wp-json\/wp\/v2\/types\/page"}],"author":[{"embeddable":true,"href":"https:\/\/elfsight.com\/es\/wp-json\/wp\/v2\/users\/2"}],"replies":[{"embeddable":true,"href":"https:\/\/elfsight.com\/es\/wp-json\/wp\/v2\/comments?post=3898"}],"version-history":[{"count":3,"href":"https:\/\/elfsight.com\/es\/wp-json\/wp\/v2\/pages\/3898\/revisions"}],"predecessor-version":[{"id":19994,"href":"https:\/\/elfsight.com\/es\/wp-json\/wp\/v2\/pages\/3898\/revisions\/19994"}],"up":[{"embeddable":true,"href":"https:\/\/elfsight.com\/es\/wp-json\/wp\/v2\/pages\/1488"}],"wp:attachment":[{"href":"https:\/\/elfsight.com\/es\/wp-json\/wp\/v2\/media?parent=3898"}],"curies":[{"name":"wp","href":"https:\/\/api.w.org\/{rel}","templated":true}]}}