{"id":3897,"date":"2022-02-11T12:06:39","date_gmt":"2022-02-11T12:06:39","guid":{"rendered":"https:\/\/elfsight.com\/es\/?page_id=3897"},"modified":"2025-02-06T15:15:59","modified_gmt":"2025-02-06T15:15:59","slug":"google-sites","status":"publish","type":"page","link":"https:\/\/elfsight.com\/es\/photo-gallery-widget\/google-sites\/","title":{"rendered":"Photo Gallery &#8211; Google Sites"},"content":{"rendered":"<div class=\"application-platform-content-item-description application-platform-content-item\" id=\"description\" data-nav-section=\"description\"> <h2>Incrusta una Galer\u00eda de Fotos en Google Sites con el widget de Elfsight<\/h2> <p>El widget de Galer\u00eda de Fotos de Elfsight es la mejor manera de recopilar fotos o crear una galer\u00eda impresionante en tu sitio. Agrega cualquier cantidad de im\u00e1genes, coloca descripciones y selecciona la mejor forma de organizar las fotos en la p\u00e1gina. El widget de Elfsight tiene seis opciones de dise\u00f1o y otras funciones de personalizaci\u00f3n. Cada imagen se muestra en un popup, los visitantes pueden navegar por ellas o ver una presentaci\u00f3n de diapositivas, usar la opci\u00f3n de zoom y admirar las im\u00e1genes a pantalla completa. Puedes personalizar los colores de la interfaz del widget, aplicar un fondo \u00fanico, variar la configuraci\u00f3n del texto y muchas otras opciones de estilo.<\/p> <p><b>\u00a1Crea una colecci\u00f3n de fotos que no se puede perder!<\/b><\/p> <\/div><div class=\"application-platform-content-item-features application-platform-content-item\" id=\"features\" data-nav-section=\"features\"> <h2>Caracter\u00edsticas principales del widget de Galer\u00eda de Fotos<\/h2> <p>Aqu\u00ed puedes ver todas las caracter\u00edsticas funcionales de la Galer\u00eda de Fotos. Est\u00e1n disponibles directamente en el editor y te ayudar\u00e1n a configurar el widget seg\u00fan tus necesidades.<\/p> <ul> <li>Utiliza llamadas a la acci\u00f3n (CTAs) para guiar a los usuarios hacia la conversi\u00f3n.<\/li> <li>Cambia la duraci\u00f3n del cambio de diapositivas.<\/li> <li>Elige entre varias opciones de paginaci\u00f3n.<\/li> <li>Coloca el texto en cualquier lugar de la p\u00e1gina mediante la opci\u00f3n de posici\u00f3n avanzada.<\/li> <li>Modifica 5 opciones de contenido.<\/li> <\/ul> <p><a href=\"#demo\">Prueba todas las dem\u00e1s funciones en la demo<\/a><\/p> <\/div> <div class=\"application-platform-content-item-installation application-platform-content-item\" id=\"installation\" data-nav-section=\"installation\"><h2>\u00bfC\u00f3mo puedo incrustar el plugin de Galer\u00eda de Fotos en mi sitio de Google Sites?<\/h2> <p>Para activar el widget, simplemente sigue las instrucciones a continuaci\u00f3n.<\/p> <ol><li><b>Crea tu plugin de Galer\u00eda personalizado<\/b><br> En nuestra demo gratuita, crea un plugin con el dise\u00f1o y la funcionalidad que prefieras.<\/li> <li><b>Obt\u00e9n el c\u00f3digo \u00fanico para integrar el plugin<\/b><br> Despu\u00e9s de crear tu widget, recibir\u00e1s el c\u00f3digo \u00fanico de una notificaci\u00f3n emergente en Elfsight Apps. Copia el c\u00f3digo para usarlo m\u00e1s tarde.<\/li> <li><b>Publica el plugin en tu sitio de Google Sites<\/b><br> Define el \u00e1rea donde deseas integrar el plugin y pega el c\u00f3digo copiado all\u00ed. Aplica los cambios.<\/li> <li><b>\u00a1La instalaci\u00f3n est\u00e1 completa!<\/b><br> Ve a tu sitio web para ver el resultado.<\/li><\/ol> <div class=\"tip-yellow tip\"><b>Debido a las particularidades de Google Sites, el widget puede verse diferente al de la demo en l\u00ednea. Pedimos disculpas por cualquier inconveniente.<\/b><\/div><p>No dudes en ponerte en contacto con el soporte de Elfsight si necesitas ayuda o tienes problemas. Estaremos encantados de asistirte con cualquier consulta.<\/p> <div class=\"faq\" data-component=\"FAQ\"><div class=\"faq-item\">\r\n\t\t\t\t\t<div class=\"faq-item-question\">\r\n\t\t\t\t\t\t<h3 class=\"faq-item-question-text\">\u00bfC\u00f3mo puedo incrustar la Galer\u00eda de Fotos en mi p\u00e1gina de Google Sites sin conocimientos de programaci\u00f3n?<\/h3>\r\n\r\n\t\t\t\t\t\t<div class=\"faq-item-question-icon\"><\/div>\r\n\t\t\t\t\t<\/div>\r\n\r\n\t\t\t\t\t<div class=\"faq-item-answer\">\r\n\t\t\t\t\t\t<div class=\"faq-item-answer-text\"> <p>Elfsight ofrece una soluci\u00f3n en la nube que te permite crear una aplicaci\u00f3n de Galer\u00eda de Fotos por ti mismo. Descubre lo f\u00e1cil que es el proceso: Comienza a trabajar en la demo en vivo para crear el widget de Galer\u00eda de Fotos que te gustar\u00eda agregar a tu sitio de Google Sites. Haz clic en una de las muchas plantillas predefinidas y ajusta la configuraci\u00f3n de la Galer\u00eda de Fotos, cambia el dise\u00f1o y los colores, agrega tu contenido, todo sin conocimientos de programaci\u00f3n. Haz clic para guardar los ajustes que has realizado en la Galer\u00eda de Fotos y copia el c\u00f3digo de instalaci\u00f3n, que puedes agregar f\u00e1cilmente a la p\u00e1gina de inicio de Google Sites sin necesidad de adquirir un plan de pago. Trabajando con nuestro Editor f\u00e1cil de usar, cualquier usuario de internet puede crear la secci\u00f3n de Galer\u00eda de Fotos y a\u00f1adirla f\u00e1cilmente a su sitio de Google Sites. No es necesario pagar ni revelar los datos de tu tarjeta para acceder al servicio de Elfsight. Si tienes problemas en alg\u00fan paso, no dudes en ponerte en contacto con nuestro equipo de soporte.<\/p> <\/div>\r\n\t\t\t\t\t<\/div>\r\n\t\t\t\t<\/div> <\/div> <\/div>","protected":false},"excerpt":{"rendered":"","protected":false},"author":18,"featured_media":0,"parent":1671,"menu_order":0,"comment_status":"closed","ping_status":"closed","template":"templates\/template-application-platform.php","meta":{"publish_to_discourse":"","publish_post_category":"","wpdc_auto_publish_overridden":"","wpdc_topic_tags":"","wpdc_pin_topic":"","wpdc_pin_until":"","discourse_post_id":"","discourse_permalink":"","wpdc_publishing_response":"","wpdc_publishing_error":"","footnotes":""},"class_list":["post-3897","page","type-page","status-publish","hentry"],"yoast_head":"<!-- This site is optimized with the Yoast SEO plugin v25.3.1 - https:\/\/yoast.com\/wordpress\/plugins\/seo\/ -->\n<title>Galer\u00eda de fotos - Insertar plugin de Galer\u00eda fotogr\u00e1fica al Google Sites<\/title>\n<meta name=\"description\" content=\"Instala un widget atractivo de Galer\u00eda de fotos en su p\u00e1gina web de Google Sites. Use la demo de Elfsight intuitiva y construe su plugin personalizado.\" \/>\n<meta name=\"robots\" content=\"index, follow, max-snippet:-1, max-image-preview:large, max-video-preview:-1\" \/>\n<link rel=\"canonical\" href=\"https:\/\/elfsight.com\/es\/photo-gallery-widget\/google-sites\/\" \/>\n<meta property=\"og:locale\" content=\"es_ES\" \/>\n<meta property=\"og:type\" content=\"article\" \/>\n<meta property=\"og:title\" content=\"Galer\u00eda de fotos - Insertar plugin de Galer\u00eda fotogr\u00e1fica al Google Sites\" \/>\n<meta property=\"og:description\" content=\"Instala un widget atractivo de Galer\u00eda de fotos en su p\u00e1gina web de Google Sites. Use la demo de Elfsight intuitiva y construe su plugin personalizado.\" \/>\n<meta property=\"og:url\" content=\"https:\/\/elfsight.com\/es\/photo-gallery-widget\/google-sites\/\" \/>\n<meta property=\"og:site_name\" content=\"Elfsight ES\" \/>\n<meta property=\"article:modified_time\" content=\"2025-02-06T15:15:59+00:00\" \/>\n<meta name=\"twitter:card\" content=\"summary_large_image\" \/>\n<meta name=\"twitter:label1\" content=\"Tiempo de lectura\" \/>\n\t<meta name=\"twitter:data1\" content=\"2 minutos\" \/>\n<!-- \/ Yoast SEO plugin. -->","yoast_head_json":{"title":"Galer\u00eda de fotos - Insertar plugin de Galer\u00eda fotogr\u00e1fica al Google Sites","description":"Instala un widget atractivo de Galer\u00eda de fotos en su p\u00e1gina web de Google Sites. Use la demo de Elfsight intuitiva y construe su plugin personalizado.","robots":{"index":"index","follow":"follow","max-snippet":"max-snippet:-1","max-image-preview":"max-image-preview:large","max-video-preview":"max-video-preview:-1"},"canonical":"https:\/\/elfsight.com\/es\/photo-gallery-widget\/google-sites\/","og_locale":"es_ES","og_type":"article","og_title":"Galer\u00eda de fotos - Insertar plugin de Galer\u00eda fotogr\u00e1fica al Google Sites","og_description":"Instala un widget atractivo de Galer\u00eda de fotos en su p\u00e1gina web de Google Sites. Use la demo de Elfsight intuitiva y construe su plugin personalizado.","og_url":"https:\/\/elfsight.com\/es\/photo-gallery-widget\/google-sites\/","og_site_name":"Elfsight ES","article_modified_time":"2025-02-06T15:15:59+00:00","twitter_card":"summary_large_image","twitter_misc":{"Tiempo de lectura":"2 minutos"},"schema":{"@context":"https:\/\/schema.org","@graph":[{"@type":"WebPage","@id":"https:\/\/elfsight.com\/es\/photo-gallery-widget\/google-sites\/","url":"https:\/\/elfsight.com\/es\/photo-gallery-widget\/google-sites\/","name":"Galer\u00eda de fotos - Insertar plugin de Galer\u00eda fotogr\u00e1fica al Google Sites","isPartOf":{"@id":"https:\/\/elfsight.com\/es\/#website"},"datePublished":"2022-02-11T12:06:39+00:00","dateModified":"2025-02-06T15:15:59+00:00","description":"Instala un widget atractivo de Galer\u00eda de fotos en su p\u00e1gina web de Google Sites. Use la demo de Elfsight intuitiva y construe su plugin personalizado.","breadcrumb":{"@id":"https:\/\/elfsight.com\/es\/photo-gallery-widget\/google-sites\/#breadcrumb"},"inLanguage":"es","potentialAction":[{"@type":"ReadAction","target":["https:\/\/elfsight.com\/es\/photo-gallery-widget\/google-sites\/"]}]},{"@type":"BreadcrumbList","@id":"https:\/\/elfsight.com\/es\/photo-gallery-widget\/google-sites\/#breadcrumb","itemListElement":[{"@type":"ListItem","position":1,"name":"Home","item":"https:\/\/elfsight.com\/es\/"},{"@type":"ListItem","position":2,"name":"Photo Gallery","item":"https:\/\/elfsight.com\/es\/photo-gallery-widget\/"},{"@type":"ListItem","position":3,"name":"Photo Gallery &#8211; Google Sites"}]},{"@type":"WebSite","@id":"https:\/\/elfsight.com\/es\/#website","url":"https:\/\/elfsight.com\/es\/","name":"Elfsight ES","description":"Just another Elfsight Sites site","potentialAction":[{"@type":"SearchAction","target":{"@type":"EntryPoint","urlTemplate":"https:\/\/elfsight.com\/es\/?s={search_term_string}"},"query-input":{"@type":"PropertyValueSpecification","valueRequired":true,"valueName":"search_term_string"}}],"inLanguage":"es"}]}},"meta_box":{"industry":"","seo_heading":"","heading":"","description":"","cta_heading":"","cta_description":"","application":"1670","h1":"complemento de galer\u00eda de fotos para Google Sites","h1_caption":"Muestre sus im\u00e1genes en una galer\u00eda interactiva y personalizable que mejora el atractivo visual de su sitio web en Google Sites sin esfuerzo.","application_category":[],"applications_title":"","applications_request_title":"","applications_request_button_text":"","hero_text":"","hero_video":"","hero_video_schema_markup":"","selling_points_title":"","selling_points_caption":"","selling_points":[],"selling_points_cta_text":"","features_title":"","features":"","ed_cta_examples_text":"","ed_cta_examples_hidden":"","ed_cta_demo_text":"","ed_cta_demo_hidden":"","why_caption":"","why_editor_title":"","why_editor_text":"","why_team_title":"","why_team_text":"","why_service_title":"","why_service_text":"","template_catalog_visible":"","template_catalog_title":"","template_catalog_text":"","template_catalog_categories_visible":"","demo_title":"Crea tu widget de galer\u00eda de fotos","demo_caption":"\u00a1Configure su galer\u00eda de fotos y agr\u00e9guela a su sitio web de Google Sites de forma gratuita!","default_faq_hidden":"","app_template_category":[],"platform":"67","template_public_id":"","codecanyon_url":"","codecanyon_item_id":"","codecanyon_price":"","pricing_caption":"","pricing_elfsight_apps_hide_column":"","pricing_elfsight_apps_url":"","pricing_codecanyon_price_caption":"","integration_category":[],"integration_request_title":"","integration_request_cta":"","integration_platform":"","integrations":[],"platform_category":[],"video_schema_markup":"","price":"desde $0 por mes","trial":"","benefits":[{"text":"Instalaci\u00f3n gratuita"},{"text":"Soporte Premium"},{"text":"14 d\u00edas garant\u00eda de reembolso"},{"text":"Actualizaciones regulares"}],"button_url":"#demo","button_target_blank":"0","button_nofollow":"0","attributes":[{"name":"Responsivo","content":"Si","_state":"expanded"},{"name":"Navegadores compatibles","content":"Firefox, Safari, Opera, Chrome, Edge","_state":"expanded"}],"tags":[],"tags_disable_links":"0","hide_more_platforms":"","video_object":"","demo_hide_cta":"0","demo_hide_cloud_options":"0","pricing_title":"","pricing":[{"pricing_icon":"platform","pricing_title":" Elfsight Apps","pricing_title_caption":"Soluci\u00f3n multiplataforma - valido para cualquier p\u00e1gina web","pricing_price":"desde $0 por mes","pricing_price_caption":"empezar con un plan gratuito","pricing_benefits":[{"text":"Sitios web ilimitados"},{"text":"Atenci\u00f3n al cliente gratuita y r\u00e1pida"},{"text":"Servicio de instalaci\u00f3n gratuito"},{"text":"Totalmente personalizable"}],"pricing_button_text":"Agregar al sitio web","pricing_button_url":"#demo","_state":"expanded"}],"related_apps_title":"","related_apps_hidden":"1","author":"","image":[],"title":"","job":"","social_networks":[]},"_links":{"self":[{"href":"https:\/\/elfsight.com\/es\/wp-json\/wp\/v2\/pages\/3897","targetHints":{"allow":["GET"]}}],"collection":[{"href":"https:\/\/elfsight.com\/es\/wp-json\/wp\/v2\/pages"}],"about":[{"href":"https:\/\/elfsight.com\/es\/wp-json\/wp\/v2\/types\/page"}],"author":[{"embeddable":true,"href":"https:\/\/elfsight.com\/es\/wp-json\/wp\/v2\/users\/18"}],"replies":[{"embeddable":true,"href":"https:\/\/elfsight.com\/es\/wp-json\/wp\/v2\/comments?post=3897"}],"version-history":[{"count":3,"href":"https:\/\/elfsight.com\/es\/wp-json\/wp\/v2\/pages\/3897\/revisions"}],"predecessor-version":[{"id":18005,"href":"https:\/\/elfsight.com\/es\/wp-json\/wp\/v2\/pages\/3897\/revisions\/18005"}],"up":[{"embeddable":true,"href":"https:\/\/elfsight.com\/es\/wp-json\/wp\/v2\/pages\/1671"}],"wp:attachment":[{"href":"https:\/\/elfsight.com\/es\/wp-json\/wp\/v2\/media?parent=3897"}],"curies":[{"name":"wp","href":"https:\/\/api.w.org\/{rel}","templated":true}]}}