{"id":3886,"date":"2022-02-11T12:07:11","date_gmt":"2022-02-11T12:07:11","guid":{"rendered":"https:\/\/elfsight.com\/es\/?page_id=3886"},"modified":"2025-02-06T15:15:50","modified_gmt":"2025-02-06T15:15:50","slug":"magento","status":"publish","type":"page","link":"https:\/\/elfsight.com\/es\/number-counter-widget\/magento\/","title":{"rendered":"Number Counter &#8211; Magento"},"content":{"rendered":"<div class=\"application-platform-content-item-description application-platform-content-item\" id=\"description\" data-nav-section=\"description\"> <h2>Descripci\u00f3n<\/h2> <p>Elfsight Number Counter es una extensi\u00f3n f\u00e1cil de usar para Magento, con muchas opciones para elegir. Es una excelente herramienta para mostrar tus \u00edndices de negocio m\u00e1s destacados, la cantidad de trabajos realizados y mucho m\u00e1s. El plugin es extremadamente flexible. Puedes agregar cualquier n\u00famero de contadores, organizarlos en columnas, seleccionar iconos de nuestra colecci\u00f3n o subir los tuyos propios, hacerlos multicolores o monocrom\u00e1ticos, agregar t\u00edtulos para proporcionar informaci\u00f3n \u00fatil a tus visitantes, cambiar cualquier caracter\u00edstica, elegir la imagen de fondo, \u00a1y eso no es todo! Simplemente comienza a crear tu caracter\u00edstica ahora y mira c\u00f3mo crecen las estad\u00edsticas clave de tu negocio.<\/p> <p><b>\u00a1Muestra tus brillantes resultados a tus posibles clientes! \u00a1Obt\u00e9n m\u00e1s ventas y leads exitosos!<\/b><\/p> <\/div> <div class=\"application-platform-content-item-features application-platform-content-item\" id=\"features\" data-nav-section=\"features\"> <h2>Aqu\u00ed tienes una lista de las caracter\u00edsticas m\u00e1s poderosas:<\/h2> <ul><li>N\u00famero ilimitado de contadores.<\/li><li>N\u00famero ilimitado de columnas.<\/li><li>Agrega t\u00edtulos, encabezados, prefijos y sufijos.<\/li><li>Elige la categor\u00eda de icono: selecci\u00f3nalo de nuestra colecci\u00f3n o sube los tuyos propios.<\/li><li>Incorpora enlaces.<\/li><\/ul><p><a href=\"#demo\">Prueba todas las funciones de personalizaci\u00f3n en la demo completa<\/a><\/p> <\/div> <div class=\"application-platform-content-item-installation application-platform-content-item\" id=\"installation\" data-nav-section=\"installation\"> <h2>\u00bfC\u00f3mo agregar el Contador de N\u00fameros a mi sitio de Magento?<\/h2> <p>Sigue simplemente los pasos a continuaci\u00f3n para insertar el widget.<\/p> <ol><li><b>Lanza nuestro configurador gratuito y comienza a crear tu extensi\u00f3n personalizada.<\/b><br> Elige el dise\u00f1o y los par\u00e1metros adecuados de la extensi\u00f3n y aplica todos los ajustes.<\/li>  <li><b>Copia tu c\u00f3digo \u00fanico que aparecer\u00e1 en el formulario especial en Elfsight Apps.<\/b><br> Justo despu\u00e9s de configurar tu extensi\u00f3n, copia el c\u00f3digo personal desde la ventana emergente y gu\u00e1rdalo para su uso posterior.<\/li>  <li><b>Comienza a usar la extensi\u00f3n en tu sitio web de Magento.<\/b><br> Implementa el c\u00f3digo que copiaste previamente en tu p\u00e1gina web y aplica los cambios.<\/li>  <li><b>La instalaci\u00f3n se ha completado con \u00e9xito.<\/b><br> Ve a tu sitio para ver c\u00f3mo est\u00e1 funcionando la extensi\u00f3n.<\/li><\/ol><p>En caso de que tengas alg\u00fan problema, no dudes en escribir a nuestro equipo de soporte. Nuestros especialistas estar\u00e1n deseando resolver todas las preguntas que puedas tener sobre el producto.<\/p> <div class=\"faq\" data-component=\"FAQ\"><div class=\"faq-item\">\r\n\t\t\t\t\t<div class=\"faq-item-question\">\r\n\t\t\t\t\t\t<h3 class=\"faq-item-question-text\">\u00bfC\u00f3mo puedo insertar el Contador de N\u00fameros en mi p\u00e1gina de inicio de Magento sin programaci\u00f3n?<\/h3>\r\n\r\n\t\t\t\t\t\t<div class=\"faq-item-question-icon\"><\/div>\r\n\t\t\t\t\t<\/div>\r\n\r\n\t\t\t\t\t<div class=\"faq-item-answer\">\r\n\t\t\t\t\t\t<div class=\"faq-item-answer-text\"> <p>Elfsight ofrece una soluci\u00f3n SaaS que permite a los usuarios generar un plugin de Contador de N\u00fameros por s\u00ed mismos, sigue estos sencillos pasos: Trabaja en la demo en vivo para crear el widget de Contador de N\u00fameros que deseas agregar a tu sitio de Magento. Haz clic en una de nuestras plantillas predefinidas y ajusta la configuraci\u00f3n del Contador de N\u00fameros, cambia el dise\u00f1o y el color de los elementos y agrega tu contenido, sin necesidad de experiencia en programaci\u00f3n. Haz clic en guardar la configuraci\u00f3n que has realizado al Contador de N\u00fameros y copia el c\u00f3digo de instalaci\u00f3n del plugin, que puedes insertar en tu sitio de Magento utilizando un plan gratuito. Con el Editor sencillo de usar, cualquier usuario web puede crear el plugin de Contador de N\u00fameros e insertarlo f\u00e1cilmente en la p\u00e1gina web de Magento. No es necesario pagar ni revelar los datos de tu tarjeta para acceder al servicio de Elfsight. Si encuentras alg\u00fan problema, no dudes en ponerte en contacto con nuestro equipo de soporte.<\/p> <\/div>\r\n\t\t\t\t\t<\/div>\r\n\t\t\t\t<\/div> <\/div><\/div>","protected":false},"excerpt":{"rendered":"","protected":false},"author":18,"featured_media":0,"parent":1135,"menu_order":0,"comment_status":"closed","ping_status":"closed","template":"templates\/template-application-platform.php","meta":{"publish_to_discourse":"","publish_post_category":"","wpdc_auto_publish_overridden":"","wpdc_topic_tags":"","wpdc_pin_topic":"","wpdc_pin_until":"","discourse_post_id":"","discourse_permalink":"","wpdc_publishing_response":"","wpdc_publishing_error":"","footnotes":""},"class_list":["post-3886","page","type-page","status-publish","hentry"],"yoast_head":"<!-- This site is optimized with the Yoast SEO plugin v25.3.1 - https:\/\/yoast.com\/wordpress\/plugins\/seo\/ -->\n<title>Contador de n\u00fameros - A\u00f1adir plugin de Contador al Magento<\/title>\n<meta name=\"description\" content=\"Instala un extention interactivo de Contador de n\u00fameros en su sitio de Magento. Use la demo de Elfsight manejable y cree su plugin \u00fanico.\" \/>\n<meta name=\"robots\" content=\"index, follow, max-snippet:-1, max-image-preview:large, max-video-preview:-1\" \/>\n<link rel=\"canonical\" href=\"https:\/\/elfsight.com\/es\/number-counter-widget\/magento\/\" \/>\n<meta property=\"og:locale\" content=\"es_ES\" \/>\n<meta property=\"og:type\" content=\"article\" \/>\n<meta property=\"og:title\" content=\"Contador de n\u00fameros - A\u00f1adir plugin de Contador al Magento\" \/>\n<meta property=\"og:description\" content=\"Instala un extention interactivo de Contador de n\u00fameros en su sitio de Magento. Use la demo de Elfsight manejable y cree su plugin \u00fanico.\" \/>\n<meta property=\"og:url\" content=\"https:\/\/elfsight.com\/es\/number-counter-widget\/magento\/\" \/>\n<meta property=\"og:site_name\" content=\"Elfsight ES\" \/>\n<meta property=\"article:modified_time\" content=\"2025-02-06T15:15:50+00:00\" \/>\n<meta name=\"twitter:card\" content=\"summary_large_image\" \/>\n<meta name=\"twitter:label1\" content=\"Tiempo de lectura\" \/>\n\t<meta name=\"twitter:data1\" content=\"1 minuto\" \/>\n<!-- \/ Yoast SEO plugin. -->","yoast_head_json":{"title":"Contador de n\u00fameros - A\u00f1adir plugin de Contador al Magento","description":"Instala un extention interactivo de Contador de n\u00fameros en su sitio de Magento. Use la demo de Elfsight manejable y cree su plugin \u00fanico.","robots":{"index":"index","follow":"follow","max-snippet":"max-snippet:-1","max-image-preview":"max-image-preview:large","max-video-preview":"max-video-preview:-1"},"canonical":"https:\/\/elfsight.com\/es\/number-counter-widget\/magento\/","og_locale":"es_ES","og_type":"article","og_title":"Contador de n\u00fameros - A\u00f1adir plugin de Contador al Magento","og_description":"Instala un extention interactivo de Contador de n\u00fameros en su sitio de Magento. Use la demo de Elfsight manejable y cree su plugin \u00fanico.","og_url":"https:\/\/elfsight.com\/es\/number-counter-widget\/magento\/","og_site_name":"Elfsight ES","article_modified_time":"2025-02-06T15:15:50+00:00","twitter_card":"summary_large_image","twitter_misc":{"Tiempo de lectura":"1 minuto"},"schema":{"@context":"https:\/\/schema.org","@graph":[{"@type":"WebPage","@id":"https:\/\/elfsight.com\/es\/number-counter-widget\/magento\/","url":"https:\/\/elfsight.com\/es\/number-counter-widget\/magento\/","name":"Contador de n\u00fameros - A\u00f1adir plugin de Contador al Magento","isPartOf":{"@id":"https:\/\/elfsight.com\/es\/#website"},"datePublished":"2022-02-11T12:07:11+00:00","dateModified":"2025-02-06T15:15:50+00:00","description":"Instala un extention interactivo de Contador de n\u00fameros en su sitio de Magento. Use la demo de Elfsight manejable y cree su plugin \u00fanico.","breadcrumb":{"@id":"https:\/\/elfsight.com\/es\/number-counter-widget\/magento\/#breadcrumb"},"inLanguage":"es","potentialAction":[{"@type":"ReadAction","target":["https:\/\/elfsight.com\/es\/number-counter-widget\/magento\/"]}]},{"@type":"BreadcrumbList","@id":"https:\/\/elfsight.com\/es\/number-counter-widget\/magento\/#breadcrumb","itemListElement":[{"@type":"ListItem","position":1,"name":"Home","item":"https:\/\/elfsight.com\/es\/"},{"@type":"ListItem","position":2,"name":"Number Counter","item":"https:\/\/elfsight.com\/es\/number-counter-widget\/"},{"@type":"ListItem","position":3,"name":"Number Counter &#8211; Magento"}]},{"@type":"WebSite","@id":"https:\/\/elfsight.com\/es\/#website","url":"https:\/\/elfsight.com\/es\/","name":"Elfsight ES","description":"Just another Elfsight Sites site","potentialAction":[{"@type":"SearchAction","target":{"@type":"EntryPoint","urlTemplate":"https:\/\/elfsight.com\/es\/?s={search_term_string}"},"query-input":{"@type":"PropertyValueSpecification","valueRequired":true,"valueName":"search_term_string"}}],"inLanguage":"es"}]}},"meta_box":{"industry":"","seo_heading":"","heading":"","description":"","cta_heading":"","cta_description":"","application":"1134","h1":"complemento de Contador de n\u00fameros para Magento","h1_caption":"Muestre estad\u00edsticas e hitos clave con contadores animados para resaltar sus logros de una manera atractiva en su sitio web Magento sin esfuerzo.","application_category":[],"applications_title":"","applications_request_title":"","applications_request_button_text":"","hero_text":"","hero_video":"","hero_video_schema_markup":"","selling_points_title":"","selling_points_caption":"","selling_points":[],"selling_points_cta_text":"","features_title":"","features":"","ed_cta_examples_text":"","ed_cta_examples_hidden":"","ed_cta_demo_text":"","ed_cta_demo_hidden":"","why_caption":"","why_editor_title":"","why_editor_text":"","why_team_title":"","why_team_text":"","why_service_title":"","why_service_text":"","template_catalog_visible":"","template_catalog_title":"","template_catalog_text":"","template_catalog_categories_visible":"","demo_title":"Crea tu extensi\u00f3n de Contador de N\u00fameros","demo_caption":"\u00a1Configura tu Contador de N\u00fameros y agr\u00e9galo a tu sitio web Magento gratis!","default_faq_hidden":"","app_template_category":[],"platform":"82","template_public_id":"","codecanyon_url":"","codecanyon_item_id":"","codecanyon_price":"","pricing_caption":"","pricing_elfsight_apps_hide_column":"","pricing_elfsight_apps_url":"","pricing_codecanyon_price_caption":"","integration_category":[],"integration_request_title":"","integration_request_cta":"","integration_platform":"","integrations":[],"platform_category":[],"video_schema_markup":"","price":"desde $0 por mes","trial":"","benefits":[{"text":"Instalaci\u00f3n gratuita"},{"text":"Soporte Premium"},{"text":"14 d\u00edas garant\u00eda de reembolso"},{"text":"Actualizaciones regulares"}],"button_url":"#demo","button_target_blank":"0","button_nofollow":"0","attributes":[{"name":"Responsivo","content":"Si","_state":"expanded"},{"name":"Navegadores compatibles","content":"Firefox, Safari, Opera, Chrome, Edge","_state":"expanded"}],"tags":[],"tags_disable_links":"0","hide_more_platforms":"","video_object":"","demo_hide_cta":"0","demo_hide_cloud_options":"0","pricing_title":"","pricing":[{"pricing_icon":"platform","pricing_title":" Elfsight Apps","pricing_title_caption":"Soluci\u00f3n multiplataforma - valido para cualquier p\u00e1gina web","pricing_price":"desde $0 por mes","pricing_price_caption":"empezar con un plan gratuito","pricing_benefits":[{"text":"Sitios web ilimitados"},{"text":"Atenci\u00f3n al cliente gratuita y r\u00e1pida"},{"text":"Servicio de instalaci\u00f3n gratuito"},{"text":"Totalmente personalizable"}],"pricing_button_text":"Agregar al sitio web","pricing_button_url":"#demo","_state":"expanded"}],"related_apps_title":"","related_apps_hidden":"1","author":"","image":[],"title":"","job":"","social_networks":[]},"_links":{"self":[{"href":"https:\/\/elfsight.com\/es\/wp-json\/wp\/v2\/pages\/3886","targetHints":{"allow":["GET"]}}],"collection":[{"href":"https:\/\/elfsight.com\/es\/wp-json\/wp\/v2\/pages"}],"about":[{"href":"https:\/\/elfsight.com\/es\/wp-json\/wp\/v2\/types\/page"}],"author":[{"embeddable":true,"href":"https:\/\/elfsight.com\/es\/wp-json\/wp\/v2\/users\/18"}],"replies":[{"embeddable":true,"href":"https:\/\/elfsight.com\/es\/wp-json\/wp\/v2\/comments?post=3886"}],"version-history":[{"count":3,"href":"https:\/\/elfsight.com\/es\/wp-json\/wp\/v2\/pages\/3886\/revisions"}],"predecessor-version":[{"id":18000,"href":"https:\/\/elfsight.com\/es\/wp-json\/wp\/v2\/pages\/3886\/revisions\/18000"}],"up":[{"embeddable":true,"href":"https:\/\/elfsight.com\/es\/wp-json\/wp\/v2\/pages\/1135"}],"wp:attachment":[{"href":"https:\/\/elfsight.com\/es\/wp-json\/wp\/v2\/media?parent=3886"}],"curies":[{"name":"wp","href":"https:\/\/api.w.org\/{rel}","templated":true}]}}