{"id":3882,"date":"2022-02-11T12:07:16","date_gmt":"2022-02-11T12:07:16","guid":{"rendered":"https:\/\/elfsight.com\/es\/?page_id=3882"},"modified":"2025-02-06T15:15:50","modified_gmt":"2025-02-06T15:15:50","slug":"facebook","status":"publish","type":"page","link":"https:\/\/elfsight.com\/es\/photo-gallery-widget\/facebook\/","title":{"rendered":"Photo Gallery &#8211; Facebook Page"},"content":{"rendered":"<div class=\"application-platform-content-item-description application-platform-content-item\" id=\"description\" data-nav-section=\"description\"><h2>Descripci\u00f3n<\/h2> <p>Elfsight Photo Gallery es la mejor manera de organizar fotos o dise\u00f1ar una galer\u00eda atractiva en tu sitio web. Agrega cualquier cantidad de im\u00e1genes, describe cada una de ellas y selecciona la forma \u00f3ptima de posicionarlas en la p\u00e1gina. Nuestro widget ofrece seis variantes de dise\u00f1o y diversas funciones adicionales de dise\u00f1o. Cada imagen se muestra en un popup, las personas pueden navegar a trav\u00e9s de ellas, ver un pase de diapositivas, hacer zoom y admirar las im\u00e1genes en pantalla completa. Puedes encontrar colores personalizados para los elementos del widget y agregar un fondo personalizado, variar las opciones de texto y m\u00e1s oportunidades de estilo.<\/p> <p><b>\u00a1Aumenta la interacci\u00f3n mostrando galer\u00edas de fotos llamativas!<\/b><\/p> <\/div> <div class=\"application-platform-content-item-features application-platform-content-item\" id=\"features\" data-nav-section=\"features\"><h2>Caracter\u00edsticas<\/h2> <p>Aqu\u00ed puedes ver todas las funciones de la Galer\u00eda de Fotos. Est\u00e1n disponibles directamente en el editor y te ayudar\u00e1n a crear el widget exactamente para tus necesidades.<\/p> <ul> <li>Agrega botones CTA para guiar a los visitantes del sitio hacia tu objetivo.<\/li> <li>Modifica la duraci\u00f3n del cambio de diapositivas.<\/li> <li>Elige entre varias variantes de paginaci\u00f3n.<\/li> <li>Coloca tu texto en cualquier lugar de la p\u00e1gina con la ayuda de la posici\u00f3n avanzada.<\/li> <li>Adapta cinco funciones de contenido.<\/li> <\/ul> <p><a href=\"#demo\">Mira c\u00f3mo funcionan todas las caracter\u00edsticas en nuestra demo<\/a><\/p> <\/div> <div class=\"application-platform-content-item-installation application-platform-content-item\" id=\"installation\" data-nav-section=\"installation\"><h2>\u00bfC\u00f3mo puedo insertar la Galer\u00eda de Fotos en Facebook?<\/h2> <p>Para introducir el widget, sigue las instrucciones a continuaci\u00f3n.<\/p> <ol><li><b>Genera tu plugin \u00fanico de Galer\u00eda<\/b><br> Usando nuestro configurador gratuito, obt\u00e9n un plugin con la composici\u00f3n y caracter\u00edsticas funcionales que prefieras.<\/li> <li><b>Recibe el c\u00f3digo individual para agregar el plugin<\/b><br> Despu\u00e9s de crear tu widget de Galer\u00eda de Fotos, recibir\u00e1s el c\u00f3digo individual en la ventana emergente de Elfsight Apps. Copia este c\u00f3digo para su uso posterior.<\/li> <li><b>Agrega el plugin en tu p\u00e1gina de Facebook<\/b><br> Elige el \u00e1rea en la que planeas colocar el plugin e inserta el c\u00f3digo copiado all\u00ed. Guarda los cambios.<\/li>  <li><b>\u00a1Listo!<\/b><br> Visita la p\u00e1gina para comprobar tu widget.<\/li> <\/ol> <p>No dudes en ponerte en contacto con el soporte de Elfsight si necesitas consejos o tienes problemas. Nuestros especialistas estar\u00e1n encantados de ayudarte con cualquier solicitud.<\/p> <div class=\"faq\" data-component=\"FAQ\"><div class=\"faq-item\">\r\n\t\t\t\t\t<div class=\"faq-item-question\">\r\n\t\t\t\t\t\t<h3 class=\"faq-item-question-text\">\u00bfDe qu\u00e9 manera puedo agregar una Galer\u00eda de Fotos a mi p\u00e1gina de Facebook sin experiencia en programaci\u00f3n?<\/h3>\r\n\r\n\t\t\t\t\t\t<div class=\"faq-item-question-icon\"><\/div>\r\n\t\t\t\t\t<\/div>\r\n\r\n\t\t\t\t\t<div class=\"faq-item-answer\">\r\n\t\t\t\t\t\t<div class=\"faq-item-answer-text\"> <p>Elfsight ofrece una soluci\u00f3n SaaS que permite a los propietarios de sitios generar un widget de Galer\u00eda de Fotos por s\u00ed mismos, observa lo f\u00e1cil que es el proceso: Trabaja directamente en la demo en vivo para crear la Galer\u00eda de Fotos que deseas insertar en tu p\u00e1gina de Facebook. Selecciona una de las plantillas predefinidas y ajusta la configuraci\u00f3n de la Galer\u00eda de Fotos, cambia el dise\u00f1o y el color de los elementos y agrega tu contenido, sin necesidad de conocimientos de programaci\u00f3n. Haz clic en guardar la Galer\u00eda de Fotos y copia el c\u00f3digo del widget para la instalaci\u00f3n, que puedes pegar f\u00e1cilmente en tu sitio de Facebook sin necesidad de comprar una suscripci\u00f3n de pago. Con nuestro Configurador f\u00e1cil de usar, cualquier usuario de internet puede crear un plugin de Galer\u00eda de Fotos e insertarlo f\u00e1cilmente en su p\u00e1gina de Facebook. No es necesario pagar ni proporcionar datos de tarjeta para acceder a nuestro Editor. Si encuentras obst\u00e1culos en cualquier paso, no dudes en ponerte en contacto con nuestro equipo de soporte.<\/p> <\/div>\r\n\t\t\t\t\t<\/div>\r\n\t\t\t\t<\/div> <\/div><\/div>","protected":false},"excerpt":{"rendered":"","protected":false},"author":18,"featured_media":0,"parent":1671,"menu_order":0,"comment_status":"closed","ping_status":"closed","template":"templates\/template-application-platform.php","meta":{"publish_to_discourse":"","publish_post_category":"","wpdc_auto_publish_overridden":"","wpdc_topic_tags":"","wpdc_pin_topic":"","wpdc_pin_until":"","discourse_post_id":"","discourse_permalink":"","wpdc_publishing_response":"","wpdc_publishing_error":"","footnotes":""},"class_list":["post-3882","page","type-page","status-publish","hentry"],"yoast_head":"<!-- This site is optimized with the Yoast SEO plugin v25.3.1 - https:\/\/yoast.com\/wordpress\/plugins\/seo\/ -->\n<title>Galer\u00eda de fotos - Incluir widget de Galer\u00eda fotogr\u00e1fica al Facebook Page<\/title>\n<meta name=\"description\" content=\"Instala un widget atractivo de Galer\u00eda de fotos en su sitio de Facebook Page. Aplique la demo de Elfsight intuitiva y construe su widget personalizado.\" \/>\n<meta name=\"robots\" content=\"index, follow, max-snippet:-1, max-image-preview:large, max-video-preview:-1\" \/>\n<link rel=\"canonical\" href=\"https:\/\/elfsight.com\/es\/photo-gallery-widget\/facebook\/\" \/>\n<meta property=\"og:locale\" content=\"es_ES\" \/>\n<meta property=\"og:type\" content=\"article\" \/>\n<meta property=\"og:title\" content=\"Galer\u00eda de fotos - Incluir widget de Galer\u00eda fotogr\u00e1fica al Facebook Page\" \/>\n<meta property=\"og:description\" content=\"Instala un widget atractivo de Galer\u00eda de fotos en su sitio de Facebook Page. Aplique la demo de Elfsight intuitiva y construe su widget personalizado.\" \/>\n<meta property=\"og:url\" content=\"https:\/\/elfsight.com\/es\/photo-gallery-widget\/facebook\/\" \/>\n<meta property=\"og:site_name\" content=\"Elfsight ES\" \/>\n<meta property=\"article:modified_time\" content=\"2025-02-06T15:15:50+00:00\" \/>\n<meta name=\"twitter:card\" content=\"summary_large_image\" \/>\n<meta name=\"twitter:label1\" content=\"Tiempo de lectura\" \/>\n\t<meta name=\"twitter:data1\" content=\"2 minutos\" \/>\n<!-- \/ Yoast SEO plugin. -->","yoast_head_json":{"title":"Galer\u00eda de fotos - Incluir widget de Galer\u00eda fotogr\u00e1fica al Facebook Page","description":"Instala un widget atractivo de Galer\u00eda de fotos en su sitio de Facebook Page. Aplique la demo de Elfsight intuitiva y construe su widget personalizado.","robots":{"index":"index","follow":"follow","max-snippet":"max-snippet:-1","max-image-preview":"max-image-preview:large","max-video-preview":"max-video-preview:-1"},"canonical":"https:\/\/elfsight.com\/es\/photo-gallery-widget\/facebook\/","og_locale":"es_ES","og_type":"article","og_title":"Galer\u00eda de fotos - Incluir widget de Galer\u00eda fotogr\u00e1fica al Facebook Page","og_description":"Instala un widget atractivo de Galer\u00eda de fotos en su sitio de Facebook Page. Aplique la demo de Elfsight intuitiva y construe su widget personalizado.","og_url":"https:\/\/elfsight.com\/es\/photo-gallery-widget\/facebook\/","og_site_name":"Elfsight ES","article_modified_time":"2025-02-06T15:15:50+00:00","twitter_card":"summary_large_image","twitter_misc":{"Tiempo de lectura":"2 minutos"},"schema":{"@context":"https:\/\/schema.org","@graph":[{"@type":"WebPage","@id":"https:\/\/elfsight.com\/es\/photo-gallery-widget\/facebook\/","url":"https:\/\/elfsight.com\/es\/photo-gallery-widget\/facebook\/","name":"Galer\u00eda de fotos - Incluir widget de Galer\u00eda fotogr\u00e1fica al Facebook Page","isPartOf":{"@id":"https:\/\/elfsight.com\/es\/#website"},"datePublished":"2022-02-11T12:07:16+00:00","dateModified":"2025-02-06T15:15:50+00:00","description":"Instala un widget atractivo de Galer\u00eda de fotos en su sitio de Facebook Page. Aplique la demo de Elfsight intuitiva y construe su widget personalizado.","breadcrumb":{"@id":"https:\/\/elfsight.com\/es\/photo-gallery-widget\/facebook\/#breadcrumb"},"inLanguage":"es","potentialAction":[{"@type":"ReadAction","target":["https:\/\/elfsight.com\/es\/photo-gallery-widget\/facebook\/"]}]},{"@type":"BreadcrumbList","@id":"https:\/\/elfsight.com\/es\/photo-gallery-widget\/facebook\/#breadcrumb","itemListElement":[{"@type":"ListItem","position":1,"name":"Home","item":"https:\/\/elfsight.com\/es\/"},{"@type":"ListItem","position":2,"name":"Photo Gallery","item":"https:\/\/elfsight.com\/es\/photo-gallery-widget\/"},{"@type":"ListItem","position":3,"name":"Photo Gallery &#8211; Facebook Page"}]},{"@type":"WebSite","@id":"https:\/\/elfsight.com\/es\/#website","url":"https:\/\/elfsight.com\/es\/","name":"Elfsight ES","description":"Just another Elfsight Sites site","potentialAction":[{"@type":"SearchAction","target":{"@type":"EntryPoint","urlTemplate":"https:\/\/elfsight.com\/es\/?s={search_term_string}"},"query-input":{"@type":"PropertyValueSpecification","valueRequired":true,"valueName":"search_term_string"}}],"inLanguage":"es"}]}},"meta_box":{"industry":"","seo_heading":"","heading":"","description":"","cta_heading":"","cta_description":"","application":"1670","h1":"widget de Galer\u00eda de fotos para la p\u00e1gina de Facebook","h1_caption":"Muestre sus im\u00e1genes en una galer\u00eda interactiva y personalizable que mejora el atractivo visual de su sitio web en el sitio web de su p\u00e1gina de Facebook sin esfuerzo.","application_category":[],"applications_title":"","applications_request_title":"","applications_request_button_text":"","hero_text":"","hero_video":"","hero_video_schema_markup":"","selling_points_title":"","selling_points_caption":"","selling_points":[],"selling_points_cta_text":"","features_title":"","features":"","ed_cta_examples_text":"","ed_cta_examples_hidden":"","ed_cta_demo_text":"","ed_cta_demo_hidden":"","why_caption":"","why_editor_title":"","why_editor_text":"","why_team_title":"","why_team_text":"","why_service_title":"","why_service_text":"","template_catalog_visible":"","template_catalog_title":"","template_catalog_text":"","template_catalog_categories_visible":"","demo_title":"Crea tu widget de galer\u00eda de fotos","demo_caption":"\u00a1Configure su galer\u00eda de fotos y agr\u00e9guela al sitio web de su p\u00e1gina de Facebook de forma gratuita!","default_faq_hidden":"","app_template_category":[],"platform":"64","template_public_id":"","codecanyon_url":"","codecanyon_item_id":"","codecanyon_price":"","pricing_caption":"","pricing_elfsight_apps_hide_column":"","pricing_elfsight_apps_url":"","pricing_codecanyon_price_caption":"","integration_category":[],"integration_request_title":"","integration_request_cta":"","integration_platform":"","integrations":[],"platform_category":[],"video_schema_markup":"","price":"desde $0 por mes","trial":"","benefits":[{"text":"Instalaci\u00f3n gratuita"},{"text":"Soporte Premium"},{"text":"14 d\u00edas garant\u00eda de reembolso"},{"text":"Actualizaciones regulares"}],"button_url":"#demo","button_target_blank":"0","button_nofollow":"0","attributes":[{"name":"Responsivo","content":"Si","_state":"expanded"},{"name":"Navegadores compatibles","content":"Firefox, Safari, Opera, Chrome, Edge","_state":"expanded"}],"tags":[],"tags_disable_links":"0","hide_more_platforms":"","video_object":"","demo_hide_cta":"0","demo_hide_cloud_options":"0","pricing_title":"","pricing":[{"pricing_icon":"platform","pricing_title":" Elfsight Apps","pricing_title_caption":"Soluci\u00f3n multiplataforma - valido para cualquier p\u00e1gina web","pricing_price":"desde $0 por mes","pricing_price_caption":"empezar con un plan gratuito","pricing_benefits":[{"text":"Sitios web ilimitados"},{"text":"Atenci\u00f3n al cliente gratuita y r\u00e1pida"},{"text":"Servicio de instalaci\u00f3n gratuito"},{"text":"Totalmente personalizable"}],"pricing_button_text":"Agregar al sitio web","pricing_button_url":"#demo","_state":"expanded"}],"related_apps_title":"","related_apps_hidden":"1","author":"","image":[],"title":"","job":"","social_networks":[]},"_links":{"self":[{"href":"https:\/\/elfsight.com\/es\/wp-json\/wp\/v2\/pages\/3882","targetHints":{"allow":["GET"]}}],"collection":[{"href":"https:\/\/elfsight.com\/es\/wp-json\/wp\/v2\/pages"}],"about":[{"href":"https:\/\/elfsight.com\/es\/wp-json\/wp\/v2\/types\/page"}],"author":[{"embeddable":true,"href":"https:\/\/elfsight.com\/es\/wp-json\/wp\/v2\/users\/18"}],"replies":[{"embeddable":true,"href":"https:\/\/elfsight.com\/es\/wp-json\/wp\/v2\/comments?post=3882"}],"version-history":[{"count":3,"href":"https:\/\/elfsight.com\/es\/wp-json\/wp\/v2\/pages\/3882\/revisions"}],"predecessor-version":[{"id":17999,"href":"https:\/\/elfsight.com\/es\/wp-json\/wp\/v2\/pages\/3882\/revisions\/17999"}],"up":[{"embeddable":true,"href":"https:\/\/elfsight.com\/es\/wp-json\/wp\/v2\/pages\/1671"}],"wp:attachment":[{"href":"https:\/\/elfsight.com\/es\/wp-json\/wp\/v2\/media?parent=3882"}],"curies":[{"name":"wp","href":"https:\/\/api.w.org\/{rel}","templated":true}]}}