{"id":3881,"date":"2022-02-11T12:07:20","date_gmt":"2022-02-11T12:07:20","guid":{"rendered":"https:\/\/elfsight.com\/es\/?page_id=3881"},"modified":"2025-02-06T15:15:42","modified_gmt":"2025-02-06T15:15:42","slug":"opencart","status":"publish","type":"page","link":"https:\/\/elfsight.com\/es\/popup-widget\/opencart\/","title":{"rendered":"Popup &#8211; OpenCart"},"content":{"rendered":"<div class=\"application-platform-content-item-description application-platform-content-item\" id=\"description\" data-nav-section=\"description\"> <h2>Descripci\u00f3n<\/h2> <p>Con la extensi\u00f3n Popup de Elfsight para Opencart, tendr\u00e1s la oportunidad de crear pop-ups personalizados de diversos tipos e integrarlos en tu sitio. Crea tu popup, agregando diferentes tipos de componentes incluidos. Ajusta la interfaz y la colocaci\u00f3n, aplica un disparador de activaci\u00f3n y ajusta la frecuencia para aumentar la efectividad. Los pop-ups de diferentes tipos permitir\u00e1n a los visitantes suscribirse, obtener m\u00e1s informaci\u00f3n sobre tus productos o servicios, utilizar cupones de descuento, conocer ventas y ofertas especiales, estar al tanto de nuevos eventos en tu sitio web de Opencart y mucho m\u00e1s.<\/p> <p><b>Los pop-ups te ayudar\u00e1n a vender m\u00e1s eficazmente, promocionar tus eventos futuros, recolectar impresiones y suscripciones, y mucho m\u00e1s.<\/b><\/p> <\/div><div class=\"faq\" data-component=\"FAQ\"><div class=\"faq-item\">\r\n\t\t\t\t\t<div class=\"faq-item-question\">\r\n\t\t\t\t\t\t<h3 class=\"faq-item-question-text\">\u00bfC\u00f3mo puedo integrar un Popup en OpenCart?<\/h3>\r\n\r\n\t\t\t\t\t\t<div class=\"faq-item-question-icon\"><\/div>\r\n\t\t\t\t\t<\/div>\r\n\r\n\t\t\t\t\t<div class=\"faq-item-answer\">\r\n\t\t\t\t\t\t<div class=\"faq-item-answer-text\"><p>La construcci\u00f3n de la herramienta se realiza dentro del sitio web de Elfsight y no es necesario programar. Utiliza la demo activa para construir tu plugin, obtener el c\u00f3digo e insertarlo en tu sitio.<\/p><\/div>\r\n\t\t\t\t\t<\/div>\r\n\t\t\t\t<\/div><div class=\"faq-item\">\r\n\t\t\t\t\t<div class=\"faq-item-question\">\r\n\t\t\t\t\t\t<h3 class=\"faq-item-question-text\">\u00bfCu\u00e1les son las mejores maneras de usar la integraci\u00f3n de banners emergentes?<\/h3>\r\n\r\n\t\t\t\t\t\t<div class=\"faq-item-question-icon\"><\/div>\r\n\t\t\t\t\t<\/div>\r\n\r\n\t\t\t\t\t<div class=\"faq-item-answer\">\r\n\t\t\t\t\t\t<div class=\"faq-item-answer-text\"><p>Te proporcionaremos muchas posibilidades de ajuste: widgets de longitud completa para insertar en la secci\u00f3n de contenido, widgets flotantes para opciones de desplazamiento, miniaturas para el pie de p\u00e1gina de tu sitio web, secci\u00f3n de encabezado y todo tipo de posibilidades verticales para las barras laterales y men\u00fas del sitio web.<\/p><\/div>\r\n\t\t\t\t\t<\/div>\r\n\t\t\t\t<\/div><div class=\"faq-item\">\r\n\t\t\t\t\t<div class=\"faq-item-question\">\r\n\t\t\t\t\t\t<h3 class=\"faq-item-question-text\">\u00bfHay alguna opci\u00f3n para crear un popup de nueva colecci\u00f3n u oferta mediante tu editor? <\/h3>\r\n\r\n\t\t\t\t\t\t<div class=\"faq-item-question-icon\"><\/div>\r\n\t\t\t\t\t<\/div>\r\n\r\n\t\t\t\t\t<div class=\"faq-item-answer\">\r\n\t\t\t\t\t\t<div class=\"faq-item-answer-text\"><p>Puedes crear cualquier variaci\u00f3n de widget para Opencart. Hay muchas plantillas disponibles en el editor, y todas ellas pueden personalizarse f\u00e1cilmente seg\u00fan lo que necesites.<\/p><\/div>\r\n\t\t\t\t\t<\/div>\r\n\t\t\t\t<\/div><\/div><div class=\"application-platform-content-item-features application-platform-content-item\" id=\"features\" data-nav-section=\"features\"> <h2>Caracter\u00edsticas principales del plugin Popup<\/h2> <p>Consulta todas las caracter\u00edsticas funcionales del widget. Puedes ajustarlas directamente en el editor y te ayudar\u00e1n a crear el widget m\u00e1s adecuado para tu caso.<\/p> <ul><li>Doce componentes de contenido para crear un popup;<\/li><li>Cinco dise\u00f1os de pop-ups listos para diferentes casos;<\/li><li>Botones integrados para dirigir a los usuarios a cualquier p\u00e1gina;<\/li><li>Sube una imagen para el fondo de la extensi\u00f3n;<\/li><li>El popup puede aparecer despu\u00e9s de un tiempo determinado en la p\u00e1gina o seg\u00fan la cantidad de desplazamiento;<\/li><li>Disparadores de popup: clic en un elemento de la p\u00e1gina o desplazamiento hacia \u00e9l.<\/li><\/ul><p><a href=\"#demo\">Consulta todas las funciones en la demo<\/a><\/p> <\/div><div class=\"application-platform-content-item-installation application-platform-content-item\" id=\"installation\" data-nav-section=\"installation\"><h2>C\u00f3mo agregar el widget Popup a tu sitio de OpenCart<\/h2><p>Simplemente sigue las instrucciones a continuaci\u00f3n para agregar la extensi\u00f3n en OpenCart.<\/p><ol><li><b>Usa nuestro configurador gratuito para comenzar a crear tu herramienta personalizada.<\/b><br> Encuentra el dise\u00f1o y las caracter\u00edsticas preferidas del widget de Opencart y guarda los cambios.<\/li><li><b>Obt\u00e9n tu c\u00f3digo exclusivo que aparecer\u00e1 en la ventana de Elfsight Apps.<\/b><br> Despu\u00e9s de generar tu Popup personalizado, copia el c\u00f3digo exclusivo que aparece en la ventana emergente y gu\u00e1rdalo para uso futuro.<\/li><li><b>Comienza a usar la herramienta en tu sitio web de OpenCart.<\/b><br> Inserta el c\u00f3digo que copiaste anteriormente en tu p\u00e1gina web y guarda los cambios.<\/li><li><b>\u00a1Listo! La integraci\u00f3n se ha completado con \u00e9xito.<\/b><br> Visita tu sitio web de OpenCart para ver c\u00f3mo est\u00e1 funcionando el widget.<\/li><\/ol><p>No dudes en ponerte en contacto con nuestro servicio de atenci\u00f3n al cliente si necesitas ayuda o tienes preguntas sobre la instalaci\u00f3n en OpenCart. Nuestros especialistas estar\u00e1n encantados de ayudarte con cualquier solicitud.<\/p> <\/div>","protected":false},"excerpt":{"rendered":"","protected":false},"author":18,"featured_media":0,"parent":1488,"menu_order":0,"comment_status":"closed","ping_status":"closed","template":"templates\/template-application-platform.php","meta":{"publish_to_discourse":"","publish_post_category":"","wpdc_auto_publish_overridden":"","wpdc_topic_tags":"","wpdc_pin_topic":"","wpdc_pin_until":"","discourse_post_id":"","discourse_permalink":"","wpdc_publishing_response":"","wpdc_publishing_error":"","footnotes":""},"class_list":["post-3881","page","type-page","status-publish","hentry"],"yoast_head":"<!-- This site is optimized with the Yoast SEO plugin v25.3.1 - https:\/\/yoast.com\/wordpress\/plugins\/seo\/ -->\n<title>Popup - Insertar plugin de Ventana emergente al OpenCart<\/title>\n<meta name=\"description\" content=\"A\u00f1ade un module interactivo de Popup en su sitio de OpenCart. Lance la demo de Elfsight intuitiva y cree su plugin propio.\" \/>\n<meta name=\"robots\" content=\"index, follow, max-snippet:-1, max-image-preview:large, max-video-preview:-1\" \/>\n<link rel=\"canonical\" href=\"https:\/\/elfsight.com\/es\/popup-widget\/opencart\/\" \/>\n<meta property=\"og:locale\" content=\"es_ES\" \/>\n<meta property=\"og:type\" content=\"article\" \/>\n<meta property=\"og:title\" content=\"Popup - Insertar plugin de Ventana emergente al OpenCart\" \/>\n<meta property=\"og:description\" content=\"A\u00f1ade un module interactivo de Popup en su sitio de OpenCart. Lance la demo de Elfsight intuitiva y cree su plugin propio.\" \/>\n<meta property=\"og:url\" content=\"https:\/\/elfsight.com\/es\/popup-widget\/opencart\/\" \/>\n<meta property=\"og:site_name\" content=\"Elfsight ES\" \/>\n<meta property=\"article:modified_time\" content=\"2025-02-06T15:15:42+00:00\" \/>\n<meta name=\"twitter:card\" content=\"summary_large_image\" \/>\n<meta name=\"twitter:label1\" content=\"Tiempo de lectura\" \/>\n\t<meta name=\"twitter:data1\" content=\"2 minutos\" \/>\n<!-- \/ Yoast SEO plugin. -->","yoast_head_json":{"title":"Popup - Insertar plugin de Ventana emergente al OpenCart","description":"A\u00f1ade un module interactivo de Popup en su sitio de OpenCart. Lance la demo de Elfsight intuitiva y cree su plugin propio.","robots":{"index":"index","follow":"follow","max-snippet":"max-snippet:-1","max-image-preview":"max-image-preview:large","max-video-preview":"max-video-preview:-1"},"canonical":"https:\/\/elfsight.com\/es\/popup-widget\/opencart\/","og_locale":"es_ES","og_type":"article","og_title":"Popup - Insertar plugin de Ventana emergente al OpenCart","og_description":"A\u00f1ade un module interactivo de Popup en su sitio de OpenCart. Lance la demo de Elfsight intuitiva y cree su plugin propio.","og_url":"https:\/\/elfsight.com\/es\/popup-widget\/opencart\/","og_site_name":"Elfsight ES","article_modified_time":"2025-02-06T15:15:42+00:00","twitter_card":"summary_large_image","twitter_misc":{"Tiempo de lectura":"2 minutos"},"schema":{"@context":"https:\/\/schema.org","@graph":[{"@type":"WebPage","@id":"https:\/\/elfsight.com\/es\/popup-widget\/opencart\/","url":"https:\/\/elfsight.com\/es\/popup-widget\/opencart\/","name":"Popup - Insertar plugin de Ventana emergente al OpenCart","isPartOf":{"@id":"https:\/\/elfsight.com\/es\/#website"},"datePublished":"2022-02-11T12:07:20+00:00","dateModified":"2025-02-06T15:15:42+00:00","description":"A\u00f1ade un module interactivo de Popup en su sitio de OpenCart. Lance la demo de Elfsight intuitiva y cree su plugin propio.","breadcrumb":{"@id":"https:\/\/elfsight.com\/es\/popup-widget\/opencart\/#breadcrumb"},"inLanguage":"es","potentialAction":[{"@type":"ReadAction","target":["https:\/\/elfsight.com\/es\/popup-widget\/opencart\/"]}]},{"@type":"BreadcrumbList","@id":"https:\/\/elfsight.com\/es\/popup-widget\/opencart\/#breadcrumb","itemListElement":[{"@type":"ListItem","position":1,"name":"Home","item":"https:\/\/elfsight.com\/es\/"},{"@type":"ListItem","position":2,"name":"Popup","item":"https:\/\/elfsight.com\/es\/popup-widget\/"},{"@type":"ListItem","position":3,"name":"Popup &#8211; OpenCart"}]},{"@type":"WebSite","@id":"https:\/\/elfsight.com\/es\/#website","url":"https:\/\/elfsight.com\/es\/","name":"Elfsight ES","description":"Just another Elfsight Sites site","potentialAction":[{"@type":"SearchAction","target":{"@type":"EntryPoint","urlTemplate":"https:\/\/elfsight.com\/es\/?s={search_term_string}"},"query-input":{"@type":"PropertyValueSpecification","valueRequired":true,"valueName":"search_term_string"}}],"inLanguage":"es"}]}},"meta_box":{"industry":"","seo_heading":"","heading":"","description":"","cta_heading":"","cta_description":"","application":"1487","h1":"complemento de ventana emergente para OpenCart","h1_caption":"Una module avanzada para mostrar un %producto2% en su sitio web","application_category":[],"applications_title":"","applications_request_title":"","applications_request_button_text":"","hero_text":"","hero_video":"","hero_video_schema_markup":"","selling_points_title":"","selling_points_caption":"","selling_points":[],"selling_points_cta_text":"","features_title":"","features":"","ed_cta_examples_text":"","ed_cta_examples_hidden":"","ed_cta_demo_text":"","ed_cta_demo_hidden":"","why_caption":"","why_editor_title":"","why_editor_text":"","why_team_title":"","why_team_text":"","why_service_title":"","why_service_text":"","template_catalog_visible":"","template_catalog_title":"","template_catalog_text":"","template_catalog_categories_visible":"","demo_title":"Crea tu extensi\u00f3n emergente","demo_caption":"\u00a1Configure su Popup y agr\u00e9guelo a su sitio web OpenCart gratis!","default_faq_hidden":"","app_template_category":[],"platform":"88","template_public_id":"","codecanyon_url":"","codecanyon_item_id":"","codecanyon_price":"","pricing_caption":"","pricing_elfsight_apps_hide_column":"","pricing_elfsight_apps_url":"","pricing_codecanyon_price_caption":"","integration_category":[],"integration_request_title":"","integration_request_cta":"","integration_platform":"","integrations":[],"platform_category":[],"video_schema_markup":"","price":"desde $0 por mes","trial":"","benefits":[{"text":"Instalaci\u00f3n gratuita"},{"text":"Soporte Premium"},{"text":"14 d\u00edas garant\u00eda de reembolso"},{"text":"Actualizaciones regulares"}],"button_url":"#demo","button_target_blank":"0","button_nofollow":"0","attributes":[{"name":"Responsivo","content":"Si","_state":"expanded"},{"name":"Navegadores compatibles","content":"Firefox, Safari, Opera, Chrome, Edge","_state":"expanded"}],"tags":[],"tags_disable_links":"0","hide_more_platforms":"","video_object":"","demo_hide_cta":"0","demo_hide_cloud_options":"0","pricing_title":"","pricing":[{"pricing_icon":"platform","pricing_title":" Elfsight Apps","pricing_title_caption":"Soluci\u00f3n multiplataforma - valido para cualquier p\u00e1gina web","pricing_price":"desde $0 por mes","pricing_price_caption":"empezar con un plan gratuito","pricing_benefits":[{"text":"Sitios web ilimitados"},{"text":"Atenci\u00f3n al cliente gratuita y r\u00e1pida"},{"text":"Servicio de instalaci\u00f3n gratuito"},{"text":"Totalmente personalizable"}],"pricing_button_text":"Agregar al sitio web","pricing_button_url":"#demo","_state":"expanded"}],"related_apps_title":"","related_apps_hidden":"1","author":"","image":[],"title":"","job":"","social_networks":[]},"_links":{"self":[{"href":"https:\/\/elfsight.com\/es\/wp-json\/wp\/v2\/pages\/3881","targetHints":{"allow":["GET"]}}],"collection":[{"href":"https:\/\/elfsight.com\/es\/wp-json\/wp\/v2\/pages"}],"about":[{"href":"https:\/\/elfsight.com\/es\/wp-json\/wp\/v2\/types\/page"}],"author":[{"embeddable":true,"href":"https:\/\/elfsight.com\/es\/wp-json\/wp\/v2\/users\/18"}],"replies":[{"embeddable":true,"href":"https:\/\/elfsight.com\/es\/wp-json\/wp\/v2\/comments?post=3881"}],"version-history":[{"count":3,"href":"https:\/\/elfsight.com\/es\/wp-json\/wp\/v2\/pages\/3881\/revisions"}],"predecessor-version":[{"id":17998,"href":"https:\/\/elfsight.com\/es\/wp-json\/wp\/v2\/pages\/3881\/revisions\/17998"}],"up":[{"embeddable":true,"href":"https:\/\/elfsight.com\/es\/wp-json\/wp\/v2\/pages\/1488"}],"wp:attachment":[{"href":"https:\/\/elfsight.com\/es\/wp-json\/wp\/v2\/media?parent=3881"}],"curies":[{"name":"wp","href":"https:\/\/api.w.org\/{rel}","templated":true}]}}