{"id":3880,"date":"2022-02-11T12:07:25","date_gmt":"2022-02-11T12:07:25","guid":{"rendered":"https:\/\/elfsight.com\/es\/?page_id=3880"},"modified":"2025-02-06T15:15:42","modified_gmt":"2025-02-06T15:15:42","slug":"squarespace","status":"publish","type":"page","link":"https:\/\/elfsight.com\/es\/pricing-table-plugin\/squarespace\/","title":{"rendered":"Pricing Table &#8211; Squarespace"},"content":{"rendered":"<div class=\"application-platform-content-item-description application-platform-content-item\" id=\"description\" data-nav-section=\"description\"><h2>Insertar Tabla de Precios en Squarespace con el widget de Elfsight<\/h2><p>El precio se ha convertido en uno de los factores clave para convencer a los usuarios a realizar una compra. El widget de Elfsight no solo permite a los compradores del sitio aprender y comparar ofertas de precios r\u00e1pidamente, sino que tambi\u00e9n contribuye a mejorar la conversi\u00f3n mediante el uso de las \u00faltimas t\u00e9cnicas en interfaces y modelado.<\/p><p><b>Eleva las ventas de tu sitio web con precios efectivos.<\/b><\/p><ul><li><b>Consigue m\u00e1s clientes<\/b>.<br>Usa las tendencias m\u00e1s avanzadas de la interfaz para eliminar cualquier malentendido que puedan tener tus clientes al tomar la decisi\u00f3n de comprar y lograr la m\u00e1xima conversi\u00f3n.<\/li><li><b>Personaliza el widget en solo 1 minuto<\/b>.<br>Dedica solo unos minutos para crear el widget ideal. Elige las configuraciones de dise\u00f1o e informaci\u00f3n necesarias y config\u00faralo con solo unos clics.<\/li><li><b>Escribe todos los detalles sobre tus planes de precios<\/b>.<br>Agrega m\u00e1s detalles sobre tus condiciones de precios y a\u00f1ade tus planes al widget, para que los clientes puedan ver y comparar las tarifas disponibles.<\/li><\/ul><\/div><div class=\"application-platform-content-item-features application-platform-content-item\" id=\"features\" data-nav-section=\"features\"><h2>Caracter\u00edsticas principales del widget de Tabla de Precios<\/h2><p>Las caracter\u00edsticas que transforman nuestro widget en la mejor tabla de precios para sitios Squarespace.<\/p><ul><li>2 tipos predefinidos de radio de borde y 4 tipos predefinidos de ancho de borde;<\/li><li>Lista de caracter\u00edsticas ajustable, completa con \u00edconos de caracter\u00edsticas, consejos y n\u00famero ilimitado de caracter\u00edsticas;<\/li><li>3 estilos predefinidos de caracter\u00edsticas;<\/li><li>Vinculaci\u00f3n del bot\u00f3n a la p\u00e1gina requerida;<\/li><li>Dise\u00f1o optimizado para dispositivos m\u00f3viles.<\/li><\/ul><p><a href=\"#demo\">Puedes estudiar todos los beneficios usando el configurador en vivo<\/a><\/p><\/div><div class=\"application-platform-content-item-installation application-platform-content-item\" id=\"installation\" data-nav-section=\"installation\"><h2>C\u00f3mo agregar la Tabla de Precios a tu sitio web de Squarespace<\/h2><div class=\"video-container\"><iframe width=\"720\" height=\"405\" src=\"https:\/\/www.youtube.com\/embed\/Z4wm8dOO78k\" frameborder=\"0\" allowfullscreen=\"\"><\/iframe><\/div><p>Un manual para la instalaci\u00f3n de nuestro widget. No necesitar\u00e1s conocimientos de programaci\u00f3n ni mucho tiempo. Solo 4 pasos sencillos y 3 minutos.<\/p><ol><li><b>Crea tu Tabla de Precios \u00fanica<\/b>.<br> Con nuestra demostraci\u00f3n gratuita, crea un plugin con el dise\u00f1o y las funciones necesarias.<\/li><li><b>Obt\u00e9n el c\u00f3digo para mostrar el plugin<\/b>.<br> Despu\u00e9s de ajustar el widget, obt\u00e9n el c\u00f3digo del plugin de Precios desde la notificaci\u00f3n emergente en Elfsight Apps.<\/li><li><b>Coloca el plugin en tu sitio de Squarespace<\/b>.<br> Coloca el plugin en el lugar requerido de la p\u00e1gina y publica los cambios.<\/li><li><b>La instalaci\u00f3n ha sido exitosa<\/b>.<br> Visita tu sitio web para comprobar la Tabla de Precios.<\/li><\/ol><p>\u00bfTienes preguntas mientras creas tu widget? Consulta nuestra instrucci\u00f3n completa \u00ab<a href=\"https:\/\/elfsight.com\/tutorials\/how-to-add-pricing-table-to-squarespace\/\" target=\"_blank\" rel=\"noopener noreferrer\">C\u00f3mo integrar una tabla de precios en Squarespace<\/a>\u00bb o contacta con nuestro equipo de soporte. \u00a1Estaremos encantados de ayudarte con cualquier problema!<\/p><div class=\"faq\" data-component=\"FAQ\"> <div class=\"faq-item\">\r\n\t\t\t\t\t<div class=\"faq-item-question\">\r\n\t\t\t\t\t\t<h3 class=\"faq-item-question-text\">\u00bfC\u00f3mo puedo agregar una Tabla de Precios a mi sitio de Squarespace sin conocimientos de programaci\u00f3n?<\/h3>\r\n\r\n\t\t\t\t\t\t<div class=\"faq-item-question-icon\"><\/div>\r\n\t\t\t\t\t<\/div>\r\n\r\n\t\t\t\t\t<div class=\"faq-item-answer\">\r\n\t\t\t\t\t\t<div class=\"faq-item-answer-text\"> <p>Elfsight proporciona una soluci\u00f3n SaaS que te permite crear un widget de Tabla de Precios por ti mismo, descubre lo f\u00e1cil que es el proceso: Trabaja directamente en el Editor en l\u00ednea para crear un widget de Tabla de Precios que desees ver en tu sitio web de Squarespace. Elige una de las plantillas predefinidas y ajusta la configuraci\u00f3n de la Tabla de Precios, agrega tu contenido, cambia el dise\u00f1o y los colores sin necesidad de conocimientos de programaci\u00f3n. Guarda la Tabla de Precios y copia su c\u00f3digo de instalaci\u00f3n, que puedes incrustar f\u00e1cilmente en tu sitio de Squarespace sin necesidad de comprar un plan de pago. Con nuestro Editor intuitivo, cualquier usuario de internet puede crear un widget de Tabla de Precios en l\u00ednea y agregarlo f\u00e1cilmente a su sitio de Squarespace. No es necesario pagar ni ingresar tus datos de tarjeta para acceder al servicio. Si encuentras problemas en cualquier paso, no dudes en contactar a nuestro equipo de soporte t\u00e9cnico.<\/p> <\/div>\r\n\t\t\t\t\t<\/div>\r\n\t\t\t\t<\/div> <\/div> <\/div>","protected":false},"excerpt":{"rendered":"","protected":false},"author":18,"featured_media":0,"parent":2019,"menu_order":0,"comment_status":"closed","ping_status":"closed","template":"templates\/template-application-platform.php","meta":{"publish_to_discourse":"","publish_post_category":"","wpdc_auto_publish_overridden":"","wpdc_topic_tags":"","wpdc_pin_topic":"","wpdc_pin_until":"","discourse_post_id":"","discourse_permalink":"","wpdc_publishing_response":"","wpdc_publishing_error":"","footnotes":""},"class_list":["post-3880","page","type-page","status-publish","hentry"],"yoast_head":"<!-- This site is optimized with the Yoast SEO plugin v25.3.1 - https:\/\/yoast.com\/wordpress\/plugins\/seo\/ -->\n<title>Tabla de precios - Incorporar plugin de Precios mesa al Squarespace<\/title>\n<meta name=\"description\" content=\"Incrusta un widget atractivo de Tabla de precios en su p\u00e1gina web de Squarespace. Use la demo de Elfsight intuitiva y construe su plugin personalizado.\" \/>\n<meta name=\"robots\" content=\"index, follow, max-snippet:-1, max-image-preview:large, max-video-preview:-1\" \/>\n<link rel=\"canonical\" href=\"https:\/\/elfsight.com\/es\/pricing-table-plugin\/squarespace\/\" \/>\n<meta property=\"og:locale\" content=\"es_ES\" \/>\n<meta property=\"og:type\" content=\"article\" \/>\n<meta property=\"og:title\" content=\"Tabla de precios - Incorporar plugin de Precios mesa al Squarespace\" \/>\n<meta property=\"og:description\" content=\"Incrusta un widget atractivo de Tabla de precios en su p\u00e1gina web de Squarespace. Use la demo de Elfsight intuitiva y construe su plugin personalizado.\" \/>\n<meta property=\"og:url\" content=\"https:\/\/elfsight.com\/es\/pricing-table-plugin\/squarespace\/\" \/>\n<meta property=\"og:site_name\" content=\"Elfsight ES\" \/>\n<meta property=\"article:modified_time\" content=\"2025-02-06T15:15:42+00:00\" \/>\n<meta name=\"twitter:card\" content=\"summary_large_image\" \/>\n<meta name=\"twitter:label1\" content=\"Tiempo de lectura\" \/>\n\t<meta name=\"twitter:data1\" content=\"1 minuto\" \/>\n<!-- \/ Yoast SEO plugin. -->","yoast_head_json":{"title":"Tabla de precios - Incorporar plugin de Precios mesa al Squarespace","description":"Incrusta un widget atractivo de Tabla de precios en su p\u00e1gina web de Squarespace. Use la demo de Elfsight intuitiva y construe su plugin personalizado.","robots":{"index":"index","follow":"follow","max-snippet":"max-snippet:-1","max-image-preview":"max-image-preview:large","max-video-preview":"max-video-preview:-1"},"canonical":"https:\/\/elfsight.com\/es\/pricing-table-plugin\/squarespace\/","og_locale":"es_ES","og_type":"article","og_title":"Tabla de precios - Incorporar plugin de Precios mesa al Squarespace","og_description":"Incrusta un widget atractivo de Tabla de precios en su p\u00e1gina web de Squarespace. Use la demo de Elfsight intuitiva y construe su plugin personalizado.","og_url":"https:\/\/elfsight.com\/es\/pricing-table-plugin\/squarespace\/","og_site_name":"Elfsight ES","article_modified_time":"2025-02-06T15:15:42+00:00","twitter_card":"summary_large_image","twitter_misc":{"Tiempo de lectura":"1 minuto"},"schema":{"@context":"https:\/\/schema.org","@graph":[{"@type":"WebPage","@id":"https:\/\/elfsight.com\/es\/pricing-table-plugin\/squarespace\/","url":"https:\/\/elfsight.com\/es\/pricing-table-plugin\/squarespace\/","name":"Tabla de precios - Incorporar plugin de Precios mesa al Squarespace","isPartOf":{"@id":"https:\/\/elfsight.com\/es\/#website"},"datePublished":"2022-02-11T12:07:25+00:00","dateModified":"2025-02-06T15:15:42+00:00","description":"Incrusta un widget atractivo de Tabla de precios en su p\u00e1gina web de Squarespace. Use la demo de Elfsight intuitiva y construe su plugin personalizado.","breadcrumb":{"@id":"https:\/\/elfsight.com\/es\/pricing-table-plugin\/squarespace\/#breadcrumb"},"inLanguage":"es","potentialAction":[{"@type":"ReadAction","target":["https:\/\/elfsight.com\/es\/pricing-table-plugin\/squarespace\/"]}]},{"@type":"BreadcrumbList","@id":"https:\/\/elfsight.com\/es\/pricing-table-plugin\/squarespace\/#breadcrumb","itemListElement":[{"@type":"ListItem","position":1,"name":"Home","item":"https:\/\/elfsight.com\/es\/"},{"@type":"ListItem","position":2,"name":"Pricing Table","item":"https:\/\/elfsight.com\/es\/pricing-table-plugin\/"},{"@type":"ListItem","position":3,"name":"Pricing Table &#8211; Squarespace"}]},{"@type":"WebSite","@id":"https:\/\/elfsight.com\/es\/#website","url":"https:\/\/elfsight.com\/es\/","name":"Elfsight ES","description":"Just another Elfsight Sites site","potentialAction":[{"@type":"SearchAction","target":{"@type":"EntryPoint","urlTemplate":"https:\/\/elfsight.com\/es\/?s={search_term_string}"},"query-input":{"@type":"PropertyValueSpecification","valueRequired":true,"valueName":"search_term_string"}}],"inLanguage":"es"}]}},"meta_box":{"industry":"","seo_heading":"","heading":"","description":"","cta_heading":"","cta_description":"","application":"2018","h1":"complemento de Tabla de precios para Squarespace","h1_caption":"Presente sus opciones de precios de forma clara y atractiva, ayudando a los clientes a elegir el plan adecuado para sus necesidades en su sitio web de Squarespace sin esfuerzo.","application_category":[],"applications_title":"","applications_request_title":"","applications_request_button_text":"","hero_text":"","hero_video":"","hero_video_schema_markup":"","selling_points_title":"","selling_points_caption":"","selling_points":[],"selling_points_cta_text":"","features_title":"","features":"","ed_cta_examples_text":"","ed_cta_examples_hidden":"","ed_cta_demo_text":"","ed_cta_demo_hidden":"","why_caption":"","why_editor_title":"","why_editor_text":"","why_team_title":"","why_team_text":"","why_service_title":"","why_service_text":"","template_catalog_visible":"","template_catalog_title":"","template_catalog_text":"","template_catalog_categories_visible":"","demo_title":"Crea tu complemento de tabla de precios","demo_caption":"\u00a1Configura tu tabla de precios y agr\u00e9gala a tu sitio web de Squarespace gratis!","default_faq_hidden":"","app_template_category":[],"platform":"100","template_public_id":"","codecanyon_url":"","codecanyon_item_id":"","codecanyon_price":"","pricing_caption":"","pricing_elfsight_apps_hide_column":"","pricing_elfsight_apps_url":"","pricing_codecanyon_price_caption":"","integration_category":[],"integration_request_title":"","integration_request_cta":"","integration_platform":"","integrations":[],"platform_category":[],"video_schema_markup":"","price":"desde $0 por mes","trial":"","benefits":[{"text":"Instalaci\u00f3n gratuita"},{"text":"Soporte Premium"},{"text":"14 d\u00edas garant\u00eda de reembolso"},{"text":"Actualizaciones regulares"}],"button_url":"#demo","button_target_blank":"0","button_nofollow":"0","attributes":[{"name":"Responsivo","content":"Si","_state":"expanded"},{"name":"Navegadores compatibles","content":"Firefox, Safari, Opera, Chrome, Edge","_state":"expanded"}],"tags":[],"tags_disable_links":"0","hide_more_platforms":"","video_object":"","demo_hide_cta":"0","demo_hide_cloud_options":"0","pricing_title":"","pricing":[{"pricing_icon":"platform","pricing_title":" Elfsight Apps","pricing_title_caption":"Soluci\u00f3n multiplataforma - valido para cualquier p\u00e1gina web","pricing_price":"desde $0 por mes","pricing_price_caption":"empezar con un plan gratuito","pricing_benefits":[{"text":"Sitios web ilimitados"},{"text":"Atenci\u00f3n al cliente gratuita y r\u00e1pida"},{"text":"Servicio de instalaci\u00f3n gratuito"},{"text":"Totalmente personalizable"}],"pricing_button_text":"Agregar al sitio web","pricing_button_url":"#demo","_state":"expanded"}],"related_apps_title":"","related_apps_hidden":"1","author":"","image":[],"title":"","job":"","social_networks":[]},"_links":{"self":[{"href":"https:\/\/elfsight.com\/es\/wp-json\/wp\/v2\/pages\/3880","targetHints":{"allow":["GET"]}}],"collection":[{"href":"https:\/\/elfsight.com\/es\/wp-json\/wp\/v2\/pages"}],"about":[{"href":"https:\/\/elfsight.com\/es\/wp-json\/wp\/v2\/types\/page"}],"author":[{"embeddable":true,"href":"https:\/\/elfsight.com\/es\/wp-json\/wp\/v2\/users\/18"}],"replies":[{"embeddable":true,"href":"https:\/\/elfsight.com\/es\/wp-json\/wp\/v2\/comments?post=3880"}],"version-history":[{"count":3,"href":"https:\/\/elfsight.com\/es\/wp-json\/wp\/v2\/pages\/3880\/revisions"}],"predecessor-version":[{"id":17997,"href":"https:\/\/elfsight.com\/es\/wp-json\/wp\/v2\/pages\/3880\/revisions\/17997"}],"up":[{"embeddable":true,"href":"https:\/\/elfsight.com\/es\/wp-json\/wp\/v2\/pages\/2019"}],"wp:attachment":[{"href":"https:\/\/elfsight.com\/es\/wp-json\/wp\/v2\/media?parent=3880"}],"curies":[{"name":"wp","href":"https:\/\/api.w.org\/{rel}","templated":true}]}}