{"id":3872,"date":"2022-02-11T12:07:51","date_gmt":"2022-02-11T12:07:51","guid":{"rendered":"https:\/\/elfsight.com\/es\/?page_id=3872"},"modified":"2025-02-06T15:15:33","modified_gmt":"2025-02-06T15:15:33","slug":"shopify","status":"publish","type":"page","link":"https:\/\/elfsight.com\/es\/pricing-table-plugin\/shopify\/","title":{"rendered":"Pricing Table &#8211; Shopify"},"content":{"rendered":"<div class=\"application-platform-content-item-description application-platform-content-item\" id=\"description\" data-nav-section=\"description\"><h2>Insertar tabla de precios en Shopify con el widget de Elfsight<\/h2><p>El precio juega un papel clave en llevar a los visitantes a comprar o hacer un pedido. La aplicaci\u00f3n de Elfsight no solo permite a los clientes del sitio examinar y analizar varias opciones de precios de forma r\u00e1pida, sino que tambi\u00e9n contribuye a aumentar la conversi\u00f3n gracias a las \u00faltimas tendencias de interfaz y modelado.<\/p><p><b>Lleva las ventas de tu sitio web a otro nivel con la ayuda de una estrategia de precios efectiva.<\/b><\/p><p>&nbsp;<\/p><ul><li><b>Encuentra m\u00e1s clientes<\/b>.<br>Utiliza todas las herramientas poderosas del dise\u00f1o para deshacerte de cualquier malentendido o duda que pueda tener tu cliente al realizar su compra en tu sitio, logrando as\u00ed la m\u00e1xima conversi\u00f3n.<\/li><li><b>Personalizaci\u00f3n instant\u00e1nea y efectiva<\/b>.<br>Con la gran cantidad de opciones que permiten crear diferentes tablas de precios en solo unos minutos, obtendr\u00e1s la que sea m\u00e1s efectiva para tu sitio web.<\/li><li><b>Habla m\u00e1s sobre tus ofertas<\/b>.<br>Cuenta m\u00e1s sobre cada uno de tus planes de precios y mu\u00e9stralos a trav\u00e9s de una aplicaci\u00f3n personalizada, para que los usuarios puedan examinar y analizar tus planes r\u00e1pidamente.<\/li><\/ul><\/div><div class=\"application-platform-content-item-features application-platform-content-item\" id=\"features\" data-nav-section=\"features\"><h2>Caracter\u00edsticas principales del widget de tabla de precios<\/h2><p>Las ventajas que transforman nuestra aplicaci\u00f3n en la mejor tabla de precios para sitios web de Shopify.<\/p><ul><li>2 tipos predefinidos de radio de borde y 4 tipos predefinidos de grosor de borde;<\/li><li>Lista de caracter\u00edsticas ajustable, completa con iconos de caracter\u00edsticas, sugerencias y n\u00famero ilimitado de caracter\u00edsticas;<\/li><li>Los elementos de color de cada columna se pueden personalizar individualmente;<\/li><li>Radio de borde y grosor del bot\u00f3n personalizables;<\/li><li>Dise\u00f1o optimizado para m\u00f3viles.<\/li><\/ul><p><a href=\"#demo\">Puedes ver todas las ventajas usando la demo en vivo<\/a><\/p><\/div><div class=\"application-platform-content-item-installation application-platform-content-item\" id=\"installation\" data-nav-section=\"installation\"><h2>C\u00f3mo agregar la tabla de precios al sitio Shopify<\/h2><div class=\"video-container\"><iframe width=\"720\" height=\"405\" src=\"https:\/\/www.youtube.com\/embed\/4RUBRdMHAc8\" frameborder=\"0\" allowfullscreen=\"\"><\/iframe><\/div><p>Un tutorial sobre c\u00f3mo configurar la aplicaci\u00f3n. Para hacerlo, no necesitas experiencia en programaci\u00f3n ni mucho tiempo. Solo sigue 3 pasos sencillos que te llevar\u00e1n 1 minuto.<\/p><ol><li><b>Usa nuestro configurador gratuito y empieza a trabajar con tu aplicaci\u00f3n personalizada. <\/b><br> Elige la interfaz y las opciones preferidas de la aplicaci\u00f3n y guarda todos los cambios.<\/li>  <li><b>Obt\u00e9n tu c\u00f3digo \u00fanico que aparecer\u00e1 en la ventana de Elfsight Apps. <\/b><br> Justo despu\u00e9s de que se termine la generaci\u00f3n de tu aplicaci\u00f3n personalizada, copia el c\u00f3digo individual desde la ventana emergente y gu\u00e1rdalo para futuros usos.<\/li>  <li><b>Inicia el uso de la aplicaci\u00f3n en el sitio Shopify. <\/b><br> Ingresa el c\u00f3digo que guardaste recientemente en tu sitio web y guarda los cambios.<\/li>  <li><b>La instalaci\u00f3n se ha completado. <\/b><br> Visita tu sitio web para ver c\u00f3mo est\u00e1 funcionando la aplicaci\u00f3n.<\/li><\/ol><p>\u00bfTienes preguntas sobre la instalaci\u00f3n de la aplicaci\u00f3n? Lee nuestro manual extenso \u00ab<a href=\"https:\/\/elfsight.com\/tutorials\/how-to-add-pricing-table-to-shopify\/\" target=\"_blank\" rel=\"noopener noreferrer\">C\u00f3mo insertar una tabla de precios en Shopify<\/a>\u00bb o contacta con nuestro equipo de soporte, que resolver\u00e1 cualquier tipo de problema r\u00e1pidamente.<\/p><div class=\"faq\" data-component=\"FAQ\"> <div class=\"faq-item\">\r\n\t\t\t\t\t<div class=\"faq-item-question\">\r\n\t\t\t\t\t\t<h3 class=\"faq-item-question-text\">\u00bfC\u00f3mo puedo agregar una tabla de precios a mi sitio Shopify sin habilidades de programaci\u00f3n?<\/h3>\r\n\r\n\t\t\t\t\t\t<div class=\"faq-item-question-icon\"><\/div>\r\n\t\t\t\t\t<\/div>\r\n\r\n\t\t\t\t\t<div class=\"faq-item-answer\">\r\n\t\t\t\t\t\t<div class=\"faq-item-answer-text\"> <p>Elfsight ofrece una soluci\u00f3n SaaS que te permite crear el widget de la tabla de precios por ti mismo, descubre lo f\u00e1cil que es el proceso: Trabaja directamente en el Editor en l\u00ednea para crear un widget de tabla de precios que te gustar\u00eda ver en tu sitio Shopify. Elige una de las plantillas predefinidas y ajusta la configuraci\u00f3n de la tabla de precios, agrega tu contenido, cambia el dise\u00f1o y los colores sin necesidad de habilidades de programaci\u00f3n. Guarda la tabla de precios y copia su c\u00f3digo de instalaci\u00f3n, que podr\u00e1s incrustar f\u00e1cilmente en tu sitio Shopify sin necesidad de comprar un plan de pago. Con nuestro Editor intuitivo, cualquier usuario de Internet puede crear un widget de tabla de precios en l\u00ednea e incrustarlo f\u00e1cilmente en su sitio Shopify. No es necesario pagar ni ingresar tus credenciales de tarjeta para acceder al servicio. Si encuentras alg\u00fan problema en alg\u00fan paso, no dudes en contactar con nuestro equipo de soporte t\u00e9cnico.<\/p> <\/div>\r\n\t\t\t\t\t<\/div>\r\n\t\t\t\t<\/div> <\/div> <\/div>","protected":false},"excerpt":{"rendered":"","protected":false},"author":18,"featured_media":0,"parent":2019,"menu_order":0,"comment_status":"closed","ping_status":"closed","template":"templates\/template-application-platform.php","meta":{"publish_to_discourse":"","publish_post_category":"","wpdc_auto_publish_overridden":"","wpdc_topic_tags":"","wpdc_pin_topic":"","wpdc_pin_until":"","discourse_post_id":"","discourse_permalink":"","wpdc_publishing_response":"","wpdc_publishing_error":"","footnotes":""},"class_list":["post-3872","page","type-page","status-publish","hentry"],"yoast_head":"<!-- This site is optimized with the Yoast SEO plugin v25.3.1 - https:\/\/yoast.com\/wordpress\/plugins\/seo\/ -->\n<title>Tabla de precios - Integrar app de Precios mesa al Shopify<\/title>\n<meta name=\"description\" content=\"Incrusta un widget responsivo de Tabla de precios en su p\u00e1gina web de Shopify. Lance la demo de Elfsight intuitiva y construe su app \u00fanico.\" \/>\n<meta name=\"robots\" content=\"index, follow, max-snippet:-1, max-image-preview:large, max-video-preview:-1\" \/>\n<link rel=\"canonical\" href=\"https:\/\/elfsight.com\/es\/pricing-table-plugin\/shopify\/\" \/>\n<meta property=\"og:locale\" content=\"es_ES\" \/>\n<meta property=\"og:type\" content=\"article\" \/>\n<meta property=\"og:title\" content=\"Tabla de precios - Integrar app de Precios mesa al Shopify\" \/>\n<meta property=\"og:description\" content=\"Incrusta un widget responsivo de Tabla de precios en su p\u00e1gina web de Shopify. Lance la demo de Elfsight intuitiva y construe su app \u00fanico.\" \/>\n<meta property=\"og:url\" content=\"https:\/\/elfsight.com\/es\/pricing-table-plugin\/shopify\/\" \/>\n<meta property=\"og:site_name\" content=\"Elfsight ES\" \/>\n<meta property=\"article:modified_time\" content=\"2025-02-06T15:15:33+00:00\" \/>\n<meta name=\"twitter:card\" content=\"summary_large_image\" \/>\n<meta name=\"twitter:label1\" content=\"Tiempo de lectura\" \/>\n\t<meta name=\"twitter:data1\" content=\"1 minuto\" \/>\n<!-- \/ Yoast SEO plugin. -->","yoast_head_json":{"title":"Tabla de precios - Integrar app de Precios mesa al Shopify","description":"Incrusta un widget responsivo de Tabla de precios en su p\u00e1gina web de Shopify. Lance la demo de Elfsight intuitiva y construe su app \u00fanico.","robots":{"index":"index","follow":"follow","max-snippet":"max-snippet:-1","max-image-preview":"max-image-preview:large","max-video-preview":"max-video-preview:-1"},"canonical":"https:\/\/elfsight.com\/es\/pricing-table-plugin\/shopify\/","og_locale":"es_ES","og_type":"article","og_title":"Tabla de precios - Integrar app de Precios mesa al Shopify","og_description":"Incrusta un widget responsivo de Tabla de precios en su p\u00e1gina web de Shopify. Lance la demo de Elfsight intuitiva y construe su app \u00fanico.","og_url":"https:\/\/elfsight.com\/es\/pricing-table-plugin\/shopify\/","og_site_name":"Elfsight ES","article_modified_time":"2025-02-06T15:15:33+00:00","twitter_card":"summary_large_image","twitter_misc":{"Tiempo de lectura":"1 minuto"},"schema":{"@context":"https:\/\/schema.org","@graph":[{"@type":"WebPage","@id":"https:\/\/elfsight.com\/es\/pricing-table-plugin\/shopify\/","url":"https:\/\/elfsight.com\/es\/pricing-table-plugin\/shopify\/","name":"Tabla de precios - Integrar app de Precios mesa al Shopify","isPartOf":{"@id":"https:\/\/elfsight.com\/es\/#website"},"datePublished":"2022-02-11T12:07:51+00:00","dateModified":"2025-02-06T15:15:33+00:00","description":"Incrusta un widget responsivo de Tabla de precios en su p\u00e1gina web de Shopify. Lance la demo de Elfsight intuitiva y construe su app \u00fanico.","breadcrumb":{"@id":"https:\/\/elfsight.com\/es\/pricing-table-plugin\/shopify\/#breadcrumb"},"inLanguage":"es","potentialAction":[{"@type":"ReadAction","target":["https:\/\/elfsight.com\/es\/pricing-table-plugin\/shopify\/"]}]},{"@type":"BreadcrumbList","@id":"https:\/\/elfsight.com\/es\/pricing-table-plugin\/shopify\/#breadcrumb","itemListElement":[{"@type":"ListItem","position":1,"name":"Home","item":"https:\/\/elfsight.com\/es\/"},{"@type":"ListItem","position":2,"name":"Pricing Table","item":"https:\/\/elfsight.com\/es\/pricing-table-plugin\/"},{"@type":"ListItem","position":3,"name":"Pricing Table &#8211; Shopify"}]},{"@type":"WebSite","@id":"https:\/\/elfsight.com\/es\/#website","url":"https:\/\/elfsight.com\/es\/","name":"Elfsight ES","description":"Just another Elfsight Sites site","potentialAction":[{"@type":"SearchAction","target":{"@type":"EntryPoint","urlTemplate":"https:\/\/elfsight.com\/es\/?s={search_term_string}"},"query-input":{"@type":"PropertyValueSpecification","valueRequired":true,"valueName":"search_term_string"}}],"inLanguage":"es"}]}},"meta_box":{"industry":"","seo_heading":"","heading":"","description":"","cta_heading":"","cta_description":"","application":"2018","h1":"aplicaci\u00f3n de Tabla de precios para Shopify","h1_caption":"Presenta tus opciones de precios de forma clara y atractiva, ayudando a los clientes a elegir el plan adecuado para sus necesidades en tu sitio web de Shopify sin esfuerzo.","application_category":[],"applications_title":"","applications_request_title":"","applications_request_button_text":"","hero_text":"","hero_video":"","hero_video_schema_markup":"","selling_points_title":"","selling_points_caption":"","selling_points":[],"selling_points_cta_text":"","features_title":"","features":"","ed_cta_examples_text":"","ed_cta_examples_hidden":"","ed_cta_demo_text":"","ed_cta_demo_hidden":"","why_caption":"","why_editor_title":"","why_editor_text":"","why_team_title":"","why_team_text":"","why_service_title":"","why_service_text":"","template_catalog_visible":"","template_catalog_title":"","template_catalog_text":"","template_catalog_categories_visible":"","demo_title":"Crea tu aplicaci\u00f3n Tabla de Precios","demo_caption":"\u00a1Configura tu tabla de precios y agr\u00e9gala a tu sitio web de Shopify gratis!","default_faq_hidden":"","app_template_category":[],"platform":"91","template_public_id":"","codecanyon_url":"","codecanyon_item_id":"","codecanyon_price":"","pricing_caption":"","pricing_elfsight_apps_hide_column":"","pricing_elfsight_apps_url":"","pricing_codecanyon_price_caption":"","integration_category":[],"integration_request_title":"","integration_request_cta":"","integration_platform":"","integrations":[],"platform_category":[],"video_schema_markup":"","price":"desde $0 por mes","trial":"","benefits":[{"text":"Instalaci\u00f3n gratuita"},{"text":"Soporte Premium"},{"text":"14 d\u00edas garant\u00eda de reembolso"},{"text":"Actualizaciones regulares"}],"button_url":"#demo","button_target_blank":"0","button_nofollow":"0","attributes":[{"name":"Responsivo","content":"Si","_state":"expanded"},{"name":"Navegadores compatibles","content":"Firefox, Safari, Opera, Chrome, Edge","_state":"expanded"}],"tags":[],"tags_disable_links":"0","hide_more_platforms":"","video_object":"","demo_hide_cta":"0","demo_hide_cloud_options":"0","pricing_title":"","pricing":[{"pricing_icon":"platform","pricing_title":" Elfsight Apps","pricing_title_caption":"Soluci\u00f3n multiplataforma - valido para cualquier p\u00e1gina web","pricing_price":"desde $0 por mes","pricing_price_caption":"empezar con un plan gratuito","pricing_benefits":[{"text":"Sitios web ilimitados"},{"text":"Atenci\u00f3n al cliente gratuita y r\u00e1pida"},{"text":"Servicio de instalaci\u00f3n gratuito"},{"text":"Totalmente personalizable"}],"pricing_button_text":"Agregar al sitio web","pricing_button_url":"#demo","_state":"expanded"}],"related_apps_title":"","related_apps_hidden":"1","author":"","image":[],"title":"","job":"","social_networks":[]},"_links":{"self":[{"href":"https:\/\/elfsight.com\/es\/wp-json\/wp\/v2\/pages\/3872","targetHints":{"allow":["GET"]}}],"collection":[{"href":"https:\/\/elfsight.com\/es\/wp-json\/wp\/v2\/pages"}],"about":[{"href":"https:\/\/elfsight.com\/es\/wp-json\/wp\/v2\/types\/page"}],"author":[{"embeddable":true,"href":"https:\/\/elfsight.com\/es\/wp-json\/wp\/v2\/users\/18"}],"replies":[{"embeddable":true,"href":"https:\/\/elfsight.com\/es\/wp-json\/wp\/v2\/comments?post=3872"}],"version-history":[{"count":3,"href":"https:\/\/elfsight.com\/es\/wp-json\/wp\/v2\/pages\/3872\/revisions"}],"predecessor-version":[{"id":17993,"href":"https:\/\/elfsight.com\/es\/wp-json\/wp\/v2\/pages\/3872\/revisions\/17993"}],"up":[{"embeddable":true,"href":"https:\/\/elfsight.com\/es\/wp-json\/wp\/v2\/pages\/2019"}],"wp:attachment":[{"href":"https:\/\/elfsight.com\/es\/wp-json\/wp\/v2\/media?parent=3872"}],"curies":[{"name":"wp","href":"https:\/\/api.w.org\/{rel}","templated":true}]}}