{"id":3870,"date":"2022-02-11T12:07:54","date_gmt":"2022-02-11T12:07:54","guid":{"rendered":"https:\/\/elfsight.com\/es\/?page_id=3870"},"modified":"2025-02-06T15:15:33","modified_gmt":"2025-02-06T15:15:33","slug":"jquery","status":"publish","type":"page","link":"https:\/\/elfsight.com\/es\/number-counter-widget\/jquery\/","title":{"rendered":"Number Counter &#8211; jQuery"},"content":{"rendered":"<div class=\"application-platform-content-item-description application-platform-content-item\" id=\"description\" data-nav-section=\"description\"> <h2>Descripci\u00f3n<\/h2> <p>Elfsight Number Counter es un complemento conveniente para jQuery con una amplia gama de caracter\u00edsticas. Es ideal para mostrar tus impresionantes indicadores de negocio, la cantidad de trabajos realizados hasta el momento y mucho m\u00e1s. El widget es excepcionalmente ajustable. Puedes crear cualquier cantidad de contadores, organizarlos en columnas, elegir \u00edconos de nuestra biblioteca o cargar tus propios, hacerlos coloridos o de un solo color, agregar t\u00edtulos para proporcionar a tus usuarios la informaci\u00f3n necesaria, recolorear cualquier caracter\u00edstica, elegir la imagen de fondo, y mucho m\u00e1s. \u00a1Solo comienza a crear tu contador ahora y observa c\u00f3mo crecen tus estad\u00edsticas comerciales clave!<\/p> <p><b>\u00a1Muestra tus maravillosos logros a tus posibles compradores. Aumenta la cantidad de ventas y leads exitosos!<\/b><\/p> <\/div> <div class=\"application-platform-content-item-features application-platform-content-item\" id=\"features\" data-nav-section=\"features\"> <h2>Conoce la lista de las caracter\u00edsticas m\u00e1s \u00fatiles del widget Number Counter:<\/h2> <ul><li>Cualquier cantidad de contadores.<\/li><li>Cualquier cantidad de columnas.<\/li><li>Agrega t\u00edtulos, encabezados, prefijos y sufijos.<\/li><li>Elige el tipo de \u00edcono: cons\u00edguelo de nuestra biblioteca o sube el tuyo propio.<\/li><li>Agrega enlaces.<\/li><\/ul><p><a href=\"#demo\">Prueba todas las configuraciones en la demo 100% funcional<\/a><\/p> <\/div> <div class=\"application-platform-content-item-installation application-platform-content-item\" id=\"installation\" data-nav-section=\"installation\"> <h2>\u00bfC\u00f3mo puedo incrustar el contador de n\u00fameros en mi sitio jQuery? <\/h2> <p>Simplemente sigue los pasos descritos a continuaci\u00f3n para integrar el widget.<\/p> <ol><li><b>Lanza nuestro editor gratuito, comienza a crear tu widget \u00fanico. <\/b><br> Elige el dise\u00f1o y los aspectos deseados del widget y guarda los cambios.<\/li>  <li><b>Obt\u00e9n tu c\u00f3digo exclusivo mostrado en la ventana de Elfsight Apps. <\/b><br> Despu\u00e9s de personalizar tu widget, copia el c\u00f3digo exclusivo en la ventana emergente y gu\u00e1rdalo para su uso futuro.<\/li>  <li><b>Comienza a usar el complemento en tu sitio jQuery. <\/b><br> Inserta el c\u00f3digo que copiaste recientemente en tu p\u00e1gina y aplica los ajustes.<\/li>  <li><b>La instalaci\u00f3n se ha realizado correctamente. <\/b><br> Visita tu sitio web para inspeccionar c\u00f3mo funciona el complemento.<\/li><\/ol> <p>Si encuentras alg\u00fan obst\u00e1culo, no dudes en ponerte en contacto con nuestro equipo de soporte. Nuestros consultores estar\u00e1n encantados de resolver todos los problemas que puedas tener con el widget.<\/p> <div class=\"faq\" data-component=\"FAQ\"><div class=\"faq-item\">\r\n\t\t\t\t\t<div class=\"faq-item-question\">\r\n\t\t\t\t\t\t<h3 class=\"faq-item-question-text\">\u00bfExiste alguna forma de incrustar el contador de n\u00fameros en mi sitio jQuery sin necesidad de programar?<\/h3>\r\n\r\n\t\t\t\t\t\t<div class=\"faq-item-question-icon\"><\/div>\r\n\t\t\t\t\t<\/div>\r\n\r\n\t\t\t\t\t<div class=\"faq-item-answer\">\r\n\t\t\t\t\t\t<div class=\"faq-item-answer-text\"> <p>La empresa Elfsight ofrece una soluci\u00f3n que permite a las personas crear su propio widget Number Counter, descubre lo f\u00e1cil que es: Trabaja directamente en el Editor en vivo para crear la secci\u00f3n del contador de n\u00fameros que te gustar\u00eda ver en la p\u00e1gina web jQuery. Elige una de nuestras plantillas predefinidas y cambia la configuraci\u00f3n del contador de n\u00fameros, cambia el dise\u00f1o y los colores, incluyendo tu contenido, sin necesidad de conocimientos de programaci\u00f3n. Haz clic para guardar la configuraci\u00f3n que hayas realizado en el contador de n\u00fameros y copia su c\u00f3digo de instalaci\u00f3n, que se puede agregar f\u00e1cilmente en la p\u00e1gina principal de jQuery dentro de un plan gratuito. Con la ayuda del Editor intuitivo, cualquier usuario web puede crear la secci\u00f3n de contador de n\u00fameros en l\u00ednea e insertarla f\u00e1cilmente en su p\u00e1gina web jQuery. No es necesario pagar ni revelar tus datos de tarjeta para acceder a nuestro servicio. Si encuentras alg\u00fan problema en cualquier paso, no dudes en ponerte en contacto con nuestro personal de soporte t\u00e9cnico.<\/p> <\/div>\r\n\t\t\t\t\t<\/div>\r\n\t\t\t\t<\/div> <\/div><\/div>","protected":false},"excerpt":{"rendered":"","protected":false},"author":18,"featured_media":0,"parent":1135,"menu_order":0,"comment_status":"closed","ping_status":"closed","template":"templates\/template-application-platform.php","meta":{"publish_to_discourse":"","publish_post_category":"","wpdc_auto_publish_overridden":"","wpdc_topic_tags":"","wpdc_pin_topic":"","wpdc_pin_until":"","discourse_post_id":"","discourse_permalink":"","wpdc_publishing_response":"","wpdc_publishing_error":"","footnotes":""},"class_list":["post-3870","page","type-page","status-publish","hentry"],"yoast_head":"<!-- This site is optimized with the Yoast SEO plugin v25.3.1 - https:\/\/yoast.com\/wordpress\/plugins\/seo\/ -->\n<title>Contador de n\u00fameros - Empotrar widget de Contador al jQuery<\/title>\n<meta name=\"description\" content=\"Incrusta un widget hermoso de Contador de n\u00fameros en su p\u00e1gina web de jQuery. Aplique la demo de Elfsight intuitiva y genere su widget propio.\" \/>\n<meta name=\"robots\" content=\"index, follow, max-snippet:-1, max-image-preview:large, max-video-preview:-1\" \/>\n<link rel=\"canonical\" href=\"https:\/\/elfsight.com\/es\/number-counter-widget\/jquery\/\" \/>\n<meta property=\"og:locale\" content=\"es_ES\" \/>\n<meta property=\"og:type\" content=\"article\" \/>\n<meta property=\"og:title\" content=\"Contador de n\u00fameros - Empotrar widget de Contador al jQuery\" \/>\n<meta property=\"og:description\" content=\"Incrusta un widget hermoso de Contador de n\u00fameros en su p\u00e1gina web de jQuery. Aplique la demo de Elfsight intuitiva y genere su widget propio.\" \/>\n<meta property=\"og:url\" content=\"https:\/\/elfsight.com\/es\/number-counter-widget\/jquery\/\" \/>\n<meta property=\"og:site_name\" content=\"Elfsight ES\" \/>\n<meta property=\"article:modified_time\" content=\"2025-02-06T15:15:33+00:00\" \/>\n<meta name=\"twitter:card\" content=\"summary_large_image\" \/>\n<meta name=\"twitter:label1\" content=\"Tiempo de lectura\" \/>\n\t<meta name=\"twitter:data1\" content=\"1 minuto\" \/>\n<!-- \/ Yoast SEO plugin. -->","yoast_head_json":{"title":"Contador de n\u00fameros - Empotrar widget de Contador al jQuery","description":"Incrusta un widget hermoso de Contador de n\u00fameros en su p\u00e1gina web de jQuery. Aplique la demo de Elfsight intuitiva y genere su widget propio.","robots":{"index":"index","follow":"follow","max-snippet":"max-snippet:-1","max-image-preview":"max-image-preview:large","max-video-preview":"max-video-preview:-1"},"canonical":"https:\/\/elfsight.com\/es\/number-counter-widget\/jquery\/","og_locale":"es_ES","og_type":"article","og_title":"Contador de n\u00fameros - Empotrar widget de Contador al jQuery","og_description":"Incrusta un widget hermoso de Contador de n\u00fameros en su p\u00e1gina web de jQuery. Aplique la demo de Elfsight intuitiva y genere su widget propio.","og_url":"https:\/\/elfsight.com\/es\/number-counter-widget\/jquery\/","og_site_name":"Elfsight ES","article_modified_time":"2025-02-06T15:15:33+00:00","twitter_card":"summary_large_image","twitter_misc":{"Tiempo de lectura":"1 minuto"},"schema":{"@context":"https:\/\/schema.org","@graph":[{"@type":"WebPage","@id":"https:\/\/elfsight.com\/es\/number-counter-widget\/jquery\/","url":"https:\/\/elfsight.com\/es\/number-counter-widget\/jquery\/","name":"Contador de n\u00fameros - Empotrar widget de Contador al jQuery","isPartOf":{"@id":"https:\/\/elfsight.com\/es\/#website"},"datePublished":"2022-02-11T12:07:54+00:00","dateModified":"2025-02-06T15:15:33+00:00","description":"Incrusta un widget hermoso de Contador de n\u00fameros en su p\u00e1gina web de jQuery. Aplique la demo de Elfsight intuitiva y genere su widget propio.","breadcrumb":{"@id":"https:\/\/elfsight.com\/es\/number-counter-widget\/jquery\/#breadcrumb"},"inLanguage":"es","potentialAction":[{"@type":"ReadAction","target":["https:\/\/elfsight.com\/es\/number-counter-widget\/jquery\/"]}]},{"@type":"BreadcrumbList","@id":"https:\/\/elfsight.com\/es\/number-counter-widget\/jquery\/#breadcrumb","itemListElement":[{"@type":"ListItem","position":1,"name":"Home","item":"https:\/\/elfsight.com\/es\/"},{"@type":"ListItem","position":2,"name":"Number Counter","item":"https:\/\/elfsight.com\/es\/number-counter-widget\/"},{"@type":"ListItem","position":3,"name":"Number Counter &#8211; jQuery"}]},{"@type":"WebSite","@id":"https:\/\/elfsight.com\/es\/#website","url":"https:\/\/elfsight.com\/es\/","name":"Elfsight ES","description":"Just another Elfsight Sites site","potentialAction":[{"@type":"SearchAction","target":{"@type":"EntryPoint","urlTemplate":"https:\/\/elfsight.com\/es\/?s={search_term_string}"},"query-input":{"@type":"PropertyValueSpecification","valueRequired":true,"valueName":"search_term_string"}}],"inLanguage":"es"}]}},"meta_box":{"industry":"","seo_heading":"","heading":"","description":"","cta_heading":"","cta_description":"","application":"1134","h1":"widget de contador de n\u00fameros para jQuery","h1_caption":"Muestre estad\u00edsticas e hitos clave con contadores animados para resaltar sus logros de una manera atractiva en su sitio web jQuery sin esfuerzo.","application_category":[],"applications_title":"","applications_request_title":"","applications_request_button_text":"","hero_text":"","hero_video":"","hero_video_schema_markup":"","selling_points_title":"","selling_points_caption":"","selling_points":[],"selling_points_cta_text":"","features_title":"","features":"","ed_cta_examples_text":"","ed_cta_examples_hidden":"","ed_cta_demo_text":"","ed_cta_demo_hidden":"","why_caption":"","why_editor_title":"","why_editor_text":"","why_team_title":"","why_team_text":"","why_service_title":"","why_service_text":"","template_catalog_visible":"","template_catalog_title":"","template_catalog_text":"","template_catalog_categories_visible":"","demo_title":"Crea tu complemento de contador de n\u00fameros","demo_caption":"\u00a1Configure su contador de n\u00fameros y agr\u00e9guelo a su sitio web jQuery gratis!","default_faq_hidden":"","app_template_category":[],"platform":"76","template_public_id":"","codecanyon_url":"","codecanyon_item_id":"","codecanyon_price":"","pricing_caption":"","pricing_elfsight_apps_hide_column":"","pricing_elfsight_apps_url":"","pricing_codecanyon_price_caption":"","integration_category":[],"integration_request_title":"","integration_request_cta":"","integration_platform":"","integrations":[],"platform_category":[],"video_schema_markup":"","price":"desde $0 por mes","trial":"","benefits":[{"text":"Instalaci\u00f3n gratuita"},{"text":"Soporte Premium"},{"text":"14 d\u00edas garant\u00eda de reembolso"},{"text":"Actualizaciones regulares"}],"button_url":"#demo","button_target_blank":"0","button_nofollow":"0","attributes":[{"name":"Responsivo","content":"Si","_state":"expanded"},{"name":"Navegadores compatibles","content":"Firefox, Safari, Opera, Chrome, Edge","_state":"expanded"}],"tags":[],"tags_disable_links":"0","hide_more_platforms":"","video_object":"","demo_hide_cta":"0","demo_hide_cloud_options":"0","pricing_title":"","pricing":[{"pricing_icon":"platform","pricing_title":" Elfsight Apps","pricing_title_caption":"Soluci\u00f3n multiplataforma - valido para cualquier p\u00e1gina web","pricing_price":"desde $0 por mes","pricing_price_caption":"empezar con un plan gratuito","pricing_benefits":[{"text":"Sitios web ilimitados"},{"text":"Atenci\u00f3n al cliente gratuita y r\u00e1pida"},{"text":"Servicio de instalaci\u00f3n gratuito"},{"text":"Totalmente personalizable"}],"pricing_button_text":"Agregar al sitio web","pricing_button_url":"#demo","_state":"expanded"}],"related_apps_title":"","related_apps_hidden":"1","author":"","image":[],"title":"","job":"","social_networks":[]},"_links":{"self":[{"href":"https:\/\/elfsight.com\/es\/wp-json\/wp\/v2\/pages\/3870","targetHints":{"allow":["GET"]}}],"collection":[{"href":"https:\/\/elfsight.com\/es\/wp-json\/wp\/v2\/pages"}],"about":[{"href":"https:\/\/elfsight.com\/es\/wp-json\/wp\/v2\/types\/page"}],"author":[{"embeddable":true,"href":"https:\/\/elfsight.com\/es\/wp-json\/wp\/v2\/users\/18"}],"replies":[{"embeddable":true,"href":"https:\/\/elfsight.com\/es\/wp-json\/wp\/v2\/comments?post=3870"}],"version-history":[{"count":3,"href":"https:\/\/elfsight.com\/es\/wp-json\/wp\/v2\/pages\/3870\/revisions"}],"predecessor-version":[{"id":17992,"href":"https:\/\/elfsight.com\/es\/wp-json\/wp\/v2\/pages\/3870\/revisions\/17992"}],"up":[{"embeddable":true,"href":"https:\/\/elfsight.com\/es\/wp-json\/wp\/v2\/pages\/1135"}],"wp:attachment":[{"href":"https:\/\/elfsight.com\/es\/wp-json\/wp\/v2\/media?parent=3870"}],"curies":[{"name":"wp","href":"https:\/\/api.w.org\/{rel}","templated":true}]}}