{"id":3865,"date":"2022-02-11T12:09:07","date_gmt":"2022-02-11T12:09:07","guid":{"rendered":"https:\/\/elfsight.com\/es\/?page_id=3865"},"modified":"2025-02-06T15:15:25","modified_gmt":"2025-02-06T15:15:25","slug":"magento","status":"publish","type":"page","link":"https:\/\/elfsight.com\/es\/popup-widget\/magento\/","title":{"rendered":"Popup &#8211; Magento"},"content":{"rendered":"<div class=\"application-platform-content-item-description application-platform-content-item\" id=\"description\" data-nav-section=\"description\"> <h2>Descripci\u00f3n<\/h2> <p>Con la extensi\u00f3n Elfsight Pop-up, todos tienen la oportunidad de crear sus pop-ups personalizados de cualquier tipo e integrarlos en tu sitio web de Magento. Crea un pop-up personalizado, con una variedad de elementos incorporados. Cambia la interfaz y la composici\u00f3n; elige el activador de apertura y determina el tiempo para aumentar la efectividad. Los pop-ups permitir\u00e1n a los visitantes suscribirse al bolet\u00edn, conocer tus ofertas, copiar cupones de descuento, aprovechar ventas y ofertas especiales, informarse sobre eventos importantes en tu sitio web y mucho m\u00e1s. Por ejemplo, puedes usar un pop-up de confirmaci\u00f3n en Magento despu\u00e9s de que un usuario haya comprado algo en tu sitio.<\/p><p><b>Los pop-ups permitir\u00e1n vender de manera m\u00e1s efectiva, anunciar actividades planificadas, recopilar impresiones y leads, y mucho m\u00e1s.<\/b><\/p> <\/div><div class=\"faq\" data-component=\"FAQ\"><div class=\"faq-item\">\r\n\t\t\t\t\t<div class=\"faq-item-question\">\r\n\t\t\t\t\t\t<h3 class=\"faq-item-question-text\">\u00bfC\u00f3mo incrusto un Popup en mi sitio Magento? <\/h3>\r\n\r\n\t\t\t\t\t\t<div class=\"faq-item-question-icon\"><\/div>\r\n\t\t\t\t\t<\/div>\r\n\r\n\t\t\t\t\t<div class=\"faq-item-answer\">\r\n\t\t\t\t\t\t<div class=\"faq-item-answer-text\"><p>La creaci\u00f3n del widget se realiza en las p\u00e1ginas de Elfsight y no es necesario saber codificar. Usa nuestra demostraci\u00f3n en l\u00ednea para ajustar tu widget personal, obtener el c\u00f3digo e insertarlo en tu sitio web.<\/p><\/div>\r\n\t\t\t\t\t<\/div>\r\n\t\t\t\t<\/div><div class=\"faq-item\">\r\n\t\t\t\t\t<div class=\"faq-item-question\">\r\n\t\t\t\t\t\t<h3 class=\"faq-item-question-text\">\u00bfCu\u00e1les son los mejores ejemplos de uso de la integraci\u00f3n de un banner emergente?<\/h3>\r\n\r\n\t\t\t\t\t\t<div class=\"faq-item-question-icon\"><\/div>\r\n\t\t\t\t\t<\/div>\r\n\r\n\t\t\t\t\t<div class=\"faq-item-answer\">\r\n\t\t\t\t\t\t<div class=\"faq-item-answer-text\"><p>Te proporcionaremos muchas opciones de personalizaci\u00f3n: widgets de longitud completa para agregar en el \u00e1rea de contenido, complementos flotantes para la funci\u00f3n de desplazamiento, miniaturas para el pie de p\u00e1gina, secci\u00f3n de encabezado y todas las oportunidades verticales para barras laterales y men\u00fas.<\/p><\/div>\r\n\t\t\t\t\t<\/div>\r\n\t\t\t\t<\/div><div class=\"faq-item\">\r\n\t\t\t\t\t<div class=\"faq-item-question\">\r\n\t\t\t\t\t\t<h3 class=\"faq-item-question-text\">\u00bfPuedo crear un pop-up de bolet\u00edn de noticias en Magento a trav\u00e9s del editor?<\/h3>\r\n\r\n\t\t\t\t\t\t<div class=\"faq-item-question-icon\"><\/div>\r\n\t\t\t\t\t<\/div>\r\n\r\n\t\t\t\t\t<div class=\"faq-item-answer\">\r\n\t\t\t\t\t\t<div class=\"faq-item-answer-text\"><p>Puedes crear cualquier modificaci\u00f3n del widget. Solo ve a la secci\u00f3n de plantillas, busca el dise\u00f1o del bolet\u00edn all\u00ed, personal\u00edzalo un poco e inst\u00e1lalo en un sitio Magento. Hay una gran cantidad de dise\u00f1os en el editor, incluyendo la extensi\u00f3n gratuita de Popup para boletines en Magento. Todos se pueden personalizar r\u00e1pidamente seg\u00fan lo necesites.<\/p><\/div>\r\n\t\t\t\t\t<\/div>\r\n\t\t\t\t<\/div><\/div><div class=\"application-platform-content-item-features application-platform-content-item\" id=\"features\" data-nav-section=\"features\"> <h2>Caracter\u00edsticas principales de la extensi\u00f3n Pop-up<\/h2> <p>Aqu\u00ed puedes ver todas las funciones del widget. Est\u00e1n disponibles directamente en el editor y te ayudar\u00e1n a crear el widget de bolet\u00edn de noticias m\u00e1s adecuado para tus necesidades.<\/p> <ul><li>Numerosas plantillas listas para usar: Popup de confirmaci\u00f3n de Magento, bolet\u00edn de noticias, Black Friday, etc.<\/li><li>12 elementos diversos para construir un pop-up<\/li> <li>5 dise\u00f1os de pop-ups listos para diferentes casos<\/li> <li>Botones para redirigir a cualquier direcci\u00f3n<\/li> <li>Sube una imagen de fondo<\/li> <li>El pop-up puede activarse despu\u00e9s de un tiempo espec\u00edfico en la p\u00e1gina o por la cantidad de desplazamiento<\/li> <li>El pop-up puede activarse al hacer clic en el elemento seleccionado o al desplazarse hacia \u00e9l<\/li> <\/ul> <p><a href=\"#demo\">Ver c\u00f3mo funcionan todas las caracter\u00edsticas en nuestra demo<\/a><\/p> <\/div><div class=\"application-platform-content-item-installation application-platform-content-item\" id=\"installation\" data-nav-section=\"installation\"><h2>\u00bfC\u00f3mo agregar un Popup a mi sitio Magento?<\/h2> <p>Sigue solo unos pocos pasos descritos a continuaci\u00f3n para integrar el widget en Magento.<\/p> <ol><li><b>Lanza nuestra demo gratuita y comienza a crear tu extensi\u00f3n personalizada. <\/b><br> Encuentra el formulario deseado y las especificaciones de la extensi\u00f3n y guarda los cambios.<\/li>  <li><b>Copiar tu c\u00f3digo personal mostrado en la ventana de Elfsight Apps. <\/b><br> Tan pronto como la configuraci\u00f3n de tu herramienta se haya completado, copia el c\u00f3digo exclusivo en el pop-up que aparece y gu\u00e1rdalo para un futuro uso.<\/li>  <li><b>Comienza a usar la extensi\u00f3n Popup en tu sitio Magento. <\/b><br> Coloca el c\u00f3digo que copiaste anteriormente en tu p\u00e1gina y aplica los ajustes.<\/li>  <li><b>La instalaci\u00f3n se realiz\u00f3 con \u00e9xito. <\/b><br> Visita tu sitio Magento para ver el rendimiento del widget.<\/li><\/ol><p>No dudes en ponerte en contacto con el soporte al cliente de Elfsight en caso de que necesites ayuda con la instalaci\u00f3n en Magento. Te ayudaremos con cualquier consulta.<\/p> <\/div>","protected":false},"excerpt":{"rendered":"","protected":false},"author":18,"featured_media":0,"parent":1488,"menu_order":0,"comment_status":"closed","ping_status":"closed","template":"templates\/template-application-platform.php","meta":{"publish_to_discourse":"","publish_post_category":"","wpdc_auto_publish_overridden":"","wpdc_topic_tags":"","wpdc_pin_topic":"","wpdc_pin_until":"","discourse_post_id":"","discourse_permalink":"","wpdc_publishing_response":"","wpdc_publishing_error":"","footnotes":""},"class_list":["post-3865","page","type-page","status-publish","hentry"],"yoast_head":"<!-- This site is optimized with the Yoast SEO plugin v25.3.1 - https:\/\/yoast.com\/wordpress\/plugins\/seo\/ -->\n<title>Popup - Embeber plugin de Ventana emergente al Magento<\/title>\n<meta name=\"description\" content=\"Instala un extention hermoso de Popup en su sitio de Magento. Lance la demo de Elfsight intuitiva y cree su plugin propio.\" \/>\n<meta name=\"robots\" content=\"index, follow, max-snippet:-1, max-image-preview:large, max-video-preview:-1\" \/>\n<link rel=\"canonical\" href=\"https:\/\/elfsight.com\/es\/popup-widget\/magento\/\" \/>\n<meta property=\"og:locale\" content=\"es_ES\" \/>\n<meta property=\"og:type\" content=\"article\" \/>\n<meta property=\"og:title\" content=\"Popup - Embeber plugin de Ventana emergente al Magento\" \/>\n<meta property=\"og:description\" content=\"Instala un extention hermoso de Popup en su sitio de Magento. Lance la demo de Elfsight intuitiva y cree su plugin propio.\" \/>\n<meta property=\"og:url\" content=\"https:\/\/elfsight.com\/es\/popup-widget\/magento\/\" \/>\n<meta property=\"og:site_name\" content=\"Elfsight ES\" \/>\n<meta property=\"article:modified_time\" content=\"2025-02-06T15:15:25+00:00\" \/>\n<meta name=\"twitter:card\" content=\"summary_large_image\" \/>\n<meta name=\"twitter:label1\" content=\"Tiempo de lectura\" \/>\n\t<meta name=\"twitter:data1\" content=\"2 minutos\" \/>\n<!-- \/ Yoast SEO plugin. -->","yoast_head_json":{"title":"Popup - Embeber plugin de Ventana emergente al Magento","description":"Instala un extention hermoso de Popup en su sitio de Magento. Lance la demo de Elfsight intuitiva y cree su plugin propio.","robots":{"index":"index","follow":"follow","max-snippet":"max-snippet:-1","max-image-preview":"max-image-preview:large","max-video-preview":"max-video-preview:-1"},"canonical":"https:\/\/elfsight.com\/es\/popup-widget\/magento\/","og_locale":"es_ES","og_type":"article","og_title":"Popup - Embeber plugin de Ventana emergente al Magento","og_description":"Instala un extention hermoso de Popup en su sitio de Magento. Lance la demo de Elfsight intuitiva y cree su plugin propio.","og_url":"https:\/\/elfsight.com\/es\/popup-widget\/magento\/","og_site_name":"Elfsight ES","article_modified_time":"2025-02-06T15:15:25+00:00","twitter_card":"summary_large_image","twitter_misc":{"Tiempo de lectura":"2 minutos"},"schema":{"@context":"https:\/\/schema.org","@graph":[{"@type":"WebPage","@id":"https:\/\/elfsight.com\/es\/popup-widget\/magento\/","url":"https:\/\/elfsight.com\/es\/popup-widget\/magento\/","name":"Popup - Embeber plugin de Ventana emergente al Magento","isPartOf":{"@id":"https:\/\/elfsight.com\/es\/#website"},"datePublished":"2022-02-11T12:09:07+00:00","dateModified":"2025-02-06T15:15:25+00:00","description":"Instala un extention hermoso de Popup en su sitio de Magento. Lance la demo de Elfsight intuitiva y cree su plugin propio.","breadcrumb":{"@id":"https:\/\/elfsight.com\/es\/popup-widget\/magento\/#breadcrumb"},"inLanguage":"es","potentialAction":[{"@type":"ReadAction","target":["https:\/\/elfsight.com\/es\/popup-widget\/magento\/"]}]},{"@type":"BreadcrumbList","@id":"https:\/\/elfsight.com\/es\/popup-widget\/magento\/#breadcrumb","itemListElement":[{"@type":"ListItem","position":1,"name":"Home","item":"https:\/\/elfsight.com\/es\/"},{"@type":"ListItem","position":2,"name":"Popup","item":"https:\/\/elfsight.com\/es\/popup-widget\/"},{"@type":"ListItem","position":3,"name":"Popup &#8211; Magento"}]},{"@type":"WebSite","@id":"https:\/\/elfsight.com\/es\/#website","url":"https:\/\/elfsight.com\/es\/","name":"Elfsight ES","description":"Just another Elfsight Sites site","potentialAction":[{"@type":"SearchAction","target":{"@type":"EntryPoint","urlTemplate":"https:\/\/elfsight.com\/es\/?s={search_term_string}"},"query-input":{"@type":"PropertyValueSpecification","valueRequired":true,"valueName":"search_term_string"}}],"inLanguage":"es"}]}},"meta_box":{"industry":"","seo_heading":"","heading":"","description":"","cta_heading":"","cta_description":"","application":"1487","h1":"complemento de ventana emergente para Magento","h1_caption":"Una extention \u00fatil para presentar un %producto2% en su sitio","application_category":[],"applications_title":"","applications_request_title":"","applications_request_button_text":"","hero_text":"","hero_video":"","hero_video_schema_markup":"","selling_points_title":"","selling_points_caption":"","selling_points":[],"selling_points_cta_text":"","features_title":"","features":"","ed_cta_examples_text":"","ed_cta_examples_hidden":"","ed_cta_demo_text":"","ed_cta_demo_hidden":"","why_caption":"","why_editor_title":"","why_editor_text":"","why_team_title":"","why_team_text":"","why_service_title":"","why_service_text":"","template_catalog_visible":"","template_catalog_title":"","template_catalog_text":"","template_catalog_categories_visible":"","demo_title":"Crea tu extensi\u00f3n emergente","demo_caption":"\u00a1Configura tu Popup y agr\u00e9galo a tu sitio web Magento gratis!","default_faq_hidden":"","app_template_category":[],"platform":"82","template_public_id":"","codecanyon_url":"","codecanyon_item_id":"","codecanyon_price":"","pricing_caption":"","pricing_elfsight_apps_hide_column":"","pricing_elfsight_apps_url":"","pricing_codecanyon_price_caption":"","integration_category":[],"integration_request_title":"","integration_request_cta":"","integration_platform":"","integrations":[],"platform_category":[],"video_schema_markup":"","price":"desde $0 por mes","trial":"","benefits":[{"text":"Instalaci\u00f3n gratuita"},{"text":"Soporte Premium"},{"text":"14 d\u00edas garant\u00eda de reembolso"},{"text":"Actualizaciones regulares"}],"button_url":"#demo","button_target_blank":"0","button_nofollow":"0","attributes":[{"name":"Responsivo","content":"Si","_state":"expanded"},{"name":"Navegadores compatibles","content":"Firefox, Safari, Opera, Chrome, Edge","_state":"expanded"}],"tags":[],"tags_disable_links":"0","hide_more_platforms":"","video_object":"","demo_hide_cta":"0","demo_hide_cloud_options":"0","pricing_title":"","pricing":[{"pricing_icon":"platform","pricing_title":" Elfsight Apps","pricing_title_caption":"Soluci\u00f3n multiplataforma - valido para cualquier p\u00e1gina web","pricing_price":"desde $0 por mes","pricing_price_caption":"empezar con un plan gratuito","pricing_benefits":[{"text":"Sitios web ilimitados"},{"text":"Atenci\u00f3n al cliente gratuita y r\u00e1pida"},{"text":"Servicio de instalaci\u00f3n gratuito"},{"text":"Totalmente personalizable"}],"pricing_button_text":"Agregar al sitio web","pricing_button_url":"#demo","_state":"expanded"}],"related_apps_title":"","related_apps_hidden":"1","author":"","image":[],"title":"","job":"","social_networks":[]},"_links":{"self":[{"href":"https:\/\/elfsight.com\/es\/wp-json\/wp\/v2\/pages\/3865","targetHints":{"allow":["GET"]}}],"collection":[{"href":"https:\/\/elfsight.com\/es\/wp-json\/wp\/v2\/pages"}],"about":[{"href":"https:\/\/elfsight.com\/es\/wp-json\/wp\/v2\/types\/page"}],"author":[{"embeddable":true,"href":"https:\/\/elfsight.com\/es\/wp-json\/wp\/v2\/users\/18"}],"replies":[{"embeddable":true,"href":"https:\/\/elfsight.com\/es\/wp-json\/wp\/v2\/comments?post=3865"}],"version-history":[{"count":3,"href":"https:\/\/elfsight.com\/es\/wp-json\/wp\/v2\/pages\/3865\/revisions"}],"predecessor-version":[{"id":17990,"href":"https:\/\/elfsight.com\/es\/wp-json\/wp\/v2\/pages\/3865\/revisions\/17990"}],"up":[{"embeddable":true,"href":"https:\/\/elfsight.com\/es\/wp-json\/wp\/v2\/pages\/1488"}],"wp:attachment":[{"href":"https:\/\/elfsight.com\/es\/wp-json\/wp\/v2\/media?parent=3865"}],"curies":[{"name":"wp","href":"https:\/\/api.w.org\/{rel}","templated":true}]}}