{"id":3864,"date":"2022-02-11T12:09:09","date_gmt":"2022-02-11T12:09:09","guid":{"rendered":"https:\/\/elfsight.com\/es\/?page_id=3864"},"modified":"2025-02-06T15:15:25","modified_gmt":"2025-02-06T15:15:25","slug":"opencart","status":"publish","type":"page","link":"https:\/\/elfsight.com\/es\/pricing-table-plugin\/opencart\/","title":{"rendered":"Pricing Table &#8211; OpenCart"},"content":{"rendered":"<div class=\"application-platform-content-item-description application-platform-content-item\" id=\"description\" data-nav-section=\"description\"><h2>Descripci\u00f3n<\/h2><p>El precio juega uno de los papeles m\u00e1s cr\u00edticos para motivar a los clientes a realizar una compra. El m\u00f3dulo de nuestro equipo no solo permite a los usuarios de la p\u00e1gina familiarizarse r\u00e1pidamente con tus opciones de precios, sino que tambi\u00e9n contribuye a aumentar la conversi\u00f3n gracias a las \u00faltimas t\u00e9cnicas en dise\u00f1o y plantillas.<\/p><p><b>Eleva las ventas de tu sitio web a otro nivel utilizando precios efectivos.<\/b><\/p><ul><li><b>Ayuda a los usuarios a completar una compra<\/b>.<br>En un formato claro, muestra los datos que tus clientes potenciales buscan y convence a tus visitantes de tomar la decisi\u00f3n correcta.<\/li><li><b>Crea el m\u00f3dulo en solo 90 segundos<\/b>.<br>Dedica solo unos minutos para generar el m\u00f3dulo ideal. Personaliza los par\u00e1metros de la interfaz y agrega informaci\u00f3n detallada para mostrarla en segundos.<\/li><li><b>Haz que tus precios sean emocionantes para los clientes<\/b>.<br>Aprovecha lo mejor de la gama de colores, muestra diferentes componentes, muestra im\u00e1genes para hacer que tus precios sean entretenidos para los visitantes y estimular la compra.<\/li><\/ul><\/div><div class=\"application-platform-content-item-features application-platform-content-item\" id=\"features\" data-nav-section=\"features\"><h2>Caracter\u00edsticas<\/h2><p>Los beneficios que transforman nuestro m\u00f3dulo en la mejor tabla de precios para sitios OpenCart.<\/p><ul><li>2 tipos predefinidos de radio de borde y 4 tipos predefinidos de grosor de borde;<\/li><li>Lista de caracter\u00edsticas ajustable, completa con iconos de caracter\u00edsticas, sugerencias y un n\u00famero ilimitado de caracter\u00edsticas;<\/li><li>Cada elemento de color de la columna se puede personalizar individualmente;<\/li><li>Vinculaci\u00f3n del bot\u00f3n a la p\u00e1gina requerida;<\/li><li>Tama\u00f1o y peso de fuente personalizables.<\/li><\/ul><p><a href=\"#demo\">Puedes probar todos los beneficios en el configurador en vivo<\/a><\/p><\/div><div class=\"application-platform-content-item-installation application-platform-content-item\" id=\"installation\" data-nav-section=\"installation\"><h2>\u00bfC\u00f3mo agregar el m\u00f3dulo de tabla de precios a tu sitio OpenCart?<\/h2><p>Sigue las instrucciones a continuaci\u00f3n para integrar la herramienta en OpenCart.<\/p> <ol><li><b>Abrir nuestro editor gratuito y comenzar a construir tu extensi\u00f3n personalizada. <\/b><br> Elige la interfaz y las caracter\u00edsticas adecuadas del widget y guarda las correcciones. <\/li>  <li><b>Copiar el c\u00f3digo personal mostrado en el formulario especial en Elfsight Apps. <\/b><br> Despu\u00e9s de establecer tu tabla de precios personalizada, copia el c\u00f3digo en la ventana emergente y gu\u00e1rdalo para usarlo m\u00e1s tarde. <\/li>  <li><b>Comienza a usar la extensi\u00f3n en tu sitio OpenCart. <\/b><br> Inserta el c\u00f3digo que copiaste anteriormente en tu p\u00e1gina y guarda las modificaciones. <\/li>  <li><b>La instalaci\u00f3n se completa con \u00e9xito. <\/b><br> Ve a tu sitio para ver el rendimiento de la extensi\u00f3n. <\/li><\/ol> <p>No te tomar\u00e1 mucho tiempo. Solo sigue unos pocos pasos r\u00e1pidos que no tomar\u00e1n m\u00e1s de 3 minutos.<br>\u00bfTienes problemas para generar el m\u00f3dulo? Consulta nuestra instrucci\u00f3n completa \u00ab<a href=\"https:\/\/elfsight.com\/tutorials\/how-to-add-pricing-table-to-opencart\/\" target=\"_blank\" rel=\"noopener noreferrer\">C\u00f3mo integrar la tabla de precios en OpenCart<\/a>\u00bb o contacta con nuestro equipo de soporte, que te ayudar\u00e1 con cualquier consulta.<\/p><div class=\"faq\" data-component=\"FAQ\"> <div class=\"faq-item\">\r\n\t\t\t\t\t<div class=\"faq-item-question\">\r\n\t\t\t\t\t\t<h3 class=\"faq-item-question-text\">\u00bfC\u00f3mo puedo agregar una tabla de precios a mi sitio OpenCart sin conocimientos de codificaci\u00f3n?<\/h3>\r\n\r\n\t\t\t\t\t\t<div class=\"faq-item-question-icon\"><\/div>\r\n\t\t\t\t\t<\/div>\r\n\r\n\t\t\t\t\t<div class=\"faq-item-answer\">\r\n\t\t\t\t\t\t<div class=\"faq-item-answer-text\"> <p>Elfsight ofrece una soluci\u00f3n SaaS que te permite crear un widget de tabla de precios por ti mismo, ve lo f\u00e1cil que es el proceso: Trabaja directamente en el Editor en l\u00ednea para crear el widget de tabla de precios que deseas ver en tu sitio OpenCart. Elige una de las plantillas predefinidas y ajusta la configuraci\u00f3n de la tabla de precios, agrega tu contenido, cambia el dise\u00f1o y los colores sin conocimientos de codificaci\u00f3n. Guarda la tabla de precios y copia su c\u00f3digo de instalaci\u00f3n, para que puedas agregarlo f\u00e1cilmente a tu sitio OpenCart sin necesidad de comprar una versi\u00f3n de pago. Con nuestro Editor intuitivo, cualquier usuario de Internet puede crear un widget de tabla de precios en l\u00ednea e integrarlo f\u00e1cilmente en su sitio OpenCart. No es necesario pagar ni ingresar los datos de tu tarjeta para acceder al servicio. Si encuentras alg\u00fan problema en alg\u00fan paso, no dudes en contactar con nuestro equipo de soporte t\u00e9cnico.<\/p> <\/div>\r\n\t\t\t\t\t<\/div>\r\n\t\t\t\t<\/div> <\/div> <\/div>","protected":false},"excerpt":{"rendered":"","protected":false},"author":18,"featured_media":0,"parent":2019,"menu_order":0,"comment_status":"closed","ping_status":"closed","template":"templates\/template-application-platform.php","meta":{"publish_to_discourse":"","publish_post_category":"","wpdc_auto_publish_overridden":"","wpdc_topic_tags":"","wpdc_pin_topic":"","wpdc_pin_until":"","discourse_post_id":"","discourse_permalink":"","wpdc_publishing_response":"","wpdc_publishing_error":"","footnotes":""},"class_list":["post-3864","page","type-page","status-publish","hentry"],"yoast_head":"<!-- This site is optimized with the Yoast SEO plugin v25.3.1 - https:\/\/yoast.com\/wordpress\/plugins\/seo\/ -->\n<title>Tabla de precios - Agregar plugin de Precios mesa al OpenCart<\/title>\n<meta name=\"description\" content=\"Instala un module responsivo de Tabla de precios en su sitio de OpenCart. Lance la demo de Elfsight manejable y construe su plugin personalizado.\" \/>\n<meta name=\"robots\" content=\"index, follow, max-snippet:-1, max-image-preview:large, max-video-preview:-1\" \/>\n<link rel=\"canonical\" href=\"https:\/\/elfsight.com\/es\/pricing-table-plugin\/opencart\/\" \/>\n<meta property=\"og:locale\" content=\"es_ES\" \/>\n<meta property=\"og:type\" content=\"article\" \/>\n<meta property=\"og:title\" content=\"Tabla de precios - Agregar plugin de Precios mesa al OpenCart\" \/>\n<meta property=\"og:description\" content=\"Instala un module responsivo de Tabla de precios en su sitio de OpenCart. Lance la demo de Elfsight manejable y construe su plugin personalizado.\" \/>\n<meta property=\"og:url\" content=\"https:\/\/elfsight.com\/es\/pricing-table-plugin\/opencart\/\" \/>\n<meta property=\"og:site_name\" content=\"Elfsight ES\" \/>\n<meta property=\"article:modified_time\" content=\"2025-02-06T15:15:25+00:00\" \/>\n<meta name=\"twitter:card\" content=\"summary_large_image\" \/>\n<meta name=\"twitter:label1\" content=\"Tiempo de lectura\" \/>\n\t<meta name=\"twitter:data1\" content=\"1 minuto\" \/>\n<!-- \/ Yoast SEO plugin. -->","yoast_head_json":{"title":"Tabla de precios - Agregar plugin de Precios mesa al OpenCart","description":"Instala un module responsivo de Tabla de precios en su sitio de OpenCart. Lance la demo de Elfsight manejable y construe su plugin personalizado.","robots":{"index":"index","follow":"follow","max-snippet":"max-snippet:-1","max-image-preview":"max-image-preview:large","max-video-preview":"max-video-preview:-1"},"canonical":"https:\/\/elfsight.com\/es\/pricing-table-plugin\/opencart\/","og_locale":"es_ES","og_type":"article","og_title":"Tabla de precios - Agregar plugin de Precios mesa al OpenCart","og_description":"Instala un module responsivo de Tabla de precios en su sitio de OpenCart. Lance la demo de Elfsight manejable y construe su plugin personalizado.","og_url":"https:\/\/elfsight.com\/es\/pricing-table-plugin\/opencart\/","og_site_name":"Elfsight ES","article_modified_time":"2025-02-06T15:15:25+00:00","twitter_card":"summary_large_image","twitter_misc":{"Tiempo de lectura":"1 minuto"},"schema":{"@context":"https:\/\/schema.org","@graph":[{"@type":"WebPage","@id":"https:\/\/elfsight.com\/es\/pricing-table-plugin\/opencart\/","url":"https:\/\/elfsight.com\/es\/pricing-table-plugin\/opencart\/","name":"Tabla de precios - Agregar plugin de Precios mesa al OpenCart","isPartOf":{"@id":"https:\/\/elfsight.com\/es\/#website"},"datePublished":"2022-02-11T12:09:09+00:00","dateModified":"2025-02-06T15:15:25+00:00","description":"Instala un module responsivo de Tabla de precios en su sitio de OpenCart. Lance la demo de Elfsight manejable y construe su plugin personalizado.","breadcrumb":{"@id":"https:\/\/elfsight.com\/es\/pricing-table-plugin\/opencart\/#breadcrumb"},"inLanguage":"es","potentialAction":[{"@type":"ReadAction","target":["https:\/\/elfsight.com\/es\/pricing-table-plugin\/opencart\/"]}]},{"@type":"BreadcrumbList","@id":"https:\/\/elfsight.com\/es\/pricing-table-plugin\/opencart\/#breadcrumb","itemListElement":[{"@type":"ListItem","position":1,"name":"Home","item":"https:\/\/elfsight.com\/es\/"},{"@type":"ListItem","position":2,"name":"Pricing Table","item":"https:\/\/elfsight.com\/es\/pricing-table-plugin\/"},{"@type":"ListItem","position":3,"name":"Pricing Table &#8211; OpenCart"}]},{"@type":"WebSite","@id":"https:\/\/elfsight.com\/es\/#website","url":"https:\/\/elfsight.com\/es\/","name":"Elfsight ES","description":"Just another Elfsight Sites site","potentialAction":[{"@type":"SearchAction","target":{"@type":"EntryPoint","urlTemplate":"https:\/\/elfsight.com\/es\/?s={search_term_string}"},"query-input":{"@type":"PropertyValueSpecification","valueRequired":true,"valueName":"search_term_string"}}],"inLanguage":"es"}]}},"meta_box":{"industry":"","seo_heading":"","heading":"","description":"","cta_heading":"","cta_description":"","application":"2018","h1":"plugin de Tabla de precios para OpenCart","h1_caption":"Presente sus opciones de precios de forma clara y atractiva, ayudando a los clientes a elegir el plan adecuado para sus necesidades en su sitio web Opencart sin esfuerzo.","application_category":[],"applications_title":"","applications_request_title":"","applications_request_button_text":"","hero_text":"","hero_video":"","hero_video_schema_markup":"","selling_points_title":"","selling_points_caption":"","selling_points":[],"selling_points_cta_text":"","features_title":"","features":"","ed_cta_examples_text":"","ed_cta_examples_hidden":"","ed_cta_demo_text":"","ed_cta_demo_hidden":"","why_caption":"","why_editor_title":"","why_editor_text":"","why_team_title":"","why_team_text":"","why_service_title":"","why_service_text":"","template_catalog_visible":"","template_catalog_title":"","template_catalog_text":"","template_catalog_categories_visible":"","demo_title":"Crea tu extensi\u00f3n de tabla de precios","demo_caption":"\u00a1Configure su Tabla de Precios y agr\u00e9guela a su sitio web OpenCart gratis!","default_faq_hidden":"","app_template_category":[],"platform":"88","template_public_id":"","codecanyon_url":"","codecanyon_item_id":"","codecanyon_price":"","pricing_caption":"","pricing_elfsight_apps_hide_column":"","pricing_elfsight_apps_url":"","pricing_codecanyon_price_caption":"","integration_category":[],"integration_request_title":"","integration_request_cta":"","integration_platform":"","integrations":[],"platform_category":[],"video_schema_markup":"","price":"desde $0 por mes","trial":"","benefits":[{"text":"Instalaci\u00f3n gratuita"},{"text":"Soporte Premium"},{"text":"14 d\u00edas garant\u00eda de reembolso"},{"text":"Actualizaciones regulares"}],"button_url":"#demo","button_target_blank":"0","button_nofollow":"0","attributes":[{"name":"Responsivo","content":"Si","_state":"expanded"},{"name":"Navegadores compatibles","content":"Firefox, Safari, Opera, Chrome, Edge","_state":"expanded"}],"tags":[],"tags_disable_links":"0","hide_more_platforms":"","video_object":"","demo_hide_cta":"0","demo_hide_cloud_options":"0","pricing_title":"","pricing":[{"pricing_icon":"platform","pricing_title":" Elfsight Apps","pricing_title_caption":"Soluci\u00f3n multiplataforma - valido para cualquier p\u00e1gina web","pricing_price":"desde $0 por mes","pricing_price_caption":"empezar con un plan gratuito","pricing_benefits":[{"text":"Sitios web ilimitados"},{"text":"Atenci\u00f3n al cliente gratuita y r\u00e1pida"},{"text":"Servicio de instalaci\u00f3n gratuito"},{"text":"Totalmente personalizable"}],"pricing_button_text":"Agregar al sitio web","pricing_button_url":"#demo","_state":"expanded"}],"related_apps_title":"","related_apps_hidden":"1","author":"","image":[],"title":"","job":"","social_networks":[]},"_links":{"self":[{"href":"https:\/\/elfsight.com\/es\/wp-json\/wp\/v2\/pages\/3864","targetHints":{"allow":["GET"]}}],"collection":[{"href":"https:\/\/elfsight.com\/es\/wp-json\/wp\/v2\/pages"}],"about":[{"href":"https:\/\/elfsight.com\/es\/wp-json\/wp\/v2\/types\/page"}],"author":[{"embeddable":true,"href":"https:\/\/elfsight.com\/es\/wp-json\/wp\/v2\/users\/18"}],"replies":[{"embeddable":true,"href":"https:\/\/elfsight.com\/es\/wp-json\/wp\/v2\/comments?post=3864"}],"version-history":[{"count":3,"href":"https:\/\/elfsight.com\/es\/wp-json\/wp\/v2\/pages\/3864\/revisions"}],"predecessor-version":[{"id":17989,"href":"https:\/\/elfsight.com\/es\/wp-json\/wp\/v2\/pages\/3864\/revisions\/17989"}],"up":[{"embeddable":true,"href":"https:\/\/elfsight.com\/es\/wp-json\/wp\/v2\/pages\/2019"}],"wp:attachment":[{"href":"https:\/\/elfsight.com\/es\/wp-json\/wp\/v2\/media?parent=3864"}],"curies":[{"name":"wp","href":"https:\/\/api.w.org\/{rel}","templated":true}]}}