{"id":3863,"date":"2022-02-11T12:09:10","date_gmt":"2022-02-11T12:09:10","guid":{"rendered":"https:\/\/elfsight.com\/es\/?page_id=3863"},"modified":"2025-02-06T15:15:25","modified_gmt":"2025-02-06T15:15:25","slug":"joomla","status":"publish","type":"page","link":"https:\/\/elfsight.com\/es\/number-counter-widget\/joomla\/","title":{"rendered":"Number Counter &#8211; Joomla"},"content":{"rendered":"<div class=\"application-platform-content-item-description application-platform-content-item\" id=\"description\" data-nav-section=\"description\"> <h2>Descripci\u00f3n<\/h2> <p>The Number Counter es una extensi\u00f3n f\u00e1cil de usar para Joomla con muchas funciones para elegir. Es una excelente herramienta para mostrar tus incre\u00edbles estad\u00edsticas de negocios, la cantidad de trabajos realizados hasta el momento y mucho m\u00e1s. La herramienta es extremadamente personalizable. Si\u00e9ntete libre de agregar un n\u00famero ilimitado de contadores, organizarlos en columnas, elegir iconos de nuestra biblioteca o subir los tuyos propios, hacerlos coloridos o de un solo color, agregar t\u00edtulos para proporcionar informaci\u00f3n f\u00e1cilmente comprensible a tus usuarios, cambiar el color de cualquier elemento, elegir una imagen de fondo y mucho m\u00e1s. \u00a1Comienza a configurar tu plugin ahora y ve c\u00f3mo crecen tus estad\u00edsticas de negocio m\u00e1s importantes!<\/p> <p><b>\u00a1Demuestra tus brillantes logros a tus futuros clientes. Aumenta el n\u00famero de ventas y leads exitosos!<\/b><\/p> <\/div> <div class=\"application-platform-content-item-features application-platform-content-item\" id=\"features\" data-nav-section=\"features\"> <h2>Ofrecemos caracter\u00edsticas \u00fatiles y f\u00e1ciles de usar, algunas de ellas son:<\/h2> <ul><li>Cualquier n\u00famero de contadores.<\/li><li>Cualquier cantidad de columnas.<\/li><li>Agrega leyendas, encabezados, prefijos y sufijos.<\/li><li>Elige el formato del icono: selecci\u00f3nalo de nuestra biblioteca o sube el tuyo personalizado.<\/li><li>Agrega enlaces.<\/li><\/ul><p><a href=\"#demo\">Puedes ver el valor de la extensi\u00f3n con la demo<\/a><\/p> <\/div> <div class=\"application-platform-content-item-installation application-platform-content-item\" id=\"installation\" data-nav-section=\"installation\"> <h2>\u00bfC\u00f3mo puedo integrar el Number Counter en mi sitio Joomla?<\/h2> <div><iframe width=\"720\" height=\"405\" src=\"https:\/\/www.youtube.com\/embed\/fd3NEckzRw4\" frameborder=\"0\" allowfullscreen=\"\"><\/iframe><\/div><p>Simplemente sigue los siguientes pasos para comenzar a trabajar con el widget.<\/p> <ol><li><b>Usa nuestro configurador gratuito y comienza a crear tu extensi\u00f3n personalizada.<\/b><br> Elige el dise\u00f1o y la funcionalidad seleccionados de la extensi\u00f3n y guarda todos los cambios.<\/li>  <li><b>Recibe tu c\u00f3digo personal que aparece en la ventana especial de Elfsight Apps.<\/b><br> Cuando se termine la creaci\u00f3n de tu extensi\u00f3n, copia el c\u00f3digo en la ventana emergente y gu\u00e1rdalo para su uso posterior.<\/li>  <li><b>Comienza a usar la extensi\u00f3n en tu p\u00e1gina Joomla.<\/b><br> Incrusta el c\u00f3digo guardado recientemente en tu p\u00e1gina web y guarda las mejoras.<\/li>  <li><b>\u00a1Listo! La instalaci\u00f3n se ha completado con \u00e9xito.<\/b><br> Ve a tu p\u00e1gina web para ver el rendimiento de la extensi\u00f3n.<\/li><\/ol><p>Si tienes alguna pregunta o encuentras alg\u00fan problema, no dudes en ponerte en contacto con nuestro equipo de servicio al cliente. Nuestros especialistas estar\u00e1n encantados de resolver todas las dudas que puedas tener sobre el widget.<\/p> <div class=\"faq\" data-component=\"FAQ\"><div class=\"faq-item\">\r\n\t\t\t\t\t<div class=\"faq-item-question\">\r\n\t\t\t\t\t\t<h3 class=\"faq-item-question-text\">\u00bfEs posible integrar Number Counter en mi sitio Joomla sin conocimientos de codificaci\u00f3n?<\/h3>\r\n\r\n\t\t\t\t\t\t<div class=\"faq-item-question-icon\"><\/div>\r\n\t\t\t\t\t<\/div>\r\n\r\n\t\t\t\t\t<div class=\"faq-item-answer\">\r\n\t\t\t\t\t\t<div class=\"faq-item-answer-text\"> <p>Elfsight ofrece una soluci\u00f3n en la nube que permite a un p\u00fablico amplio crear un widget de Number Counter por s\u00ed mismo, descubre lo sencillo que es el proceso: Ve a la Demo en vivo para crear el widget de Number Counter que te gustar\u00eda agregar a tu sitio Joomla. Elige una de las plantillas predefinidas y ajusta la configuraci\u00f3n de Number Counter, cambia el dise\u00f1o y el color de los elementos, agrega tu contenido, sin necesidad de experiencia en codificaci\u00f3n. Guarda los ajustes que hayas realizado en Number Counter y obt\u00e9n el c\u00f3digo de instalaci\u00f3n del plugin, que puedes agregar f\u00e1cilmente a tu p\u00e1gina Joomla de forma gratuita. Usando nuestro Editor f\u00e1cil de usar, cualquier usuario web puede crear un plugin de Number Counter y pegarlo f\u00e1cilmente en su sitio Joomla. No es necesario pagar ni ingresar los datos de tu tarjeta para acceder al servicio. Si encuentras alg\u00fan obst\u00e1culo en el proceso, no dudes en contactar a nuestro equipo de soporte.<\/p> <\/div>\r\n\t\t\t\t\t<\/div>\r\n\t\t\t\t<\/div> <\/div><\/div>","protected":false},"excerpt":{"rendered":"","protected":false},"author":18,"featured_media":0,"parent":1135,"menu_order":0,"comment_status":"closed","ping_status":"closed","template":"templates\/template-application-platform.php","meta":{"publish_to_discourse":"","publish_post_category":"","wpdc_auto_publish_overridden":"","wpdc_topic_tags":"","wpdc_pin_topic":"","wpdc_pin_until":"","discourse_post_id":"","discourse_permalink":"","wpdc_publishing_response":"","wpdc_publishing_error":"","footnotes":""},"class_list":["post-3863","page","type-page","status-publish","hentry"],"yoast_head":"<!-- This site is optimized with the Yoast SEO plugin v25.3.1 - https:\/\/yoast.com\/wordpress\/plugins\/seo\/ -->\n<title>Contador de n\u00fameros - Embeber extention de Contador al Joomla<\/title>\n<meta name=\"description\" content=\"Incrusta un module atractivo de Contador de n\u00fameros en su sitio web de Joomla. Aplique la demo de Elfsight manejable y construe su extention personalizado.\" \/>\n<meta name=\"robots\" content=\"index, follow, max-snippet:-1, max-image-preview:large, max-video-preview:-1\" \/>\n<link rel=\"canonical\" href=\"https:\/\/elfsight.com\/es\/number-counter-widget\/joomla\/\" \/>\n<meta property=\"og:locale\" content=\"es_ES\" \/>\n<meta property=\"og:type\" content=\"article\" \/>\n<meta property=\"og:title\" content=\"Contador de n\u00fameros - Embeber extention de Contador al Joomla\" \/>\n<meta property=\"og:description\" content=\"Incrusta un module atractivo de Contador de n\u00fameros en su sitio web de Joomla. Aplique la demo de Elfsight manejable y construe su extention personalizado.\" \/>\n<meta property=\"og:url\" content=\"https:\/\/elfsight.com\/es\/number-counter-widget\/joomla\/\" \/>\n<meta property=\"og:site_name\" content=\"Elfsight ES\" \/>\n<meta property=\"article:modified_time\" content=\"2025-02-06T15:15:25+00:00\" \/>\n<meta name=\"twitter:card\" content=\"summary_large_image\" \/>\n<meta name=\"twitter:label1\" content=\"Tiempo de lectura\" \/>\n\t<meta name=\"twitter:data1\" content=\"1 minuto\" \/>\n<!-- \/ Yoast SEO plugin. -->","yoast_head_json":{"title":"Contador de n\u00fameros - Embeber extention de Contador al Joomla","description":"Incrusta un module atractivo de Contador de n\u00fameros en su sitio web de Joomla. Aplique la demo de Elfsight manejable y construe su extention personalizado.","robots":{"index":"index","follow":"follow","max-snippet":"max-snippet:-1","max-image-preview":"max-image-preview:large","max-video-preview":"max-video-preview:-1"},"canonical":"https:\/\/elfsight.com\/es\/number-counter-widget\/joomla\/","og_locale":"es_ES","og_type":"article","og_title":"Contador de n\u00fameros - Embeber extention de Contador al Joomla","og_description":"Incrusta un module atractivo de Contador de n\u00fameros en su sitio web de Joomla. Aplique la demo de Elfsight manejable y construe su extention personalizado.","og_url":"https:\/\/elfsight.com\/es\/number-counter-widget\/joomla\/","og_site_name":"Elfsight ES","article_modified_time":"2025-02-06T15:15:25+00:00","twitter_card":"summary_large_image","twitter_misc":{"Tiempo de lectura":"1 minuto"},"schema":{"@context":"https:\/\/schema.org","@graph":[{"@type":"WebPage","@id":"https:\/\/elfsight.com\/es\/number-counter-widget\/joomla\/","url":"https:\/\/elfsight.com\/es\/number-counter-widget\/joomla\/","name":"Contador de n\u00fameros - Embeber extention de Contador al Joomla","isPartOf":{"@id":"https:\/\/elfsight.com\/es\/#website"},"datePublished":"2022-02-11T12:09:10+00:00","dateModified":"2025-02-06T15:15:25+00:00","description":"Incrusta un module atractivo de Contador de n\u00fameros en su sitio web de Joomla. Aplique la demo de Elfsight manejable y construe su extention personalizado.","breadcrumb":{"@id":"https:\/\/elfsight.com\/es\/number-counter-widget\/joomla\/#breadcrumb"},"inLanguage":"es","potentialAction":[{"@type":"ReadAction","target":["https:\/\/elfsight.com\/es\/number-counter-widget\/joomla\/"]}]},{"@type":"BreadcrumbList","@id":"https:\/\/elfsight.com\/es\/number-counter-widget\/joomla\/#breadcrumb","itemListElement":[{"@type":"ListItem","position":1,"name":"Home","item":"https:\/\/elfsight.com\/es\/"},{"@type":"ListItem","position":2,"name":"Number Counter","item":"https:\/\/elfsight.com\/es\/number-counter-widget\/"},{"@type":"ListItem","position":3,"name":"Number Counter &#8211; Joomla"}]},{"@type":"WebSite","@id":"https:\/\/elfsight.com\/es\/#website","url":"https:\/\/elfsight.com\/es\/","name":"Elfsight ES","description":"Just another Elfsight Sites site","potentialAction":[{"@type":"SearchAction","target":{"@type":"EntryPoint","urlTemplate":"https:\/\/elfsight.com\/es\/?s={search_term_string}"},"query-input":{"@type":"PropertyValueSpecification","valueRequired":true,"valueName":"search_term_string"}}],"inLanguage":"es"}]}},"meta_box":{"industry":"","seo_heading":"","heading":"","description":"","cta_heading":"","cta_description":"","application":"1134","h1":"extensi\u00f3n de Contador de n\u00fameros para Joomla","h1_caption":"Muestre estad\u00edsticas e hitos clave con contadores animados para resaltar sus logros de una manera atractiva en su sitio web Joomla sin esfuerzo.","application_category":[],"applications_title":"","applications_request_title":"","applications_request_button_text":"","hero_text":"","hero_video":"","hero_video_schema_markup":"","selling_points_title":"","selling_points_caption":"","selling_points":[],"selling_points_cta_text":"","features_title":"","features":"","ed_cta_examples_text":"","ed_cta_examples_hidden":"","ed_cta_demo_text":"","ed_cta_demo_hidden":"","why_caption":"","why_editor_title":"","why_editor_text":"","why_team_title":"","why_team_text":"","why_service_title":"","why_service_text":"","template_catalog_visible":"","template_catalog_title":"","template_catalog_text":"","template_catalog_categories_visible":"","demo_title":"Crea tu complemento de contador de n\u00fameros","demo_caption":"\u00a1Configure su contador de n\u00fameros y agr\u00e9guelo a su sitio web Joomla gratis!","default_faq_hidden":"","app_template_category":[],"platform":"73","template_public_id":"","codecanyon_url":"","codecanyon_item_id":"","codecanyon_price":"","pricing_caption":"","pricing_elfsight_apps_hide_column":"","pricing_elfsight_apps_url":"","pricing_codecanyon_price_caption":"","integration_category":[],"integration_request_title":"","integration_request_cta":"","integration_platform":"","integrations":[],"platform_category":[],"video_schema_markup":"","price":"desde $0 por mes","trial":"","benefits":[{"text":"Instalaci\u00f3n gratuita"},{"text":"Soporte Premium"},{"text":"14 d\u00edas garant\u00eda de reembolso"},{"text":"Actualizaciones regulares"}],"button_url":"#demo","button_target_blank":"0","button_nofollow":"0","attributes":[{"name":"Responsivo","content":"Si","_state":"expanded"},{"name":"Navegadores compatibles","content":"Firefox, Safari, Opera, Chrome, Edge","_state":"expanded"}],"tags":[],"tags_disable_links":"0","hide_more_platforms":"","video_object":"","demo_hide_cta":"0","demo_hide_cloud_options":"0","pricing_title":"","pricing":[{"pricing_icon":"platform","pricing_title":" Elfsight Apps","pricing_title_caption":"Soluci\u00f3n multiplataforma - valido para cualquier p\u00e1gina web","pricing_price":"desde $0 por mes","pricing_price_caption":"empezar con un plan gratuito","pricing_benefits":[{"text":"Sitios web ilimitados"},{"text":"Atenci\u00f3n al cliente gratuita y r\u00e1pida"},{"text":"Servicio de instalaci\u00f3n gratuito"},{"text":"Totalmente personalizable"}],"pricing_button_text":"Agregar al sitio web","pricing_button_url":"#demo","_state":"expanded"}],"related_apps_title":"","related_apps_hidden":"1","author":"","image":[],"title":"","job":"","social_networks":[]},"_links":{"self":[{"href":"https:\/\/elfsight.com\/es\/wp-json\/wp\/v2\/pages\/3863","targetHints":{"allow":["GET"]}}],"collection":[{"href":"https:\/\/elfsight.com\/es\/wp-json\/wp\/v2\/pages"}],"about":[{"href":"https:\/\/elfsight.com\/es\/wp-json\/wp\/v2\/types\/page"}],"author":[{"embeddable":true,"href":"https:\/\/elfsight.com\/es\/wp-json\/wp\/v2\/users\/18"}],"replies":[{"embeddable":true,"href":"https:\/\/elfsight.com\/es\/wp-json\/wp\/v2\/comments?post=3863"}],"version-history":[{"count":3,"href":"https:\/\/elfsight.com\/es\/wp-json\/wp\/v2\/pages\/3863\/revisions"}],"predecessor-version":[{"id":17988,"href":"https:\/\/elfsight.com\/es\/wp-json\/wp\/v2\/pages\/3863\/revisions\/17988"}],"up":[{"embeddable":true,"href":"https:\/\/elfsight.com\/es\/wp-json\/wp\/v2\/pages\/1135"}],"wp:attachment":[{"href":"https:\/\/elfsight.com\/es\/wp-json\/wp\/v2\/media?parent=3863"}],"curies":[{"name":"wp","href":"https:\/\/api.w.org\/{rel}","templated":true}]}}