{"id":3858,"date":"2022-02-11T12:09:13","date_gmt":"2022-02-11T12:09:13","guid":{"rendered":"https:\/\/elfsight.com\/es\/?page_id=3858"},"modified":"2025-02-06T15:15:25","modified_gmt":"2025-02-06T15:15:25","slug":"blogger","status":"publish","type":"page","link":"https:\/\/elfsight.com\/es\/photo-gallery-widget\/blogger\/","title":{"rendered":"Photo Gallery &#8211; Blogger"},"content":{"rendered":"<div class=\"application-platform-content-item-description application-platform-content-item\" id=\"description\" data-nav-section=\"description\"><h2>Descripci\u00f3n<\/h2> <p>Elfsight Gallery es la mejor forma de mostrar tus fotos o crear \u00e1lbumes brillantes en tu sitio web. Sube cualquier cantidad de im\u00e1genes, agrega descripciones y encuentra la manera \u00f3ptima de ubicarlas en la p\u00e1gina. El widget de Elfsight ofrece 6 opciones de dise\u00f1o y varias otras funciones de dise\u00f1o. Cada foto se abre en una ventana emergente, los visitantes pueden navegar entre ellas, activar un pase de diapositivas, hacer zoom y ver las fotos en pantalla completa. Puedes elegir los colores que prefieras para los elementos del widget, cargar un fondo personalizado, aplicar opciones de texto y muchas m\u00e1s opciones de estilo.<\/p> <p><b>\u00a1Inspira a tus clientes con galer\u00edas de fotos atractivas!<\/b><\/p> <\/div><div class=\"faq\" data-component=\"FAQ\"><div class=\"faq-item\">\r\n\t\t\t\t\t<div class=\"faq-item-question\">\r\n\t\t\t\t\t\t<h3 class=\"faq-item-question-text\">\u00bfC\u00f3mo puedo integrar una Galer\u00eda de Fotos en mi sitio de Blogger? <\/h3>\r\n\r\n\t\t\t\t\t\t<div class=\"faq-item-question-icon\"><\/div>\r\n\t\t\t\t\t<\/div>\r\n\r\n\t\t\t\t\t<div class=\"faq-item-answer\">\r\n\t\t\t\t\t\t<div class=\"faq-item-answer-text\"><p>La base de la herramienta se encuentra en las p\u00e1ginas de Elfsight y no es necesario saber codificar. Ve a nuestra demostraci\u00f3n en l\u00ednea para personalizar tu propia aplicaci\u00f3n, obtener el c\u00f3digo y pegarlo en tu sitio.<\/p><\/div>\r\n\t\t\t\t\t<\/div>\r\n\t\t\t\t<\/div><div class=\"faq-item\">\r\n\t\t\t\t\t<div class=\"faq-item-question\">\r\n\t\t\t\t\t\t<h3 class=\"faq-item-question-text\">\u00bfCu\u00e1les son las mejores formas de utilizar la integraci\u00f3n de galer\u00edas de im\u00e1genes?<\/h3>\r\n\r\n\t\t\t\t\t\t<div class=\"faq-item-question-icon\"><\/div>\r\n\t\t\t\t\t<\/div>\r\n\r\n\t\t\t\t\t<div class=\"faq-item-answer\">\r\n\t\t\t\t\t\t<div class=\"faq-item-answer-text\"><p>Te proporcionaremos muchas opciones de personalizaci\u00f3n: widgets a gran escala para incrustar en el \u00e1rea de contenido, widgets flotantes con opciones de desplazamiento, dise\u00f1os para el pie de p\u00e1gina de tu sitio web, la secci\u00f3n de encabezado y todas las variaciones de opciones verticales para las barras laterales y men\u00fas del sitio.<\/p><\/div>\r\n\t\t\t\t\t<\/div>\r\n\t\t\t\t<\/div><div class=\"faq-item\">\r\n\t\t\t\t\t<div class=\"faq-item-question\">\r\n\t\t\t\t\t\t<h3 class=\"faq-item-question-text\">\u00bfPuedo crear una Galer\u00eda de Fotos de sesiones fotogr\u00e1ficas o productos utilizando el editor?<\/h3>\r\n\r\n\t\t\t\t\t\t<div class=\"faq-item-question-icon\"><\/div>\r\n\t\t\t\t\t<\/div>\r\n\r\n\t\t\t\t\t<div class=\"faq-item-answer\">\r\n\t\t\t\t\t\t<div class=\"faq-item-answer-text\"><p>Est\u00e1s bienvenido a crear cualquier variaci\u00f3n del widget. Hay una gran cantidad de dise\u00f1os a tu disposici\u00f3n en el editor, y todos ellos se pueden ajustar r\u00e1pidamente seg\u00fan lo que necesites.<\/p><\/div>\r\n\t\t\t\t\t<\/div>\r\n\t\t\t\t<\/div><\/div><div class=\"application-platform-content-item-features application-platform-content-item\" id=\"features\" data-nav-section=\"features\"><h2>Caracter\u00edsticas<\/h2> <p>Aqu\u00ed tienes una lista de todas las caracter\u00edsticas de la Galer\u00eda de Fotos para Blogger. Puedes configurarlas directamente en el editor y te ayudar\u00e1n a personalizar el widget especialmente para tu caso de uso.<\/p> <ul> <li>Usa CTA para guiar a los visitantes hacia tu objetivo.<\/li> <li>Acostumbra la duraci\u00f3n del cambio de diapositivas.<\/li> <li>Elige entre muchas opciones de paginaci\u00f3n.<\/li> <li>Coloca tu mensaje en cualquier parte de la p\u00e1gina con la posici\u00f3n avanzada.<\/li> <li>Adapta 5 elementos de contenido.<\/li> <\/ul> <p><a href=\"#demo\">Prueba todas las funciones en la demo<\/a><\/p> <\/div><div class=\"application-platform-content-item-installation application-platform-content-item\" id=\"installation\" data-nav-section=\"installation\"><h2>\u00bfC\u00f3mo agregar la Galer\u00eda de Fotos a mi sitio Blogger?<\/h2> <div class=\"video-container\"><iframe width=\"720\" height=\"405\" src=\"https:\/\/www.youtube.com\/embed\/MknexCj-n7M\" frameborder=\"0\" allowfullscreen=\"\"><\/iframe><\/div><p>Para integrar el widget, simplemente sigue estos pasos r\u00e1pidos.<\/p> <ol><li><b>Crea tu widget personalizado de Galer\u00eda<\/b><br> En nuestro configurador gratuito, genera un plugin con la interfaz y funcionalidad que prefieras.<\/li> <li><b>Obt\u00e9n el c\u00f3digo personal para configurar el widget<\/b><br> Despu\u00e9s de haber configurado tu plugin, recibir\u00e1s tu c\u00f3digo personal en la ventana emergente de Elfsight Apps. Copia el c\u00f3digo.<\/li> <li><b>Muestra el widget en tu sitio Blogger<\/b><br> Ve al \u00e1rea donde deseas incrustarlo y pega el c\u00f3digo copiado all\u00ed. Guarda los cambios.<\/li> <li><b>\u00a1La integraci\u00f3n es exitosa!<\/b><br> Visita el sitio para ver tu widget.<\/li><\/ol> <p>T\u00f3mate un minuto para ponerte en contacto con el servicio de soporte de Elfsight si necesitas ayuda o tienes alguna pregunta. Nuestros especialistas estar\u00e1n encantados de ayudarte con cualquier consulta.<\/p> <\/div>","protected":false},"excerpt":{"rendered":"","protected":false},"author":18,"featured_media":0,"parent":1671,"menu_order":0,"comment_status":"closed","ping_status":"closed","template":"templates\/template-application-platform.php","meta":{"publish_to_discourse":"","publish_post_category":"","wpdc_auto_publish_overridden":"","wpdc_topic_tags":"","wpdc_pin_topic":"","wpdc_pin_until":"","discourse_post_id":"","discourse_permalink":"","wpdc_publishing_response":"","wpdc_publishing_error":"","footnotes":""},"class_list":["post-3858","page","type-page","status-publish","hentry"],"yoast_head":"<!-- This site is optimized with the Yoast SEO plugin v25.3.1 - https:\/\/yoast.com\/wordpress\/plugins\/seo\/ -->\n<title>Galer\u00eda de fotos - Empotrar widget de Galer\u00eda fotogr\u00e1fica al Blogger<\/title>\n<meta name=\"description\" content=\"Incrusta un plugin responsivo de Galer\u00eda de fotos en su p\u00e1gina web de Blogger. Pruebe la demo de Elfsight intuitiva y cree su widget personalizado.\" \/>\n<meta name=\"robots\" content=\"index, follow, max-snippet:-1, max-image-preview:large, max-video-preview:-1\" \/>\n<link rel=\"canonical\" href=\"https:\/\/elfsight.com\/es\/photo-gallery-widget\/blogger\/\" \/>\n<meta property=\"og:locale\" content=\"es_ES\" \/>\n<meta property=\"og:type\" content=\"article\" \/>\n<meta property=\"og:title\" content=\"Galer\u00eda de fotos - Empotrar widget de Galer\u00eda fotogr\u00e1fica al Blogger\" \/>\n<meta property=\"og:description\" content=\"Incrusta un plugin responsivo de Galer\u00eda de fotos en su p\u00e1gina web de Blogger. Pruebe la demo de Elfsight intuitiva y cree su widget personalizado.\" \/>\n<meta property=\"og:url\" content=\"https:\/\/elfsight.com\/es\/photo-gallery-widget\/blogger\/\" \/>\n<meta property=\"og:site_name\" content=\"Elfsight ES\" \/>\n<meta property=\"article:modified_time\" content=\"2025-02-06T15:15:25+00:00\" \/>\n<meta name=\"twitter:card\" content=\"summary_large_image\" \/>\n<meta name=\"twitter:label1\" content=\"Tiempo de lectura\" \/>\n\t<meta name=\"twitter:data1\" content=\"2 minutos\" \/>\n<!-- \/ Yoast SEO plugin. -->","yoast_head_json":{"title":"Galer\u00eda de fotos - Empotrar widget de Galer\u00eda fotogr\u00e1fica al Blogger","description":"Incrusta un plugin responsivo de Galer\u00eda de fotos en su p\u00e1gina web de Blogger. Pruebe la demo de Elfsight intuitiva y cree su widget personalizado.","robots":{"index":"index","follow":"follow","max-snippet":"max-snippet:-1","max-image-preview":"max-image-preview:large","max-video-preview":"max-video-preview:-1"},"canonical":"https:\/\/elfsight.com\/es\/photo-gallery-widget\/blogger\/","og_locale":"es_ES","og_type":"article","og_title":"Galer\u00eda de fotos - Empotrar widget de Galer\u00eda fotogr\u00e1fica al Blogger","og_description":"Incrusta un plugin responsivo de Galer\u00eda de fotos en su p\u00e1gina web de Blogger. Pruebe la demo de Elfsight intuitiva y cree su widget personalizado.","og_url":"https:\/\/elfsight.com\/es\/photo-gallery-widget\/blogger\/","og_site_name":"Elfsight ES","article_modified_time":"2025-02-06T15:15:25+00:00","twitter_card":"summary_large_image","twitter_misc":{"Tiempo de lectura":"2 minutos"},"schema":{"@context":"https:\/\/schema.org","@graph":[{"@type":"WebPage","@id":"https:\/\/elfsight.com\/es\/photo-gallery-widget\/blogger\/","url":"https:\/\/elfsight.com\/es\/photo-gallery-widget\/blogger\/","name":"Galer\u00eda de fotos - Empotrar widget de Galer\u00eda fotogr\u00e1fica al Blogger","isPartOf":{"@id":"https:\/\/elfsight.com\/es\/#website"},"datePublished":"2022-02-11T12:09:13+00:00","dateModified":"2025-02-06T15:15:25+00:00","description":"Incrusta un plugin responsivo de Galer\u00eda de fotos en su p\u00e1gina web de Blogger. Pruebe la demo de Elfsight intuitiva y cree su widget personalizado.","breadcrumb":{"@id":"https:\/\/elfsight.com\/es\/photo-gallery-widget\/blogger\/#breadcrumb"},"inLanguage":"es","potentialAction":[{"@type":"ReadAction","target":["https:\/\/elfsight.com\/es\/photo-gallery-widget\/blogger\/"]}]},{"@type":"BreadcrumbList","@id":"https:\/\/elfsight.com\/es\/photo-gallery-widget\/blogger\/#breadcrumb","itemListElement":[{"@type":"ListItem","position":1,"name":"Home","item":"https:\/\/elfsight.com\/es\/"},{"@type":"ListItem","position":2,"name":"Photo Gallery","item":"https:\/\/elfsight.com\/es\/photo-gallery-widget\/"},{"@type":"ListItem","position":3,"name":"Photo Gallery &#8211; Blogger"}]},{"@type":"WebSite","@id":"https:\/\/elfsight.com\/es\/#website","url":"https:\/\/elfsight.com\/es\/","name":"Elfsight ES","description":"Just another Elfsight Sites site","potentialAction":[{"@type":"SearchAction","target":{"@type":"EntryPoint","urlTemplate":"https:\/\/elfsight.com\/es\/?s={search_term_string}"},"query-input":{"@type":"PropertyValueSpecification","valueRequired":true,"valueName":"search_term_string"}}],"inLanguage":"es"}]}},"meta_box":{"industry":"","seo_heading":"","heading":"","description":"","cta_heading":"","cta_description":"","application":"1670","h1":"widget de Galer\u00eda de fotos para Blogger","h1_caption":"Muestre sus im\u00e1genes en una galer\u00eda interactiva y personalizable que mejora el atractivo visual de su sitio web en su sitio web de Blogger sin esfuerzo.","application_category":[],"applications_title":"","applications_request_title":"","applications_request_button_text":"","hero_text":"","hero_video":"","hero_video_schema_markup":"","selling_points_title":"","selling_points_caption":"","selling_points":[],"selling_points_cta_text":"","features_title":"","features":"","ed_cta_examples_text":"","ed_cta_examples_hidden":"","ed_cta_demo_text":"","ed_cta_demo_hidden":"","why_caption":"","why_editor_title":"","why_editor_text":"","why_team_title":"","why_team_text":"","why_service_title":"","why_service_text":"","template_catalog_visible":"","template_catalog_title":"","template_catalog_text":"","template_catalog_categories_visible":"","demo_title":"Crea tu widget de galer\u00eda de fotos","demo_caption":"\u00a1Configura tu galer\u00eda de fotos y agr\u00e9gala a tu sitio web de Blogger gratis!","default_faq_hidden":"","app_template_category":[],"platform":"39","template_public_id":"","codecanyon_url":"","codecanyon_item_id":"","codecanyon_price":"","pricing_caption":"","pricing_elfsight_apps_hide_column":"","pricing_elfsight_apps_url":"","pricing_codecanyon_price_caption":"","integration_category":[],"integration_request_title":"","integration_request_cta":"","integration_platform":"","integrations":[],"platform_category":[],"video_schema_markup":"","price":"desde $0 por mes","trial":"","benefits":[{"text":"Instalaci\u00f3n gratuita"},{"text":"Soporte Premium"},{"text":"14 d\u00edas garant\u00eda de reembolso"},{"text":"Actualizaciones regulares"}],"button_url":"#demo","button_target_blank":"0","button_nofollow":"0","attributes":[{"name":"Responsivo","content":"Si","_state":"expanded"},{"name":"Navegadores compatibles","content":"Firefox, Safari, Opera, Chrome, Edge","_state":"expanded"}],"tags":[],"tags_disable_links":"0","hide_more_platforms":"","video_object":"","demo_hide_cta":"0","demo_hide_cloud_options":"0","pricing_title":"","pricing":[{"pricing_icon":"platform","pricing_title":" Elfsight Apps","pricing_title_caption":"Soluci\u00f3n multiplataforma - valido para cualquier p\u00e1gina web","pricing_price":"desde $0 por mes","pricing_price_caption":"empezar con un plan gratuito","pricing_benefits":[{"text":"Sitios web ilimitados"},{"text":"Atenci\u00f3n al cliente gratuita y r\u00e1pida"},{"text":"Servicio de instalaci\u00f3n gratuito"},{"text":"Totalmente personalizable"}],"pricing_button_text":"Agregar al sitio web","pricing_button_url":"#demo","_state":"expanded"}],"related_apps_title":"","related_apps_hidden":"1","author":"","image":[],"title":"","job":"","social_networks":[]},"_links":{"self":[{"href":"https:\/\/elfsight.com\/es\/wp-json\/wp\/v2\/pages\/3858","targetHints":{"allow":["GET"]}}],"collection":[{"href":"https:\/\/elfsight.com\/es\/wp-json\/wp\/v2\/pages"}],"about":[{"href":"https:\/\/elfsight.com\/es\/wp-json\/wp\/v2\/types\/page"}],"author":[{"embeddable":true,"href":"https:\/\/elfsight.com\/es\/wp-json\/wp\/v2\/users\/18"}],"replies":[{"embeddable":true,"href":"https:\/\/elfsight.com\/es\/wp-json\/wp\/v2\/comments?post=3858"}],"version-history":[{"count":3,"href":"https:\/\/elfsight.com\/es\/wp-json\/wp\/v2\/pages\/3858\/revisions"}],"predecessor-version":[{"id":17987,"href":"https:\/\/elfsight.com\/es\/wp-json\/wp\/v2\/pages\/3858\/revisions\/17987"}],"up":[{"embeddable":true,"href":"https:\/\/elfsight.com\/es\/wp-json\/wp\/v2\/pages\/1671"}],"wp:attachment":[{"href":"https:\/\/elfsight.com\/es\/wp-json\/wp\/v2\/media?parent=3858"}],"curies":[{"name":"wp","href":"https:\/\/api.w.org\/{rel}","templated":true}]}}