{"id":3855,"date":"2022-02-11T12:09:33","date_gmt":"2022-02-11T12:09:33","guid":{"rendered":"https:\/\/elfsight.com\/es\/?page_id=3855"},"modified":"2025-02-06T15:15:17","modified_gmt":"2025-02-06T15:15:17","slug":"iframe","status":"publish","type":"page","link":"https:\/\/elfsight.com\/es\/number-counter-widget\/iframe\/","title":{"rendered":"Number Counter &#8211; iFrame"},"content":{"rendered":"<div class=\"application-platform-content-item-description application-platform-content-item\" id=\"description\" data-nav-section=\"description\"> <h2>Insertar Contador de N\u00fameros en iFrame con el widget de Elfsight<\/h2> <p>El Contador de N\u00fameros es un widget manejable para iFrame con una amplia gama de opciones. Es perfecto para mostrar con orgullo tus destacadas estad\u00edsticas de negocio, la cantidad de trabajos realizados hasta ahora y mucho m\u00e1s. La herramienta es extremadamente flexible. Si\u00e9ntete libre de crear un n\u00famero ilimitado de contadores, organizarlos en columnas, elegir iconos de nuestra colecci\u00f3n o subir los tuyos propios, hacerlos coloridos o monocrom\u00e1ticos, agregar t\u00edtulos para aclarar los n\u00fameros que est\u00e1s mostrando, cambiar el color de cualquier caracter\u00edstica, elegir la imagen de fondo, y eso es solo una peque\u00f1a parte. \u00a1Comienza a crear tu widget ahora y ve c\u00f3mo crecen tus estad\u00edsticas de negocio clave!<\/p> <p><b>\u00a1Muestra tus logros notables a tus futuros compradores. Aumenta la cantidad de ventas y leads exitosos!<\/b><\/p> <\/div> <div class=\"application-platform-content-item-features application-platform-content-item\" id=\"features\" data-nav-section=\"features\"> <h2>Estas son solo algunas de las m\u00faltiples caracter\u00edsticas del widget:<\/h2> <ul><li>Un n\u00famero ilimitado de contadores.<\/li><li>Cantidad ilimitada de columnas.<\/li><li>Agrega t\u00edtulos, encabezados, prefijos y sufijos.<\/li><li>Elige el formato de icono: puedes obtenerlo de nuestra biblioteca o subir el tuyo.<\/li><li>Agrega enlaces.<\/li><\/ul><p><a href=\"#demo\">Puedes explorar c\u00f3mo funciona el widget con la demo<\/a><\/p> <\/div> <div class=\"application-platform-content-item-installation application-platform-content-item\" id=\"installation\" data-nav-section=\"installation\"> <h2>\u00bfC\u00f3mo agregar el Contador de N\u00fameros a mi sitio web en iFrame?<\/h2> <p>Sigue estos sencillos pasos a continuaci\u00f3n para agregar el widget.<\/p> <ol><li><b>Gestiona nuestro configurador gratuito, comienza a crear tu herramienta personalizada.<\/b><br> Elige la interfaz adecuada y las caracter\u00edsticas del widget y aplica las ediciones.<\/li>  <li><b>Obt\u00e9n el c\u00f3digo personal que aparece en el cuadro especial de Elfsight Apps.<\/b><br> Cuando finalices la personalizaci\u00f3n de tu plugin, copia el c\u00f3digo individual del cuadro emergente y gu\u00e1rdalo para una ocasi\u00f3n futura.<\/li>  <li><b>Comienza a usar el plugin en la p\u00e1gina de inicio de iFrame.<\/b><br> Pega el c\u00f3digo que guardaste previamente en tu p\u00e1gina web y guarda los cambios.<\/li>  <li><b>La instalaci\u00f3n se ha completado con \u00e9xito.<\/b><br> Visita tu sitio web para ver c\u00f3mo est\u00e1 funcionando el widget.<\/li><\/ol> <p>Si tienes alguna consulta o te encuentras con dificultades, no dudes en contactar con nuestro equipo de soporte. Nuestros consultores estar\u00e1n encantados de resolver cualquier dificultad que puedas tener con el producto.<\/p> <div class=\"faq\" data-component=\"FAQ\"><div class=\"faq-item\">\r\n\t\t\t\t\t<div class=\"faq-item-question\">\r\n\t\t\t\t\t\t<h3 class=\"faq-item-question-text\">\u00bfEs posible agregar el Contador de N\u00fameros a mi p\u00e1gina web en iFrame sin experiencia en codificaci\u00f3n?<\/h3>\r\n\r\n\t\t\t\t\t\t<div class=\"faq-item-question-icon\"><\/div>\r\n\t\t\t\t\t<\/div>\r\n\r\n\t\t\t\t\t<div class=\"faq-item-answer\">\r\n\t\t\t\t\t\t<div class=\"faq-item-answer-text\"> <p>Elfsight proporciona una soluci\u00f3n SaaS que permite a los propietarios de sitios crear una aplicaci\u00f3n de Contador de N\u00fameros por s\u00ed mismos, descubre lo f\u00e1cil que es: Ve a la demo en l\u00ednea para generar el plugin de Contador de N\u00fameros que deseas integrar en tu p\u00e1gina web en iFrame. Elige una de nuestras plantillas predise\u00f1adas y ajusta la configuraci\u00f3n del Contador de N\u00fameros, cambia el dise\u00f1o y los colores, incluyendo tu contenido, sin necesidad de experiencia en codificaci\u00f3n. Haz clic en guardar para guardar el Contador de N\u00fameros y obtener su c\u00f3digo de instalaci\u00f3n, que puedes incrustar en la p\u00e1gina web de iFrame usando un plan gratuito. Con el Editor intuitivo, cualquier usuario web puede crear la secci\u00f3n del Contador de N\u00fameros e insertarlo f\u00e1cilmente en la p\u00e1gina de inicio de iFrame. No es necesario adquirir una suscripci\u00f3n de pago ni proporcionar los datos de tu tarjeta para acceder a nuestro Editor. Si encuentras alguna dificultad, no dudes en hablar con nuestro soporte t\u00e9cnico.<\/p> <\/div>\r\n\t\t\t\t\t<\/div>\r\n\t\t\t\t<\/div> <\/div><\/div>","protected":false},"excerpt":{"rendered":"","protected":false},"author":18,"featured_media":0,"parent":1135,"menu_order":0,"comment_status":"closed","ping_status":"closed","template":"templates\/template-application-platform.php","meta":{"publish_to_discourse":"","publish_post_category":"","wpdc_auto_publish_overridden":"","wpdc_topic_tags":"","wpdc_pin_topic":"","wpdc_pin_until":"","discourse_post_id":"","discourse_permalink":"","wpdc_publishing_response":"","wpdc_publishing_error":"","footnotes":""},"class_list":["post-3855","page","type-page","status-publish","hentry"],"yoast_head":"<!-- This site is optimized with the Yoast SEO plugin v25.3.1 - https:\/\/yoast.com\/wordpress\/plugins\/seo\/ -->\n<title>Contador de n\u00fameros - A\u00f1adir widget de Contador al iFrame<\/title>\n<meta name=\"description\" content=\"Instala un widget hermoso de Contador de n\u00fameros en su sitio de iFrame. Pruebe la demo de Elfsight f\u00e1cil de usar y cree su widget propio.\" \/>\n<meta name=\"robots\" content=\"index, follow, max-snippet:-1, max-image-preview:large, max-video-preview:-1\" \/>\n<link rel=\"canonical\" href=\"https:\/\/elfsight.com\/es\/number-counter-widget\/iframe\/\" \/>\n<meta property=\"og:locale\" content=\"es_ES\" \/>\n<meta property=\"og:type\" content=\"article\" \/>\n<meta property=\"og:title\" content=\"Contador de n\u00fameros - A\u00f1adir widget de Contador al iFrame\" \/>\n<meta property=\"og:description\" content=\"Instala un widget hermoso de Contador de n\u00fameros en su sitio de iFrame. Pruebe la demo de Elfsight f\u00e1cil de usar y cree su widget propio.\" \/>\n<meta property=\"og:url\" content=\"https:\/\/elfsight.com\/es\/number-counter-widget\/iframe\/\" \/>\n<meta property=\"og:site_name\" content=\"Elfsight ES\" \/>\n<meta property=\"article:modified_time\" content=\"2025-02-06T15:15:17+00:00\" \/>\n<meta name=\"twitter:card\" content=\"summary_large_image\" \/>\n<meta name=\"twitter:label1\" content=\"Tiempo de lectura\" \/>\n\t<meta name=\"twitter:data1\" content=\"1 minuto\" \/>\n<!-- \/ Yoast SEO plugin. -->","yoast_head_json":{"title":"Contador de n\u00fameros - A\u00f1adir widget de Contador al iFrame","description":"Instala un widget hermoso de Contador de n\u00fameros en su sitio de iFrame. Pruebe la demo de Elfsight f\u00e1cil de usar y cree su widget propio.","robots":{"index":"index","follow":"follow","max-snippet":"max-snippet:-1","max-image-preview":"max-image-preview:large","max-video-preview":"max-video-preview:-1"},"canonical":"https:\/\/elfsight.com\/es\/number-counter-widget\/iframe\/","og_locale":"es_ES","og_type":"article","og_title":"Contador de n\u00fameros - A\u00f1adir widget de Contador al iFrame","og_description":"Instala un widget hermoso de Contador de n\u00fameros en su sitio de iFrame. Pruebe la demo de Elfsight f\u00e1cil de usar y cree su widget propio.","og_url":"https:\/\/elfsight.com\/es\/number-counter-widget\/iframe\/","og_site_name":"Elfsight ES","article_modified_time":"2025-02-06T15:15:17+00:00","twitter_card":"summary_large_image","twitter_misc":{"Tiempo de lectura":"1 minuto"},"schema":{"@context":"https:\/\/schema.org","@graph":[{"@type":"WebPage","@id":"https:\/\/elfsight.com\/es\/number-counter-widget\/iframe\/","url":"https:\/\/elfsight.com\/es\/number-counter-widget\/iframe\/","name":"Contador de n\u00fameros - A\u00f1adir widget de Contador al iFrame","isPartOf":{"@id":"https:\/\/elfsight.com\/es\/#website"},"datePublished":"2022-02-11T12:09:33+00:00","dateModified":"2025-02-06T15:15:17+00:00","description":"Instala un widget hermoso de Contador de n\u00fameros en su sitio de iFrame. Pruebe la demo de Elfsight f\u00e1cil de usar y cree su widget propio.","breadcrumb":{"@id":"https:\/\/elfsight.com\/es\/number-counter-widget\/iframe\/#breadcrumb"},"inLanguage":"es","potentialAction":[{"@type":"ReadAction","target":["https:\/\/elfsight.com\/es\/number-counter-widget\/iframe\/"]}]},{"@type":"BreadcrumbList","@id":"https:\/\/elfsight.com\/es\/number-counter-widget\/iframe\/#breadcrumb","itemListElement":[{"@type":"ListItem","position":1,"name":"Home","item":"https:\/\/elfsight.com\/es\/"},{"@type":"ListItem","position":2,"name":"Number Counter","item":"https:\/\/elfsight.com\/es\/number-counter-widget\/"},{"@type":"ListItem","position":3,"name":"Number Counter &#8211; iFrame"}]},{"@type":"WebSite","@id":"https:\/\/elfsight.com\/es\/#website","url":"https:\/\/elfsight.com\/es\/","name":"Elfsight ES","description":"Just another Elfsight Sites site","potentialAction":[{"@type":"SearchAction","target":{"@type":"EntryPoint","urlTemplate":"https:\/\/elfsight.com\/es\/?s={search_term_string}"},"query-input":{"@type":"PropertyValueSpecification","valueRequired":true,"valueName":"search_term_string"}}],"inLanguage":"es"}]}},"meta_box":{"industry":"","seo_heading":"","heading":"","description":"","cta_heading":"","cta_description":"","application":"1134","h1":"widget de contador de n\u00fameros para iFrame","h1_caption":"Muestre estad\u00edsticas e hitos clave con contadores animados para resaltar sus logros de una manera atractiva en su sitio web iFrame sin esfuerzo.","application_category":[],"applications_title":"","applications_request_title":"","applications_request_button_text":"","hero_text":"","hero_video":"","hero_video_schema_markup":"","selling_points_title":"","selling_points_caption":"","selling_points":[],"selling_points_cta_text":"","features_title":"","features":"","ed_cta_examples_text":"","ed_cta_examples_hidden":"","ed_cta_demo_text":"","ed_cta_demo_hidden":"","why_caption":"","why_editor_title":"","why_editor_text":"","why_team_title":"","why_team_text":"","why_service_title":"","why_service_text":"","template_catalog_visible":"","template_catalog_title":"","template_catalog_text":"","template_catalog_categories_visible":"","demo_title":"Crea tu widget de contador de n\u00fameros","demo_caption":"\u00a1Configure su contador de n\u00fameros y agr\u00e9guelo a su sitio web iFrame gratis!","default_faq_hidden":"","app_template_category":[],"platform":"2192","template_public_id":"","codecanyon_url":"","codecanyon_item_id":"","codecanyon_price":"","pricing_caption":"","pricing_elfsight_apps_hide_column":"","pricing_elfsight_apps_url":"","pricing_codecanyon_price_caption":"","integration_category":[],"integration_request_title":"","integration_request_cta":"","integration_platform":"","integrations":[],"platform_category":[],"video_schema_markup":"","price":"desde $0 por mes","trial":"","benefits":[{"text":"Instalaci\u00f3n gratuita"},{"text":"Soporte Premium"},{"text":"14 d\u00edas garant\u00eda de reembolso"},{"text":"Actualizaciones regulares"}],"button_url":"#demo","button_target_blank":"0","button_nofollow":"0","attributes":[{"name":"Responsivo","content":"Si","_state":"expanded"},{"name":"Navegadores compatibles","content":"Firefox, Safari, Opera, Chrome, Edge","_state":"expanded"}],"tags":[],"tags_disable_links":"0","hide_more_platforms":"","video_object":"","demo_hide_cta":"0","demo_hide_cloud_options":"0","pricing_title":"","pricing":[{"pricing_icon":"platform","pricing_title":" Elfsight Apps","pricing_title_caption":"Soluci\u00f3n multiplataforma - valido para cualquier p\u00e1gina web","pricing_price":"desde $0 por mes","pricing_price_caption":"empezar con un plan gratuito","pricing_benefits":[{"text":"Sitios web ilimitados"},{"text":"Atenci\u00f3n al cliente gratuita y r\u00e1pida"},{"text":"Servicio de instalaci\u00f3n gratuito"},{"text":"Totalmente personalizable"}],"pricing_button_text":"Agregar al sitio web","pricing_button_url":"#demo","_state":"expanded"}],"related_apps_title":"","related_apps_hidden":"1","author":"","image":[],"title":"","job":"","social_networks":[]},"_links":{"self":[{"href":"https:\/\/elfsight.com\/es\/wp-json\/wp\/v2\/pages\/3855","targetHints":{"allow":["GET"]}}],"collection":[{"href":"https:\/\/elfsight.com\/es\/wp-json\/wp\/v2\/pages"}],"about":[{"href":"https:\/\/elfsight.com\/es\/wp-json\/wp\/v2\/types\/page"}],"author":[{"embeddable":true,"href":"https:\/\/elfsight.com\/es\/wp-json\/wp\/v2\/users\/18"}],"replies":[{"embeddable":true,"href":"https:\/\/elfsight.com\/es\/wp-json\/wp\/v2\/comments?post=3855"}],"version-history":[{"count":3,"href":"https:\/\/elfsight.com\/es\/wp-json\/wp\/v2\/pages\/3855\/revisions"}],"predecessor-version":[{"id":17984,"href":"https:\/\/elfsight.com\/es\/wp-json\/wp\/v2\/pages\/3855\/revisions\/17984"}],"up":[{"embeddable":true,"href":"https:\/\/elfsight.com\/es\/wp-json\/wp\/v2\/pages\/1135"}],"wp:attachment":[{"href":"https:\/\/elfsight.com\/es\/wp-json\/wp\/v2\/media?parent=3855"}],"curies":[{"name":"wp","href":"https:\/\/api.w.org\/{rel}","templated":true}]}}