{"id":3850,"date":"2022-02-11T12:09:35","date_gmt":"2022-02-11T12:09:35","guid":{"rendered":"https:\/\/elfsight.com\/es\/?page_id=3850"},"modified":"2025-02-06T15:15:17","modified_gmt":"2025-02-06T15:15:17","slug":"bigcommerce","status":"publish","type":"page","link":"https:\/\/elfsight.com\/es\/photo-gallery-widget\/bigcommerce\/","title":{"rendered":"Photo Gallery &#8211; BigCommerce"},"content":{"rendered":"<div class=\"application-platform-content-item-description application-platform-content-item\" id=\"description\" data-nav-section=\"description\"><h2>Descripci\u00f3n<\/h2> <p>Elfsight Gallery es la forma m\u00e1s r\u00e1pida de exhibir tus materiales visuales o crear \u00e1lbumes de fotos estilizados en tu sitio web. Utiliza cualquier cantidad de im\u00e1genes, comp\u00f3n descripciones y selecciona la forma \u00f3ptima de organizarlas en la p\u00e1gina. Nuestro widget incluye seis variantes de dise\u00f1o y diversas posibilidades adicionales en la interfaz. Cada imagen aparece en modo popup, los usuarios pueden navegar entre ellas o iniciar una presentaci\u00f3n de diapositivas, usar la opci\u00f3n de zoom y disfrutar de las im\u00e1genes a pantalla completa. Tienes libertad para elegir los colores personalizados de la interfaz del widget, aplicar un fondo personalizado, cambiar la configuraci\u00f3n de texto y m\u00e1s caracter\u00edsticas de estilo.<\/p> <p><b>\u00a1Inicia una galer\u00eda de fotos que no podr\u00e1 pasar desapercibida!<\/b><\/p> <\/div> <div class=\"application-platform-content-item-features application-platform-content-item\" id=\"features\" data-nav-section=\"features\"><h2>Caracter\u00edsticas<\/h2> <p>Consulta una lista de todas las caracter\u00edsticas funcionales de la Galer\u00eda de Fotos BigCommerce. Est\u00e1n disponibles directamente en el editor y te ayudar\u00e1n a crear el widget adecuado para tu caso.<\/p> <ul> <li>Agrega botones de llamada a la acci\u00f3n (CTA) para guiar a tu audiencia hacia tu objetivo.<\/li> <li>Modifica la duraci\u00f3n del cambio de diapositivas.<\/li> <li>Elige entre varias opciones de paginaci\u00f3n.<\/li> <li>Coloca tu contenido en cualquier parte de la p\u00e1gina mediante una posici\u00f3n avanzada.<\/li> <li>Modifica 5 opciones de contenido.<\/li> <\/ul> <p><a href=\"#demo\">Puedes probar todas las caracter\u00edsticas funcionales del widget directamente en la demo<\/a><\/p> <\/div> <div class=\"application-platform-content-item-installation application-platform-content-item\" id=\"installation\" data-nav-section=\"installation\"><h2>\u00bfC\u00f3mo puedo agregar una Galer\u00eda de Fotos a mi sitio BigCommerce?<\/h2><div class=\"video-container\"><iframe width=\"720\" height=\"405\" src=\"https:\/\/www.youtube.com\/embed\/NBbbmnxlTE8\" frameborder=\"0\" allowfullscreen=\"\"><\/iframe><\/div><p>Solo sigue las indicaciones a continuaci\u00f3n para integrar la aplicaci\u00f3n en BigCommerce.<\/p> <ol><li><b>Usa nuestra demo gratuita y comienza a crear tu herramienta personalizada.<\/b><br> Encuentra el aspecto y las opciones deseadas de la aplicaci\u00f3n y guarda las modificaciones.<\/li>  <li><b>Copia tu c\u00f3digo personal que se muestra en el cuadro de Elfsight Apps.<\/b><br> Despu\u00e9s de configurar tu herramienta personal, copia el c\u00f3digo individual en el cuadro que aparece y gu\u00e1rdalo para uso futuro.<\/li>  <li><b>Comienza a usar el widget de fotos en tu sitio BigCommerce.<\/b><br> Agrega el c\u00f3digo que copiaste recientemente en tu sitio y aplica las mejoras.<\/li>  <li><b>La configuraci\u00f3n se ha realizado con \u00e9xito.<\/b><br> Ve a tu sitio web para revisar c\u00f3mo est\u00e1 funcionando el widget.<\/li><\/ol><p>Si necesitas asesoramiento o tienes alguna pregunta, no dudes en contactar con nuestro soporte al cliente. Estaremos encantados de ayudarte con cualquier consulta.<\/p> <div class=\"faq\" data-component=\"FAQ\"><div class=\"faq-item\">\r\n\t\t\t\t\t<div class=\"faq-item-question\">\r\n\t\t\t\t\t\t<h3 class=\"faq-item-question-text\">\u00bfC\u00f3mo puedo agregar una Galer\u00eda de Fotos a mi sitio BigCommerce sin conocimientos de codificaci\u00f3n?<\/h3>\r\n\r\n\t\t\t\t\t\t<div class=\"faq-item-question-icon\"><\/div>\r\n\t\t\t\t\t<\/div>\r\n\r\n\t\t\t\t\t<div class=\"faq-item-answer\">\r\n\t\t\t\t\t\t<div class=\"faq-item-answer-text\"> <p>Elfsight ofrece una soluci\u00f3n que permite a los propietarios de sitios crear una Galer\u00eda de Fotos por s\u00ed mismos, descubre los sencillos pasos: Ve a la demo en l\u00ednea para generar el plugin de Galer\u00eda de Fotos que deseas integrar en BigCommerce. Elige una de las plantillas predefinidas y ajusta la configuraci\u00f3n de la Galer\u00eda de Fotos, actualiza tu contenido, cambia el dise\u00f1o y los colores sin necesidad de conocimientos de codificaci\u00f3n. Haz clic en guardar para guardar la configuraci\u00f3n que has realizado y copia el c\u00f3digo de instalaci\u00f3n que puedes insertar f\u00e1cilmente en la p\u00e1gina web de BigCommerce sin necesidad de comprar una versi\u00f3n de pago. Con la ayuda del Configurador intuitivo, cualquier usuario web puede crear un widget de Galer\u00eda de Fotos e insertarlo en cualquier p\u00e1gina web de BigCommerce. No es necesario adquirir una suscripci\u00f3n de pago ni proporcionar los datos de tu tarjeta para acceder al Editor de Elfsight. Si encuentras cualquier dificultad, no dudes en contactar con nuestro soporte t\u00e9cnico.<\/p> <\/div>\r\n\t\t\t\t\t<\/div>\r\n\t\t\t\t<\/div> <\/div><\/div>","protected":false},"excerpt":{"rendered":"","protected":false},"author":18,"featured_media":0,"parent":1671,"menu_order":0,"comment_status":"closed","ping_status":"closed","template":"templates\/template-application-platform.php","meta":{"publish_to_discourse":"","publish_post_category":"","wpdc_auto_publish_overridden":"","wpdc_topic_tags":"","wpdc_pin_topic":"","wpdc_pin_until":"","discourse_post_id":"","discourse_permalink":"","wpdc_publishing_response":"","wpdc_publishing_error":"","footnotes":""},"class_list":["post-3850","page","type-page","status-publish","hentry"],"yoast_head":"<!-- This site is optimized with the Yoast SEO plugin v25.3.1 - https:\/\/yoast.com\/wordpress\/plugins\/seo\/ -->\n<title>Galer\u00eda de fotos - Insertar app de Galer\u00eda fotogr\u00e1fica al BigCommerce<\/title>\n<meta name=\"description\" content=\"Instala un plugin hermoso de Galer\u00eda de fotos en su sitio de BigCommerce. Use la demo de Elfsight f\u00e1cil de usar y genere su app propio.\" \/>\n<meta name=\"robots\" content=\"index, follow, max-snippet:-1, max-image-preview:large, max-video-preview:-1\" \/>\n<link rel=\"canonical\" href=\"https:\/\/elfsight.com\/es\/photo-gallery-widget\/bigcommerce\/\" \/>\n<meta property=\"og:locale\" content=\"es_ES\" \/>\n<meta property=\"og:type\" content=\"article\" \/>\n<meta property=\"og:title\" content=\"Galer\u00eda de fotos - Insertar app de Galer\u00eda fotogr\u00e1fica al BigCommerce\" \/>\n<meta property=\"og:description\" content=\"Instala un plugin hermoso de Galer\u00eda de fotos en su sitio de BigCommerce. Use la demo de Elfsight f\u00e1cil de usar y genere su app propio.\" \/>\n<meta property=\"og:url\" content=\"https:\/\/elfsight.com\/es\/photo-gallery-widget\/bigcommerce\/\" \/>\n<meta property=\"og:site_name\" content=\"Elfsight ES\" \/>\n<meta property=\"article:modified_time\" content=\"2025-02-06T15:15:17+00:00\" \/>\n<meta name=\"twitter:card\" content=\"summary_large_image\" \/>\n<meta name=\"twitter:label1\" content=\"Tiempo de lectura\" \/>\n\t<meta name=\"twitter:data1\" content=\"2 minutos\" \/>\n<!-- \/ Yoast SEO plugin. -->","yoast_head_json":{"title":"Galer\u00eda de fotos - Insertar app de Galer\u00eda fotogr\u00e1fica al BigCommerce","description":"Instala un plugin hermoso de Galer\u00eda de fotos en su sitio de BigCommerce. Use la demo de Elfsight f\u00e1cil de usar y genere su app propio.","robots":{"index":"index","follow":"follow","max-snippet":"max-snippet:-1","max-image-preview":"max-image-preview:large","max-video-preview":"max-video-preview:-1"},"canonical":"https:\/\/elfsight.com\/es\/photo-gallery-widget\/bigcommerce\/","og_locale":"es_ES","og_type":"article","og_title":"Galer\u00eda de fotos - Insertar app de Galer\u00eda fotogr\u00e1fica al BigCommerce","og_description":"Instala un plugin hermoso de Galer\u00eda de fotos en su sitio de BigCommerce. Use la demo de Elfsight f\u00e1cil de usar y genere su app propio.","og_url":"https:\/\/elfsight.com\/es\/photo-gallery-widget\/bigcommerce\/","og_site_name":"Elfsight ES","article_modified_time":"2025-02-06T15:15:17+00:00","twitter_card":"summary_large_image","twitter_misc":{"Tiempo de lectura":"2 minutos"},"schema":{"@context":"https:\/\/schema.org","@graph":[{"@type":"WebPage","@id":"https:\/\/elfsight.com\/es\/photo-gallery-widget\/bigcommerce\/","url":"https:\/\/elfsight.com\/es\/photo-gallery-widget\/bigcommerce\/","name":"Galer\u00eda de fotos - Insertar app de Galer\u00eda fotogr\u00e1fica al BigCommerce","isPartOf":{"@id":"https:\/\/elfsight.com\/es\/#website"},"datePublished":"2022-02-11T12:09:35+00:00","dateModified":"2025-02-06T15:15:17+00:00","description":"Instala un plugin hermoso de Galer\u00eda de fotos en su sitio de BigCommerce. Use la demo de Elfsight f\u00e1cil de usar y genere su app propio.","breadcrumb":{"@id":"https:\/\/elfsight.com\/es\/photo-gallery-widget\/bigcommerce\/#breadcrumb"},"inLanguage":"es","potentialAction":[{"@type":"ReadAction","target":["https:\/\/elfsight.com\/es\/photo-gallery-widget\/bigcommerce\/"]}]},{"@type":"BreadcrumbList","@id":"https:\/\/elfsight.com\/es\/photo-gallery-widget\/bigcommerce\/#breadcrumb","itemListElement":[{"@type":"ListItem","position":1,"name":"Home","item":"https:\/\/elfsight.com\/es\/"},{"@type":"ListItem","position":2,"name":"Photo Gallery","item":"https:\/\/elfsight.com\/es\/photo-gallery-widget\/"},{"@type":"ListItem","position":3,"name":"Photo Gallery &#8211; BigCommerce"}]},{"@type":"WebSite","@id":"https:\/\/elfsight.com\/es\/#website","url":"https:\/\/elfsight.com\/es\/","name":"Elfsight ES","description":"Just another Elfsight Sites site","potentialAction":[{"@type":"SearchAction","target":{"@type":"EntryPoint","urlTemplate":"https:\/\/elfsight.com\/es\/?s={search_term_string}"},"query-input":{"@type":"PropertyValueSpecification","valueRequired":true,"valueName":"search_term_string"}}],"inLanguage":"es"}]}},"meta_box":{"industry":"","seo_heading":"","heading":"","description":"","cta_heading":"","cta_description":"","application":"1670","h1":"aplicaci\u00f3n de Galer\u00eda de fotos para BigCommerce","h1_caption":"Muestre sus im\u00e1genes en una galer\u00eda interactiva y personalizable que mejora el atractivo visual de su sitio web en su sitio web BigCommerce sin esfuerzo.","application_category":[],"applications_title":"","applications_request_title":"","applications_request_button_text":"","hero_text":"","hero_video":"","hero_video_schema_markup":"","selling_points_title":"","selling_points_caption":"","selling_points":[],"selling_points_cta_text":"","features_title":"","features":"","ed_cta_examples_text":"","ed_cta_examples_hidden":"","ed_cta_demo_text":"","ed_cta_demo_hidden":"","why_caption":"","why_editor_title":"","why_editor_text":"","why_team_title":"","why_team_text":"","why_service_title":"","why_service_text":"","template_catalog_visible":"","template_catalog_title":"","template_catalog_text":"","template_catalog_categories_visible":"","demo_title":"Crea tu aplicaci\u00f3n Galer\u00eda de fotos","demo_caption":"\u00a1Configure su galer\u00eda de fotos y agr\u00e9guela a su sitio web de BigCommerce gratis!","default_faq_hidden":"","app_template_category":[],"platform":"33","template_public_id":"","codecanyon_url":"","codecanyon_item_id":"","codecanyon_price":"","pricing_caption":"","pricing_elfsight_apps_hide_column":"","pricing_elfsight_apps_url":"","pricing_codecanyon_price_caption":"","integration_category":[],"integration_request_title":"","integration_request_cta":"","integration_platform":"","integrations":[],"platform_category":[],"video_schema_markup":"","price":"desde $0 por mes","trial":"","benefits":[{"text":"Instalaci\u00f3n gratuita"},{"text":"Soporte Premium"},{"text":"14 d\u00edas garant\u00eda de reembolso"},{"text":"Actualizaciones regulares"}],"button_url":"#demo","button_target_blank":"0","button_nofollow":"0","attributes":[{"name":"Responsivo","content":"Si","_state":"expanded"},{"name":"Navegadores compatibles","content":"Firefox, Safari, Opera, Chrome, Edge","_state":"expanded"}],"tags":[],"tags_disable_links":"0","hide_more_platforms":"","video_object":"","demo_hide_cta":"0","demo_hide_cloud_options":"0","pricing_title":"","pricing":[{"pricing_icon":"platform","pricing_title":" Elfsight Apps","pricing_title_caption":"Soluci\u00f3n multiplataforma - valido para cualquier p\u00e1gina web","pricing_price":"desde $0 por mes","pricing_price_caption":"empezar con un plan gratuito","pricing_benefits":[{"text":"Sitios web ilimitados"},{"text":"Atenci\u00f3n al cliente gratuita y r\u00e1pida"},{"text":"Servicio de instalaci\u00f3n gratuito"},{"text":"Totalmente personalizable"}],"pricing_button_text":"Agregar al sitio web","pricing_button_url":"#demo","_state":"expanded"}],"related_apps_title":"","related_apps_hidden":"1","author":"","image":[],"title":"","job":"","social_networks":[]},"_links":{"self":[{"href":"https:\/\/elfsight.com\/es\/wp-json\/wp\/v2\/pages\/3850","targetHints":{"allow":["GET"]}}],"collection":[{"href":"https:\/\/elfsight.com\/es\/wp-json\/wp\/v2\/pages"}],"about":[{"href":"https:\/\/elfsight.com\/es\/wp-json\/wp\/v2\/types\/page"}],"author":[{"embeddable":true,"href":"https:\/\/elfsight.com\/es\/wp-json\/wp\/v2\/users\/18"}],"replies":[{"embeddable":true,"href":"https:\/\/elfsight.com\/es\/wp-json\/wp\/v2\/comments?post=3850"}],"version-history":[{"count":3,"href":"https:\/\/elfsight.com\/es\/wp-json\/wp\/v2\/pages\/3850\/revisions"}],"predecessor-version":[{"id":17983,"href":"https:\/\/elfsight.com\/es\/wp-json\/wp\/v2\/pages\/3850\/revisions\/17983"}],"up":[{"embeddable":true,"href":"https:\/\/elfsight.com\/es\/wp-json\/wp\/v2\/pages\/1671"}],"wp:attachment":[{"href":"https:\/\/elfsight.com\/es\/wp-json\/wp\/v2\/media?parent=3850"}],"curies":[{"name":"wp","href":"https:\/\/api.w.org\/{rel}","templated":true}]}}