{"id":3849,"date":"2022-02-11T12:09:42","date_gmt":"2022-02-11T12:09:42","guid":{"rendered":"https:\/\/elfsight.com\/es\/?page_id=3849"},"modified":"2025-02-06T15:15:08","modified_gmt":"2025-02-06T15:15:08","slug":"jquery","status":"publish","type":"page","link":"https:\/\/elfsight.com\/es\/popup-widget\/jquery\/","title":{"rendered":"Popup &#8211; jQuery"},"content":{"rendered":"<div class=\"application-platform-content-item-description application-platform-content-item\" id=\"description\" data-nav-section=\"description\"> <h2>Descripci\u00f3n<\/h2> <p>Con la ayuda del plugin Pop up de Elfsight, cualquiera puede crear popups personalizados de cualquier tipo e introducirlos en la p\u00e1gina web. Construye tu popup a partir de los diversos bloques incluidos. Ajusta el dise\u00f1o y la disposici\u00f3n; asigna un disparador para el popup y encuentra la frecuencia adecuada para obtener una mayor eficacia. Los popups de diferentes tipos permiten a las personas suscribirse a tu correo electr\u00f3nico, descubrir tus productos, copiar cupones de descuento, conocer tus ventas y ofertas especiales. Las ventanas emergentes JQuery notifican sobre eventos pr\u00f3ximos en tu sitio web y mucho m\u00e1s.<\/p> <p><b>Los popups permiten aumentar las ventas de manera m\u00e1s eficiente, promocionar eventos pr\u00f3ximos, obtener retroalimentaci\u00f3n y suscriptores, y mucho m\u00e1s.<\/b><\/p> <\/div><div class=\"faq\" data-component=\"FAQ\"><div class=\"faq-item\">\r\n\t\t\t\t\t<div class=\"faq-item-question\">\r\n\t\t\t\t\t\t<h3 class=\"faq-item-question-text\">\u00bfC\u00f3mo agrego un Popup a mi sitio jQuery?<\/h3>\r\n\r\n\t\t\t\t\t\t<div class=\"faq-item-question-icon\"><\/div>\r\n\t\t\t\t\t<\/div>\r\n\r\n\t\t\t\t\t<div class=\"faq-item-answer\">\r\n\t\t\t\t\t\t<div class=\"faq-item-answer-text\"><p>La creaci\u00f3n del widget se realiza en las p\u00e1ginas de Elfsight y no es necesario programar. Ve a la demo activa para personalizar tu propio plugin, obtener el c\u00f3digo e insertarlo en tu sitio. Puedes agregarlo en cualquier lugar, y tienes la oportunidad de mostrar un popup jQuery en el men\u00fa.<\/p><\/div>\r\n\t\t\t\t\t<\/div>\r\n\t\t\t\t<\/div><div class=\"faq-item\">\r\n\t\t\t\t\t<div class=\"faq-item-question\">\r\n\t\t\t\t\t\t<h3 class=\"faq-item-question-text\">\u00bfCu\u00e1les son los mejores ejemplos de uso de la integraci\u00f3n de la ventana emergente?<\/h3>\r\n\r\n\t\t\t\t\t\t<div class=\"faq-item-question-icon\"><\/div>\r\n\t\t\t\t\t<\/div>\r\n\r\n\t\t\t\t\t<div class=\"faq-item-answer\">\r\n\t\t\t\t\t\t<div class=\"faq-item-answer-text\"><p>Te ofrecemos muchas opciones de ajuste: widgets a escala completa para agregar en la secci\u00f3n de contenido, plugins flotantes con funci\u00f3n de desplazamiento, dise\u00f1os para el pie de p\u00e1gina, encabezado y todas las variantes de opciones verticales para barras laterales y men\u00fas del sitio web. Puedes crear f\u00e1cilmente una ventana emergente de confirmaci\u00f3n jQuery o cualquier otro tipo de cuadro con la ayuda de plantillas listas para usar.<\/p><\/div>\r\n\t\t\t\t\t<\/div>\r\n\t\t\t\t<\/div><div class=\"faq-item\">\r\n\t\t\t\t\t<div class=\"faq-item-question\">\r\n\t\t\t\t\t\t<h3 class=\"faq-item-question-text\">\u00bfPuedo crear un Popup de Black Friday o una Notificaci\u00f3n jQuery a trav\u00e9s del editor?<\/h3>\r\n\r\n\t\t\t\t\t\t<div class=\"faq-item-question-icon\"><\/div>\r\n\t\t\t\t\t<\/div>\r\n\r\n\t\t\t\t\t<div class=\"faq-item-answer\">\r\n\t\t\t\t\t\t<div class=\"faq-item-answer-text\"><p>Eres libre de crear todas las modificaciones del widget. Hay muchos dise\u00f1os disponibles para los cuadros de popup jQuery, y todos ellos pueden ser personalizados r\u00e1pidamente seg\u00fan tus necesidades. Puedes agregar un cup\u00f3n o una notificaci\u00f3n a tu popup y disfrutar del aumento de conversiones.<\/p><\/div>\r\n\t\t\t\t\t<\/div>\r\n\t\t\t\t<\/div><\/div><div class=\"application-platform-content-item-features application-platform-content-item\" id=\"features\" data-nav-section=\"features\"> <h2>Principales caracter\u00edsticas del widget Popup<\/h2> <p>Consulta la lista de todas las caracter\u00edsticas del widget. Puedes gestionar los cuadros de popup jQuery directamente en el editor y te ayudar\u00e1 a configurar el widget para adaptarlo a cualquier caso.<\/p> <ul><li>Doce bloques de contenido para construir un popup<\/li> <li>Cinco dise\u00f1os de popup incluidos para diferentes casos<\/li> <li>Agrega botones para redirigir a los visitantes a cualquier direcci\u00f3n desde un cuadro emergente<\/li> <li>Opci\u00f3n de cargar una imagen como fondo del plugin<\/li> <li>El popup puede aparecer despu\u00e9s de un tiempo espec\u00edfico en la p\u00e1gina o de una cantidad de desplazamiento<\/li> <li>Disparadores del popup: hacer clic en un elemento espec\u00edfico o desplazarse hasta \u00e9l<\/li> <\/ul> <p><a href=\"#demo\">Consulta todas las dem\u00e1s funciones en la demo<\/a><\/p> <\/div><div class=\"application-platform-content-item-installation application-platform-content-item\" id=\"installation\" data-nav-section=\"installation\"><h2>\u00bfC\u00f3mo insertar un Popup jQuery en un sitio web?<\/h2> <p>Para agregar el widget, sigue estos pasos r\u00e1pidos<\/p> <ol><li><b>Genera tu plugin Popup personalizado<\/b><br> Ve a nuestro configurador gratuito, elige un ejemplo de Popup jQuery y crea un widget con el aspecto y la funcionalidad preferidos.<\/li><li><b>Obt\u00e9n el c\u00f3digo individual para instalar el plugin<\/b><br> Despu\u00e9s de crear tu widget, recibir\u00e1s tu c\u00f3digo personal desde la ventana emergente en Elfsight Apps. Copia el c\u00f3digo.<\/li> <li><b>Integra el plugin en tu sitio jQuery<\/b><br> Elige el lugar donde deseas agregar el widget y pega el c\u00f3digo guardado all\u00ed. Guarda los cambios.<\/li> <li><b>\u00a1Has completado la instalaci\u00f3n con \u00e9xito!<\/b><br> Ingresa a la p\u00e1gina web para ver tu Popup.<\/li> <\/ol><p>Si necesitas ayuda o tienes alguna duda, no dudes en ponerte en contacto con nuestro soporte al cliente. Nuestros especialistas estar\u00e1n encantados de ayudarte con cualquier consulta.<\/p> <\/div>","protected":false},"excerpt":{"rendered":"","protected":false},"author":18,"featured_media":0,"parent":1488,"menu_order":0,"comment_status":"closed","ping_status":"closed","template":"templates\/template-application-platform.php","meta":{"publish_to_discourse":"","publish_post_category":"","wpdc_auto_publish_overridden":"","wpdc_topic_tags":"","wpdc_pin_topic":"","wpdc_pin_until":"","discourse_post_id":"","discourse_permalink":"","wpdc_publishing_response":"","wpdc_publishing_error":"","footnotes":""},"class_list":["post-3849","page","type-page","status-publish","hentry"],"yoast_head":"<!-- This site is optimized with the Yoast SEO plugin v25.3.1 - https:\/\/yoast.com\/wordpress\/plugins\/seo\/ -->\n<title>Popup - Incrustar widget de Ventana emergente al jQuery<\/title>\n<meta name=\"description\" content=\"A\u00f1ade un widget responsivo de Popup en su sitio de jQuery. Lance la demo de Elfsight f\u00e1cil de usar y genere su widget personalizado.\" \/>\n<meta name=\"robots\" content=\"index, follow, max-snippet:-1, max-image-preview:large, max-video-preview:-1\" \/>\n<link rel=\"canonical\" href=\"https:\/\/elfsight.com\/es\/popup-widget\/jquery\/\" \/>\n<meta property=\"og:locale\" content=\"es_ES\" \/>\n<meta property=\"og:type\" content=\"article\" \/>\n<meta property=\"og:title\" content=\"Popup - Incrustar widget de Ventana emergente al jQuery\" \/>\n<meta property=\"og:description\" content=\"A\u00f1ade un widget responsivo de Popup en su sitio de jQuery. Lance la demo de Elfsight f\u00e1cil de usar y genere su widget personalizado.\" \/>\n<meta property=\"og:url\" content=\"https:\/\/elfsight.com\/es\/popup-widget\/jquery\/\" \/>\n<meta property=\"og:site_name\" content=\"Elfsight ES\" \/>\n<meta property=\"article:modified_time\" content=\"2025-02-06T15:15:08+00:00\" \/>\n<meta name=\"twitter:card\" content=\"summary_large_image\" \/>\n<meta name=\"twitter:label1\" content=\"Tiempo de lectura\" \/>\n\t<meta name=\"twitter:data1\" content=\"2 minutos\" \/>\n<!-- \/ Yoast SEO plugin. -->","yoast_head_json":{"title":"Popup - Incrustar widget de Ventana emergente al jQuery","description":"A\u00f1ade un widget responsivo de Popup en su sitio de jQuery. Lance la demo de Elfsight f\u00e1cil de usar y genere su widget personalizado.","robots":{"index":"index","follow":"follow","max-snippet":"max-snippet:-1","max-image-preview":"max-image-preview:large","max-video-preview":"max-video-preview:-1"},"canonical":"https:\/\/elfsight.com\/es\/popup-widget\/jquery\/","og_locale":"es_ES","og_type":"article","og_title":"Popup - Incrustar widget de Ventana emergente al jQuery","og_description":"A\u00f1ade un widget responsivo de Popup en su sitio de jQuery. Lance la demo de Elfsight f\u00e1cil de usar y genere su widget personalizado.","og_url":"https:\/\/elfsight.com\/es\/popup-widget\/jquery\/","og_site_name":"Elfsight ES","article_modified_time":"2025-02-06T15:15:08+00:00","twitter_card":"summary_large_image","twitter_misc":{"Tiempo de lectura":"2 minutos"},"schema":{"@context":"https:\/\/schema.org","@graph":[{"@type":"WebPage","@id":"https:\/\/elfsight.com\/es\/popup-widget\/jquery\/","url":"https:\/\/elfsight.com\/es\/popup-widget\/jquery\/","name":"Popup - Incrustar widget de Ventana emergente al jQuery","isPartOf":{"@id":"https:\/\/elfsight.com\/es\/#website"},"datePublished":"2022-02-11T12:09:42+00:00","dateModified":"2025-02-06T15:15:08+00:00","description":"A\u00f1ade un widget responsivo de Popup en su sitio de jQuery. Lance la demo de Elfsight f\u00e1cil de usar y genere su widget personalizado.","breadcrumb":{"@id":"https:\/\/elfsight.com\/es\/popup-widget\/jquery\/#breadcrumb"},"inLanguage":"es","potentialAction":[{"@type":"ReadAction","target":["https:\/\/elfsight.com\/es\/popup-widget\/jquery\/"]}]},{"@type":"BreadcrumbList","@id":"https:\/\/elfsight.com\/es\/popup-widget\/jquery\/#breadcrumb","itemListElement":[{"@type":"ListItem","position":1,"name":"Home","item":"https:\/\/elfsight.com\/es\/"},{"@type":"ListItem","position":2,"name":"Popup","item":"https:\/\/elfsight.com\/es\/popup-widget\/"},{"@type":"ListItem","position":3,"name":"Popup &#8211; jQuery"}]},{"@type":"WebSite","@id":"https:\/\/elfsight.com\/es\/#website","url":"https:\/\/elfsight.com\/es\/","name":"Elfsight ES","description":"Just another Elfsight Sites site","potentialAction":[{"@type":"SearchAction","target":{"@type":"EntryPoint","urlTemplate":"https:\/\/elfsight.com\/es\/?s={search_term_string}"},"query-input":{"@type":"PropertyValueSpecification","valueRequired":true,"valueName":"search_term_string"}}],"inLanguage":"es"}]}},"meta_box":{"industry":"","seo_heading":"","heading":"","description":"","cta_heading":"","cta_description":"","application":"1487","h1":"widget de ventana emergente para jQuery","h1_caption":"Una widget avanzada para presentar un %producto2% en su sitio","application_category":[],"applications_title":"","applications_request_title":"","applications_request_button_text":"","hero_text":"","hero_video":"","hero_video_schema_markup":"","selling_points_title":"","selling_points_caption":"","selling_points":[],"selling_points_cta_text":"","features_title":"","features":"","ed_cta_examples_text":"","ed_cta_examples_hidden":"","ed_cta_demo_text":"","ed_cta_demo_hidden":"","why_caption":"","why_editor_title":"","why_editor_text":"","why_team_title":"","why_team_text":"","why_service_title":"","why_service_text":"","template_catalog_visible":"","template_catalog_title":"","template_catalog_text":"","template_catalog_categories_visible":"","demo_title":"Crea tu complemento emergente","demo_caption":"\u00a1Configura tu Popup y agr\u00e9galo a tu sitio web jQuery gratis!","default_faq_hidden":"","app_template_category":[],"platform":"76","template_public_id":"","codecanyon_url":"","codecanyon_item_id":"","codecanyon_price":"","pricing_caption":"","pricing_elfsight_apps_hide_column":"","pricing_elfsight_apps_url":"","pricing_codecanyon_price_caption":"","integration_category":[],"integration_request_title":"","integration_request_cta":"","integration_platform":"","integrations":[],"platform_category":[],"video_schema_markup":"","price":"desde $0 por mes","trial":"","benefits":[{"text":"Instalaci\u00f3n gratuita"},{"text":"Soporte Premium"},{"text":"14 d\u00edas garant\u00eda de reembolso"},{"text":"Actualizaciones regulares"}],"button_url":"#demo","button_target_blank":"0","button_nofollow":"0","attributes":[{"name":"Responsivo","content":"Si","_state":"expanded"},{"name":"Navegadores compatibles","content":"Firefox, Safari, Opera, Chrome, Edge","_state":"expanded"}],"tags":[],"tags_disable_links":"0","hide_more_platforms":"","video_object":"","demo_hide_cta":"0","demo_hide_cloud_options":"0","pricing_title":"","pricing":[{"pricing_icon":"platform","pricing_title":" Elfsight Apps","pricing_title_caption":"Soluci\u00f3n multiplataforma - valido para cualquier p\u00e1gina web","pricing_price":"desde $0 por mes","pricing_price_caption":"empezar con un plan gratuito","pricing_benefits":[{"text":"Sitios web ilimitados"},{"text":"Atenci\u00f3n al cliente gratuita y r\u00e1pida"},{"text":"Servicio de instalaci\u00f3n gratuito"},{"text":"Totalmente personalizable"}],"pricing_button_text":"Agregar al sitio web","pricing_button_url":"#demo","_state":"expanded"}],"related_apps_title":"","related_apps_hidden":"1","author":"","image":[],"title":"","job":"","social_networks":[]},"_links":{"self":[{"href":"https:\/\/elfsight.com\/es\/wp-json\/wp\/v2\/pages\/3849","targetHints":{"allow":["GET"]}}],"collection":[{"href":"https:\/\/elfsight.com\/es\/wp-json\/wp\/v2\/pages"}],"about":[{"href":"https:\/\/elfsight.com\/es\/wp-json\/wp\/v2\/types\/page"}],"author":[{"embeddable":true,"href":"https:\/\/elfsight.com\/es\/wp-json\/wp\/v2\/users\/18"}],"replies":[{"embeddable":true,"href":"https:\/\/elfsight.com\/es\/wp-json\/wp\/v2\/comments?post=3849"}],"version-history":[{"count":3,"href":"https:\/\/elfsight.com\/es\/wp-json\/wp\/v2\/pages\/3849\/revisions"}],"predecessor-version":[{"id":17982,"href":"https:\/\/elfsight.com\/es\/wp-json\/wp\/v2\/pages\/3849\/revisions\/17982"}],"up":[{"embeddable":true,"href":"https:\/\/elfsight.com\/es\/wp-json\/wp\/v2\/pages\/1488"}],"wp:attachment":[{"href":"https:\/\/elfsight.com\/es\/wp-json\/wp\/v2\/media?parent=3849"}],"curies":[{"name":"wp","href":"https:\/\/api.w.org\/{rel}","templated":true}]}}