{"id":3847,"date":"2022-02-11T12:09:44","date_gmt":"2022-02-11T12:09:44","guid":{"rendered":"https:\/\/elfsight.com\/es\/?page_id=3847"},"modified":"2025-02-06T15:15:08","modified_gmt":"2025-02-06T15:15:08","slug":"magento","status":"publish","type":"page","link":"https:\/\/elfsight.com\/es\/pricing-table-plugin\/magento\/","title":{"rendered":"Pricing Table &#8211; Magento"},"content":{"rendered":"<div class=\"application-platform-content-item-description application-platform-content-item\" id=\"description\" data-nav-section=\"description\"><h2>Descripci\u00f3n<\/h2><p>El precio juega un papel fundamental en motivar a los clientes a comprar. La extensi\u00f3n de nuestro equipo no solo permite que los usuarios de la p\u00e1gina conozcan f\u00e1cilmente las opciones de precios disponibles, sino que tambi\u00e9n contribuye a aumentar la conversi\u00f3n gracias a los \u00faltimos trucos en dise\u00f1o y configuraci\u00f3n.<\/p><p><b>Eleva las ventas de tu sitio a un nivel superior utilizando una potente tabla de precios.<\/b><\/p><ul><li><b>Ofrece a tus clientes todo lo necesario para realizar una compra<\/b>.<br> Agrega la informaci\u00f3n que tus futuros clientes est\u00e1n buscando en un formato claro y accesible, y ay\u00fadales a tomar la decisi\u00f3n que les guste.<\/li><li><b>Configura la extensi\u00f3n en solo 50 segundos<\/b>.<br> Dedica un par de minutos para configurar la mejor extensi\u00f3n. Elige todas las configuraciones de dise\u00f1o y la informaci\u00f3n detallada para mostrarla con solo un par de clics.<\/li><li><b>Demuestra m\u00e1s informaci\u00f3n sobre tus ofertas<\/b>.<br> Proporciona la m\u00e1xima informaci\u00f3n sobre todas tus condiciones de precios y col\u00f3cala en tu extensi\u00f3n, para que los lectores puedan estudiar y consultar los planes disponibles.<\/li><\/ul><\/div><div class=\"application-platform-content-item-features application-platform-content-item\" id=\"features\" data-nav-section=\"features\"><h2>Caracter\u00edsticas<\/h2><p>Los puntos que convierten nuestra extensi\u00f3n en la mejor Tabla de Precios para sitios Magento.<\/p><ul><li>6 elementos de columna predefinidos que se pueden organizar y personalizar para obtener el aspecto perfecto;<\/li><li>Lista de caracter\u00edsticas ajustable, completa con iconos, sugerencias y n\u00famero ilimitado de caracter\u00edsticas;<\/li><li>3 estilos de caracter\u00edsticas predefinidos;<\/li><li>Vinculaci\u00f3n del bot\u00f3n a la p\u00e1gina requerida;<\/li><li>Dise\u00f1o optimizado para dispositivos m\u00f3viles.<\/li><\/ul><p><a href=\"#demo\">Puedes descubrir todos los beneficios utilizando el configurador en vivo<\/a><\/p><\/div><div class=\"application-platform-content-item-installation application-platform-content-item\" id=\"installation\" data-nav-section=\"installation\"><h2>C\u00f3mo crear una tabla de precios para un sitio Magento<\/h2><p>Sigue estos sencillos pasos para integrar la herramienta en Magento.<\/p> <ol><li><b>Gestiona nuestro configurador gratuito y comienza a crear tu widget personalizado.<\/b><br> Especifica el dise\u00f1o preferido y las caracter\u00edsticas de la extensi\u00f3n y aplica las modificaciones.<\/li>  <li><b>Recibe tu c\u00f3digo \u00fanico revelado en el formulario especial en Elfsight Apps.<\/b><br> Cuando termines la personalizaci\u00f3n de tu extensi\u00f3n de tabla de precios, copia el c\u00f3digo individual en la ventana emergente y gu\u00e1rdalo para su uso futuro.<\/li>  <li><b>Comienza a usar la herramienta en tu sitio Magento.<\/b><br> Ingresa el c\u00f3digo que guardaste anteriormente en tu p\u00e1gina de inicio y guarda los cambios.<\/li>  <li><b>\u00a1Listo! La integraci\u00f3n se ha realizado con \u00e9xito.<\/b><br> Visita tu p\u00e1gina web para comprobar c\u00f3mo funciona la herramienta.<\/li><\/ol><p>\u00bfTienes problemas al configurar tu extensi\u00f3n? Consulta nuestra gu\u00eda completa \u00ab<a href=\"https:\/\/elfsight.com\/tutorials\/how-to-add-pricing-table-to-magento\/\" target=\"_blank\" rel=\"noopener noreferrer\">C\u00f3mo insertar la tabla de precios en Magento<\/a>\u00bb o contacta con nuestro servicio de atenci\u00f3n al cliente, que resolver\u00e1 cualquier problema r\u00e1pidamente.<\/p><\/div><div class=\"faq\" data-component=\"FAQ\"><div class=\"faq-item\">\r\n\t\t\t\t\t<div class=\"faq-item-question\">\r\n\t\t\t\t\t\t<h3 class=\"faq-item-question-text\">\u00bfC\u00f3mo puedo agregar una tabla de precios a mi sitio Magento?<\/h3>\r\n\r\n\t\t\t\t\t\t<div class=\"faq-item-question-icon\"><\/div>\r\n\t\t\t\t\t<\/div>\r\n\r\n\t\t\t\t\t<div class=\"faq-item-answer\">\r\n\t\t\t\t\t\t<div class=\"faq-item-answer-text\"><p>La creaci\u00f3n del widget se realiza en las p\u00e1ginas de Elfsight y no es necesario aprender a programar. Abre la demo activa para personalizar tu propia aplicaci\u00f3n, obtener el c\u00f3digo e implementarlo en tu sitio.<\/p><\/div>\r\n\t\t\t\t\t<\/div>\r\n\t\t\t\t<\/div><div class=\"faq-item\">\r\n\t\t\t\t\t<div class=\"faq-item-question\">\r\n\t\t\t\t\t\t<h3 class=\"faq-item-question-text\">\u00bfCu\u00e1les son las mejores formas de usar la integraci\u00f3n de precios?<\/h3>\r\n\r\n\t\t\t\t\t\t<div class=\"faq-item-question-icon\"><\/div>\r\n\t\t\t\t\t<\/div>\r\n\r\n\t\t\t\t\t<div class=\"faq-item-answer\">\r\n\t\t\t\t\t\t<div class=\"faq-item-answer-text\"><p>Te proporcionaremos muchas opciones de personalizaci\u00f3n: widgets de longitud completa para insertar en la zona de contenido, widgets flotantes con funci\u00f3n de desplazamiento, miniaturas para el pie de p\u00e1gina de tu sitio web, encabezado y todo tipo de opciones verticales para barras laterales y men\u00fas.<\/p><\/div>\r\n\t\t\t\t\t<\/div>\r\n\t\t\t\t<\/div><div class=\"faq-item\">\r\n\t\t\t\t\t<div class=\"faq-item-question\">\r\n\t\t\t\t\t\t<h3 class=\"faq-item-question-text\">\u00bfC\u00f3mo crear una tabla de planes de servicio o una tabla de comparaci\u00f3n de precios usando el editor?<\/h3>\r\n\r\n\t\t\t\t\t\t<div class=\"faq-item-question-icon\"><\/div>\r\n\t\t\t\t\t<\/div>\r\n\r\n\t\t\t\t\t<div class=\"faq-item-answer\">\r\n\t\t\t\t\t\t<div class=\"faq-item-answer-text\"><p>Puedes crear todas las variaciones del widget. Hay una amplia gama de dise\u00f1os disponibles en el editor, y todos se pueden personalizar r\u00e1pidamente de la manera que necesites.<\/p><\/div>\r\n\t\t\t\t\t<\/div>\r\n\t\t\t\t<\/div><\/div>","protected":false},"excerpt":{"rendered":"","protected":false},"author":18,"featured_media":0,"parent":2019,"menu_order":0,"comment_status":"closed","ping_status":"closed","template":"templates\/template-application-platform.php","meta":{"publish_to_discourse":"","publish_post_category":"","wpdc_auto_publish_overridden":"","wpdc_topic_tags":"","wpdc_pin_topic":"","wpdc_pin_until":"","discourse_post_id":"","discourse_permalink":"","wpdc_publishing_response":"","wpdc_publishing_error":"","footnotes":""},"class_list":["post-3847","page","type-page","status-publish","hentry"],"yoast_head":"<!-- This site is optimized with the Yoast SEO plugin v25.3.1 - https:\/\/yoast.com\/wordpress\/plugins\/seo\/ -->\n<title>Tabla de precios - A\u00f1adir plugin de Precios mesa al Magento<\/title>\n<meta name=\"description\" content=\"Instala un extention atractivo de Tabla de precios en su p\u00e1gina web de Magento. Aplique la demo de Elfsight f\u00e1cil de usar y construe su plugin propio.\" \/>\n<meta name=\"robots\" content=\"index, follow, max-snippet:-1, max-image-preview:large, max-video-preview:-1\" \/>\n<link rel=\"canonical\" href=\"https:\/\/elfsight.com\/es\/pricing-table-plugin\/magento\/\" \/>\n<meta property=\"og:locale\" content=\"es_ES\" \/>\n<meta property=\"og:type\" content=\"article\" \/>\n<meta property=\"og:title\" content=\"Tabla de precios - A\u00f1adir plugin de Precios mesa al Magento\" \/>\n<meta property=\"og:description\" content=\"Instala un extention atractivo de Tabla de precios en su p\u00e1gina web de Magento. Aplique la demo de Elfsight f\u00e1cil de usar y construe su plugin propio.\" \/>\n<meta property=\"og:url\" content=\"https:\/\/elfsight.com\/es\/pricing-table-plugin\/magento\/\" \/>\n<meta property=\"og:site_name\" content=\"Elfsight ES\" \/>\n<meta property=\"article:modified_time\" content=\"2025-02-06T15:15:08+00:00\" \/>\n<meta name=\"twitter:card\" content=\"summary_large_image\" \/>\n<meta name=\"twitter:label1\" content=\"Tiempo de lectura\" \/>\n\t<meta name=\"twitter:data1\" content=\"1 minuto\" \/>\n<!-- \/ Yoast SEO plugin. -->","yoast_head_json":{"title":"Tabla de precios - A\u00f1adir plugin de Precios mesa al Magento","description":"Instala un extention atractivo de Tabla de precios en su p\u00e1gina web de Magento. Aplique la demo de Elfsight f\u00e1cil de usar y construe su plugin propio.","robots":{"index":"index","follow":"follow","max-snippet":"max-snippet:-1","max-image-preview":"max-image-preview:large","max-video-preview":"max-video-preview:-1"},"canonical":"https:\/\/elfsight.com\/es\/pricing-table-plugin\/magento\/","og_locale":"es_ES","og_type":"article","og_title":"Tabla de precios - A\u00f1adir plugin de Precios mesa al Magento","og_description":"Instala un extention atractivo de Tabla de precios en su p\u00e1gina web de Magento. Aplique la demo de Elfsight f\u00e1cil de usar y construe su plugin propio.","og_url":"https:\/\/elfsight.com\/es\/pricing-table-plugin\/magento\/","og_site_name":"Elfsight ES","article_modified_time":"2025-02-06T15:15:08+00:00","twitter_card":"summary_large_image","twitter_misc":{"Tiempo de lectura":"1 minuto"},"schema":{"@context":"https:\/\/schema.org","@graph":[{"@type":"WebPage","@id":"https:\/\/elfsight.com\/es\/pricing-table-plugin\/magento\/","url":"https:\/\/elfsight.com\/es\/pricing-table-plugin\/magento\/","name":"Tabla de precios - A\u00f1adir plugin de Precios mesa al Magento","isPartOf":{"@id":"https:\/\/elfsight.com\/es\/#website"},"datePublished":"2022-02-11T12:09:44+00:00","dateModified":"2025-02-06T15:15:08+00:00","description":"Instala un extention atractivo de Tabla de precios en su p\u00e1gina web de Magento. Aplique la demo de Elfsight f\u00e1cil de usar y construe su plugin propio.","breadcrumb":{"@id":"https:\/\/elfsight.com\/es\/pricing-table-plugin\/magento\/#breadcrumb"},"inLanguage":"es","potentialAction":[{"@type":"ReadAction","target":["https:\/\/elfsight.com\/es\/pricing-table-plugin\/magento\/"]}]},{"@type":"BreadcrumbList","@id":"https:\/\/elfsight.com\/es\/pricing-table-plugin\/magento\/#breadcrumb","itemListElement":[{"@type":"ListItem","position":1,"name":"Home","item":"https:\/\/elfsight.com\/es\/"},{"@type":"ListItem","position":2,"name":"Pricing Table","item":"https:\/\/elfsight.com\/es\/pricing-table-plugin\/"},{"@type":"ListItem","position":3,"name":"Pricing Table &#8211; Magento"}]},{"@type":"WebSite","@id":"https:\/\/elfsight.com\/es\/#website","url":"https:\/\/elfsight.com\/es\/","name":"Elfsight ES","description":"Just another Elfsight Sites site","potentialAction":[{"@type":"SearchAction","target":{"@type":"EntryPoint","urlTemplate":"https:\/\/elfsight.com\/es\/?s={search_term_string}"},"query-input":{"@type":"PropertyValueSpecification","valueRequired":true,"valueName":"search_term_string"}}],"inLanguage":"es"}]}},"meta_box":{"industry":"","seo_heading":"","heading":"","description":"","cta_heading":"","cta_description":"","application":"2018","h1":"plugin de Tabla de precios para Magento","h1_caption":"Presente sus opciones de precios de forma clara y atractiva, ayudando a los clientes a elegir el plan adecuado para sus necesidades en su sitio web Magento sin esfuerzo.","application_category":[],"applications_title":"","applications_request_title":"","applications_request_button_text":"","hero_text":"","hero_video":"","hero_video_schema_markup":"","selling_points_title":"","selling_points_caption":"","selling_points":[],"selling_points_cta_text":"","features_title":"","features":"","ed_cta_examples_text":"","ed_cta_examples_hidden":"","ed_cta_demo_text":"","ed_cta_demo_hidden":"","why_caption":"","why_editor_title":"","why_editor_text":"","why_team_title":"","why_team_text":"","why_service_title":"","why_service_text":"","template_catalog_visible":"","template_catalog_title":"","template_catalog_text":"","template_catalog_categories_visible":"","demo_title":"Crea tu extensi\u00f3n de tabla de precios","demo_caption":"\u00a1Configure su tabla de precios y agr\u00e9guela a su sitio web Magento gratis!","default_faq_hidden":"","app_template_category":[],"platform":"82","template_public_id":"","codecanyon_url":"","codecanyon_item_id":"","codecanyon_price":"","pricing_caption":"","pricing_elfsight_apps_hide_column":"","pricing_elfsight_apps_url":"","pricing_codecanyon_price_caption":"","integration_category":[],"integration_request_title":"","integration_request_cta":"","integration_platform":"","integrations":[],"platform_category":[],"video_schema_markup":"","price":"desde $0 por mes","trial":"","benefits":[{"text":"Instalaci\u00f3n gratuita"},{"text":"Soporte Premium"},{"text":"14 d\u00edas garant\u00eda de reembolso"},{"text":"Actualizaciones regulares"}],"button_url":"#demo","button_target_blank":"0","button_nofollow":"0","attributes":[{"name":"Responsivo","content":"Si","_state":"expanded"},{"name":"Navegadores compatibles","content":"Firefox, Safari, Opera, Chrome, Edge","_state":"expanded"}],"tags":[],"tags_disable_links":"0","hide_more_platforms":"","video_object":"","demo_hide_cta":"0","demo_hide_cloud_options":"0","pricing_title":"","pricing":[{"pricing_icon":"platform","pricing_title":" Elfsight Apps","pricing_title_caption":"Soluci\u00f3n multiplataforma - valido para cualquier p\u00e1gina web","pricing_price":"desde $0 por mes","pricing_price_caption":"empezar con un plan gratuito","pricing_benefits":[{"text":"Sitios web ilimitados"},{"text":"Atenci\u00f3n al cliente gratuita y r\u00e1pida"},{"text":"Servicio de instalaci\u00f3n gratuito"},{"text":"Totalmente personalizable"}],"pricing_button_text":"Agregar al sitio web","pricing_button_url":"#demo","_state":"expanded"}],"related_apps_title":"","related_apps_hidden":"1","author":"","image":[],"title":"","job":"","social_networks":[]},"_links":{"self":[{"href":"https:\/\/elfsight.com\/es\/wp-json\/wp\/v2\/pages\/3847","targetHints":{"allow":["GET"]}}],"collection":[{"href":"https:\/\/elfsight.com\/es\/wp-json\/wp\/v2\/pages"}],"about":[{"href":"https:\/\/elfsight.com\/es\/wp-json\/wp\/v2\/types\/page"}],"author":[{"embeddable":true,"href":"https:\/\/elfsight.com\/es\/wp-json\/wp\/v2\/users\/18"}],"replies":[{"embeddable":true,"href":"https:\/\/elfsight.com\/es\/wp-json\/wp\/v2\/comments?post=3847"}],"version-history":[{"count":3,"href":"https:\/\/elfsight.com\/es\/wp-json\/wp\/v2\/pages\/3847\/revisions"}],"predecessor-version":[{"id":17981,"href":"https:\/\/elfsight.com\/es\/wp-json\/wp\/v2\/pages\/3847\/revisions\/17981"}],"up":[{"embeddable":true,"href":"https:\/\/elfsight.com\/es\/wp-json\/wp\/v2\/pages\/2019"}],"wp:attachment":[{"href":"https:\/\/elfsight.com\/es\/wp-json\/wp\/v2\/media?parent=3847"}],"curies":[{"name":"wp","href":"https:\/\/api.w.org\/{rel}","templated":true}]}}