{"id":3846,"date":"2022-02-11T12:09:49","date_gmt":"2022-02-11T12:09:49","guid":{"rendered":"https:\/\/elfsight.com\/es\/?page_id=3846"},"modified":"2025-02-06T15:15:08","modified_gmt":"2025-02-06T15:15:08","slug":"html","status":"publish","type":"page","link":"https:\/\/elfsight.com\/es\/number-counter-widget\/html\/","title":{"rendered":"Number Counter &#8211; HTML"},"content":{"rendered":"<div class=\"application-platform-content-item-description application-platform-content-item\" id=\"description\" data-nav-section=\"description\"> <h2>Descripci\u00f3n<\/h2> <p>El Contador de N\u00fameros es un widget f\u00e1cil de usar para HTML con una amplia gama de opciones. Es una gran caracter\u00edstica para mostrar tus impresionantes \u00edndices de negocio, la cantidad de trabajos realizados hasta ahora, y eso no es todo. El widget es sumamente flexible. Si\u00e9ntete libre de agregar cualquier n\u00famero de contadores, organizarlos en columnas, elegir iconos de nuestra colecci\u00f3n o subir los tuyos personalizados, hacerlos variados o monocrom\u00e1ticos, agregar t\u00edtulos para proporcionar a tu audiencia la informaci\u00f3n que necesita, cambiar cualquier caracter\u00edstica, elegir la imagen de fondo, y mucho m\u00e1s. \u00a1Simplemente empieza a crear tu widget ahora y observa c\u00f3mo tus principales estad\u00edsticas de negocio crecen r\u00e1pidamente! <\/p> <p><b>\u00a1Muestra tus logros espectaculares a tus futuros clientes! \u00a1Obt\u00e9n m\u00e1s ventas exitosas y oportunidades de negocio!<\/b><\/p> <\/div> <div class=\"application-platform-content-item-features application-platform-content-item\" id=\"features\" data-nav-section=\"features\"> <h2>Consulta la lista de las caracter\u00edsticas m\u00e1s poderosas:<\/h2> <ul><li>Un n\u00famero ilimitado de contadores. <\/li><li>N\u00famero ilimitado de columnas. <\/li><li>Adjuntar t\u00edtulos, encabezados, prefijos y sufijos. <\/li><li>Elige el formato del icono: selecciona uno de nuestra biblioteca o sube el personalizado. <\/li><li>Incrusta enlaces. <\/li><\/ul><p><a href=\"#demo\">Mira esta demostraci\u00f3n para obtener la idea completa<\/a><\/p> <\/div> <div class=\"application-platform-content-item-installation application-platform-content-item\" id=\"installation\" data-nav-section=\"installation\"> <h2>\u00bfC\u00f3mo puedo incrustar el Contador de N\u00fameros en mi sitio web HTML? <\/h2><div class=\"video-container\"><iframe width=\"720\" height=\"405\" src=\"https:\/\/www.youtube.com\/embed\/CLXKFG4Fdxg\" frameborder=\"0\" allowfullscreen=\"\"><\/iframe><\/div><p>Sigue las instrucciones a continuaci\u00f3n para integrar la herramienta. <\/p> <ol><li><b>Abre nuestro configurador gratuito y empieza a crear tu widget personalizado. <\/b><br> Encuentra el formulario y las funcionalidades personalizadas de la herramienta y aplica las correcciones. <\/li>  <li><b>Copia el c\u00f3digo individual que aparece en el formulario especial en Elfsight Apps. <\/b><br> Justo despu\u00e9s de generar tu plugin, copia el c\u00f3digo personal desde la ventana emergente y gu\u00e1rdalo para su uso posterior. <\/li>  <li><b>Comienza a aplicar el widget en tu p\u00e1gina HTML. <\/b><br> Agrega el c\u00f3digo copiado anteriormente en tu sitio web y aplica los cambios. <\/li>  <li><b>\u00a1Listo! La incrustaci\u00f3n ha terminado con \u00e9xito. <\/b><br> Ve a tu p\u00e1gina para comprobar c\u00f3mo est\u00e1 funcionando el widget. <\/li><\/ol> <p>Si tienes preguntas o enfrentas problemas, no dudes en ponerte en contacto con nuestro servicio de atenci\u00f3n al cliente. Nuestros especialistas est\u00e1n listos para resolver cualquier inconveniente que puedas tener con la herramienta. <\/p> <div class=\"faq\" data-component=\"FAQ\"><div class=\"faq-item\">\r\n\t\t\t\t\t<div class=\"faq-item-question\">\r\n\t\t\t\t\t\t<h3 class=\"faq-item-question-text\">\u00bfC\u00f3mo puedo incrustar el Contador de N\u00fameros en mi HTML sin conocimientos de programaci\u00f3n?<\/h3>\r\n\r\n\t\t\t\t\t\t<div class=\"faq-item-question-icon\"><\/div>\r\n\t\t\t\t\t<\/div>\r\n\r\n\t\t\t\t\t<div class=\"faq-item-answer\">\r\n\t\t\t\t\t\t<div class=\"faq-item-answer-text\"> <p>La empresa Elfsight ofrece una soluci\u00f3n que te permite crear una aplicaci\u00f3n de Contador de N\u00fameros por ti mismo, observa lo f\u00e1cil que es: Ve al Editor en vivo para crear el plugin de Contador de N\u00fameros que deseas ver en tu sitio HTML. Elige una de las plantillas predefinidas y ajusta la configuraci\u00f3n del Contador de N\u00fameros, cambia el dise\u00f1o y el esquema de colores, incluyendo tu contenido, sin experiencia en programaci\u00f3n. Guarda la configuraci\u00f3n que has realizado en el Contador de N\u00fameros y obt\u00e9n el c\u00f3digo del widget para instalarlo, que puedes incluir f\u00e1cilmente en el sitio HTML sin necesidad de suscripci\u00f3n de pago. Con el f\u00e1cil Configurador, cualquier usuario de internet puede crear un widget de Contador de N\u00fameros y pegarlo f\u00e1cilmente en su sitio HTML. No es necesario suscribirse a un plan de pago ni ingresar los datos de tu tarjeta para acceder a nuestro servicio. Si enfrentas alg\u00fan inconveniente, no dudes en ponerte en contacto con nuestro personal de soporte t\u00e9cnico.<\/p> <\/div>\r\n\t\t\t\t\t<\/div>\r\n\t\t\t\t<\/div> <\/div><\/div>","protected":false},"excerpt":{"rendered":"","protected":false},"author":18,"featured_media":0,"parent":1135,"menu_order":0,"comment_status":"closed","ping_status":"closed","template":"templates\/template-application-platform.php","meta":{"publish_to_discourse":"","publish_post_category":"","wpdc_auto_publish_overridden":"","wpdc_topic_tags":"","wpdc_pin_topic":"","wpdc_pin_until":"","discourse_post_id":"","discourse_permalink":"","wpdc_publishing_response":"","wpdc_publishing_error":"","footnotes":""},"class_list":["post-3846","page","type-page","status-publish","hentry"],"yoast_head":"<!-- This site is optimized with the Yoast SEO plugin v25.3.1 - https:\/\/yoast.com\/wordpress\/plugins\/seo\/ -->\n<title>Contador de n\u00fameros - Insertar widget de Contador al HTML<\/title>\n<meta name=\"description\" content=\"A\u00f1ade un widget interactivo de Contador de n\u00fameros en su p\u00e1gina web de HTML. Lance la demo de Elfsight intuitiva y genere su widget \u00fanico.\" \/>\n<meta name=\"robots\" content=\"index, follow, max-snippet:-1, max-image-preview:large, max-video-preview:-1\" \/>\n<link rel=\"canonical\" href=\"https:\/\/elfsight.com\/es\/number-counter-widget\/html\/\" \/>\n<meta property=\"og:locale\" content=\"es_ES\" \/>\n<meta property=\"og:type\" content=\"article\" \/>\n<meta property=\"og:title\" content=\"Contador de n\u00fameros - Insertar widget de Contador al HTML\" \/>\n<meta property=\"og:description\" content=\"A\u00f1ade un widget interactivo de Contador de n\u00fameros en su p\u00e1gina web de HTML. Lance la demo de Elfsight intuitiva y genere su widget \u00fanico.\" \/>\n<meta property=\"og:url\" content=\"https:\/\/elfsight.com\/es\/number-counter-widget\/html\/\" \/>\n<meta property=\"og:site_name\" content=\"Elfsight ES\" \/>\n<meta property=\"article:modified_time\" content=\"2025-02-06T15:15:08+00:00\" \/>\n<meta name=\"twitter:card\" content=\"summary_large_image\" \/>\n<meta name=\"twitter:label1\" content=\"Tiempo de lectura\" \/>\n\t<meta name=\"twitter:data1\" content=\"1 minuto\" \/>\n<!-- \/ Yoast SEO plugin. -->","yoast_head_json":{"title":"Contador de n\u00fameros - Insertar widget de Contador al HTML","description":"A\u00f1ade un widget interactivo de Contador de n\u00fameros en su p\u00e1gina web de HTML. Lance la demo de Elfsight intuitiva y genere su widget \u00fanico.","robots":{"index":"index","follow":"follow","max-snippet":"max-snippet:-1","max-image-preview":"max-image-preview:large","max-video-preview":"max-video-preview:-1"},"canonical":"https:\/\/elfsight.com\/es\/number-counter-widget\/html\/","og_locale":"es_ES","og_type":"article","og_title":"Contador de n\u00fameros - Insertar widget de Contador al HTML","og_description":"A\u00f1ade un widget interactivo de Contador de n\u00fameros en su p\u00e1gina web de HTML. Lance la demo de Elfsight intuitiva y genere su widget \u00fanico.","og_url":"https:\/\/elfsight.com\/es\/number-counter-widget\/html\/","og_site_name":"Elfsight ES","article_modified_time":"2025-02-06T15:15:08+00:00","twitter_card":"summary_large_image","twitter_misc":{"Tiempo de lectura":"1 minuto"},"schema":{"@context":"https:\/\/schema.org","@graph":[{"@type":"WebPage","@id":"https:\/\/elfsight.com\/es\/number-counter-widget\/html\/","url":"https:\/\/elfsight.com\/es\/number-counter-widget\/html\/","name":"Contador de n\u00fameros - Insertar widget de Contador al HTML","isPartOf":{"@id":"https:\/\/elfsight.com\/es\/#website"},"datePublished":"2022-02-11T12:09:49+00:00","dateModified":"2025-02-06T15:15:08+00:00","description":"A\u00f1ade un widget interactivo de Contador de n\u00fameros en su p\u00e1gina web de HTML. Lance la demo de Elfsight intuitiva y genere su widget \u00fanico.","breadcrumb":{"@id":"https:\/\/elfsight.com\/es\/number-counter-widget\/html\/#breadcrumb"},"inLanguage":"es","potentialAction":[{"@type":"ReadAction","target":["https:\/\/elfsight.com\/es\/number-counter-widget\/html\/"]}]},{"@type":"BreadcrumbList","@id":"https:\/\/elfsight.com\/es\/number-counter-widget\/html\/#breadcrumb","itemListElement":[{"@type":"ListItem","position":1,"name":"Home","item":"https:\/\/elfsight.com\/es\/"},{"@type":"ListItem","position":2,"name":"Number Counter","item":"https:\/\/elfsight.com\/es\/number-counter-widget\/"},{"@type":"ListItem","position":3,"name":"Number Counter &#8211; HTML"}]},{"@type":"WebSite","@id":"https:\/\/elfsight.com\/es\/#website","url":"https:\/\/elfsight.com\/es\/","name":"Elfsight ES","description":"Just another Elfsight Sites site","potentialAction":[{"@type":"SearchAction","target":{"@type":"EntryPoint","urlTemplate":"https:\/\/elfsight.com\/es\/?s={search_term_string}"},"query-input":{"@type":"PropertyValueSpecification","valueRequired":true,"valueName":"search_term_string"}}],"inLanguage":"es"}]}},"meta_box":{"industry":"","seo_heading":"","heading":"","description":"","cta_heading":"","cta_description":"","application":"1134","h1":"widget de contador de n\u00fameros para HTML","h1_caption":"Muestre estad\u00edsticas e hitos clave con contadores animados para resaltar sus logros de una manera atractiva en su sitio web HTML sin esfuerzo.","application_category":[],"applications_title":"","applications_request_title":"","applications_request_button_text":"","hero_text":"","hero_video":"","hero_video_schema_markup":"","selling_points_title":"","selling_points_caption":"","selling_points":[],"selling_points_cta_text":"","features_title":"","features":"","ed_cta_examples_text":"","ed_cta_examples_hidden":"","ed_cta_demo_text":"","ed_cta_demo_hidden":"","why_caption":"","why_editor_title":"","why_editor_text":"","why_team_title":"","why_team_text":"","why_service_title":"","why_service_text":"","template_catalog_visible":"","template_catalog_title":"","template_catalog_text":"","template_catalog_categories_visible":"","demo_title":"Crea tu widget de contador de n\u00fameros","demo_caption":"\u00a1Configure su contador de n\u00fameros y agr\u00e9guelo a su sitio web HTML de forma gratuita!","default_faq_hidden":"","app_template_category":[],"platform":"70","template_public_id":"","codecanyon_url":"","codecanyon_item_id":"","codecanyon_price":"","pricing_caption":"","pricing_elfsight_apps_hide_column":"","pricing_elfsight_apps_url":"","pricing_codecanyon_price_caption":"","integration_category":[],"integration_request_title":"","integration_request_cta":"","integration_platform":"","integrations":[],"platform_category":[],"video_schema_markup":"","price":"desde $0 por mes","trial":"","benefits":[{"text":"Instalaci\u00f3n gratuita"},{"text":"Soporte Premium"},{"text":"14 d\u00edas garant\u00eda de reembolso"},{"text":"Actualizaciones regulares"}],"button_url":"#demo","button_target_blank":"0","button_nofollow":"0","attributes":[{"name":"Responsivo","content":"Si","_state":"expanded"},{"name":"Navegadores compatibles","content":"Firefox, Safari, Opera, Chrome, Edge","_state":"expanded"}],"tags":[],"tags_disable_links":"0","hide_more_platforms":"","video_object":"","demo_hide_cta":"0","demo_hide_cloud_options":"0","pricing_title":"","pricing":[{"pricing_icon":"platform","pricing_title":" Elfsight Apps","pricing_title_caption":"Soluci\u00f3n multiplataforma - valido para cualquier p\u00e1gina web","pricing_price":"desde $0 por mes","pricing_price_caption":"empezar con un plan gratuito","pricing_benefits":[{"text":"Sitios web ilimitados"},{"text":"Atenci\u00f3n al cliente gratuita y r\u00e1pida"},{"text":"Servicio de instalaci\u00f3n gratuito"},{"text":"Totalmente personalizable"}],"pricing_button_text":"Agregar al sitio web","pricing_button_url":"#demo","_state":"expanded"}],"related_apps_title":"","related_apps_hidden":"1","author":"","image":[],"title":"","job":"","social_networks":[]},"_links":{"self":[{"href":"https:\/\/elfsight.com\/es\/wp-json\/wp\/v2\/pages\/3846","targetHints":{"allow":["GET"]}}],"collection":[{"href":"https:\/\/elfsight.com\/es\/wp-json\/wp\/v2\/pages"}],"about":[{"href":"https:\/\/elfsight.com\/es\/wp-json\/wp\/v2\/types\/page"}],"author":[{"embeddable":true,"href":"https:\/\/elfsight.com\/es\/wp-json\/wp\/v2\/users\/18"}],"replies":[{"embeddable":true,"href":"https:\/\/elfsight.com\/es\/wp-json\/wp\/v2\/comments?post=3846"}],"version-history":[{"count":3,"href":"https:\/\/elfsight.com\/es\/wp-json\/wp\/v2\/pages\/3846\/revisions"}],"predecessor-version":[{"id":17980,"href":"https:\/\/elfsight.com\/es\/wp-json\/wp\/v2\/pages\/3846\/revisions\/17980"}],"up":[{"embeddable":true,"href":"https:\/\/elfsight.com\/es\/wp-json\/wp\/v2\/pages\/1135"}],"wp:attachment":[{"href":"https:\/\/elfsight.com\/es\/wp-json\/wp\/v2\/media?parent=3846"}],"curies":[{"name":"wp","href":"https:\/\/api.w.org\/{rel}","templated":true}]}}