{"id":3839,"date":"2022-02-11T12:10:05","date_gmt":"2022-02-11T12:10:05","guid":{"rendered":"https:\/\/elfsight.com\/es\/?page_id=3839"},"modified":"2025-02-06T15:15:00","modified_gmt":"2025-02-06T15:15:00","slug":"google-sites","status":"publish","type":"page","link":"https:\/\/elfsight.com\/es\/number-counter-widget\/google-sites\/","title":{"rendered":"Number Counter &#8211; Google Sites"},"content":{"rendered":"<div class=\"application-platform-content-item-description application-platform-content-item\" id=\"description\" data-nav-section=\"description\"> <h2>Integrar el Contador de N\u00fameros en Google Sites con el widget de Elfsight<\/h2> <p>El Contador de N\u00fameros de Elfsight para Google Sites es un plugin f\u00e1cil de usar con muchas funciones para elegir. Es ideal para mostrar los \u00edndices impresionantes de tu negocio, la cantidad de trabajos realizados y mucho m\u00e1s. El widget es altamente personalizable. Puedes a\u00f1adir cualquier cantidad de contadores, organizarlos en columnas, elegir iconos de nuestra biblioteca o cargar los tuyos, hacerlos coloridos o de un solo color, agregar subt\u00edtulos para aclarar los n\u00fameros que est\u00e1s mostrando, recolorear cualquier caracter\u00edstica, elegir la imagen de fondo, y mucho m\u00e1s. Comienza a construir tu plugin ahora y ver\u00e1s c\u00f3mo crecen r\u00e1pidamente las estad\u00edsticas clave de tu negocio. <\/p> <p><b>Muestra tus logros impresionantes a tus futuros clientes. \u00a1Obt\u00e9n m\u00e1s ventas y clientes potenciales exitosos! <\/b><\/p> <\/div> <div class=\"application-platform-content-item-features application-platform-content-item\" id=\"features\" data-nav-section=\"features\"> <h2>El widget tiene poderosas y sencillas caracter\u00edsticas, mira algunas de ellas:<\/h2> <ul><li>Cantidad ilimitada de contadores.<\/li><li>Cantidad ilimitada de columnas.<\/li><li>Agregar t\u00edtulos, encabezados, prefijos y sufijos.<\/li><li>Elige el formato de icono: selecciona uno de nuestra biblioteca o carga el tuyo.<\/li><li>Agregar enlaces.<\/li><\/ul><p><a href=\"#demo\">Prueba todas las opciones de personalizaci\u00f3n en la demostraci\u00f3n totalmente funcional<\/a><\/p> <\/div> <div class=\"application-platform-content-item-installation application-platform-content-item\" id=\"installation\" data-nav-section=\"installation\"> <h2>\u00bfC\u00f3mo integrar el Contador de N\u00fameros en mi p\u00e1gina de Google Sites?<\/h2><div class=\"video-container\"><iframe width=\"720\" height=\"405\" src=\"https:\/\/www.youtube.com\/embed\/I7FaUiI4T0o\" frameborder=\"0\" allowfullscreen=\"\"><\/iframe><\/div><p>Sigue las instrucciones a continuaci\u00f3n para empezar a trabajar con la herramienta. <\/p> <ol><li><b>Usa nuestro editor gratuito y comienza a crear tu herramienta personalizada. <\/b><br> Encuentra la interfaz preferida y las caracter\u00edsticas de la herramienta y guarda los cambios.<\/li>  <li><b>Obt\u00e9n el c\u00f3digo individual que aparece en la ventana de Elfsight Apps. <\/b><br> Tan pronto como la creaci\u00f3n de tu herramienta se complete, copia el c\u00f3digo exclusivo en el cuadro emergente y gu\u00e1rdalo para m\u00e1s adelante. <\/li>  <li><b>Comienza a usar el plugin en tu p\u00e1gina de Google Sites. <\/b><br> Coloca el c\u00f3digo guardado recientemente en tu sitio web y guarda los ajustes. <\/li>  <li><b>\u00a1Listo! La integraci\u00f3n est\u00e1 completamente realizada. <\/b><br> Ve a tu p\u00e1gina web para ver c\u00f3mo funciona el plugin. <\/li><\/ol> <div class=\"tip-yellow tip\"><b>Debido a las peculiaridades del funcionamiento de Google Sites, el widget puede verse diferente a la demostraci\u00f3n en l\u00ednea. Pedimos disculpas por cualquier inconveniente.<\/b><\/div><p>Si tienes alguna pregunta o encuentras alg\u00fan problema, no dudes en ponerte en contacto con nuestro equipo de servicio al cliente. Nuestros especialistas estar\u00e1n encantados de resolver cualquier duda que puedas tener con la herramienta. <\/p> <div class=\"faq\" data-component=\"FAQ\"><div class=\"faq-item\">\r\n\t\t\t\t\t<div class=\"faq-item-question\">\r\n\t\t\t\t\t\t<h3 class=\"faq-item-question-text\">\u00bfHay alguna forma de agregar el Contador de N\u00fameros en la p\u00e1gina de Google Sites sin conocimientos de programaci\u00f3n?<\/h3>\r\n\r\n\t\t\t\t\t\t<div class=\"faq-item-question-icon\"><\/div>\r\n\t\t\t\t\t<\/div>\r\n\r\n\t\t\t\t\t<div class=\"faq-item-answer\">\r\n\t\t\t\t\t\t<div class=\"faq-item-answer-text\"> <p>Elfsight presenta una soluci\u00f3n SaaS que permite a las personas crear una secci\u00f3n de Contador de N\u00fameros por s\u00ed mismas, sigue esta gu\u00eda sencilla: Ve a la demostraci\u00f3n en vivo para crear el widget de Contador de N\u00fameros que deseas mostrar en tu Google Sites. Elige una de las plantillas predise\u00f1adas y modifica la configuraci\u00f3n del Contador de N\u00fameros, incluye tu contenido, cambia el dise\u00f1o y los colores sin necesidad de conocimientos de programaci\u00f3n. Guarda la configuraci\u00f3n que hayas realizado en el Contador de N\u00fameros y copia su c\u00f3digo de instalaci\u00f3n, que puedes agregar en la p\u00e1gina de Google Sites de forma gratuita. Trabajando en el Configurador f\u00e1cil de usar, cualquier usuario de internet puede crear el widget de Contador de N\u00fameros en l\u00ednea e integrarlo f\u00e1cilmente en cualquier p\u00e1gina de Google Sites. No es necesario adquirir un plan de pago ni ingresar los datos de tu tarjeta para acceder a nuestro servicio. Si encuentras problemas en cualquier paso, no dudes en contactar con nuestro equipo de soporte t\u00e9cnico.<\/p> <\/div>\r\n\t\t\t\t\t<\/div>\r\n\t\t\t\t<\/div> <\/div><\/div>","protected":false},"excerpt":{"rendered":"","protected":false},"author":18,"featured_media":0,"parent":1135,"menu_order":0,"comment_status":"closed","ping_status":"closed","template":"templates\/template-application-platform.php","meta":{"publish_to_discourse":"","publish_post_category":"","wpdc_auto_publish_overridden":"","wpdc_topic_tags":"","wpdc_pin_topic":"","wpdc_pin_until":"","discourse_post_id":"","discourse_permalink":"","wpdc_publishing_response":"","wpdc_publishing_error":"","footnotes":""},"class_list":["post-3839","page","type-page","status-publish","hentry"],"yoast_head":"<!-- This site is optimized with the Yoast SEO plugin v25.3.1 - https:\/\/yoast.com\/wordpress\/plugins\/seo\/ -->\n<title>Contador de n\u00fameros - Incorporar plugin de Contador al Google Sites<\/title>\n<meta name=\"description\" content=\"A\u00f1ade un widget responsivo de Contador de n\u00fameros en su sitio web de Google Sites. Pruebe la demo de Elfsight f\u00e1cil de usar y cree su plugin personalizado.\" \/>\n<meta name=\"robots\" content=\"index, follow, max-snippet:-1, max-image-preview:large, max-video-preview:-1\" \/>\n<link rel=\"canonical\" href=\"https:\/\/elfsight.com\/es\/number-counter-widget\/google-sites\/\" \/>\n<meta property=\"og:locale\" content=\"es_ES\" \/>\n<meta property=\"og:type\" content=\"article\" \/>\n<meta property=\"og:title\" content=\"Contador de n\u00fameros - Incorporar plugin de Contador al Google Sites\" \/>\n<meta property=\"og:description\" content=\"A\u00f1ade un widget responsivo de Contador de n\u00fameros en su sitio web de Google Sites. Pruebe la demo de Elfsight f\u00e1cil de usar y cree su plugin personalizado.\" \/>\n<meta property=\"og:url\" content=\"https:\/\/elfsight.com\/es\/number-counter-widget\/google-sites\/\" \/>\n<meta property=\"og:site_name\" content=\"Elfsight ES\" \/>\n<meta property=\"article:modified_time\" content=\"2025-02-06T15:15:00+00:00\" \/>\n<meta name=\"twitter:card\" content=\"summary_large_image\" \/>\n<meta name=\"twitter:label1\" content=\"Tiempo de lectura\" \/>\n\t<meta name=\"twitter:data1\" content=\"1 minuto\" \/>\n<!-- \/ Yoast SEO plugin. -->","yoast_head_json":{"title":"Contador de n\u00fameros - Incorporar plugin de Contador al Google Sites","description":"A\u00f1ade un widget responsivo de Contador de n\u00fameros en su sitio web de Google Sites. Pruebe la demo de Elfsight f\u00e1cil de usar y cree su plugin personalizado.","robots":{"index":"index","follow":"follow","max-snippet":"max-snippet:-1","max-image-preview":"max-image-preview:large","max-video-preview":"max-video-preview:-1"},"canonical":"https:\/\/elfsight.com\/es\/number-counter-widget\/google-sites\/","og_locale":"es_ES","og_type":"article","og_title":"Contador de n\u00fameros - Incorporar plugin de Contador al Google Sites","og_description":"A\u00f1ade un widget responsivo de Contador de n\u00fameros en su sitio web de Google Sites. Pruebe la demo de Elfsight f\u00e1cil de usar y cree su plugin personalizado.","og_url":"https:\/\/elfsight.com\/es\/number-counter-widget\/google-sites\/","og_site_name":"Elfsight ES","article_modified_time":"2025-02-06T15:15:00+00:00","twitter_card":"summary_large_image","twitter_misc":{"Tiempo de lectura":"1 minuto"},"schema":{"@context":"https:\/\/schema.org","@graph":[{"@type":"WebPage","@id":"https:\/\/elfsight.com\/es\/number-counter-widget\/google-sites\/","url":"https:\/\/elfsight.com\/es\/number-counter-widget\/google-sites\/","name":"Contador de n\u00fameros - Incorporar plugin de Contador al Google Sites","isPartOf":{"@id":"https:\/\/elfsight.com\/es\/#website"},"datePublished":"2022-02-11T12:10:05+00:00","dateModified":"2025-02-06T15:15:00+00:00","description":"A\u00f1ade un widget responsivo de Contador de n\u00fameros en su sitio web de Google Sites. Pruebe la demo de Elfsight f\u00e1cil de usar y cree su plugin personalizado.","breadcrumb":{"@id":"https:\/\/elfsight.com\/es\/number-counter-widget\/google-sites\/#breadcrumb"},"inLanguage":"es","potentialAction":[{"@type":"ReadAction","target":["https:\/\/elfsight.com\/es\/number-counter-widget\/google-sites\/"]}]},{"@type":"BreadcrumbList","@id":"https:\/\/elfsight.com\/es\/number-counter-widget\/google-sites\/#breadcrumb","itemListElement":[{"@type":"ListItem","position":1,"name":"Home","item":"https:\/\/elfsight.com\/es\/"},{"@type":"ListItem","position":2,"name":"Number Counter","item":"https:\/\/elfsight.com\/es\/number-counter-widget\/"},{"@type":"ListItem","position":3,"name":"Number Counter &#8211; Google Sites"}]},{"@type":"WebSite","@id":"https:\/\/elfsight.com\/es\/#website","url":"https:\/\/elfsight.com\/es\/","name":"Elfsight ES","description":"Just another Elfsight Sites site","potentialAction":[{"@type":"SearchAction","target":{"@type":"EntryPoint","urlTemplate":"https:\/\/elfsight.com\/es\/?s={search_term_string}"},"query-input":{"@type":"PropertyValueSpecification","valueRequired":true,"valueName":"search_term_string"}}],"inLanguage":"es"}]}},"meta_box":{"industry":"","seo_heading":"","heading":"","description":"","cta_heading":"","cta_description":"","application":"1134","h1":"complemento de Contador de n\u00fameros para Google Sites","h1_caption":"Muestre estad\u00edsticas e hitos clave con contadores animados para resaltar sus logros de una manera atractiva en sus sitios de Google sin esfuerzo.","application_category":[],"applications_title":"","applications_request_title":"","applications_request_button_text":"","hero_text":"","hero_video":"","hero_video_schema_markup":"","selling_points_title":"","selling_points_caption":"","selling_points":[],"selling_points_cta_text":"","features_title":"","features":"","ed_cta_examples_text":"","ed_cta_examples_hidden":"","ed_cta_demo_text":"","ed_cta_demo_hidden":"","why_caption":"","why_editor_title":"","why_editor_text":"","why_team_title":"","why_team_text":"","why_service_title":"","why_service_text":"","template_catalog_visible":"","template_catalog_title":"","template_catalog_text":"","template_catalog_categories_visible":"","demo_title":"Crea tu widget de contador de n\u00fameros","demo_caption":"\u00a1Configura tu Contador de N\u00fameros y agr\u00e9galo a tu sitio web de Google Sites gratis!","default_faq_hidden":"","app_template_category":[],"platform":"67","template_public_id":"","codecanyon_url":"","codecanyon_item_id":"","codecanyon_price":"","pricing_caption":"","pricing_elfsight_apps_hide_column":"","pricing_elfsight_apps_url":"","pricing_codecanyon_price_caption":"","integration_category":[],"integration_request_title":"","integration_request_cta":"","integration_platform":"","integrations":[],"platform_category":[],"video_schema_markup":"","price":"desde $0 por mes","trial":"","benefits":[{"text":"Instalaci\u00f3n gratuita"},{"text":"Soporte Premium"},{"text":"14 d\u00edas garant\u00eda de reembolso"},{"text":"Actualizaciones regulares"}],"button_url":"#demo","button_target_blank":"0","button_nofollow":"0","attributes":[{"name":"Responsivo","content":"Si","_state":"expanded"},{"name":"Navegadores compatibles","content":"Firefox, Safari, Opera, Chrome, Edge","_state":"expanded"}],"tags":[],"tags_disable_links":"0","hide_more_platforms":"","video_object":"","demo_hide_cta":"0","demo_hide_cloud_options":"0","pricing_title":"","pricing":[{"pricing_icon":"platform","pricing_title":" Elfsight Apps","pricing_title_caption":"Soluci\u00f3n multiplataforma - valido para cualquier p\u00e1gina web","pricing_price":"desde $0 por mes","pricing_price_caption":"empezar con un plan gratuito","pricing_benefits":[{"text":"Sitios web ilimitados"},{"text":"Atenci\u00f3n al cliente gratuita y r\u00e1pida"},{"text":"Servicio de instalaci\u00f3n gratuito"},{"text":"Totalmente personalizable"}],"pricing_button_text":"Agregar al sitio web","pricing_button_url":"#demo","_state":"expanded"}],"related_apps_title":"","related_apps_hidden":"1","author":"","image":[],"title":"","job":"","social_networks":[]},"_links":{"self":[{"href":"https:\/\/elfsight.com\/es\/wp-json\/wp\/v2\/pages\/3839","targetHints":{"allow":["GET"]}}],"collection":[{"href":"https:\/\/elfsight.com\/es\/wp-json\/wp\/v2\/pages"}],"about":[{"href":"https:\/\/elfsight.com\/es\/wp-json\/wp\/v2\/types\/page"}],"author":[{"embeddable":true,"href":"https:\/\/elfsight.com\/es\/wp-json\/wp\/v2\/users\/18"}],"replies":[{"embeddable":true,"href":"https:\/\/elfsight.com\/es\/wp-json\/wp\/v2\/comments?post=3839"}],"version-history":[{"count":3,"href":"https:\/\/elfsight.com\/es\/wp-json\/wp\/v2\/pages\/3839\/revisions"}],"predecessor-version":[{"id":17976,"href":"https:\/\/elfsight.com\/es\/wp-json\/wp\/v2\/pages\/3839\/revisions\/17976"}],"up":[{"embeddable":true,"href":"https:\/\/elfsight.com\/es\/wp-json\/wp\/v2\/pages\/1135"}],"wp:attachment":[{"href":"https:\/\/elfsight.com\/es\/wp-json\/wp\/v2\/media?parent=3839"}],"curies":[{"name":"wp","href":"https:\/\/api.w.org\/{rel}","templated":true}]}}