{"id":3835,"date":"2022-02-11T12:10:10","date_gmt":"2022-02-11T12:10:10","guid":{"rendered":"https:\/\/elfsight.com\/es\/?page_id=3835"},"modified":"2025-02-06T15:15:00","modified_gmt":"2025-02-06T15:15:00","slug":"iframe","status":"publish","type":"page","link":"https:\/\/elfsight.com\/es\/popup-widget\/iframe\/","title":{"rendered":"Popup &#8211; iFrame"},"content":{"rendered":"<div class=\"application-platform-content-item-description application-platform-content-item\" id=\"description\" data-nav-section=\"description\"> <h2>Integrar Popup en iFrame con el widget de Elfsight<\/h2> <p>Con el widget Popup de Elfsight, cualquiera puede crear popups personalizados de cualquier tipo y mostrarlos en un sitio web con iFrame. Dise\u00f1a el popup m\u00e1s adecuado eligiendo entre una variedad de bloques incluidos. Cambia el dise\u00f1o y la composici\u00f3n; aplica un desencadenante y ajusta la frecuencia para obtener mayor efectividad en el popup. Los popups permiten a los usuarios crear suscripciones, conocer tus ofertas, usar cupones de descuento, aprovechar ventas y ofertas especiales, recibir notificaciones sobre nuevos eventos en tu sitio web y mucho m\u00e1s. <\/p> <p><b>Los popups te ayudar\u00e1n a vender m\u00e1s r\u00e1pido, anunciar eventos planeados, recibir comentarios y suscripciones, y mucho m\u00e1s. <\/b><\/p> <\/div><div class=\"faq\" data-component=\"FAQ\"><div class=\"faq-item\">\r\n\t\t\t\t\t<div class=\"faq-item-question\">\r\n\t\t\t\t\t\t<h3 class=\"faq-item-question-text\">\u00bfC\u00f3mo puedo agregar un Popup en el iFrame?<\/h3>\r\n\r\n\t\t\t\t\t\t<div class=\"faq-item-question-icon\"><\/div>\r\n\t\t\t\t\t<\/div>\r\n\r\n\t\t\t\t\t<div class=\"faq-item-answer\">\r\n\t\t\t\t\t\t<div class=\"faq-item-answer-text\"><p>La creaci\u00f3n del widget se realiza dentro del servicio Elfsight y no es necesario programar. Ve a nuestra demostraci\u00f3n en vivo para personalizar tu plugin, obtener el c\u00f3digo e implementarlo en tu sitio web iFrame. <\/p><\/div>\r\n\t\t\t\t\t<\/div>\r\n\t\t\t\t<\/div><div class=\"faq-item\">\r\n\t\t\t\t\t<div class=\"faq-item-question\">\r\n\t\t\t\t\t\t<h3 class=\"faq-item-question-text\">Las mejores maneras de usar la integraci\u00f3n de ventana emergente<\/h3>\r\n\r\n\t\t\t\t\t\t<div class=\"faq-item-question-icon\"><\/div>\r\n\t\t\t\t\t<\/div>\r\n\r\n\t\t\t\t\t<div class=\"faq-item-answer\">\r\n\t\t\t\t\t\t<div class=\"faq-item-answer-text\"><p>Te ofrecemos muchas opciones de personalizaci\u00f3n: widgets a tama\u00f1o completo para implementar en la secci\u00f3n de contenido, widgets flotantes para opciones de desplazamiento, miniaturas para el pie de p\u00e1gina de tu sitio web, encabezado y todas las variaciones de opciones verticales para barras laterales y men\u00fas. <\/p><\/div>\r\n\t\t\t\t\t<\/div>\r\n\t\t\t\t<\/div><div class=\"faq-item\">\r\n\t\t\t\t\t<div class=\"faq-item-question\">\r\n\t\t\t\t\t\t<h3 class=\"faq-item-question-text\">\u00bfPuedo construir un popup de ventas recientes o nueva colecci\u00f3n con tu editor? <\/h3>\r\n\r\n\t\t\t\t\t\t<div class=\"faq-item-question-icon\"><\/div>\r\n\t\t\t\t\t<\/div>\r\n\r\n\t\t\t\t\t<div class=\"faq-item-answer\">\r\n\t\t\t\t\t\t<div class=\"faq-item-answer-text\"><p>Puedes crear cualquier modificaci\u00f3n de widget. Hay muchos dise\u00f1os disponibles en el editor. Todos los popups modales de iFrame se pueden ajustar r\u00e1pidamente seg\u00fan tus necesidades. <\/p><\/div>\r\n\t\t\t\t\t<\/div>\r\n\t\t\t\t<\/div><\/div><div class=\"application-platform-content-item-features application-platform-content-item\" id=\"features\" data-nav-section=\"features\"> <h2>Principales caracter\u00edsticas del widget Popup<\/h2> <p>Aqu\u00ed puedes ver todas las caracter\u00edsticas funcionales del widget. Est\u00e1n disponibles directamente en el editor y te ayudar\u00e1n a crear el widget m\u00e1s adecuado para tu caso. <\/p> <ul><li>Doce elementos disponibles para crear un popup<\/li> <li>Cinco dise\u00f1os de popups listos para usar en diversos casos<\/li> <li>Coloca botones para redirigir a cualquier p\u00e1gina<\/li> <li>Cargar una imagen para el fondo del popup<\/li> <li>El popup puede aparecer despu\u00e9s de un tiempo espec\u00edfico en la p\u00e1gina web o un cierto desplazamiento<\/li> <li>Activar el popup haciendo clic en un elemento de la p\u00e1gina o al desplazar hacia \u00e9l<\/li><li>Integrar el popup en un iFrame en segundos <\/li><\/ul> <p><a href=\"#demo\">Consulta todas las dem\u00e1s funciones en la demostraci\u00f3n<\/a><\/p> <\/div><div class=\"application-platform-content-item-installation application-platform-content-item\" id=\"installation\" data-nav-section=\"installation\"><h2>\u00bfC\u00f3mo integrar un widget Popup en un sitio iFrame? <\/h2> <p>Para agregar el widget, sigue las instrucciones a continuaci\u00f3n:<\/p> <ol><li><b>Dise\u00f1a tu propio plugin de Popup<\/b><br> Con la ayuda de nuestra demostraci\u00f3n gratuita, crea un widget con la composici\u00f3n y funcionalidades seleccionadas.<\/li><li><b>Copia el c\u00f3digo individual para mostrar el plugin<\/b><br> Despu\u00e9s de crear tu widget, obtendr\u00e1s el c\u00f3digo de instalaci\u00f3n en Elfsight Apps. Cop\u00edalo.<\/li> <li><b>Integra el plugin en tu sitio iFrame<\/b><br> Elige el \u00e1rea de la p\u00e1gina o la parte de la plantilla donde deseas mostrar el widget e inserta all\u00ed el c\u00f3digo guardado. Publica los resultados.<\/li> <li><b>\u00a1Instalaci\u00f3n completada!<\/b><br> Ve a tu sitio iFrame para ver c\u00f3mo aparece el popup.<\/li> <\/ol><p>No dudes en ponerte en contacto con nuestro soporte al cliente si necesitas ayuda o tienes problemas con un Popup en iFrame. Estaremos encantados de ayudarte con cualquier consulta.<\/p> <\/div>","protected":false},"excerpt":{"rendered":"","protected":false},"author":18,"featured_media":0,"parent":1488,"menu_order":0,"comment_status":"closed","ping_status":"closed","template":"templates\/template-application-platform.php","meta":{"publish_to_discourse":"","publish_post_category":"","wpdc_auto_publish_overridden":"","wpdc_topic_tags":"","wpdc_pin_topic":"","wpdc_pin_until":"","discourse_post_id":"","discourse_permalink":"","wpdc_publishing_response":"","wpdc_publishing_error":"","footnotes":""},"class_list":["post-3835","page","type-page","status-publish","hentry"],"yoast_head":"<!-- This site is optimized with the Yoast SEO plugin v25.3.1 - https:\/\/yoast.com\/wordpress\/plugins\/seo\/ -->\n<title>Popup - Agregar widget de Ventana emergente al iFrame<\/title>\n<meta name=\"description\" content=\"A\u00f1ade un widget responsivo de Popup en su p\u00e1gina web de iFrame. Use la demo de Elfsight manejable y construe su widget propio.\" \/>\n<meta name=\"robots\" content=\"index, follow, max-snippet:-1, max-image-preview:large, max-video-preview:-1\" \/>\n<link rel=\"canonical\" href=\"https:\/\/elfsight.com\/es\/popup-widget\/iframe\/\" \/>\n<meta property=\"og:locale\" content=\"es_ES\" \/>\n<meta property=\"og:type\" content=\"article\" \/>\n<meta property=\"og:title\" content=\"Popup - Agregar widget de Ventana emergente al iFrame\" \/>\n<meta property=\"og:description\" content=\"A\u00f1ade un widget responsivo de Popup en su p\u00e1gina web de iFrame. Use la demo de Elfsight manejable y construe su widget propio.\" \/>\n<meta property=\"og:url\" content=\"https:\/\/elfsight.com\/es\/popup-widget\/iframe\/\" \/>\n<meta property=\"og:site_name\" content=\"Elfsight ES\" \/>\n<meta property=\"article:modified_time\" content=\"2025-02-06T15:15:00+00:00\" \/>\n<meta name=\"twitter:card\" content=\"summary_large_image\" \/>\n<meta name=\"twitter:label1\" content=\"Tiempo de lectura\" \/>\n\t<meta name=\"twitter:data1\" content=\"2 minutos\" \/>\n<!-- \/ Yoast SEO plugin. -->","yoast_head_json":{"title":"Popup - Agregar widget de Ventana emergente al iFrame","description":"A\u00f1ade un widget responsivo de Popup en su p\u00e1gina web de iFrame. Use la demo de Elfsight manejable y construe su widget propio.","robots":{"index":"index","follow":"follow","max-snippet":"max-snippet:-1","max-image-preview":"max-image-preview:large","max-video-preview":"max-video-preview:-1"},"canonical":"https:\/\/elfsight.com\/es\/popup-widget\/iframe\/","og_locale":"es_ES","og_type":"article","og_title":"Popup - Agregar widget de Ventana emergente al iFrame","og_description":"A\u00f1ade un widget responsivo de Popup en su p\u00e1gina web de iFrame. Use la demo de Elfsight manejable y construe su widget propio.","og_url":"https:\/\/elfsight.com\/es\/popup-widget\/iframe\/","og_site_name":"Elfsight ES","article_modified_time":"2025-02-06T15:15:00+00:00","twitter_card":"summary_large_image","twitter_misc":{"Tiempo de lectura":"2 minutos"},"schema":{"@context":"https:\/\/schema.org","@graph":[{"@type":"WebPage","@id":"https:\/\/elfsight.com\/es\/popup-widget\/iframe\/","url":"https:\/\/elfsight.com\/es\/popup-widget\/iframe\/","name":"Popup - Agregar widget de Ventana emergente al iFrame","isPartOf":{"@id":"https:\/\/elfsight.com\/es\/#website"},"datePublished":"2022-02-11T12:10:10+00:00","dateModified":"2025-02-06T15:15:00+00:00","description":"A\u00f1ade un widget responsivo de Popup en su p\u00e1gina web de iFrame. Use la demo de Elfsight manejable y construe su widget propio.","breadcrumb":{"@id":"https:\/\/elfsight.com\/es\/popup-widget\/iframe\/#breadcrumb"},"inLanguage":"es","potentialAction":[{"@type":"ReadAction","target":["https:\/\/elfsight.com\/es\/popup-widget\/iframe\/"]}]},{"@type":"BreadcrumbList","@id":"https:\/\/elfsight.com\/es\/popup-widget\/iframe\/#breadcrumb","itemListElement":[{"@type":"ListItem","position":1,"name":"Home","item":"https:\/\/elfsight.com\/es\/"},{"@type":"ListItem","position":2,"name":"Popup","item":"https:\/\/elfsight.com\/es\/popup-widget\/"},{"@type":"ListItem","position":3,"name":"Popup &#8211; iFrame"}]},{"@type":"WebSite","@id":"https:\/\/elfsight.com\/es\/#website","url":"https:\/\/elfsight.com\/es\/","name":"Elfsight ES","description":"Just another Elfsight Sites site","potentialAction":[{"@type":"SearchAction","target":{"@type":"EntryPoint","urlTemplate":"https:\/\/elfsight.com\/es\/?s={search_term_string}"},"query-input":{"@type":"PropertyValueSpecification","valueRequired":true,"valueName":"search_term_string"}}],"inLanguage":"es"}]}},"meta_box":{"industry":"","seo_heading":"","heading":"","description":"","cta_heading":"","cta_description":"","application":"1487","h1":"widget de ventana emergente para iFrame","h1_caption":"Una widget a medida para mostrar un %producto2% en su sitio","application_category":[],"applications_title":"","applications_request_title":"","applications_request_button_text":"","hero_text":"","hero_video":"","hero_video_schema_markup":"","selling_points_title":"","selling_points_caption":"","selling_points":[],"selling_points_cta_text":"","features_title":"","features":"","ed_cta_examples_text":"","ed_cta_examples_hidden":"","ed_cta_demo_text":"","ed_cta_demo_hidden":"","why_caption":"","why_editor_title":"","why_editor_text":"","why_team_title":"","why_team_text":"","why_service_title":"","why_service_text":"","template_catalog_visible":"","template_catalog_title":"","template_catalog_text":"","template_catalog_categories_visible":"","demo_title":"Crea tu widget emergente","demo_caption":"\u00a1Configure su ventana emergente y agr\u00e9guela a su sitio web iFrame gratis!","default_faq_hidden":"","app_template_category":[],"platform":"2192","template_public_id":"","codecanyon_url":"","codecanyon_item_id":"","codecanyon_price":"","pricing_caption":"","pricing_elfsight_apps_hide_column":"","pricing_elfsight_apps_url":"","pricing_codecanyon_price_caption":"","integration_category":[],"integration_request_title":"","integration_request_cta":"","integration_platform":"","integrations":[],"platform_category":[],"video_schema_markup":"","price":"desde $0 por mes","trial":"","benefits":[{"text":"Instalaci\u00f3n gratuita"},{"text":"Soporte Premium"},{"text":"14 d\u00edas garant\u00eda de reembolso"},{"text":"Actualizaciones regulares"}],"button_url":"#demo","button_target_blank":"0","button_nofollow":"0","attributes":[{"name":"Responsivo","content":"Si","_state":"expanded"},{"name":"Navegadores compatibles","content":"Firefox, Safari, Opera, Chrome, Edge","_state":"expanded"}],"tags":[],"tags_disable_links":"0","hide_more_platforms":"","video_object":"","demo_hide_cta":"0","demo_hide_cloud_options":"0","pricing_title":"","pricing":[{"pricing_icon":"platform","pricing_title":" Elfsight Apps","pricing_title_caption":"Soluci\u00f3n multiplataforma - valido para cualquier p\u00e1gina web","pricing_price":"desde $0 por mes","pricing_price_caption":"empezar con un plan gratuito","pricing_benefits":[{"text":"Sitios web ilimitados"},{"text":"Atenci\u00f3n al cliente gratuita y r\u00e1pida"},{"text":"Servicio de instalaci\u00f3n gratuito"},{"text":"Totalmente personalizable"}],"pricing_button_text":"Agregar al sitio web","pricing_button_url":"#demo","_state":"expanded"}],"related_apps_title":"","related_apps_hidden":"1","author":"","image":[],"title":"","job":"","social_networks":[]},"_links":{"self":[{"href":"https:\/\/elfsight.com\/es\/wp-json\/wp\/v2\/pages\/3835","targetHints":{"allow":["GET"]}}],"collection":[{"href":"https:\/\/elfsight.com\/es\/wp-json\/wp\/v2\/pages"}],"about":[{"href":"https:\/\/elfsight.com\/es\/wp-json\/wp\/v2\/types\/page"}],"author":[{"embeddable":true,"href":"https:\/\/elfsight.com\/es\/wp-json\/wp\/v2\/users\/18"}],"replies":[{"embeddable":true,"href":"https:\/\/elfsight.com\/es\/wp-json\/wp\/v2\/comments?post=3835"}],"version-history":[{"count":3,"href":"https:\/\/elfsight.com\/es\/wp-json\/wp\/v2\/pages\/3835\/revisions"}],"predecessor-version":[{"id":17975,"href":"https:\/\/elfsight.com\/es\/wp-json\/wp\/v2\/pages\/3835\/revisions\/17975"}],"up":[{"embeddable":true,"href":"https:\/\/elfsight.com\/es\/wp-json\/wp\/v2\/pages\/1488"}],"wp:attachment":[{"href":"https:\/\/elfsight.com\/es\/wp-json\/wp\/v2\/media?parent=3835"}],"curies":[{"name":"wp","href":"https:\/\/api.w.org\/{rel}","templated":true}]}}