{"id":3833,"date":"2022-02-11T12:11:34","date_gmt":"2022-02-11T12:11:34","guid":{"rendered":"https:\/\/elfsight.com\/es\/?page_id=3833"},"modified":"2025-02-06T15:14:52","modified_gmt":"2025-02-06T15:14:52","slug":"godaddy","status":"publish","type":"page","link":"https:\/\/elfsight.com\/es\/number-counter-widget\/godaddy\/","title":{"rendered":"Number Counter &#8211; GoDaddy"},"content":{"rendered":"<div class=\"application-platform-content-item-description application-platform-content-item\" id=\"description\" data-nav-section=\"description\"> <h2>Integrar el Contador de N\u00fameros en GoDaddy con el widget de Elfsight<\/h2> <p>El Contador de N\u00fameros es un plugin f\u00e1cil de usar con una amplia variedad de opciones. Es una excelente herramienta para demostrar los \u00edndices excepcionales de tu negocio, el n\u00famero de trabajos que has realizado y mucho m\u00e1s. La herramienta es excepcionalmente flexible. Tienes la libertad de construir un n\u00famero ilimitado de contadores, organizarlos en columnas, elegir iconos de nuestra biblioteca o cargar los tuyos propios, hacerlos coloridos o de un solo color, agregar subt\u00edtulos para proporcionar a tus visitantes informaci\u00f3n f\u00e1cilmente comprensible, recolorear cualquier elemento, elegir la imagen de fondo, \u00a1y eso es solo el principio! Empieza a construir tu plugin ahora y observa c\u00f3mo crecen las estad\u00edsticas principales de tu negocio. <\/p> <p><b>Revela tus resultados maravillosos a tus futuros clientes. \u00a1Obt\u00e9n m\u00e1s ventas y clientes potenciales exitosos!<\/b><\/p> <\/div> <div class=\"application-platform-content-item-features application-platform-content-item\" id=\"features\" data-nav-section=\"features\"> <h2>Consulta la lista de las caracter\u00edsticas m\u00e1s valiosas: <\/h2> <ul><li>Un n\u00famero ilimitado de contadores. <\/li><li>N\u00famero ilimitado de columnas. <\/li><li>Agregar subt\u00edtulos, encabezados, prefijos y sufijos. <\/li><li>Elige el tipo de icono: selecci\u00f3nalo de nuestra biblioteca o carga el tuyo propio. <\/li><li>Incluir enlaces. <\/li><\/ul><p><a href=\"#demo\">Puedes probar la funcionalidad completa del plugin en la demostraci\u00f3n a continuaci\u00f3n<\/a><\/p> <\/div> <div class=\"application-platform-content-item-installation application-platform-content-item\" id=\"installation\" data-nav-section=\"installation\"> <h2>\u00bfC\u00f3mo integrar el Contador de N\u00fameros en mi sitio de GoDaddy? <\/h2> <p>Solo tienes que seguir unos pocos pasos para empezar a usar la herramienta. <\/p> <ol><li><b>Usa nuestro editor gratuito y comienza a crear tu herramienta \u00fanica. <\/b><br> Especifica el dise\u00f1o y las caracter\u00edsticas funcionales del plugin y aplica los cambios. <\/li>  <li><b>Copia el c\u00f3digo \u00fanico que aparece en el formulario especial de Elfsight Apps. <\/b><br> Cuando se complete la generaci\u00f3n de tu herramienta personal, copia el c\u00f3digo personal en la ventana que aparecer\u00e1 y gu\u00e1rdalo para usarlo m\u00e1s adelante. <\/li>  <li><b>Comienza a usar el plugin en tu sitio de GoDaddy. <\/b><br> Coloca el c\u00f3digo que guardaste recientemente en tu p\u00e1gina y guarda las modificaciones. <\/li>  <li><b>\u00a1Listo! La configuraci\u00f3n se ha realizado con \u00e9xito. <\/b><br> Ve a tu sitio para comprobar c\u00f3mo funciona el plugin. <\/li><\/ol> <p>Si tienes alguna pregunta o encuentras dificultades, no dudes en pedir ayuda a nuestro personal de servicio al cliente. Nuestro equipo est\u00e1 listo para ayudarte con cualquier problema que puedas tener con la herramienta. <\/p> <div class=\"faq\" data-component=\"FAQ\"><div class=\"faq-item\">\r\n\t\t\t\t\t<div class=\"faq-item-question\">\r\n\t\t\t\t\t\t<h3 class=\"faq-item-question-text\">\u00bfC\u00f3mo puedo integrar el Contador de N\u00fameros en mi GoDaddy sin experiencia en programaci\u00f3n?<\/h3>\r\n\r\n\t\t\t\t\t\t<div class=\"faq-item-question-icon\"><\/div>\r\n\t\t\t\t\t<\/div>\r\n\r\n\t\t\t\t\t<div class=\"faq-item-answer\">\r\n\t\t\t\t\t\t<div class=\"faq-item-answer-text\"> <p>La empresa Elfsight ofrece una soluci\u00f3n SaaS que permite a una amplia audiencia crear la aplicaci\u00f3n Contador de N\u00fameros por s\u00ed mismos, sigue esta gu\u00eda sencilla: Ve al Editor en l\u00ednea para crear la aplicaci\u00f3n Contador de N\u00fameros que deseas integrar en el sitio de GoDaddy. Elige una de nuestras plantillas prehechas y modifica los ajustes del Contador de N\u00fameros, cambia el dise\u00f1o y las combinaciones de colores para incluir tu contenido, sin necesidad de programar. Haz clic para guardar el Contador de N\u00fameros y copia su c\u00f3digo de instalaci\u00f3n, que podr\u00e1s agregar f\u00e1cilmente a tu sitio de GoDaddy de forma gratuita. Con el Configurador f\u00e1cil de usar, cualquier usuario de internet puede crear una aplicaci\u00f3n Contador de N\u00fameros en l\u00ednea e integrarla f\u00e1cilmente en el sitio de GoDaddy. No es necesario obtener una suscripci\u00f3n de pago ni ingresar datos de tarjeta para acceder al Editor. Si encuentras problemas de cualquier tipo, no dudes en contactar con nuestro equipo de soporte.<\/p> <\/div>\r\n\t\t\t\t\t<\/div>\r\n\t\t\t\t<\/div> <\/div><\/div>","protected":false},"excerpt":{"rendered":"","protected":false},"author":18,"featured_media":0,"parent":1135,"menu_order":0,"comment_status":"closed","ping_status":"closed","template":"templates\/template-application-platform.php","meta":{"publish_to_discourse":"","publish_post_category":"","wpdc_auto_publish_overridden":"","wpdc_topic_tags":"","wpdc_pin_topic":"","wpdc_pin_until":"","discourse_post_id":"","discourse_permalink":"","wpdc_publishing_response":"","wpdc_publishing_error":"","footnotes":""},"class_list":["post-3833","page","type-page","status-publish","hentry"],"yoast_head":"<!-- This site is optimized with the Yoast SEO plugin v25.3.1 - https:\/\/yoast.com\/wordpress\/plugins\/seo\/ -->\n<title>Contador de n\u00fameros - Embeber widget de Contador al GoDaddy<\/title>\n<meta name=\"description\" content=\"Incrusta un widget atractivo de Contador de n\u00fameros en su p\u00e1gina web de GoDaddy. Use la demo de Elfsight intuitiva y genere su widget \u00fanico.\" \/>\n<meta name=\"robots\" content=\"index, follow, max-snippet:-1, max-image-preview:large, max-video-preview:-1\" \/>\n<link rel=\"canonical\" href=\"https:\/\/elfsight.com\/es\/number-counter-widget\/godaddy\/\" \/>\n<meta property=\"og:locale\" content=\"es_ES\" \/>\n<meta property=\"og:type\" content=\"article\" \/>\n<meta property=\"og:title\" content=\"Contador de n\u00fameros - Embeber widget de Contador al GoDaddy\" \/>\n<meta property=\"og:description\" content=\"Incrusta un widget atractivo de Contador de n\u00fameros en su p\u00e1gina web de GoDaddy. Use la demo de Elfsight intuitiva y genere su widget \u00fanico.\" \/>\n<meta property=\"og:url\" content=\"https:\/\/elfsight.com\/es\/number-counter-widget\/godaddy\/\" \/>\n<meta property=\"og:site_name\" content=\"Elfsight ES\" \/>\n<meta property=\"article:modified_time\" content=\"2025-02-06T15:14:52+00:00\" \/>\n<meta name=\"twitter:card\" content=\"summary_large_image\" \/>\n<meta name=\"twitter:label1\" content=\"Tiempo de lectura\" \/>\n\t<meta name=\"twitter:data1\" content=\"1 minuto\" \/>\n<!-- \/ Yoast SEO plugin. -->","yoast_head_json":{"title":"Contador de n\u00fameros - Embeber widget de Contador al GoDaddy","description":"Incrusta un widget atractivo de Contador de n\u00fameros en su p\u00e1gina web de GoDaddy. Use la demo de Elfsight intuitiva y genere su widget \u00fanico.","robots":{"index":"index","follow":"follow","max-snippet":"max-snippet:-1","max-image-preview":"max-image-preview:large","max-video-preview":"max-video-preview:-1"},"canonical":"https:\/\/elfsight.com\/es\/number-counter-widget\/godaddy\/","og_locale":"es_ES","og_type":"article","og_title":"Contador de n\u00fameros - Embeber widget de Contador al GoDaddy","og_description":"Incrusta un widget atractivo de Contador de n\u00fameros en su p\u00e1gina web de GoDaddy. Use la demo de Elfsight intuitiva y genere su widget \u00fanico.","og_url":"https:\/\/elfsight.com\/es\/number-counter-widget\/godaddy\/","og_site_name":"Elfsight ES","article_modified_time":"2025-02-06T15:14:52+00:00","twitter_card":"summary_large_image","twitter_misc":{"Tiempo de lectura":"1 minuto"},"schema":{"@context":"https:\/\/schema.org","@graph":[{"@type":"WebPage","@id":"https:\/\/elfsight.com\/es\/number-counter-widget\/godaddy\/","url":"https:\/\/elfsight.com\/es\/number-counter-widget\/godaddy\/","name":"Contador de n\u00fameros - Embeber widget de Contador al GoDaddy","isPartOf":{"@id":"https:\/\/elfsight.com\/es\/#website"},"datePublished":"2022-02-11T12:11:34+00:00","dateModified":"2025-02-06T15:14:52+00:00","description":"Incrusta un widget atractivo de Contador de n\u00fameros en su p\u00e1gina web de GoDaddy. Use la demo de Elfsight intuitiva y genere su widget \u00fanico.","breadcrumb":{"@id":"https:\/\/elfsight.com\/es\/number-counter-widget\/godaddy\/#breadcrumb"},"inLanguage":"es","potentialAction":[{"@type":"ReadAction","target":["https:\/\/elfsight.com\/es\/number-counter-widget\/godaddy\/"]}]},{"@type":"BreadcrumbList","@id":"https:\/\/elfsight.com\/es\/number-counter-widget\/godaddy\/#breadcrumb","itemListElement":[{"@type":"ListItem","position":1,"name":"Home","item":"https:\/\/elfsight.com\/es\/"},{"@type":"ListItem","position":2,"name":"Number Counter","item":"https:\/\/elfsight.com\/es\/number-counter-widget\/"},{"@type":"ListItem","position":3,"name":"Number Counter &#8211; GoDaddy"}]},{"@type":"WebSite","@id":"https:\/\/elfsight.com\/es\/#website","url":"https:\/\/elfsight.com\/es\/","name":"Elfsight ES","description":"Just another Elfsight Sites site","potentialAction":[{"@type":"SearchAction","target":{"@type":"EntryPoint","urlTemplate":"https:\/\/elfsight.com\/es\/?s={search_term_string}"},"query-input":{"@type":"PropertyValueSpecification","valueRequired":true,"valueName":"search_term_string"}}],"inLanguage":"es"}]}},"meta_box":{"industry":"","seo_heading":"","heading":"","description":"","cta_heading":"","cta_description":"","application":"1134","h1":"widget de contador de n\u00fameros para GoDaddy","h1_caption":"Muestra estad\u00edsticas e hitos clave con contadores animados para resaltar tus logros de una manera atractiva en tu sitio web de GoDaddy sin esfuerzo.","application_category":[],"applications_title":"","applications_request_title":"","applications_request_button_text":"","hero_text":"","hero_video":"","hero_video_schema_markup":"","selling_points_title":"","selling_points_caption":"","selling_points":[],"selling_points_cta_text":"","features_title":"","features":"","ed_cta_examples_text":"","ed_cta_examples_hidden":"","ed_cta_demo_text":"","ed_cta_demo_hidden":"","why_caption":"","why_editor_title":"","why_editor_text":"","why_team_title":"","why_team_text":"","why_service_title":"","why_service_text":"","template_catalog_visible":"","template_catalog_title":"","template_catalog_text":"","template_catalog_categories_visible":"","demo_title":"Crea tu complemento de contador de n\u00fameros","demo_caption":"\u00a1Configura tu contador de n\u00fameros y agr\u00e9galo a tu sitio web de GoDaddy gratis!","default_faq_hidden":"","app_template_category":[],"platform":"2183","template_public_id":"","codecanyon_url":"","codecanyon_item_id":"","codecanyon_price":"","pricing_caption":"","pricing_elfsight_apps_hide_column":"","pricing_elfsight_apps_url":"","pricing_codecanyon_price_caption":"","integration_category":[],"integration_request_title":"","integration_request_cta":"","integration_platform":"","integrations":[],"platform_category":[],"video_schema_markup":"","price":"desde $0 por mes","trial":"","benefits":[{"text":"Instalaci\u00f3n gratuita"},{"text":"Soporte Premium"},{"text":"14 d\u00edas garant\u00eda de reembolso"},{"text":"Actualizaciones regulares"}],"button_url":"#demo","button_target_blank":"0","button_nofollow":"0","attributes":[{"name":"Responsivo","content":"Si","_state":"expanded"},{"name":"Navegadores compatibles","content":"Firefox, Safari, Opera, Chrome, Edge","_state":"expanded"}],"tags":[],"tags_disable_links":"0","hide_more_platforms":"","video_object":"","demo_hide_cta":"0","demo_hide_cloud_options":"0","pricing_title":"","pricing":[{"pricing_icon":"platform","pricing_title":" Elfsight Apps","pricing_title_caption":"Soluci\u00f3n multiplataforma - valido para cualquier p\u00e1gina web","pricing_price":"desde $0 por mes","pricing_price_caption":"empezar con un plan gratuito","pricing_benefits":[{"text":"Sitios web ilimitados"},{"text":"Atenci\u00f3n al cliente gratuita y r\u00e1pida"},{"text":"Servicio de instalaci\u00f3n gratuito"},{"text":"Totalmente personalizable"}],"pricing_button_text":"Agregar al sitio web","pricing_button_url":"#demo","_state":"expanded"}],"related_apps_title":"","related_apps_hidden":"1","author":"","image":[],"title":"","job":"","social_networks":[]},"_links":{"self":[{"href":"https:\/\/elfsight.com\/es\/wp-json\/wp\/v2\/pages\/3833","targetHints":{"allow":["GET"]}}],"collection":[{"href":"https:\/\/elfsight.com\/es\/wp-json\/wp\/v2\/pages"}],"about":[{"href":"https:\/\/elfsight.com\/es\/wp-json\/wp\/v2\/types\/page"}],"author":[{"embeddable":true,"href":"https:\/\/elfsight.com\/es\/wp-json\/wp\/v2\/users\/18"}],"replies":[{"embeddable":true,"href":"https:\/\/elfsight.com\/es\/wp-json\/wp\/v2\/comments?post=3833"}],"version-history":[{"count":3,"href":"https:\/\/elfsight.com\/es\/wp-json\/wp\/v2\/pages\/3833\/revisions"}],"predecessor-version":[{"id":17973,"href":"https:\/\/elfsight.com\/es\/wp-json\/wp\/v2\/pages\/3833\/revisions\/17973"}],"up":[{"embeddable":true,"href":"https:\/\/elfsight.com\/es\/wp-json\/wp\/v2\/pages\/1135"}],"wp:attachment":[{"href":"https:\/\/elfsight.com\/es\/wp-json\/wp\/v2\/media?parent=3833"}],"curies":[{"name":"wp","href":"https:\/\/api.w.org\/{rel}","templated":true}]}}