{"id":3827,"date":"2022-02-11T12:11:45","date_gmt":"2022-02-11T12:11:45","guid":{"rendered":"https:\/\/elfsight.com\/es\/?page_id=3827"},"modified":"2025-02-06T15:14:43","modified_gmt":"2025-02-06T15:14:43","slug":"facebook","status":"publish","type":"page","link":"https:\/\/elfsight.com\/es\/number-counter-widget\/facebook\/","title":{"rendered":"Number Counter &#8211; Facebook page"},"content":{"rendered":"<div class=\"application-platform-content-item-features application-platform-content-item\" id=\"features\" data-nav-section=\"features\"><h2>El widget ofrece caracter\u00edsticas potentes y f\u00e1ciles, vea algunos de ellos:<\/h2> <ul><li>Cantidad ilimitada de contadores.<\/li><li>Cantidad ilimitada de columnas.<\/li><li>A\u00f1ade subt\u00edtulos, encabezados, prefijos y sufijos.<\/li><li>Elige categor\u00eda del icono: obt\u00e9n de nuestra biblioteca o sube el tuyo personalizado.<\/li><li>A\u00f1ade enlaces.<\/li><li>Ajusta la velocidad de la animaci\u00f3n.<\/li><li>Define el n\u00famero y el formato decimal.<\/li><li>Selecciona la opci\u00f3n de fondo: Imagen, Transparente o Color.<\/li><li>Haz que tus iconos sean multicolores o monocrom\u00e1ticos.<\/li><\/ul> <p><a href=\"#demo\">Puedes probar todas las capacidades del widget en la demo aqu\u00ed<\/a><\/p> <\/div> <div class=\"application-platform-content-item-installation application-platform-content-item\" id=\"installation\" data-nav-section=\"installation\"> <h2>\u00bfC\u00f3mo puedo incorporar el Contador de N\u00fameros en una p\u00e1gina de Facebook?<\/h2><p>Simplemente sigue las instrucciones a continuaci\u00f3n para a\u00f1adir el widget.<\/p> <ol><li>Abre nuestro demo gratuito y comienza a crear tu widget personalizado.<\/li>  <li>Obt\u00e9n tu c\u00f3digo \u00fanico que aparece en la ventana de Elfsight Apps.<\/li>  <li>Comienza a usar el widget en tu p\u00e1gina de Facebook.<\/li>  <li>La integraci\u00f3n se ha realizado con \u00e9xito.<\/li><\/ol> <p>Si tienes alg\u00fan problema, no dudes en escribir a nuestro equipo de soporte al cliente. Nuestros consultores estar\u00e1n encantados de resolver todas las preguntas que puedas tener sobre el widget.<\/p> <\/div> <p><\/p>","protected":false},"excerpt":{"rendered":"","protected":false},"author":18,"featured_media":0,"parent":1135,"menu_order":0,"comment_status":"closed","ping_status":"closed","template":"templates\/template-application-platform.php","meta":{"publish_to_discourse":"","publish_post_category":"","wpdc_auto_publish_overridden":"","wpdc_topic_tags":"","wpdc_pin_topic":"","wpdc_pin_until":"","discourse_post_id":"","discourse_permalink":"","wpdc_publishing_response":"","wpdc_publishing_error":"","footnotes":""},"class_list":["post-3827","page","type-page","status-publish","hentry"],"yoast_head":"<!-- This site is optimized with the Yoast SEO plugin v25.3.1 - https:\/\/yoast.com\/wordpress\/plugins\/seo\/ -->\n<title>Contador de n\u00fameros - Empotrar widget de Contador al Facebook Page<\/title>\n<meta name=\"description\" content=\"Incrusta un widget hermoso de Contador de n\u00fameros en su sitio de Facebook Page. Lance la demo de Elfsight f\u00e1cil de usar y construe su widget propio.\" \/>\n<meta name=\"robots\" content=\"index, follow, max-snippet:-1, max-image-preview:large, max-video-preview:-1\" \/>\n<link rel=\"canonical\" href=\"https:\/\/elfsight.com\/es\/number-counter-widget\/facebook\/\" \/>\n<meta property=\"og:locale\" content=\"es_ES\" \/>\n<meta property=\"og:type\" content=\"article\" \/>\n<meta property=\"og:title\" content=\"Contador de n\u00fameros - Empotrar widget de Contador al Facebook Page\" \/>\n<meta property=\"og:description\" content=\"Incrusta un widget hermoso de Contador de n\u00fameros en su sitio de Facebook Page. Lance la demo de Elfsight f\u00e1cil de usar y construe su widget propio.\" \/>\n<meta property=\"og:url\" content=\"https:\/\/elfsight.com\/es\/number-counter-widget\/facebook\/\" \/>\n<meta property=\"og:site_name\" content=\"Elfsight ES\" \/>\n<meta property=\"article:modified_time\" content=\"2025-02-06T15:14:43+00:00\" \/>\n<meta name=\"twitter:card\" content=\"summary_large_image\" \/>\n<meta name=\"twitter:label1\" content=\"Tiempo de lectura\" \/>\n\t<meta name=\"twitter:data1\" content=\"1 minuto\" \/>\n<!-- \/ Yoast SEO plugin. -->","yoast_head_json":{"title":"Contador de n\u00fameros - Empotrar widget de Contador al Facebook Page","description":"Incrusta un widget hermoso de Contador de n\u00fameros en su sitio de Facebook Page. Lance la demo de Elfsight f\u00e1cil de usar y construe su widget propio.","robots":{"index":"index","follow":"follow","max-snippet":"max-snippet:-1","max-image-preview":"max-image-preview:large","max-video-preview":"max-video-preview:-1"},"canonical":"https:\/\/elfsight.com\/es\/number-counter-widget\/facebook\/","og_locale":"es_ES","og_type":"article","og_title":"Contador de n\u00fameros - Empotrar widget de Contador al Facebook Page","og_description":"Incrusta un widget hermoso de Contador de n\u00fameros en su sitio de Facebook Page. Lance la demo de Elfsight f\u00e1cil de usar y construe su widget propio.","og_url":"https:\/\/elfsight.com\/es\/number-counter-widget\/facebook\/","og_site_name":"Elfsight ES","article_modified_time":"2025-02-06T15:14:43+00:00","twitter_card":"summary_large_image","twitter_misc":{"Tiempo de lectura":"1 minuto"},"schema":{"@context":"https:\/\/schema.org","@graph":[{"@type":"WebPage","@id":"https:\/\/elfsight.com\/es\/number-counter-widget\/facebook\/","url":"https:\/\/elfsight.com\/es\/number-counter-widget\/facebook\/","name":"Contador de n\u00fameros - Empotrar widget de Contador al Facebook Page","isPartOf":{"@id":"https:\/\/elfsight.com\/es\/#website"},"datePublished":"2022-02-11T12:11:45+00:00","dateModified":"2025-02-06T15:14:43+00:00","description":"Incrusta un widget hermoso de Contador de n\u00fameros en su sitio de Facebook Page. Lance la demo de Elfsight f\u00e1cil de usar y construe su widget propio.","breadcrumb":{"@id":"https:\/\/elfsight.com\/es\/number-counter-widget\/facebook\/#breadcrumb"},"inLanguage":"es","potentialAction":[{"@type":"ReadAction","target":["https:\/\/elfsight.com\/es\/number-counter-widget\/facebook\/"]}]},{"@type":"BreadcrumbList","@id":"https:\/\/elfsight.com\/es\/number-counter-widget\/facebook\/#breadcrumb","itemListElement":[{"@type":"ListItem","position":1,"name":"Home","item":"https:\/\/elfsight.com\/es\/"},{"@type":"ListItem","position":2,"name":"Number Counter","item":"https:\/\/elfsight.com\/es\/number-counter-widget\/"},{"@type":"ListItem","position":3,"name":"Number Counter &#8211; Facebook page"}]},{"@type":"WebSite","@id":"https:\/\/elfsight.com\/es\/#website","url":"https:\/\/elfsight.com\/es\/","name":"Elfsight ES","description":"Just another Elfsight Sites site","potentialAction":[{"@type":"SearchAction","target":{"@type":"EntryPoint","urlTemplate":"https:\/\/elfsight.com\/es\/?s={search_term_string}"},"query-input":{"@type":"PropertyValueSpecification","valueRequired":true,"valueName":"search_term_string"}}],"inLanguage":"es"}]}},"meta_box":{"industry":"","seo_heading":"","heading":"","description":"","cta_heading":"","cta_description":"","application":"1134","h1":"widget de Contador de n\u00fameros para p\u00e1gina de Facebook","h1_caption":"Muestre estad\u00edsticas e hitos clave con contadores animados para resaltar sus logros de una manera atractiva en el sitio web de su p\u00e1gina de Facebook sin esfuerzo.","application_category":[],"applications_title":"","applications_request_title":"","applications_request_button_text":"","hero_text":"","hero_video":"","hero_video_schema_markup":"","selling_points_title":"","selling_points_caption":"","selling_points":[],"selling_points_cta_text":"","features_title":"","features":"","ed_cta_examples_text":"","ed_cta_examples_hidden":"","ed_cta_demo_text":"","ed_cta_demo_hidden":"","why_caption":"","why_editor_title":"","why_editor_text":"","why_team_title":"","why_team_text":"","why_service_title":"","why_service_text":"","template_catalog_visible":"","template_catalog_title":"","template_catalog_text":"","template_catalog_categories_visible":"","demo_title":"Crea tu widget de contador de n\u00fameros","demo_caption":"\u00a1Configure su contador de n\u00fameros y agr\u00e9guelo al sitio web de su p\u00e1gina de Facebook de forma gratuita!","default_faq_hidden":"","app_template_category":[],"platform":"64","template_public_id":"","codecanyon_url":"","codecanyon_item_id":"","codecanyon_price":"","pricing_caption":"","pricing_elfsight_apps_hide_column":"","pricing_elfsight_apps_url":"","pricing_codecanyon_price_caption":"","integration_category":[],"integration_request_title":"","integration_request_cta":"","integration_platform":"","integrations":[],"platform_category":[],"video_schema_markup":"","price":"desde $0 por mes","trial":"","benefits":[{"text":"Instalaci\u00f3n gratuita"},{"text":"Soporte Premium"},{"text":"14 d\u00edas garant\u00eda de reembolso"},{"text":"Actualizaciones regulares"}],"button_url":"#demo","button_target_blank":"0","button_nofollow":"0","attributes":[{"name":"Responsivo","content":"Si","_state":"expanded"},{"name":"Navegadores compatibles","content":"Firefox, Safari, Opera, Chrome, Edge","_state":"expanded"}],"tags":[],"tags_disable_links":"0","hide_more_platforms":"","video_object":"","demo_hide_cta":"0","demo_hide_cloud_options":"0","pricing_title":"","pricing":[{"pricing_icon":"platform","pricing_title":" Elfsight Apps","pricing_title_caption":"Soluci\u00f3n multiplataforma - valido para cualquier p\u00e1gina web","pricing_price":"desde $0 por mes","pricing_price_caption":"empezar con un plan gratuito","pricing_benefits":[{"text":"Sitios web ilimitados"},{"text":"Atenci\u00f3n al cliente gratuita y r\u00e1pida"},{"text":"Servicio de instalaci\u00f3n gratuito"},{"text":"Totalmente personalizable"}],"pricing_button_text":"Agregar al sitio web","pricing_button_url":"#demo","_state":"expanded"}],"related_apps_title":"","related_apps_hidden":"1","author":"","image":[],"title":"","job":"","social_networks":[]},"_links":{"self":[{"href":"https:\/\/elfsight.com\/es\/wp-json\/wp\/v2\/pages\/3827","targetHints":{"allow":["GET"]}}],"collection":[{"href":"https:\/\/elfsight.com\/es\/wp-json\/wp\/v2\/pages"}],"about":[{"href":"https:\/\/elfsight.com\/es\/wp-json\/wp\/v2\/types\/page"}],"author":[{"embeddable":true,"href":"https:\/\/elfsight.com\/es\/wp-json\/wp\/v2\/users\/18"}],"replies":[{"embeddable":true,"href":"https:\/\/elfsight.com\/es\/wp-json\/wp\/v2\/comments?post=3827"}],"version-history":[{"count":3,"href":"https:\/\/elfsight.com\/es\/wp-json\/wp\/v2\/pages\/3827\/revisions"}],"predecessor-version":[{"id":17971,"href":"https:\/\/elfsight.com\/es\/wp-json\/wp\/v2\/pages\/3827\/revisions\/17971"}],"up":[{"embeddable":true,"href":"https:\/\/elfsight.com\/es\/wp-json\/wp\/v2\/pages\/1135"}],"wp:attachment":[{"href":"https:\/\/elfsight.com\/es\/wp-json\/wp\/v2\/media?parent=3827"}],"curies":[{"name":"wp","href":"https:\/\/api.w.org\/{rel}","templated":true}]}}