{"id":3810,"date":"2022-02-11T12:12:07","date_gmt":"2022-02-11T12:12:07","guid":{"rendered":"https:\/\/elfsight.com\/es\/?page_id=3810"},"modified":"2025-02-06T15:14:43","modified_gmt":"2025-02-06T15:14:43","slug":"html","status":"publish","type":"page","link":"https:\/\/elfsight.com\/es\/pricing-table-plugin\/html\/","title":{"rendered":"Pricing Table &#8211; HTML"},"content":{"rendered":"<div class=\"application-platform-content-item-description application-platform-content-item\" id=\"description\" data-nav-section=\"description\"><h2>Descripci\u00f3n<\/h2><p>El precio juega uno de los papeles m\u00e1s importantes para convencer a los visitantes de hacer un pedido o comprar en tu sitio. El widget de nuestro equipo no solo permite a tus compradores conocer y comparar los planes de precios disponibles de manera r\u00e1pida, sino que tambi\u00e9n ayuda a aumentar la conversi\u00f3n mediante las t\u00e9cnicas m\u00e1s recientes incluidas en la interfaz y las plantillas.<\/p><p><b>Aumenta las ventas de tu sitio web a un nivel superior utilizando precios inteligentes.<\/b><\/p><ul><li><b>Ayuda a los clientes a tomar la decisi\u00f3n de compra<\/b>.<br> Muestra la informaci\u00f3n que tus futuros clientes necesitan de la manera m\u00e1s clara posible y ay\u00fadalos a tomar la decisi\u00f3n adecuada.<\/li><li><b>Personalizaci\u00f3n r\u00e1pida y eficiente<\/b>.<br> Con una rica colecci\u00f3n de configuraciones que te permiten configurar todo tipo de precios en 2 pasos, podr\u00e1s crear un plugin que vender\u00e1 perfectamente en tu sitio.<\/li><li><b>Haz que tus precios sean atractivos para los usuarios<\/b>.<br> Usa diferentes colores, a\u00f1ade unidades, muestra im\u00e1genes, para hacer que tus precios sean entretenidos para los clientes y produzcan un efecto positivo en los resultados de las ventas.<\/li><\/ul><\/div> <div class=\"application-platform-content-item-features application-platform-content-item\" id=\"features\" data-nav-section=\"features\"><h2>Caracter\u00edsticas<\/h2><p>Las caracter\u00edsticas que convierten nuestro widget en la mejor tabla de precios para sitios web HTML.<\/p><ul><li>6 elementos de columna predefinidos que pueden ser organizados y personalizados para obtener el aspecto perfecto;<\/li><li>Lista de caracter\u00edsticas ajustable, completa con iconos de caracter\u00edsticas, sugerencias y un n\u00famero ilimitado de caracter\u00edsticas;<\/li><li>Los elementos de color de cada columna pueden personalizarse individualmente;<\/li><li>Radio y ancho personalizables para los botones;<\/li><li>Dise\u00f1o optimizado para dispositivos m\u00f3viles.<\/li><\/ul><p><a href=\"#demo\">Puedes probar todos los beneficios en el editor en vivo<\/a><\/p><\/div> <div class=\"application-platform-content-item-installation application-platform-content-item\" id=\"installation\" data-nav-section=\"installation\"><h2>\u00bfC\u00f3mo crear una tabla de precios para un sitio web HTML?<\/h2><div class=\"video-container\"><iframe width=\"720\" height=\"405\" src=\"https:\/\/www.youtube.com\/embed\/cK2T6ohZcAU\" frameborder=\"0\" allowfullscreen=\"\"><\/iframe><\/div><p>Una gu\u00eda sobre la instalaci\u00f3n del widget de Elfsight. Para llevar a cabo este proceso, no necesitas experiencia en desarrollo web ni mucho tiempo. Solo algunos pasos r\u00e1pidos y 2 minutos de tu tiempo.<\/p><ol><li><b>Genera tu widget de precios \u00fanico<\/b><br> Usando nuestra demostraci\u00f3n gratuita, genera un plugin con el aspecto y la configuraci\u00f3n deseados.<\/li><li><b>Recibe el c\u00f3digo para incrustar el plugin<\/b><br> Despu\u00e9s de configurar el widget, recibe el c\u00f3digo para la tabla de precios desde la notificaci\u00f3n que aparece en Elfsight Apps.<\/li><li><b>Agrega el widget a la p\u00e1gina HTML<\/b><br> Abre el c\u00f3digo de la p\u00e1gina en el editor HTML, y coloca el widget en el lugar necesario (contenido, pie de p\u00e1gina, barra lateral, etc.), luego publica los cambios.<\/li><li><b>\u00a1La incrustaci\u00f3n fue exitosa!<\/b><br> Ve al sitio web para verificar tu trabajo.<\/li><\/ol><p>\u00bfTienes problemas con la generaci\u00f3n del widget? Estudia nuestra gu\u00eda extensa \u00ab<a href=\"https:\/\/elfsight.com\/tutorials\/how-to-add-pricing-table-to-html\/\" target=\"_blank\" rel=\"noopener noreferrer\">C\u00f3mo agregar una tabla de precios a un HTML<\/a>\u00bb o deja un mensaje para nuestro equipo de soporte, que resolver\u00e1 cualquier tipo de problema de manera oportuna.<\/p><\/div> <div class=\"faq\" data-component=\"FAQ\">&lt;faq_item schema_markup=&quot;1&quot; question=&quot;\u00bfDe qu\u00e9 manera agrego una tabla de precios al sitio web HTML?&quot;]<p>La construcci\u00f3n de la herramienta se realiza en las p\u00e1ginas de Elfsight y no es necesario codificar. Utiliza nuestra demostraci\u00f3n en l\u00ednea para personalizar tu aplicaci\u00f3n personal, obtener el c\u00f3digo e incrustarlo en tu sitio web.<\/p>[\/faq_item] <div class=\"faq-item\">\r\n\t\t\t\t\t<div class=\"faq-item-question\">\r\n\t\t\t\t\t\t<h3 class=\"faq-item-question-text\">Las mejores formas de usar la integraci\u00f3n de la tabla de precios<\/h3>\r\n\r\n\t\t\t\t\t\t<div class=\"faq-item-question-icon\"><\/div>\r\n\t\t\t\t\t<\/div>\r\n\r\n\t\t\t\t\t<div class=\"faq-item-answer\">\r\n\t\t\t\t\t\t<div class=\"faq-item-answer-text\"><p>Te ofrecemos muchas posibilidades de ajuste: widgets a gran escala para incrustar en el \u00e1rea de contenido, plugins flotantes con opciones de desplazamiento, dise\u00f1os para el pie de p\u00e1gina, encabezado y todas las oportunidades verticales para barras laterales y men\u00fas.<\/p><\/div>\r\n\t\t\t\t\t<\/div>\r\n\t\t\t\t<\/div> <div class=\"faq-item\">\r\n\t\t\t\t\t<div class=\"faq-item-question\">\r\n\t\t\t\t\t\t<h3 class=\"faq-item-question-text\">\u00bfPuedo construir una tabla de columnas o de comparaci\u00f3n mediante tu editor?<\/h3>\r\n\r\n\t\t\t\t\t\t<div class=\"faq-item-question-icon\"><\/div>\r\n\t\t\t\t\t<\/div>\r\n\r\n\t\t\t\t\t<div class=\"faq-item-answer\">\r\n\t\t\t\t\t\t<div class=\"faq-item-answer-text\"><p>Puedes hacer cualquier modificaci\u00f3n en los widgets. Hay un mont\u00f3n de dise\u00f1os aplicables en el editor, y todos pueden personalizarse r\u00e1pidamente tal como los necesitas.<\/p><\/div>\r\n\t\t\t\t\t<\/div>\r\n\t\t\t\t<\/div> <\/div>","protected":false},"excerpt":{"rendered":"","protected":false},"author":18,"featured_media":0,"parent":2019,"menu_order":0,"comment_status":"closed","ping_status":"closed","template":"templates\/template-application-platform.php","meta":{"publish_to_discourse":"","publish_post_category":"","wpdc_auto_publish_overridden":"","wpdc_topic_tags":"","wpdc_pin_topic":"","wpdc_pin_until":"","discourse_post_id":"","discourse_permalink":"","wpdc_publishing_response":"","wpdc_publishing_error":"","footnotes":""},"class_list":["post-3810","page","type-page","status-publish","hentry"],"yoast_head":"<!-- This site is optimized with the Yoast SEO plugin v25.3.1 - https:\/\/yoast.com\/wordpress\/plugins\/seo\/ -->\n<title>Tabla de precios - Integrar widget de Precios mesa al HTML<\/title>\n<meta name=\"description\" content=\"Incrusta un widget hermoso de Tabla de precios en su sitio de HTML. Aplique la demo de Elfsight manejable y cree su widget personalizado.\" \/>\n<meta name=\"robots\" content=\"index, follow, max-snippet:-1, max-image-preview:large, max-video-preview:-1\" \/>\n<link rel=\"canonical\" href=\"https:\/\/elfsight.com\/es\/pricing-table-plugin\/html\/\" \/>\n<meta property=\"og:locale\" content=\"es_ES\" \/>\n<meta property=\"og:type\" content=\"article\" \/>\n<meta property=\"og:title\" content=\"Tabla de precios - Integrar widget de Precios mesa al HTML\" \/>\n<meta property=\"og:description\" content=\"Incrusta un widget hermoso de Tabla de precios en su sitio de HTML. Aplique la demo de Elfsight manejable y cree su widget personalizado.\" \/>\n<meta property=\"og:url\" content=\"https:\/\/elfsight.com\/es\/pricing-table-plugin\/html\/\" \/>\n<meta property=\"og:site_name\" content=\"Elfsight ES\" \/>\n<meta property=\"article:modified_time\" content=\"2025-02-06T15:14:43+00:00\" \/>\n<meta name=\"twitter:card\" content=\"summary_large_image\" \/>\n<meta name=\"twitter:label1\" content=\"Tiempo de lectura\" \/>\n\t<meta name=\"twitter:data1\" content=\"1 minuto\" \/>\n<!-- \/ Yoast SEO plugin. -->","yoast_head_json":{"title":"Tabla de precios - Integrar widget de Precios mesa al HTML","description":"Incrusta un widget hermoso de Tabla de precios en su sitio de HTML. Aplique la demo de Elfsight manejable y cree su widget personalizado.","robots":{"index":"index","follow":"follow","max-snippet":"max-snippet:-1","max-image-preview":"max-image-preview:large","max-video-preview":"max-video-preview:-1"},"canonical":"https:\/\/elfsight.com\/es\/pricing-table-plugin\/html\/","og_locale":"es_ES","og_type":"article","og_title":"Tabla de precios - Integrar widget de Precios mesa al HTML","og_description":"Incrusta un widget hermoso de Tabla de precios en su sitio de HTML. Aplique la demo de Elfsight manejable y cree su widget personalizado.","og_url":"https:\/\/elfsight.com\/es\/pricing-table-plugin\/html\/","og_site_name":"Elfsight ES","article_modified_time":"2025-02-06T15:14:43+00:00","twitter_card":"summary_large_image","twitter_misc":{"Tiempo de lectura":"1 minuto"},"schema":{"@context":"https:\/\/schema.org","@graph":[{"@type":"WebPage","@id":"https:\/\/elfsight.com\/es\/pricing-table-plugin\/html\/","url":"https:\/\/elfsight.com\/es\/pricing-table-plugin\/html\/","name":"Tabla de precios - Integrar widget de Precios mesa al HTML","isPartOf":{"@id":"https:\/\/elfsight.com\/es\/#website"},"datePublished":"2022-02-11T12:12:07+00:00","dateModified":"2025-02-06T15:14:43+00:00","description":"Incrusta un widget hermoso de Tabla de precios en su sitio de HTML. Aplique la demo de Elfsight manejable y cree su widget personalizado.","breadcrumb":{"@id":"https:\/\/elfsight.com\/es\/pricing-table-plugin\/html\/#breadcrumb"},"inLanguage":"es","potentialAction":[{"@type":"ReadAction","target":["https:\/\/elfsight.com\/es\/pricing-table-plugin\/html\/"]}]},{"@type":"BreadcrumbList","@id":"https:\/\/elfsight.com\/es\/pricing-table-plugin\/html\/#breadcrumb","itemListElement":[{"@type":"ListItem","position":1,"name":"Home","item":"https:\/\/elfsight.com\/es\/"},{"@type":"ListItem","position":2,"name":"Pricing Table","item":"https:\/\/elfsight.com\/es\/pricing-table-plugin\/"},{"@type":"ListItem","position":3,"name":"Pricing Table &#8211; HTML"}]},{"@type":"WebSite","@id":"https:\/\/elfsight.com\/es\/#website","url":"https:\/\/elfsight.com\/es\/","name":"Elfsight ES","description":"Just another Elfsight Sites site","potentialAction":[{"@type":"SearchAction","target":{"@type":"EntryPoint","urlTemplate":"https:\/\/elfsight.com\/es\/?s={search_term_string}"},"query-input":{"@type":"PropertyValueSpecification","valueRequired":true,"valueName":"search_term_string"}}],"inLanguage":"es"}]}},"meta_box":{"industry":"","seo_heading":"","heading":"","description":"","cta_heading":"","cta_description":"","application":"2018","h1":"widget de Tabla de precios para HTML","h1_caption":"Presente sus opciones de precios de forma clara y atractiva, ayudando a los clientes a elegir el plan adecuado para sus necesidades en su sitio web HTML sin esfuerzo.","application_category":[],"applications_title":"","applications_request_title":"","applications_request_button_text":"","hero_text":"","hero_video":"","hero_video_schema_markup":"","selling_points_title":"","selling_points_caption":"","selling_points":[],"selling_points_cta_text":"","features_title":"","features":"","ed_cta_examples_text":"","ed_cta_examples_hidden":"","ed_cta_demo_text":"","ed_cta_demo_hidden":"","why_caption":"","why_editor_title":"","why_editor_text":"","why_team_title":"","why_team_text":"","why_service_title":"","why_service_text":"","template_catalog_visible":"","template_catalog_title":"","template_catalog_text":"","template_catalog_categories_visible":"","demo_title":"Crea tu widget de tabla de precios","demo_caption":"\u00a1Configure su tabla de precios y agr\u00e9guela a su sitio web HTML de forma gratuita!","default_faq_hidden":"","app_template_category":[],"platform":"70","template_public_id":"","codecanyon_url":"","codecanyon_item_id":"","codecanyon_price":"","pricing_caption":"","pricing_elfsight_apps_hide_column":"","pricing_elfsight_apps_url":"","pricing_codecanyon_price_caption":"","integration_category":[],"integration_request_title":"","integration_request_cta":"","integration_platform":"","integrations":[],"platform_category":[],"video_schema_markup":"","price":"desde $0 por mes","trial":"","benefits":[{"text":"Instalaci\u00f3n gratuita"},{"text":"Soporte Premium"},{"text":"14 d\u00edas garant\u00eda de reembolso"},{"text":"Actualizaciones regulares"}],"button_url":"#demo","button_target_blank":"0","button_nofollow":"0","attributes":[{"name":"Responsivo","content":"Si","_state":"expanded"},{"name":"Navegadores compatibles","content":"Firefox, Safari, Opera, Chrome, Edge","_state":"expanded"}],"tags":[],"tags_disable_links":"0","hide_more_platforms":"","video_object":"","demo_hide_cta":"0","demo_hide_cloud_options":"0","pricing_title":"","pricing":[{"pricing_icon":"platform","pricing_title":" Elfsight Apps","pricing_title_caption":"Soluci\u00f3n multiplataforma - valido para cualquier p\u00e1gina web","pricing_price":"desde $0 por mes","pricing_price_caption":"empezar con un plan gratuito","pricing_benefits":[{"text":"Sitios web ilimitados"},{"text":"Atenci\u00f3n al cliente gratuita y r\u00e1pida"},{"text":"Servicio de instalaci\u00f3n gratuito"},{"text":"Totalmente personalizable"}],"pricing_button_text":"Agregar al sitio web","pricing_button_url":"#demo","_state":"expanded"}],"related_apps_title":"","related_apps_hidden":"1","author":"","image":[],"title":"","job":"","social_networks":[]},"_links":{"self":[{"href":"https:\/\/elfsight.com\/es\/wp-json\/wp\/v2\/pages\/3810","targetHints":{"allow":["GET"]}}],"collection":[{"href":"https:\/\/elfsight.com\/es\/wp-json\/wp\/v2\/pages"}],"about":[{"href":"https:\/\/elfsight.com\/es\/wp-json\/wp\/v2\/types\/page"}],"author":[{"embeddable":true,"href":"https:\/\/elfsight.com\/es\/wp-json\/wp\/v2\/users\/18"}],"replies":[{"embeddable":true,"href":"https:\/\/elfsight.com\/es\/wp-json\/wp\/v2\/comments?post=3810"}],"version-history":[{"count":3,"href":"https:\/\/elfsight.com\/es\/wp-json\/wp\/v2\/pages\/3810\/revisions"}],"predecessor-version":[{"id":17968,"href":"https:\/\/elfsight.com\/es\/wp-json\/wp\/v2\/pages\/3810\/revisions\/17968"}],"up":[{"embeddable":true,"href":"https:\/\/elfsight.com\/es\/wp-json\/wp\/v2\/pages\/2019"}],"wp:attachment":[{"href":"https:\/\/elfsight.com\/es\/wp-json\/wp\/v2\/media?parent=3810"}],"curies":[{"name":"wp","href":"https:\/\/api.w.org\/{rel}","templated":true}]}}