{"id":3807,"date":"2022-02-11T12:12:13","date_gmt":"2022-02-11T12:12:13","guid":{"rendered":"https:\/\/elfsight.com\/es\/?page_id=3807"},"modified":"2025-02-06T15:14:35","modified_gmt":"2025-02-06T15:14:35","slug":"facebook","status":"publish","type":"page","link":"https:\/\/elfsight.com\/es\/popup-widget\/facebook\/","title":{"rendered":"Popup &#8211; Facebook Page"},"content":{"rendered":"<div class=\"application-platform-content-item-description application-platform-content-item\" id=\"description\" data-nav-section=\"description\"><h2>Descripci\u00f3n<\/h2><p>Usando la herramienta de Popup de Elfsight, puedes configurar tus propios pop-ups personalizados de varios tipos y agregarlos a tu p\u00e1gina. Crea un pop-up \u00fanico, a partir de diversos bloques. Cambia la interfaz y la disposici\u00f3n, elige el disparador de activaci\u00f3n y encuentra el momento adecuado para aumentar la efectividad del pop-up. Los pop-ups permitir\u00e1n a los visitantes suscribirse a tu bolet\u00edn, descubrir tus productos, copiar cupones de descuento, aprovechar ofertas y promociones especiales, recibir notificaciones sobre futuros eventos en tu p\u00e1gina y mucho m\u00e1s.<\/p><p><b>Los pop-ups te ayudar\u00e1n a vender m\u00e1s r\u00e1pido, anunciar eventos futuros, recibir impresiones y suscripciones, \u00a1y mucho m\u00e1s!<\/b><\/p><\/div> <div class=\"application-platform-content-item-features application-platform-content-item\" id=\"features\" data-nav-section=\"features\"><h2>Caracter\u00edsticas<\/h2><p>A continuaci\u00f3n, se presenta una lista de todas las caracter\u00edsticas del widget Popup. Est\u00e1n disponibles directamente en el editor y te ayudar\u00e1n a configurar el widget justo para tus necesidades.<\/p><ul><li>Doce bloques incluidos para configurar un pop-up;<\/li><li>Cinco dise\u00f1os listos para usar para diversos casos;<\/li><li>Botones para redirigir a los usuarios a cualquier direcci\u00f3n;<\/li><li>Subir una imagen para el fondo;<\/li><li>El pop-up puede activarse despu\u00e9s de un tiempo espec\u00edfico en la p\u00e1gina o de una cantidad de desplazamiento;<\/li><li>Disparadores de pop-up: hacer clic en un elemento determinado o desplazarse hacia \u00e9l.<\/li><\/ul><p><a href=\"#demo\">Revisa todas las dem\u00e1s funciones en la demostraci\u00f3n<\/a><\/p><\/div> <div class=\"application-platform-content-item-installation application-platform-content-item\" id=\"installation\" data-nav-section=\"installation\"><h2>\u00bfC\u00f3mo agregar un Popup a la pesta\u00f1a de tu p\u00e1gina de Facebook?<\/h2><p>Para integrar el producto, simplemente sigue estos pasos r\u00e1pidos:<\/p><ul><li><b>Crea tu Pop-up \u00fanico<\/b><br> Usando nuestro configurador gratuito, crea un plugin con la interfaz y funciones preferidas.<\/li><li><b>Obt\u00e9n el c\u00f3digo personal para agregar el plugin<\/b><br> Despu\u00e9s de generar tu widget, recibir\u00e1s el c\u00f3digo \u00fanico en la ventana emergente en Elfsight Apps. Cop\u00edalo.<\/li><li><b>Agrega el widget a la p\u00e1gina de Facebook<\/b><br> Crea tu pesta\u00f1a personalizada en Facebook. Inserta el c\u00f3digo que recibiste en Elfsight Apps en la pesta\u00f1a. Si tienes problemas, revisa nuestra gu\u00eda sobre <a href=\"https:\/\/elfsight.com\/blog\/how-to-add-custom-tab-to-facebook-page\/\" target=\"_blank\" rel=\"noopener noreferrer\">c\u00f3mo crear una pesta\u00f1a personalizada en Facebook<\/a><\/li><li><b>\u00a1Listo!<\/b><br> Ve a la p\u00e1gina para ver tu widget.<\/li><\/ul><p>No dudes en contactar con nuestro soporte cuando necesites ayuda o tengas preguntas. Estaremos encantados de ayudarte con cualquier consulta.<\/p><div class=\"faq\" data-component=\"FAQ\"> <div class=\"faq-item\">\r\n\t\t\t\t\t<div class=\"faq-item-question\">\r\n\t\t\t\t\t\t<h3 class=\"faq-item-question-text\">\u00bfC\u00f3mo puedo agregar un bot\u00f3n de PayPal a mi p\u00e1gina de Facebook sin conocimientos de codificaci\u00f3n?<\/h3>\r\n\r\n\t\t\t\t\t\t<div class=\"faq-item-question-icon\"><\/div>\r\n\t\t\t\t\t<\/div>\r\n\r\n\t\t\t\t\t<div class=\"faq-item-answer\">\r\n\t\t\t\t\t\t<div class=\"faq-item-answer-text\"><p>Elfsight proporciona una soluci\u00f3n SaaS que te permite crear un widget de bot\u00f3n de PayPal por ti mismo, descubre lo f\u00e1cil que es el proceso: Trabaja directamente en el Editor en l\u00ednea para crear el widget del bot\u00f3n de PayPal que deseas ver en tu p\u00e1gina web de Facebook. Elige una de las plantillas predefinidas y ajusta la configuraci\u00f3n del bot\u00f3n de PayPal, a\u00f1ade tu contenido, cambia el dise\u00f1o y los colores sin necesidad de conocimientos de codificaci\u00f3n. Guarda el bot\u00f3n de PayPal y copia su c\u00f3digo de instalaci\u00f3n, que puedes pegar f\u00e1cilmente en tu p\u00e1gina web de Facebook sin necesidad de comprar una versi\u00f3n de pago. Con nuestro Editor intuitivo, cualquier usuario de Internet puede crear un widget de bot\u00f3n de PayPal en l\u00ednea y pegarlo f\u00e1cilmente en su p\u00e1gina web de Facebook. No es necesario pagar ni ingresar los datos de tu tarjeta para acceder al servicio. Si tienes alg\u00fan problema en cualquier paso, no dudes en ponerte en contacto con nuestro equipo de soporte t\u00e9cnico.<\/p> <\/div>\r\n\t\t\t\t\t<\/div>\r\n\t\t\t\t<\/div> <\/div> <\/div>","protected":false},"excerpt":{"rendered":"","protected":false},"author":18,"featured_media":0,"parent":1488,"menu_order":0,"comment_status":"closed","ping_status":"closed","template":"templates\/template-application-platform.php","meta":{"publish_to_discourse":"","publish_post_category":"","wpdc_auto_publish_overridden":"","wpdc_topic_tags":"","wpdc_pin_topic":"","wpdc_pin_until":"","discourse_post_id":"","discourse_permalink":"","wpdc_publishing_response":"","wpdc_publishing_error":"","footnotes":""},"class_list":["post-3807","page","type-page","status-publish","hentry"],"yoast_head":"<!-- This site is optimized with the Yoast SEO plugin v25.3.1 - https:\/\/yoast.com\/wordpress\/plugins\/seo\/ -->\n<title>Popup - A\u00f1adir widget de Ventana emergente al Facebook Page<\/title>\n<meta name=\"description\" content=\"Instala un widget responsivo de Popup en su sitio web de Facebook Page. Aplique la demo de Elfsight f\u00e1cil de usar y genere su widget \u00fanico.\" \/>\n<meta name=\"robots\" content=\"index, follow, max-snippet:-1, max-image-preview:large, max-video-preview:-1\" \/>\n<link rel=\"canonical\" href=\"https:\/\/elfsight.com\/es\/popup-widget\/facebook\/\" \/>\n<meta property=\"og:locale\" content=\"es_ES\" \/>\n<meta property=\"og:type\" content=\"article\" \/>\n<meta property=\"og:title\" content=\"Popup - A\u00f1adir widget de Ventana emergente al Facebook Page\" \/>\n<meta property=\"og:description\" content=\"Instala un widget responsivo de Popup en su sitio web de Facebook Page. Aplique la demo de Elfsight f\u00e1cil de usar y genere su widget \u00fanico.\" \/>\n<meta property=\"og:url\" content=\"https:\/\/elfsight.com\/es\/popup-widget\/facebook\/\" \/>\n<meta property=\"og:site_name\" content=\"Elfsight ES\" \/>\n<meta property=\"article:modified_time\" content=\"2025-02-06T15:14:35+00:00\" \/>\n<meta name=\"twitter:card\" content=\"summary_large_image\" \/>\n<meta name=\"twitter:label1\" content=\"Tiempo de lectura\" \/>\n\t<meta name=\"twitter:data1\" content=\"2 minutos\" \/>\n<!-- \/ Yoast SEO plugin. -->","yoast_head_json":{"title":"Popup - A\u00f1adir widget de Ventana emergente al Facebook Page","description":"Instala un widget responsivo de Popup en su sitio web de Facebook Page. Aplique la demo de Elfsight f\u00e1cil de usar y genere su widget \u00fanico.","robots":{"index":"index","follow":"follow","max-snippet":"max-snippet:-1","max-image-preview":"max-image-preview:large","max-video-preview":"max-video-preview:-1"},"canonical":"https:\/\/elfsight.com\/es\/popup-widget\/facebook\/","og_locale":"es_ES","og_type":"article","og_title":"Popup - A\u00f1adir widget de Ventana emergente al Facebook Page","og_description":"Instala un widget responsivo de Popup en su sitio web de Facebook Page. Aplique la demo de Elfsight f\u00e1cil de usar y genere su widget \u00fanico.","og_url":"https:\/\/elfsight.com\/es\/popup-widget\/facebook\/","og_site_name":"Elfsight ES","article_modified_time":"2025-02-06T15:14:35+00:00","twitter_card":"summary_large_image","twitter_misc":{"Tiempo de lectura":"2 minutos"},"schema":{"@context":"https:\/\/schema.org","@graph":[{"@type":"WebPage","@id":"https:\/\/elfsight.com\/es\/popup-widget\/facebook\/","url":"https:\/\/elfsight.com\/es\/popup-widget\/facebook\/","name":"Popup - A\u00f1adir widget de Ventana emergente al Facebook Page","isPartOf":{"@id":"https:\/\/elfsight.com\/es\/#website"},"datePublished":"2022-02-11T12:12:13+00:00","dateModified":"2025-02-06T15:14:35+00:00","description":"Instala un widget responsivo de Popup en su sitio web de Facebook Page. Aplique la demo de Elfsight f\u00e1cil de usar y genere su widget \u00fanico.","breadcrumb":{"@id":"https:\/\/elfsight.com\/es\/popup-widget\/facebook\/#breadcrumb"},"inLanguage":"es","potentialAction":[{"@type":"ReadAction","target":["https:\/\/elfsight.com\/es\/popup-widget\/facebook\/"]}]},{"@type":"BreadcrumbList","@id":"https:\/\/elfsight.com\/es\/popup-widget\/facebook\/#breadcrumb","itemListElement":[{"@type":"ListItem","position":1,"name":"Home","item":"https:\/\/elfsight.com\/es\/"},{"@type":"ListItem","position":2,"name":"Popup","item":"https:\/\/elfsight.com\/es\/popup-widget\/"},{"@type":"ListItem","position":3,"name":"Popup &#8211; Facebook Page"}]},{"@type":"WebSite","@id":"https:\/\/elfsight.com\/es\/#website","url":"https:\/\/elfsight.com\/es\/","name":"Elfsight ES","description":"Just another Elfsight Sites site","potentialAction":[{"@type":"SearchAction","target":{"@type":"EntryPoint","urlTemplate":"https:\/\/elfsight.com\/es\/?s={search_term_string}"},"query-input":{"@type":"PropertyValueSpecification","valueRequired":true,"valueName":"search_term_string"}}],"inLanguage":"es"}]}},"meta_box":{"industry":"","seo_heading":"","heading":"","description":"","cta_heading":"","cta_description":"","application":"1487","h1":"Widget de ventana emergente para p\u00e1gina de Facebook","h1_caption":"Una widget a medida para presentar un %producto2% en su p\u00e1gina","application_category":[],"applications_title":"","applications_request_title":"","applications_request_button_text":"","hero_text":"","hero_video":"","hero_video_schema_markup":"","selling_points_title":"","selling_points_caption":"","selling_points":[],"selling_points_cta_text":"","features_title":"","features":"","ed_cta_examples_text":"","ed_cta_examples_hidden":"","ed_cta_demo_text":"","ed_cta_demo_hidden":"","why_caption":"","why_editor_title":"","why_editor_text":"","why_team_title":"","why_team_text":"","why_service_title":"","why_service_text":"","template_catalog_visible":"","template_catalog_title":"","template_catalog_text":"","template_catalog_categories_visible":"","demo_title":"Crea tu widget emergente","demo_caption":"\u00a1Configure su ventana emergente y agr\u00e9guela al sitio web de su p\u00e1gina de Facebook de forma gratuita!","default_faq_hidden":"","app_template_category":[],"platform":"64","template_public_id":"","codecanyon_url":"","codecanyon_item_id":"","codecanyon_price":"","pricing_caption":"","pricing_elfsight_apps_hide_column":"","pricing_elfsight_apps_url":"","pricing_codecanyon_price_caption":"","integration_category":[],"integration_request_title":"","integration_request_cta":"","integration_platform":"","integrations":[],"platform_category":[],"video_schema_markup":"","price":"desde $0 por mes","trial":"","benefits":[{"text":"Instalaci\u00f3n gratuita"},{"text":"Soporte Premium"},{"text":"14 d\u00edas garant\u00eda de reembolso"},{"text":"Actualizaciones regulares"}],"button_url":"#demo","button_target_blank":"0","button_nofollow":"0","attributes":[{"name":"Responsivo","content":"Si","_state":"expanded"},{"name":"Navegadores compatibles","content":"Firefox, Safari, Opera, Chrome, Edge","_state":"expanded"}],"tags":[],"tags_disable_links":"0","hide_more_platforms":"","video_object":"","demo_hide_cta":"0","demo_hide_cloud_options":"0","pricing_title":"","pricing":[{"pricing_icon":"platform","pricing_title":" Elfsight Apps","pricing_title_caption":"Soluci\u00f3n multiplataforma - valido para cualquier p\u00e1gina web","pricing_price":"desde $0 por mes","pricing_price_caption":"empezar con un plan gratuito","pricing_benefits":[{"text":"Sitios web ilimitados"},{"text":"Atenci\u00f3n al cliente gratuita y r\u00e1pida"},{"text":"Servicio de instalaci\u00f3n gratuito"},{"text":"Totalmente personalizable"}],"pricing_button_text":"Agregar al sitio web","pricing_button_url":"#demo","_state":"expanded"}],"related_apps_title":"","related_apps_hidden":"1","author":"","image":[],"title":"","job":"","social_networks":[]},"_links":{"self":[{"href":"https:\/\/elfsight.com\/es\/wp-json\/wp\/v2\/pages\/3807","targetHints":{"allow":["GET"]}}],"collection":[{"href":"https:\/\/elfsight.com\/es\/wp-json\/wp\/v2\/pages"}],"about":[{"href":"https:\/\/elfsight.com\/es\/wp-json\/wp\/v2\/types\/page"}],"author":[{"embeddable":true,"href":"https:\/\/elfsight.com\/es\/wp-json\/wp\/v2\/users\/18"}],"replies":[{"embeddable":true,"href":"https:\/\/elfsight.com\/es\/wp-json\/wp\/v2\/comments?post=3807"}],"version-history":[{"count":3,"href":"https:\/\/elfsight.com\/es\/wp-json\/wp\/v2\/pages\/3807\/revisions"}],"predecessor-version":[{"id":17967,"href":"https:\/\/elfsight.com\/es\/wp-json\/wp\/v2\/pages\/3807\/revisions\/17967"}],"up":[{"embeddable":true,"href":"https:\/\/elfsight.com\/es\/wp-json\/wp\/v2\/pages\/1488"}],"wp:attachment":[{"href":"https:\/\/elfsight.com\/es\/wp-json\/wp\/v2\/media?parent=3807"}],"curies":[{"name":"wp","href":"https:\/\/api.w.org\/{rel}","templated":true}]}}