{"id":3801,"date":"2022-02-11T12:12:36","date_gmt":"2022-02-11T12:12:36","guid":{"rendered":"https:\/\/elfsight.com\/es\/?page_id=3801"},"modified":"2025-02-06T15:14:35","modified_gmt":"2025-02-06T15:14:35","slug":"elementor","status":"publish","type":"page","link":"https:\/\/elfsight.com\/es\/popup-widget\/elementor\/","title":{"rendered":"Popup &#8211; Elementor"},"content":{"rendered":"<div class=\"application-platform-content-item-description application-platform-content-item\" id=\"description\" data-nav-section=\"description\"> <h2>Incrusta un Popup en Elementor con el widget de Elfsight<\/h2> <p>Con el widget Popup de Elfsight, cualquiera puede crear sus propios pop-ups personalizados de todo tipo e integrarlos en la p\u00e1gina web. Crea un popup adecuado con la ayuda de diversos componentes incluidos. Modifica la interfaz y la composici\u00f3n del complemento de Elementor; elige los activadores y ajusta la frecuencia para aumentar su eficacia. Los popups de varios tipos permiten a los usuarios suscribirse a tus correos electr\u00f3nicos, descubrir tus productos y servicios, y copiar cupones. Adem\u00e1s, el complemento brinda a los clientes la oportunidad de conocer las ventas y ofertas especiales, estar al tanto de eventos futuros en tu sitio y mucho m\u00e1s.<\/p> <p><b>Los pop-ups te ayudar\u00e1n a vender mejor, anunciar eventos planeados, recopilar impresiones y generar leads en el creador de Elementor.<\/b><\/p> <\/div><div class=\"faq\" data-component=\"FAQ\"><div class=\"faq-item\">\r\n\t\t\t\t\t<div class=\"faq-item-question\">\r\n\t\t\t\t\t\t<h3 class=\"faq-item-question-text\">\u00bfC\u00f3mo puedo incrustar un Popup en mi sitio web de Elementor?<\/h3>\r\n\r\n\t\t\t\t\t\t<div class=\"faq-item-question-icon\"><\/div>\r\n\t\t\t\t\t<\/div>\r\n\r\n\t\t\t\t\t<div class=\"faq-item-answer\">\r\n\t\t\t\t\t\t<div class=\"faq-item-answer-text\"><p>La creaci\u00f3n de la herramienta se realiza en las aplicaciones de Elfsight y no necesitas aprender a programar o utilizar el constructor de Popups de Elementor. Abre la demo activa para crear tu propia plantilla de Popup para Elementor, obt\u00e9n el c\u00f3digo e int\u00e9gralo en tu sitio.<\/p><\/div>\r\n\t\t\t\t\t<\/div>\r\n\t\t\t\t<\/div><div class=\"faq-item\">\r\n\t\t\t\t\t<div class=\"faq-item-question\">\r\n\t\t\t\t\t\t<h3 class=\"faq-item-question-text\">\u00bfCu\u00e1les son las mejores formas de utilizar una ventana emergente?<\/h3>\r\n\r\n\t\t\t\t\t\t<div class=\"faq-item-question-icon\"><\/div>\r\n\t\t\t\t\t<\/div>\r\n\r\n\t\t\t\t\t<div class=\"faq-item-answer\">\r\n\t\t\t\t\t\t<div class=\"faq-item-answer-text\"><p>Tenemos toneladas de opciones de personalizaci\u00f3n: formularios emergentes de tama\u00f1o completo para incrustar en el \u00e1rea de contenido, widgets flotantes con oportunidades de desplazamiento, dise\u00f1os para el pie de p\u00e1gina, la secci\u00f3n de encabezado y todas las variaciones de una caja emergente vertical para barras laterales y men\u00fas del sitio web. Puedes configurar el comportamiento de tu ventana emergente de Elementor con un intento de salida y otros ajustes.<\/p><\/div>\r\n\t\t\t\t\t<\/div>\r\n\t\t\t\t<\/div><div class=\"faq-item\">\r\n\t\t\t\t\t<div class=\"faq-item-question\">\r\n\t\t\t\t\t\t<h3 class=\"faq-item-question-text\">\u00bfExiste una opci\u00f3n para crear un Popup de intenci\u00f3n de salida o de ventas a trav\u00e9s del editor?<\/h3>\r\n\r\n\t\t\t\t\t\t<div class=\"faq-item-question-icon\"><\/div>\r\n\t\t\t\t\t<\/div>\r\n\r\n\t\t\t\t\t<div class=\"faq-item-answer\">\r\n\t\t\t\t\t\t<div class=\"faq-item-answer-text\"><p>Claro que s\u00ed. Puedes crear cualquier variaci\u00f3n de widget. Hay muchas opciones de dise\u00f1o de formularios en el editor, y todas ellas se pueden personalizar r\u00e1pidamente como desees. Adem\u00e1s, puedes abrir el popup de Elementor al hacer clic en un bot\u00f3n.<\/p><\/div>\r\n\t\t\t\t\t<\/div>\r\n\t\t\t\t<\/div><div class=\"faq-item\">\r\n\t\t\t\t\t<div class=\"faq-item-question\">\r\n\t\t\t\t\t\t<h3 class=\"faq-item-question-text\">\u00bfC\u00f3mo crear un popup de video en Elementor?<\/h3>\r\n\r\n\t\t\t\t\t\t<div class=\"faq-item-question-icon\"><\/div>\r\n\t\t\t\t\t<\/div>\r\n\r\n\t\t\t\t\t<div class=\"faq-item-answer\">\r\n\t\t\t\t\t\t<div class=\"faq-item-answer-text\"><p>Puedes crear f\u00e1cilmente un popup de video con la ayuda del widget de Elfsight. As\u00ed es c\u00f3mo:<\/p><ol><li>Inicia sesi\u00f3n en Elfsight Apps y busca el widget Popup en la lista.<\/li><li>Selecciona tu plantilla favorita.<\/li><li>A\u00f1ade un bloque de video en la secci\u00f3n de Constructor.<\/li><li>Guarda los cambios y copia el c\u00f3digo de instalaci\u00f3n.<\/li><li>Pega este c\u00f3digo en el pie de p\u00e1gina o encabezado del sitio web.<\/li><\/ol><p>\u00a1Eso es todo! Ahora has a\u00f1adido un video a Elementor.<\/p><\/div>\r\n\t\t\t\t\t<\/div>\r\n\t\t\t\t<\/div><div class=\"faq-item\">\r\n\t\t\t\t\t<div class=\"faq-item-question\">\r\n\t\t\t\t\t\t<h3 class=\"faq-item-question-text\">\u00bfC\u00f3mo crear un popup de imagen en Elementor?<\/h3>\r\n\r\n\t\t\t\t\t\t<div class=\"faq-item-question-icon\"><\/div>\r\n\t\t\t\t\t<\/div>\r\n\r\n\t\t\t\t\t<div class=\"faq-item-answer\">\r\n\t\t\t\t\t\t<div class=\"faq-item-answer-text\"><p>Puedes crear f\u00e1cilmente un popup de imagen con la ayuda del widget de Elfsight. As\u00ed es c\u00f3mo:<\/p><ol><li>Inicia sesi\u00f3n en Elfsight Apps y busca el widget Popup en la lista.<\/li><li>Elige una plantilla.<\/li><li>A\u00f1ade un bloque de imagen en la secci\u00f3n de Constructor.<\/li><li>Guarda los cambios y copia el c\u00f3digo de instalaci\u00f3n.<\/li><li>Pega el c\u00f3digo del popup de imagen de Elementor en el pie de p\u00e1gina o encabezado del sitio web.<\/li><\/ol><p>\u00a1Eso es todo! Ahora has a\u00f1adido una imagen al complemento de Elementor.<\/p><\/div>\r\n\t\t\t\t\t<\/div>\r\n\t\t\t\t<\/div><\/div><div class=\"application-platform-content-item-features application-platform-content-item\" id=\"features\" data-nav-section=\"features\"> <h2>Caracter\u00edsticas principales del plugin de Popup<\/h2> <p>Consulta todas las funciones del widget de caja emergente de Elementor. Est\u00e1n disponibles directamente en el editor y te ayudar\u00e1n a configurar el widget de acuerdo a tus necesidades.<\/p> <ul><li>12 componentes disponibles para construir un popup<\/li> <li>5 dise\u00f1os emergentes listos para usar para diferentes casos<\/li> <li>Coloca botones para llevar a los visitantes a cualquier direcci\u00f3n<\/li> <li>Sube una imagen para el fondo de la caja de Elementor<\/li> <li>El popup puede aparecer despu\u00e9s de un cierto tiempo o porcentaje de desplazamiento de la p\u00e1gina<\/li> <li>Activadores de popup: abrir popup al hacer clic en un bot\u00f3n o desplazarse hacia \u00e9l<\/li> <\/ul> <p><a href=\"#demo\">Prueba todas las dem\u00e1s funciones en la demo<\/a><\/p> <\/div><div class=\"application-platform-content-item-installation application-platform-content-item\" id=\"installation\" data-nav-section=\"installation\"><h2>\u00bfC\u00f3mo agregar un Popup Marker a mi sitio web de Elementor?<\/h2> <div class=\"video-container\"><iframe width=\"720\" height=\"405\" src=\"https:\/\/www.youtube.com\/embed\/1Ti0LkMwpNQ\" frameborder=\"0\" allowfullscreen=\"\"><\/iframe><\/div><p>Para incrustar el widget, simplemente sigue las pautas a continuaci\u00f3n<\/p> <ol><li><b>Crea tu widget Popup personalizado<\/b><br> Usando nuestro configurador gratuito, crea un plugin con el dise\u00f1o y las funciones que prefieras.<\/li><li><b>Obt\u00e9n el c\u00f3digo individual para incrustar el widget<\/b><br> Despu\u00e9s de crear tu plugin, obtendr\u00e1s el c\u00f3digo \u00fanico en la ventana que aparece en Elfsight Apps. Copia el c\u00f3digo para su uso posterior.<\/li> <li><b>Muestra el widget en tu sitio de Elementor<\/b><br> Ve al lugar donde planeas incrustar el plugin y pega el c\u00f3digo copiado all\u00ed. Publica los resultados.<\/li> <li><b>\u00a1Listo! El popup modal de Elementor ya est\u00e1 en funcionamiento.<\/b><br> Ingresa el nombre del sitio web para ver tu popup. Despu\u00e9s, puedes editar el widget en Elfsight Apps cuando lo desees: los cambios se reflejar\u00e1n autom\u00e1ticamente en el sitio web.<\/li> <\/ol><p>Puedes ponerte en contacto con nuestro servicio de atenci\u00f3n al cliente cuando necesites ayuda con tu formulario emergente de Elementor. Nuestros especialistas estar\u00e1n encantados de ayudarte con cualquier pregunta sobre la plantilla.<\/p> <\/div>","protected":false},"excerpt":{"rendered":"","protected":false},"author":9,"featured_media":0,"parent":1488,"menu_order":0,"comment_status":"closed","ping_status":"closed","template":"templates\/template-application-platform.php","meta":{"publish_to_discourse":"","publish_post_category":"","wpdc_auto_publish_overridden":"","wpdc_topic_tags":"","wpdc_pin_topic":"","wpdc_pin_until":"","discourse_post_id":"","discourse_permalink":"","wpdc_publishing_response":"","wpdc_publishing_error":"","footnotes":""},"class_list":["post-3801","page","type-page","status-publish","hentry"],"yoast_head":"<!-- This site is optimized with the Yoast SEO plugin v25.3.1 - https:\/\/yoast.com\/wordpress\/plugins\/seo\/ -->\n<title>Popup - Embeber plugin de Ventana emergente al Elementor<\/title>\n<meta name=\"description\" content=\"A\u00f1ade un widget atractivo de Popup en su sitio de Elementor. Pruebe la demo de Elfsight manejable y construe su plugin personalizado.\" \/>\n<meta name=\"robots\" content=\"index, follow, max-snippet:-1, max-image-preview:large, max-video-preview:-1\" \/>\n<link rel=\"canonical\" href=\"https:\/\/elfsight.com\/es\/popup-widget\/elementor\/\" \/>\n<meta property=\"og:locale\" content=\"es_ES\" \/>\n<meta property=\"og:type\" content=\"article\" \/>\n<meta property=\"og:title\" content=\"Popup - Embeber plugin de Ventana emergente al Elementor\" \/>\n<meta property=\"og:description\" content=\"A\u00f1ade un widget atractivo de Popup en su sitio de Elementor. Pruebe la demo de Elfsight manejable y construe su plugin personalizado.\" \/>\n<meta property=\"og:url\" content=\"https:\/\/elfsight.com\/es\/popup-widget\/elementor\/\" \/>\n<meta property=\"og:site_name\" content=\"Elfsight ES\" \/>\n<meta property=\"article:modified_time\" content=\"2025-02-06T15:14:35+00:00\" \/>\n<meta name=\"twitter:card\" content=\"summary_large_image\" \/>\n<meta name=\"twitter:label1\" content=\"Tiempo de lectura\" \/>\n\t<meta name=\"twitter:data1\" content=\"4 minutos\" \/>\n<!-- \/ Yoast SEO plugin. -->","yoast_head_json":{"title":"Popup - Embeber plugin de Ventana emergente al Elementor","description":"A\u00f1ade un widget atractivo de Popup en su sitio de Elementor. Pruebe la demo de Elfsight manejable y construe su plugin personalizado.","robots":{"index":"index","follow":"follow","max-snippet":"max-snippet:-1","max-image-preview":"max-image-preview:large","max-video-preview":"max-video-preview:-1"},"canonical":"https:\/\/elfsight.com\/es\/popup-widget\/elementor\/","og_locale":"es_ES","og_type":"article","og_title":"Popup - Embeber plugin de Ventana emergente al Elementor","og_description":"A\u00f1ade un widget atractivo de Popup en su sitio de Elementor. Pruebe la demo de Elfsight manejable y construe su plugin personalizado.","og_url":"https:\/\/elfsight.com\/es\/popup-widget\/elementor\/","og_site_name":"Elfsight ES","article_modified_time":"2025-02-06T15:14:35+00:00","twitter_card":"summary_large_image","twitter_misc":{"Tiempo de lectura":"4 minutos"},"schema":{"@context":"https:\/\/schema.org","@graph":[{"@type":"WebPage","@id":"https:\/\/elfsight.com\/es\/popup-widget\/elementor\/","url":"https:\/\/elfsight.com\/es\/popup-widget\/elementor\/","name":"Popup - Embeber plugin de Ventana emergente al Elementor","isPartOf":{"@id":"https:\/\/elfsight.com\/es\/#website"},"datePublished":"2022-02-11T12:12:36+00:00","dateModified":"2025-02-06T15:14:35+00:00","description":"A\u00f1ade un widget atractivo de Popup en su sitio de Elementor. Pruebe la demo de Elfsight manejable y construe su plugin personalizado.","breadcrumb":{"@id":"https:\/\/elfsight.com\/es\/popup-widget\/elementor\/#breadcrumb"},"inLanguage":"es","potentialAction":[{"@type":"ReadAction","target":["https:\/\/elfsight.com\/es\/popup-widget\/elementor\/"]}]},{"@type":"BreadcrumbList","@id":"https:\/\/elfsight.com\/es\/popup-widget\/elementor\/#breadcrumb","itemListElement":[{"@type":"ListItem","position":1,"name":"Home","item":"https:\/\/elfsight.com\/es\/"},{"@type":"ListItem","position":2,"name":"Popup","item":"https:\/\/elfsight.com\/es\/popup-widget\/"},{"@type":"ListItem","position":3,"name":"Popup &#8211; Elementor"}]},{"@type":"WebSite","@id":"https:\/\/elfsight.com\/es\/#website","url":"https:\/\/elfsight.com\/es\/","name":"Elfsight ES","description":"Just another Elfsight Sites site","potentialAction":[{"@type":"SearchAction","target":{"@type":"EntryPoint","urlTemplate":"https:\/\/elfsight.com\/es\/?s={search_term_string}"},"query-input":{"@type":"PropertyValueSpecification","valueRequired":true,"valueName":"search_term_string"}}],"inLanguage":"es"}]}},"meta_box":{"industry":"","seo_heading":"","heading":"","description":"","cta_heading":"","cta_description":"","application":"1487","h1":"complemento de ventana emergente para Elementor","h1_caption":"Una widget avanzada para mostrar un %producto2% en su sitio web","application_category":[],"applications_title":"","applications_request_title":"","applications_request_button_text":"","hero_text":"","hero_video":"","hero_video_schema_markup":"","selling_points_title":"","selling_points_caption":"","selling_points":[],"selling_points_cta_text":"","features_title":"","features":"","ed_cta_examples_text":"","ed_cta_examples_hidden":"","ed_cta_demo_text":"","ed_cta_demo_hidden":"","why_caption":"","why_editor_title":"","why_editor_text":"","why_team_title":"","why_team_text":"","why_service_title":"","why_service_text":"","template_catalog_visible":"0","template_catalog_title":"","template_catalog_text":"","template_catalog_categories_visible":"","demo_title":"Crea tu widget emergente","demo_caption":"\u00a1Configure su ventana emergente y agr\u00e9guela a su sitio web de Elementor gratis!","default_faq_hidden":"","app_template_category":[],"platform":"58","template_public_id":"","codecanyon_url":"","codecanyon_item_id":"","codecanyon_price":"","pricing_caption":"","pricing_elfsight_apps_hide_column":"","pricing_elfsight_apps_url":"","pricing_codecanyon_price_caption":"","integration_category":[],"integration_request_title":"","integration_request_cta":"","integration_platform":"","integrations":[],"platform_category":[],"video_schema_markup":"","price":"desde $0 por mes","trial":"","benefits":[{"text":"Instalaci\u00f3n gratuita"},{"text":"Soporte Premium"},{"text":"14 d\u00edas garant\u00eda de reembolso"},{"text":"Actualizaciones regulares"}],"button_url":"#demo","button_target_blank":"0","button_nofollow":"0","attributes":[{"name":"Responsivo","content":"Si","_state":"expanded"},{"name":"Navegadores compatibles","content":"Firefox, Safari, Opera, Chrome, Edge","_state":"expanded"}],"tags":[],"tags_disable_links":"0","hide_more_platforms":"","video_object":"","demo_hide_cta":"0","demo_hide_cloud_options":"0","pricing_title":"","pricing":[{"pricing_icon":"platform","pricing_title":" Elfsight Apps","pricing_title_caption":"Soluci\u00f3n multiplataforma - valido para cualquier p\u00e1gina web","pricing_price":"desde $0 por mes","pricing_price_caption":"empezar con un plan gratuito","pricing_benefits":[{"text":"Sitios web ilimitados"},{"text":"Atenci\u00f3n al cliente gratuita y r\u00e1pida"},{"text":"Servicio de instalaci\u00f3n gratuito"},{"text":"Totalmente personalizable"}],"pricing_button_text":"Agregar al sitio web","pricing_button_url":"#demo","_state":"expanded"}],"related_apps_title":"","related_apps_hidden":"1","author":"","image":[],"title":"","job":"","social_networks":[]},"_links":{"self":[{"href":"https:\/\/elfsight.com\/es\/wp-json\/wp\/v2\/pages\/3801","targetHints":{"allow":["GET"]}}],"collection":[{"href":"https:\/\/elfsight.com\/es\/wp-json\/wp\/v2\/pages"}],"about":[{"href":"https:\/\/elfsight.com\/es\/wp-json\/wp\/v2\/types\/page"}],"author":[{"embeddable":true,"href":"https:\/\/elfsight.com\/es\/wp-json\/wp\/v2\/users\/9"}],"replies":[{"embeddable":true,"href":"https:\/\/elfsight.com\/es\/wp-json\/wp\/v2\/comments?post=3801"}],"version-history":[{"count":2,"href":"https:\/\/elfsight.com\/es\/wp-json\/wp\/v2\/pages\/3801\/revisions"}],"predecessor-version":[{"id":16111,"href":"https:\/\/elfsight.com\/es\/wp-json\/wp\/v2\/pages\/3801\/revisions\/16111"}],"up":[{"embeddable":true,"href":"https:\/\/elfsight.com\/es\/wp-json\/wp\/v2\/pages\/1488"}],"wp:attachment":[{"href":"https:\/\/elfsight.com\/es\/wp-json\/wp\/v2\/media?parent=3801"}],"curies":[{"name":"wp","href":"https:\/\/api.w.org\/{rel}","templated":true}]}}