{"id":3800,"date":"2022-02-11T12:12:42","date_gmt":"2022-02-11T12:12:42","guid":{"rendered":"https:\/\/elfsight.com\/es\/?page_id=3800"},"modified":"2025-02-06T15:14:27","modified_gmt":"2025-02-06T15:14:27","slug":"bigcommerce","status":"publish","type":"page","link":"https:\/\/elfsight.com\/es\/number-counter-widget\/bigcommerce\/","title":{"rendered":"Number Counter &#8211; BigCommerce"},"content":{"rendered":"<div class=\"application-platform-content-item-description application-platform-content-item\" id=\"description\" data-nav-section=\"description\"> <h2>Descripci\u00f3n<\/h2> <p>Elfsight Number Counter es una aplicaci\u00f3n conveniente para BigCommerce con muchas caracter\u00edsticas para elegir. Es una excelente herramienta para mostrar tus \u00edndices de negocio m\u00e1s destacados, la cantidad de trabajos que has realizado y mucho m\u00e1s. La aplicaci\u00f3n es excepcionalmente flexible. Si\u00e9ntete libre de crear una cantidad ilimitada de contadores, configurarlos en columnas, elegir iconos de nuestra colecci\u00f3n o cargar los tuyos propios, hacerlos multicolores o de un solo color, adjuntar t\u00edtulos para proporcionar a tu audiencia informaci\u00f3n f\u00e1cilmente comprensible, repintar cualquier elemento, elegir la imagen de fondo, \u00a1y mucho m\u00e1s! Empieza a crear tu caracter\u00edstica ahora y observa c\u00f3mo crecen r\u00e1pidamente tus estad\u00edsticas de negocio principales.<\/p> <p><b>Muestra tus resultados notables a tus futuros clientes. \u00a1Aumenta la cantidad de ventas exitosas y clientes potenciales!<\/b><\/p> <\/div> <div class=\"application-platform-content-item-features application-platform-content-item\" id=\"features\" data-nav-section=\"features\"> <h2>Las caracter\u00edsticas b\u00e1sicas del widget incluyen<\/h2> <ul><li>Cualquier cantidad de contadores.<\/li><li>Cualquier cantidad de columnas.<\/li><li>Agregar t\u00edtulos, encabezados, prefijos y sufijos.<\/li><li>Elegir el tipo de icono: tomarlo de nuestra biblioteca o cargar el tuyo.<\/li><li>Adjuntar enlaces.<\/li><\/ul><p><a href=\"#demo\">Prueba esta demo para ver el valor del widget<\/a><\/p> <\/div> <div class=\"application-platform-content-item-installation application-platform-content-item\" id=\"installation\" data-nav-section=\"installation\"> <h2>\u00bfC\u00f3mo puedo agregar el Number Counter a mi sitio de BigCommerce?<\/h2><div class=\"video-container\"><iframe width=\"720\" height=\"405\" src=\"https:\/\/www.youtube.com\/embed\/JMH0nrsms1k\" frameborder=\"0\" allowfullscreen=\"\"><\/iframe><\/div><p>Solo sigue las pautas a continuaci\u00f3n para activar la aplicaci\u00f3n.<\/p> <ol><li><b>Realiza nuestro configurador gratuito y comienza a crear tu contador personalizado.<\/b><br> Especifica la forma y los aspectos preferidos del widget y guarda todos los cambios.<\/li>  <li><b>Obt\u00e9n el c\u00f3digo individual mostrado en la caja de Elfsight Apps.<\/b><br> Cuando termines de configurar tu widget, copia tu c\u00f3digo en la ventana que aparecer\u00e1 y gu\u00e1rdalo para su uso posterior.<\/li>  <li><b>Inicia el uso del widget en la p\u00e1gina de BigCommerce.<\/b><br> Agrega el c\u00f3digo guardado previamente en tu sitio y aplica los cambios.<\/li>  <li><b>\u00a1Listo! La configuraci\u00f3n est\u00e1 completamente realizada.<\/b><br> Ve a tu sitio para verificar el funcionamiento del widget.<\/li><\/ol><p>Si tienes preguntas o encuentras alguna dificultad, no dudes en ponerte en contacto con nuestro servicio de atenci\u00f3n al cliente. Nuestros especialistas est\u00e1n listos para ayudarte con cualquier problema que puedas tener con la herramienta.<\/p> <div class=\"faq\" data-component=\"FAQ\"><div class=\"faq-item\">\r\n\t\t\t\t\t<div class=\"faq-item-question\">\r\n\t\t\t\t\t\t<h3 class=\"faq-item-question-text\">\u00bfC\u00f3mo puedo agregar el Number Counter a mi p\u00e1gina de inicio de BigCommerce sin conocimientos de programaci\u00f3n?<\/h3>\r\n\r\n\t\t\t\t\t\t<div class=\"faq-item-question-icon\"><\/div>\r\n\t\t\t\t\t<\/div>\r\n\r\n\t\t\t\t\t<div class=\"faq-item-answer\">\r\n\t\t\t\t\t\t<div class=\"faq-item-answer-text\"> <p>La empresa Elfsight ofrece una soluci\u00f3n en la nube que permite a una amplia audiencia crear una secci\u00f3n de Number Counter por s\u00ed mismos, sigue los sencillos pasos: Ve al Editor en vivo para crear el plugin de Number Counter que deseas incrustar en el sitio web de BigCommerce. Elige una de nuestras plantillas predise\u00f1adas y ajusta la configuraci\u00f3n de Number Counter, actualiza tu contenido, cambia el dise\u00f1o y los colores sin conocimientos de programaci\u00f3n. Haz clic en guardar la configuraci\u00f3n que has realizado en Number Counter y obt\u00e9n el c\u00f3digo de instalaci\u00f3n, que puede ser f\u00e1cilmente agregado a la p\u00e1gina de inicio de BigCommerce de forma gratuita. Con la ayuda del Editor f\u00e1cil de usar, cualquier usuario de Internet puede crear un widget de Number Counter y agregarlo f\u00e1cilmente a su sitio de BigCommerce. No es necesario obtener una suscripci\u00f3n de pago ni proporcionar los datos de tu tarjeta para acceder al servicio de Elfsight. Si encuentras cualquier obst\u00e1culo, no dudes en ponerte en contacto con nuestro soporte al cliente.<\/p> <\/div>\r\n\t\t\t\t\t<\/div>\r\n\t\t\t\t<\/div> <\/div><\/div>","protected":false},"excerpt":{"rendered":"","protected":false},"author":18,"featured_media":0,"parent":1135,"menu_order":0,"comment_status":"closed","ping_status":"closed","template":"templates\/template-application-platform.php","meta":{"publish_to_discourse":"","publish_post_category":"","wpdc_auto_publish_overridden":"","wpdc_topic_tags":"","wpdc_pin_topic":"","wpdc_pin_until":"","discourse_post_id":"","discourse_permalink":"","wpdc_publishing_response":"","wpdc_publishing_error":"","footnotes":""},"class_list":["post-3800","page","type-page","status-publish","hentry"],"yoast_head":"<!-- This site is optimized with the Yoast SEO plugin v25.3.1 - https:\/\/yoast.com\/wordpress\/plugins\/seo\/ -->\n<title>Contador de n\u00fameros - Agregar app de Contador al BigCommerce<\/title>\n<meta name=\"description\" content=\"Instala un plugin interactivo de Contador de n\u00fameros en su sitio web de BigCommerce. Pruebe la demo de Elfsight intuitiva y construe su app personalizado.\" \/>\n<meta name=\"robots\" content=\"index, follow, max-snippet:-1, max-image-preview:large, max-video-preview:-1\" \/>\n<link rel=\"canonical\" href=\"https:\/\/elfsight.com\/es\/number-counter-widget\/bigcommerce\/\" \/>\n<meta property=\"og:locale\" content=\"es_ES\" \/>\n<meta property=\"og:type\" content=\"article\" \/>\n<meta property=\"og:title\" content=\"Contador de n\u00fameros - Agregar app de Contador al BigCommerce\" \/>\n<meta property=\"og:description\" content=\"Instala un plugin interactivo de Contador de n\u00fameros en su sitio web de BigCommerce. Pruebe la demo de Elfsight intuitiva y construe su app personalizado.\" \/>\n<meta property=\"og:url\" content=\"https:\/\/elfsight.com\/es\/number-counter-widget\/bigcommerce\/\" \/>\n<meta property=\"og:site_name\" content=\"Elfsight ES\" \/>\n<meta property=\"article:modified_time\" content=\"2025-02-06T15:14:27+00:00\" \/>\n<meta name=\"twitter:card\" content=\"summary_large_image\" \/>\n<meta name=\"twitter:label1\" content=\"Tiempo de lectura\" \/>\n\t<meta name=\"twitter:data1\" content=\"1 minuto\" \/>\n<!-- \/ Yoast SEO plugin. -->","yoast_head_json":{"title":"Contador de n\u00fameros - Agregar app de Contador al BigCommerce","description":"Instala un plugin interactivo de Contador de n\u00fameros en su sitio web de BigCommerce. Pruebe la demo de Elfsight intuitiva y construe su app personalizado.","robots":{"index":"index","follow":"follow","max-snippet":"max-snippet:-1","max-image-preview":"max-image-preview:large","max-video-preview":"max-video-preview:-1"},"canonical":"https:\/\/elfsight.com\/es\/number-counter-widget\/bigcommerce\/","og_locale":"es_ES","og_type":"article","og_title":"Contador de n\u00fameros - Agregar app de Contador al BigCommerce","og_description":"Instala un plugin interactivo de Contador de n\u00fameros en su sitio web de BigCommerce. Pruebe la demo de Elfsight intuitiva y construe su app personalizado.","og_url":"https:\/\/elfsight.com\/es\/number-counter-widget\/bigcommerce\/","og_site_name":"Elfsight ES","article_modified_time":"2025-02-06T15:14:27+00:00","twitter_card":"summary_large_image","twitter_misc":{"Tiempo de lectura":"1 minuto"},"schema":{"@context":"https:\/\/schema.org","@graph":[{"@type":"WebPage","@id":"https:\/\/elfsight.com\/es\/number-counter-widget\/bigcommerce\/","url":"https:\/\/elfsight.com\/es\/number-counter-widget\/bigcommerce\/","name":"Contador de n\u00fameros - Agregar app de Contador al BigCommerce","isPartOf":{"@id":"https:\/\/elfsight.com\/es\/#website"},"datePublished":"2022-02-11T12:12:42+00:00","dateModified":"2025-02-06T15:14:27+00:00","description":"Instala un plugin interactivo de Contador de n\u00fameros en su sitio web de BigCommerce. Pruebe la demo de Elfsight intuitiva y construe su app personalizado.","breadcrumb":{"@id":"https:\/\/elfsight.com\/es\/number-counter-widget\/bigcommerce\/#breadcrumb"},"inLanguage":"es","potentialAction":[{"@type":"ReadAction","target":["https:\/\/elfsight.com\/es\/number-counter-widget\/bigcommerce\/"]}]},{"@type":"BreadcrumbList","@id":"https:\/\/elfsight.com\/es\/number-counter-widget\/bigcommerce\/#breadcrumb","itemListElement":[{"@type":"ListItem","position":1,"name":"Home","item":"https:\/\/elfsight.com\/es\/"},{"@type":"ListItem","position":2,"name":"Number Counter","item":"https:\/\/elfsight.com\/es\/number-counter-widget\/"},{"@type":"ListItem","position":3,"name":"Number Counter &#8211; BigCommerce"}]},{"@type":"WebSite","@id":"https:\/\/elfsight.com\/es\/#website","url":"https:\/\/elfsight.com\/es\/","name":"Elfsight ES","description":"Just another Elfsight Sites site","potentialAction":[{"@type":"SearchAction","target":{"@type":"EntryPoint","urlTemplate":"https:\/\/elfsight.com\/es\/?s={search_term_string}"},"query-input":{"@type":"PropertyValueSpecification","valueRequired":true,"valueName":"search_term_string"}}],"inLanguage":"es"}]}},"meta_box":{"industry":"","seo_heading":"","heading":"","description":"","cta_heading":"","cta_description":"","application":"1134","h1":"aplicaci\u00f3n de Contador de n\u00fameros para BigCommerce","h1_caption":"Muestre estad\u00edsticas e hitos clave con contadores animados para resaltar sus logros de una manera atractiva en su sitio web de BigCommerce sin esfuerzo.","application_category":[],"applications_title":"","applications_request_title":"","applications_request_button_text":"","hero_text":"","hero_video":"","hero_video_schema_markup":"","selling_points_title":"","selling_points_caption":"","selling_points":[],"selling_points_cta_text":"","features_title":"","features":"","ed_cta_examples_text":"","ed_cta_examples_hidden":"","ed_cta_demo_text":"","ed_cta_demo_hidden":"","why_caption":"","why_editor_title":"","why_editor_text":"","why_team_title":"","why_team_text":"","why_service_title":"","why_service_text":"","template_catalog_visible":"","template_catalog_title":"","template_catalog_text":"","template_catalog_categories_visible":"","demo_title":"Crea tu aplicaci\u00f3n Contador de N\u00fameros","demo_caption":"\u00a1Configure su contador de n\u00fameros y agr\u00e9guelo a su sitio web de BigCommerce gratis!","default_faq_hidden":"","app_template_category":[],"platform":"33","template_public_id":"","codecanyon_url":"","codecanyon_item_id":"","codecanyon_price":"","pricing_caption":"","pricing_elfsight_apps_hide_column":"","pricing_elfsight_apps_url":"","pricing_codecanyon_price_caption":"","integration_category":[],"integration_request_title":"","integration_request_cta":"","integration_platform":"","integrations":[],"platform_category":[],"video_schema_markup":"","price":"desde $0 por mes","trial":"","benefits":[{"text":"Instalaci\u00f3n gratuita"},{"text":"Soporte Premium"},{"text":"14 d\u00edas garant\u00eda de reembolso"},{"text":"Actualizaciones regulares"}],"button_url":"#demo","button_target_blank":"0","button_nofollow":"0","attributes":[{"name":"Responsivo","content":"Si","_state":"expanded"},{"name":"Navegadores compatibles","content":"Firefox, Safari, Opera, Chrome, Edge","_state":"expanded"}],"tags":[],"tags_disable_links":"0","hide_more_platforms":"","video_object":"","demo_hide_cta":"0","demo_hide_cloud_options":"0","pricing_title":"","pricing":[{"pricing_icon":"platform","pricing_title":" Elfsight Apps","pricing_title_caption":"Soluci\u00f3n multiplataforma - valido para cualquier p\u00e1gina web","pricing_price":"desde $0 por mes","pricing_price_caption":"empezar con un plan gratuito","pricing_benefits":[{"text":"Sitios web ilimitados"},{"text":"Atenci\u00f3n al cliente gratuita y r\u00e1pida"},{"text":"Servicio de instalaci\u00f3n gratuito"},{"text":"Totalmente personalizable"}],"pricing_button_text":"Agregar al sitio web","pricing_button_url":"#demo","_state":"expanded"}],"related_apps_title":"","related_apps_hidden":"1","author":"","image":[],"title":"","job":"","social_networks":[]},"_links":{"self":[{"href":"https:\/\/elfsight.com\/es\/wp-json\/wp\/v2\/pages\/3800","targetHints":{"allow":["GET"]}}],"collection":[{"href":"https:\/\/elfsight.com\/es\/wp-json\/wp\/v2\/pages"}],"about":[{"href":"https:\/\/elfsight.com\/es\/wp-json\/wp\/v2\/types\/page"}],"author":[{"embeddable":true,"href":"https:\/\/elfsight.com\/es\/wp-json\/wp\/v2\/users\/18"}],"replies":[{"embeddable":true,"href":"https:\/\/elfsight.com\/es\/wp-json\/wp\/v2\/comments?post=3800"}],"version-history":[{"count":3,"href":"https:\/\/elfsight.com\/es\/wp-json\/wp\/v2\/pages\/3800\/revisions"}],"predecessor-version":[{"id":17964,"href":"https:\/\/elfsight.com\/es\/wp-json\/wp\/v2\/pages\/3800\/revisions\/17964"}],"up":[{"embeddable":true,"href":"https:\/\/elfsight.com\/es\/wp-json\/wp\/v2\/pages\/1135"}],"wp:attachment":[{"href":"https:\/\/elfsight.com\/es\/wp-json\/wp\/v2\/media?parent=3800"}],"curies":[{"name":"wp","href":"https:\/\/api.w.org\/{rel}","templated":true}]}}