{"id":3792,"date":"2022-02-11T12:12:57","date_gmt":"2022-02-11T12:12:57","guid":{"rendered":"https:\/\/elfsight.com\/es\/?page_id=3792"},"modified":"2025-02-06T15:14:27","modified_gmt":"2025-02-06T15:14:27","slug":"drupal","status":"publish","type":"page","link":"https:\/\/elfsight.com\/es\/popup-widget\/drupal\/","title":{"rendered":"Popup &#8211; Drupal"},"content":{"rendered":"<div class=\"application-platform-content-item-description application-platform-content-item\" id=\"description\" data-nav-section=\"description\"> <h2>Aplicando el m\u00f3dulo Popup de Elfsight<\/h2> <p>Aplicando el m\u00f3dulo Popup de Elfsight, tienes la oportunidad de crear tus propios popups personalizados de diversos tipos y mostrarlos en tu sitio web. Construye un popup aut\u00e9ntico, con diferentes tipos de bloques. Ajusta el dise\u00f1o y la ubicaci\u00f3n; elige el desencadenante de apertura y determina la frecuencia para mejorar la eficiencia del popup. Los popups de diferentes tipos permiten a las personas suscribirse a correos electr\u00f3nicos, conocer tus productos o servicios, usar cupones de descuento, aprovechar tus ventas y ofertas especiales, enterarse de eventos futuros en tu sitio web y mucho m\u00e1s.<\/p><p><b>\u00a1Los popups te permitir\u00e1n vender m\u00e1s, anunciar actividades futuras, recibir comentarios y suscripciones, y mucho m\u00e1s!<\/b><\/p> <\/div><div class=\"application-platform-content-item-features application-platform-content-item\" id=\"features\" data-nav-section=\"features\"> <h2>Caracter\u00edsticas principales del m\u00f3dulo Popup<\/h2> <p>Aqu\u00ed puedes ver todas las caracter\u00edsticas funcionales del widget. Puedes ajustarlas directamente en el editor y te ayudar\u00e1n a configurar el widget m\u00e1s adecuado para tu sitio Drupal.<\/p> <ul><li>Doce elementos incluidos para construir un popup;<\/li> <li>5 dise\u00f1os de popup incluidos para casos variados;<\/li> <li>Agregar botones para redirigir a cualquier direcci\u00f3n;<\/li> <li>Cargar una imagen para el fondo del popup;<\/li> <li>El popup se puede activar despu\u00e9s de un tiempo determinado en la p\u00e1gina web o porcentaje de desplazamiento;<\/li> <li>Activar el popup al hacer clic en un determinado elemento de la p\u00e1gina o desplazarse hacia \u00e9l.<\/li> <li>Puedes agregar un popup de formulario web a Drupal en pocos segundos.<\/li><\/ul> <p><a href=\"#demo\">Ver todas las caracter\u00edsticas del popup en nuestro demo<\/a><\/p> <\/div><div class=\"application-platform-content-item-installation application-platform-content-item\" id=\"installation\" data-nav-section=\"installation\"><h2>\u00bfC\u00f3mo agregar el m\u00f3dulo Popup a mi sitio Drupal?<\/h2><div class=\"video-container\"><iframe width=\"720\" height=\"405\" src=\"https:\/\/www.youtube.com\/embed\/Itm9A8V1q3s\" frameborder=\"0\" allowfullscreen=\"\"><\/iframe><\/div><p>Sigue estos pasos a continuaci\u00f3n para integrar el m\u00f3dulo de formulario web en Drupal.<\/p> <ol><li><b>Utiliza nuestro configurador gratuito y comienza a crear tu widget personalizado.<\/b><br> Determina el dise\u00f1o y las caracter\u00edsticas adecuadas del popup de formulario web y aplica las modificaciones.<\/li> <li><b>Copia el c\u00f3digo \u00fanico del popup que aparece en Elfsight Apps.<\/b><br> Despu\u00e9s de completar la creaci\u00f3n de tu widget Popup, copia el c\u00f3digo personal que aparecer\u00e1 en el cuadro y gu\u00e1rdalo. Necesitar\u00e1s este c\u00f3digo de Popup de Drupal para futuras utilizaciones.<\/li> <li><b>Comienza a usar la herramienta en tu sitio Drupal.<\/b><br> Inserta el c\u00f3digo copiado previamente en tu sitio web y aplica las mejoras.<\/li> <li><b>\u00a1Hecho! La configuraci\u00f3n del Popup en Drupal est\u00e1 completa.<\/b><br> Visita tu sitio web para ver el rendimiento de la herramienta de formulario web.<\/li><\/ol><p>T\u00f3mate un minuto para contactar con el soporte al cliente si necesitas consejo o tienes dudas. Nuestros especialistas estar\u00e1n encantados de ayudarte con cualquier consulta.<\/p> <div class=\"faq\" data-component=\"FAQ\"> <div class=\"faq-item\">\r\n\t\t\t\t\t<div class=\"faq-item-question\">\r\n\t\t\t\t\t\t<h3 class=\"faq-item-question-text\">\u00bfC\u00f3mo agregar un bot\u00f3n de PayPal a mi sitio web de Drupal sin habilidades de codificaci\u00f3n?<\/h3>\r\n\r\n\t\t\t\t\t\t<div class=\"faq-item-question-icon\"><\/div>\r\n\t\t\t\t\t<\/div>\r\n\r\n\t\t\t\t\t<div class=\"faq-item-answer\">\r\n\t\t\t\t\t\t<div class=\"faq-item-answer-text\"> <p>Elfsight ofrece una soluci\u00f3n SaaS que te permite crear un widget de bot\u00f3n de PayPal por ti mismo. Mira lo f\u00e1cil que es el proceso: trabaja directamente en el Editor en l\u00ednea para crear el widget de bot\u00f3n de PayPal que te gustar\u00eda ver en tu sitio web de Drupal. Elige una de nuestras plantillas pre-dise\u00f1adas y ajusta la configuraci\u00f3n del bot\u00f3n de PayPal, agrega tu contenido, cambia el dise\u00f1o y los colores sin necesidad de conocimientos de codificaci\u00f3n. Guarda el bot\u00f3n de PayPal y copia su c\u00f3digo de instalaci\u00f3n, que puedes pegar f\u00e1cilmente en tu sitio web de Drupal sin necesidad de comprar una suscripci\u00f3n de pago. Con nuestro Editor intuitivo, cualquier usuario de internet puede crear un widget de bot\u00f3n de PayPal en l\u00ednea y agregarlo f\u00e1cilmente a su sitio web de Drupal. No es necesario pagar ni ingresar los datos de tu tarjeta para acceder al servicio. Si enfrentas alg\u00fan problema en cualquier paso, no dudes en ponerte en contacto con nuestro equipo de soporte t\u00e9cnico.<\/p> <\/div>\r\n\t\t\t\t\t<\/div>\r\n\t\t\t\t<\/div> <\/div> <\/div>","protected":false},"excerpt":{"rendered":"","protected":false},"author":18,"featured_media":0,"parent":1488,"menu_order":0,"comment_status":"closed","ping_status":"closed","template":"templates\/template-application-platform.php","meta":{"publish_to_discourse":"","publish_post_category":"","wpdc_auto_publish_overridden":"","wpdc_topic_tags":"","wpdc_pin_topic":"","wpdc_pin_until":"","discourse_post_id":"","discourse_permalink":"","wpdc_publishing_response":"","wpdc_publishing_error":"","footnotes":""},"class_list":["post-3792","page","type-page","status-publish","hentry"],"yoast_head":"<!-- This site is optimized with the Yoast SEO plugin v25.3.1 - https:\/\/yoast.com\/wordpress\/plugins\/seo\/ -->\n<title>Popup - Agregar module de Ventana emergente al Drupal<\/title>\n<meta name=\"description\" content=\"Incrusta un widget hermoso de Popup en su p\u00e1gina web de Drupal. Lance la demo de Elfsight intuitiva y cree su module propio.\" \/>\n<meta name=\"robots\" content=\"index, follow, max-snippet:-1, max-image-preview:large, max-video-preview:-1\" \/>\n<link rel=\"canonical\" href=\"https:\/\/elfsight.com\/es\/popup-widget\/drupal\/\" \/>\n<meta property=\"og:locale\" content=\"es_ES\" \/>\n<meta property=\"og:type\" content=\"article\" \/>\n<meta property=\"og:title\" content=\"Popup - Agregar module de Ventana emergente al Drupal\" \/>\n<meta property=\"og:description\" content=\"Incrusta un widget hermoso de Popup en su p\u00e1gina web de Drupal. Lance la demo de Elfsight intuitiva y cree su module propio.\" \/>\n<meta property=\"og:url\" content=\"https:\/\/elfsight.com\/es\/popup-widget\/drupal\/\" \/>\n<meta property=\"og:site_name\" content=\"Elfsight ES\" \/>\n<meta property=\"article:modified_time\" content=\"2025-02-06T15:14:27+00:00\" \/>\n<meta name=\"twitter:card\" content=\"summary_large_image\" \/>\n<meta name=\"twitter:label1\" content=\"Tiempo de lectura\" \/>\n\t<meta name=\"twitter:data1\" content=\"2 minutos\" \/>\n<!-- \/ Yoast SEO plugin. -->","yoast_head_json":{"title":"Popup - Agregar module de Ventana emergente al Drupal","description":"Incrusta un widget hermoso de Popup en su p\u00e1gina web de Drupal. Lance la demo de Elfsight intuitiva y cree su module propio.","robots":{"index":"index","follow":"follow","max-snippet":"max-snippet:-1","max-image-preview":"max-image-preview:large","max-video-preview":"max-video-preview:-1"},"canonical":"https:\/\/elfsight.com\/es\/popup-widget\/drupal\/","og_locale":"es_ES","og_type":"article","og_title":"Popup - Agregar module de Ventana emergente al Drupal","og_description":"Incrusta un widget hermoso de Popup en su p\u00e1gina web de Drupal. Lance la demo de Elfsight intuitiva y cree su module propio.","og_url":"https:\/\/elfsight.com\/es\/popup-widget\/drupal\/","og_site_name":"Elfsight ES","article_modified_time":"2025-02-06T15:14:27+00:00","twitter_card":"summary_large_image","twitter_misc":{"Tiempo de lectura":"2 minutos"},"schema":{"@context":"https:\/\/schema.org","@graph":[{"@type":"WebPage","@id":"https:\/\/elfsight.com\/es\/popup-widget\/drupal\/","url":"https:\/\/elfsight.com\/es\/popup-widget\/drupal\/","name":"Popup - Agregar module de Ventana emergente al Drupal","isPartOf":{"@id":"https:\/\/elfsight.com\/es\/#website"},"datePublished":"2022-02-11T12:12:57+00:00","dateModified":"2025-02-06T15:14:27+00:00","description":"Incrusta un widget hermoso de Popup en su p\u00e1gina web de Drupal. Lance la demo de Elfsight intuitiva y cree su module propio.","breadcrumb":{"@id":"https:\/\/elfsight.com\/es\/popup-widget\/drupal\/#breadcrumb"},"inLanguage":"es","potentialAction":[{"@type":"ReadAction","target":["https:\/\/elfsight.com\/es\/popup-widget\/drupal\/"]}]},{"@type":"BreadcrumbList","@id":"https:\/\/elfsight.com\/es\/popup-widget\/drupal\/#breadcrumb","itemListElement":[{"@type":"ListItem","position":1,"name":"Home","item":"https:\/\/elfsight.com\/es\/"},{"@type":"ListItem","position":2,"name":"Popup","item":"https:\/\/elfsight.com\/es\/popup-widget\/"},{"@type":"ListItem","position":3,"name":"Popup &#8211; Drupal"}]},{"@type":"WebSite","@id":"https:\/\/elfsight.com\/es\/#website","url":"https:\/\/elfsight.com\/es\/","name":"Elfsight ES","description":"Just another Elfsight Sites site","potentialAction":[{"@type":"SearchAction","target":{"@type":"EntryPoint","urlTemplate":"https:\/\/elfsight.com\/es\/?s={search_term_string}"},"query-input":{"@type":"PropertyValueSpecification","valueRequired":true,"valueName":"search_term_string"}}],"inLanguage":"es"}]}},"meta_box":{"industry":"","seo_heading":"","heading":"","description":"","cta_heading":"","cta_description":"","application":"1487","h1":"m\u00f3dulo de ventana emergente para Drupal","h1_caption":"Una widget a medida para presentar un %producto2% en su sitio web","application_category":[],"applications_title":"","applications_request_title":"","applications_request_button_text":"","hero_text":"","hero_video":"","hero_video_schema_markup":"","selling_points_title":"","selling_points_caption":"","selling_points":[],"selling_points_cta_text":"","features_title":"","features":"","ed_cta_examples_text":"","ed_cta_examples_hidden":"","ed_cta_demo_text":"","ed_cta_demo_hidden":"","why_caption":"","why_editor_title":"","why_editor_text":"","why_team_title":"","why_team_text":"","why_service_title":"","why_service_text":"","template_catalog_visible":"","template_catalog_title":"","template_catalog_text":"","template_catalog_categories_visible":"","demo_title":"Crea tu m\u00f3dulo emergente","demo_caption":"\u00a1Configura tu Popup y agr\u00e9galo a tu sitio web Drupal gratis!","default_faq_hidden":"","app_template_category":[],"platform":"2161","template_public_id":"","codecanyon_url":"","codecanyon_item_id":"","codecanyon_price":"","pricing_caption":"","pricing_elfsight_apps_hide_column":"","pricing_elfsight_apps_url":"","pricing_codecanyon_price_caption":"","integration_category":[],"integration_request_title":"","integration_request_cta":"","integration_platform":"","integrations":[],"platform_category":[],"video_schema_markup":"","price":"desde $0 por mes","trial":"","benefits":[{"text":"Instalaci\u00f3n gratuita"},{"text":"Soporte Premium"},{"text":"14 d\u00edas garant\u00eda de reembolso"},{"text":"Actualizaciones regulares"}],"button_url":"#demo","button_target_blank":"0","button_nofollow":"0","attributes":[{"name":"Responsivo","content":"Si","_state":"expanded"},{"name":"Navegadores compatibles","content":"Firefox, Safari, Opera, Chrome, Edge","_state":"expanded"}],"tags":[],"tags_disable_links":"0","hide_more_platforms":"","video_object":"","demo_hide_cta":"0","demo_hide_cloud_options":"0","pricing_title":"","pricing":[{"pricing_icon":"platform","pricing_title":" Elfsight Apps","pricing_title_caption":"Soluci\u00f3n multiplataforma - valido para cualquier p\u00e1gina web","pricing_price":"desde $0 por mes","pricing_price_caption":"empezar con un plan gratuito","pricing_benefits":[{"text":"Sitios web ilimitados"},{"text":"Atenci\u00f3n al cliente gratuita y r\u00e1pida"},{"text":"Servicio de instalaci\u00f3n gratuito"},{"text":"Totalmente personalizable"}],"pricing_button_text":"Agregar al sitio web","pricing_button_url":"#demo","_state":"expanded"}],"related_apps_title":"","related_apps_hidden":"1","author":"","image":[],"title":"","job":"","social_networks":[]},"_links":{"self":[{"href":"https:\/\/elfsight.com\/es\/wp-json\/wp\/v2\/pages\/3792","targetHints":{"allow":["GET"]}}],"collection":[{"href":"https:\/\/elfsight.com\/es\/wp-json\/wp\/v2\/pages"}],"about":[{"href":"https:\/\/elfsight.com\/es\/wp-json\/wp\/v2\/types\/page"}],"author":[{"embeddable":true,"href":"https:\/\/elfsight.com\/es\/wp-json\/wp\/v2\/users\/18"}],"replies":[{"embeddable":true,"href":"https:\/\/elfsight.com\/es\/wp-json\/wp\/v2\/comments?post=3792"}],"version-history":[{"count":3,"href":"https:\/\/elfsight.com\/es\/wp-json\/wp\/v2\/pages\/3792\/revisions"}],"predecessor-version":[{"id":17962,"href":"https:\/\/elfsight.com\/es\/wp-json\/wp\/v2\/pages\/3792\/revisions\/17962"}],"up":[{"embeddable":true,"href":"https:\/\/elfsight.com\/es\/wp-json\/wp\/v2\/pages\/1488"}],"wp:attachment":[{"href":"https:\/\/elfsight.com\/es\/wp-json\/wp\/v2\/media?parent=3792"}],"curies":[{"name":"wp","href":"https:\/\/api.w.org\/{rel}","templated":true}]}}