{"id":3752,"date":"2022-02-11T12:14:52","date_gmt":"2022-02-11T12:14:52","guid":{"rendered":"https:\/\/elfsight.com\/es\/?page_id=3752"},"modified":"2025-02-06T15:14:19","modified_gmt":"2025-02-06T15:14:19","slug":"shopify","status":"publish","type":"page","link":"https:\/\/elfsight.com\/es\/google-reviews-widget\/shopify\/","title":{"rendered":"Google Reviews &#8211; Shopify"},"content":{"rendered":"<div class=\"application-platform-content-item-description application-platform-content-item\" id=\"description\" data-nav-section=\"description\"> <h2>Incrusta rese\u00f1as de Google con la aplicaci\u00f3n de Elfsight<\/h2> <p>Elfsight Google Reviews es un widget sencillo que te ayudar\u00e1 a insertar en tu sitio web rese\u00f1as de clientes sobre tus productos o servicios desde publicaciones en Google. Con este widget, tienes a tu disposici\u00f3n varios filtros para filtrar rese\u00f1as no deseadas, mostrar tus calificaciones de estrellas y n\u00fameros de Google, mostrar detalles sobre los autores e introducir un bot\u00f3n que redirigir\u00e1 a los visitantes para dejar una rese\u00f1a m\u00e1s en Google. El widget de rese\u00f1as de clientes de Elfsight te ayudar\u00e1 a mostrar tu prueba social perfecta en el sitio y aumentar las ventas.<\/p><p>Te animamos a agregar rese\u00f1as de Google a Shopify y beneficiarte de una mayor confianza y participaci\u00f3n de los usuarios. Las personas apreciar\u00e1n tu disposici\u00f3n a compartir opiniones y proporcionar rese\u00f1as relevantes de Google. Es una forma de dejar que otros hablen sobre tu producto, enfoc\u00e1ndose en los aspectos m\u00e1s importantes para los clientes.<\/p><div class=\"faq\" data-component=\"FAQ\"> <div class=\"faq-item\">\r\n\t\t\t\t\t<div class=\"faq-item-question\">\r\n\t\t\t\t\t\t<h3 class=\"faq-item-question-text\">\u00bfQu\u00e9 otros widgets para Shopify tienes?<\/h3>\r\n\r\n\t\t\t\t\t\t<div class=\"faq-item-question-icon\"><\/div>\r\n\t\t\t\t\t<\/div>\r\n\r\n\t\t\t\t\t<div class=\"faq-item-answer\">\r\n\t\t\t\t\t\t<div class=\"faq-item-answer-text\"> <p>Te invitamos a usar una amplia variedad de widgets para cualquier prop\u00f3sito en tu sitio web, independientemente de tu sector comercial. Por ejemplo, puedes usar estas herramientas: <a href=\"https:\/\/elfsight.com\/slider-widget\/shopify\/\">Slider<\/a>, <a href=\"https:\/\/elfsight.com\/instagram-feed-instashow\/shopify\/\">Instagram Feed<\/a>, <a href=\"https:\/\/elfsight.com\/pdf-embed-widget\/shopify\/\">PDF Embed<\/a>, <a href=\"https:\/\/elfsight.com\/logo-showcase-widget\/shopify\/\">Logo Showcase<\/a><\/p> <\/div>\r\n\t\t\t\t\t<\/div>\r\n\t\t\t\t<\/div> <div class=\"faq-item\">\r\n\t\t\t\t\t<div class=\"faq-item-question\">\r\n\t\t\t\t\t\t<h3 class=\"faq-item-question-text\">\u00bfC\u00f3mo puedo agregar la aplicaci\u00f3n de rese\u00f1as de Google en mi sitio web de Shopify? <\/h3>\r\n\r\n\t\t\t\t\t\t<div class=\"faq-item-question-icon\"><\/div>\r\n\t\t\t\t\t<\/div>\r\n\r\n\t\t\t\t\t<div class=\"faq-item-answer\">\r\n\t\t\t\t\t\t<div class=\"faq-item-answer-text\"> <p>Puedes incrustar la aplicaci\u00f3n de rese\u00f1as de Google en tu sitio web de Shopify. Simplemente ve al panel de administraci\u00f3n y sigue estos pasos:<\/p><ol><li>Haz clic en la configuraci\u00f3n del tema. <\/li><li>Elige el bloque donde quieres insertar tu aplicaci\u00f3n de Shopify. <\/li><li>Pega el c\u00f3digo de Elfsight Apps y aplica los cambios. <\/li><li>\u00a1Listo, el widget de Shopify est\u00e1 listo para usar! <\/li><\/ol><p>No olvides visitar <a href=\"https:\/\/elfsight.com\/tutorials\/how-to-add-google-reviews-to-any-website-full-guide\/#google-reviews-shopify\">esta p\u00e1gina<\/a> si deseas m\u00e1s detalles sobre el funcionamiento del widget.<\/p><\/div>\r\n\t\t\t\t\t<\/div>\r\n\t\t\t\t<\/div> <div class=\"faq-item\">\r\n\t\t\t\t\t<div class=\"faq-item-question\">\r\n\t\t\t\t\t\t<h3 class=\"faq-item-question-text\">\u00bfPuedo ver tu aplicaci\u00f3n de rese\u00f1as de Google para Shopify en funcionamiento?<\/h3>\r\n\r\n\t\t\t\t\t\t<div class=\"faq-item-question-icon\"><\/div>\r\n\t\t\t\t\t<\/div>\r\n\r\n\t\t\t\t\t<div class=\"faq-item-answer\">\r\n\t\t\t\t\t\t<div class=\"faq-item-answer-text\"> <p>\u00a1S\u00ed! Puedes hacerlo a trav\u00e9s de nuestra <a href=\"https:\/\/elfsight.com\/google-reviews-widget\/#demo\">demo<\/a> en vivo. Adem\u00e1s, la demo se puede utilizar para agregar el widget a tu sitio web de Shopify.<\/p><\/div>\r\n\t\t\t\t\t<\/div>\r\n\t\t\t\t<\/div> <\/div> <\/div><div class=\"application-platform-content-item-features application-platform-content-item\" id=\"features\" data-nav-section=\"features\"> <h2>Principales caracter\u00edsticas del widget de rese\u00f1as de Google<\/h2> <p>Para obtener una comprensi\u00f3n clara del widget, puedes revisar la lista de sus caracter\u00edsticas principales. Estas hacen que este widget sea incre\u00edblemente eficiente para tu sitio web:<\/p> <ul> <li>3 filtros predefinidos: por tipo, excluir por y cantidad de rese\u00f1as para mostrar;<\/li> <li>Cuatro dise\u00f1os listos para usar: Lista, Cuadr\u00edcula, Masonry y Slider;<\/li> <li>Encabezado del widget conmutador;<\/li> <li>El bot\u00f3n de solicitud de rese\u00f1a lleva a las personas a la p\u00e1gina de Google;<\/li> <li>Seis elementos personalizables de la interfaz: el nombre y foto del autor, texto de recomendaci\u00f3n, fecha de la rese\u00f1a, \u00edcono de Google y calificaci\u00f3n de estrellas;<\/li> <li>Dos alternativas de escenarios de rechazo de solicitud de rese\u00f1a: mostrar un mensaje de texto o eliminar el bot\u00f3n.<\/li> <\/ul><p><a href=\"#demo\">Para explorar m\u00e1s caracter\u00edsticas del widget de rese\u00f1as de Google para Shopify, consulta la demo<\/a><\/p> <\/div><div class=\"application-platform-content-item-installation application-platform-content-item\" id=\"installation\" data-nav-section=\"installation\"> <h2>C\u00f3mo integrar las rese\u00f1as de Google en tu tienda de Shopify<\/h2> <div class=\"video-container\"><iframe width=\"720\" height=\"405\" src=\"https:\/\/www.youtube.com\/embed\/B3aB52WeY-o\" frameborder=\"0\" allowfullscreen=\"\"><\/iframe><\/div><p>Los siguientes pasos son lo \u00fanico que necesitas hacer. El proceso de agregar rese\u00f1as de Google a Shopify tomar\u00e1 solo un par de minutos de tu tiempo y no requiere codificaci\u00f3n.<\/p> <ol><li><b>Usa nuestro editor gratuito y comienza a crear tu aplicaci\u00f3n de rese\u00f1as de Google personalizada. <\/b><br> Elige el dise\u00f1o y las especificaciones seleccionadas de la aplicaci\u00f3n y guarda todos los cambios.<\/li>  <li><b>Copia tu c\u00f3digo individual que se muestra en el formulario especial de Elfsight Apps. <\/b><br> Despu\u00e9s de configurar tu aplicaci\u00f3n, copia el c\u00f3digo individual en la ventana emergente y gu\u00e1rdalo para su uso posterior.<\/li>  <li><b>Comienza a aplicar la aplicaci\u00f3n en el sitio de Shopify. <\/b><br> Agrega el c\u00f3digo copiado recientemente en tu sitio y aplica los cambios.<\/li>  <li><b>La instalaci\u00f3n est\u00e1 completamente terminada. <\/b><br> Abre tu sitio de Shopify para inspeccionar el rendimiento de la aplicaci\u00f3n de rese\u00f1as.<\/li><\/ol><p>\u00bfTienes dudas o problemas con la aplicaci\u00f3n de rese\u00f1as de Google para Shopify? Simplemente env\u00eda tu solicitud a nuestro servicio de atenci\u00f3n al cliente y te ayudar\u00e1n con cualquier pregunta.<\/p> <\/div>","protected":false},"excerpt":{"rendered":"","protected":false},"author":18,"featured_media":0,"parent":1422,"menu_order":0,"comment_status":"closed","ping_status":"closed","template":"templates\/template-application-platform.php","meta":{"publish_to_discourse":"","publish_post_category":"","wpdc_auto_publish_overridden":"","wpdc_topic_tags":"","wpdc_pin_topic":"","wpdc_pin_until":"","discourse_post_id":"","discourse_permalink":"","wpdc_publishing_response":"","wpdc_publishing_error":"","footnotes":""},"class_list":["post-3752","page","type-page","status-publish","hentry"],"yoast_head":"<!-- This site is optimized with the Yoast SEO plugin v25.3.1 - https:\/\/yoast.com\/wordpress\/plugins\/seo\/ -->\n<title>Rese\u00f1as de Google - A\u00f1adir app de Valoraciones de Google al Shopify<\/title>\n<meta name=\"description\" content=\"Incrusta un widget interactivo de Rese\u00f1as de Google en su p\u00e1gina web de Shopify. Use la demo de Elfsight f\u00e1cil de usar y cree su app propio.\" \/>\n<meta name=\"robots\" content=\"index, follow, max-snippet:-1, max-image-preview:large, max-video-preview:-1\" \/>\n<link rel=\"canonical\" href=\"https:\/\/elfsight.com\/es\/google-reviews-widget\/shopify\/\" \/>\n<meta property=\"og:locale\" content=\"es_ES\" \/>\n<meta property=\"og:type\" content=\"article\" \/>\n<meta property=\"og:title\" content=\"Rese\u00f1as de Google - A\u00f1adir app de Valoraciones de Google al Shopify\" \/>\n<meta property=\"og:description\" content=\"Incrusta un widget interactivo de Rese\u00f1as de Google en su p\u00e1gina web de Shopify. Use la demo de Elfsight f\u00e1cil de usar y cree su app propio.\" \/>\n<meta property=\"og:url\" content=\"https:\/\/elfsight.com\/es\/google-reviews-widget\/shopify\/\" \/>\n<meta property=\"og:site_name\" content=\"Elfsight ES\" \/>\n<meta property=\"article:modified_time\" content=\"2025-02-06T15:14:19+00:00\" \/>\n<meta name=\"twitter:card\" content=\"summary_large_image\" \/>\n<meta name=\"twitter:label1\" content=\"Tiempo de lectura\" \/>\n\t<meta name=\"twitter:data1\" content=\"3 minutos\" \/>\n<!-- \/ Yoast SEO plugin. -->","yoast_head_json":{"title":"Rese\u00f1as de Google - A\u00f1adir app de Valoraciones de Google al Shopify","description":"Incrusta un widget interactivo de Rese\u00f1as de Google en su p\u00e1gina web de Shopify. Use la demo de Elfsight f\u00e1cil de usar y cree su app propio.","robots":{"index":"index","follow":"follow","max-snippet":"max-snippet:-1","max-image-preview":"max-image-preview:large","max-video-preview":"max-video-preview:-1"},"canonical":"https:\/\/elfsight.com\/es\/google-reviews-widget\/shopify\/","og_locale":"es_ES","og_type":"article","og_title":"Rese\u00f1as de Google - A\u00f1adir app de Valoraciones de Google al Shopify","og_description":"Incrusta un widget interactivo de Rese\u00f1as de Google en su p\u00e1gina web de Shopify. Use la demo de Elfsight f\u00e1cil de usar y cree su app propio.","og_url":"https:\/\/elfsight.com\/es\/google-reviews-widget\/shopify\/","og_site_name":"Elfsight ES","article_modified_time":"2025-02-06T15:14:19+00:00","twitter_card":"summary_large_image","twitter_misc":{"Tiempo de lectura":"3 minutos"},"schema":{"@context":"https:\/\/schema.org","@graph":[{"@type":"WebPage","@id":"https:\/\/elfsight.com\/es\/google-reviews-widget\/shopify\/","url":"https:\/\/elfsight.com\/es\/google-reviews-widget\/shopify\/","name":"Rese\u00f1as de Google - A\u00f1adir app de Valoraciones de Google al Shopify","isPartOf":{"@id":"https:\/\/elfsight.com\/es\/#website"},"datePublished":"2022-02-11T12:14:52+00:00","dateModified":"2025-02-06T15:14:19+00:00","description":"Incrusta un widget interactivo de Rese\u00f1as de Google en su p\u00e1gina web de Shopify. Use la demo de Elfsight f\u00e1cil de usar y cree su app propio.","breadcrumb":{"@id":"https:\/\/elfsight.com\/es\/google-reviews-widget\/shopify\/#breadcrumb"},"inLanguage":"es","potentialAction":[{"@type":"ReadAction","target":["https:\/\/elfsight.com\/es\/google-reviews-widget\/shopify\/"]}]},{"@type":"BreadcrumbList","@id":"https:\/\/elfsight.com\/es\/google-reviews-widget\/shopify\/#breadcrumb","itemListElement":[{"@type":"ListItem","position":1,"name":"Home","item":"https:\/\/elfsight.com\/es\/"},{"@type":"ListItem","position":2,"name":"Google Reviews","item":"https:\/\/elfsight.com\/es\/google-reviews-widget\/"},{"@type":"ListItem","position":3,"name":"Google Reviews &#8211; Shopify"}]},{"@type":"WebSite","@id":"https:\/\/elfsight.com\/es\/#website","url":"https:\/\/elfsight.com\/es\/","name":"Elfsight ES","description":"Just another Elfsight Sites site","potentialAction":[{"@type":"SearchAction","target":{"@type":"EntryPoint","urlTemplate":"https:\/\/elfsight.com\/es\/?s={search_term_string}"},"query-input":{"@type":"PropertyValueSpecification","valueRequired":true,"valueName":"search_term_string"}}],"inLanguage":"es"}]}},"meta_box":{"industry":"","seo_heading":"","heading":"","description":"","cta_heading":"","cta_description":"","application":"1421","h1":"aplicaci\u00f3n de Rese\u00f1as de Google para Shopify","h1_caption":"Incorpore rese\u00f1as de su lugar desde Google para obtener sin problemas las mejores impresiones de los clientes en la experiencia de su sitio web en su sitio web de Shopify sin esfuerzo.","application_category":[],"applications_title":"","applications_request_title":"","applications_request_button_text":"","hero_text":"","hero_video":"","hero_video_schema_markup":"","selling_points_title":"","selling_points_caption":"","selling_points":[],"selling_points_cta_text":"","features_title":"","features":"","ed_cta_examples_text":"","ed_cta_examples_hidden":"","ed_cta_demo_text":"","ed_cta_demo_hidden":"","why_caption":"","why_editor_title":"","why_editor_text":"","why_team_title":"","why_team_text":"","why_service_title":"","why_service_text":"","template_catalog_visible":"0","template_catalog_title":"","template_catalog_text":"","template_catalog_categories_visible":"","demo_title":"Crea tu aplicaci\u00f3n de Rese\u00f1as de Google","demo_caption":"\u00a1Configura tus Rese\u00f1as de Google y agr\u00e9galas a tu sitio web de Shopify gratis!","default_faq_hidden":"","app_template_category":[],"platform":"91","template_public_id":"","codecanyon_url":"","codecanyon_item_id":"","codecanyon_price":"","pricing_caption":"","pricing_elfsight_apps_hide_column":"","pricing_elfsight_apps_url":"","pricing_codecanyon_price_caption":"","integration_category":[],"integration_request_title":"","integration_request_cta":"","integration_platform":"","integrations":[],"platform_category":[],"video_schema_markup":"","price":"desde $0 por mes","trial":"","benefits":[{"text":"Instalaci\u00f3n gratuita"},{"text":"Soporte Premium"},{"text":"14 d\u00edas garant\u00eda de reembolso"},{"text":"Actualizaciones regulares"}],"button_url":"#demo","button_target_blank":"0","button_nofollow":"0","attributes":[{"name":"Responsivo","content":"Si","_state":"expanded"},{"name":"Navegadores compatibles","content":"Firefox, Safari, Opera, Chrome, Edge","_state":"expanded"}],"tags":[],"tags_disable_links":"0","hide_more_platforms":"","video_object":"","demo_hide_cta":"0","demo_hide_cloud_options":"0","pricing_title":"","pricing":[{"pricing_icon":"platform","pricing_title":" Elfsight Apps","pricing_title_caption":"Soluci\u00f3n multiplataforma - valido para cualquier p\u00e1gina web","pricing_price":"desde $0 por mes","pricing_price_caption":"empezar con un plan gratuito","pricing_benefits":[{"text":"Sitios web ilimitados"},{"text":"Atenci\u00f3n al cliente gratuita y r\u00e1pida"},{"text":"Servicio de instalaci\u00f3n gratuito"},{"text":"Totalmente personalizable"}],"pricing_button_text":"Agregar al sitio web","pricing_button_url":"#demo","_state":"expanded"}],"related_apps_title":"","related_apps_hidden":"1","author":"","image":[],"title":"","job":"","social_networks":[]},"_links":{"self":[{"href":"https:\/\/elfsight.com\/es\/wp-json\/wp\/v2\/pages\/3752","targetHints":{"allow":["GET"]}}],"collection":[{"href":"https:\/\/elfsight.com\/es\/wp-json\/wp\/v2\/pages"}],"about":[{"href":"https:\/\/elfsight.com\/es\/wp-json\/wp\/v2\/types\/page"}],"author":[{"embeddable":true,"href":"https:\/\/elfsight.com\/es\/wp-json\/wp\/v2\/users\/18"}],"replies":[{"embeddable":true,"href":"https:\/\/elfsight.com\/es\/wp-json\/wp\/v2\/comments?post=3752"}],"version-history":[{"count":2,"href":"https:\/\/elfsight.com\/es\/wp-json\/wp\/v2\/pages\/3752\/revisions"}],"predecessor-version":[{"id":16041,"href":"https:\/\/elfsight.com\/es\/wp-json\/wp\/v2\/pages\/3752\/revisions\/16041"}],"up":[{"embeddable":true,"href":"https:\/\/elfsight.com\/es\/wp-json\/wp\/v2\/pages\/1422"}],"wp:attachment":[{"href":"https:\/\/elfsight.com\/es\/wp-json\/wp\/v2\/media?parent=3752"}],"curies":[{"name":"wp","href":"https:\/\/api.w.org\/{rel}","templated":true}]}}