{"id":3749,"date":"2022-02-11T12:14:57","date_gmt":"2022-02-11T12:14:57","guid":{"rendered":"https:\/\/elfsight.com\/es\/?page_id=3749"},"modified":"2025-02-06T15:14:19","modified_gmt":"2025-02-06T15:14:19","slug":"webnode","status":"publish","type":"page","link":"https:\/\/elfsight.com\/es\/google-maps-widget\/webnode\/","title":{"rendered":"Google Maps &#8211; Webnode"},"content":{"rendered":"<div class=\"application-platform-content-item-description application-platform-content-item\" id=\"description\" data-nav-section=\"description\"><h2>Descripci\u00f3n<\/h2>Instalaci\u00f3n sin complicaciones, interfaz efectiva y totalmente personalizable, lo que facilita que tus clientes busquen tus direcciones en el mapa. Atraer clientes reales, agregar r\u00e1pidamente al sitio y opciones de personalizaci\u00f3n lo convierten en uno de los mejores complementos para cualquier sitio Webnode.<b>\u00a1Genera m\u00e1s clientes reales gracias a los mapas interactivos en tu sitio!<\/b><ul>         <li><b>Ac\u00e9rcate a los clientes<\/b>.Muestra tus datos de contacto, que los clientes pueden usar para escribirte o contactarte tanto en la vida real como en Internet.<\/li>         <li><b>Muestra una lista completa de tus tiendas en el mapa<\/b>.Ubica en el mapa todos los lugares p\u00fablicos, puntos de venta o puntos de recogida de productos y deja que tus usuarios elijan la ubicaci\u00f3n m\u00e1s adecuada y est\u00e9n agradecidos por ello.<\/li>         <li><b>Usa un n\u00famero ilimitado de ubicaciones en un solo mapa<\/b>.No limites el n\u00famero de tus lugares en el mapa, marca todo lo que pueda ser necesario y entretenido para tus clientes.<\/li><\/ul><\/div><div class=\"application-platform-content-item-features application-platform-content-item\" id=\"features\" data-nav-section=\"features\"><h2>Caracter\u00edsticas<\/h2>\u00bfQu\u00e9 ventajas hacen que el mapa de Elfsight sea el mejor para tu sitio Webnode?<ul>         <li>A\u00f1adir una nueva ubicaci\u00f3n solo introduciendo su direcci\u00f3n, nombre o coordenadas;<\/li>         <li>5 capas de Google Maps: POI, Tr\u00e1fico, Tr\u00e1nsito, Bicicleta, Vista de Calle;<\/li>         <li>Tarjeta de informaci\u00f3n con los datos de contacto m\u00e1ximos;<\/li>         <li>M\u00e1s de 50 marcadores de ubicaci\u00f3n;<\/li>         <li>Actualizaciones en vivo regulares disponibles.<\/li><\/ul><a href=\"#demo\">\u00a1Prueba la lista completa de ventajas en el editor!<\/a><\/div><div class=\"application-platform-content-item-installation application-platform-content-item\" id=\"installation\" data-nav-section=\"installation\"><h2>C\u00f3mo agregar el complemento de Google Maps a tu sitio Webnode<\/h2>Instrucciones breves sobre c\u00f3mo mostrar mapas responsivos en un sitio Webnode por ti mismo. Para seguirlas, no necesitas contratar a un programador ni tener conocimientos en programaci\u00f3n web. El tiempo total de configuraci\u00f3n es solo de 2 minutos.<ol>         <li><b>Crea tus mapas individuales de Google<\/b>.Mediante nuestro editor gratuito, genera un complemento con el dise\u00f1o y las opciones preferidas.<\/li>         <li><b>Copiar el c\u00f3digo para agregar el complemento<\/b>.Despu\u00e9s de personalizar el widget, obtiene el c\u00f3digo para el complemento de Mapas desde la ventana que aparece en Elfsight Apps.<\/li>         <li><b>Coloca el complemento en el sitio Webnode<\/b>.A\u00f1ade el complemento en el lugar deseado del sitio web y guarda los cambios.<\/li>         <li><b>La instalaci\u00f3n est\u00e1 completamente realizada<\/b>.Ingresa en tu sitio Webnode para comprobar tu complemento.<\/li><\/ol>\u00bfTienes dificultades o preguntas mientras sigues el manual o configurando tu mapa? Contacta con el soporte al cliente y estaremos encantados de asesorarte sobre el dise\u00f1o y la adici\u00f3n de mapas en tu sitio web.<div class=\"faq\" data-component=\"FAQ\"> <div class=\"faq-item\">\r\n\t\t\t\t\t<div class=\"faq-item-question\">\r\n\t\t\t\t\t\t<h3 class=\"faq-item-question-text\">\u00bfC\u00f3mo puedo agregar Google Maps a mi sitio Webnode sin habilidades de codificaci\u00f3n?<\/h3>\r\n\r\n\t\t\t\t\t\t<div class=\"faq-item-question-icon\"><\/div>\r\n\t\t\t\t\t<\/div>\r\n\r\n\t\t\t\t\t<div class=\"faq-item-answer\">\r\n\t\t\t\t\t\t<div class=\"faq-item-answer-text\">Elfsight proporciona una soluci\u00f3n SaaS que te permite crear un widget de Google Maps por ti mismo, mira lo f\u00e1cil que es el proceso: Trabaja directamente en el Editor en l\u00ednea para crear el widget de Google Maps que deseas ver en tu sitio Webnode. Elige una de las plantillas prehechas y ajusta la configuraci\u00f3n de Google Maps, a\u00f1ade tu contenido, cambia el dise\u00f1o y los colores sin ninguna habilidad de codificaci\u00f3n. Guarda los Google Maps y copia su c\u00f3digo de instalaci\u00f3n, que podr\u00e1s agregar f\u00e1cilmente en tu sitio Webnode sin necesidad de comprar una suscripci\u00f3n de pago. Con nuestro Editor intuitivo, cualquier usuario de Internet puede crear un widget de Google Maps en l\u00ednea e insertarlo f\u00e1cilmente en su sitio Webnode. No es necesario pagar ni ingresar los datos de tu tarjeta para acceder al servicio. Si enfrentas alg\u00fan problema en cualquier paso, no dudes en contactar a nuestro equipo de soporte t\u00e9cnico.<\/div>\r\n\t\t\t\t\t<\/div>\r\n\t\t\t\t<\/div> <\/div><\/div>","protected":false},"excerpt":{"rendered":"","protected":false},"author":18,"featured_media":0,"parent":1936,"menu_order":0,"comment_status":"closed","ping_status":"closed","template":"templates\/template-application-platform.php","meta":{"publish_to_discourse":"","publish_post_category":"","wpdc_auto_publish_overridden":"","wpdc_topic_tags":"","wpdc_pin_topic":"","wpdc_pin_until":"","discourse_post_id":"","discourse_permalink":"","wpdc_publishing_response":"","wpdc_publishing_error":"","footnotes":""},"class_list":["post-3749","page","type-page","status-publish","hentry"],"yoast_head":"<!-- This site is optimized with the Yoast SEO plugin v25.3.1 - https:\/\/yoast.com\/wordpress\/plugins\/seo\/ -->\n<title>Mapas de Google - Insertar plugin de Google Maps al Webnode<\/title>\n<meta name=\"description\" content=\"Incrusta un widget interactivo de Mapas de Google en su sitio web de Webnode. Aplique la demo de Elfsight manejable y cree su plugin \u00fanico.\" \/>\n<meta name=\"robots\" content=\"index, follow, max-snippet:-1, max-image-preview:large, max-video-preview:-1\" \/>\n<link rel=\"canonical\" href=\"https:\/\/elfsight.com\/es\/google-maps-widget\/webnode\/\" \/>\n<meta property=\"og:locale\" content=\"es_ES\" \/>\n<meta property=\"og:type\" content=\"article\" \/>\n<meta property=\"og:title\" content=\"Mapas de Google - Insertar plugin de Google Maps al Webnode\" \/>\n<meta property=\"og:description\" content=\"Incrusta un widget interactivo de Mapas de Google en su sitio web de Webnode. Aplique la demo de Elfsight manejable y cree su plugin \u00fanico.\" \/>\n<meta property=\"og:url\" content=\"https:\/\/elfsight.com\/es\/google-maps-widget\/webnode\/\" \/>\n<meta property=\"og:site_name\" content=\"Elfsight ES\" \/>\n<meta property=\"article:modified_time\" content=\"2025-02-06T15:14:19+00:00\" \/>\n<meta name=\"twitter:card\" content=\"summary_large_image\" \/>\n<meta name=\"twitter:label1\" content=\"Tiempo de lectura\" \/>\n\t<meta name=\"twitter:data1\" content=\"1 minuto\" \/>\n<!-- \/ Yoast SEO plugin. -->","yoast_head_json":{"title":"Mapas de Google - Insertar plugin de Google Maps al Webnode","description":"Incrusta un widget interactivo de Mapas de Google en su sitio web de Webnode. Aplique la demo de Elfsight manejable y cree su plugin \u00fanico.","robots":{"index":"index","follow":"follow","max-snippet":"max-snippet:-1","max-image-preview":"max-image-preview:large","max-video-preview":"max-video-preview:-1"},"canonical":"https:\/\/elfsight.com\/es\/google-maps-widget\/webnode\/","og_locale":"es_ES","og_type":"article","og_title":"Mapas de Google - Insertar plugin de Google Maps al Webnode","og_description":"Incrusta un widget interactivo de Mapas de Google en su sitio web de Webnode. Aplique la demo de Elfsight manejable y cree su plugin \u00fanico.","og_url":"https:\/\/elfsight.com\/es\/google-maps-widget\/webnode\/","og_site_name":"Elfsight ES","article_modified_time":"2025-02-06T15:14:19+00:00","twitter_card":"summary_large_image","twitter_misc":{"Tiempo de lectura":"1 minuto"},"schema":{"@context":"https:\/\/schema.org","@graph":[{"@type":"WebPage","@id":"https:\/\/elfsight.com\/es\/google-maps-widget\/webnode\/","url":"https:\/\/elfsight.com\/es\/google-maps-widget\/webnode\/","name":"Mapas de Google - Insertar plugin de Google Maps al Webnode","isPartOf":{"@id":"https:\/\/elfsight.com\/es\/#website"},"datePublished":"2022-02-11T12:14:57+00:00","dateModified":"2025-02-06T15:14:19+00:00","description":"Incrusta un widget interactivo de Mapas de Google en su sitio web de Webnode. Aplique la demo de Elfsight manejable y cree su plugin \u00fanico.","breadcrumb":{"@id":"https:\/\/elfsight.com\/es\/google-maps-widget\/webnode\/#breadcrumb"},"inLanguage":"es","potentialAction":[{"@type":"ReadAction","target":["https:\/\/elfsight.com\/es\/google-maps-widget\/webnode\/"]}]},{"@type":"BreadcrumbList","@id":"https:\/\/elfsight.com\/es\/google-maps-widget\/webnode\/#breadcrumb","itemListElement":[{"@type":"ListItem","position":1,"name":"Home","item":"https:\/\/elfsight.com\/es\/"},{"@type":"ListItem","position":2,"name":"Google Maps","item":"https:\/\/elfsight.com\/es\/google-maps-widget\/"},{"@type":"ListItem","position":3,"name":"Google Maps &#8211; Webnode"}]},{"@type":"WebSite","@id":"https:\/\/elfsight.com\/es\/#website","url":"https:\/\/elfsight.com\/es\/","name":"Elfsight ES","description":"Just another Elfsight Sites site","potentialAction":[{"@type":"SearchAction","target":{"@type":"EntryPoint","urlTemplate":"https:\/\/elfsight.com\/es\/?s={search_term_string}"},"query-input":{"@type":"PropertyValueSpecification","valueRequired":true,"valueName":"search_term_string"}}],"inLanguage":"es"}]}},"meta_box":{"industry":"","seo_heading":"","heading":"","description":"","cta_heading":"","cta_description":"","application":"1935","h1":"plugin de Mapas de Google para Webnode","h1_caption":"Incrusta un mapa de Google responsivo para mostrar tu ubicaci\u00f3n o m\u00faltiples ubicaciones para una f\u00e1cil navegaci\u00f3n en tu sitio web Webnode sin esfuerzo.","application_category":[],"applications_title":"","applications_request_title":"","applications_request_button_text":"","hero_text":"","hero_video":"","hero_video_schema_markup":"","selling_points_title":"","selling_points_caption":"","selling_points":[],"selling_points_cta_text":"","features_title":"","features":"","ed_cta_examples_text":"","ed_cta_examples_hidden":"","ed_cta_demo_text":"","ed_cta_demo_hidden":"","why_caption":"","why_editor_title":"","why_editor_text":"","why_team_title":"","why_team_text":"","why_service_title":"","why_service_text":"","template_catalog_visible":"","template_catalog_title":"","template_catalog_text":"","template_catalog_categories_visible":"","demo_title":"Crea tu widget de Google Maps","demo_caption":"\u00a1Configura tu Google Maps y a\u00f1\u00e1delo a tu sitio web Webnode gratis!","default_faq_hidden":"","app_template_category":[],"platform":"2302","template_public_id":"","codecanyon_url":"","codecanyon_item_id":"","codecanyon_price":"","pricing_caption":"","pricing_elfsight_apps_hide_column":"","pricing_elfsight_apps_url":"","pricing_codecanyon_price_caption":"","integration_category":[],"integration_request_title":"","integration_request_cta":"","integration_platform":"","integrations":[],"platform_category":[],"video_schema_markup":"","price":"desde $0 por mes","trial":"","benefits":[{"text":"Instalaci\u00f3n gratuita"},{"text":"Soporte Premium"},{"text":"14 d\u00edas garant\u00eda de reembolso"},{"text":"Actualizaciones regulares"}],"button_url":"#demo","button_target_blank":"0","button_nofollow":"0","attributes":[{"name":"Responsivo","content":"Si","_state":"expanded"},{"name":"Navegadores compatibles","content":"Firefox, Safari, Opera, Chrome, Edge","_state":"expanded"}],"tags":[],"tags_disable_links":"0","hide_more_platforms":"","video_object":"","demo_hide_cta":"0","demo_hide_cloud_options":"0","pricing_title":"","pricing":[{"pricing_icon":"platform","pricing_title":" Elfsight Apps","pricing_title_caption":"Soluci\u00f3n multiplataforma - valido para cualquier p\u00e1gina web","pricing_price":"desde $0 por mes","pricing_price_caption":"empezar con un plan gratuito","pricing_benefits":[{"text":"Sitios web ilimitados"},{"text":"Atenci\u00f3n al cliente gratuita y r\u00e1pida"},{"text":"Servicio de instalaci\u00f3n gratuito"},{"text":"Totalmente personalizable"}],"pricing_button_text":"Agregar al sitio web","pricing_button_url":"#demo","_state":"expanded"}],"related_apps_title":"","related_apps_hidden":"1","author":"","image":[],"title":"","job":"","social_networks":[]},"_links":{"self":[{"href":"https:\/\/elfsight.com\/es\/wp-json\/wp\/v2\/pages\/3749","targetHints":{"allow":["GET"]}}],"collection":[{"href":"https:\/\/elfsight.com\/es\/wp-json\/wp\/v2\/pages"}],"about":[{"href":"https:\/\/elfsight.com\/es\/wp-json\/wp\/v2\/types\/page"}],"author":[{"embeddable":true,"href":"https:\/\/elfsight.com\/es\/wp-json\/wp\/v2\/users\/18"}],"replies":[{"embeddable":true,"href":"https:\/\/elfsight.com\/es\/wp-json\/wp\/v2\/comments?post=3749"}],"version-history":[{"count":3,"href":"https:\/\/elfsight.com\/es\/wp-json\/wp\/v2\/pages\/3749\/revisions"}],"predecessor-version":[{"id":17959,"href":"https:\/\/elfsight.com\/es\/wp-json\/wp\/v2\/pages\/3749\/revisions\/17959"}],"up":[{"embeddable":true,"href":"https:\/\/elfsight.com\/es\/wp-json\/wp\/v2\/pages\/1936"}],"wp:attachment":[{"href":"https:\/\/elfsight.com\/es\/wp-json\/wp\/v2\/media?parent=3749"}],"curies":[{"name":"wp","href":"https:\/\/api.w.org\/{rel}","templated":true}]}}