{"id":3748,"date":"2022-02-11T12:15:04","date_gmt":"2022-02-11T12:15:04","guid":{"rendered":"https:\/\/elfsight.com\/es\/?page_id=3748"},"modified":"2025-02-06T15:14:11","modified_gmt":"2025-02-06T15:14:11","slug":"opencart","status":"publish","type":"page","link":"https:\/\/elfsight.com\/es\/google-reviews-widget\/opencart\/","title":{"rendered":"Google Reviews &#8211; OpenCart"},"content":{"rendered":"<div class=\"application-platform-content-item-description application-platform-content-item\" id=\"description\" data-nav-section=\"description\"> <h2>Incorporar rese\u00f1as de Google con el widget de Elfsight<\/h2> <p>Si deseas presumir tu alta calificaci\u00f3n y convencer a los visitantes del sitio web de que tus ofertas tienen un buen valor, Elfsight Google Reviews es exactamente lo que necesitas. Con la ayuda de nuestro widget, podr\u00e1s insertar rese\u00f1as de clientes de Google en tu sitio web con informaci\u00f3n sobre sus autores, usar filtros para mostrar solo las mejores, a\u00f1adir calificaciones y un bot\u00f3n de redirecci\u00f3n que llevar\u00e1 a las personas a tu p\u00e1gina de Google, donde podr\u00e1n publicar su rese\u00f1a.<\/p><div class=\"faq\" data-component=\"FAQ\"> <div class=\"faq-item\">\r\n\t\t\t\t\t<div class=\"faq-item-question\">\r\n\t\t\t\t\t\t<h3 class=\"faq-item-question-text\">\u00bfD\u00f3nde puedo instalar las Rese\u00f1as de Google en mi sitio?<\/h3>\r\n\r\n\t\t\t\t\t\t<div class=\"faq-item-question-icon\"><\/div>\r\n\t\t\t\t\t<\/div>\r\n\r\n\t\t\t\t\t<div class=\"faq-item-answer\">\r\n\t\t\t\t\t\t<div class=\"faq-item-answer-text\"> <p>Puedes a\u00f1adir el widget en cualquier p\u00e1gina de tu sitio web o pegarlo en la plantilla del sitio, y aparecer\u00e1 en todas las p\u00e1ginas. Las rese\u00f1as funcionar\u00e1n muy bien en las p\u00e1ginas de productos o en la p\u00e1gina de \u00abSobre nosotros\u00bb, donde desees mostrar tu alta calificaci\u00f3n.<\/p><\/div>\r\n\t\t\t\t\t<\/div>\r\n\t\t\t\t<\/div> <div class=\"faq-item\">\r\n\t\t\t\t\t<div class=\"faq-item-question\">\r\n\t\t\t\t\t\t<h3 class=\"faq-item-question-text\">\u00bfC\u00f3mo puede mejorar la funcionalidad del sitio el widget?<\/h3>\r\n\r\n\t\t\t\t\t\t<div class=\"faq-item-question-icon\"><\/div>\r\n\t\t\t\t\t<\/div>\r\n\r\n\t\t\t\t\t<div class=\"faq-item-answer\">\r\n\t\t\t\t\t\t<div class=\"faq-item-answer-text\"> <p>Cuando a\u00f1ades Rese\u00f1as de Google a WordPress, obtienes muchas ventajas. Aqu\u00ed est\u00e1n las principales:<\/p><ul><li><p><strong>M\u00e1s del 77% de las personas leen testimonios antes de comprar de una marca desconocida.<\/strong><br>Esto significa que si tienes buenas calificaciones en Google, tendr\u00e1s m\u00e1s posibilidades de vender tus productos y servicios.<\/p><\/li><li><p><strong>Las rese\u00f1as proporcionan material \u00fatil a tu sitio web.<\/strong><br>Los testimonios incluyen palabras clave relevantes que coinciden con la descripci\u00f3n de tu empresa. Los motores de b\u00fasqueda ver\u00e1n este texto con palabras clave en la p\u00e1gina web.<\/p><\/li><li><p><strong>Los fragmentos de rese\u00f1as aumentan la tasa de clics en la SERP.<\/strong><br>Un fragmento enriquecido para tu excelente calificaci\u00f3n se crea autom\u00e1ticamente mediante un plugin de Rese\u00f1as de Google para OpenCart. Como resultado, es m\u00e1s probable que los usuarios hagan clic en un enlace destacado en Google.<\/p><\/li><\/ul><\/div>\r\n\t\t\t\t\t<\/div>\r\n\t\t\t\t<\/div> <div class=\"faq-item\">\r\n\t\t\t\t\t<div class=\"faq-item-question\">\r\n\t\t\t\t\t\t<h3 class=\"faq-item-question-text\">\u00bfC\u00f3mo puedo insertar el widget de Rese\u00f1as de Google en mi sitio OpenCart?<\/h3>\r\n\r\n\t\t\t\t\t\t<div class=\"faq-item-question-icon\"><\/div>\r\n\t\t\t\t\t<\/div>\r\n\r\n\t\t\t\t\t<div class=\"faq-item-answer\">\r\n\t\t\t\t\t\t<div class=\"faq-item-answer-text\"> <p>La creaci\u00f3n del widget de rese\u00f1as para OpenCart no toma m\u00e1s de dos minutos. Puedes probar todas las ventajas y configuraciones en el editor visual gratuito. Este proceso ni siquiera requiere registro. La instalaci\u00f3n es extremadamente r\u00e1pida, gratuita y sin necesidad de codificaci\u00f3n. Simplemente copiar\u00e1s dos l\u00edneas de c\u00f3digo de instalaci\u00f3n y las pegar\u00e1s en el backend del sitio.<\/p> <\/div>\r\n\t\t\t\t\t<\/div>\r\n\t\t\t\t<\/div> <\/div> <\/div><div class=\"application-platform-content-item-features application-platform-content-item\" id=\"features\" data-nav-section=\"features\"> <h2>Principales caracter\u00edsticas de la extensi\u00f3n de Rese\u00f1as de Google<\/h2> <p>Para tener una idea clara de la extensi\u00f3n, puedes revisar la lista de sus caracter\u00edsticas m\u00e1s importantes. Estas hacen que este widget sea incre\u00edblemente eficiente para tu sitio web:<\/p> <ul> <li>Tres tipos de filtros: por tipo, excluir por, y cantidad de rese\u00f1as para mostrar;<\/li> <li>Cuatro variantes de dise\u00f1o: Lista, Cuadr\u00edcula, Masonry, y Deslizador;<\/li> <li>Una opci\u00f3n para mostrar u ocultar el encabezado del widget;<\/li> <li>El bot\u00f3n para solicitar una rese\u00f1a lleva a las personas a tu p\u00e1gina de Google;<\/li> <li>6 elementos ajustables del widget: el nombre y la foto del autor, texto de recomendaci\u00f3n, fecha de publicaci\u00f3n, icono de Google, y calificaci\u00f3n en estrellas;<\/li> <li>Dos escenarios posibles despu\u00e9s del rechazo de la solicitud de rese\u00f1a: mostrar un mensaje de texto o ocultar el bot\u00f3n.<\/li> <\/ul><p><a href=\"#demo\">Para explorar m\u00e1s caracter\u00edsticas, ver la demostraci\u00f3n<\/a><\/p> <\/div><div class=\"application-platform-content-item-installation application-platform-content-item\" id=\"installation\" data-nav-section=\"installation\"> <h2>C\u00f3mo insertar las Rese\u00f1as de Google en tu sitio OpenCart<\/h2> <p>Las siguientes acciones son lo \u00fanico que necesitas hacer. Tomar\u00e1 un par de minutos y absolutamente nada de codificaci\u00f3n.<\/p> <ol><li><b>Inicia nuestro configurador gratuito y comienza a construir tu extensi\u00f3n personalizada de Rese\u00f1as de Google. <\/b><br> Determina la forma y caracter\u00edsticas adecuadas de la extensi\u00f3n y aplica todas las ediciones. <\/li> <li><b>Copiar el c\u00f3digo \u00fanico que aparece en la ventana de Elfsight Apps. <\/b><br> Una vez que se complete la creaci\u00f3n de tu extensi\u00f3n personalizada, copia el c\u00f3digo exclusivo que aparece en la ventana y gu\u00e1rdalo para su uso posterior. <\/li> <li><b>Comienza a aplicar la extensi\u00f3n en la p\u00e1gina de OpenCart. <\/b><br> Inserta el c\u00f3digo copiado recientemente en tu sitio web y aplica los ajustes. <\/li> <li><b>La configuraci\u00f3n est\u00e1 completamente terminada. <\/b><br> Ve a tu sitio para disfrutar de c\u00f3mo funciona la extensi\u00f3n. <\/li><\/ol><p>\u00bfA\u00fan tienes dudas? \u00bfO problemas? Simplemente env\u00eda tu solicitud a nuestro servicio de atenci\u00f3n al cliente y te ayudar\u00e1n con cualquier pregunta.<\/p> <\/div>","protected":false},"excerpt":{"rendered":"","protected":false},"author":18,"featured_media":0,"parent":1422,"menu_order":0,"comment_status":"closed","ping_status":"closed","template":"templates\/template-application-platform.php","meta":{"publish_to_discourse":"","publish_post_category":"","wpdc_auto_publish_overridden":"","wpdc_topic_tags":"","wpdc_pin_topic":"","wpdc_pin_until":"","discourse_post_id":"","discourse_permalink":"","wpdc_publishing_response":"","wpdc_publishing_error":"","footnotes":""},"class_list":["post-3748","page","type-page","status-publish","hentry"],"yoast_head":"<!-- This site is optimized with the Yoast SEO plugin v25.3.1 - https:\/\/yoast.com\/wordpress\/plugins\/seo\/ -->\n<title>Rese\u00f1as de Google - Incluir plugin de Valoraciones de Google al OpenCart<\/title>\n<meta name=\"description\" content=\"A\u00f1ade un module interactivo de Rese\u00f1as de Google en su p\u00e1gina web de OpenCart. Aplique la demo de Elfsight intuitiva y genere su plugin propio.\" \/>\n<meta name=\"robots\" content=\"index, follow, max-snippet:-1, max-image-preview:large, max-video-preview:-1\" \/>\n<link rel=\"canonical\" href=\"https:\/\/elfsight.com\/es\/google-reviews-widget\/opencart\/\" \/>\n<meta property=\"og:locale\" content=\"es_ES\" \/>\n<meta property=\"og:type\" content=\"article\" \/>\n<meta property=\"og:title\" content=\"Rese\u00f1as de Google - Incluir plugin de Valoraciones de Google al OpenCart\" \/>\n<meta property=\"og:description\" content=\"A\u00f1ade un module interactivo de Rese\u00f1as de Google en su p\u00e1gina web de OpenCart. Aplique la demo de Elfsight intuitiva y genere su plugin propio.\" \/>\n<meta property=\"og:url\" content=\"https:\/\/elfsight.com\/es\/google-reviews-widget\/opencart\/\" \/>\n<meta property=\"og:site_name\" content=\"Elfsight ES\" \/>\n<meta property=\"article:modified_time\" content=\"2025-02-06T15:14:11+00:00\" \/>\n<meta name=\"twitter:card\" content=\"summary_large_image\" \/>\n<meta name=\"twitter:label1\" content=\"Tiempo de lectura\" \/>\n\t<meta name=\"twitter:data1\" content=\"2 minutos\" \/>\n<!-- \/ Yoast SEO plugin. -->","yoast_head_json":{"title":"Rese\u00f1as de Google - Incluir plugin de Valoraciones de Google al OpenCart","description":"A\u00f1ade un module interactivo de Rese\u00f1as de Google en su p\u00e1gina web de OpenCart. Aplique la demo de Elfsight intuitiva y genere su plugin propio.","robots":{"index":"index","follow":"follow","max-snippet":"max-snippet:-1","max-image-preview":"max-image-preview:large","max-video-preview":"max-video-preview:-1"},"canonical":"https:\/\/elfsight.com\/es\/google-reviews-widget\/opencart\/","og_locale":"es_ES","og_type":"article","og_title":"Rese\u00f1as de Google - Incluir plugin de Valoraciones de Google al OpenCart","og_description":"A\u00f1ade un module interactivo de Rese\u00f1as de Google en su p\u00e1gina web de OpenCart. Aplique la demo de Elfsight intuitiva y genere su plugin propio.","og_url":"https:\/\/elfsight.com\/es\/google-reviews-widget\/opencart\/","og_site_name":"Elfsight ES","article_modified_time":"2025-02-06T15:14:11+00:00","twitter_card":"summary_large_image","twitter_misc":{"Tiempo de lectura":"2 minutos"},"schema":{"@context":"https:\/\/schema.org","@graph":[{"@type":"WebPage","@id":"https:\/\/elfsight.com\/es\/google-reviews-widget\/opencart\/","url":"https:\/\/elfsight.com\/es\/google-reviews-widget\/opencart\/","name":"Rese\u00f1as de Google - Incluir plugin de Valoraciones de Google al OpenCart","isPartOf":{"@id":"https:\/\/elfsight.com\/es\/#website"},"datePublished":"2022-02-11T12:15:04+00:00","dateModified":"2025-02-06T15:14:11+00:00","description":"A\u00f1ade un module interactivo de Rese\u00f1as de Google en su p\u00e1gina web de OpenCart. Aplique la demo de Elfsight intuitiva y genere su plugin propio.","breadcrumb":{"@id":"https:\/\/elfsight.com\/es\/google-reviews-widget\/opencart\/#breadcrumb"},"inLanguage":"es","potentialAction":[{"@type":"ReadAction","target":["https:\/\/elfsight.com\/es\/google-reviews-widget\/opencart\/"]}]},{"@type":"BreadcrumbList","@id":"https:\/\/elfsight.com\/es\/google-reviews-widget\/opencart\/#breadcrumb","itemListElement":[{"@type":"ListItem","position":1,"name":"Home","item":"https:\/\/elfsight.com\/es\/"},{"@type":"ListItem","position":2,"name":"Google Reviews","item":"https:\/\/elfsight.com\/es\/google-reviews-widget\/"},{"@type":"ListItem","position":3,"name":"Google Reviews &#8211; OpenCart"}]},{"@type":"WebSite","@id":"https:\/\/elfsight.com\/es\/#website","url":"https:\/\/elfsight.com\/es\/","name":"Elfsight ES","description":"Just another Elfsight Sites site","potentialAction":[{"@type":"SearchAction","target":{"@type":"EntryPoint","urlTemplate":"https:\/\/elfsight.com\/es\/?s={search_term_string}"},"query-input":{"@type":"PropertyValueSpecification","valueRequired":true,"valueName":"search_term_string"}}],"inLanguage":"es"}]}},"meta_box":{"industry":"","seo_heading":"","heading":"","description":"","cta_heading":"","cta_description":"","application":"1421","h1":"plugin de Rese\u00f1as de Google para OpenCart","h1_caption":"Incorpore rese\u00f1as de su lugar desde Google para obtener sin problemas las mejores impresiones de los clientes en la experiencia de su sitio web en su sitio web Opencart sin esfuerzo.","application_category":[],"applications_title":"","applications_request_title":"","applications_request_button_text":"","hero_text":"","hero_video":"","hero_video_schema_markup":"","selling_points_title":"","selling_points_caption":"","selling_points":[],"selling_points_cta_text":"","features_title":"","features":"","ed_cta_examples_text":"","ed_cta_examples_hidden":"","ed_cta_demo_text":"","ed_cta_demo_hidden":"","why_caption":"","why_editor_title":"","why_editor_text":"","why_team_title":"","why_team_text":"","why_service_title":"","why_service_text":"","template_catalog_visible":"","template_catalog_title":"","template_catalog_text":"","template_catalog_categories_visible":"","demo_title":"Crea tu extensi\u00f3n de Rese\u00f1as de Google","demo_caption":"\u00a1Configure sus Rese\u00f1as de Google y agr\u00e9guelas a su sitio web OpenCart de forma gratuita!","default_faq_hidden":"","app_template_category":[],"platform":"88","template_public_id":"","codecanyon_url":"","codecanyon_item_id":"","codecanyon_price":"","pricing_caption":"","pricing_elfsight_apps_hide_column":"","pricing_elfsight_apps_url":"","pricing_codecanyon_price_caption":"","integration_category":[],"integration_request_title":"","integration_request_cta":"","integration_platform":"","integrations":[],"platform_category":[],"video_schema_markup":"","price":"desde $0 por mes","trial":"","benefits":[{"text":"Instalaci\u00f3n gratuita"},{"text":"Soporte Premium"},{"text":"14 d\u00edas garant\u00eda de reembolso"},{"text":"Actualizaciones regulares"}],"button_url":"#demo","button_target_blank":"0","button_nofollow":"0","attributes":[{"name":"Responsivo","content":"Si","_state":"expanded"},{"name":"Navegadores compatibles","content":"Firefox, Safari, Opera, Chrome, Edge","_state":"expanded"}],"tags":[],"tags_disable_links":"0","hide_more_platforms":"","video_object":"","demo_hide_cta":"0","demo_hide_cloud_options":"0","pricing_title":"","pricing":[{"pricing_icon":"platform","pricing_title":" Elfsight Apps","pricing_title_caption":"Soluci\u00f3n multiplataforma - valido para cualquier p\u00e1gina web","pricing_price":"desde $0 por mes","pricing_price_caption":"empezar con un plan gratuito","pricing_benefits":[{"text":"Sitios web ilimitados"},{"text":"Atenci\u00f3n al cliente gratuita y r\u00e1pida"},{"text":"Servicio de instalaci\u00f3n gratuito"},{"text":"Totalmente personalizable"}],"pricing_button_text":"Agregar al sitio web","pricing_button_url":"#demo","_state":"expanded"}],"related_apps_title":"","related_apps_hidden":"1","author":"","image":[],"title":"","job":"","social_networks":[]},"_links":{"self":[{"href":"https:\/\/elfsight.com\/es\/wp-json\/wp\/v2\/pages\/3748","targetHints":{"allow":["GET"]}}],"collection":[{"href":"https:\/\/elfsight.com\/es\/wp-json\/wp\/v2\/pages"}],"about":[{"href":"https:\/\/elfsight.com\/es\/wp-json\/wp\/v2\/types\/page"}],"author":[{"embeddable":true,"href":"https:\/\/elfsight.com\/es\/wp-json\/wp\/v2\/users\/18"}],"replies":[{"embeddable":true,"href":"https:\/\/elfsight.com\/es\/wp-json\/wp\/v2\/comments?post=3748"}],"version-history":[{"count":3,"href":"https:\/\/elfsight.com\/es\/wp-json\/wp\/v2\/pages\/3748\/revisions"}],"predecessor-version":[{"id":17958,"href":"https:\/\/elfsight.com\/es\/wp-json\/wp\/v2\/pages\/3748\/revisions\/17958"}],"up":[{"embeddable":true,"href":"https:\/\/elfsight.com\/es\/wp-json\/wp\/v2\/pages\/1422"}],"wp:attachment":[{"href":"https:\/\/elfsight.com\/es\/wp-json\/wp\/v2\/media?parent=3748"}],"curies":[{"name":"wp","href":"https:\/\/api.w.org\/{rel}","templated":true}]}}