{"id":3745,"date":"2022-02-11T12:15:07","date_gmt":"2022-02-11T12:15:07","guid":{"rendered":"https:\/\/elfsight.com\/es\/?page_id=3745"},"modified":"2025-02-06T15:14:11","modified_gmt":"2025-02-06T15:14:11","slug":"webflow","status":"publish","type":"page","link":"https:\/\/elfsight.com\/es\/google-maps-widget\/webflow\/","title":{"rendered":"Google Maps &#8211; Webflow"},"content":{"rendered":"<div class=\"application-platform-content-item-description application-platform-content-item\" id=\"description\" data-nav-section=\"description\"><h2>Incorpora Google Maps en Webflow con el widget de Elfsight<\/h2>Una configuraci\u00f3n r\u00e1pida, una interfaz universal y completamente personalizable facilitan mucho la b\u00fasqueda de tus puntos de mapa por parte de los clientes. Atraer a clientes reales con \u00e9xito, agregarlo r\u00e1pidamente a un sitio y configurarlo lo convierten en una de las mejores herramientas para cualquier sitio Webflow.<b>\u00a1Obt\u00e9n m\u00e1s clientes reales usando mapas atractivos en tu sitio web!<\/b><ul>         <li><b>Maximiza la interacci\u00f3n de tus clientes con los mapas<\/b>. Haz que el mapa personalizado sea c\u00f3modo para los visitantes e int\u00e9gralo en tu sitio web, de modo que los visitantes puedan utilizar f\u00e1cilmente tu informaci\u00f3n de contacto.<\/li>         <li><b>Muestra una lista completa de tus puntos en el mapa<\/b>. Muestra en el mapa todas las tiendas disponibles, ubicaciones de venta o recogida de productos y permite que tus clientes tengan un mapa f\u00e1cil de usar para encontrar la ubicaci\u00f3n m\u00e1s cercana.<\/li>         <li><b>No pierdas tiempo construyendo mapas<\/b>. Todas las funciones est\u00e1n disponibles en 2 clics, por lo que puedes crear el mapa m\u00e1s potente para tu sitio en solo unos segundos.<\/li><\/ul><\/div><div class=\"application-platform-content-item-features application-platform-content-item\" id=\"features\" data-nav-section=\"features\"><h2>Principales caracter\u00edsticas del widget de Google Maps<\/h2>\u00bfQu\u00e9 funciones hacen que el mapa de Elfsight sea el mejor para todos los sitios Webflow?<ul>         <li>Marcadores de ubicaci\u00f3n diversos para mapa interactivo;<\/li>         <li>4 tipos de mapas: Roadmap, Sat\u00e9lite, H\u00edbrido, Terreno;<\/li>         <li>Tarjeta informativa emergente para cada marcador individualmente;<\/li>         <li>3 tipos de animaci\u00f3n de marcadores;<\/li>         <li>M\u00e1s de 60 idiomas soportados.<\/li><\/ul><a href=\"#demo\">\u00a1Consulta la lista completa de caracter\u00edsticas en el panel!<\/a><\/div><div class=\"application-platform-content-item-installation application-platform-content-item\" id=\"installation\" data-nav-section=\"installation\"><h2>C\u00f3mo agregar el widget de Google Maps a tu sitio Webflow<\/h2><div class=\"video-container\"><iframe width=\"720\" height=\"405\" src=\"https:\/\/www.youtube.com\/embed\/GJlb5ZLdPuI\" frameborder=\"0\" allowfullscreen=\"\"><\/iframe><\/div>Una breve gu\u00eda sobre c\u00f3mo instalar mapas responsivos en Webflow por ti mismo. Para hacer esto, no es necesario contratar a un desarrollador ni tener conocimientos de desarrollo. El tiempo total de configuraci\u00f3n es de solo 3 minutos.<ol>         <li><b>Genera tus mapas personales de Google<\/b>. Mediante nuestra demostraci\u00f3n gratuita, crea un widget con la plantilla y capacidades necesarias.<\/li>         <li><b>Copia el c\u00f3digo para mostrar el widget<\/b>. Despu\u00e9s de generar el widget, obt\u00e9n el c\u00f3digo para el widget de mapa desde la notificaci\u00f3n que aparece en Elfsight Apps.<\/li>         <li><b>Muestra el widget en tu sitio Webflow<\/b>. Integra el widget en el lugar necesario de la p\u00e1gina y publica los cambios.<\/li>         <li><b>La instalaci\u00f3n est\u00e1 lista<\/b>. Ve a tu sitio Webflow para revisar tu mapa.<\/li><\/ol>Tienes dificultades o problemas al seguir el manual o generar tu propio mapa? Lee las instrucciones informativas \u00ab<a href=\"https:\/\/elfsight.com\/tutorials\/how-to-add-google-maps-builder-to-webflow\/\" target=\"_blank\" rel=\"noopener noreferrer\">C\u00f3mo colocar un mapa en un sitio Webflow<\/a>\u00bb o deja una solicitud en soporte al cliente y estaremos encantados de ayudarte a crear y mostrar mapas en tu sitio web.<div class=\"faq\" data-component=\"FAQ\"><div class=\"faq-item\">\r\n\t\t\t\t\t<div class=\"faq-item-question\">\r\n\t\t\t\t\t\t<h3 class=\"faq-item-question-text\">\u00bfC\u00f3mo puedo agregar Google Maps a mi sitio Webflow sin habilidades de programaci\u00f3n?<\/h3>\r\n\r\n\t\t\t\t\t\t<div class=\"faq-item-question-icon\"><\/div>\r\n\t\t\t\t\t<\/div>\r\n\r\n\t\t\t\t\t<div class=\"faq-item-answer\">\r\n\t\t\t\t\t\t<div class=\"faq-item-answer-text\"> <p>Elfsight ofrece una soluci\u00f3n SaaS que te permite crear un widget de Google Maps por ti mismo. Mira lo f\u00e1cil que es el proceso: Trabaja directamente en el Editor en l\u00ednea para crear el widget de Google Maps que te gustar\u00eda ver en tu sitio Webflow. Elige una de las plantillas predise\u00f1adas y ajusta la configuraci\u00f3n de Google Maps, agrega tu contenido, cambia el dise\u00f1o y los colores sin necesidad de habilidades de programaci\u00f3n. Guarda el Google Maps y copia su c\u00f3digo de instalaci\u00f3n, que podr\u00e1s pegar f\u00e1cilmente en tu sitio Webflow sin necesidad de suscripci\u00f3n de pago. Con nuestro Editor intuitivo, cualquier usuario de Internet puede crear un widget de Google Maps en l\u00ednea e integrarlo f\u00e1cilmente en su sitio Webflow. No es necesario pagar ni ingresar tus credenciales bancarias para acceder al servicio. Si tienes problemas en alg\u00fan paso, no dudes en contactar a nuestro equipo de soporte t\u00e9cnico.<\/p> <\/div>\r\n\t\t\t\t\t<\/div>\r\n\t\t\t\t<\/div> <\/div><\/div>","protected":false},"excerpt":{"rendered":"","protected":false},"author":18,"featured_media":0,"parent":1936,"menu_order":0,"comment_status":"closed","ping_status":"closed","template":"templates\/template-application-platform.php","meta":{"publish_to_discourse":"","publish_post_category":"","wpdc_auto_publish_overridden":"","wpdc_topic_tags":"","wpdc_pin_topic":"","wpdc_pin_until":"","discourse_post_id":"","discourse_permalink":"","wpdc_publishing_response":"","wpdc_publishing_error":"","footnotes":""},"class_list":["post-3745","page","type-page","status-publish","hentry"],"yoast_head":"<!-- This site is optimized with the Yoast SEO plugin v25.3.1 - https:\/\/yoast.com\/wordpress\/plugins\/seo\/ -->\n<title>Mapas de Google - A\u00f1adir plugin de Google Maps al Webflow<\/title>\n<meta name=\"description\" content=\"A\u00f1ade un widget atractivo de Mapas de Google en su sitio de Webflow. Pruebe la demo de Elfsight f\u00e1cil de usar y cree su plugin personalizado.\" \/>\n<meta name=\"robots\" content=\"index, follow, max-snippet:-1, max-image-preview:large, max-video-preview:-1\" \/>\n<link rel=\"canonical\" href=\"https:\/\/elfsight.com\/es\/google-maps-widget\/webflow\/\" \/>\n<meta property=\"og:locale\" content=\"es_ES\" \/>\n<meta property=\"og:type\" content=\"article\" \/>\n<meta property=\"og:title\" content=\"Mapas de Google - A\u00f1adir plugin de Google Maps al Webflow\" \/>\n<meta property=\"og:description\" content=\"A\u00f1ade un widget atractivo de Mapas de Google en su sitio de Webflow. Pruebe la demo de Elfsight f\u00e1cil de usar y cree su plugin personalizado.\" \/>\n<meta property=\"og:url\" content=\"https:\/\/elfsight.com\/es\/google-maps-widget\/webflow\/\" \/>\n<meta property=\"og:site_name\" content=\"Elfsight ES\" \/>\n<meta property=\"article:modified_time\" content=\"2025-02-06T15:14:11+00:00\" \/>\n<meta name=\"twitter:card\" content=\"summary_large_image\" \/>\n<meta name=\"twitter:label1\" content=\"Tiempo de lectura\" \/>\n\t<meta name=\"twitter:data1\" content=\"1 minuto\" \/>\n<!-- \/ Yoast SEO plugin. -->","yoast_head_json":{"title":"Mapas de Google - A\u00f1adir plugin de Google Maps al Webflow","description":"A\u00f1ade un widget atractivo de Mapas de Google en su sitio de Webflow. Pruebe la demo de Elfsight f\u00e1cil de usar y cree su plugin personalizado.","robots":{"index":"index","follow":"follow","max-snippet":"max-snippet:-1","max-image-preview":"max-image-preview:large","max-video-preview":"max-video-preview:-1"},"canonical":"https:\/\/elfsight.com\/es\/google-maps-widget\/webflow\/","og_locale":"es_ES","og_type":"article","og_title":"Mapas de Google - A\u00f1adir plugin de Google Maps al Webflow","og_description":"A\u00f1ade un widget atractivo de Mapas de Google en su sitio de Webflow. Pruebe la demo de Elfsight f\u00e1cil de usar y cree su plugin personalizado.","og_url":"https:\/\/elfsight.com\/es\/google-maps-widget\/webflow\/","og_site_name":"Elfsight ES","article_modified_time":"2025-02-06T15:14:11+00:00","twitter_card":"summary_large_image","twitter_misc":{"Tiempo de lectura":"1 minuto"},"schema":{"@context":"https:\/\/schema.org","@graph":[{"@type":"WebPage","@id":"https:\/\/elfsight.com\/es\/google-maps-widget\/webflow\/","url":"https:\/\/elfsight.com\/es\/google-maps-widget\/webflow\/","name":"Mapas de Google - A\u00f1adir plugin de Google Maps al Webflow","isPartOf":{"@id":"https:\/\/elfsight.com\/es\/#website"},"datePublished":"2022-02-11T12:15:07+00:00","dateModified":"2025-02-06T15:14:11+00:00","description":"A\u00f1ade un widget atractivo de Mapas de Google en su sitio de Webflow. Pruebe la demo de Elfsight f\u00e1cil de usar y cree su plugin personalizado.","breadcrumb":{"@id":"https:\/\/elfsight.com\/es\/google-maps-widget\/webflow\/#breadcrumb"},"inLanguage":"es","potentialAction":[{"@type":"ReadAction","target":["https:\/\/elfsight.com\/es\/google-maps-widget\/webflow\/"]}]},{"@type":"BreadcrumbList","@id":"https:\/\/elfsight.com\/es\/google-maps-widget\/webflow\/#breadcrumb","itemListElement":[{"@type":"ListItem","position":1,"name":"Home","item":"https:\/\/elfsight.com\/es\/"},{"@type":"ListItem","position":2,"name":"Google Maps","item":"https:\/\/elfsight.com\/es\/google-maps-widget\/"},{"@type":"ListItem","position":3,"name":"Google Maps &#8211; Webflow"}]},{"@type":"WebSite","@id":"https:\/\/elfsight.com\/es\/#website","url":"https:\/\/elfsight.com\/es\/","name":"Elfsight ES","description":"Just another Elfsight Sites site","potentialAction":[{"@type":"SearchAction","target":{"@type":"EntryPoint","urlTemplate":"https:\/\/elfsight.com\/es\/?s={search_term_string}"},"query-input":{"@type":"PropertyValueSpecification","valueRequired":true,"valueName":"search_term_string"}}],"inLanguage":"es"}]}},"meta_box":{"industry":"","seo_heading":"","heading":"","description":"","cta_heading":"","cta_description":"","application":"1935","h1":"complemento de Mapas de Google para Webflow","h1_caption":"Incorpore un mapa de Google responsivo para mostrar su ubicaci\u00f3n o m\u00faltiples ubicaciones para una f\u00e1cil navegaci\u00f3n en su sitio web Webflow sin esfuerzo.","application_category":[],"applications_title":"","applications_request_title":"","applications_request_button_text":"","hero_text":"","hero_video":"","hero_video_schema_markup":"","selling_points_title":"","selling_points_caption":"","selling_points":[],"selling_points_cta_text":"","features_title":"","features":"","ed_cta_examples_text":"","ed_cta_examples_hidden":"","ed_cta_demo_text":"","ed_cta_demo_hidden":"","why_caption":"","why_editor_title":"","why_editor_text":"","why_team_title":"","why_team_text":"","why_service_title":"","why_service_text":"","template_catalog_visible":"","template_catalog_title":"","template_catalog_text":"","template_catalog_categories_visible":"","demo_title":"Crea tu widget de Google Maps","demo_caption":"\u00a1Configura tu Google Maps y agr\u00e9galo a tu sitio web Webflow gratis!","default_faq_hidden":"","app_template_category":[],"platform":"106","template_public_id":"","codecanyon_url":"","codecanyon_item_id":"","codecanyon_price":"","pricing_caption":"","pricing_elfsight_apps_hide_column":"","pricing_elfsight_apps_url":"","pricing_codecanyon_price_caption":"","integration_category":[],"integration_request_title":"","integration_request_cta":"","integration_platform":"","integrations":[],"platform_category":[],"video_schema_markup":"","price":"desde $0 por mes","trial":"","benefits":[{"text":"Instalaci\u00f3n gratuita"},{"text":"Soporte Premium"},{"text":"14 d\u00edas garant\u00eda de reembolso"},{"text":"Actualizaciones regulares"}],"button_url":"#demo","button_target_blank":"0","button_nofollow":"0","attributes":[{"name":"Responsivo","content":"Si","_state":"expanded"},{"name":"Navegadores compatibles","content":"Firefox, Safari, Opera, Chrome, Edge","_state":"expanded"}],"tags":[],"tags_disable_links":"0","hide_more_platforms":"","video_object":"","demo_hide_cta":"0","demo_hide_cloud_options":"0","pricing_title":"","pricing":[{"pricing_icon":"platform","pricing_title":" Elfsight Apps","pricing_title_caption":"Soluci\u00f3n multiplataforma - valido para cualquier p\u00e1gina web","pricing_price":"desde $0 por mes","pricing_price_caption":"empezar con un plan gratuito","pricing_benefits":[{"text":"Sitios web ilimitados"},{"text":"Atenci\u00f3n al cliente gratuita y r\u00e1pida"},{"text":"Servicio de instalaci\u00f3n gratuito"},{"text":"Totalmente personalizable"}],"pricing_button_text":"Agregar al sitio web","pricing_button_url":"#demo","_state":"expanded"}],"related_apps_title":"","related_apps_hidden":"1","author":"","image":[],"title":"","job":"","social_networks":[]},"_links":{"self":[{"href":"https:\/\/elfsight.com\/es\/wp-json\/wp\/v2\/pages\/3745","targetHints":{"allow":["GET"]}}],"collection":[{"href":"https:\/\/elfsight.com\/es\/wp-json\/wp\/v2\/pages"}],"about":[{"href":"https:\/\/elfsight.com\/es\/wp-json\/wp\/v2\/types\/page"}],"author":[{"embeddable":true,"href":"https:\/\/elfsight.com\/es\/wp-json\/wp\/v2\/users\/18"}],"replies":[{"embeddable":true,"href":"https:\/\/elfsight.com\/es\/wp-json\/wp\/v2\/comments?post=3745"}],"version-history":[{"count":3,"href":"https:\/\/elfsight.com\/es\/wp-json\/wp\/v2\/pages\/3745\/revisions"}],"predecessor-version":[{"id":17957,"href":"https:\/\/elfsight.com\/es\/wp-json\/wp\/v2\/pages\/3745\/revisions\/17957"}],"up":[{"embeddable":true,"href":"https:\/\/elfsight.com\/es\/wp-json\/wp\/v2\/pages\/1936"}],"wp:attachment":[{"href":"https:\/\/elfsight.com\/es\/wp-json\/wp\/v2\/media?parent=3745"}],"curies":[{"name":"wp","href":"https:\/\/api.w.org\/{rel}","templated":true}]}}