{"id":3740,"date":"2022-02-11T12:15:32","date_gmt":"2022-02-11T12:15:32","guid":{"rendered":"https:\/\/elfsight.com\/es\/?page_id=3740"},"modified":"2025-02-06T15:14:03","modified_gmt":"2025-02-06T15:14:03","slug":"magento","status":"publish","type":"page","link":"https:\/\/elfsight.com\/es\/google-reviews-widget\/magento\/","title":{"rendered":"Google Reviews &#8211; Magento"},"content":{"rendered":"<div class=\"application-platform-content-item-description application-platform-content-item\" id=\"description\" data-nav-section=\"description\"><h2>Incorpora opiniones de Google con el widget de Elfsight<\/h2> <p>Elfsight Google Customer Reviews para Magento es un widget pr\u00e1ctico que te permite mostrar en tu sitio web las opiniones sobre tu negocio de publicaciones en Google. Usando este widget, puedes aplicar varios filtros para ordenar las opiniones no deseadas, agregar tus calificaciones con estrellas y n\u00fameros de Google, mostrar detalles sobre los autores y a\u00f1adir un bot\u00f3n que llevar\u00e1 a los visitantes a publicar una nueva rese\u00f1a en Google. El widget de Google Reviews de Elfsight te ayudar\u00e1 a mostrar una prueba social perfecta en tu sitio web y aumentar las ventas.<\/p><div class=\"faq\" data-component=\"FAQ\"> <div class=\"faq-item\">\r\n\t\t\t\t\t<div class=\"faq-item-question\">\r\n\t\t\t\t\t\t<h3 class=\"faq-item-question-text\">\u00bfD\u00f3nde puedo instalarlo en mi sitio web?<\/h3>\r\n\r\n\t\t\t\t\t\t<div class=\"faq-item-question-icon\"><\/div>\r\n\t\t\t\t\t<\/div>\r\n\r\n\t\t\t\t\t<div class=\"faq-item-answer\">\r\n\t\t\t\t\t\t<div class=\"faq-item-answer-text\"> <p>Puedes agregar el widget a cualquier p\u00e1gina de tu sitio web, o agregarlo a la plantilla del sitio, y se publicar\u00e1 en todas las p\u00e1ginas. Las opiniones funcionar\u00e1n bien en las p\u00e1ginas de productos o en la p\u00e1gina de \u00abAcerca de nosotros\u00bb, en los lugares donde necesites mostrar tu alta valoraci\u00f3n.<\/p><\/div>\r\n\t\t\t\t\t<\/div>\r\n\t\t\t\t<\/div> <div class=\"faq-item\">\r\n\t\t\t\t\t<div class=\"faq-item-question\">\r\n\t\t\t\t\t\t<h3 class=\"faq-item-question-text\">\u00bfC\u00f3mo me beneficiar\u00e9 de esto?<\/h3>\r\n\r\n\t\t\t\t\t\t<div class=\"faq-item-question-icon\"><\/div>\r\n\t\t\t\t\t<\/div>\r\n\r\n\t\t\t\t\t<div class=\"faq-item-answer\">\r\n\t\t\t\t\t\t<div class=\"faq-item-answer-text\"> <p>Las opiniones compartidas por personas reales son extremadamente cre\u00edbles para los visitantes de tu sitio web, mostrando que tu negocio es un socio confiable. Una alta calificaci\u00f3n y excelentes opiniones pueden ayudar a aumentar las compras en tu sitio. Adem\u00e1s, el bot\u00f3n activo contribuir\u00e1 a obtener m\u00e1s opiniones de clientes relacionadas con tu negocio en Google.<\/p> <\/div>\r\n\t\t\t\t\t<\/div>\r\n\t\t\t\t<\/div> <div class=\"faq-item\">\r\n\t\t\t\t\t<div class=\"faq-item-question\">\r\n\t\t\t\t\t\t<h3 class=\"faq-item-question-text\">\u00bfC\u00f3mo agrego el widget de Google Reviews a mi sitio Magento?<\/h3>\r\n\r\n\t\t\t\t\t\t<div class=\"faq-item-question-icon\"><\/div>\r\n\t\t\t\t\t<\/div>\r\n\r\n\t\t\t\t\t<div class=\"faq-item-answer\">\r\n\t\t\t\t\t\t<div class=\"faq-item-answer-text\"> <p>Agregar rese\u00f1as de Google a Magento no toma m\u00e1s de dos minutos. La instalaci\u00f3n de rese\u00f1as de clientes de Google en Magento es r\u00e1pida, gratuita y no requiere ninguna codificaci\u00f3n.<\/p><p>Las rese\u00f1as de clientes se pueden configurar directamente a trav\u00e9s de nuestro servicio o a trav\u00e9s del marketplace. Puedes ver las ventajas de ambas opciones y elegir la que prefieras.<\/p> <\/div>\r\n\t\t\t\t\t<\/div>\r\n\t\t\t\t<\/div> <\/div> <\/div> <div class=\"application-platform-content-item-features application-platform-content-item\" id=\"features\" data-nav-section=\"features\"><h2>Principales caracter\u00edsticas de la extensi\u00f3n Google Reviews<\/h2> <p>Para obtener una comprensi\u00f3n clara de la extensi\u00f3n, puedes revisar la lista de sus principales caracter\u00edsticas. Estas hacen que este widget sea incre\u00edblemente eficiente para tu sitio web:<\/p> <ul> <li>Tres filtros listos para usar: por tipo, excluir por, y cantidad de rese\u00f1as a mostrar;<\/li> <li>Cuatro opciones de dise\u00f1o: Lista, Cuadr\u00edcula, Mamposter\u00eda y Deslizador;<\/li> <li>Una opci\u00f3n para controlar la visualizaci\u00f3n del encabezado del widget;<\/li> <li>El bot\u00f3n de solicitud de rese\u00f1a lleva a los usuarios a la p\u00e1gina de Google;<\/li> <li>6 elementos ajustables de la interfaz: nombre y foto del autor, recomendaci\u00f3n, fecha de publicaci\u00f3n, \u00edcono de Google y calificaci\u00f3n con estrellas;<\/li> <li>Dos posibles escenarios en los que los usuarios rechazan dejar su rese\u00f1a: mostrar un mensaje personalizado o eliminar el bot\u00f3n.<\/li> <\/ul><p><a href=\"#demo\">Para explorar m\u00e1s caracter\u00edsticas, ver la demo<\/a><\/p><p>Debes agregar rese\u00f1as de clientes de Google a tu sitio web sin dudarlo. Las rese\u00f1as de clientes reales tienen ventajas que las hacen destacar frente a los competidores. Por ejemplo, el marcado de esquema se inserta autom\u00e1ticamente en las rese\u00f1as de Google de forma predeterminada. Esto significa que el enlace a tu sitio web en los resultados de b\u00fasqueda de Google (SERP) se mejora con estrellas, lo que lo hace m\u00e1s visible para los espectadores.<\/p><p>Adem\u00e1s, no ralentiza tu sitio web. Finalmente, Google favorece a los sitios web con buenas calificaciones en los resultados de b\u00fasqueda (SERP), ya que contienen contenido relevante y valioso.<\/p> <\/div> <div class=\"application-platform-content-item-installation application-platform-content-item\" id=\"installation\" data-nav-section=\"installation\"><h2>C\u00f3mo incrustar Google Reviews en tu sitio Magento<\/h2> <p>Solo sigue los pasos presentados a continuaci\u00f3n para agregar el widget en Magento.<\/p> <ol><li><b>Usa nuestro editor gratuito y comienza a crear tu extensi\u00f3n personalizada.<\/b><br> Encuentra el dise\u00f1o y las especificaciones preferidas de la herramienta y aplica las modificaciones.<\/li>  <li><b>Copia tu c\u00f3digo personal que aparece en la ventana de Elfsight Apps.<\/b><br> Cuando termines de crear tu widget personalizado, copia el c\u00f3digo personal de la ventana emergente y gu\u00e1rdalo para su uso futuro.<\/li>  <li><b>Comienza a usar la extensi\u00f3n de Google Reviews en tu sitio Magento.<\/b><br> Pega el c\u00f3digo copiado recientemente en tu p\u00e1gina web y guarda las modificaciones.<\/li>  <li><b>La instalaci\u00f3n est\u00e1 completamente realizada.<\/b><br> Abre tu p\u00e1gina web para ver c\u00f3mo funciona la herramienta.<\/li><\/ol><p>\u00bfA\u00fan tienes dudas? \u00bfO est\u00e1s experimentando problemas con las rese\u00f1as de Google? Simplemente env\u00eda tu consulta a nuestro servicio de atenci\u00f3n al cliente y te ayudar\u00e1n con cualquier pregunta.<\/p> <\/div>","protected":false},"excerpt":{"rendered":"","protected":false},"author":18,"featured_media":0,"parent":1422,"menu_order":0,"comment_status":"closed","ping_status":"closed","template":"templates\/template-application-platform.php","meta":{"publish_to_discourse":"","publish_post_category":"","wpdc_auto_publish_overridden":"","wpdc_topic_tags":"","wpdc_pin_topic":"","wpdc_pin_until":"","discourse_post_id":"","discourse_permalink":"","wpdc_publishing_response":"","wpdc_publishing_error":"","footnotes":""},"class_list":["post-3740","page","type-page","status-publish","hentry"],"yoast_head":"<!-- This site is optimized with the Yoast SEO plugin v25.3.1 - https:\/\/yoast.com\/wordpress\/plugins\/seo\/ -->\n<title>Rese\u00f1as de Google - Integrar plugin de Valoraciones de Google al Magento<\/title>\n<meta name=\"description\" content=\"Instala un extention atractivo de Rese\u00f1as de Google en su p\u00e1gina web de Magento. Aplique la demo de Elfsight intuitiva y cree su plugin propio.\" \/>\n<meta name=\"robots\" content=\"index, follow, max-snippet:-1, max-image-preview:large, max-video-preview:-1\" \/>\n<link rel=\"canonical\" href=\"https:\/\/elfsight.com\/es\/google-reviews-widget\/magento\/\" \/>\n<meta property=\"og:locale\" content=\"es_ES\" \/>\n<meta property=\"og:type\" content=\"article\" \/>\n<meta property=\"og:title\" content=\"Rese\u00f1as de Google - Integrar plugin de Valoraciones de Google al Magento\" \/>\n<meta property=\"og:description\" content=\"Instala un extention atractivo de Rese\u00f1as de Google en su p\u00e1gina web de Magento. Aplique la demo de Elfsight intuitiva y cree su plugin propio.\" \/>\n<meta property=\"og:url\" content=\"https:\/\/elfsight.com\/es\/google-reviews-widget\/magento\/\" \/>\n<meta property=\"og:site_name\" content=\"Elfsight ES\" \/>\n<meta property=\"article:modified_time\" content=\"2025-02-06T15:14:03+00:00\" \/>\n<meta name=\"twitter:card\" content=\"summary_large_image\" \/>\n<meta name=\"twitter:label1\" content=\"Tiempo de lectura\" \/>\n\t<meta name=\"twitter:data1\" content=\"2 minutos\" \/>\n<!-- \/ Yoast SEO plugin. -->","yoast_head_json":{"title":"Rese\u00f1as de Google - Integrar plugin de Valoraciones de Google al Magento","description":"Instala un extention atractivo de Rese\u00f1as de Google en su p\u00e1gina web de Magento. Aplique la demo de Elfsight intuitiva y cree su plugin propio.","robots":{"index":"index","follow":"follow","max-snippet":"max-snippet:-1","max-image-preview":"max-image-preview:large","max-video-preview":"max-video-preview:-1"},"canonical":"https:\/\/elfsight.com\/es\/google-reviews-widget\/magento\/","og_locale":"es_ES","og_type":"article","og_title":"Rese\u00f1as de Google - Integrar plugin de Valoraciones de Google al Magento","og_description":"Instala un extention atractivo de Rese\u00f1as de Google en su p\u00e1gina web de Magento. Aplique la demo de Elfsight intuitiva y cree su plugin propio.","og_url":"https:\/\/elfsight.com\/es\/google-reviews-widget\/magento\/","og_site_name":"Elfsight ES","article_modified_time":"2025-02-06T15:14:03+00:00","twitter_card":"summary_large_image","twitter_misc":{"Tiempo de lectura":"2 minutos"},"schema":{"@context":"https:\/\/schema.org","@graph":[{"@type":"WebPage","@id":"https:\/\/elfsight.com\/es\/google-reviews-widget\/magento\/","url":"https:\/\/elfsight.com\/es\/google-reviews-widget\/magento\/","name":"Rese\u00f1as de Google - Integrar plugin de Valoraciones de Google al Magento","isPartOf":{"@id":"https:\/\/elfsight.com\/es\/#website"},"datePublished":"2022-02-11T12:15:32+00:00","dateModified":"2025-02-06T15:14:03+00:00","description":"Instala un extention atractivo de Rese\u00f1as de Google en su p\u00e1gina web de Magento. Aplique la demo de Elfsight intuitiva y cree su plugin propio.","breadcrumb":{"@id":"https:\/\/elfsight.com\/es\/google-reviews-widget\/magento\/#breadcrumb"},"inLanguage":"es","potentialAction":[{"@type":"ReadAction","target":["https:\/\/elfsight.com\/es\/google-reviews-widget\/magento\/"]}]},{"@type":"BreadcrumbList","@id":"https:\/\/elfsight.com\/es\/google-reviews-widget\/magento\/#breadcrumb","itemListElement":[{"@type":"ListItem","position":1,"name":"Home","item":"https:\/\/elfsight.com\/es\/"},{"@type":"ListItem","position":2,"name":"Google Reviews","item":"https:\/\/elfsight.com\/es\/google-reviews-widget\/"},{"@type":"ListItem","position":3,"name":"Google Reviews &#8211; Magento"}]},{"@type":"WebSite","@id":"https:\/\/elfsight.com\/es\/#website","url":"https:\/\/elfsight.com\/es\/","name":"Elfsight ES","description":"Just another Elfsight Sites site","potentialAction":[{"@type":"SearchAction","target":{"@type":"EntryPoint","urlTemplate":"https:\/\/elfsight.com\/es\/?s={search_term_string}"},"query-input":{"@type":"PropertyValueSpecification","valueRequired":true,"valueName":"search_term_string"}}],"inLanguage":"es"}]}},"meta_box":{"industry":"","seo_heading":"","heading":"","description":"","cta_heading":"","cta_description":"","application":"1421","h1":"plugin de Rese\u00f1as de Google para Magento","h1_caption":"Incorpore sin esfuerzo rese\u00f1as de su lugar desde Google para obtener las mejores impresiones de los clientes en la experiencia de su sitio web en su sitio web Magento.","application_category":[],"applications_title":"","applications_request_title":"","applications_request_button_text":"","hero_text":"","hero_video":"","hero_video_schema_markup":"","selling_points_title":"","selling_points_caption":"","selling_points":[],"selling_points_cta_text":"","features_title":"","features":"","ed_cta_examples_text":"","ed_cta_examples_hidden":"","ed_cta_demo_text":"","ed_cta_demo_hidden":"","why_caption":"","why_editor_title":"","why_editor_text":"","why_team_title":"","why_team_text":"","why_service_title":"","why_service_text":"","template_catalog_visible":"","template_catalog_title":"","template_catalog_text":"","template_catalog_categories_visible":"","demo_title":"Crea tu extensi\u00f3n de Rese\u00f1as de Google","demo_caption":"\u00a1Configure sus Rese\u00f1as de Google y agr\u00e9guelas a su sitio web Magento de forma gratuita!","default_faq_hidden":"","app_template_category":[],"platform":"82","template_public_id":"","codecanyon_url":"","codecanyon_item_id":"","codecanyon_price":"","pricing_caption":"","pricing_elfsight_apps_hide_column":"","pricing_elfsight_apps_url":"","pricing_codecanyon_price_caption":"","integration_category":[],"integration_request_title":"","integration_request_cta":"","integration_platform":"","integrations":[],"platform_category":[],"video_schema_markup":"","price":"desde $0 por mes","trial":"","benefits":[{"text":"Instalaci\u00f3n gratuita"},{"text":"Soporte Premium"},{"text":"14 d\u00edas garant\u00eda de reembolso"},{"text":"Actualizaciones regulares"}],"button_url":"#demo","button_target_blank":"0","button_nofollow":"0","attributes":[{"name":"Responsivo","content":"Si","_state":"expanded"},{"name":"Navegadores compatibles","content":"Firefox, Safari, Opera, Chrome, Edge","_state":"expanded"}],"tags":[],"tags_disable_links":"0","hide_more_platforms":"","video_object":"","demo_hide_cta":"0","demo_hide_cloud_options":"0","pricing_title":"","pricing":[{"pricing_icon":"platform","pricing_title":" Elfsight Apps","pricing_title_caption":"Soluci\u00f3n multiplataforma - valido para cualquier p\u00e1gina web","pricing_price":"desde $0 por mes","pricing_price_caption":"empezar con un plan gratuito","pricing_benefits":[{"text":"Sitios web ilimitados"},{"text":"Atenci\u00f3n al cliente gratuita y r\u00e1pida"},{"text":"Servicio de instalaci\u00f3n gratuito"},{"text":"Totalmente personalizable"}],"pricing_button_text":"Agregar al sitio web","pricing_button_url":"#demo","_state":"expanded"}],"related_apps_title":"","related_apps_hidden":"1","author":"","image":[],"title":"","job":"","social_networks":[]},"_links":{"self":[{"href":"https:\/\/elfsight.com\/es\/wp-json\/wp\/v2\/pages\/3740","targetHints":{"allow":["GET"]}}],"collection":[{"href":"https:\/\/elfsight.com\/es\/wp-json\/wp\/v2\/pages"}],"about":[{"href":"https:\/\/elfsight.com\/es\/wp-json\/wp\/v2\/types\/page"}],"author":[{"embeddable":true,"href":"https:\/\/elfsight.com\/es\/wp-json\/wp\/v2\/users\/18"}],"replies":[{"embeddable":true,"href":"https:\/\/elfsight.com\/es\/wp-json\/wp\/v2\/comments?post=3740"}],"version-history":[{"count":3,"href":"https:\/\/elfsight.com\/es\/wp-json\/wp\/v2\/pages\/3740\/revisions"}],"predecessor-version":[{"id":17954,"href":"https:\/\/elfsight.com\/es\/wp-json\/wp\/v2\/pages\/3740\/revisions\/17954"}],"up":[{"embeddable":true,"href":"https:\/\/elfsight.com\/es\/wp-json\/wp\/v2\/pages\/1422"}],"wp:attachment":[{"href":"https:\/\/elfsight.com\/es\/wp-json\/wp\/v2\/media?parent=3740"}],"curies":[{"name":"wp","href":"https:\/\/api.w.org\/{rel}","templated":true}]}}