{"id":3737,"date":"2022-02-11T12:15:52","date_gmt":"2022-02-11T12:15:52","guid":{"rendered":"https:\/\/elfsight.com\/es\/?page_id=3737"},"modified":"2025-02-06T15:14:03","modified_gmt":"2025-02-06T15:14:03","slug":"shopify","status":"publish","type":"page","link":"https:\/\/elfsight.com\/es\/google-maps-widget\/shopify\/","title":{"rendered":"Google Maps &#8211; Shopify"},"content":{"rendered":"<div class=\"application-platform-content-item-description application-platform-content-item\" id=\"description\" data-nav-section=\"description\"><h2>Incorpora Google Maps en Shopify con el widget de Elfsight<\/h2>Esta herramienta efectiva y completamente personalizada, con configuraci\u00f3n f\u00e1cil, hace que sea sencillo para tus visitantes encontrar ubicaciones. Es eficaz para atraer clientes fuera de l\u00ednea, y su r\u00e1pida configuraci\u00f3n la convierte en quiz\u00e1s la mejor herramienta para cualquier sitio de Shopify.<b>\u00a1Atrae m\u00e1s visitantes reales mostrando los mapas m\u00e1s f\u00e1ciles de usar en tu sitio web!<\/b><ul> \t<li><b>Aumenta la interacci\u00f3n con tus clientes mediante mapas<\/b>. Dise\u00f1a tu mapa para que sea \u00fatil para clientes potenciales y mu\u00e9stralo en tu sitio, para que puedan usar tu informaci\u00f3n de contacto de manera m\u00e1s eficiente.<\/li> \t<li><b>Busca y atrae clientes regionales<\/b>. Dise\u00f1a tu mapa para que sea \u00fatil para clientes potenciales y mu\u00e9stralo en tu sitio, para que puedan usar tu informaci\u00f3n de contacto de manera m\u00e1s eficiente.<\/li> \t<li><b>Muestra un n\u00famero infinito de ubicaciones en un solo mapa<\/b>. No limites la cantidad de puntos en el mapa, muestra todo lo que pueda ser importante y entretenido para tus usuarios.<\/li><\/ul><\/div><div class=\"application-platform-content-item-features application-platform-content-item\" id=\"features\" data-nav-section=\"features\"><h2>Principales caracter\u00edsticas del widget de Google Maps<\/h2>\u00bfQu\u00e9 ventajas convierten al mapa de Elfsight en el mejor para cualquier sitio Shopify?<ul> \t<li>Marcadores de ubicaci\u00f3n diversos para un mapa interactivo;<\/li> \t<li>4 tipos de mapa: Carretera, Sat\u00e9lite, H\u00edbrido, Terreno;<\/li> \t<li>Tarjeta informativa emergente para cada marcador individual;<\/li> \t<li>Ancho y alto ajustables;<\/li> \t<li>Actualizaciones en vivo regulares disponibles.<\/li><\/ul><a href=\"#demo\">\u00a1Prueba todas las funciones en la demostraci\u00f3n!<\/a><\/div><div class=\"application-platform-content-item-installation application-platform-content-item\" id=\"installation\" data-nav-section=\"installation\"><h2>C\u00f3mo agregar la aplicaci\u00f3n de Google Maps al sitio web de Shopify<\/h2><div class=\"video-container\"><iframe width=\"720\" height=\"405\" src=\"https:\/\/www.youtube.com\/embed\/MbgtdYQjJJc\" frameborder=\"0\" allowfullscreen=\"\"><\/iframe><\/div>Un manual conciso para instalar mapas responsivos en Shopify por tu cuenta. Para hacerlo, no necesitas contratar a un desarrollador web ni tener habilidades de programaci\u00f3n. El tiempo promedio de instalaci\u00f3n no es mayor a 2 minutos.<ol> \t<li><b>Usa nuestro configurador gratuito y comienza a trabajar con tu aplicaci\u00f3n personalizada.<\/b><br> Especifica el dise\u00f1o y los par\u00e1metros seleccionados de la aplicaci\u00f3n y aplica todos los cambios.<\/li> \t<li><b>Copia el c\u00f3digo \u00fanico mostrado en el cuadro de Elfsight Apps.<\/b><br> Una vez que la creaci\u00f3n de tu aplicaci\u00f3n est\u00e9 lista, copia el c\u00f3digo en la ventana emergente y gu\u00e1rdalo para usarlo m\u00e1s tarde.<\/li> \t<li><b>Comienza a usar la aplicaci\u00f3n en tu sitio de Shopify.<\/b><br> Inserta el c\u00f3digo copiado recientemente en tu sitio web y guarda los cambios.<\/li> \t<li><b>La configuraci\u00f3n est\u00e1 completamente realizada.<\/b><br> Abre tu sitio web para verificar el rendimiento de la aplicaci\u00f3n.<\/li><\/ol>Tienes problemas o preguntas mientras sigues el tutorial o configuras tu mapa \u00fanico? Lee el art\u00edculo completo \u00ab<a href=\"https:\/\/elfsight.com\/tutorials\/how-to-add-google-maps-builder-to-shopify\/\" target=\"_blank\" rel=\"noopener noreferrer\">C\u00f3mo agregar un mapa en un sitio de Shopify<\/a>\u00bb o contacta al centro de ayuda y nuestro equipo de soporte estar\u00e1 encantado de ayudarte a generar y mostrar mapas en tu sitio web.<div class=\"faq\" data-component=\"FAQ\"><div class=\"faq-item\">\r\n\t\t\t\t\t<div class=\"faq-item-question\">\r\n\t\t\t\t\t\t<h3 class=\"faq-item-question-text\">\u00bfC\u00f3mo puedo agregar Google Maps a mi sitio web de Shopify sin habilidades de programaci\u00f3n?<\/h3>\r\n\r\n\t\t\t\t\t\t<div class=\"faq-item-question-icon\"><\/div>\r\n\t\t\t\t\t<\/div>\r\n\r\n\t\t\t\t\t<div class=\"faq-item-answer\">\r\n\t\t\t\t\t\t<div class=\"faq-item-answer-text\"> <p>Elfsight proporciona una soluci\u00f3n SaaS que te permite crear un widget de Google Maps por ti mismo, observa lo f\u00e1cil que es el proceso: Trabaja directamente en el Editor en l\u00ednea para crear el widget de Google Maps que te gustar\u00eda ver en tu sitio web de Shopify. Elige una de las plantillas predefinidas y ajusta la configuraci\u00f3n de Google Maps, agrega tu contenido, cambia el dise\u00f1o y los colores sin necesidad de habilidades de programaci\u00f3n. Guarda el widget de Google Maps y copia su c\u00f3digo de instalaci\u00f3n, para que puedas agregarlo f\u00e1cilmente a tu sitio Shopify sin necesidad de comprar un plan de pago. Con nuestro Editor intuitivo, cualquier usuario de Internet puede crear un widget de Google Maps en l\u00ednea e insertarlo f\u00e1cilmente en su sitio web de Shopify. No es necesario pagar ni ingresar tus credenciales de tarjeta para acceder al servicio. Si tienes alg\u00fan problema en cualquier paso, no dudes en contactar a nuestro equipo de soporte t\u00e9cnico.<\/p> <\/div>\r\n\t\t\t\t\t<\/div>\r\n\t\t\t\t<\/div> <\/div><\/div>\n","protected":false},"excerpt":{"rendered":"","protected":false},"author":18,"featured_media":0,"parent":1936,"menu_order":0,"comment_status":"closed","ping_status":"closed","template":"templates\/template-application-platform.php","meta":{"publish_to_discourse":"","publish_post_category":"","wpdc_auto_publish_overridden":"","wpdc_topic_tags":"","wpdc_pin_topic":"","wpdc_pin_until":"","discourse_post_id":"","discourse_permalink":"","wpdc_publishing_response":"","wpdc_publishing_error":"","footnotes":""},"class_list":["post-3737","page","type-page","status-publish","hentry"],"yoast_head":"<!-- This site is optimized with the Yoast SEO plugin v25.3.1 - https:\/\/yoast.com\/wordpress\/plugins\/seo\/ -->\n<title>Mapas de Google - Incorporar app de Google Maps al Shopify<\/title>\n<meta name=\"description\" content=\"A\u00f1ade un widget atractivo de Mapas de Google en su sitio de Shopify. Use la demo de Elfsight intuitiva y cree su app propio.\" \/>\n<meta name=\"robots\" content=\"index, follow, max-snippet:-1, max-image-preview:large, max-video-preview:-1\" \/>\n<link rel=\"canonical\" href=\"https:\/\/elfsight.com\/es\/google-maps-widget\/shopify\/\" \/>\n<meta property=\"og:locale\" content=\"es_ES\" \/>\n<meta property=\"og:type\" content=\"article\" \/>\n<meta property=\"og:title\" content=\"Mapas de Google - Incorporar app de Google Maps al Shopify\" \/>\n<meta property=\"og:description\" content=\"A\u00f1ade un widget atractivo de Mapas de Google en su sitio de Shopify. Use la demo de Elfsight intuitiva y cree su app propio.\" \/>\n<meta property=\"og:url\" content=\"https:\/\/elfsight.com\/es\/google-maps-widget\/shopify\/\" \/>\n<meta property=\"og:site_name\" content=\"Elfsight ES\" \/>\n<meta property=\"article:modified_time\" content=\"2025-02-06T15:14:03+00:00\" \/>\n<meta name=\"twitter:card\" content=\"summary_large_image\" \/>\n<meta name=\"twitter:label1\" content=\"Tiempo de lectura\" \/>\n\t<meta name=\"twitter:data1\" content=\"1 minuto\" \/>\n<!-- \/ Yoast SEO plugin. -->","yoast_head_json":{"title":"Mapas de Google - Incorporar app de Google Maps al Shopify","description":"A\u00f1ade un widget atractivo de Mapas de Google en su sitio de Shopify. Use la demo de Elfsight intuitiva y cree su app propio.","robots":{"index":"index","follow":"follow","max-snippet":"max-snippet:-1","max-image-preview":"max-image-preview:large","max-video-preview":"max-video-preview:-1"},"canonical":"https:\/\/elfsight.com\/es\/google-maps-widget\/shopify\/","og_locale":"es_ES","og_type":"article","og_title":"Mapas de Google - Incorporar app de Google Maps al Shopify","og_description":"A\u00f1ade un widget atractivo de Mapas de Google en su sitio de Shopify. Use la demo de Elfsight intuitiva y cree su app propio.","og_url":"https:\/\/elfsight.com\/es\/google-maps-widget\/shopify\/","og_site_name":"Elfsight ES","article_modified_time":"2025-02-06T15:14:03+00:00","twitter_card":"summary_large_image","twitter_misc":{"Tiempo de lectura":"1 minuto"},"schema":{"@context":"https:\/\/schema.org","@graph":[{"@type":"WebPage","@id":"https:\/\/elfsight.com\/es\/google-maps-widget\/shopify\/","url":"https:\/\/elfsight.com\/es\/google-maps-widget\/shopify\/","name":"Mapas de Google - Incorporar app de Google Maps al Shopify","isPartOf":{"@id":"https:\/\/elfsight.com\/es\/#website"},"datePublished":"2022-02-11T12:15:52+00:00","dateModified":"2025-02-06T15:14:03+00:00","description":"A\u00f1ade un widget atractivo de Mapas de Google en su sitio de Shopify. Use la demo de Elfsight intuitiva y cree su app propio.","breadcrumb":{"@id":"https:\/\/elfsight.com\/es\/google-maps-widget\/shopify\/#breadcrumb"},"inLanguage":"es","potentialAction":[{"@type":"ReadAction","target":["https:\/\/elfsight.com\/es\/google-maps-widget\/shopify\/"]}]},{"@type":"BreadcrumbList","@id":"https:\/\/elfsight.com\/es\/google-maps-widget\/shopify\/#breadcrumb","itemListElement":[{"@type":"ListItem","position":1,"name":"Home","item":"https:\/\/elfsight.com\/es\/"},{"@type":"ListItem","position":2,"name":"Google Maps","item":"https:\/\/elfsight.com\/es\/google-maps-widget\/"},{"@type":"ListItem","position":3,"name":"Google Maps &#8211; Shopify"}]},{"@type":"WebSite","@id":"https:\/\/elfsight.com\/es\/#website","url":"https:\/\/elfsight.com\/es\/","name":"Elfsight ES","description":"Just another Elfsight Sites site","potentialAction":[{"@type":"SearchAction","target":{"@type":"EntryPoint","urlTemplate":"https:\/\/elfsight.com\/es\/?s={search_term_string}"},"query-input":{"@type":"PropertyValueSpecification","valueRequired":true,"valueName":"search_term_string"}}],"inLanguage":"es"}]}},"meta_box":{"industry":"","seo_heading":"","heading":"","description":"","cta_heading":"","cta_description":"","application":"1935","h1":"aplicaci\u00f3n de Mapas de Google para Shopify","h1_caption":"Incrusta un mapa de Google responsivo para mostrar tu ubicaci\u00f3n o m\u00faltiples ubicaciones para una f\u00e1cil navegaci\u00f3n en tu sitio web de Shopify sin esfuerzo.","application_category":[],"applications_title":"","applications_request_title":"","applications_request_button_text":"","hero_text":"","hero_video":"","hero_video_schema_markup":"","selling_points_title":"","selling_points_caption":"","selling_points":[],"selling_points_cta_text":"","features_title":"","features":"","ed_cta_examples_text":"","ed_cta_examples_hidden":"","ed_cta_demo_text":"","ed_cta_demo_hidden":"","why_caption":"","why_editor_title":"","why_editor_text":"","why_team_title":"","why_team_text":"","why_service_title":"","why_service_text":"","template_catalog_visible":"","template_catalog_title":"","template_catalog_text":"","template_catalog_categories_visible":"","demo_title":"Crea tu aplicaci\u00f3n Google Maps","demo_caption":"\u00a1Configura tu Google Maps y agr\u00e9galo a tu sitio web Shopify gratis!","default_faq_hidden":"","app_template_category":[],"platform":"91","template_public_id":"","codecanyon_url":"","codecanyon_item_id":"","codecanyon_price":"","pricing_caption":"","pricing_elfsight_apps_hide_column":"","pricing_elfsight_apps_url":"","pricing_codecanyon_price_caption":"","integration_category":[],"integration_request_title":"","integration_request_cta":"","integration_platform":"","integrations":[],"platform_category":[],"video_schema_markup":"","price":"desde $0 por mes","trial":"","benefits":[{"text":"Instalaci\u00f3n gratuita"},{"text":"Soporte Premium"},{"text":"14 d\u00edas garant\u00eda de reembolso"},{"text":"Actualizaciones regulares"}],"button_url":"#demo","button_target_blank":"0","button_nofollow":"0","attributes":[{"name":"Responsivo","content":"Si","_state":"expanded"},{"name":"Navegadores compatibles","content":"Firefox, Safari, Opera, Chrome, Edge","_state":"expanded"}],"tags":[],"tags_disable_links":"0","hide_more_platforms":"","video_object":"","demo_hide_cta":"0","demo_hide_cloud_options":"0","pricing_title":"","pricing":[{"pricing_icon":"platform","pricing_title":" Elfsight Apps","pricing_title_caption":"Soluci\u00f3n multiplataforma - valido para cualquier p\u00e1gina web","pricing_price":"desde $0 por mes","pricing_price_caption":"empezar con un plan gratuito","pricing_benefits":[{"text":"Sitios web ilimitados"},{"text":"Atenci\u00f3n al cliente gratuita y r\u00e1pida"},{"text":"Servicio de instalaci\u00f3n gratuito"},{"text":"Totalmente personalizable"}],"pricing_button_text":"Agregar al sitio web","pricing_button_url":"#demo","_state":"expanded"}],"related_apps_title":"","related_apps_hidden":"1","author":"","image":[],"title":"","job":"","social_networks":[]},"_links":{"self":[{"href":"https:\/\/elfsight.com\/es\/wp-json\/wp\/v2\/pages\/3737","targetHints":{"allow":["GET"]}}],"collection":[{"href":"https:\/\/elfsight.com\/es\/wp-json\/wp\/v2\/pages"}],"about":[{"href":"https:\/\/elfsight.com\/es\/wp-json\/wp\/v2\/types\/page"}],"author":[{"embeddable":true,"href":"https:\/\/elfsight.com\/es\/wp-json\/wp\/v2\/users\/18"}],"replies":[{"embeddable":true,"href":"https:\/\/elfsight.com\/es\/wp-json\/wp\/v2\/comments?post=3737"}],"version-history":[{"count":3,"href":"https:\/\/elfsight.com\/es\/wp-json\/wp\/v2\/pages\/3737\/revisions"}],"predecessor-version":[{"id":17953,"href":"https:\/\/elfsight.com\/es\/wp-json\/wp\/v2\/pages\/3737\/revisions\/17953"}],"up":[{"embeddable":true,"href":"https:\/\/elfsight.com\/es\/wp-json\/wp\/v2\/pages\/1936"}],"wp:attachment":[{"href":"https:\/\/elfsight.com\/es\/wp-json\/wp\/v2\/media?parent=3737"}],"curies":[{"name":"wp","href":"https:\/\/api.w.org\/{rel}","templated":true}]}}