{"id":3733,"date":"2022-02-11T12:16:04","date_gmt":"2022-02-11T12:16:04","guid":{"rendered":"https:\/\/elfsight.com\/es\/?page_id=3733"},"modified":"2025-02-06T15:14:03","modified_gmt":"2025-02-06T15:14:03","slug":"opencart","status":"publish","type":"page","link":"https:\/\/elfsight.com\/es\/google-maps-widget\/opencart\/","title":{"rendered":"Google Maps &#8211; OpenCart"},"content":{"rendered":"<div class=\"application-platform-content-item-description application-platform-content-item\" id=\"description\" data-nav-section=\"description\"><h2>Descripci\u00f3n<\/h2>Instrumento f\u00e1cil de crear, funcional y completamente personalizado que facilita mucho la b\u00fasqueda de ubicaciones en el mapa. Resulta muy efectivo para atraer clientes offline, f\u00e1cil de agregar al sitio y con opciones de personalizaci\u00f3n; es posiblemente la mejor extensi\u00f3n para un sitio OpenCart.<b>\u00a1Atrae m\u00e1s visitantes reales con los mejores mapas en tu sitio!<\/b><ul>         <li><b>Ac\u00e9rcate m\u00e1s a los clientes<\/b>. Muestra tus datos de contacto, que los clientes pueden usar para escribirte o contactarte tanto en la vida real como en l\u00ednea.<\/li>         <li><b>Aumenta la conversi\u00f3n de tu sitio web utilizando una tarjeta informativa completa de tu negocio<\/b>. Inserta amplios datos de contacto para atraer a m\u00e1s clientes dispuestos a contactarte y motivarlos a dar un paso m\u00e1s hacia la transacci\u00f3n.<\/li>         <li><b>Dibujo de rutas automatizado hacia tu punto<\/b>. No dejes que los visitantes abandonen tu sitio cuando est\u00e1n a punto de dirigirse a ti. \u00a1Construye el camino hacia tu ubicaci\u00f3n directamente en el mapa para todos los clientes!<\/li><\/ul><\/div><div class=\"application-platform-content-item-features application-platform-content-item\" id=\"features\" data-nav-section=\"features\"><h2>Caracter\u00edsticas<\/h2>\u00bfQu\u00e9 ventajas hacen que nuestro mapa sea el mejor para cada sitio OpenCart?<ul>         <li>Marcadores de ubicaci\u00f3n diversos para un mapa interactivo;<\/li>         <li>4 tipos de mapa: Mapa de carreteras, Sat\u00e9lite, H\u00edbrido, Terreno;<\/li>         <li>Tarjeta informativa con m\u00e1xima informaci\u00f3n de contacto;<\/li>         <li>Anchura y altura ajustables;<\/li>         <li>M\u00e1s de 60 idiomas soportados.<\/li><\/ul><a href=\"#demo\">\u00a1Prueba todas las caracter\u00edsticas en la demostraci\u00f3n!<\/a><\/div><div class=\"application-platform-content-item-installation application-platform-content-item\" id=\"installation\" data-nav-section=\"installation\"><h2>C\u00f3mo agregar Google Maps a tu sitio web<\/h2>Sigue estos pasos para insertar la extensi\u00f3n en OpenCart.<ol>         <li><b>Abre nuestro configurador gratuito y comienza a crear tu propia extensi\u00f3n. <\/b>Especifica las caracter\u00edsticas de interfaz y funcionales de la extensi\u00f3n seleccionada y guarda las modificaciones.<\/li>         <li><b>Recibe tu c\u00f3digo individual que aparece en la ventana de Elfsight Apps. <\/b>Tan pronto como finalices la personalizaci\u00f3n de tu extensi\u00f3n de Google Maps, copia el c\u00f3digo que aparece en la ventana emergente y gu\u00e1rdalo para uso futuro.<\/li>         <li><b>Inicia la aplicaci\u00f3n de la herramienta en tu sitio OpenCart. <\/b>Pega el c\u00f3digo que guardaste antes en tu sitio web y guarda los cambios.<\/li>         <li><b>La configuraci\u00f3n se complet\u00f3 con \u00e9xito. <\/b>Visita tu sitio web para ver el funcionamiento del widget.<\/li><\/ol>\u00bfTienes dificultades o problemas al seguir la gu\u00eda o al configurar tu mapa personal? Consulta las instrucciones detalladas \u00ab<a href=\"https:\/\/elfsight.com\/tutorials\/how-to-add-google-maps-builder-to-opencart\/\" target=\"_blank\" rel=\"noopener noreferrer\">C\u00f3mo insertar un mapa en un sitio OpenCart<\/a>\u00bb o deja tu mensaje en el centro de ayuda y Elfsight estar\u00e1 encantado de ayudarte a crear y mostrar mapas en tu sitio.<\/p><\/div><div class=\"faq\" data-component=\"FAQ\"> <div class=\"faq-item\">\r\n\t\t\t\t\t<div class=\"faq-item-question\">\r\n\t\t\t\t\t\t<h3 class=\"faq-item-question-text\">\u00bfC\u00f3mo puedo agregar Google Maps a mi sitio OpenCart sin habilidades de programaci\u00f3n?<\/h3>\r\n\r\n\t\t\t\t\t\t<div class=\"faq-item-question-icon\"><\/div>\r\n\t\t\t\t\t<\/div>\r\n\r\n\t\t\t\t\t<div class=\"faq-item-answer\">\r\n\t\t\t\t\t\t<div class=\"faq-item-answer-text\"><\/div>\r\n\t\t\t\t\t<\/div>\r\n\t\t\t\t<\/div>Elfsight proporciona una soluci\u00f3n SaaS que te permite crear un widget de Google Maps por ti mismo, ve lo f\u00e1cil que es el proceso: Trabaja directamente en el Editor en l\u00ednea para crear el widget de Google Maps que deseas ver en tu sitio OpenCart. Elige una de las plantillas predefinidas y ajusta la configuraci\u00f3n de Google Maps, a\u00f1ade tu contenido, cambia el dise\u00f1o y los colores sin necesidad de programaci\u00f3n. Guarda el Google Maps y copia su c\u00f3digo de instalaci\u00f3n, que puedes incluir en tu sitio OpenCart sin necesidad de comprar un plan de pago. Con nuestro Editor intuitivo, cualquier usuario de internet puede crear un widget de Google Maps en l\u00ednea e insertarlo f\u00e1cilmente en su sitio OpenCart. No es necesario pagar ni ingresar los datos de tu tarjeta para acceder al servicio. Si encuentras alg\u00fan problema en cualquier paso, no dudes en contactar a nuestro equipo de soporte t\u00e9cnico.&lt;\/faq_item] <\/div>[\/application_platform_content_item]","protected":false},"excerpt":{"rendered":"[\/application_platform_content_item]","protected":false},"author":18,"featured_media":0,"parent":1936,"menu_order":0,"comment_status":"closed","ping_status":"closed","template":"templates\/template-application-platform.php","meta":{"publish_to_discourse":"","publish_post_category":"","wpdc_auto_publish_overridden":"","wpdc_topic_tags":"","wpdc_pin_topic":"","wpdc_pin_until":"","discourse_post_id":"","discourse_permalink":"","wpdc_publishing_response":"","wpdc_publishing_error":"","footnotes":""},"class_list":["post-3733","page","type-page","status-publish","hentry"],"yoast_head":"<!-- This site is optimized with the Yoast SEO plugin v25.3.1 - https:\/\/yoast.com\/wordpress\/plugins\/seo\/ -->\n<title>Mapas de Google - A\u00f1adir plugin de Google Maps al OpenCart<\/title>\n<meta name=\"description\" content=\"A\u00f1ade un module hermoso de Mapas de Google en su p\u00e1gina web de OpenCart. Aplique la demo de Elfsight manejable y genere su plugin personalizado.\" \/>\n<meta name=\"robots\" content=\"index, follow, max-snippet:-1, max-image-preview:large, max-video-preview:-1\" \/>\n<link rel=\"canonical\" href=\"https:\/\/elfsight.com\/es\/google-maps-widget\/opencart\/\" \/>\n<meta property=\"og:locale\" content=\"es_ES\" \/>\n<meta property=\"og:type\" content=\"article\" \/>\n<meta property=\"og:title\" content=\"Mapas de Google - A\u00f1adir plugin de Google Maps al OpenCart\" \/>\n<meta property=\"og:description\" content=\"A\u00f1ade un module hermoso de Mapas de Google en su p\u00e1gina web de OpenCart. Aplique la demo de Elfsight manejable y genere su plugin personalizado.\" \/>\n<meta property=\"og:url\" content=\"https:\/\/elfsight.com\/es\/google-maps-widget\/opencart\/\" \/>\n<meta property=\"og:site_name\" content=\"Elfsight ES\" \/>\n<meta property=\"article:modified_time\" content=\"2025-02-06T15:14:03+00:00\" \/>\n<meta name=\"twitter:card\" content=\"summary_large_image\" \/>\n<meta name=\"twitter:label1\" content=\"Tiempo de lectura\" \/>\n\t<meta name=\"twitter:data1\" content=\"1 minuto\" \/>\n<!-- \/ Yoast SEO plugin. -->","yoast_head_json":{"title":"Mapas de Google - A\u00f1adir plugin de Google Maps al OpenCart","description":"A\u00f1ade un module hermoso de Mapas de Google en su p\u00e1gina web de OpenCart. Aplique la demo de Elfsight manejable y genere su plugin personalizado.","robots":{"index":"index","follow":"follow","max-snippet":"max-snippet:-1","max-image-preview":"max-image-preview:large","max-video-preview":"max-video-preview:-1"},"canonical":"https:\/\/elfsight.com\/es\/google-maps-widget\/opencart\/","og_locale":"es_ES","og_type":"article","og_title":"Mapas de Google - A\u00f1adir plugin de Google Maps al OpenCart","og_description":"A\u00f1ade un module hermoso de Mapas de Google en su p\u00e1gina web de OpenCart. Aplique la demo de Elfsight manejable y genere su plugin personalizado.","og_url":"https:\/\/elfsight.com\/es\/google-maps-widget\/opencart\/","og_site_name":"Elfsight ES","article_modified_time":"2025-02-06T15:14:03+00:00","twitter_card":"summary_large_image","twitter_misc":{"Tiempo de lectura":"1 minuto"},"schema":{"@context":"https:\/\/schema.org","@graph":[{"@type":"WebPage","@id":"https:\/\/elfsight.com\/es\/google-maps-widget\/opencart\/","url":"https:\/\/elfsight.com\/es\/google-maps-widget\/opencart\/","name":"Mapas de Google - A\u00f1adir plugin de Google Maps al OpenCart","isPartOf":{"@id":"https:\/\/elfsight.com\/es\/#website"},"datePublished":"2022-02-11T12:16:04+00:00","dateModified":"2025-02-06T15:14:03+00:00","description":"A\u00f1ade un module hermoso de Mapas de Google en su p\u00e1gina web de OpenCart. Aplique la demo de Elfsight manejable y genere su plugin personalizado.","breadcrumb":{"@id":"https:\/\/elfsight.com\/es\/google-maps-widget\/opencart\/#breadcrumb"},"inLanguage":"es","potentialAction":[{"@type":"ReadAction","target":["https:\/\/elfsight.com\/es\/google-maps-widget\/opencart\/"]}]},{"@type":"BreadcrumbList","@id":"https:\/\/elfsight.com\/es\/google-maps-widget\/opencart\/#breadcrumb","itemListElement":[{"@type":"ListItem","position":1,"name":"Home","item":"https:\/\/elfsight.com\/es\/"},{"@type":"ListItem","position":2,"name":"Google Maps","item":"https:\/\/elfsight.com\/es\/google-maps-widget\/"},{"@type":"ListItem","position":3,"name":"Google Maps &#8211; OpenCart"}]},{"@type":"WebSite","@id":"https:\/\/elfsight.com\/es\/#website","url":"https:\/\/elfsight.com\/es\/","name":"Elfsight ES","description":"Just another Elfsight Sites site","potentialAction":[{"@type":"SearchAction","target":{"@type":"EntryPoint","urlTemplate":"https:\/\/elfsight.com\/es\/?s={search_term_string}"},"query-input":{"@type":"PropertyValueSpecification","valueRequired":true,"valueName":"search_term_string"}}],"inLanguage":"es"}]}},"meta_box":{"industry":"","seo_heading":"","heading":"","description":"","cta_heading":"","cta_description":"","application":"1935","h1":"complemento de Mapas de Google para OpenCart","h1_caption":"Incorpore un mapa de Google responsivo para mostrar su ubicaci\u00f3n o m\u00faltiples ubicaciones para una f\u00e1cil navegaci\u00f3n en su sitio web Opencart sin esfuerzo.","application_category":[],"applications_title":"","applications_request_title":"","applications_request_button_text":"","hero_text":"","hero_video":"","hero_video_schema_markup":"","selling_points_title":"","selling_points_caption":"","selling_points":[],"selling_points_cta_text":"","features_title":"","features":"","ed_cta_examples_text":"","ed_cta_examples_hidden":"","ed_cta_demo_text":"","ed_cta_demo_hidden":"","why_caption":"","why_editor_title":"","why_editor_text":"","why_team_title":"","why_team_text":"","why_service_title":"","why_service_text":"","template_catalog_visible":"","template_catalog_title":"","template_catalog_text":"","template_catalog_categories_visible":"","demo_title":"Crea tu extensi\u00f3n de Google Maps","demo_caption":"\u00a1Configura tu Google Maps y agr\u00e9galo a tu sitio web OpenCart gratis!","default_faq_hidden":"","app_template_category":[],"platform":"88","template_public_id":"","codecanyon_url":"","codecanyon_item_id":"","codecanyon_price":"","pricing_caption":"","pricing_elfsight_apps_hide_column":"","pricing_elfsight_apps_url":"","pricing_codecanyon_price_caption":"","integration_category":[],"integration_request_title":"","integration_request_cta":"","integration_platform":"","integrations":[],"platform_category":[],"video_schema_markup":"","price":"desde $0 por mes","trial":"","benefits":[{"text":"Instalaci\u00f3n gratuita"},{"text":"Soporte Premium"},{"text":"14 d\u00edas garant\u00eda de reembolso"},{"text":"Actualizaciones regulares"}],"button_url":"#demo","button_target_blank":"0","button_nofollow":"0","attributes":[{"name":"Responsivo","content":"Si","_state":"expanded"},{"name":"Navegadores compatibles","content":"Firefox, Safari, Opera, Chrome, Edge","_state":"expanded"}],"tags":[],"tags_disable_links":"0","hide_more_platforms":"","video_object":"","demo_hide_cta":"0","demo_hide_cloud_options":"0","pricing_title":"","pricing":[{"pricing_icon":"platform","pricing_title":" Elfsight Apps","pricing_title_caption":"Soluci\u00f3n multiplataforma - valido para cualquier p\u00e1gina web","pricing_price":"desde $0 por mes","pricing_price_caption":"empezar con un plan gratuito","pricing_benefits":[{"text":"Sitios web ilimitados"},{"text":"Atenci\u00f3n al cliente gratuita y r\u00e1pida"},{"text":"Servicio de instalaci\u00f3n gratuito"},{"text":"Totalmente personalizable"}],"pricing_button_text":"Agregar al sitio web","pricing_button_url":"#demo","_state":"expanded"}],"related_apps_title":"","related_apps_hidden":"1","author":"","image":[],"title":"","job":"","social_networks":[]},"_links":{"self":[{"href":"https:\/\/elfsight.com\/es\/wp-json\/wp\/v2\/pages\/3733","targetHints":{"allow":["GET"]}}],"collection":[{"href":"https:\/\/elfsight.com\/es\/wp-json\/wp\/v2\/pages"}],"about":[{"href":"https:\/\/elfsight.com\/es\/wp-json\/wp\/v2\/types\/page"}],"author":[{"embeddable":true,"href":"https:\/\/elfsight.com\/es\/wp-json\/wp\/v2\/users\/18"}],"replies":[{"embeddable":true,"href":"https:\/\/elfsight.com\/es\/wp-json\/wp\/v2\/comments?post=3733"}],"version-history":[{"count":3,"href":"https:\/\/elfsight.com\/es\/wp-json\/wp\/v2\/pages\/3733\/revisions"}],"predecessor-version":[{"id":17951,"href":"https:\/\/elfsight.com\/es\/wp-json\/wp\/v2\/pages\/3733\/revisions\/17951"}],"up":[{"embeddable":true,"href":"https:\/\/elfsight.com\/es\/wp-json\/wp\/v2\/pages\/1936"}],"wp:attachment":[{"href":"https:\/\/elfsight.com\/es\/wp-json\/wp\/v2\/media?parent=3733"}],"curies":[{"name":"wp","href":"https:\/\/api.w.org\/{rel}","templated":true}]}}