{"id":3732,"date":"2022-02-11T12:16:09","date_gmt":"2022-02-11T12:16:09","guid":{"rendered":"https:\/\/elfsight.com\/es\/?page_id=3732"},"modified":"2025-02-06T15:13:54","modified_gmt":"2025-02-06T15:13:54","slug":"jquery","status":"publish","type":"page","link":"https:\/\/elfsight.com\/es\/google-reviews-widget\/jquery\/","title":{"rendered":"Google Reviews &#8211; jQuery"},"content":{"rendered":"<div class=\"application-platform-content-item-description application-platform-content-item\" id=\"description\" data-nav-section=\"description\"> <h2>Incorporar las rese\u00f1as de Google con el widget de Elfsight<\/h2> <p>Si deseas demostrar tu alta calificaci\u00f3n y convencer a los visitantes del sitio web de que tus ofertas merecen ser compradas, Elfsight Google Places Reviews es la opci\u00f3n adecuada. Con nuestra herramienta, podr\u00e1s insertar f\u00e1cilmente rese\u00f1as de clientes de Google en tu sitio web, incluyendo informaci\u00f3n sobre sus autores, filtrarlas para mostrar solo las positivas, a\u00f1adir valoraciones y un bot\u00f3n para solicitar rese\u00f1as que redirigir\u00e1 a los usuarios a tu cuenta de Google, para que dejen una nueva rese\u00f1a.<\/p><div class=\"faq\" data-component=\"FAQ\"> <div class=\"faq-item\">\r\n\t\t\t\t\t<div class=\"faq-item-question\">\r\n\t\t\t\t\t\t<h3 class=\"faq-item-question-text\">\u00bfD\u00f3nde puedo instalarlo en mi sitio web?<\/h3>\r\n\r\n\t\t\t\t\t\t<div class=\"faq-item-question-icon\"><\/div>\r\n\t\t\t\t\t<\/div>\r\n\r\n\t\t\t\t\t<div class=\"faq-item-answer\">\r\n\t\t\t\t\t\t<div class=\"faq-item-answer-text\"> <p>El widget puede ser publicado en cualquier p\u00e1gina web donde quieras impresionar a los usuarios con tu alta calificaci\u00f3n y popularidad entre los clientes. Si deseas mostrar el widget en todas las p\u00e1ginas del sitio, puedes integrarlo f\u00e1cilmente en la plantilla del sitio web.<\/p><\/div>\r\n\t\t\t\t\t<\/div>\r\n\t\t\t\t<\/div> <div class=\"faq-item\">\r\n\t\t\t\t\t<div class=\"faq-item-question\">\r\n\t\t\t\t\t\t<h3 class=\"faq-item-question-text\">\u00bfC\u00f3mo me beneficiar\u00e9 de esto?<\/h3>\r\n\r\n\t\t\t\t\t\t<div class=\"faq-item-question-icon\"><\/div>\r\n\t\t\t\t\t<\/div>\r\n\r\n\t\t\t\t\t<div class=\"faq-item-answer\">\r\n\t\t\t\t\t\t<div class=\"faq-item-answer-text\"> <p>Las rese\u00f1as a\u00f1adidas por personas reales son las m\u00e1s confiables para los visitantes de tu sitio web y les demuestran que tu empresa puede ser confiable. Una alta calificaci\u00f3n y excelentes rese\u00f1as pueden ayudar a aumentar las ventas en tu sitio. Adem\u00e1s, el bot\u00f3n activo en el widget de jQuery puede contribuir a que m\u00e1s clientes dejen rese\u00f1as sobre tus ofertas o servicios en Google Places.<\/p> <\/div>\r\n\t\t\t\t\t<\/div>\r\n\t\t\t\t<\/div> <div class=\"faq-item\">\r\n\t\t\t\t\t<div class=\"faq-item-question\">\r\n\t\t\t\t\t\t<h3 class=\"faq-item-question-text\">\u00bfC\u00f3mo puedo insertar el widget de rese\u00f1as de Google en mi sitio web jQuery?<\/h3>\r\n\r\n\t\t\t\t\t\t<div class=\"faq-item-question-icon\"><\/div>\r\n\t\t\t\t\t<\/div>\r\n\r\n\t\t\t\t\t<div class=\"faq-item-answer\">\r\n\t\t\t\t\t\t<div class=\"faq-item-answer-text\"> <p>Te llevar\u00e1 dos minutos hacerlo. La instalaci\u00f3n es extremadamente r\u00e1pida, gratuita y sin necesidad de programar.<\/p> <p>Puedes insertar el widget directamente en tu sitio web a trav\u00e9s de nuestro servicio. Para hacerlo, consulta la breve gu\u00eda de instalaci\u00f3n m\u00e1s abajo en esta p\u00e1gina.<\/p> <\/div>\r\n\t\t\t\t\t<\/div>\r\n\t\t\t\t<\/div> <\/div> <\/div> <div class=\"application-platform-content-item-features application-platform-content-item\" id=\"features\" data-nav-section=\"features\"> <h2>Principales caracter\u00edsticas del widget de rese\u00f1as de Google<\/h2> <p>Para obtener una comprensi\u00f3n clara del widget, puedes consultar la lista de las caracter\u00edsticas principales. Estas caracter\u00edsticas hacen que el widget sea incre\u00edblemente eficiente para tu sitio web:<\/p> <ul> <li>3 tipos de filtros: por tipo, excluir por y cantidad de rese\u00f1as para mostrar<\/li> <li>4 dise\u00f1os listos para usar: Lista, Cuadr\u00edcula, Mosaico y Control deslizante<\/li> <li>Encabezado completamente flexible del widget<\/li> <li>El bot\u00f3n de solicitud de rese\u00f1as lleva a los visitantes a tu p\u00e1gina de Google<\/li> <li>6 elementos personalizables de las rese\u00f1as: nombre y foto del autor, recomendaci\u00f3n, fecha de publicaci\u00f3n, icono de Google y calificaci\u00f3n por estrellas<\/li> <li>Dos variantes de escenarios despu\u00e9s de que el usuario rechace dejar una rese\u00f1a: mostrar un mensaje de texto o ocultar el bot\u00f3n del widget de jQuery.<\/li> <\/ul><p><a href=\"#demo\">Para explorar m\u00e1s caracter\u00edsticas, consulta la demostraci\u00f3n<\/a><\/p> <\/div> <div class=\"application-platform-content-item-installation application-platform-content-item\" id=\"installation\" data-nav-section=\"installation\"> <h2>C\u00f3mo agregar las rese\u00f1as de Google a tu sitio web jQuery<\/h2> <p>Las siguientes acciones son todo lo que necesitas hacer. Te tomar\u00e1 un par de minutos y no requiere programar.<\/p> <ol><li><b>Crea tu propio plugin de rese\u00f1as de Google<\/b><br> A trav\u00e9s de nuestro editor gratuito, genera un plugin con el dise\u00f1o y las caracter\u00edsticas funcionales que prefieras.<\/li> <li><b>Obt\u00e9n el c\u00f3digo personal para agregar el plugin<\/b><br> Despu\u00e9s de configurar el widget de rese\u00f1as de Google en jQuery, recibir\u00e1s tu c\u00f3digo personal en la ventana emergente de Elfsight Apps. Copia el c\u00f3digo para usarlo m\u00e1s tarde.<\/li>  <li><b>Publica el plugin en tu sitio web jQuery<\/b><br> Define la ubicaci\u00f3n donde deseas insertar el widget y pega el c\u00f3digo copiado all\u00ed. Guarda los resultados.<\/li> <li><b>\u00a1La configuraci\u00f3n fue exitosa!<\/b><br> Visita tu sitio web para ver tu trabajo.<\/li> <\/ol><p>\u00bfA\u00fan tienes dudas? \u00bfO experimentas problemas con las rese\u00f1as de Google en jQuery? Simplemente env\u00eda tu solicitud a nuestro servicio de atenci\u00f3n al cliente y te ayudar\u00e1n con cualquier pregunta.<\/p> <\/div>","protected":false},"excerpt":{"rendered":"","protected":false},"author":18,"featured_media":0,"parent":1422,"menu_order":0,"comment_status":"closed","ping_status":"closed","template":"templates\/template-application-platform.php","meta":{"publish_to_discourse":"","publish_post_category":"","wpdc_auto_publish_overridden":"","wpdc_topic_tags":"","wpdc_pin_topic":"","wpdc_pin_until":"","discourse_post_id":"","discourse_permalink":"","wpdc_publishing_response":"","wpdc_publishing_error":"","footnotes":""},"class_list":["post-3732","page","type-page","status-publish","hentry"],"yoast_head":"<!-- This site is optimized with the Yoast SEO plugin v25.3.1 - https:\/\/yoast.com\/wordpress\/plugins\/seo\/ -->\n<title>Rese\u00f1as de Google - Agregar widget de Valoraciones de Google al jQuery<\/title>\n<meta name=\"description\" content=\"Instala un widget hermoso de Rese\u00f1as de Google en su sitio web de jQuery. Pruebe la demo de Elfsight f\u00e1cil de usar y construe su widget \u00fanico.\" \/>\n<meta name=\"robots\" content=\"index, follow, max-snippet:-1, max-image-preview:large, max-video-preview:-1\" \/>\n<link rel=\"canonical\" href=\"https:\/\/elfsight.com\/es\/google-reviews-widget\/jquery\/\" \/>\n<meta property=\"og:locale\" content=\"es_ES\" \/>\n<meta property=\"og:type\" content=\"article\" \/>\n<meta property=\"og:title\" content=\"Rese\u00f1as de Google - Agregar widget de Valoraciones de Google al jQuery\" \/>\n<meta property=\"og:description\" content=\"Instala un widget hermoso de Rese\u00f1as de Google en su sitio web de jQuery. Pruebe la demo de Elfsight f\u00e1cil de usar y construe su widget \u00fanico.\" \/>\n<meta property=\"og:url\" content=\"https:\/\/elfsight.com\/es\/google-reviews-widget\/jquery\/\" \/>\n<meta property=\"og:site_name\" content=\"Elfsight ES\" \/>\n<meta property=\"article:modified_time\" content=\"2025-02-06T15:13:54+00:00\" \/>\n<meta name=\"twitter:card\" content=\"summary_large_image\" \/>\n<meta name=\"twitter:label1\" content=\"Tiempo de lectura\" \/>\n\t<meta name=\"twitter:data1\" content=\"2 minutos\" \/>\n<!-- \/ Yoast SEO plugin. -->","yoast_head_json":{"title":"Rese\u00f1as de Google - Agregar widget de Valoraciones de Google al jQuery","description":"Instala un widget hermoso de Rese\u00f1as de Google en su sitio web de jQuery. Pruebe la demo de Elfsight f\u00e1cil de usar y construe su widget \u00fanico.","robots":{"index":"index","follow":"follow","max-snippet":"max-snippet:-1","max-image-preview":"max-image-preview:large","max-video-preview":"max-video-preview:-1"},"canonical":"https:\/\/elfsight.com\/es\/google-reviews-widget\/jquery\/","og_locale":"es_ES","og_type":"article","og_title":"Rese\u00f1as de Google - Agregar widget de Valoraciones de Google al jQuery","og_description":"Instala un widget hermoso de Rese\u00f1as de Google en su sitio web de jQuery. Pruebe la demo de Elfsight f\u00e1cil de usar y construe su widget \u00fanico.","og_url":"https:\/\/elfsight.com\/es\/google-reviews-widget\/jquery\/","og_site_name":"Elfsight ES","article_modified_time":"2025-02-06T15:13:54+00:00","twitter_card":"summary_large_image","twitter_misc":{"Tiempo de lectura":"2 minutos"},"schema":{"@context":"https:\/\/schema.org","@graph":[{"@type":"WebPage","@id":"https:\/\/elfsight.com\/es\/google-reviews-widget\/jquery\/","url":"https:\/\/elfsight.com\/es\/google-reviews-widget\/jquery\/","name":"Rese\u00f1as de Google - Agregar widget de Valoraciones de Google al jQuery","isPartOf":{"@id":"https:\/\/elfsight.com\/es\/#website"},"datePublished":"2022-02-11T12:16:09+00:00","dateModified":"2025-02-06T15:13:54+00:00","description":"Instala un widget hermoso de Rese\u00f1as de Google en su sitio web de jQuery. Pruebe la demo de Elfsight f\u00e1cil de usar y construe su widget \u00fanico.","breadcrumb":{"@id":"https:\/\/elfsight.com\/es\/google-reviews-widget\/jquery\/#breadcrumb"},"inLanguage":"es","potentialAction":[{"@type":"ReadAction","target":["https:\/\/elfsight.com\/es\/google-reviews-widget\/jquery\/"]}]},{"@type":"BreadcrumbList","@id":"https:\/\/elfsight.com\/es\/google-reviews-widget\/jquery\/#breadcrumb","itemListElement":[{"@type":"ListItem","position":1,"name":"Home","item":"https:\/\/elfsight.com\/es\/"},{"@type":"ListItem","position":2,"name":"Google Reviews","item":"https:\/\/elfsight.com\/es\/google-reviews-widget\/"},{"@type":"ListItem","position":3,"name":"Google Reviews &#8211; jQuery"}]},{"@type":"WebSite","@id":"https:\/\/elfsight.com\/es\/#website","url":"https:\/\/elfsight.com\/es\/","name":"Elfsight ES","description":"Just another Elfsight Sites site","potentialAction":[{"@type":"SearchAction","target":{"@type":"EntryPoint","urlTemplate":"https:\/\/elfsight.com\/es\/?s={search_term_string}"},"query-input":{"@type":"PropertyValueSpecification","valueRequired":true,"valueName":"search_term_string"}}],"inLanguage":"es"}]}},"meta_box":{"industry":"","seo_heading":"","heading":"","description":"","cta_heading":"","cta_description":"","application":"1421","h1":"widget de Rese\u00f1as de Google para jQuery","h1_caption":"Incorpore rese\u00f1as de su lugar desde Google para obtener sin problemas las mejores impresiones de los clientes en la experiencia de su sitio web en su sitio web jQuery sin esfuerzo.","application_category":[],"applications_title":"","applications_request_title":"","applications_request_button_text":"","hero_text":"","hero_video":"","hero_video_schema_markup":"","selling_points_title":"","selling_points_caption":"","selling_points":[],"selling_points_cta_text":"","features_title":"","features":"","ed_cta_examples_text":"","ed_cta_examples_hidden":"","ed_cta_demo_text":"","ed_cta_demo_hidden":"","why_caption":"","why_editor_title":"","why_editor_text":"","why_team_title":"","why_team_text":"","why_service_title":"","why_service_text":"","template_catalog_visible":"","template_catalog_title":"","template_catalog_text":"","template_catalog_categories_visible":"","demo_title":"Crea tu complemento de Rese\u00f1as de Google","demo_caption":"\u00a1Configure sus Rese\u00f1as de Google y agr\u00e9guelas a su sitio web jQuery de forma gratuita!","default_faq_hidden":"","app_template_category":[],"platform":"76","template_public_id":"","codecanyon_url":"","codecanyon_item_id":"","codecanyon_price":"","pricing_caption":"","pricing_elfsight_apps_hide_column":"","pricing_elfsight_apps_url":"","pricing_codecanyon_price_caption":"","integration_category":[],"integration_request_title":"","integration_request_cta":"","integration_platform":"","integrations":[],"platform_category":[],"video_schema_markup":"","price":"desde $0 por mes","trial":"","benefits":[{"text":"Instalaci\u00f3n gratuita"},{"text":"Soporte Premium"},{"text":"14 d\u00edas garant\u00eda de reembolso"},{"text":"Actualizaciones regulares"}],"button_url":"#demo","button_target_blank":"0","button_nofollow":"0","attributes":[{"name":"Responsivo","content":"Si","_state":"expanded"},{"name":"Navegadores compatibles","content":"Firefox, Safari, Opera, Chrome, Edge","_state":"expanded"}],"tags":[],"tags_disable_links":"0","hide_more_platforms":"","video_object":"","demo_hide_cta":"0","demo_hide_cloud_options":"0","pricing_title":"","pricing":[{"pricing_icon":"platform","pricing_title":" Elfsight Apps","pricing_title_caption":"Soluci\u00f3n multiplataforma - valido para cualquier p\u00e1gina web","pricing_price":"desde $0 por mes","pricing_price_caption":"empezar con un plan gratuito","pricing_benefits":[{"text":"Sitios web ilimitados"},{"text":"Atenci\u00f3n al cliente gratuita y r\u00e1pida"},{"text":"Servicio de instalaci\u00f3n gratuito"},{"text":"Totalmente personalizable"}],"pricing_button_text":"Agregar al sitio web","pricing_button_url":"#demo","_state":"expanded"}],"related_apps_title":"","related_apps_hidden":"1","author":"","image":[],"title":"","job":"","social_networks":[]},"_links":{"self":[{"href":"https:\/\/elfsight.com\/es\/wp-json\/wp\/v2\/pages\/3732","targetHints":{"allow":["GET"]}}],"collection":[{"href":"https:\/\/elfsight.com\/es\/wp-json\/wp\/v2\/pages"}],"about":[{"href":"https:\/\/elfsight.com\/es\/wp-json\/wp\/v2\/types\/page"}],"author":[{"embeddable":true,"href":"https:\/\/elfsight.com\/es\/wp-json\/wp\/v2\/users\/18"}],"replies":[{"embeddable":true,"href":"https:\/\/elfsight.com\/es\/wp-json\/wp\/v2\/comments?post=3732"}],"version-history":[{"count":3,"href":"https:\/\/elfsight.com\/es\/wp-json\/wp\/v2\/pages\/3732\/revisions"}],"predecessor-version":[{"id":17950,"href":"https:\/\/elfsight.com\/es\/wp-json\/wp\/v2\/pages\/3732\/revisions\/17950"}],"up":[{"embeddable":true,"href":"https:\/\/elfsight.com\/es\/wp-json\/wp\/v2\/pages\/1422"}],"wp:attachment":[{"href":"https:\/\/elfsight.com\/es\/wp-json\/wp\/v2\/media?parent=3732"}],"curies":[{"name":"wp","href":"https:\/\/api.w.org\/{rel}","templated":true}]}}