{"id":3728,"date":"2022-02-11T12:16:25","date_gmt":"2022-02-11T12:16:25","guid":{"rendered":"https:\/\/elfsight.com\/es\/?page_id=3728"},"modified":"2025-02-06T15:13:54","modified_gmt":"2025-02-06T15:13:54","slug":"joomla","status":"publish","type":"page","link":"https:\/\/elfsight.com\/es\/google-reviews-widget\/joomla\/","title":{"rendered":"Google Reviews &#8211; Joomla"},"content":{"rendered":"<div class=\"application-platform-content-item-description application-platform-content-item\" id=\"description\" data-nav-section=\"description\"><h2>Incrusta rese\u00f1as de Google con el plugin de Elfsight<\/h2><p>Elfsight Google Reviews es un m\u00f3dulo simple que te permite agregar a tu sitio rese\u00f1as sobre tus productos o servicios publicadas en Google. Con nuestro widget, puedes utilizar filtros para ocultar rese\u00f1as no deseadas, mostrar tu calificaci\u00f3n de estrellas y n\u00famero de rese\u00f1as de Google, mostrar informaci\u00f3n sobre los autores y agregar un bot\u00f3n que redirige a los visitantes para escribir una nueva rese\u00f1a en Google. Elfsight Google Reviews te ayudar\u00e1 a mostrar tu alta credibilidad social en tu sitio y aumentar las ventas.<\/p><div class=\"faq\" data-component=\"FAQ\"> <div class=\"faq-item\">\r\n\t\t\t\t\t<div class=\"faq-item-question\">\r\n\t\t\t\t\t\t<h3 class=\"faq-item-question-text\">\u00bfEn qu\u00e9 lugar del sitio web puedo instalar el plugin de rese\u00f1as de Google para Joomla?<\/h3>\r\n\r\n\t\t\t\t\t\t<div class=\"faq-item-question-icon\"><\/div>\r\n\t\t\t\t\t<\/div>\r\n\r\n\t\t\t\t\t<div class=\"faq-item-answer\">\r\n\t\t\t\t\t\t<div class=\"faq-item-answer-text\"> <p>Puedes incrustar el widget de rese\u00f1as en cualquier p\u00e1gina de tu sitio, o colocarlo en la plantilla para que se muestre en todas las p\u00e1ginas. Las rese\u00f1as funcionan bien en las p\u00e1ginas de productos o en la p\u00e1gina Sobre Nosotros, donde deseas mostrar tu alta calificaci\u00f3n.<\/p> <\/div>\r\n\t\t\t\t\t<\/div>\r\n\t\t\t\t<\/div> <div class=\"faq-item\">\r\n\t\t\t\t\t<div class=\"faq-item-question\">\r\n\t\t\t\t\t\t<h3 class=\"faq-item-question-text\">\u00bfC\u00f3mo me beneficiar\u00e9 de la extensi\u00f3n?<\/h3>\r\n\r\n\t\t\t\t\t\t<div class=\"faq-item-question-icon\"><\/div>\r\n\t\t\t\t\t<\/div>\r\n\r\n\t\t\t\t\t<div class=\"faq-item-answer\">\r\n\t\t\t\t\t\t<div class=\"faq-item-answer-text\"> <p>Las rese\u00f1as de personas reales son altamente cre\u00edbles para los usuarios de tu sitio y les indican que tu negocio es confiable. Una alta calificaci\u00f3n y opiniones positivas pueden ayudar a aumentar las ventas desde tu sitio web. Adem\u00e1s, el bot\u00f3n de redirecci\u00f3n contribuir\u00e1 a obtener m\u00e1s rese\u00f1as de clientes relacionadas con tu negocio en Google Places.<\/p> <\/div>\r\n\t\t\t\t\t<\/div>\r\n\t\t\t\t<\/div><div class=\"faq-item\">\r\n\t\t\t\t\t<div class=\"faq-item-question\">\r\n\t\t\t\t\t\t<h3 class=\"faq-item-question-text\">\u00bfC\u00f3mo incrusto el widget de rese\u00f1as de Google en mi sitio Joomla?<\/h3>\r\n\r\n\t\t\t\t\t\t<div class=\"faq-item-question-icon\"><\/div>\r\n\t\t\t\t\t<\/div>\r\n\r\n\t\t\t\t\t<div class=\"faq-item-answer\">\r\n\t\t\t\t\t\t<div class=\"faq-item-answer-text\"> <p>Tomar\u00e1 solo dos minutos hacerlo. La instalaci\u00f3n del widget de rese\u00f1as de Google en un sitio Joomla es extremadamente r\u00e1pida, gratuita y no requiere programaci\u00f3n.<\/p> <p>El widget puede configurarse directamente a trav\u00e9s de nuestro servicio o a trav\u00e9s del marketplace. Puedes revisar las ventajas de ambas opciones y elegir la tuya.<\/p> <\/div>\r\n\t\t\t\t\t<\/div>\r\n\t\t\t\t<\/div> <\/div> <\/div><div class=\"application-platform-content-item-features application-platform-content-item\" id=\"features\" data-nav-section=\"features\"><h2>Principales caracter\u00edsticas de la extensi\u00f3n de Google Reviews<\/h2><p>Para entender claramente el widget de rese\u00f1as para Joomla, puedes revisar la lista de las principales caracter\u00edsticas. Estas hacen que este widget sea incre\u00edblemente eficiente para tu sitio web:<\/p><ul> <li>Tres filtros disponibles: por tipo, excluir por, y cantidad de rese\u00f1as a mostrar<\/li><li>Cuatro dise\u00f1os predefinidos: Lista, Cuadr\u00edcula, Masonry y Deslizador<\/li><li>Oportunidad de controlar la visualizaci\u00f3n del encabezado del widget<\/li><li>El bot\u00f3n para solicitar una rese\u00f1a redirige a las personas a la p\u00e1gina de Google<\/li><li>Seis elementos flexibles de la interfaz: el nombre del autor y la foto, texto de recomendaci\u00f3n, fecha, \u00edcono de Google y calificaci\u00f3n de estrellas<\/li><li>Dos opciones para manejar el rechazo de la solicitud de rese\u00f1a: mostrar un mensaje personalizado o ocultar el bot\u00f3n<\/li><\/ul><p><a href=\"#demo\">Para explorar m\u00e1s caracter\u00edsticas, mira la demo<\/a><\/p><p>La extensi\u00f3n Joomla Google Reviews facilita la incrustaci\u00f3n de rese\u00f1as en cualquier sitio web de manera r\u00e1pida y sencilla, sin importar qui\u00e9n lo haga: desarrolladores profesionales o propietarios de sitios sin experiencia. Ahorrar tiempo con un editor visual comprensible es lo primero que hace que el plugin de Google Reviews sea notable. Adem\u00e1s, las rese\u00f1as vienen mejoradas por defecto con marcado de esquema. Esto agrega estrellas a tu sitio en los resultados de b\u00fasqueda y <strong>aumenta la tasa de clics.<\/strong><\/p><p>Finalmente, al agregar la extensi\u00f3n de rese\u00f1as de Google, obtienes contenido relevante que se actualiza peri\u00f3dicamente. Los motores de b\u00fasqueda favorecen este tipo de sitios promoviendo su posicionamiento en los resultados de b\u00fasqueda.<\/p><\/div><div class=\"application-platform-content-item-installation application-platform-content-item\" id=\"installation\" data-nav-section=\"installation\"><h2>C\u00f3mo incrustar Google Reviews en tu sitio Joomla<\/h2><p>Sigue las siguientes instrucciones para incrustar la extensi\u00f3n en Joomla.<\/p><ol><li><b>Utiliza nuestro configurador gratuito y comienza a personalizar tu extensi\u00f3n Google Reviews.<\/b><br> Especifica la interfaz y los par\u00e1metros seleccionados de la extensi\u00f3n y aplica las correcciones.<\/li><li><b>Obt\u00e9n tu c\u00f3digo \u00fanico que se muestra en el cuadro en Elfsight Apps.<\/b><br> Tan pronto como finalice la creaci\u00f3n de tu herramienta, copia el c\u00f3digo exclusivo del popup que aparece y gu\u00e1rdalo para un uso posterior.<\/li><li><b>Inicia la utilizaci\u00f3n de la herramienta en tu sitio Joomla.<\/b><br> Integra el c\u00f3digo que acabas de copiar en tu sitio y aplica los ajustes.<\/li><li><b>\u00a1Listo! La incrustaci\u00f3n est\u00e1 completamente terminada.<\/b><br> Ve a tu sitio Joomla para ver c\u00f3mo funciona el plugin de rese\u00f1as.<\/li><\/ol><p>\u00bfA\u00fan tienes dudas? \u00bfO experimentas problemas? Simplemente env\u00eda tu solicitud a nuestro servicio de atenci\u00f3n al cliente y te ayudar\u00e1n con cualquier pregunta.<\/p><\/div>","protected":false},"excerpt":{"rendered":"","protected":false},"author":18,"featured_media":0,"parent":1422,"menu_order":0,"comment_status":"closed","ping_status":"closed","template":"templates\/template-application-platform.php","meta":{"publish_to_discourse":"","publish_post_category":"","wpdc_auto_publish_overridden":"","wpdc_topic_tags":"","wpdc_pin_topic":"","wpdc_pin_until":"","discourse_post_id":"","discourse_permalink":"","wpdc_publishing_response":"","wpdc_publishing_error":"","footnotes":""},"class_list":["post-3728","page","type-page","status-publish","hentry"],"yoast_head":"<!-- This site is optimized with the Yoast SEO plugin v25.3.1 - https:\/\/yoast.com\/wordpress\/plugins\/seo\/ -->\n<title>Rese\u00f1as de Google - A\u00f1adir extention de Valoraciones de Google al Joomla<\/title>\n<meta name=\"description\" content=\"Instala un module hermoso de Rese\u00f1as de Google en su p\u00e1gina web de Joomla. Use la demo de Elfsight manejable y construe su extention personalizado.\" \/>\n<meta name=\"robots\" content=\"index, follow, max-snippet:-1, max-image-preview:large, max-video-preview:-1\" \/>\n<link rel=\"canonical\" href=\"https:\/\/elfsight.com\/es\/google-reviews-widget\/joomla\/\" \/>\n<meta property=\"og:locale\" content=\"es_ES\" \/>\n<meta property=\"og:type\" content=\"article\" \/>\n<meta property=\"og:title\" content=\"Rese\u00f1as de Google - A\u00f1adir extention de Valoraciones de Google al Joomla\" \/>\n<meta property=\"og:description\" content=\"Instala un module hermoso de Rese\u00f1as de Google en su p\u00e1gina web de Joomla. Use la demo de Elfsight manejable y construe su extention personalizado.\" \/>\n<meta property=\"og:url\" content=\"https:\/\/elfsight.com\/es\/google-reviews-widget\/joomla\/\" \/>\n<meta property=\"og:site_name\" content=\"Elfsight ES\" \/>\n<meta property=\"article:modified_time\" content=\"2025-02-06T15:13:54+00:00\" \/>\n<meta name=\"twitter:card\" content=\"summary_large_image\" \/>\n<meta name=\"twitter:label1\" content=\"Tiempo de lectura\" \/>\n\t<meta name=\"twitter:data1\" content=\"4 minutos\" \/>\n<!-- \/ Yoast SEO plugin. -->","yoast_head_json":{"title":"Rese\u00f1as de Google - A\u00f1adir extention de Valoraciones de Google al Joomla","description":"Instala un module hermoso de Rese\u00f1as de Google en su p\u00e1gina web de Joomla. Use la demo de Elfsight manejable y construe su extention personalizado.","robots":{"index":"index","follow":"follow","max-snippet":"max-snippet:-1","max-image-preview":"max-image-preview:large","max-video-preview":"max-video-preview:-1"},"canonical":"https:\/\/elfsight.com\/es\/google-reviews-widget\/joomla\/","og_locale":"es_ES","og_type":"article","og_title":"Rese\u00f1as de Google - A\u00f1adir extention de Valoraciones de Google al Joomla","og_description":"Instala un module hermoso de Rese\u00f1as de Google en su p\u00e1gina web de Joomla. Use la demo de Elfsight manejable y construe su extention personalizado.","og_url":"https:\/\/elfsight.com\/es\/google-reviews-widget\/joomla\/","og_site_name":"Elfsight ES","article_modified_time":"2025-02-06T15:13:54+00:00","twitter_card":"summary_large_image","twitter_misc":{"Tiempo de lectura":"4 minutos"},"schema":{"@context":"https:\/\/schema.org","@graph":[{"@type":"WebPage","@id":"https:\/\/elfsight.com\/es\/google-reviews-widget\/joomla\/","url":"https:\/\/elfsight.com\/es\/google-reviews-widget\/joomla\/","name":"Rese\u00f1as de Google - A\u00f1adir extention de Valoraciones de Google al Joomla","isPartOf":{"@id":"https:\/\/elfsight.com\/es\/#website"},"datePublished":"2022-02-11T12:16:25+00:00","dateModified":"2025-02-06T15:13:54+00:00","description":"Instala un module hermoso de Rese\u00f1as de Google en su p\u00e1gina web de Joomla. Use la demo de Elfsight manejable y construe su extention personalizado.","breadcrumb":{"@id":"https:\/\/elfsight.com\/es\/google-reviews-widget\/joomla\/#breadcrumb"},"inLanguage":"es","potentialAction":[{"@type":"ReadAction","target":["https:\/\/elfsight.com\/es\/google-reviews-widget\/joomla\/"]}]},{"@type":"BreadcrumbList","@id":"https:\/\/elfsight.com\/es\/google-reviews-widget\/joomla\/#breadcrumb","itemListElement":[{"@type":"ListItem","position":1,"name":"Home","item":"https:\/\/elfsight.com\/es\/"},{"@type":"ListItem","position":2,"name":"Google Reviews","item":"https:\/\/elfsight.com\/es\/google-reviews-widget\/"},{"@type":"ListItem","position":3,"name":"Google Reviews &#8211; Joomla"}]},{"@type":"WebSite","@id":"https:\/\/elfsight.com\/es\/#website","url":"https:\/\/elfsight.com\/es\/","name":"Elfsight ES","description":"Just another Elfsight Sites site","potentialAction":[{"@type":"SearchAction","target":{"@type":"EntryPoint","urlTemplate":"https:\/\/elfsight.com\/es\/?s={search_term_string}"},"query-input":{"@type":"PropertyValueSpecification","valueRequired":true,"valueName":"search_term_string"}}],"inLanguage":"es"}]}},"meta_box":{"industry":"","seo_heading":"","heading":"","description":"","cta_heading":"","cta_description":"","application":"1421","h1":"extensi\u00f3n de Rese\u00f1as de Google para Joomla","h1_caption":"Incorpore sin esfuerzo rese\u00f1as de su lugar desde Google para obtener las mejores impresiones de los clientes en la experiencia de su sitio web en su sitio web Joomla.","application_category":[],"applications_title":"","applications_request_title":"","applications_request_button_text":"","hero_text":"","hero_video":"","hero_video_schema_markup":"","selling_points_title":"","selling_points_caption":"","selling_points":[],"selling_points_cta_text":"","features_title":"","features":"","ed_cta_examples_text":"","ed_cta_examples_hidden":"","ed_cta_demo_text":"","ed_cta_demo_hidden":"","why_caption":"","why_editor_title":"","why_editor_text":"","why_team_title":"","why_team_text":"","why_service_title":"","why_service_text":"","template_catalog_visible":"0","template_catalog_title":"","template_catalog_text":"","template_catalog_categories_visible":"","demo_title":"Crea tu complemento de Rese\u00f1as de Google","demo_caption":"\u00a1Configure sus Rese\u00f1as de Google y agr\u00e9guelas a su sitio web Joomla gratis!","default_faq_hidden":"","app_template_category":[],"platform":"73","template_public_id":"","codecanyon_url":"","codecanyon_item_id":"","codecanyon_price":"","pricing_caption":"","pricing_elfsight_apps_hide_column":"","pricing_elfsight_apps_url":"","pricing_codecanyon_price_caption":"","integration_category":[],"integration_request_title":"","integration_request_cta":"","integration_platform":"","integrations":[],"platform_category":[],"video_schema_markup":"","price":"desde $0 por mes","trial":"","benefits":[{"text":"Instalaci\u00f3n gratuita"},{"text":"Soporte Premium"},{"text":"14 d\u00edas garant\u00eda de reembolso"},{"text":"Actualizaciones regulares"}],"button_url":"#demo","button_target_blank":"0","button_nofollow":"0","attributes":[{"name":"Responsivo","content":"Si","_state":"expanded"},{"name":"Navegadores compatibles","content":"Firefox, Safari, Opera, Chrome, Edge","_state":"expanded"}],"tags":[],"tags_disable_links":"0","hide_more_platforms":"","video_object":"","demo_hide_cta":"0","demo_hide_cloud_options":"0","pricing_title":"","pricing":[{"pricing_icon":"platform","pricing_title":" Elfsight Apps","pricing_title_caption":"Soluci\u00f3n multiplataforma - valido para cualquier p\u00e1gina web","pricing_price":"desde $0 por mes","pricing_price_caption":"empezar con un plan gratuito","pricing_benefits":[{"text":"Sitios web ilimitados"},{"text":"Atenci\u00f3n al cliente gratuita y r\u00e1pida"},{"text":"Servicio de instalaci\u00f3n gratuito"},{"text":"Totalmente personalizable"}],"pricing_button_text":"Agregar al sitio web","pricing_button_url":"#demo","_state":"expanded"}],"related_apps_title":"","related_apps_hidden":"1","author":"","image":[],"title":"","job":"","social_networks":[]},"_links":{"self":[{"href":"https:\/\/elfsight.com\/es\/wp-json\/wp\/v2\/pages\/3728","targetHints":{"allow":["GET"]}}],"collection":[{"href":"https:\/\/elfsight.com\/es\/wp-json\/wp\/v2\/pages"}],"about":[{"href":"https:\/\/elfsight.com\/es\/wp-json\/wp\/v2\/types\/page"}],"author":[{"embeddable":true,"href":"https:\/\/elfsight.com\/es\/wp-json\/wp\/v2\/users\/18"}],"replies":[{"embeddable":true,"href":"https:\/\/elfsight.com\/es\/wp-json\/wp\/v2\/comments?post=3728"}],"version-history":[{"count":3,"href":"https:\/\/elfsight.com\/es\/wp-json\/wp\/v2\/pages\/3728\/revisions"}],"predecessor-version":[{"id":17948,"href":"https:\/\/elfsight.com\/es\/wp-json\/wp\/v2\/pages\/3728\/revisions\/17948"}],"up":[{"embeddable":true,"href":"https:\/\/elfsight.com\/es\/wp-json\/wp\/v2\/pages\/1422"}],"wp:attachment":[{"href":"https:\/\/elfsight.com\/es\/wp-json\/wp\/v2\/media?parent=3728"}],"curies":[{"name":"wp","href":"https:\/\/api.w.org\/{rel}","templated":true}]}}