{"id":3720,"date":"2022-02-11T12:16:45","date_gmt":"2022-02-11T12:16:45","guid":{"rendered":"https:\/\/elfsight.com\/es\/?page_id=3720"},"modified":"2025-10-13T16:41:12","modified_gmt":"2025-10-13T16:41:12","slug":"html","status":"publish","type":"page","link":"https:\/\/elfsight.com\/es\/google-reviews-widget\/html\/","title":{"rendered":"Google Reviews &#8211; HTML"},"content":{"rendered":"<div class=\"application-platform-content-item-description application-platform-content-item\" id=\"description\" data-nav-section=\"description\"> <h2>Incrusta rese\u00f1as de Google con un widget de Elfsight<\/h2> <p>Si est\u00e1s buscando una manera de mostrar tu alta valoraci\u00f3n por parte de los usuarios y convencer a los visitantes de tu sitio de que tus productos o servicios valen la pena, el c\u00f3digo de rese\u00f1as de Google de Elfsight ser\u00e1 la elecci\u00f3n correcta. Con este widget, podr\u00e1s colocar r\u00e1pidamente rese\u00f1as de clientes de Google en tu sitio con detalles sobre sus autores, filtrarlas para mostrar solo las mejores, mostrar calificaciones y un bot\u00f3n de redirecci\u00f3n, que llevar\u00e1 a las personas a tu p\u00e1gina de Google, donde podr\u00e1n escribir una nueva rese\u00f1a.<\/p><div class=\"faq\" data-component=\"FAQ\"> <div class=\"faq-item\">\r\n\t\t\t\t\t<div class=\"faq-item-question\">\r\n\t\t\t\t\t\t<h3 class=\"faq-item-question-text\">\u00bfD\u00f3nde puedo incrustar rese\u00f1as de Google en HTML?<\/h3>\r\n\r\n\t\t\t\t\t\t<div class=\"faq-item-question-icon\"><\/div>\r\n\t\t\t\t\t<\/div>\r\n\r\n\t\t\t\t\t<div class=\"faq-item-answer\">\r\n\t\t\t\t\t\t<div class=\"faq-item-answer-text\"> <p>Este widget se puede instalar en cualquier p\u00e1gina donde desees demostrar tu alta calificaci\u00f3n y popularidad entre los clientes. Si lo necesitas en todas las p\u00e1ginas de tu sitio, puedes agregarlo f\u00e1cilmente en la plantilla del sitio web. Simplemente encuentra la secci\u00f3n donde deseas mostrar las rese\u00f1as y pega el c\u00f3digo de instalaci\u00f3n all\u00ed.<\/p><\/div>\r\n\t\t\t\t\t<\/div>\r\n\t\t\t\t<\/div> <div class=\"faq-item\">\r\n\t\t\t\t\t<div class=\"faq-item-question\">\r\n\t\t\t\t\t\t<h3 class=\"faq-item-question-text\">\u00bfQu\u00e9 beneficios obtendr\u00e1 mi sitio si agrego el widget?<\/h3>\r\n\r\n\t\t\t\t\t\t<div class=\"faq-item-question-icon\"><\/div>\r\n\t\t\t\t\t<\/div>\r\n\r\n\t\t\t\t\t<div class=\"faq-item-answer\">\r\n\t\t\t\t\t\t<div class=\"faq-item-answer-text\"> <p>Las rese\u00f1as de clientes reales parecen completamente confiables para los clientes de tu sitio y les demuestran que tu empresa es de fiar. Una alta calificaci\u00f3n y testimonios positivos pueden ayudar a elevar el nivel de ventas en tu sitio web. Adem\u00e1s, el bot\u00f3n de redirecci\u00f3n puede contribuir a obtener m\u00e1s rese\u00f1as de clientes sobre tus productos o servicios en Google.<\/p> <\/div>\r\n\t\t\t\t\t<\/div>\r\n\t\t\t\t<\/div> <div class=\"faq-item\">\r\n\t\t\t\t\t<div class=\"faq-item-question\">\r\n\t\t\t\t\t\t<h3 class=\"faq-item-question-text\">\u00bfC\u00f3mo incrusto el widget de rese\u00f1as de Google en mi sitio web HTML?<\/h3>\r\n\r\n\t\t\t\t\t\t<div class=\"faq-item-question-icon\"><\/div>\r\n\t\t\t\t\t<\/div>\r\n\r\n\t\t\t\t\t<div class=\"faq-item-answer\">\r\n\t\t\t\t\t\t<div class=\"faq-item-answer-text\"> <p>Toma solo dos minutos hacerlo. La instalaci\u00f3n es extremadamente r\u00e1pida, gratuita y no requiere programaci\u00f3n.<\/p> <p>Puedes incrustar rese\u00f1as en HTML en tu sitio justo despu\u00e9s de crear un widget en nuestro servicio. Para crearlo, consulta una breve gu\u00eda de instalaci\u00f3n m\u00e1s abajo en esta p\u00e1gina.<\/p> <\/div>\r\n\t\t\t\t\t<\/div>\r\n\t\t\t\t<\/div> <\/div> <\/div> <div class=\"application-platform-content-item-features application-platform-content-item\" id=\"features\" data-nav-section=\"features\"> <h2>Principales caracter\u00edsticas del widget de rese\u00f1as de Google<\/h2> <p>Para obtener una comprensi\u00f3n clara del widget, puedes revisar la lista de sus principales caracter\u00edsticas. Estas hacen que este widget sea incre\u00edblemente eficiente para tu sitio web: <\/p> <ul> <li>3 filtros predefinidos: por tipo, excluir por, y cantidad de rese\u00f1as para mostrar;<\/li> <li>4 variantes de dise\u00f1o: Lista, Cuadr\u00edcula, Masonry y Slider;<\/li> <li>Encabezado del widget conmutador;<\/li> <li>El bot\u00f3n para solicitar una rese\u00f1a dirige a los clientes a tu p\u00e1gina de Google;<\/li> <li>Seis elementos personalizables de las rese\u00f1as: nombre y foto del autor, texto de recomendaci\u00f3n, fecha, icono de Google y calificaci\u00f3n de estrellas;<\/li> <li>Dos alternativas de escenarios tras la denegaci\u00f3n de la solicitud de rese\u00f1a: mostrar un mensaje de texto o ocultar el bot\u00f3n.<\/li> <\/ul><p><a href=\"#demo\">Para explorar m\u00e1s caracter\u00edsticas, consulta nuestra demo<\/a><\/p> <\/div><div class=\"application-platform-content-item-installation application-platform-content-item\" id=\"installation\" data-nav-section=\"installation\"> <h2>C\u00f3mo incrustar el c\u00f3digo de rese\u00f1as de Google en tu sitio web HTML<\/h2><div class=\"video-container\"><iframe width=\"720\" height=\"405\" src=\"https:\/\/www.youtube.com\/embed\/fAB-nMKIWYk?si=FuSbsjVxMCwqO0lI\" frameborder=\"0\" allowfullscreen=\"\"><\/iframe><\/div><p>Las siguientes acciones son lo \u00fanico que necesitas hacer para configurar el widget en tu p\u00e1gina web. Tomar\u00e1 solo un par de minutos y no requiere programaci\u00f3n.<\/p> <ol><li><b>Crea tu plugin de rese\u00f1as de Google personalizado<\/b><br> Usando nuestra demo gratuita, configura un plugin con el dise\u00f1o y las caracter\u00edsticas funcionales que m\u00e1s necesites. <\/li><li><b>Obt\u00e9n el c\u00f3digo personal para configurar el plugin<\/b><br> Despu\u00e9s de crear tu widget, obtendr\u00e1s el c\u00f3digo de instalaci\u00f3n \u00fanico desde la notificaci\u00f3n emergente en Elfsight Apps. Copia el c\u00f3digo para su uso posterior. <\/li> <li><b>Agrega el plugin a tu sitio web HTML<\/b><br> Encuentra el lugar donde planeas agregar el widget y pega el c\u00f3digo guardado all\u00ed. Publica los cambios. <\/li> <li><b>\u00a1Listo! Has incrustado el c\u00f3digo HTML correctamente.<\/b><br> Visita tu sitio para ver tus testimonios.<\/li> <\/ol><p>\u00bfA\u00fan tienes dudas sobre c\u00f3mo incrustar rese\u00f1as de Google en HTML? Simplemente env\u00eda tu solicitud a nuestro servicio de atenci\u00f3n al cliente. Te ayudaremos con cualquier pregunta.<\/p> <\/div>","protected":false},"excerpt":{"rendered":"","protected":false},"author":18,"featured_media":0,"parent":1422,"menu_order":0,"comment_status":"closed","ping_status":"closed","template":"templates\/template-application-platform.php","meta":{"publish_to_discourse":"","publish_post_category":"","wpdc_auto_publish_overridden":"","wpdc_topic_tags":"","wpdc_pin_topic":"","wpdc_pin_until":"","discourse_post_id":"","discourse_permalink":"","wpdc_publishing_response":"","wpdc_publishing_error":"","footnotes":""},"class_list":["post-3720","page","type-page","status-publish","hentry"],"yoast_head":"<!-- This site is optimized with the Yoast SEO plugin v25.3.1 - https:\/\/yoast.com\/wordpress\/plugins\/seo\/ -->\n<title>Rese\u00f1as de Google - Embeber widget de Valoraciones de Google al HTML<\/title>\n<meta name=\"description\" content=\"A\u00f1ade un widget hermoso de Rese\u00f1as de Google en su p\u00e1gina web de HTML. Pruebe la demo de Elfsight f\u00e1cil de usar y construe su widget \u00fanico.\" \/>\n<meta name=\"robots\" content=\"index, follow, max-snippet:-1, max-image-preview:large, max-video-preview:-1\" \/>\n<link rel=\"canonical\" href=\"https:\/\/elfsight.com\/es\/google-reviews-widget\/html\/\" \/>\n<meta property=\"og:locale\" content=\"es_ES\" \/>\n<meta property=\"og:type\" content=\"article\" \/>\n<meta property=\"og:title\" content=\"Rese\u00f1as de Google - Embeber widget de Valoraciones de Google al HTML\" \/>\n<meta property=\"og:description\" content=\"A\u00f1ade un widget hermoso de Rese\u00f1as de Google en su p\u00e1gina web de HTML. Pruebe la demo de Elfsight f\u00e1cil de usar y construe su widget \u00fanico.\" \/>\n<meta property=\"og:url\" content=\"https:\/\/elfsight.com\/es\/google-reviews-widget\/html\/\" \/>\n<meta property=\"og:site_name\" content=\"Elfsight ES\" \/>\n<meta property=\"article:modified_time\" content=\"2025-10-13T16:41:12+00:00\" \/>\n<meta name=\"twitter:card\" content=\"summary_large_image\" \/>\n<meta name=\"twitter:label1\" content=\"Tiempo de lectura\" \/>\n\t<meta name=\"twitter:data1\" content=\"3 minutos\" \/>\n<!-- \/ Yoast SEO plugin. -->","yoast_head_json":{"title":"Rese\u00f1as de Google - Embeber widget de Valoraciones de Google al HTML","description":"A\u00f1ade un widget hermoso de Rese\u00f1as de Google en su p\u00e1gina web de HTML. Pruebe la demo de Elfsight f\u00e1cil de usar y construe su widget \u00fanico.","robots":{"index":"index","follow":"follow","max-snippet":"max-snippet:-1","max-image-preview":"max-image-preview:large","max-video-preview":"max-video-preview:-1"},"canonical":"https:\/\/elfsight.com\/es\/google-reviews-widget\/html\/","og_locale":"es_ES","og_type":"article","og_title":"Rese\u00f1as de Google - Embeber widget de Valoraciones de Google al HTML","og_description":"A\u00f1ade un widget hermoso de Rese\u00f1as de Google en su p\u00e1gina web de HTML. Pruebe la demo de Elfsight f\u00e1cil de usar y construe su widget \u00fanico.","og_url":"https:\/\/elfsight.com\/es\/google-reviews-widget\/html\/","og_site_name":"Elfsight ES","article_modified_time":"2025-10-13T16:41:12+00:00","twitter_card":"summary_large_image","twitter_misc":{"Tiempo de lectura":"3 minutos"},"schema":{"@context":"https:\/\/schema.org","@graph":[{"@type":"WebPage","@id":"https:\/\/elfsight.com\/es\/google-reviews-widget\/html\/","url":"https:\/\/elfsight.com\/es\/google-reviews-widget\/html\/","name":"Rese\u00f1as de Google - Embeber widget de Valoraciones de Google al HTML","isPartOf":{"@id":"https:\/\/elfsight.com\/es\/#website"},"datePublished":"2022-02-11T12:16:45+00:00","dateModified":"2025-10-13T16:41:12+00:00","description":"A\u00f1ade un widget hermoso de Rese\u00f1as de Google en su p\u00e1gina web de HTML. Pruebe la demo de Elfsight f\u00e1cil de usar y construe su widget \u00fanico.","breadcrumb":{"@id":"https:\/\/elfsight.com\/es\/google-reviews-widget\/html\/#breadcrumb"},"inLanguage":"es","potentialAction":[{"@type":"ReadAction","target":["https:\/\/elfsight.com\/es\/google-reviews-widget\/html\/"]}]},{"@type":"BreadcrumbList","@id":"https:\/\/elfsight.com\/es\/google-reviews-widget\/html\/#breadcrumb","itemListElement":[{"@type":"ListItem","position":1,"name":"Home","item":"https:\/\/elfsight.com\/es\/"},{"@type":"ListItem","position":2,"name":"Google Reviews","item":"https:\/\/elfsight.com\/es\/google-reviews-widget\/"},{"@type":"ListItem","position":3,"name":"Google Reviews &#8211; HTML"}]},{"@type":"WebSite","@id":"https:\/\/elfsight.com\/es\/#website","url":"https:\/\/elfsight.com\/es\/","name":"Elfsight ES","description":"Just another Elfsight Sites site","potentialAction":[{"@type":"SearchAction","target":{"@type":"EntryPoint","urlTemplate":"https:\/\/elfsight.com\/es\/?s={search_term_string}"},"query-input":{"@type":"PropertyValueSpecification","valueRequired":true,"valueName":"search_term_string"}}],"inLanguage":"es"}]}},"meta_box":{"industry":"","seo_heading":"","heading":"","description":"","cta_heading":"","cta_description":"","application":"1421","h1":"widget de Rese\u00f1as de Google para HTML","h1_caption":"Incorpore sin esfuerzo rese\u00f1as de su lugar desde Google para obtener las mejores impresiones de los clientes en la experiencia de su sitio web en su sitio web HTML.","application_category":[],"applications_title":"","applications_request_title":"","applications_request_button_text":"","hero_text":"","hero_video":"","hero_video_schema_markup":"","selling_points_title":"","selling_points_caption":"","selling_points":[],"selling_points_cta_text":"","features_title":"","features":"","ed_cta_examples_text":"","ed_cta_examples_hidden":"","ed_cta_demo_text":"","ed_cta_demo_hidden":"","why_caption":"","why_editor_title":"","why_editor_text":"","why_team_title":"","why_team_text":"","why_service_title":"","why_service_text":"","template_catalog_visible":"0","template_catalog_title":"","template_catalog_text":"","template_catalog_categories_visible":"","demo_title":"Crea tu widget de Rese\u00f1as de Google","demo_caption":"\u00a1Configure sus Rese\u00f1as de Google y agr\u00e9guelas a su sitio web HTML de forma gratuita!","default_faq_hidden":"","app_template_category":[],"platform":"70","template_public_id":"","codecanyon_url":"","codecanyon_item_id":"","codecanyon_price":"","pricing_caption":"","pricing_elfsight_apps_hide_column":"","pricing_elfsight_apps_url":"","pricing_codecanyon_price_caption":"","integration_category":[],"integration_request_title":"","integration_request_cta":"","integration_platform":"","integrations":[],"platform_category":[],"video_schema_markup":"","price":"desde $0 por mes","trial":"","benefits":[{"text":"Instalaci\u00f3n gratuita"},{"text":"Soporte Premium"},{"text":"14 d\u00edas garant\u00eda de reembolso"},{"text":"Actualizaciones regulares"}],"button_url":"#demo","button_target_blank":"0","button_nofollow":"0","attributes":[{"name":"Responsivo","content":"Si","_state":"expanded"},{"name":"Navegadores compatibles","content":"Firefox, Safari, Opera, Chrome, Edge","_state":"expanded"}],"tags":[],"tags_disable_links":"0","hide_more_platforms":"","video_object":"","demo_hide_cta":"0","demo_hide_cloud_options":"0","pricing_title":"","pricing":[{"pricing_icon":"platform","pricing_title":" Elfsight Apps","pricing_title_caption":"Soluci\u00f3n multiplataforma - valido para cualquier p\u00e1gina web","pricing_price":"desde $0 por mes","pricing_price_caption":"empezar con un plan gratuito","pricing_benefits":[{"text":"Sitios web ilimitados"},{"text":"Atenci\u00f3n al cliente gratuita y r\u00e1pida"},{"text":"Servicio de instalaci\u00f3n gratuito"},{"text":"Totalmente personalizable"}],"pricing_button_text":"Agregar al sitio web","pricing_button_url":"#demo","_state":"expanded"}],"related_apps_title":"","related_apps_hidden":"1","author":"","image":[],"title":"","job":"","social_networks":[]},"_links":{"self":[{"href":"https:\/\/elfsight.com\/es\/wp-json\/wp\/v2\/pages\/3720","targetHints":{"allow":["GET"]}}],"collection":[{"href":"https:\/\/elfsight.com\/es\/wp-json\/wp\/v2\/pages"}],"about":[{"href":"https:\/\/elfsight.com\/es\/wp-json\/wp\/v2\/types\/page"}],"author":[{"embeddable":true,"href":"https:\/\/elfsight.com\/es\/wp-json\/wp\/v2\/users\/18"}],"replies":[{"embeddable":true,"href":"https:\/\/elfsight.com\/es\/wp-json\/wp\/v2\/comments?post=3720"}],"version-history":[{"count":2,"href":"https:\/\/elfsight.com\/es\/wp-json\/wp\/v2\/pages\/3720\/revisions"}],"predecessor-version":[{"id":16040,"href":"https:\/\/elfsight.com\/es\/wp-json\/wp\/v2\/pages\/3720\/revisions\/16040"}],"up":[{"embeddable":true,"href":"https:\/\/elfsight.com\/es\/wp-json\/wp\/v2\/pages\/1422"}],"wp:attachment":[{"href":"https:\/\/elfsight.com\/es\/wp-json\/wp\/v2\/media?parent=3720"}],"curies":[{"name":"wp","href":"https:\/\/api.w.org\/{rel}","templated":true}]}}