{"id":3716,"date":"2022-02-11T12:19:25","date_gmt":"2022-02-11T12:19:25","guid":{"rendered":"https:\/\/elfsight.com\/es\/?page_id=3716"},"modified":"2025-02-06T15:07:47","modified_gmt":"2025-02-06T15:07:47","slug":"google-sites","status":"publish","type":"page","link":"https:\/\/elfsight.com\/es\/google-reviews-widget\/google-sites\/","title":{"rendered":"Google Reviews &#8211; Google Sites"},"content":{"rendered":"<div class=\"application-platform-content-item-description application-platform-content-item\" id=\"description\" data-nav-section=\"description\"> <h2>Incrustar rese\u00f1as de Google con el widget de Elfsight<\/h2> <p>El widget de Rese\u00f1as de Elfsight para Google Sites es una herramienta \u00fatil que te permite insertar en el sitio web testimonios sobre tu negocio publicados en Google. Con la ayuda de este widget, podr\u00e1s aplicar filtros para ocultar rese\u00f1as no deseadas, mostrar tu calificaci\u00f3n de estrellas y n\u00fameros de Google, proporcionar detalles sobre los autores y colocar un bot\u00f3n que redirija a los visitantes para que agreguen su rese\u00f1a en Google. El widget de Rese\u00f1as de Google de Elfsight te ayudar\u00e1 a demostrar tu alta prueba social en el sitio y aumentar las ventas. <\/p> <p><b>Con el widget de Elfsight, comienza un desarrollo activo de tu negocio y m\u00e1s ventas<\/b><\/p><div class=\"faq\" data-component=\"FAQ\"> <div class=\"faq-item\">\r\n\t\t\t\t\t<div class=\"faq-item-question\">\r\n\t\t\t\t\t\t<h3 class=\"faq-item-question-text\">\u00bfD\u00f3nde en el sitio de Google puedo agregar el widget?<\/h3>\r\n\r\n\t\t\t\t\t\t<div class=\"faq-item-question-icon\"><\/div>\r\n\t\t\t\t\t<\/div>\r\n\r\n\t\t\t\t\t<div class=\"faq-item-answer\">\r\n\t\t\t\t\t\t<div class=\"faq-item-answer-text\"> <p>Puedes elegir incrustar la ventana de rese\u00f1as en todas las p\u00e1ginas del sitio web o en algunas seleccionadas. Por ejemplo, puedes agregar el widget en la p\u00e1gina de inicio y atraer la m\u00e1xima atenci\u00f3n hacia ella. <\/p> <\/div>\r\n\t\t\t\t\t<\/div>\r\n\t\t\t\t<\/div> <div class=\"faq-item\">\r\n\t\t\t\t\t<div class=\"faq-item-question\">\r\n\t\t\t\t\t\t<h3 class=\"faq-item-question-text\">\u00bfC\u00f3mo puedo beneficiarme del widget?<\/h3>\r\n\r\n\t\t\t\t\t\t<div class=\"faq-item-question-icon\"><\/div>\r\n\t\t\t\t\t<\/div>\r\n\r\n\t\t\t\t\t<div class=\"faq-item-answer\">\r\n\t\t\t\t\t\t<div class=\"faq-item-answer-text\"> <p>Usando el widget de Elfsight, es muy f\u00e1cil y r\u00e1pido configurar una secci\u00f3n de Rese\u00f1as de Google y atraer a nuevos usuarios con un bot\u00f3n de llamada a la acci\u00f3n. Ellos agregar\u00e1n contenido relevante al sitio web. Adem\u00e1s, Google coloca en la parte superior en los resultados de b\u00fasqueda a p\u00e1ginas, productos y negocios con buenas calificaciones, porque considera que esas p\u00e1ginas contienen informaci\u00f3n valiosa. <\/p> <\/div>\r\n\t\t\t\t\t<\/div>\r\n\t\t\t\t<\/div> <div class=\"faq-item\">\r\n\t\t\t\t\t<div class=\"faq-item-question\">\r\n\t\t\t\t\t\t<h3 class=\"faq-item-question-text\">\u00bfPuedo probar el widget de Rese\u00f1as de Google iFrame?<\/h3>\r\n\r\n\t\t\t\t\t\t<div class=\"faq-item-question-icon\"><\/div>\r\n\t\t\t\t\t<\/div>\r\n\r\n\t\t\t\t\t<div class=\"faq-item-answer\">\r\n\t\t\t\t\t\t<div class=\"faq-item-answer-text\"> <p>S\u00ed, es tan f\u00e1cil como uno-dos-tres. Puedes usar una <a href=\"#demo\">demo<\/a> gratuita en l\u00ednea y configurar la apariencia de toda la secci\u00f3n de rese\u00f1as sin esfuerzo.<\/p> <\/div>\r\n\t\t\t\t\t<\/div>\r\n\t\t\t\t<\/div> <div class=\"faq-item\">\r\n\t\t\t\t\t<div class=\"faq-item-question\">\r\n\t\t\t\t\t\t<h3 class=\"faq-item-question-text\">\u00bfC\u00f3mo agregar Rese\u00f1as de Google a mi sitio de Google Sites sin habilidades de programaci\u00f3n?<\/h3>\r\n\r\n\t\t\t\t\t\t<div class=\"faq-item-question-icon\"><\/div>\r\n\t\t\t\t\t<\/div>\r\n\r\n\t\t\t\t\t<div class=\"faq-item-answer\">\r\n\t\t\t\t\t\t<div class=\"faq-item-answer-text\"> <p>Elfsight ofrece una soluci\u00f3n SaaS que te permite crear un widget de Rese\u00f1as de Google por ti mismo, ve lo f\u00e1cil que es el proceso: Trabaja directamente en el Editor en l\u00ednea para crear el widget de Rese\u00f1as de Google que te gustar\u00eda ver en tu sitio de Google Sites. Elige una de las plantillas prehechas y ajusta la configuraci\u00f3n de las Rese\u00f1as de Google, agrega tu contenido, cambia el dise\u00f1o y el esquema de colores sin ninguna habilidad de programaci\u00f3n. Guarda las Rese\u00f1as de Google y copia su c\u00f3digo de instalaci\u00f3n, que puedes incluir f\u00e1cilmente en tu sitio de Google Sites sin necesidad de comprar una suscripci\u00f3n paga. Con nuestro Editor intuitivo, cualquier usuario de internet puede crear un widget de Rese\u00f1as de Google en l\u00ednea e incrustarlo f\u00e1cilmente en su sitio de Google Sites. No es necesario pagar ni ingresar los datos de tu tarjeta para acceder al servicio. Si enfrentas alg\u00fan problema en cualquier paso, no dudes en ponerte en contacto con nuestro equipo de soporte t\u00e9cnico.<\/p> <\/div>\r\n\t\t\t\t\t<\/div>\r\n\t\t\t\t<\/div> <\/div> <\/div> <div class=\"application-platform-content-item-features application-platform-content-item\" id=\"features\" data-nav-section=\"features\"><h2>Principales caracter\u00edsticas del widget de Rese\u00f1as de Google<\/h2><p>El widget ofrece caracter\u00edsticas \u00fatiles y f\u00e1ciles de usar, mira algunas de ellas: <\/p><ul> <li>Tres tipos de filtros: por tipo, excluir por y cantidad de rese\u00f1as a mostrar; <\/li> <li>4 dise\u00f1os disponibles: Lista, Cuadr\u00edcula, Mamposter\u00eda y Deslizador; <\/li> <li>Encabezado intercambiable del widget; <\/li> <li>El bot\u00f3n activo para dejar otra rese\u00f1a lleva a los visitantes a tu p\u00e1gina de Google; <\/li> <li>6 elementos personalizables de las rese\u00f1as: nombre y foto del autor, texto de recomendaci\u00f3n, fecha, icono de Google y calificaci\u00f3n en estrellas; <\/li> <li>Dos posibles escenarios despu\u00e9s de la denegaci\u00f3n de la solicitud de rese\u00f1a: mostrar un mensaje personalizado o ocultar el bot\u00f3n. <\/li> <\/ul><p><a href=\"#demo\">Puedes comprobar si el widget es adecuado para ti con la ayuda de la demo<\/a><\/p> <\/div> <div class=\"application-platform-content-item-installation application-platform-content-item\" id=\"installation\" data-nav-section=\"installation\"> <h2>\u00bfC\u00f3mo incrustar Rese\u00f1as de Google en mi Google Sites?<\/h2> <div class=\"video-container\"><iframe width=\"720\" height=\"405\" src=\"https:\/\/www.youtube.com\/embed\/7kOTiTh_0-8\" frameborder=\"0\" allowfullscreen=\"\"><\/iframe><\/div><p>Sigue estos simples pasos a continuaci\u00f3n para comenzar a usar el widget. <\/p> <ol><li><b>Gestiona nuestro configurador gratuito y comienza a crear tu herramienta personalizada.<\/b><br> Elige la forma y las caracter\u00edsticas personalizadas de la herramienta y guarda los cambios.<\/li> <li><b>Obt\u00e9n el c\u00f3digo \u00fanico revelado en la caja de Elfsight Apps.<\/b><br> Una vez que hayas creado tu plugin personal, copia el c\u00f3digo personal en la caja que aparece y gu\u00e1rdalo para su uso futuro.<\/li> <li><b>Agrega las rese\u00f1as a Google Sites.<\/b><br> Pega el c\u00f3digo guardado previamente en tu p\u00e1gina y guarda los ajustes.<\/li> <li><b>La configuraci\u00f3n se ha realizado correctamente.<\/b><br> Visita tu sitio para ver el funcionamiento del plugin en acci\u00f3n.<\/li><\/ol> <div class=\"tip-yellow tip\"><b>Debido a las particularidades del funcionamiento de Google Sites, el widget puede verse diferente de la demo en l\u00ednea. Pedimos disculpas por cualquier inconveniente causado.<\/b><\/div><p>En caso de tener consultas o encontrar cualquier complicaci\u00f3n, no dudes en contactar con nuestro personal de atenci\u00f3n al cliente. Nuestros consultores estar\u00e1n encantados de ayudarte con todos los problemas que puedas tener con el widget.<\/p> <\/div>","protected":false},"excerpt":{"rendered":"","protected":false},"author":18,"featured_media":0,"parent":1422,"menu_order":0,"comment_status":"closed","ping_status":"closed","template":"templates\/template-application-platform.php","meta":{"publish_to_discourse":"","publish_post_category":"","wpdc_auto_publish_overridden":"","wpdc_topic_tags":"","wpdc_pin_topic":"","wpdc_pin_until":"","discourse_post_id":"","discourse_permalink":"","wpdc_publishing_response":"","wpdc_publishing_error":"","footnotes":""},"class_list":["post-3716","page","type-page","status-publish","hentry"],"yoast_head":"<!-- This site is optimized with the Yoast SEO plugin v25.3.1 - https:\/\/yoast.com\/wordpress\/plugins\/seo\/ -->\n<title>Rese\u00f1as de Google - Agregar plugin de Valoraciones de Google al Google Sites<\/title>\n<meta name=\"description\" content=\"A\u00f1ade un widget interactivo de Rese\u00f1as de Google en su sitio web de Google Sites. Use la demo de Elfsight manejable y genere su plugin propio.\" \/>\n<meta name=\"robots\" content=\"index, follow, max-snippet:-1, max-image-preview:large, max-video-preview:-1\" \/>\n<link rel=\"canonical\" href=\"https:\/\/elfsight.com\/es\/google-reviews-widget\/google-sites\/\" \/>\n<meta property=\"og:locale\" content=\"es_ES\" \/>\n<meta property=\"og:type\" content=\"article\" \/>\n<meta property=\"og:title\" content=\"Rese\u00f1as de Google - Agregar plugin de Valoraciones de Google al Google Sites\" \/>\n<meta property=\"og:description\" content=\"A\u00f1ade un widget interactivo de Rese\u00f1as de Google en su sitio web de Google Sites. Use la demo de Elfsight manejable y genere su plugin propio.\" \/>\n<meta property=\"og:url\" content=\"https:\/\/elfsight.com\/es\/google-reviews-widget\/google-sites\/\" \/>\n<meta property=\"og:site_name\" content=\"Elfsight ES\" \/>\n<meta property=\"article:modified_time\" content=\"2025-02-06T15:07:47+00:00\" \/>\n<meta name=\"twitter:card\" content=\"summary_large_image\" \/>\n<meta name=\"twitter:label1\" content=\"Tiempo de lectura\" \/>\n\t<meta name=\"twitter:data1\" content=\"2 minutos\" \/>\n<!-- \/ Yoast SEO plugin. -->","yoast_head_json":{"title":"Rese\u00f1as de Google - Agregar plugin de Valoraciones de Google al Google Sites","description":"A\u00f1ade un widget interactivo de Rese\u00f1as de Google en su sitio web de Google Sites. Use la demo de Elfsight manejable y genere su plugin propio.","robots":{"index":"index","follow":"follow","max-snippet":"max-snippet:-1","max-image-preview":"max-image-preview:large","max-video-preview":"max-video-preview:-1"},"canonical":"https:\/\/elfsight.com\/es\/google-reviews-widget\/google-sites\/","og_locale":"es_ES","og_type":"article","og_title":"Rese\u00f1as de Google - Agregar plugin de Valoraciones de Google al Google Sites","og_description":"A\u00f1ade un widget interactivo de Rese\u00f1as de Google en su sitio web de Google Sites. Use la demo de Elfsight manejable y genere su plugin propio.","og_url":"https:\/\/elfsight.com\/es\/google-reviews-widget\/google-sites\/","og_site_name":"Elfsight ES","article_modified_time":"2025-02-06T15:07:47+00:00","twitter_card":"summary_large_image","twitter_misc":{"Tiempo de lectura":"2 minutos"},"schema":{"@context":"https:\/\/schema.org","@graph":[{"@type":"WebPage","@id":"https:\/\/elfsight.com\/es\/google-reviews-widget\/google-sites\/","url":"https:\/\/elfsight.com\/es\/google-reviews-widget\/google-sites\/","name":"Rese\u00f1as de Google - Agregar plugin de Valoraciones de Google al Google Sites","isPartOf":{"@id":"https:\/\/elfsight.com\/es\/#website"},"datePublished":"2022-02-11T12:19:25+00:00","dateModified":"2025-02-06T15:07:47+00:00","description":"A\u00f1ade un widget interactivo de Rese\u00f1as de Google en su sitio web de Google Sites. Use la demo de Elfsight manejable y genere su plugin propio.","breadcrumb":{"@id":"https:\/\/elfsight.com\/es\/google-reviews-widget\/google-sites\/#breadcrumb"},"inLanguage":"es","potentialAction":[{"@type":"ReadAction","target":["https:\/\/elfsight.com\/es\/google-reviews-widget\/google-sites\/"]}]},{"@type":"BreadcrumbList","@id":"https:\/\/elfsight.com\/es\/google-reviews-widget\/google-sites\/#breadcrumb","itemListElement":[{"@type":"ListItem","position":1,"name":"Home","item":"https:\/\/elfsight.com\/es\/"},{"@type":"ListItem","position":2,"name":"Google Reviews","item":"https:\/\/elfsight.com\/es\/google-reviews-widget\/"},{"@type":"ListItem","position":3,"name":"Google Reviews &#8211; Google Sites"}]},{"@type":"WebSite","@id":"https:\/\/elfsight.com\/es\/#website","url":"https:\/\/elfsight.com\/es\/","name":"Elfsight ES","description":"Just another Elfsight Sites site","potentialAction":[{"@type":"SearchAction","target":{"@type":"EntryPoint","urlTemplate":"https:\/\/elfsight.com\/es\/?s={search_term_string}"},"query-input":{"@type":"PropertyValueSpecification","valueRequired":true,"valueName":"search_term_string"}}],"inLanguage":"es"}]}},"meta_box":{"industry":"","seo_heading":"","heading":"","description":"","cta_heading":"","cta_description":"","application":"1421","h1":"complemento de Rese\u00f1as de Google para Google Sites","h1_caption":"Incorpore sin esfuerzo rese\u00f1as de su lugar desde Google para obtener las mejores impresiones de los clientes en la experiencia de su sitio web en sus sitios de Google.","application_category":[],"applications_title":"","applications_request_title":"","applications_request_button_text":"","hero_text":"","hero_video":"","hero_video_schema_markup":"","selling_points_title":"","selling_points_caption":"","selling_points":[],"selling_points_cta_text":"","features_title":"","features":"","ed_cta_examples_text":"","ed_cta_examples_hidden":"","ed_cta_demo_text":"","ed_cta_demo_hidden":"","why_caption":"","why_editor_title":"","why_editor_text":"","why_team_title":"","why_team_text":"","why_service_title":"","why_service_text":"","template_catalog_visible":"","template_catalog_title":"","template_catalog_text":"","template_catalog_categories_visible":"","demo_title":"Crea tu widget de Rese\u00f1as de Google","demo_caption":"\u00a1Configure sus Rese\u00f1as de Google y agr\u00e9guelas a su sitio web de Google Sites de forma gratuita!","default_faq_hidden":"","app_template_category":[],"platform":"67","template_public_id":"","codecanyon_url":"","codecanyon_item_id":"","codecanyon_price":"","pricing_caption":"","pricing_elfsight_apps_hide_column":"","pricing_elfsight_apps_url":"","pricing_codecanyon_price_caption":"","integration_category":[],"integration_request_title":"","integration_request_cta":"","integration_platform":"","integrations":[],"platform_category":[],"video_schema_markup":"","price":"desde $0 por mes","trial":"","benefits":[{"text":"Instalaci\u00f3n gratuita"},{"text":"Soporte Premium"},{"text":"14 d\u00edas garant\u00eda de reembolso"},{"text":"Actualizaciones regulares"}],"button_url":"#demo","button_target_blank":"0","button_nofollow":"0","attributes":[{"name":"Responsivo","content":"Si","_state":"expanded"},{"name":"Navegadores compatibles","content":"Firefox, Safari, Opera, Chrome, Edge","_state":"expanded"}],"tags":[],"tags_disable_links":"0","hide_more_platforms":"","video_object":"","demo_hide_cta":"0","demo_hide_cloud_options":"0","pricing_title":"","pricing":[{"pricing_icon":"platform","pricing_title":" Elfsight Apps","pricing_title_caption":"Soluci\u00f3n multiplataforma - valido para cualquier p\u00e1gina web","pricing_price":"desde $0 por mes","pricing_price_caption":"empezar con un plan gratuito","pricing_benefits":[{"text":"Sitios web ilimitados"},{"text":"Atenci\u00f3n al cliente gratuita y r\u00e1pida"},{"text":"Servicio de instalaci\u00f3n gratuito"},{"text":"Totalmente personalizable"}],"pricing_button_text":"Agregar al sitio web","pricing_button_url":"#demo","_state":"expanded"}],"related_apps_title":"","related_apps_hidden":"1","author":"","image":[],"title":"","job":"","social_networks":[]},"_links":{"self":[{"href":"https:\/\/elfsight.com\/es\/wp-json\/wp\/v2\/pages\/3716","targetHints":{"allow":["GET"]}}],"collection":[{"href":"https:\/\/elfsight.com\/es\/wp-json\/wp\/v2\/pages"}],"about":[{"href":"https:\/\/elfsight.com\/es\/wp-json\/wp\/v2\/types\/page"}],"author":[{"embeddable":true,"href":"https:\/\/elfsight.com\/es\/wp-json\/wp\/v2\/users\/18"}],"replies":[{"embeddable":true,"href":"https:\/\/elfsight.com\/es\/wp-json\/wp\/v2\/comments?post=3716"}],"version-history":[{"count":3,"href":"https:\/\/elfsight.com\/es\/wp-json\/wp\/v2\/pages\/3716\/revisions"}],"predecessor-version":[{"id":17944,"href":"https:\/\/elfsight.com\/es\/wp-json\/wp\/v2\/pages\/3716\/revisions\/17944"}],"up":[{"embeddable":true,"href":"https:\/\/elfsight.com\/es\/wp-json\/wp\/v2\/pages\/1422"}],"wp:attachment":[{"href":"https:\/\/elfsight.com\/es\/wp-json\/wp\/v2\/media?parent=3716"}],"curies":[{"name":"wp","href":"https:\/\/api.w.org\/{rel}","templated":true}]}}