{"id":3713,"date":"2022-02-11T12:19:44","date_gmt":"2022-02-11T12:19:44","guid":{"rendered":"https:\/\/elfsight.com\/es\/?page_id=3713"},"modified":"2025-02-06T15:07:47","modified_gmt":"2025-02-06T15:07:47","slug":"joomla","status":"publish","type":"page","link":"https:\/\/elfsight.com\/es\/google-maps-widget\/joomla\/","title":{"rendered":"Google Maps &#8211; Joomla"},"content":{"rendered":"<div class=\"application-platform-content-item-description application-platform-content-item\" id=\"description\" data-nav-section=\"description\"><h2>Descripci\u00f3n<\/h2>Instalaci\u00f3n f\u00e1cil, extensi\u00f3n universal y completamente personalizable que facilita mucho que tus clientes encuentren ubicaciones en el mapa. Atrae a m\u00e1s clientes fuera de l\u00ednea, su integraci\u00f3n y configuraci\u00f3n f\u00e1ciles la convierten en una de las mejores herramientas para tu sitio Joomla.<b>\u00a1Genera m\u00e1s clientes fuera de l\u00ednea con la mejor herramienta de mapas en tu sitio!<\/b><ul> \t<li><b>Fortalece la interacci\u00f3n de tus clientes con los mapas<\/b>. Dise\u00f1a tu mapa para que sea \u00fatil para los visitantes y mu\u00e9stralo en tu sitio web, de modo que los clientes puedan utilizar eficazmente tus datos de contacto.<\/li> \t<li><b>Busca y gana compradores regionales<\/b>. Muestra tu ubicaci\u00f3n para que los clientes entiendan que est\u00e1s cerca y pueden llegar r\u00e1pidamente a tu oficina.<\/li> \t<li><b>No pierdas tiempo construyendo mapas<\/b>. Todos los ajustes se abren con solo unos clics, genera el mapa m\u00e1s productivo para tu sitio en solo unos segundos.<\/li><\/ul><\/div><div class=\"application-platform-content-item-features application-platform-content-item\" id=\"features\" data-nav-section=\"features\"><h2>Caracter\u00edsticas<\/h2>\u00bfQu\u00e9 caracter\u00edsticas especiales hacen que Elfsight Maps sea el mejor para tu sitio Joomla?<ul> \t<li>Marcadores de ubicaci\u00f3n diversos para un mapa interactivo;<\/li> \t<li>4 tipos de mapa: Roadmap, Sat\u00e9lite, H\u00edbrido, Terreno;<\/li> \t<li>Mostrar\/ocultar panel de ubicaci\u00f3n para listar m\u00faltiples departamentos;<\/li> \t<li>Arrastre y desplazamiento intercambiables para escalar;<\/li> \t<li>M\u00e1s de 60 idiomas soportados.<\/li><\/ul><a href=\"#demo\">\u00a1Consulta el conjunto completo de caracter\u00edsticas en el editor!<\/a><\/div><div class=\"application-platform-content-item-installation application-platform-content-item\" id=\"installation\" data-nav-section=\"installation\"><h2>C\u00f3mo agregar la extensi\u00f3n de Google Maps a tu sitio Joomla<\/h2><div class=\"video-container\"><iframe width=\"720\" height=\"405\" src=\"https:\/\/www.youtube.com\/embed\/WIxFpRvG5Q0\" frameborder=\"0\" allowfullscreen=\"\"><\/iframe><\/div>Sigue estos simples pasos para incrustar la extensi\u00f3n en Joomla.<ol> \t<li><b>Realiza nuestra demo gratuita y comienza a crear tu plugin personalizado.<\/b><br> Especifica el dise\u00f1o y las caracter\u00edsticas preferidas de la extensi\u00f3n de mapas y guarda los cambios.<\/li> \t<li><b>Recibe tu c\u00f3digo personal expuesto en el formulario especial de Elfsight Apps.<\/b><br> Cuando termines de configurar tu extensi\u00f3n personalizada, copia el c\u00f3digo que aparecer\u00e1 en la ventana emergente y gu\u00e1rdalo para su uso futuro.<\/li> \t<li><b>Comienza a usar la herramienta en tu sitio Joomla.<\/b><br> Coloca el c\u00f3digo guardado previamente en tu sitio web y aplica las modificaciones.<\/li> \t<li><b>\u00a1Listo! La incrustaci\u00f3n se realiz\u00f3 con \u00e9xito.<\/b><br> Visita tu sitio para revisar el funcionamiento de la extensi\u00f3n.<\/li><\/ol>Si experimentas dificultades o tienes preguntas mientras sigues el tutorial o configurando tu mapa, consulta la gu\u00eda detallada \u00ab<a href=\"https:\/\/elfsight.com\/tutorials\/how-to-add-google-maps-builder-to-joomla\/\" target=\"_blank\" rel=\"noopener noreferrer\">C\u00f3mo agregar un mapa en Joomla<\/a>\u00bb o contacta con el soporte al cliente y Elfsight estar\u00e1 encantado de asesorarte en la creaci\u00f3n e inserci\u00f3n de mapas en tu sitio.<\/p><div class=\"faq\" data-component=\"FAQ\"><div class=\"faq-item\">\r\n\t\t\t\t\t<div class=\"faq-item-question\">\r\n\t\t\t\t\t\t<h3 class=\"faq-item-question-text\">\u00bfC\u00f3mo puedo agregar Google Maps a mi sitio Joomla sin habilidades de programaci\u00f3n?<\/h3>\r\n\r\n\t\t\t\t\t\t<div class=\"faq-item-question-icon\"><\/div>\r\n\t\t\t\t\t<\/div>\r\n\r\n\t\t\t\t\t<div class=\"faq-item-answer\">\r\n\t\t\t\t\t\t<div class=\"faq-item-answer-text\"> <p>Elfsight ofrece una soluci\u00f3n SaaS que te permite crear un widget de Google Maps por ti mismo. Mira lo f\u00e1cil que es el proceso: trabaja directamente en el Editor en l\u00ednea para crear un widget de Google Maps que te gustar\u00eda ver en tu sitio Joomla. Elige uno de los planteles predefinidos y ajusta la configuraci\u00f3n de Google Maps, agrega tu contenido, cambia el dise\u00f1o y los colores sin ninguna habilidad de programaci\u00f3n. Guarda el widget de Google Maps y copia su c\u00f3digo de instalaci\u00f3n, que puedes incluir f\u00e1cilmente en tu sitio Joomla sin comprar una suscripci\u00f3n de pago. Con nuestro Editor intuitivo, cualquier usuario de Internet puede crear un widget de Google Maps en l\u00ednea e incrustarlo f\u00e1cilmente en su sitio Joomla. No es necesario pagar ni ingresar los datos de tu tarjeta para acceder al servicio. Si encuentras alg\u00fan problema en cualquier paso, no dudes en contactar con nuestro equipo de soporte t\u00e9cnico.<\/p> <\/div>\r\n\t\t\t\t\t<\/div>\r\n\t\t\t\t<\/div> <\/div><\/div>\n","protected":false},"excerpt":{"rendered":"","protected":false},"author":18,"featured_media":0,"parent":1936,"menu_order":0,"comment_status":"closed","ping_status":"closed","template":"templates\/template-application-platform.php","meta":{"publish_to_discourse":"","publish_post_category":"","wpdc_auto_publish_overridden":"","wpdc_topic_tags":"","wpdc_pin_topic":"","wpdc_pin_until":"","discourse_post_id":"","discourse_permalink":"","wpdc_publishing_response":"","wpdc_publishing_error":"","footnotes":""},"class_list":["post-3713","page","type-page","status-publish","hentry"],"yoast_head":"<!-- This site is optimized with the Yoast SEO plugin v25.3.1 - https:\/\/yoast.com\/wordpress\/plugins\/seo\/ -->\n<title>Mapas de Google - Incrustar extention de Google Maps al Joomla<\/title>\n<meta name=\"description\" content=\"A\u00f1ade un module interactivo de Mapas de Google en su sitio web de Joomla. Pruebe la demo de Elfsight manejable y cree su extention \u00fanico.\" \/>\n<meta name=\"robots\" content=\"index, follow, max-snippet:-1, max-image-preview:large, max-video-preview:-1\" \/>\n<link rel=\"canonical\" href=\"https:\/\/elfsight.com\/es\/google-maps-widget\/joomla\/\" \/>\n<meta property=\"og:locale\" content=\"es_ES\" \/>\n<meta property=\"og:type\" content=\"article\" \/>\n<meta property=\"og:title\" content=\"Mapas de Google - Incrustar extention de Google Maps al Joomla\" \/>\n<meta property=\"og:description\" content=\"A\u00f1ade un module interactivo de Mapas de Google en su sitio web de Joomla. Pruebe la demo de Elfsight manejable y cree su extention \u00fanico.\" \/>\n<meta property=\"og:url\" content=\"https:\/\/elfsight.com\/es\/google-maps-widget\/joomla\/\" \/>\n<meta property=\"og:site_name\" content=\"Elfsight ES\" \/>\n<meta property=\"article:modified_time\" content=\"2025-02-06T15:07:47+00:00\" \/>\n<meta name=\"twitter:card\" content=\"summary_large_image\" \/>\n<meta name=\"twitter:label1\" content=\"Tiempo de lectura\" \/>\n\t<meta name=\"twitter:data1\" content=\"1 minuto\" \/>\n<!-- \/ Yoast SEO plugin. -->","yoast_head_json":{"title":"Mapas de Google - Incrustar extention de Google Maps al Joomla","description":"A\u00f1ade un module interactivo de Mapas de Google en su sitio web de Joomla. Pruebe la demo de Elfsight manejable y cree su extention \u00fanico.","robots":{"index":"index","follow":"follow","max-snippet":"max-snippet:-1","max-image-preview":"max-image-preview:large","max-video-preview":"max-video-preview:-1"},"canonical":"https:\/\/elfsight.com\/es\/google-maps-widget\/joomla\/","og_locale":"es_ES","og_type":"article","og_title":"Mapas de Google - Incrustar extention de Google Maps al Joomla","og_description":"A\u00f1ade un module interactivo de Mapas de Google en su sitio web de Joomla. Pruebe la demo de Elfsight manejable y cree su extention \u00fanico.","og_url":"https:\/\/elfsight.com\/es\/google-maps-widget\/joomla\/","og_site_name":"Elfsight ES","article_modified_time":"2025-02-06T15:07:47+00:00","twitter_card":"summary_large_image","twitter_misc":{"Tiempo de lectura":"1 minuto"},"schema":{"@context":"https:\/\/schema.org","@graph":[{"@type":"WebPage","@id":"https:\/\/elfsight.com\/es\/google-maps-widget\/joomla\/","url":"https:\/\/elfsight.com\/es\/google-maps-widget\/joomla\/","name":"Mapas de Google - Incrustar extention de Google Maps al Joomla","isPartOf":{"@id":"https:\/\/elfsight.com\/es\/#website"},"datePublished":"2022-02-11T12:19:44+00:00","dateModified":"2025-02-06T15:07:47+00:00","description":"A\u00f1ade un module interactivo de Mapas de Google en su sitio web de Joomla. Pruebe la demo de Elfsight manejable y cree su extention \u00fanico.","breadcrumb":{"@id":"https:\/\/elfsight.com\/es\/google-maps-widget\/joomla\/#breadcrumb"},"inLanguage":"es","potentialAction":[{"@type":"ReadAction","target":["https:\/\/elfsight.com\/es\/google-maps-widget\/joomla\/"]}]},{"@type":"BreadcrumbList","@id":"https:\/\/elfsight.com\/es\/google-maps-widget\/joomla\/#breadcrumb","itemListElement":[{"@type":"ListItem","position":1,"name":"Home","item":"https:\/\/elfsight.com\/es\/"},{"@type":"ListItem","position":2,"name":"Google Maps","item":"https:\/\/elfsight.com\/es\/google-maps-widget\/"},{"@type":"ListItem","position":3,"name":"Google Maps &#8211; Joomla"}]},{"@type":"WebSite","@id":"https:\/\/elfsight.com\/es\/#website","url":"https:\/\/elfsight.com\/es\/","name":"Elfsight ES","description":"Just another Elfsight Sites site","potentialAction":[{"@type":"SearchAction","target":{"@type":"EntryPoint","urlTemplate":"https:\/\/elfsight.com\/es\/?s={search_term_string}"},"query-input":{"@type":"PropertyValueSpecification","valueRequired":true,"valueName":"search_term_string"}}],"inLanguage":"es"}]}},"meta_box":{"industry":"","seo_heading":"","heading":"","description":"","cta_heading":"","cta_description":"","application":"1935","h1":"extensi\u00f3n de Mapas de Google para Joomla","h1_caption":"Incorpore un mapa de Google responsivo para mostrar su ubicaci\u00f3n o m\u00faltiples ubicaciones para una f\u00e1cil navegaci\u00f3n en su sitio web Joomla sin esfuerzo.","application_category":[],"applications_title":"","applications_request_title":"","applications_request_button_text":"","hero_text":"","hero_video":"","hero_video_schema_markup":"","selling_points_title":"","selling_points_caption":"","selling_points":[],"selling_points_cta_text":"","features_title":"","features":"","ed_cta_examples_text":"","ed_cta_examples_hidden":"","ed_cta_demo_text":"","ed_cta_demo_hidden":"","why_caption":"","why_editor_title":"","why_editor_text":"","why_team_title":"","why_team_text":"","why_service_title":"","why_service_text":"","template_catalog_visible":"","template_catalog_title":"","template_catalog_text":"","template_catalog_categories_visible":"","demo_title":"Crea tu complemento de Google Maps","demo_caption":"\u00a1Configura tu Google Maps y agr\u00e9galo a tu sitio web Joomla gratis!","default_faq_hidden":"","app_template_category":[],"platform":"73","template_public_id":"","codecanyon_url":"","codecanyon_item_id":"","codecanyon_price":"","pricing_caption":"","pricing_elfsight_apps_hide_column":"","pricing_elfsight_apps_url":"","pricing_codecanyon_price_caption":"","integration_category":[],"integration_request_title":"","integration_request_cta":"","integration_platform":"","integrations":[],"platform_category":[],"video_schema_markup":"","price":"desde $0 por mes","trial":"","benefits":[{"text":"Instalaci\u00f3n gratuita"},{"text":"Soporte Premium"},{"text":"14 d\u00edas garant\u00eda de reembolso"},{"text":"Actualizaciones regulares"}],"button_url":"#demo","button_target_blank":"0","button_nofollow":"0","attributes":[{"name":"Responsivo","content":"Si","_state":"expanded"},{"name":"Navegadores compatibles","content":"Firefox, Safari, Opera, Chrome, Edge","_state":"expanded"}],"tags":[],"tags_disable_links":"0","hide_more_platforms":"","video_object":"","demo_hide_cta":"0","demo_hide_cloud_options":"0","pricing_title":"","pricing":[{"pricing_icon":"platform","pricing_title":" Elfsight Apps","pricing_title_caption":"Soluci\u00f3n multiplataforma - valido para cualquier p\u00e1gina web","pricing_price":"desde $0 por mes","pricing_price_caption":"empezar con un plan gratuito","pricing_benefits":[{"text":"Sitios web ilimitados"},{"text":"Atenci\u00f3n al cliente gratuita y r\u00e1pida"},{"text":"Servicio de instalaci\u00f3n gratuito"},{"text":"Totalmente personalizable"}],"pricing_button_text":"Agregar al sitio web","pricing_button_url":"#demo","_state":"expanded"}],"related_apps_title":"","related_apps_hidden":"1","author":"","image":[],"title":"","job":"","social_networks":[]},"_links":{"self":[{"href":"https:\/\/elfsight.com\/es\/wp-json\/wp\/v2\/pages\/3713","targetHints":{"allow":["GET"]}}],"collection":[{"href":"https:\/\/elfsight.com\/es\/wp-json\/wp\/v2\/pages"}],"about":[{"href":"https:\/\/elfsight.com\/es\/wp-json\/wp\/v2\/types\/page"}],"author":[{"embeddable":true,"href":"https:\/\/elfsight.com\/es\/wp-json\/wp\/v2\/users\/18"}],"replies":[{"embeddable":true,"href":"https:\/\/elfsight.com\/es\/wp-json\/wp\/v2\/comments?post=3713"}],"version-history":[{"count":3,"href":"https:\/\/elfsight.com\/es\/wp-json\/wp\/v2\/pages\/3713\/revisions"}],"predecessor-version":[{"id":17943,"href":"https:\/\/elfsight.com\/es\/wp-json\/wp\/v2\/pages\/3713\/revisions\/17943"}],"up":[{"embeddable":true,"href":"https:\/\/elfsight.com\/es\/wp-json\/wp\/v2\/pages\/1936"}],"wp:attachment":[{"href":"https:\/\/elfsight.com\/es\/wp-json\/wp\/v2\/media?parent=3713"}],"curies":[{"name":"wp","href":"https:\/\/api.w.org\/{rel}","templated":true}]}}