{"id":3711,"date":"2022-02-11T12:19:53","date_gmt":"2022-02-11T12:19:53","guid":{"rendered":"https:\/\/elfsight.com\/es\/?page_id=3711"},"modified":"2025-02-06T15:07:47","modified_gmt":"2025-02-06T15:07:47","slug":"godaddy","status":"publish","type":"page","link":"https:\/\/elfsight.com\/es\/google-reviews-widget\/godaddy\/","title":{"rendered":"Google Reviews &#8211; GoDaddy"},"content":{"rendered":"<div class=\"application-platform-content-item-description application-platform-content-item\" id=\"description\" data-nav-section=\"description\"> <h2>Incrusta Rese\u00f1as de Google con el widget de Elfsight<\/h2> <p>Elfsight Google Reviews es un plugin para GoDaddy que te ayuda a mostrar las rese\u00f1as de tus productos de Google en un sitio web. Usando nuestro plugin, puedes aplicar filtros para ordenar las rese\u00f1as no deseadas, mostrar tu calificaci\u00f3n en estrellas y n\u00fameros de Google, revelar informaci\u00f3n sobre los autores de las rese\u00f1as y mostrar un bot\u00f3n de llamada a la acci\u00f3n activo que invitar\u00e1 a los visitantes a dejar otra rese\u00f1a sobre ti. El plugin de Elfsight Google Reviews te ayudar\u00e1 a presumir de tu alta prueba social en tu sitio web y atraer nuevas ventas.<\/p> <p><b>Atrae nuevas rese\u00f1as con un bot\u00f3n de llamada a la acci\u00f3n y redirige a tu p\u00e1gina de Google<\/b><\/p><div class=\"faq\" data-component=\"FAQ\"> <div class=\"faq-item\">\r\n\t\t\t\t\t<div class=\"faq-item-question\">\r\n\t\t\t\t\t\t<h3 class=\"faq-item-question-text\">\u00bfEn qu\u00e9 p\u00e1ginas puedo agregar el widget?<\/h3>\r\n\r\n\t\t\t\t\t\t<div class=\"faq-item-question-icon\"><\/div>\r\n\t\t\t\t\t<\/div>\r\n\r\n\t\t\t\t\t<div class=\"faq-item-answer\">\r\n\t\t\t\t\t\t<div class=\"faq-item-answer-text\"> <p>Puedes agregar rese\u00f1as en todas las p\u00e1ginas de productos o solo en algunas espec\u00edficas. Hay una opci\u00f3n para agregar el widget en cualquier p\u00e1gina donde puedas editar el c\u00f3digo HTML, ya que el c\u00f3digo de instalaci\u00f3n es un fragmento de dos l\u00edneas que debes insertar en el backend.<\/p> <\/div>\r\n\t\t\t\t\t<\/div>\r\n\t\t\t\t<\/div> <div class=\"faq-item\">\r\n\t\t\t\t\t<div class=\"faq-item-question\">\r\n\t\t\t\t\t\t<h3 class=\"faq-item-question-text\">\u00bfC\u00f3mo puedo beneficiarme de las rese\u00f1as de Google en un sitio web?<\/h3>\r\n\r\n\t\t\t\t\t\t<div class=\"faq-item-question-icon\"><\/div>\r\n\t\t\t\t\t<\/div>\r\n\r\n\t\t\t\t\t<div class=\"faq-item-answer\">\r\n\t\t\t\t\t\t<div class=\"faq-item-answer-text\"> <p>Cuando agregas rese\u00f1as de Google a un sitio web de GoDaddy, obtienes muchos beneficios. Los principales son los siguientes:<\/p><ul><li>Aumento de la confianza de tus compradores potenciales, lo que conduce a un incremento en las conversiones.<\/li><li>Marcado de esquema o estrellas en un fragmento, lo que hace que tu sitio web se distinga entre los competidores en los resultados de b\u00fasqueda (SERP).<\/li><li>Google conf\u00eda en las rese\u00f1as dejadas en su plataforma. Cuanto mayor sea tu calificaci\u00f3n en Google, m\u00e1s alto aparecer\u00e1 tu sitio web en los resultados de b\u00fasqueda.<\/li><\/ul><\/div>\r\n\t\t\t\t\t<\/div>\r\n\t\t\t\t<\/div> <div class=\"faq-item\">\r\n\t\t\t\t\t<div class=\"faq-item-question\">\r\n\t\t\t\t\t\t<h3 class=\"faq-item-question-text\">\u00bfPuedo probar un widget de rese\u00f1as de Google en iFrame?<\/h3>\r\n\r\n\t\t\t\t\t\t<div class=\"faq-item-question-icon\"><\/div>\r\n\t\t\t\t\t<\/div>\r\n\r\n\t\t\t\t\t<div class=\"faq-item-answer\">\r\n\t\t\t\t\t\t<div class=\"faq-item-answer-text\"> <p>S\u00ed, claro. Puedes hacerlo sin registro y de forma gratuita en nuestra <a href=\"#demo\">demo<\/a>. Incluso puedes instalar el widget en tu sitio web de forma gratuita para ver c\u00f3mo funciona.<\/p> <\/div>\r\n\t\t\t\t\t<\/div>\r\n\t\t\t\t<\/div> <div class=\"faq-item\">\r\n\t\t\t\t\t<div class=\"faq-item-question\">\r\n\t\t\t\t\t\t<h3 class=\"faq-item-question-text\">\u00bfC\u00f3mo agregar rese\u00f1as de Google a mi sitio web de GoDaddy sin habilidades de programaci\u00f3n?<\/h3>\r\n\r\n\t\t\t\t\t\t<div class=\"faq-item-question-icon\"><\/div>\r\n\t\t\t\t\t<\/div>\r\n\r\n\t\t\t\t\t<div class=\"faq-item-answer\">\r\n\t\t\t\t\t\t<div class=\"faq-item-answer-text\"> <p>Elfsight proporciona una soluci\u00f3n SaaS que te permite crear un widget de rese\u00f1as de Google por ti mismo. Mira lo f\u00e1cil que es el proceso: trabaja directamente en el Editor en l\u00ednea para crear un widget de rese\u00f1as de Google que te gustar\u00eda ver en tu sitio web de GoDaddy. Elige uno de los planteles predefinidos y ajusta la configuraci\u00f3n de las rese\u00f1as de Google, agrega tu contenido, cambia el dise\u00f1o y los colores sin necesidad de habilidades de programaci\u00f3n. Guarda las rese\u00f1as de Google y copia su c\u00f3digo de instalaci\u00f3n, que puedes pegar f\u00e1cilmente en tu sitio web de GoDaddy sin necesidad de comprar una suscripci\u00f3n de pago. Con nuestro Editor intuitivo, cualquier usuario de internet puede crear un widget de rese\u00f1as de Google en l\u00ednea y agregarlo f\u00e1cilmente a su sitio web de GoDaddy. No es necesario pagar ni ingresar tus datos de tarjeta para acceder al servicio. Si tienes alg\u00fan problema en alg\u00fan paso, no dudes en contactar a nuestro equipo de soporte t\u00e9cnico.<\/p> <\/div>\r\n\t\t\t\t\t<\/div>\r\n\t\t\t\t<\/div> <\/div>  <\/div> <div class=\"application-platform-content-item-features application-platform-content-item\" id=\"features\" data-nav-section=\"features\"> <h2>Caracter\u00edsticas principales del widget de rese\u00f1as de Google<\/h2><p>A continuaci\u00f3n, encontrar\u00e1s las caracter\u00edsticas t\u00e9cnicas m\u00e1s esenciales:<\/p> <ul> <li>Tres filtros listos para usar: por tipo, excluir por, y cantidad de rese\u00f1as para mostrar<\/li> <li>Cuatro dise\u00f1os predefinidos: Lista, Cuadr\u00edcula, Mamposter\u00eda y Deslizador<\/li> <li>Una opci\u00f3n para controlar la visualizaci\u00f3n del encabezado del plugin en un sitio web de GoDaddy<\/li> <li>El bot\u00f3n para solicitar una rese\u00f1a lleva a los clientes a tu p\u00e1gina de Google<\/li> <li>6 elementos personalizables de las rese\u00f1as: el nombre del autor y la foto, texto de recomendaci\u00f3n, fecha de publicaci\u00f3n, \u00edcono de Google y calificaci\u00f3n en estrellas<\/li><li>Agregar rese\u00f1as de Google a un sitio web de GoDaddy toma solo unos clics y unos minutos<\/li><li>Dos opciones de escenarios despu\u00e9s de la denegaci\u00f3n de la solicitud de rese\u00f1a: mostrar un mensaje o eliminar el bot\u00f3n<\/li> <\/ul><p><a href=\"#demo\">Examina todas las opciones de personalizaci\u00f3n en una demo completa<\/a><\/p> <\/div> <div class=\"application-platform-content-item-installation application-platform-content-item\" id=\"installation\" data-nav-section=\"installation\"> <h2>\u00bfC\u00f3mo puedo agregar rese\u00f1as de Google a mi sitio web de GoDaddy?<\/h2> <p>Simplemente sigue las instrucciones a continuaci\u00f3n para integrar el plugin.<\/p> <ol><li><b>Gestiona nuestro configurador gratuito y comienza a crear tu plugin personalizado.<\/b><br> Especifica una interfaz personalizada y las caracter\u00edsticas del plugin de rese\u00f1as de Google para GoDaddy y aplica las modificaciones.<\/li> <li><b>Copiar el c\u00f3digo personal que aparece en la ventana de Elfsight Apps.<\/b><br> Justo despu\u00e9s de crear tu plugin personalizado, copia el c\u00f3digo personal en la caja emergente y gu\u00e1rdalo para su uso futuro en un sitio web de GoDaddy.<\/li> <li><b>Comienza a usar el plugin en un sitio web de GoDaddy.<\/b><br> Integra el c\u00f3digo que guardaste recientemente en el backend de tu sitio web y guarda los cambios.<\/li> <li><b>Instalaci\u00f3n completada.<\/b><br> Ve a tu sitio web de GoDaddy para ver c\u00f3mo funciona el plugin all\u00ed.<\/li><\/ol> <p>En caso de encontrar dificultades, no dudes en contactar a nuestro equipo de soporte al cliente para obtener ayuda. Nuestros consultores estar\u00e1n encantados de resolver cualquier problema que puedas tener con la adici\u00f3n de rese\u00f1as de Google en GoDaddy.<\/p> <\/div>","protected":false},"excerpt":{"rendered":"","protected":false},"author":18,"featured_media":0,"parent":1422,"menu_order":0,"comment_status":"closed","ping_status":"closed","template":"templates\/template-application-platform.php","meta":{"publish_to_discourse":"","publish_post_category":"","wpdc_auto_publish_overridden":"","wpdc_topic_tags":"","wpdc_pin_topic":"","wpdc_pin_until":"","discourse_post_id":"","discourse_permalink":"","wpdc_publishing_response":"","wpdc_publishing_error":"","footnotes":""},"class_list":["post-3711","page","type-page","status-publish","hentry"],"yoast_head":"<!-- This site is optimized with the Yoast SEO plugin v25.3.1 - https:\/\/yoast.com\/wordpress\/plugins\/seo\/ -->\n<title>Rese\u00f1as de Google - Incrustar widget de Valoraciones de Google al GoDaddy<\/title>\n<meta name=\"description\" content=\"Incrusta un widget atractivo de Rese\u00f1as de Google en su sitio de GoDaddy. Pruebe la demo de Elfsight manejable y construe su widget \u00fanico.\" \/>\n<meta name=\"robots\" content=\"index, follow, max-snippet:-1, max-image-preview:large, max-video-preview:-1\" \/>\n<link rel=\"canonical\" href=\"https:\/\/elfsight.com\/es\/google-reviews-widget\/godaddy\/\" \/>\n<meta property=\"og:locale\" content=\"es_ES\" \/>\n<meta property=\"og:type\" content=\"article\" \/>\n<meta property=\"og:title\" content=\"Rese\u00f1as de Google - Incrustar widget de Valoraciones de Google al GoDaddy\" \/>\n<meta property=\"og:description\" content=\"Incrusta un widget atractivo de Rese\u00f1as de Google en su sitio de GoDaddy. Pruebe la demo de Elfsight manejable y construe su widget \u00fanico.\" \/>\n<meta property=\"og:url\" content=\"https:\/\/elfsight.com\/es\/google-reviews-widget\/godaddy\/\" \/>\n<meta property=\"og:site_name\" content=\"Elfsight ES\" \/>\n<meta property=\"article:modified_time\" content=\"2025-02-06T15:07:47+00:00\" \/>\n<meta name=\"twitter:card\" content=\"summary_large_image\" \/>\n<meta name=\"twitter:label1\" content=\"Tiempo de lectura\" \/>\n\t<meta name=\"twitter:data1\" content=\"2 minutos\" \/>\n<!-- \/ Yoast SEO plugin. -->","yoast_head_json":{"title":"Rese\u00f1as de Google - Incrustar widget de Valoraciones de Google al GoDaddy","description":"Incrusta un widget atractivo de Rese\u00f1as de Google en su sitio de GoDaddy. Pruebe la demo de Elfsight manejable y construe su widget \u00fanico.","robots":{"index":"index","follow":"follow","max-snippet":"max-snippet:-1","max-image-preview":"max-image-preview:large","max-video-preview":"max-video-preview:-1"},"canonical":"https:\/\/elfsight.com\/es\/google-reviews-widget\/godaddy\/","og_locale":"es_ES","og_type":"article","og_title":"Rese\u00f1as de Google - Incrustar widget de Valoraciones de Google al GoDaddy","og_description":"Incrusta un widget atractivo de Rese\u00f1as de Google en su sitio de GoDaddy. Pruebe la demo de Elfsight manejable y construe su widget \u00fanico.","og_url":"https:\/\/elfsight.com\/es\/google-reviews-widget\/godaddy\/","og_site_name":"Elfsight ES","article_modified_time":"2025-02-06T15:07:47+00:00","twitter_card":"summary_large_image","twitter_misc":{"Tiempo de lectura":"2 minutos"},"schema":{"@context":"https:\/\/schema.org","@graph":[{"@type":"WebPage","@id":"https:\/\/elfsight.com\/es\/google-reviews-widget\/godaddy\/","url":"https:\/\/elfsight.com\/es\/google-reviews-widget\/godaddy\/","name":"Rese\u00f1as de Google - Incrustar widget de Valoraciones de Google al GoDaddy","isPartOf":{"@id":"https:\/\/elfsight.com\/es\/#website"},"datePublished":"2022-02-11T12:19:53+00:00","dateModified":"2025-02-06T15:07:47+00:00","description":"Incrusta un widget atractivo de Rese\u00f1as de Google en su sitio de GoDaddy. Pruebe la demo de Elfsight manejable y construe su widget \u00fanico.","breadcrumb":{"@id":"https:\/\/elfsight.com\/es\/google-reviews-widget\/godaddy\/#breadcrumb"},"inLanguage":"es","potentialAction":[{"@type":"ReadAction","target":["https:\/\/elfsight.com\/es\/google-reviews-widget\/godaddy\/"]}]},{"@type":"BreadcrumbList","@id":"https:\/\/elfsight.com\/es\/google-reviews-widget\/godaddy\/#breadcrumb","itemListElement":[{"@type":"ListItem","position":1,"name":"Home","item":"https:\/\/elfsight.com\/es\/"},{"@type":"ListItem","position":2,"name":"Google Reviews","item":"https:\/\/elfsight.com\/es\/google-reviews-widget\/"},{"@type":"ListItem","position":3,"name":"Google Reviews &#8211; GoDaddy"}]},{"@type":"WebSite","@id":"https:\/\/elfsight.com\/es\/#website","url":"https:\/\/elfsight.com\/es\/","name":"Elfsight ES","description":"Just another Elfsight Sites site","potentialAction":[{"@type":"SearchAction","target":{"@type":"EntryPoint","urlTemplate":"https:\/\/elfsight.com\/es\/?s={search_term_string}"},"query-input":{"@type":"PropertyValueSpecification","valueRequired":true,"valueName":"search_term_string"}}],"inLanguage":"es"}]}},"meta_box":{"industry":"","seo_heading":"","heading":"","description":"","cta_heading":"","cta_description":"","application":"1421","h1":"widget de Rese\u00f1as de Google para GoDaddy","h1_caption":"Incorpore sin esfuerzo rese\u00f1as de su lugar desde Google para obtener las mejores impresiones de los clientes en la experiencia de su sitio web en su sitio web GoDaddy.","application_category":[],"applications_title":"","applications_request_title":"","applications_request_button_text":"","hero_text":"","hero_video":"","hero_video_schema_markup":"","selling_points_title":"","selling_points_caption":"","selling_points":[],"selling_points_cta_text":"","features_title":"","features":"","ed_cta_examples_text":"","ed_cta_examples_hidden":"","ed_cta_demo_text":"","ed_cta_demo_hidden":"","why_caption":"","why_editor_title":"","why_editor_text":"","why_team_title":"","why_team_text":"","why_service_title":"","why_service_text":"","template_catalog_visible":"","template_catalog_title":"","template_catalog_text":"","template_catalog_categories_visible":"","demo_title":"Crea tu complemento de Rese\u00f1as de Google","demo_caption":"\u00a1Configure sus Rese\u00f1as de Google y agr\u00e9guelas a su sitio web de GoDaddy gratis!","default_faq_hidden":"","app_template_category":[],"platform":"2183","template_public_id":"","codecanyon_url":"","codecanyon_item_id":"","codecanyon_price":"","pricing_caption":"","pricing_elfsight_apps_hide_column":"","pricing_elfsight_apps_url":"","pricing_codecanyon_price_caption":"","integration_category":[],"integration_request_title":"","integration_request_cta":"","integration_platform":"","integrations":[],"platform_category":[],"video_schema_markup":"","price":"desde $0 por mes","trial":"","benefits":[{"text":"Instalaci\u00f3n gratuita"},{"text":"Soporte Premium"},{"text":"14 d\u00edas garant\u00eda de reembolso"},{"text":"Actualizaciones regulares"}],"button_url":"#demo","button_target_blank":"0","button_nofollow":"0","attributes":[{"name":"Responsivo","content":"Si","_state":"expanded"},{"name":"Navegadores compatibles","content":"Firefox, Safari, Opera, Chrome, Edge","_state":"expanded"}],"tags":[],"tags_disable_links":"0","hide_more_platforms":"","video_object":"","demo_hide_cta":"0","demo_hide_cloud_options":"0","pricing_title":"","pricing":[{"pricing_icon":"platform","pricing_title":" Elfsight Apps","pricing_title_caption":"Soluci\u00f3n multiplataforma - valido para cualquier p\u00e1gina web","pricing_price":"desde $0 por mes","pricing_price_caption":"empezar con un plan gratuito","pricing_benefits":[{"text":"Sitios web ilimitados"},{"text":"Atenci\u00f3n al cliente gratuita y r\u00e1pida"},{"text":"Servicio de instalaci\u00f3n gratuito"},{"text":"Totalmente personalizable"}],"pricing_button_text":"Agregar al sitio web","pricing_button_url":"#demo","_state":"expanded"}],"related_apps_title":"","related_apps_hidden":"1","author":"","image":[],"title":"","job":"","social_networks":[]},"_links":{"self":[{"href":"https:\/\/elfsight.com\/es\/wp-json\/wp\/v2\/pages\/3711","targetHints":{"allow":["GET"]}}],"collection":[{"href":"https:\/\/elfsight.com\/es\/wp-json\/wp\/v2\/pages"}],"about":[{"href":"https:\/\/elfsight.com\/es\/wp-json\/wp\/v2\/types\/page"}],"author":[{"embeddable":true,"href":"https:\/\/elfsight.com\/es\/wp-json\/wp\/v2\/users\/18"}],"replies":[{"embeddable":true,"href":"https:\/\/elfsight.com\/es\/wp-json\/wp\/v2\/comments?post=3711"}],"version-history":[{"count":3,"href":"https:\/\/elfsight.com\/es\/wp-json\/wp\/v2\/pages\/3711\/revisions"}],"predecessor-version":[{"id":17942,"href":"https:\/\/elfsight.com\/es\/wp-json\/wp\/v2\/pages\/3711\/revisions\/17942"}],"up":[{"embeddable":true,"href":"https:\/\/elfsight.com\/es\/wp-json\/wp\/v2\/pages\/1422"}],"wp:attachment":[{"href":"https:\/\/elfsight.com\/es\/wp-json\/wp\/v2\/media?parent=3711"}],"curies":[{"name":"wp","href":"https:\/\/api.w.org\/{rel}","templated":true}]}}