{"id":3709,"date":"2022-02-11T12:19:58","date_gmt":"2022-02-11T12:19:58","guid":{"rendered":"https:\/\/elfsight.com\/es\/?page_id=3709"},"modified":"2025-02-06T15:07:47","modified_gmt":"2025-02-06T15:07:47","slug":"iframe","status":"publish","type":"page","link":"https:\/\/elfsight.com\/es\/google-maps-widget\/iframe\/","title":{"rendered":"Google Maps &#8211; iFrame"},"content":{"rendered":"<div class=\"application-platform-content-item-description application-platform-content-item\" id=\"description\" data-nav-section=\"description\"><h2>Incrusta rese\u00f1as de Google con el widget de Elfsight<\/h2><p>El widget de rese\u00f1as de Google de Elfsight es una herramienta sencilla que te ayuda a insertar rese\u00f1as sobre tus ofertas desde Google. Usando este widget, puedes aplicar filtros para ocultar rese\u00f1as no deseadas, mostrar tus calificaciones de estrellas y el n\u00famero de rese\u00f1as de Google, mostrar informaci\u00f3n sobre los autores y colocar un bot\u00f3n que ayudar\u00e1 a los visitantes a dejar una nueva rese\u00f1a en Google. El widget de rese\u00f1as de Elfsight te ayudar\u00e1 a demostrar tu alta prueba social en la p\u00e1gina y aumentar las ventas.<\/p><p><b>Muestra las mejores rese\u00f1as de Google y aumenta las ventas.<\/b><\/p><div class=\"faq\" data-component=\"FAQ\"> <div class=\"faq-item\">\r\n\t\t\t\t\t<div class=\"faq-item-question\">\r\n\t\t\t\t\t\t<h3 class=\"faq-item-question-text\">\u00bfC\u00f3mo puedo a\u00f1adir una pesta\u00f1a personalizada a una p\u00e1gina de Facebook?<\/h3>\r\n\r\n\t\t\t\t\t\t<div class=\"faq-item-question-icon\"><\/div>\r\n\t\t\t\t\t<\/div>\r\n\r\n\t\t\t\t\t<div class=\"faq-item-answer\">\r\n\t\t\t\t\t\t<div class=\"faq-item-answer-text\"> <p>Puedes leer c\u00f3mo vincular las rese\u00f1as de Google a una p\u00e1gina de Facebook en nuestra <a href=\"https:\/\/elfsight.com\/blog\/how-to-add-custom-tab-to-facebook-page\/\" target=\"_blank\" rel=\"noopener noreferrer\">gu\u00eda detallada<\/a>.<\/p> <\/div>\r\n\t\t\t\t\t<\/div>\r\n\t\t\t\t<\/div> <div class=\"faq-item\">\r\n\t\t\t\t\t<div class=\"faq-item-question\">\r\n\t\t\t\t\t\t<h3 class=\"faq-item-question-text\">\u00bfC\u00f3mo puede mi sitio web beneficiarse del widget?<\/h3>\r\n\r\n\t\t\t\t\t\t<div class=\"faq-item-question-icon\"><\/div>\r\n\t\t\t\t\t<\/div>\r\n\r\n\t\t\t\t\t<div class=\"faq-item-answer\">\r\n\t\t\t\t\t\t<div class=\"faq-item-answer-text\"> <p>Las rese\u00f1as de Google son efectivas y pr\u00e1cticas por s\u00ed solas. Al incrustar las rese\u00f1as de Google en Facebook, puedes aumentar inmediatamente las conversiones a compras. Adem\u00e1s, este elemento interactivo incrementa el tiempo que los usuarios pasan en las p\u00e1ginas web. Finalmente, Google valora el contenido valioso, y si recibes buenas calificaciones, Google considera que tu sitio web es confiable y beneficioso. As\u00ed que, el sitio web aparece en las primeras posiciones de los resultados de b\u00fasqueda.<\/p> <\/div>\r\n\t\t\t\t\t<\/div>\r\n\t\t\t\t<\/div> <div class=\"faq-item\">\r\n\t\t\t\t\t<div class=\"faq-item-question\">\r\n\t\t\t\t\t\t<h3 class=\"faq-item-question-text\">\u00bfPuedo probar el widget de rese\u00f1as de Google en Facebook?<\/h3>\r\n\r\n\t\t\t\t\t\t<div class=\"faq-item-question-icon\"><\/div>\r\n\t\t\t\t\t<\/div>\r\n\r\n\t\t\t\t\t<div class=\"faq-item-answer\">\r\n\t\t\t\t\t\t<div class=\"faq-item-answer-text\"> <p>Puedes probar todas las funciones y configuraciones del widget en una <a href=\"#demo\">demo<\/a> gratuita en l\u00ednea. No necesitas registrarte en nuestro servicio.<\/p> <\/div>\r\n\t\t\t\t\t<\/div>\r\n\t\t\t\t<\/div>  <div class=\"faq-item\">\r\n\t\t\t\t\t<div class=\"faq-item-question\">\r\n\t\t\t\t\t\t<h3 class=\"faq-item-question-text\">\u00bfC\u00f3mo a\u00f1adir rese\u00f1as de Google a mi p\u00e1gina de Facebook sin habilidades de programaci\u00f3n?<\/h3>\r\n\r\n\t\t\t\t\t\t<div class=\"faq-item-question-icon\"><\/div>\r\n\t\t\t\t\t<\/div>\r\n\r\n\t\t\t\t\t<div class=\"faq-item-answer\">\r\n\t\t\t\t\t\t<div class=\"faq-item-answer-text\"> <p>Elfsight ofrece una soluci\u00f3n SaaS que te permite crear un widget de rese\u00f1as de Google por ti mismo, ve lo f\u00e1cil que es el proceso: Trabaja directamente en el Editor en l\u00ednea para crear un widget de rese\u00f1as de Google que te gustar\u00eda ver en tu p\u00e1gina de Facebook. Elige una de las plantillas predise\u00f1adas y ajusta la configuraci\u00f3n de las rese\u00f1as de Google, agrega tu contenido, cambia el dise\u00f1o y los colores sin necesidad de conocimientos de codificaci\u00f3n. Guarda las rese\u00f1as de Google y copia su c\u00f3digo de instalaci\u00f3n, que puedes agregar en tu p\u00e1gina de Facebook sin necesidad de comprar una versi\u00f3n de pago. Con nuestro intuitivo Editor, cualquier usuario de internet puede crear un widget de rese\u00f1as de Google en l\u00ednea e incrustarlo f\u00e1cilmente en su p\u00e1gina de Facebook. No es necesario pagar ni ingresar tus datos de tarjeta para acceder al servicio. Si encuentras alg\u00fan problema en cualquier paso, no dudes en contactar con nuestro equipo de soporte t\u00e9cnico.<\/p> <\/div>\r\n\t\t\t\t\t<\/div>\r\n\t\t\t\t<\/div> <\/div> <\/div> <div class=\"application-platform-content-item-features application-platform-content-item\" id=\"features\" data-nav-section=\"features\"><h2>Caracter\u00edsticas principales del widget de rese\u00f1as de Google<\/h2><p>Consulta todas las caracter\u00edsticas funcionales del widget. Puedes gestionarlas directamente en el editor, lo que te ayudar\u00e1 a configurar el widget m\u00e1s adecuado para tu caso.<\/p><ul><li>Tres tipos de filtros: por tipo, excluir por y cantidad de rese\u00f1as a mostrar; <\/li><li>4 dise\u00f1os disponibles: Lista, Cuadr\u00edcula, Masonry y Slider; <\/li><li>Oportunidad de activar\/desactivar el encabezado del widget; <\/li><li>El bot\u00f3n para solicitar una rese\u00f1a lleva a los usuarios a tu p\u00e1gina de Google; <\/li><li>6 elementos flexibles de la interfaz: nombre y foto del autor, recomendaci\u00f3n, fecha de publicaci\u00f3n, icono de Google y calificaci\u00f3n de estrellas; <\/li><li>Dos posibles escenarios de denegaci\u00f3n de la solicitud de rese\u00f1a: mostrar tu mensaje o ocultar el bot\u00f3n.<\/li><\/ul><p><a href=\"#demo\">Consulta todas las dem\u00e1s funciones en la demo<\/a><\/p><\/div><div class=\"application-platform-content-item-installation application-platform-content-item\" id=\"installation\" data-nav-section=\"installation\"><h2>C\u00f3mo compartir las rese\u00f1as de Google en la p\u00e1gina de Facebook<\/h2><p>Para activar el widget, realiza varios pasos r\u00e1pidos<\/p><ul><li><b>Genera tu widget de Google personalizado<\/b><br>En nuestro editor gratuito, configura un plugin con el dise\u00f1o y la funcionalidad personalizados. <\/li><li><b>Copiar el c\u00f3digo personal para publicar el widget<\/b><br>Despu\u00e9s de personalizar tu widget, recibir\u00e1s un c\u00f3digo \u00fanico en la ventana emergente de Elfsight Apps. Copia este c\u00f3digo. <\/li><li><b>Agregar las rese\u00f1as a la p\u00e1gina de Facebook<\/b><br>Crea tu pesta\u00f1a personalizada de Facebook. Inserta el c\u00f3digo que recibiste en Elfsight Apps en la pesta\u00f1a.<\/li><li><b>La instalaci\u00f3n est\u00e1 terminada<\/b><br>Visita tu p\u00e1gina para ver tu plugin. <\/li><\/ul><p>No dudes en contactar a nuestro equipo de soporte en caso de tener alguna pregunta sobre c\u00f3mo compartir las rese\u00f1as de Google en Facebook. Estaremos encantados de ayudarte con cualquier solicitud.<\/p><\/div>","protected":false},"excerpt":{"rendered":"","protected":false},"author":18,"featured_media":0,"parent":1936,"menu_order":0,"comment_status":"closed","ping_status":"closed","template":"templates\/template-application-platform.php","meta":{"publish_to_discourse":"","publish_post_category":"","wpdc_auto_publish_overridden":"","wpdc_topic_tags":"","wpdc_pin_topic":"","wpdc_pin_until":"","discourse_post_id":"","discourse_permalink":"","wpdc_publishing_response":"","wpdc_publishing_error":"","footnotes":""},"class_list":["post-3709","page","type-page","status-publish","hentry"],"yoast_head":"<!-- This site is optimized with the Yoast SEO plugin v25.3.1 - https:\/\/yoast.com\/wordpress\/plugins\/seo\/ -->\n<title>Mapas de Google - Incrustar widget de Google Maps al iFrame<\/title>\n<meta name=\"description\" content=\"Incrusta un widget responsivo de Mapas de Google en su sitio web de iFrame. Lance la demo de Elfsight f\u00e1cil de usar y cree su widget \u00fanico.\" \/>\n<meta name=\"robots\" content=\"index, follow, max-snippet:-1, max-image-preview:large, max-video-preview:-1\" \/>\n<link rel=\"canonical\" href=\"https:\/\/elfsight.com\/es\/google-maps-widget\/iframe\/\" \/>\n<meta property=\"og:locale\" content=\"es_ES\" \/>\n<meta property=\"og:type\" content=\"article\" \/>\n<meta property=\"og:title\" content=\"Mapas de Google - Incrustar widget de Google Maps al iFrame\" \/>\n<meta property=\"og:description\" content=\"Incrusta un widget responsivo de Mapas de Google en su sitio web de iFrame. Lance la demo de Elfsight f\u00e1cil de usar y cree su widget \u00fanico.\" \/>\n<meta property=\"og:url\" content=\"https:\/\/elfsight.com\/es\/google-maps-widget\/iframe\/\" \/>\n<meta property=\"og:site_name\" content=\"Elfsight ES\" \/>\n<meta property=\"article:modified_time\" content=\"2025-02-06T15:07:47+00:00\" \/>\n<meta name=\"twitter:card\" content=\"summary_large_image\" \/>\n<meta name=\"twitter:label1\" content=\"Tiempo de lectura\" \/>\n\t<meta name=\"twitter:data1\" content=\"1 minuto\" \/>\n<!-- \/ Yoast SEO plugin. -->","yoast_head_json":{"title":"Mapas de Google - Incrustar widget de Google Maps al iFrame","description":"Incrusta un widget responsivo de Mapas de Google en su sitio web de iFrame. Lance la demo de Elfsight f\u00e1cil de usar y cree su widget \u00fanico.","robots":{"index":"index","follow":"follow","max-snippet":"max-snippet:-1","max-image-preview":"max-image-preview:large","max-video-preview":"max-video-preview:-1"},"canonical":"https:\/\/elfsight.com\/es\/google-maps-widget\/iframe\/","og_locale":"es_ES","og_type":"article","og_title":"Mapas de Google - Incrustar widget de Google Maps al iFrame","og_description":"Incrusta un widget responsivo de Mapas de Google en su sitio web de iFrame. Lance la demo de Elfsight f\u00e1cil de usar y cree su widget \u00fanico.","og_url":"https:\/\/elfsight.com\/es\/google-maps-widget\/iframe\/","og_site_name":"Elfsight ES","article_modified_time":"2025-02-06T15:07:47+00:00","twitter_card":"summary_large_image","twitter_misc":{"Tiempo de lectura":"1 minuto"},"schema":{"@context":"https:\/\/schema.org","@graph":[{"@type":"WebPage","@id":"https:\/\/elfsight.com\/es\/google-maps-widget\/iframe\/","url":"https:\/\/elfsight.com\/es\/google-maps-widget\/iframe\/","name":"Mapas de Google - Incrustar widget de Google Maps al iFrame","isPartOf":{"@id":"https:\/\/elfsight.com\/es\/#website"},"datePublished":"2022-02-11T12:19:58+00:00","dateModified":"2025-02-06T15:07:47+00:00","description":"Incrusta un widget responsivo de Mapas de Google en su sitio web de iFrame. Lance la demo de Elfsight f\u00e1cil de usar y cree su widget \u00fanico.","breadcrumb":{"@id":"https:\/\/elfsight.com\/es\/google-maps-widget\/iframe\/#breadcrumb"},"inLanguage":"es","potentialAction":[{"@type":"ReadAction","target":["https:\/\/elfsight.com\/es\/google-maps-widget\/iframe\/"]}]},{"@type":"BreadcrumbList","@id":"https:\/\/elfsight.com\/es\/google-maps-widget\/iframe\/#breadcrumb","itemListElement":[{"@type":"ListItem","position":1,"name":"Home","item":"https:\/\/elfsight.com\/es\/"},{"@type":"ListItem","position":2,"name":"Google Maps","item":"https:\/\/elfsight.com\/es\/google-maps-widget\/"},{"@type":"ListItem","position":3,"name":"Google Maps &#8211; iFrame"}]},{"@type":"WebSite","@id":"https:\/\/elfsight.com\/es\/#website","url":"https:\/\/elfsight.com\/es\/","name":"Elfsight ES","description":"Just another Elfsight Sites site","potentialAction":[{"@type":"SearchAction","target":{"@type":"EntryPoint","urlTemplate":"https:\/\/elfsight.com\/es\/?s={search_term_string}"},"query-input":{"@type":"PropertyValueSpecification","valueRequired":true,"valueName":"search_term_string"}}],"inLanguage":"es"}]}},"meta_box":{"industry":"","seo_heading":"","heading":"","description":"","cta_heading":"","cta_description":"","application":"1935","h1":"widget de Mapas de Google para iFrame","h1_caption":"Incorpore un mapa de Google responsivo para mostrar su ubicaci\u00f3n o m\u00faltiples ubicaciones para una f\u00e1cil navegaci\u00f3n en su sitio web iFrame sin esfuerzo.","application_category":[],"applications_title":"","applications_request_title":"","applications_request_button_text":"","hero_text":"","hero_video":"","hero_video_schema_markup":"","selling_points_title":"","selling_points_caption":"","selling_points":[],"selling_points_cta_text":"","features_title":"","features":"","ed_cta_examples_text":"","ed_cta_examples_hidden":"","ed_cta_demo_text":"","ed_cta_demo_hidden":"","why_caption":"","why_editor_title":"","why_editor_text":"","why_team_title":"","why_team_text":"","why_service_title":"","why_service_text":"","template_catalog_visible":"","template_catalog_title":"","template_catalog_text":"","template_catalog_categories_visible":"","demo_title":"Crea tu widget de Google Maps","demo_caption":"\u00a1Configura tu Google Maps y agr\u00e9galo a tu sitio web iFrame gratis!","default_faq_hidden":"","app_template_category":[],"platform":"2192","template_public_id":"","codecanyon_url":"","codecanyon_item_id":"","codecanyon_price":"","pricing_caption":"","pricing_elfsight_apps_hide_column":"","pricing_elfsight_apps_url":"","pricing_codecanyon_price_caption":"","integration_category":[],"integration_request_title":"","integration_request_cta":"","integration_platform":"","integrations":[],"platform_category":[],"video_schema_markup":"","price":"desde $0 por mes","trial":"","benefits":[{"text":"Instalaci\u00f3n gratuita"},{"text":"Soporte Premium"},{"text":"14 d\u00edas garant\u00eda de reembolso"},{"text":"Actualizaciones regulares"}],"button_url":"#demo","button_target_blank":"0","button_nofollow":"0","attributes":[{"name":"Responsivo","content":"Si","_state":"expanded"},{"name":"Navegadores compatibles","content":"Firefox, Safari, Opera, Chrome, Edge","_state":"expanded"}],"tags":[],"tags_disable_links":"0","hide_more_platforms":"","video_object":"","demo_hide_cta":"0","demo_hide_cloud_options":"0","pricing_title":"","pricing":[{"pricing_icon":"platform","pricing_title":" Elfsight Apps","pricing_title_caption":"Soluci\u00f3n multiplataforma - valido para cualquier p\u00e1gina web","pricing_price":"desde $0 por mes","pricing_price_caption":"empezar con un plan gratuito","pricing_benefits":[{"text":"Sitios web ilimitados"},{"text":"Atenci\u00f3n al cliente gratuita y r\u00e1pida"},{"text":"Servicio de instalaci\u00f3n gratuito"},{"text":"Totalmente personalizable"}],"pricing_button_text":"Agregar al sitio web","pricing_button_url":"#demo","_state":"expanded"}],"related_apps_title":"","related_apps_hidden":"1","author":"","image":[],"title":"","job":"","social_networks":[]},"_links":{"self":[{"href":"https:\/\/elfsight.com\/es\/wp-json\/wp\/v2\/pages\/3709","targetHints":{"allow":["GET"]}}],"collection":[{"href":"https:\/\/elfsight.com\/es\/wp-json\/wp\/v2\/pages"}],"about":[{"href":"https:\/\/elfsight.com\/es\/wp-json\/wp\/v2\/types\/page"}],"author":[{"embeddable":true,"href":"https:\/\/elfsight.com\/es\/wp-json\/wp\/v2\/users\/18"}],"replies":[{"embeddable":true,"href":"https:\/\/elfsight.com\/es\/wp-json\/wp\/v2\/comments?post=3709"}],"version-history":[{"count":3,"href":"https:\/\/elfsight.com\/es\/wp-json\/wp\/v2\/pages\/3709\/revisions"}],"predecessor-version":[{"id":17941,"href":"https:\/\/elfsight.com\/es\/wp-json\/wp\/v2\/pages\/3709\/revisions\/17941"}],"up":[{"embeddable":true,"href":"https:\/\/elfsight.com\/es\/wp-json\/wp\/v2\/pages\/1936"}],"wp:attachment":[{"href":"https:\/\/elfsight.com\/es\/wp-json\/wp\/v2\/media?parent=3709"}],"curies":[{"name":"wp","href":"https:\/\/api.w.org\/{rel}","templated":true}]}}