{"id":3701,"date":"2022-02-11T12:20:21","date_gmt":"2022-02-11T12:20:21","guid":{"rendered":"https:\/\/elfsight.com\/es\/?page_id=3701"},"modified":"2025-02-06T15:07:39","modified_gmt":"2025-02-06T15:07:39","slug":"google-sites","status":"publish","type":"page","link":"https:\/\/elfsight.com\/es\/google-maps-widget\/google-sites\/","title":{"rendered":"Google Maps &#8211; Google Sites"},"content":{"rendered":"<div class=\"application-platform-content-item-description application-platform-content-item\" id=\"description\" data-nav-section=\"description\"> <h2>Incrustar Google Maps en Google Sites con el widget de Elfsight<\/h2> <p>Google Map de Elfsight es una herramienta efectiva y completamente personalizada, que facilita la b\u00fasqueda de ubicaciones para tus usuarios. Eficaz para atraer clientes reales, su r\u00e1pida integraci\u00f3n y personalizaci\u00f3n de la interfaz la convierten en una de las mejores opciones para cualquier sitio web de Google.<\/p> <p><b>Con Google Maps, logra un desarrollo empresarial sostenible y mejores ventas<\/b><\/p> <\/div> <div class=\"application-platform-content-item-features application-platform-content-item\" id=\"features\" data-nav-section=\"features\"> <h2>Estas son solo algunas de las poderosas caracter\u00edsticas del widget:<\/h2> <ul><li>Acerqu\u00e9date m\u00e1s a los usuarios<\/li><li>Busca y consigue clientes locales<\/li><li>Ah\u00f3rrate tiempo construyendo mapas<\/li><\/ul><p><a href=\"#demo\">Puedes comprobar c\u00f3mo funciona el widget con la ayuda de la demostraci\u00f3n<\/a><\/p> <\/div> <div class=\"application-platform-content-item-installation application-platform-content-item\" id=\"installation\" data-nav-section=\"installation\"> <h2>\u00bfC\u00f3mo incrustar Google Map en mi Google Sites?<\/h2><div class=\"video-container\"><iframe width=\"720\" height=\"405\" src=\"https:\/\/www.youtube.com\/embed\/mFa3d_D-Skk\" frameborder=\"0\" allowfullscreen=\"\"><\/iframe><\/div><p>Sigue las instrucciones a continuaci\u00f3n para comenzar a usar el plugin.<\/p> <ol><li><b>Ejecuta nuestro editor gratuito y comienza a formar tu plugin personalizado.<\/b><br> Elige la interfaz y las caracter\u00edsticas funcionales preferidas del widget y guarda las modificaciones.<\/li>  <li><b>Copia el c\u00f3digo personal que aparece en el formulario especial de Elfsight Apps.<\/b><br> Despu\u00e9s de configurar tu plugin, copia el c\u00f3digo individual que aparece en el pop-up y gu\u00e1rdalo para futuras ocasiones.<\/li>  <li><b>Comienza a usar el mapa en Google Sites.<\/b><br> Pega el c\u00f3digo que guardaste previamente en tu p\u00e1gina y aplica los cambios.<\/li>  <li><b>\u00a1Hecho! La configuraci\u00f3n se ha completado con \u00e9xito.<\/b><br> Ve a tu p\u00e1gina para ver c\u00f3mo funciona la herramienta.<\/li><\/ol> <div class=\"tip-yellow tip\"><b>Debido a las peculiaridades del funcionamiento de Google Sites, el widget puede verse diferente de la demostraci\u00f3n en l\u00ednea. Nos disculpamos por cualquier inconveniente causado.<\/b><\/div><p>Si tienes alg\u00fan problema, no dudes en ponerte en contacto con nuestro equipo de servicio al cliente. Nuestros especialistas estar\u00e1n encantados de resolver cualquier dificultad que puedas tener con el widget.<\/p> <div class=\"faq\" data-component=\"FAQ\"><div class=\"faq-item\">\r\n\t\t\t\t\t<div class=\"faq-item-question\">\r\n\t\t\t\t\t\t<h3 class=\"faq-item-question-text\">\u00bfC\u00f3mo a\u00f1adir Google Maps a mi sitio web de Google Sites sin tener conocimientos de programaci\u00f3n?<\/h3>\r\n\r\n\t\t\t\t\t\t<div class=\"faq-item-question-icon\"><\/div>\r\n\t\t\t\t\t<\/div>\r\n\r\n\t\t\t\t\t<div class=\"faq-item-answer\">\r\n\t\t\t\t\t\t<div class=\"faq-item-answer-text\"> <p>Elfsight ofrece una soluci\u00f3n SaaS que te permite crear un widget de Google Maps por ti mismo. As\u00ed de f\u00e1cil es el proceso: trabaja directamente en el Editor en l\u00ednea para crear el widget de Google Maps que te gustar\u00eda ver en tu sitio web de Google Sites. Elige una de las plantillas predise\u00f1adas y ajusta la configuraci\u00f3n de Google Maps, agrega tu contenido, cambia el dise\u00f1o y los colores sin necesidad de conocimientos de programaci\u00f3n. Guarda el Google Maps y copia su c\u00f3digo de instalaci\u00f3n, que puedes incluir f\u00e1cilmente en tu sitio web de Google Sites sin necesidad de comprar una versi\u00f3n de pago. Con nuestro intuitivo Editor, cualquier usuario de internet puede crear un widget de Google Maps en l\u00ednea e incrustarlo f\u00e1cilmente en su sitio web de Google Sites. No es necesario pagar ni ingresar tus datos bancarios para acceder al servicio. Si tienes alg\u00fan problema en cualquier paso, no dudes en contactar con nuestro equipo de soporte t\u00e9cnico.<\/p> <\/div>\r\n\t\t\t\t\t<\/div>\r\n\t\t\t\t<\/div> <\/div><\/div>","protected":false},"excerpt":{"rendered":"","protected":false},"author":18,"featured_media":0,"parent":1936,"menu_order":0,"comment_status":"closed","ping_status":"closed","template":"templates\/template-application-platform.php","meta":{"publish_to_discourse":"","publish_post_category":"","wpdc_auto_publish_overridden":"","wpdc_topic_tags":"","wpdc_pin_topic":"","wpdc_pin_until":"","discourse_post_id":"","discourse_permalink":"","wpdc_publishing_response":"","wpdc_publishing_error":"","footnotes":""},"class_list":["post-3701","page","type-page","status-publish","hentry"],"yoast_head":"<!-- This site is optimized with the Yoast SEO plugin v25.3.1 - https:\/\/yoast.com\/wordpress\/plugins\/seo\/ -->\n<title>Mapas de Google - A\u00f1adir plugin de Google Maps al Google Sites<\/title>\n<meta name=\"description\" content=\"Incrusta un widget interactivo de Mapas de Google en su sitio de Google Sites. Use la demo de Elfsight manejable y genere su plugin \u00fanico.\" \/>\n<meta name=\"robots\" content=\"index, follow, max-snippet:-1, max-image-preview:large, max-video-preview:-1\" \/>\n<link rel=\"canonical\" href=\"https:\/\/elfsight.com\/es\/google-maps-widget\/google-sites\/\" \/>\n<meta property=\"og:locale\" content=\"es_ES\" \/>\n<meta property=\"og:type\" content=\"article\" \/>\n<meta property=\"og:title\" content=\"Mapas de Google - A\u00f1adir plugin de Google Maps al Google Sites\" \/>\n<meta property=\"og:description\" content=\"Incrusta un widget interactivo de Mapas de Google en su sitio de Google Sites. Use la demo de Elfsight manejable y genere su plugin \u00fanico.\" \/>\n<meta property=\"og:url\" content=\"https:\/\/elfsight.com\/es\/google-maps-widget\/google-sites\/\" \/>\n<meta property=\"og:site_name\" content=\"Elfsight ES\" \/>\n<meta property=\"article:modified_time\" content=\"2025-02-06T15:07:39+00:00\" \/>\n<meta name=\"twitter:card\" content=\"summary_large_image\" \/>\n<meta name=\"twitter:label1\" content=\"Tiempo de lectura\" \/>\n\t<meta name=\"twitter:data1\" content=\"1 minuto\" \/>\n<!-- \/ Yoast SEO plugin. -->","yoast_head_json":{"title":"Mapas de Google - A\u00f1adir plugin de Google Maps al Google Sites","description":"Incrusta un widget interactivo de Mapas de Google en su sitio de Google Sites. Use la demo de Elfsight manejable y genere su plugin \u00fanico.","robots":{"index":"index","follow":"follow","max-snippet":"max-snippet:-1","max-image-preview":"max-image-preview:large","max-video-preview":"max-video-preview:-1"},"canonical":"https:\/\/elfsight.com\/es\/google-maps-widget\/google-sites\/","og_locale":"es_ES","og_type":"article","og_title":"Mapas de Google - A\u00f1adir plugin de Google Maps al Google Sites","og_description":"Incrusta un widget interactivo de Mapas de Google en su sitio de Google Sites. Use la demo de Elfsight manejable y genere su plugin \u00fanico.","og_url":"https:\/\/elfsight.com\/es\/google-maps-widget\/google-sites\/","og_site_name":"Elfsight ES","article_modified_time":"2025-02-06T15:07:39+00:00","twitter_card":"summary_large_image","twitter_misc":{"Tiempo de lectura":"1 minuto"},"schema":{"@context":"https:\/\/schema.org","@graph":[{"@type":"WebPage","@id":"https:\/\/elfsight.com\/es\/google-maps-widget\/google-sites\/","url":"https:\/\/elfsight.com\/es\/google-maps-widget\/google-sites\/","name":"Mapas de Google - A\u00f1adir plugin de Google Maps al Google Sites","isPartOf":{"@id":"https:\/\/elfsight.com\/es\/#website"},"datePublished":"2022-02-11T12:20:21+00:00","dateModified":"2025-02-06T15:07:39+00:00","description":"Incrusta un widget interactivo de Mapas de Google en su sitio de Google Sites. Use la demo de Elfsight manejable y genere su plugin \u00fanico.","breadcrumb":{"@id":"https:\/\/elfsight.com\/es\/google-maps-widget\/google-sites\/#breadcrumb"},"inLanguage":"es","potentialAction":[{"@type":"ReadAction","target":["https:\/\/elfsight.com\/es\/google-maps-widget\/google-sites\/"]}]},{"@type":"BreadcrumbList","@id":"https:\/\/elfsight.com\/es\/google-maps-widget\/google-sites\/#breadcrumb","itemListElement":[{"@type":"ListItem","position":1,"name":"Home","item":"https:\/\/elfsight.com\/es\/"},{"@type":"ListItem","position":2,"name":"Google Maps","item":"https:\/\/elfsight.com\/es\/google-maps-widget\/"},{"@type":"ListItem","position":3,"name":"Google Maps &#8211; Google Sites"}]},{"@type":"WebSite","@id":"https:\/\/elfsight.com\/es\/#website","url":"https:\/\/elfsight.com\/es\/","name":"Elfsight ES","description":"Just another Elfsight Sites site","potentialAction":[{"@type":"SearchAction","target":{"@type":"EntryPoint","urlTemplate":"https:\/\/elfsight.com\/es\/?s={search_term_string}"},"query-input":{"@type":"PropertyValueSpecification","valueRequired":true,"valueName":"search_term_string"}}],"inLanguage":"es"}]}},"meta_box":{"industry":"","seo_heading":"","heading":"","description":"","cta_heading":"","cta_description":"","application":"1935","h1":"complemento de Mapas de Google para Google Sites","h1_caption":"Incorpore un mapa de Google responsivo para mostrar su ubicaci\u00f3n o varias ubicaciones para una f\u00e1cil navegaci\u00f3n en sus sitios de Google sin esfuerzo.","application_category":[],"applications_title":"","applications_request_title":"","applications_request_button_text":"","hero_text":"","hero_video":"","hero_video_schema_markup":"","selling_points_title":"","selling_points_caption":"","selling_points":[],"selling_points_cta_text":"","features_title":"","features":"","ed_cta_examples_text":"","ed_cta_examples_hidden":"","ed_cta_demo_text":"","ed_cta_demo_hidden":"","why_caption":"","why_editor_title":"","why_editor_text":"","why_team_title":"","why_team_text":"","why_service_title":"","why_service_text":"","template_catalog_visible":"","template_catalog_title":"","template_catalog_text":"","template_catalog_categories_visible":"","demo_title":"Crea tu widget de Google Maps","demo_caption":"\u00a1Configure su Google Maps y agr\u00e9guelo a su sitio web de Google Sites gratis!","default_faq_hidden":"","app_template_category":[],"platform":"67","template_public_id":"","codecanyon_url":"","codecanyon_item_id":"","codecanyon_price":"","pricing_caption":"","pricing_elfsight_apps_hide_column":"","pricing_elfsight_apps_url":"","pricing_codecanyon_price_caption":"","integration_category":[],"integration_request_title":"","integration_request_cta":"","integration_platform":"","integrations":[],"platform_category":[],"video_schema_markup":"","price":"desde $0 por mes","trial":"","benefits":[{"text":"Instalaci\u00f3n gratuita"},{"text":"Soporte Premium"},{"text":"14 d\u00edas garant\u00eda de reembolso"},{"text":"Actualizaciones regulares"}],"button_url":"#demo","button_target_blank":"0","button_nofollow":"0","attributes":[{"name":"Responsivo","content":"Si","_state":"expanded"},{"name":"Navegadores compatibles","content":"Firefox, Safari, Opera, Chrome, Edge","_state":"expanded"}],"tags":[],"tags_disable_links":"0","hide_more_platforms":"","video_object":"","demo_hide_cta":"0","demo_hide_cloud_options":"0","pricing_title":"","pricing":[{"pricing_icon":"platform","pricing_title":" Elfsight Apps","pricing_title_caption":"Soluci\u00f3n multiplataforma - valido para cualquier p\u00e1gina web","pricing_price":"desde $0 por mes","pricing_price_caption":"empezar con un plan gratuito","pricing_benefits":[{"text":"Sitios web ilimitados"},{"text":"Atenci\u00f3n al cliente gratuita y r\u00e1pida"},{"text":"Servicio de instalaci\u00f3n gratuito"},{"text":"Totalmente personalizable"}],"pricing_button_text":"Agregar al sitio web","pricing_button_url":"#demo","_state":"expanded"}],"related_apps_title":"","related_apps_hidden":"1","author":"","image":[],"title":"","job":"","social_networks":[]},"_links":{"self":[{"href":"https:\/\/elfsight.com\/es\/wp-json\/wp\/v2\/pages\/3701","targetHints":{"allow":["GET"]}}],"collection":[{"href":"https:\/\/elfsight.com\/es\/wp-json\/wp\/v2\/pages"}],"about":[{"href":"https:\/\/elfsight.com\/es\/wp-json\/wp\/v2\/types\/page"}],"author":[{"embeddable":true,"href":"https:\/\/elfsight.com\/es\/wp-json\/wp\/v2\/users\/18"}],"replies":[{"embeddable":true,"href":"https:\/\/elfsight.com\/es\/wp-json\/wp\/v2\/comments?post=3701"}],"version-history":[{"count":3,"href":"https:\/\/elfsight.com\/es\/wp-json\/wp\/v2\/pages\/3701\/revisions"}],"predecessor-version":[{"id":17938,"href":"https:\/\/elfsight.com\/es\/wp-json\/wp\/v2\/pages\/3701\/revisions\/17938"}],"up":[{"embeddable":true,"href":"https:\/\/elfsight.com\/es\/wp-json\/wp\/v2\/pages\/1936"}],"wp:attachment":[{"href":"https:\/\/elfsight.com\/es\/wp-json\/wp\/v2\/media?parent=3701"}],"curies":[{"name":"wp","href":"https:\/\/api.w.org\/{rel}","templated":true}]}}