{"id":3699,"date":"2022-02-11T12:20:26","date_gmt":"2022-02-11T12:20:26","guid":{"rendered":"https:\/\/elfsight.com\/es\/?page_id=3699"},"modified":"2025-02-06T15:07:32","modified_gmt":"2025-02-06T15:07:32","slug":"drupal","status":"publish","type":"page","link":"https:\/\/elfsight.com\/es\/google-reviews-widget\/drupal\/","title":{"rendered":"Google Reviews &#8211; Drupal"},"content":{"rendered":"<div class=\"application-platform-content-item-description application-platform-content-item\" id=\"description\" data-nav-section=\"description\"> <h2>Incrusta rese\u00f1as de Google con el m\u00f3dulo de Elfsight<\/h2> <p>El widget Google Reviews de Elfsight es una herramienta sencilla que te ayuda a mostrar rese\u00f1as sobre tu negocio desde las publicaciones en Google. Con nuestro widget, podr\u00e1s aplicar filtros para ocultar rese\u00f1as negativas, resaltar tu calificaci\u00f3n y n\u00famero de estrellas de Google, proporcionar informaci\u00f3n sobre los autores y a\u00f1adir un bot\u00f3n que ayudar\u00e1 a los visitantes a dejar una rese\u00f1a m\u00e1s en Google. El widget Google Reviews de Elfsight te permitir\u00e1 mostrar tu prueba social perfecta en tu sitio personal y aumentar las ventas. <\/p><div class=\"faq\" data-component=\"FAQ\"> <div class=\"faq-item\">\r\n\t\t\t\t\t<div class=\"faq-item-question\">\r\n\t\t\t\t\t\t<h3 class=\"faq-item-question-text\">\u00bfD\u00f3nde en mi sitio web puedo instalar el widget?<\/h3>\r\n\r\n\t\t\t\t\t\t<div class=\"faq-item-question-icon\"><\/div>\r\n\t\t\t\t\t<\/div>\r\n\r\n\t\t\t\t\t<div class=\"faq-item-answer\">\r\n\t\t\t\t\t\t<div class=\"faq-item-answer-text\"> <p>Nuestro widget se puede colocar en cualquier p\u00e1gina web donde desees mostrar tu alta valoraci\u00f3n y popularidad entre los clientes. Si lo necesitas en todas las p\u00e1ginas de tu sitio, puedes insertarlo f\u00e1cilmente en la plantilla del sitio. <\/p><\/div>\r\n\t\t\t\t\t<\/div>\r\n\t\t\t\t<\/div> <div class=\"faq-item\">\r\n\t\t\t\t\t<div class=\"faq-item-question\">\r\n\t\t\t\t\t\t<h3 class=\"faq-item-question-text\">\u00bfC\u00f3mo me beneficiar\u00e9 del m\u00f3dulo de Drupal para Google Reviews?<\/h3>\r\n\r\n\t\t\t\t\t\t<div class=\"faq-item-question-icon\"><\/div>\r\n\t\t\t\t\t<\/div>\r\n\r\n\t\t\t\t\t<div class=\"faq-item-answer\">\r\n\t\t\t\t\t\t<div class=\"faq-item-answer-text\"> <p>Las rese\u00f1as dejadas por personas reales son muy confiables para los clientes de tu sitio y les demuestran que tu empresa es un socio confiable. Una calificaci\u00f3n alta y buenos testimonios pueden ayudar a aumentar las ventas en tu sitio. Adem\u00e1s, el bot\u00f3n activo puede contribuir a incrementar el n\u00famero de rese\u00f1as de usuarios relacionadas con tu negocio en Google. <\/p> <\/div>\r\n\t\t\t\t\t<\/div>\r\n\t\t\t\t<\/div> <div class=\"faq-item\">\r\n\t\t\t\t\t<div class=\"faq-item-question\">\r\n\t\t\t\t\t\t<h3 class=\"faq-item-question-text\">\u00bfC\u00f3mo agrego el widget de Google Reviews en mi sitio Drupal?<\/h3>\r\n\r\n\t\t\t\t\t\t<div class=\"faq-item-question-icon\"><\/div>\r\n\t\t\t\t\t<\/div>\r\n\r\n\t\t\t\t\t<div class=\"faq-item-answer\">\r\n\t\t\t\t\t\t<div class=\"faq-item-answer-text\"> <p>Solo te llevar\u00e1 dos minutos hacerlo. La instalaci\u00f3n es muy r\u00e1pida, gratuita y sin necesidad de codificaci\u00f3n. <\/p> <p>El widget se puede instalar directamente a trav\u00e9s de nuestro servicio o a trav\u00e9s del marketplace. Puedes ver las ventajas de ambas opciones y elegir la que prefieras. <\/p> <\/div>\r\n\t\t\t\t\t<\/div>\r\n\t\t\t\t<\/div> <\/div><\/div><div class=\"application-platform-content-item-features application-platform-content-item\" id=\"features\" data-nav-section=\"features\"> <h2>Principales caracter\u00edsticas del m\u00f3dulo Google Reviews<\/h2> <p>Para entender mejor el widget, puedes consultar la lista de sus caracter\u00edsticas principales. Estas hacen que el widget sea incre\u00edblemente eficiente para tu sitio web: <\/p> <ul> <li>3 filtros listos para usar: por tipo, excluir por, y cantidad de rese\u00f1as para mostrar;<\/li> <li>4 dise\u00f1os listos para usar: Lista, Cuadr\u00edcula, Mamposter\u00eda y Deslizador;<\/li> <li>Opci\u00f3n de activar\/desactivar el encabezado del widget;<\/li> <li>El bot\u00f3n activo para compartir una rese\u00f1a m\u00e1s lleva a las personas a la p\u00e1gina de Google;<\/li> <li>6 elementos ajustables del widget: nombre del autor y foto, recomendaci\u00f3n, fecha de publicaci\u00f3n, icono de Google y calificaci\u00f3n por estrellas;<\/li> <li>Dos variantes de escenarios despu\u00e9s del rechazo de una solicitud de rese\u00f1a: mostrar tu mensaje o eliminar el bot\u00f3n.<\/li> <\/ul><p><a href=\"#demo\">Para explorar m\u00e1s caracter\u00edsticas, consulta la demo<\/a><\/p> <\/div><div class=\"application-platform-content-item-installation application-platform-content-item\" id=\"installation\" data-nav-section=\"installation\"> <h2>Descubre c\u00f3mo integrar Google Reviews en tu sitio Drupal<\/h2> <div class=\"video-container\"><iframe width=\"720\" height=\"405\" src=\"https:\/\/www.youtube.com\/embed\/eALhc53nhdU\" frameborder=\"0\" allowfullscreen=\"\"><\/iframe><\/div><p>Simplemente sigue las instrucciones a continuaci\u00f3n para integrar el m\u00f3dulo en Drupal.<\/p> <ol><li><b>Usa nuestro editor gratuito y empieza a crear tu m\u00f3dulo personalizado de Google Reviews.<\/b><br> Elige el dise\u00f1o y las opciones del widget y guarda los cambios. <\/li><li><b>Recibe tu c\u00f3digo personal que aparecer\u00e1 en la ventana emergente de Elfsight Apps.<\/b><br> Justo despu\u00e9s de crear tu widget personalizado, copia el c\u00f3digo en la ventana emergente y gu\u00e1rdalo para futuras ocasiones. <\/li><li><b>Comienza a usar el widget en tu sitio Drupal.<\/b><br> Inserta el c\u00f3digo que copiaste recientemente en tu sitio y guarda los cambios.<\/li><li><b>\u00a1Listo! La integraci\u00f3n es exitosa.<\/b><br> Ve a tu sitio web para revisar el rendimiento del m\u00f3dulo.<\/li><\/ol><p>\u00bfTienes dudas? \u00bfO est\u00e1s teniendo problemas con la instalaci\u00f3n de Google Reviews en Drupal? Simplemente env\u00eda tu solicitud a nuestro servicio de atenci\u00f3n al cliente y te ayudar\u00e1n con cualquier pregunta. <\/p> <\/div>","protected":false},"excerpt":{"rendered":"","protected":false},"author":18,"featured_media":0,"parent":1422,"menu_order":0,"comment_status":"closed","ping_status":"closed","template":"templates\/template-application-platform.php","meta":{"publish_to_discourse":"","publish_post_category":"","wpdc_auto_publish_overridden":"","wpdc_topic_tags":"","wpdc_pin_topic":"","wpdc_pin_until":"","discourse_post_id":"","discourse_permalink":"","wpdc_publishing_response":"","wpdc_publishing_error":"","footnotes":""},"class_list":["post-3699","page","type-page","status-publish","hentry"],"yoast_head":"<!-- This site is optimized with the Yoast SEO plugin v25.3.1 - https:\/\/yoast.com\/wordpress\/plugins\/seo\/ -->\n<title>Rese\u00f1as de Google - Incluir module de Valoraciones de Google al Drupal<\/title>\n<meta name=\"description\" content=\"Incrusta un widget interactivo de Rese\u00f1as de Google en su p\u00e1gina web de Drupal. Pruebe la demo de Elfsight f\u00e1cil de usar y construe su module propio.\" \/>\n<meta name=\"robots\" content=\"index, follow, max-snippet:-1, max-image-preview:large, max-video-preview:-1\" \/>\n<link rel=\"canonical\" href=\"https:\/\/elfsight.com\/es\/google-reviews-widget\/drupal\/\" \/>\n<meta property=\"og:locale\" content=\"es_ES\" \/>\n<meta property=\"og:type\" content=\"article\" \/>\n<meta property=\"og:title\" content=\"Rese\u00f1as de Google - Incluir module de Valoraciones de Google al Drupal\" \/>\n<meta property=\"og:description\" content=\"Incrusta un widget interactivo de Rese\u00f1as de Google en su p\u00e1gina web de Drupal. Pruebe la demo de Elfsight f\u00e1cil de usar y construe su module propio.\" \/>\n<meta property=\"og:url\" content=\"https:\/\/elfsight.com\/es\/google-reviews-widget\/drupal\/\" \/>\n<meta property=\"og:site_name\" content=\"Elfsight ES\" \/>\n<meta property=\"article:modified_time\" content=\"2025-02-06T15:07:32+00:00\" \/>\n<meta name=\"twitter:card\" content=\"summary_large_image\" \/>\n<meta name=\"twitter:label1\" content=\"Tiempo de lectura\" \/>\n\t<meta name=\"twitter:data1\" content=\"2 minutos\" \/>\n<!-- \/ Yoast SEO plugin. -->","yoast_head_json":{"title":"Rese\u00f1as de Google - Incluir module de Valoraciones de Google al Drupal","description":"Incrusta un widget interactivo de Rese\u00f1as de Google en su p\u00e1gina web de Drupal. Pruebe la demo de Elfsight f\u00e1cil de usar y construe su module propio.","robots":{"index":"index","follow":"follow","max-snippet":"max-snippet:-1","max-image-preview":"max-image-preview:large","max-video-preview":"max-video-preview:-1"},"canonical":"https:\/\/elfsight.com\/es\/google-reviews-widget\/drupal\/","og_locale":"es_ES","og_type":"article","og_title":"Rese\u00f1as de Google - Incluir module de Valoraciones de Google al Drupal","og_description":"Incrusta un widget interactivo de Rese\u00f1as de Google en su p\u00e1gina web de Drupal. Pruebe la demo de Elfsight f\u00e1cil de usar y construe su module propio.","og_url":"https:\/\/elfsight.com\/es\/google-reviews-widget\/drupal\/","og_site_name":"Elfsight ES","article_modified_time":"2025-02-06T15:07:32+00:00","twitter_card":"summary_large_image","twitter_misc":{"Tiempo de lectura":"2 minutos"},"schema":{"@context":"https:\/\/schema.org","@graph":[{"@type":"WebPage","@id":"https:\/\/elfsight.com\/es\/google-reviews-widget\/drupal\/","url":"https:\/\/elfsight.com\/es\/google-reviews-widget\/drupal\/","name":"Rese\u00f1as de Google - Incluir module de Valoraciones de Google al Drupal","isPartOf":{"@id":"https:\/\/elfsight.com\/es\/#website"},"datePublished":"2022-02-11T12:20:26+00:00","dateModified":"2025-02-06T15:07:32+00:00","description":"Incrusta un widget interactivo de Rese\u00f1as de Google en su p\u00e1gina web de Drupal. Pruebe la demo de Elfsight f\u00e1cil de usar y construe su module propio.","breadcrumb":{"@id":"https:\/\/elfsight.com\/es\/google-reviews-widget\/drupal\/#breadcrumb"},"inLanguage":"es","potentialAction":[{"@type":"ReadAction","target":["https:\/\/elfsight.com\/es\/google-reviews-widget\/drupal\/"]}]},{"@type":"BreadcrumbList","@id":"https:\/\/elfsight.com\/es\/google-reviews-widget\/drupal\/#breadcrumb","itemListElement":[{"@type":"ListItem","position":1,"name":"Home","item":"https:\/\/elfsight.com\/es\/"},{"@type":"ListItem","position":2,"name":"Google Reviews","item":"https:\/\/elfsight.com\/es\/google-reviews-widget\/"},{"@type":"ListItem","position":3,"name":"Google Reviews &#8211; Drupal"}]},{"@type":"WebSite","@id":"https:\/\/elfsight.com\/es\/#website","url":"https:\/\/elfsight.com\/es\/","name":"Elfsight ES","description":"Just another Elfsight Sites site","potentialAction":[{"@type":"SearchAction","target":{"@type":"EntryPoint","urlTemplate":"https:\/\/elfsight.com\/es\/?s={search_term_string}"},"query-input":{"@type":"PropertyValueSpecification","valueRequired":true,"valueName":"search_term_string"}}],"inLanguage":"es"}]}},"meta_box":{"industry":"","seo_heading":"","heading":"","description":"","cta_heading":"","cta_description":"","application":"1421","h1":"m\u00f3dulo de Rese\u00f1as de Google para Drupal","h1_caption":"Incorpore rese\u00f1as de su lugar desde Google para obtener sin problemas las mejores impresiones de los clientes en la experiencia de su sitio web en su sitio web Drupal sin esfuerzo.","application_category":[],"applications_title":"","applications_request_title":"","applications_request_button_text":"","hero_text":"","hero_video":"","hero_video_schema_markup":"","selling_points_title":"","selling_points_caption":"","selling_points":[],"selling_points_cta_text":"","features_title":"","features":"","ed_cta_examples_text":"","ed_cta_examples_hidden":"","ed_cta_demo_text":"","ed_cta_demo_hidden":"","why_caption":"","why_editor_title":"","why_editor_text":"","why_team_title":"","why_team_text":"","why_service_title":"","why_service_text":"","template_catalog_visible":"","template_catalog_title":"","template_catalog_text":"","template_catalog_categories_visible":"","demo_title":"Crea tu m\u00f3dulo de Rese\u00f1as de Google","demo_caption":"\u00a1Configure sus Rese\u00f1as de Google y agr\u00e9guelas a su sitio web Drupal de forma gratuita!","default_faq_hidden":"","app_template_category":[],"platform":"2161","template_public_id":"","codecanyon_url":"","codecanyon_item_id":"","codecanyon_price":"","pricing_caption":"","pricing_elfsight_apps_hide_column":"","pricing_elfsight_apps_url":"","pricing_codecanyon_price_caption":"","integration_category":[],"integration_request_title":"","integration_request_cta":"","integration_platform":"","integrations":[],"platform_category":[],"video_schema_markup":"","price":"desde $0 por mes","trial":"","benefits":[{"text":"Instalaci\u00f3n gratuita"},{"text":"Soporte Premium"},{"text":"14 d\u00edas garant\u00eda de reembolso"},{"text":"Actualizaciones regulares"}],"button_url":"#demo","button_target_blank":"0","button_nofollow":"0","attributes":[{"name":"Responsivo","content":"Si","_state":"expanded"},{"name":"Navegadores compatibles","content":"Firefox, Safari, Opera, Chrome, Edge","_state":"expanded"}],"tags":[],"tags_disable_links":"0","hide_more_platforms":"","video_object":"","demo_hide_cta":"0","demo_hide_cloud_options":"0","pricing_title":"","pricing":[{"pricing_icon":"platform","pricing_title":" Elfsight Apps","pricing_title_caption":"Soluci\u00f3n multiplataforma - valido para cualquier p\u00e1gina web","pricing_price":"desde $0 por mes","pricing_price_caption":"empezar con un plan gratuito","pricing_benefits":[{"text":"Sitios web ilimitados"},{"text":"Atenci\u00f3n al cliente gratuita y r\u00e1pida"},{"text":"Servicio de instalaci\u00f3n gratuito"},{"text":"Totalmente personalizable"}],"pricing_button_text":"Agregar al sitio web","pricing_button_url":"#demo","_state":"expanded"}],"related_apps_title":"","related_apps_hidden":"1","author":"","image":[],"title":"","job":"","social_networks":[]},"_links":{"self":[{"href":"https:\/\/elfsight.com\/es\/wp-json\/wp\/v2\/pages\/3699","targetHints":{"allow":["GET"]}}],"collection":[{"href":"https:\/\/elfsight.com\/es\/wp-json\/wp\/v2\/pages"}],"about":[{"href":"https:\/\/elfsight.com\/es\/wp-json\/wp\/v2\/types\/page"}],"author":[{"embeddable":true,"href":"https:\/\/elfsight.com\/es\/wp-json\/wp\/v2\/users\/18"}],"replies":[{"embeddable":true,"href":"https:\/\/elfsight.com\/es\/wp-json\/wp\/v2\/comments?post=3699"}],"version-history":[{"count":3,"href":"https:\/\/elfsight.com\/es\/wp-json\/wp\/v2\/pages\/3699\/revisions"}],"predecessor-version":[{"id":17937,"href":"https:\/\/elfsight.com\/es\/wp-json\/wp\/v2\/pages\/3699\/revisions\/17937"}],"up":[{"embeddable":true,"href":"https:\/\/elfsight.com\/es\/wp-json\/wp\/v2\/pages\/1422"}],"wp:attachment":[{"href":"https:\/\/elfsight.com\/es\/wp-json\/wp\/v2\/media?parent=3699"}],"curies":[{"name":"wp","href":"https:\/\/api.w.org\/{rel}","templated":true}]}}