{"id":3697,"date":"2022-02-11T12:20:32","date_gmt":"2022-02-11T12:20:32","guid":{"rendered":"https:\/\/elfsight.com\/es\/?page_id=3697"},"modified":"2025-02-06T15:07:32","modified_gmt":"2025-02-06T15:07:32","slug":"godaddy","status":"publish","type":"page","link":"https:\/\/elfsight.com\/es\/google-maps-widget\/godaddy\/","title":{"rendered":"Google Maps &#8211; GoDaddy"},"content":{"rendered":"<div class=\"application-platform-content-item-features application-platform-content-item\" id=\"features\" data-nav-section=\"features\"><h2>Ve la lista de las caracter\u00edsticas de Mapas de Google m\u00e1s importantes:<\/h2> <ul><li>M\u00e1s de 50 campos de ubicaci\u00f3n para un mapa interactivo.<\/li><li>3 opciones de animaci\u00f3n de marcadores.<\/li><li>Incrusta una ubicaci\u00f3n nueva con s\u00f3lo introducir la direcci\u00f3n, el nombre o las coordenadas.<\/li><li>Todas las herramientas de Google Maps soportadas: capas, controles, tipos de mapa.<\/li><li>Tarjeta de informaci\u00f3n con la m\u00e1xima informaci\u00f3n de contacto.<\/li><li>Creaci\u00f3n de forma autom\u00e1tica de rutas a partir de la ubicaci\u00f3n del visitante.<\/li><li>Edita el t\u00edtulo del panel de localizaci\u00f3n y a\u00f1ade los componentes.<\/li><li>Redirecci\u00f3n de URL para cada indicador en el que se pueda hacer clic.<\/li><li>Tarjeta de informaci\u00f3n de ventana emergente para cada indicador individualmente.<\/li><\/ul> <p><a href=\"#demo\">Ensaya todas las configuraciones en la demo completamente funcional<\/a><\/p> <\/div> <div class=\"application-platform-content-item-installation application-platform-content-item\" id=\"installation\" data-nav-section=\"installation\"> <h2>\u00bfC\u00f3mo a\u00f1adir Mapas de Google a mi sitio de GoDaddy?<\/h2><p>Simplemente sigue los siguientes pasos descritos a continuaci\u00f3n para incorporar el widget.<\/p> <ol><li>Abre nuestra demo gratuita y empieza a crear tu widget \u00fanico.<\/li>  <li>Recibe el c\u00f3digo personal que se mostrar\u00e1 en la ventana de Elfsight Apps.<\/li>  <li>Comienza a aplicar el widget en tu sitio web de GoDaddy.<\/li>  <li>\u00a1La configuraci\u00f3n ha sido exitosa!<\/li><\/ol> <p>Si tienes alg\u00fan problema, no dudes en ponerte en contacto con nuestro equipo de servicio al cliente. Nuestros especialistas estar\u00e1n encantados de resolver todas las preguntas que puedas tener sobre el widget.<\/p> <\/div>","protected":false},"excerpt":{"rendered":"","protected":false},"author":18,"featured_media":0,"parent":1936,"menu_order":0,"comment_status":"closed","ping_status":"closed","template":"templates\/template-application-platform.php","meta":{"publish_to_discourse":"","publish_post_category":"","wpdc_auto_publish_overridden":"","wpdc_topic_tags":"","wpdc_pin_topic":"","wpdc_pin_until":"","discourse_post_id":"","discourse_permalink":"","wpdc_publishing_response":"","wpdc_publishing_error":"","footnotes":""},"class_list":["post-3697","page","type-page","status-publish","hentry"],"yoast_head":"<!-- This site is optimized with the Yoast SEO plugin v25.3.1 - https:\/\/yoast.com\/wordpress\/plugins\/seo\/ -->\n<title>Mapas de Google - A\u00f1adir widget de Google Maps al GoDaddy<\/title>\n<meta name=\"description\" content=\"Incrusta un widget hermoso de Mapas de Google en su p\u00e1gina web de GoDaddy. Pruebe la demo de Elfsight f\u00e1cil de usar y cree su widget propio.\" \/>\n<meta name=\"robots\" content=\"index, follow, max-snippet:-1, max-image-preview:large, max-video-preview:-1\" \/>\n<link rel=\"canonical\" href=\"https:\/\/elfsight.com\/es\/google-maps-widget\/godaddy\/\" \/>\n<meta property=\"og:locale\" content=\"es_ES\" \/>\n<meta property=\"og:type\" content=\"article\" \/>\n<meta property=\"og:title\" content=\"Mapas de Google - A\u00f1adir widget de Google Maps al GoDaddy\" \/>\n<meta property=\"og:description\" content=\"Incrusta un widget hermoso de Mapas de Google en su p\u00e1gina web de GoDaddy. Pruebe la demo de Elfsight f\u00e1cil de usar y cree su widget propio.\" \/>\n<meta property=\"og:url\" content=\"https:\/\/elfsight.com\/es\/google-maps-widget\/godaddy\/\" \/>\n<meta property=\"og:site_name\" content=\"Elfsight ES\" \/>\n<meta property=\"article:modified_time\" content=\"2025-02-06T15:07:32+00:00\" \/>\n<meta name=\"twitter:card\" content=\"summary_large_image\" \/>\n<meta name=\"twitter:label1\" content=\"Tiempo de lectura\" \/>\n\t<meta name=\"twitter:data1\" content=\"1 minuto\" \/>\n<!-- \/ Yoast SEO plugin. -->","yoast_head_json":{"title":"Mapas de Google - A\u00f1adir widget de Google Maps al GoDaddy","description":"Incrusta un widget hermoso de Mapas de Google en su p\u00e1gina web de GoDaddy. Pruebe la demo de Elfsight f\u00e1cil de usar y cree su widget propio.","robots":{"index":"index","follow":"follow","max-snippet":"max-snippet:-1","max-image-preview":"max-image-preview:large","max-video-preview":"max-video-preview:-1"},"canonical":"https:\/\/elfsight.com\/es\/google-maps-widget\/godaddy\/","og_locale":"es_ES","og_type":"article","og_title":"Mapas de Google - A\u00f1adir widget de Google Maps al GoDaddy","og_description":"Incrusta un widget hermoso de Mapas de Google en su p\u00e1gina web de GoDaddy. Pruebe la demo de Elfsight f\u00e1cil de usar y cree su widget propio.","og_url":"https:\/\/elfsight.com\/es\/google-maps-widget\/godaddy\/","og_site_name":"Elfsight ES","article_modified_time":"2025-02-06T15:07:32+00:00","twitter_card":"summary_large_image","twitter_misc":{"Tiempo de lectura":"1 minuto"},"schema":{"@context":"https:\/\/schema.org","@graph":[{"@type":"WebPage","@id":"https:\/\/elfsight.com\/es\/google-maps-widget\/godaddy\/","url":"https:\/\/elfsight.com\/es\/google-maps-widget\/godaddy\/","name":"Mapas de Google - A\u00f1adir widget de Google Maps al GoDaddy","isPartOf":{"@id":"https:\/\/elfsight.com\/es\/#website"},"datePublished":"2022-02-11T12:20:32+00:00","dateModified":"2025-02-06T15:07:32+00:00","description":"Incrusta un widget hermoso de Mapas de Google en su p\u00e1gina web de GoDaddy. Pruebe la demo de Elfsight f\u00e1cil de usar y cree su widget propio.","breadcrumb":{"@id":"https:\/\/elfsight.com\/es\/google-maps-widget\/godaddy\/#breadcrumb"},"inLanguage":"es","potentialAction":[{"@type":"ReadAction","target":["https:\/\/elfsight.com\/es\/google-maps-widget\/godaddy\/"]}]},{"@type":"BreadcrumbList","@id":"https:\/\/elfsight.com\/es\/google-maps-widget\/godaddy\/#breadcrumb","itemListElement":[{"@type":"ListItem","position":1,"name":"Home","item":"https:\/\/elfsight.com\/es\/"},{"@type":"ListItem","position":2,"name":"Google Maps","item":"https:\/\/elfsight.com\/es\/google-maps-widget\/"},{"@type":"ListItem","position":3,"name":"Google Maps &#8211; GoDaddy"}]},{"@type":"WebSite","@id":"https:\/\/elfsight.com\/es\/#website","url":"https:\/\/elfsight.com\/es\/","name":"Elfsight ES","description":"Just another Elfsight Sites site","potentialAction":[{"@type":"SearchAction","target":{"@type":"EntryPoint","urlTemplate":"https:\/\/elfsight.com\/es\/?s={search_term_string}"},"query-input":{"@type":"PropertyValueSpecification","valueRequired":true,"valueName":"search_term_string"}}],"inLanguage":"es"}]}},"meta_box":{"industry":"","seo_heading":"","heading":"","description":"","cta_heading":"","cta_description":"","application":"1935","h1":"widget de Mapas de Google para GoDaddy","h1_caption":"Incruste un mapa de Google responsivo para mostrar su ubicaci\u00f3n o m\u00faltiples ubicaciones para una f\u00e1cil navegaci\u00f3n en su sitio web de GoDaddy sin esfuerzo.","application_category":[],"applications_title":"","applications_request_title":"","applications_request_button_text":"","hero_text":"","hero_video":"","hero_video_schema_markup":"","selling_points_title":"","selling_points_caption":"","selling_points":[],"selling_points_cta_text":"","features_title":"","features":"","ed_cta_examples_text":"","ed_cta_examples_hidden":"","ed_cta_demo_text":"","ed_cta_demo_hidden":"","why_caption":"","why_editor_title":"","why_editor_text":"","why_team_title":"","why_team_text":"","why_service_title":"","why_service_text":"","template_catalog_visible":"","template_catalog_title":"","template_catalog_text":"","template_catalog_categories_visible":"","demo_title":"Crea tu complemento de Google Maps","demo_caption":"\u00a1Configura tu Google Maps y agr\u00e9galo a tu sitio web de GoDaddy gratis!","default_faq_hidden":"","app_template_category":[],"platform":"2183","template_public_id":"","codecanyon_url":"","codecanyon_item_id":"","codecanyon_price":"","pricing_caption":"","pricing_elfsight_apps_hide_column":"","pricing_elfsight_apps_url":"","pricing_codecanyon_price_caption":"","integration_category":[],"integration_request_title":"","integration_request_cta":"","integration_platform":"","integrations":[],"platform_category":[],"video_schema_markup":"","price":"desde $0 por mes","trial":"","benefits":[{"text":"Instalaci\u00f3n gratuita"},{"text":"Soporte Premium"},{"text":"14 d\u00edas garant\u00eda de reembolso"},{"text":"Actualizaciones regulares"}],"button_url":"#demo","button_target_blank":"0","button_nofollow":"0","attributes":[{"name":"Responsivo","content":"Si","_state":"expanded"},{"name":"Navegadores compatibles","content":"Firefox, Safari, Opera, Chrome, Edge","_state":"expanded"}],"tags":[],"tags_disable_links":"0","hide_more_platforms":"","video_object":"","demo_hide_cta":"0","demo_hide_cloud_options":"0","pricing_title":"","pricing":[{"pricing_icon":"platform","pricing_title":" Elfsight Apps","pricing_title_caption":"Soluci\u00f3n multiplataforma - valido para cualquier p\u00e1gina web","pricing_price":"desde $0 por mes","pricing_price_caption":"empezar con un plan gratuito","pricing_benefits":[{"text":"Sitios web ilimitados"},{"text":"Atenci\u00f3n al cliente gratuita y r\u00e1pida"},{"text":"Servicio de instalaci\u00f3n gratuito"},{"text":"Totalmente personalizable"}],"pricing_button_text":"Agregar al sitio web","pricing_button_url":"#demo","_state":"expanded"}],"related_apps_title":"","related_apps_hidden":"1","author":"","image":[],"title":"","job":"","social_networks":[]},"_links":{"self":[{"href":"https:\/\/elfsight.com\/es\/wp-json\/wp\/v2\/pages\/3697","targetHints":{"allow":["GET"]}}],"collection":[{"href":"https:\/\/elfsight.com\/es\/wp-json\/wp\/v2\/pages"}],"about":[{"href":"https:\/\/elfsight.com\/es\/wp-json\/wp\/v2\/types\/page"}],"author":[{"embeddable":true,"href":"https:\/\/elfsight.com\/es\/wp-json\/wp\/v2\/users\/18"}],"replies":[{"embeddable":true,"href":"https:\/\/elfsight.com\/es\/wp-json\/wp\/v2\/comments?post=3697"}],"version-history":[{"count":2,"href":"https:\/\/elfsight.com\/es\/wp-json\/wp\/v2\/pages\/3697\/revisions"}],"predecessor-version":[{"id":17936,"href":"https:\/\/elfsight.com\/es\/wp-json\/wp\/v2\/pages\/3697\/revisions\/17936"}],"up":[{"embeddable":true,"href":"https:\/\/elfsight.com\/es\/wp-json\/wp\/v2\/pages\/1936"}],"wp:attachment":[{"href":"https:\/\/elfsight.com\/es\/wp-json\/wp\/v2\/media?parent=3697"}],"curies":[{"name":"wp","href":"https:\/\/api.w.org\/{rel}","templated":true}]}}