{"id":3695,"date":"2022-02-11T12:20:37","date_gmt":"2022-02-11T12:20:37","guid":{"rendered":"https:\/\/elfsight.com\/es\/?page_id=3695"},"modified":"2025-02-06T15:07:32","modified_gmt":"2025-02-06T15:07:32","slug":"blogger","status":"publish","type":"page","link":"https:\/\/elfsight.com\/es\/google-reviews-widget\/blogger\/","title":{"rendered":"Google Reviews &#8211; Blogger"},"content":{"rendered":"<div class=\"application-platform-content-item-description application-platform-content-item\" id=\"description\" data-nav-section=\"description\"> <h2>Descripci\u00f3n<\/h2> <p>Si te gustar\u00eda presumir de tu alta calificaci\u00f3n por parte de los clientes y convencer a los visitantes del sitio de que tus ofertas valen la pena, el widget de Google Reviews de Elfsight es perfecto para ti. Con nuestra herramienta, puedes mostrar las rese\u00f1as de clientes de Google en tu sitio con informaci\u00f3n sobre los autores, clasificarlas para mostrar solo las mejores, mostrar calificaciones y un bot\u00f3n activo que llevar\u00e1 a los usuarios a tu p\u00e1gina de Google para que puedan compartir su opini\u00f3n. <\/p><div class=\"faq\" data-component=\"FAQ\"> <div class=\"faq-item\">\r\n\t\t\t\t\t<div class=\"faq-item-question\">\r\n\t\t\t\t\t\t<h3 class=\"faq-item-question-text\">\u00bfD\u00f3nde en mi sitio web puedo instalarlo?<\/h3>\r\n\r\n\t\t\t\t\t\t<div class=\"faq-item-question-icon\"><\/div>\r\n\t\t\t\t\t<\/div>\r\n\r\n\t\t\t\t\t<div class=\"faq-item-answer\">\r\n\t\t\t\t\t\t<div class=\"faq-item-answer-text\"> <p>Puedes integrar el widget en cualquier p\u00e1gina de tu sitio o insertarlo en la plantilla del sitio, en este caso aparecer\u00e1 en todas las p\u00e1ginas. Las rese\u00f1as pueden ser efectivas en las p\u00e1ginas de productos o en la p\u00e1gina \u00abSobre nosotros\u00bb, los lugares donde te gustar\u00eda mostrar tu alta calificaci\u00f3n. <\/p><\/div>\r\n\t\t\t\t\t<\/div>\r\n\t\t\t\t<\/div> <div class=\"faq-item\">\r\n\t\t\t\t\t<div class=\"faq-item-question\">\r\n\t\t\t\t\t\t<h3 class=\"faq-item-question-text\">\u00bfC\u00f3mo me beneficiar\u00e9 de esto? <\/h3>\r\n\r\n\t\t\t\t\t\t<div class=\"faq-item-question-icon\"><\/div>\r\n\t\t\t\t\t<\/div>\r\n\r\n\t\t\t\t\t<div class=\"faq-item-answer\">\r\n\t\t\t\t\t\t<div class=\"faq-item-answer-text\"> <p>Las rese\u00f1as de personas reales son completamente confiables para los clientes de tu sitio y les muestran que tu negocio es confiable. Una calificaci\u00f3n alta y excelentes rese\u00f1as pueden ayudar a aumentar las compras en tu sitio web. Adem\u00e1s, el bot\u00f3n de redirecci\u00f3n contribuir\u00e1 a obtener m\u00e1s rese\u00f1as de los clientes sobre tus ofertas o servicios en Google. <\/p> <\/div>\r\n\t\t\t\t\t<\/div>\r\n\t\t\t\t<\/div> <div class=\"faq-item\">\r\n\t\t\t\t\t<div class=\"faq-item-question\">\r\n\t\t\t\t\t\t<h3 class=\"faq-item-question-text\">\u00bfC\u00f3mo incrustar el widget de Google Reviews en mi sitio web de Blogger<\/h3>\r\n\r\n\t\t\t\t\t\t<div class=\"faq-item-question-icon\"><\/div>\r\n\t\t\t\t\t<\/div>\r\n\r\n\t\t\t\t\t<div class=\"faq-item-answer\">\r\n\t\t\t\t\t\t<div class=\"faq-item-answer-text\"> <p>Solo te llevar\u00e1 dos minutos hacerlo. La instalaci\u00f3n es extremadamente r\u00e1pida, gratuita y sin necesidad de codificaci\u00f3n. <\/p> <p>Puedes incrustar el widget en tu sitio directamente a trav\u00e9s de nuestro servicio. Para hacerlo, consulta la gu\u00eda de instalaci\u00f3n a continuaci\u00f3n en esta p\u00e1gina. <\/p> <\/div>\r\n\t\t\t\t\t<\/div>\r\n\t\t\t\t<\/div> <\/div> <\/div><div class=\"application-platform-content-item-features application-platform-content-item\" id=\"features\" data-nav-section=\"features\"> <h2>Caracter\u00edsticas<\/h2> <p>Para tener una idea clara del widget, puedes consultar la lista de sus caracter\u00edsticas principales. Estas hacen que el widget sea incre\u00edblemente eficiente para tu sitio web: <\/p> <ul> <li>Tres filtros predefinidos: por tipo, excluir por y cantidad de rese\u00f1as para mostrar; <\/li> <li>Cuatro dise\u00f1os disponibles: Lista, Cuadr\u00edcula, Mamposter\u00eda y Deslizador; <\/li> <li> Encabezado intercambiable del widget; <\/li> <li>El bot\u00f3n de solicitud de rese\u00f1a lleva a los clientes a tu p\u00e1gina de Google; <\/li> <li>Seis elementos personalizables del widget: nombre y foto del autor, texto de recomendaci\u00f3n, fecha, icono de Google y calificaci\u00f3n por estrellas; <\/li> <li>Dos posibles escenarios para el rechazo de la solicitud de rese\u00f1a: mostrar un mensaje de texto o ocultar el bot\u00f3n. <\/li> <\/ul><p><a href=\"#demo\">Para explorar m\u00e1s caracter\u00edsticas, consulta la demo<\/a><\/p> <\/div><div class=\"application-platform-content-item-installation application-platform-content-item\" id=\"installation\" data-nav-section=\"installation\"> <h2>C\u00f3mo agregar Google Reviews a tu sitio de Blogger<\/h2><iframe width=\"720\" height=\"405\" src=\"https:\/\/www.youtube.com\/embed\/yQrh_Qy1-2I\" frameborder=\"0\" allowfullscreen=\"\"><\/iframe><p>Las siguientes acciones son todo lo que necesitas hacer para configurar el widget en tu p\u00e1gina web. Te tomar\u00e1 un par de minutos y no requiere codificaci\u00f3n. <\/p><ol><li><b>Crea tu plugin personalizado de Google Reviews<\/b><br> Mediante nuestro editor gratuito, crea un plugin eligiendo el dise\u00f1o y las caracter\u00edsticas funcionales.<\/li><li><b>Obt\u00e9n el c\u00f3digo individual para incrustar el plugin<\/b><br> Despu\u00e9s de crear tu widget, recibir\u00e1s tu c\u00f3digo de instalaci\u00f3n en la ventana emergente de Elfsight Apps. Copia el c\u00f3digo.<\/li><li><b>El plugin en tu sitio Blogger<\/b><br> Ve a la secci\u00f3n de p\u00e1gina donde te gustar\u00eda integrar el plugin y agrega el c\u00f3digo copiado all\u00ed. Publica los cambios.<\/li><li><b>\u00a1Listo! <\/b><br> Visita la p\u00e1gina web para comprobar tu plugin.<\/li><\/ol><p>\u00bfA\u00fan tienes dudas? \u00bfO experimentas problemas? Simplemente env\u00eda tu solicitud a nuestro servicio de atenci\u00f3n al cliente y te ayudar\u00e1n con cualquier pregunta.<\/p> <\/div>","protected":false},"excerpt":{"rendered":"","protected":false},"author":18,"featured_media":0,"parent":1422,"menu_order":0,"comment_status":"closed","ping_status":"closed","template":"templates\/template-application-platform.php","meta":{"publish_to_discourse":"","publish_post_category":"","wpdc_auto_publish_overridden":"","wpdc_topic_tags":"","wpdc_pin_topic":"","wpdc_pin_until":"","discourse_post_id":"","discourse_permalink":"","wpdc_publishing_response":"","wpdc_publishing_error":"","footnotes":""},"class_list":["post-3695","page","type-page","status-publish","hentry"],"yoast_head":"<!-- This site is optimized with the Yoast SEO plugin v25.3.1 - https:\/\/yoast.com\/wordpress\/plugins\/seo\/ -->\n<title>Rese\u00f1as de Google - Insertar widget de Valoraciones de Google al Blogger<\/title>\n<meta name=\"description\" content=\"Instala un plugin atractivo de Rese\u00f1as de Google en su sitio web de Blogger. Lance la demo de Elfsight intuitiva y cree su widget \u00fanico.\" \/>\n<meta name=\"robots\" content=\"index, follow, max-snippet:-1, max-image-preview:large, max-video-preview:-1\" \/>\n<link rel=\"canonical\" href=\"https:\/\/elfsight.com\/es\/google-reviews-widget\/blogger\/\" \/>\n<meta property=\"og:locale\" content=\"es_ES\" \/>\n<meta property=\"og:type\" content=\"article\" \/>\n<meta property=\"og:title\" content=\"Rese\u00f1as de Google - Insertar widget de Valoraciones de Google al Blogger\" \/>\n<meta property=\"og:description\" content=\"Instala un plugin atractivo de Rese\u00f1as de Google en su sitio web de Blogger. Lance la demo de Elfsight intuitiva y cree su widget \u00fanico.\" \/>\n<meta property=\"og:url\" content=\"https:\/\/elfsight.com\/es\/google-reviews-widget\/blogger\/\" \/>\n<meta property=\"og:site_name\" content=\"Elfsight ES\" \/>\n<meta property=\"article:modified_time\" content=\"2025-02-06T15:07:32+00:00\" \/>\n<meta name=\"twitter:card\" content=\"summary_large_image\" \/>\n<meta name=\"twitter:label1\" content=\"Tiempo de lectura\" \/>\n\t<meta name=\"twitter:data1\" content=\"2 minutos\" \/>\n<!-- \/ Yoast SEO plugin. -->","yoast_head_json":{"title":"Rese\u00f1as de Google - Insertar widget de Valoraciones de Google al Blogger","description":"Instala un plugin atractivo de Rese\u00f1as de Google en su sitio web de Blogger. Lance la demo de Elfsight intuitiva y cree su widget \u00fanico.","robots":{"index":"index","follow":"follow","max-snippet":"max-snippet:-1","max-image-preview":"max-image-preview:large","max-video-preview":"max-video-preview:-1"},"canonical":"https:\/\/elfsight.com\/es\/google-reviews-widget\/blogger\/","og_locale":"es_ES","og_type":"article","og_title":"Rese\u00f1as de Google - Insertar widget de Valoraciones de Google al Blogger","og_description":"Instala un plugin atractivo de Rese\u00f1as de Google en su sitio web de Blogger. Lance la demo de Elfsight intuitiva y cree su widget \u00fanico.","og_url":"https:\/\/elfsight.com\/es\/google-reviews-widget\/blogger\/","og_site_name":"Elfsight ES","article_modified_time":"2025-02-06T15:07:32+00:00","twitter_card":"summary_large_image","twitter_misc":{"Tiempo de lectura":"2 minutos"},"schema":{"@context":"https:\/\/schema.org","@graph":[{"@type":"WebPage","@id":"https:\/\/elfsight.com\/es\/google-reviews-widget\/blogger\/","url":"https:\/\/elfsight.com\/es\/google-reviews-widget\/blogger\/","name":"Rese\u00f1as de Google - Insertar widget de Valoraciones de Google al Blogger","isPartOf":{"@id":"https:\/\/elfsight.com\/es\/#website"},"datePublished":"2022-02-11T12:20:37+00:00","dateModified":"2025-02-06T15:07:32+00:00","description":"Instala un plugin atractivo de Rese\u00f1as de Google en su sitio web de Blogger. Lance la demo de Elfsight intuitiva y cree su widget \u00fanico.","breadcrumb":{"@id":"https:\/\/elfsight.com\/es\/google-reviews-widget\/blogger\/#breadcrumb"},"inLanguage":"es","potentialAction":[{"@type":"ReadAction","target":["https:\/\/elfsight.com\/es\/google-reviews-widget\/blogger\/"]}]},{"@type":"BreadcrumbList","@id":"https:\/\/elfsight.com\/es\/google-reviews-widget\/blogger\/#breadcrumb","itemListElement":[{"@type":"ListItem","position":1,"name":"Home","item":"https:\/\/elfsight.com\/es\/"},{"@type":"ListItem","position":2,"name":"Google Reviews","item":"https:\/\/elfsight.com\/es\/google-reviews-widget\/"},{"@type":"ListItem","position":3,"name":"Google Reviews &#8211; Blogger"}]},{"@type":"WebSite","@id":"https:\/\/elfsight.com\/es\/#website","url":"https:\/\/elfsight.com\/es\/","name":"Elfsight ES","description":"Just another Elfsight Sites site","potentialAction":[{"@type":"SearchAction","target":{"@type":"EntryPoint","urlTemplate":"https:\/\/elfsight.com\/es\/?s={search_term_string}"},"query-input":{"@type":"PropertyValueSpecification","valueRequired":true,"valueName":"search_term_string"}}],"inLanguage":"es"}]}},"meta_box":{"industry":"","seo_heading":"","heading":"","description":"","cta_heading":"","cta_description":"","application":"1421","h1":"widget de Rese\u00f1as de Google para Blogger","h1_caption":"Incorpore sin esfuerzo rese\u00f1as de su lugar desde Google para obtener las mejores impresiones de los clientes en la experiencia de su sitio web en su sitio web de Blogger.","application_category":[],"applications_title":"","applications_request_title":"","applications_request_button_text":"","hero_text":"","hero_video":"","hero_video_schema_markup":"","selling_points_title":"","selling_points_caption":"","selling_points":[],"selling_points_cta_text":"","features_title":"","features":"","ed_cta_examples_text":"","ed_cta_examples_hidden":"","ed_cta_demo_text":"","ed_cta_demo_hidden":"","why_caption":"","why_editor_title":"","why_editor_text":"","why_team_title":"","why_team_text":"","why_service_title":"","why_service_text":"","template_catalog_visible":"","template_catalog_title":"","template_catalog_text":"","template_catalog_categories_visible":"","demo_title":"Crea tu widget de Rese\u00f1as de Google","demo_caption":"\u00a1Configure sus Rese\u00f1as de Google y agr\u00e9guelas a su sitio web de Blogger de forma gratuita!","default_faq_hidden":"","app_template_category":[],"platform":"39","template_public_id":"","codecanyon_url":"","codecanyon_item_id":"","codecanyon_price":"","pricing_caption":"","pricing_elfsight_apps_hide_column":"","pricing_elfsight_apps_url":"","pricing_codecanyon_price_caption":"","integration_category":[],"integration_request_title":"","integration_request_cta":"","integration_platform":"","integrations":[],"platform_category":[],"video_schema_markup":"","price":"desde $0 por mes","trial":"","benefits":[{"text":"Instalaci\u00f3n gratuita"},{"text":"Soporte Premium"},{"text":"14 d\u00edas garant\u00eda de reembolso"},{"text":"Actualizaciones regulares"}],"button_url":"#demo","button_target_blank":"0","button_nofollow":"0","attributes":[{"name":"Responsivo","content":"Si","_state":"expanded"},{"name":"Navegadores compatibles","content":"Firefox, Safari, Opera, Chrome, Edge","_state":"expanded"}],"tags":[],"tags_disable_links":"0","hide_more_platforms":"","video_object":"","demo_hide_cta":"0","demo_hide_cloud_options":"0","pricing_title":"","pricing":[{"pricing_icon":"platform","pricing_title":" Elfsight Apps","pricing_title_caption":"Soluci\u00f3n multiplataforma - valido para cualquier p\u00e1gina web","pricing_price":"desde $0 por mes","pricing_price_caption":"empezar con un plan gratuito","pricing_benefits":[{"text":"Sitios web ilimitados"},{"text":"Atenci\u00f3n al cliente gratuita y r\u00e1pida"},{"text":"Servicio de instalaci\u00f3n gratuito"},{"text":"Totalmente personalizable"}],"pricing_button_text":"Agregar al sitio web","pricing_button_url":"#demo","_state":"expanded"}],"related_apps_title":"","related_apps_hidden":"1","author":"","image":[],"title":"","job":"","social_networks":[]},"_links":{"self":[{"href":"https:\/\/elfsight.com\/es\/wp-json\/wp\/v2\/pages\/3695","targetHints":{"allow":["GET"]}}],"collection":[{"href":"https:\/\/elfsight.com\/es\/wp-json\/wp\/v2\/pages"}],"about":[{"href":"https:\/\/elfsight.com\/es\/wp-json\/wp\/v2\/types\/page"}],"author":[{"embeddable":true,"href":"https:\/\/elfsight.com\/es\/wp-json\/wp\/v2\/users\/18"}],"replies":[{"embeddable":true,"href":"https:\/\/elfsight.com\/es\/wp-json\/wp\/v2\/comments?post=3695"}],"version-history":[{"count":3,"href":"https:\/\/elfsight.com\/es\/wp-json\/wp\/v2\/pages\/3695\/revisions"}],"predecessor-version":[{"id":17935,"href":"https:\/\/elfsight.com\/es\/wp-json\/wp\/v2\/pages\/3695\/revisions\/17935"}],"up":[{"embeddable":true,"href":"https:\/\/elfsight.com\/es\/wp-json\/wp\/v2\/pages\/1422"}],"wp:attachment":[{"href":"https:\/\/elfsight.com\/es\/wp-json\/wp\/v2\/media?parent=3695"}],"curies":[{"name":"wp","href":"https:\/\/api.w.org\/{rel}","templated":true}]}}