{"id":3688,"date":"2022-02-11T12:21:07","date_gmt":"2022-02-11T12:21:07","guid":{"rendered":"https:\/\/elfsight.com\/es\/?page_id=3688"},"modified":"2025-02-06T15:07:24","modified_gmt":"2025-02-06T15:07:24","slug":"woocommerce","status":"publish","type":"page","link":"https:\/\/elfsight.com\/es\/logo-showcase-widget\/woocommerce\/","title":{"rendered":"Logo Showcase &#8211; WooCommerce"},"content":{"rendered":"<div class=\"application-platform-content-item-description application-platform-content-item\" id=\"description\" data-nav-section=\"description\"><h2>Descripci\u00f3n<\/h2><p>Elfsight Logo Showcase es la mejor t\u00e9cnica para mostrar los logotipos de todos los clientes, patrocinadores o tus menciones en los medios de comunicaci\u00f3n en el sitio web. Con la ayuda del widget, proporcionar\u00e1s una prueba m\u00e1s de que eres un socio confiable y mantendr\u00e1s una buena percepci\u00f3n de tu empresa. El widget de Elfsight te permite agregar cualquier cantidad de logotipos, organizarlos en un carrusel o cuadr\u00edcula, y cambiar la escala de los logotipos. Puedes mostrar subt\u00edtulos y enlaces al sitio web de las empresas. Con colores y fuentes personalizables, es f\u00e1cil dise\u00f1ar una interfaz \u00fanica.<\/p><p><b>Eleva el nivel de tus ventas mostrando tu impecable reputaci\u00f3n empresarial, con los logotipos de tus socios en el sitio web.<\/b><\/p><\/div> <div class=\"application-platform-content-item-features application-platform-content-item\" id=\"features\" data-nav-section=\"features\"><h2>Estas son solo algunas de las amplias caracter\u00edsticas del widget:<\/h2><ul><li>La opci\u00f3n de conectar los logotipos a cualquier p\u00e1gina web;<\/li><li>Encabezado con opci\u00f3n de mostrar t\u00edtulo y texto con formato;<\/li><li>Bot\u00f3n de llamada a la acci\u00f3n (CTA) que puede ser vinculado a cualquier direcci\u00f3n;<\/li><li>Tres dise\u00f1os equilibrados: Deslizador, Cuadr\u00edcula y Carrusel;<\/li><li>Opci\u00f3n para cambiar el tama\u00f1o del logotipo y el ancho del widget;<\/li><li>Opci\u00f3n para elegir cualquier color de fondo o subir una imagen personalizada.<\/li><\/ul><p><a href=\"#demo\">Examina todas las configuraciones en una demo completa<\/a><\/p><\/div><div class=\"application-platform-content-item-installation application-platform-content-item\" id=\"installation\" data-nav-section=\"installation\"><h2>\u00bfC\u00f3mo incrustar Logo Showcase en mi sitio web de WooCommerce?<\/h2><p>Simplemente sigue las siguientes pautas para incrustar la herramienta.<\/p><ol><li><b>Usando nuestro editor gratuito, comienza a formar tu widget personalizado.<\/b><br> Determina la interfaz y las caracter\u00edsticas deseadas de la herramienta y aplica las correcciones.<\/li><li><b>Recibe el c\u00f3digo individual que aparecer\u00e1 en la ventana en Elfsight Apps.<\/b><br> Despu\u00e9s de crear tu plugin, copia el c\u00f3digo personal que aparece en la ventana emergente y gu\u00e1rdalo para m\u00e1s adelante.<\/li><li><b>Comienza a usar el widget en tu sitio WooCommerce.<\/b><br> Agrega el c\u00f3digo que guardaste previamente en tu p\u00e1gina web y guarda las correcciones.<\/li><li><b>\u00a1Ya est\u00e1! La incrustaci\u00f3n se ha realizado con \u00e9xito.<\/b><br> Ve a tu sitio web para comprobar c\u00f3mo funciona el widget.<\/li><\/ol><p>Si tienes preguntas o encuentras alguna dificultad, por favor comun\u00edcate con nuestro equipo de atenci\u00f3n al cliente. Estaremos encantados de ayudarte con cualquier problema que puedas tener con el plugin.<\/p><div class=\"faq\" data-component=\"FAQ\"><div class=\"faq-item\">\r\n\t\t\t\t\t<div class=\"faq-item-question\">\r\n\t\t\t\t\t\t<h3 class=\"faq-item-question-text\">\u00bfHay una opci\u00f3n para incrustar un Logo Showcase en mi p\u00e1gina de WooCommerce sin codificaci\u00f3n?<\/h3>\r\n\r\n\t\t\t\t\t\t<div class=\"faq-item-question-icon\"><\/div>\r\n\t\t\t\t\t<\/div>\r\n\r\n\t\t\t\t\t<div class=\"faq-item-answer\">\r\n\t\t\t\t\t\t<div class=\"faq-item-answer-text\"> <p>Elfsight ofrece una soluci\u00f3n SaaS que te permite crear un widget de Logo Showcase por ti mismo, mira lo simple que es: Comienza a trabajar directamente en la demo en l\u00ednea para crear un plugin de Logo Showcase que te gustar\u00eda integrar en el sitio de WooCommerce. Elige una de las plantillas pre-dise\u00f1adas y modifica los ajustes de Logo Showcase, agrega tu contenido, cambia el dise\u00f1o y los colores sin necesidad de habilidades de codificaci\u00f3n. Haz clic para guardar el Logo Showcase y copia su c\u00f3digo de instalaci\u00f3n, que puede ser f\u00e1cilmente incluido en tu p\u00e1gina de WooCommerce de forma gratuita. Con la ayuda de nuestro configurador f\u00e1cil de usar, cualquier usuario de internet puede generar un Logo Showcase y agregarlo f\u00e1cilmente a cualquier sitio WooCommerce. No es necesario pagar ni ingresar los datos de tu tarjeta para acceder al servicio de Elfsight. Si tienes alg\u00fan problema en cualquier paso, no dudes en ponerte en contacto con nuestro soporte al cliente.<\/p> <\/div>\r\n\t\t\t\t\t<\/div>\r\n\t\t\t\t<\/div> <\/div><\/div>","protected":false},"excerpt":{"rendered":"","protected":false},"author":18,"featured_media":0,"parent":1690,"menu_order":0,"comment_status":"closed","ping_status":"closed","template":"templates\/template-application-platform.php","meta":{"publish_to_discourse":"","publish_post_category":"","wpdc_auto_publish_overridden":"","wpdc_topic_tags":"","wpdc_pin_topic":"","wpdc_pin_until":"","discourse_post_id":"","discourse_permalink":"","wpdc_publishing_response":"","wpdc_publishing_error":"","footnotes":""},"class_list":["post-3688","page","type-page","status-publish","hentry"],"yoast_head":"<!-- This site is optimized with the Yoast SEO plugin v25.3.1 - https:\/\/yoast.com\/wordpress\/plugins\/seo\/ -->\n<title>Exposici\u00f3n de logos - Agregar plugin de Logotipo de escaparate al WooCommerce<\/title>\n<meta name=\"description\" content=\"Incrusta un widget atractivo de Exposici\u00f3n de logos en su sitio web de WooCommerce. Lance la demo de Elfsight manejable y cree su plugin personalizado.\" \/>\n<meta name=\"robots\" content=\"index, follow, max-snippet:-1, max-image-preview:large, max-video-preview:-1\" \/>\n<link rel=\"canonical\" href=\"https:\/\/elfsight.com\/es\/logo-showcase-widget\/woocommerce\/\" \/>\n<meta property=\"og:locale\" content=\"es_ES\" \/>\n<meta property=\"og:type\" content=\"article\" \/>\n<meta property=\"og:title\" content=\"Exposici\u00f3n de logos - Agregar plugin de Logotipo de escaparate al WooCommerce\" \/>\n<meta property=\"og:description\" content=\"Incrusta un widget atractivo de Exposici\u00f3n de logos en su sitio web de WooCommerce. Lance la demo de Elfsight manejable y cree su plugin personalizado.\" \/>\n<meta property=\"og:url\" content=\"https:\/\/elfsight.com\/es\/logo-showcase-widget\/woocommerce\/\" \/>\n<meta property=\"og:site_name\" content=\"Elfsight ES\" \/>\n<meta property=\"article:modified_time\" content=\"2025-02-06T15:07:24+00:00\" \/>\n<meta name=\"twitter:card\" content=\"summary_large_image\" \/>\n<meta name=\"twitter:label1\" content=\"Tiempo de lectura\" \/>\n\t<meta name=\"twitter:data1\" content=\"2 minutos\" \/>\n<!-- \/ Yoast SEO plugin. -->","yoast_head_json":{"title":"Exposici\u00f3n de logos - Agregar plugin de Logotipo de escaparate al WooCommerce","description":"Incrusta un widget atractivo de Exposici\u00f3n de logos en su sitio web de WooCommerce. Lance la demo de Elfsight manejable y cree su plugin personalizado.","robots":{"index":"index","follow":"follow","max-snippet":"max-snippet:-1","max-image-preview":"max-image-preview:large","max-video-preview":"max-video-preview:-1"},"canonical":"https:\/\/elfsight.com\/es\/logo-showcase-widget\/woocommerce\/","og_locale":"es_ES","og_type":"article","og_title":"Exposici\u00f3n de logos - Agregar plugin de Logotipo de escaparate al WooCommerce","og_description":"Incrusta un widget atractivo de Exposici\u00f3n de logos en su sitio web de WooCommerce. Lance la demo de Elfsight manejable y cree su plugin personalizado.","og_url":"https:\/\/elfsight.com\/es\/logo-showcase-widget\/woocommerce\/","og_site_name":"Elfsight ES","article_modified_time":"2025-02-06T15:07:24+00:00","twitter_card":"summary_large_image","twitter_misc":{"Tiempo de lectura":"2 minutos"},"schema":{"@context":"https:\/\/schema.org","@graph":[{"@type":"WebPage","@id":"https:\/\/elfsight.com\/es\/logo-showcase-widget\/woocommerce\/","url":"https:\/\/elfsight.com\/es\/logo-showcase-widget\/woocommerce\/","name":"Exposici\u00f3n de logos - Agregar plugin de Logotipo de escaparate al WooCommerce","isPartOf":{"@id":"https:\/\/elfsight.com\/es\/#website"},"datePublished":"2022-02-11T12:21:07+00:00","dateModified":"2025-02-06T15:07:24+00:00","description":"Incrusta un widget atractivo de Exposici\u00f3n de logos en su sitio web de WooCommerce. Lance la demo de Elfsight manejable y cree su plugin personalizado.","breadcrumb":{"@id":"https:\/\/elfsight.com\/es\/logo-showcase-widget\/woocommerce\/#breadcrumb"},"inLanguage":"es","potentialAction":[{"@type":"ReadAction","target":["https:\/\/elfsight.com\/es\/logo-showcase-widget\/woocommerce\/"]}]},{"@type":"BreadcrumbList","@id":"https:\/\/elfsight.com\/es\/logo-showcase-widget\/woocommerce\/#breadcrumb","itemListElement":[{"@type":"ListItem","position":1,"name":"Home","item":"https:\/\/elfsight.com\/es\/"},{"@type":"ListItem","position":2,"name":"Logo Showcase","item":"https:\/\/elfsight.com\/es\/logo-showcase-widget\/"},{"@type":"ListItem","position":3,"name":"Logo Showcase &#8211; WooCommerce"}]},{"@type":"WebSite","@id":"https:\/\/elfsight.com\/es\/#website","url":"https:\/\/elfsight.com\/es\/","name":"Elfsight ES","description":"Just another Elfsight Sites site","potentialAction":[{"@type":"SearchAction","target":{"@type":"EntryPoint","urlTemplate":"https:\/\/elfsight.com\/es\/?s={search_term_string}"},"query-input":{"@type":"PropertyValueSpecification","valueRequired":true,"valueName":"search_term_string"}}],"inLanguage":"es"}]}},"meta_box":{"industry":"","seo_heading":"","heading":"","description":"","cta_heading":"","cta_description":"","application":"1689","h1":"plugin de Exposici\u00f3n de logos para WooCommerce","h1_caption":"Incluye un n\u00famero ilimitado de logotipos y aumenta la confianza de los clientes","application_category":[],"applications_title":"","applications_request_title":"","applications_request_button_text":"","hero_text":"","hero_video":"","hero_video_schema_markup":"","selling_points_title":"","selling_points_caption":"","selling_points":[],"selling_points_cta_text":"","features_title":"","features":"","ed_cta_examples_text":"","ed_cta_examples_hidden":"","ed_cta_demo_text":"","ed_cta_demo_hidden":"","why_caption":"","why_editor_title":"","why_editor_text":"","why_team_title":"","why_team_text":"","why_service_title":"","why_service_text":"","template_catalog_visible":"","template_catalog_title":"","template_catalog_text":"","template_catalog_categories_visible":"","demo_title":"Crea tu aplicaci\u00f3n Logo Showcase","demo_caption":"\u00a1Configure su Logo Showcase y agr\u00e9guelo a su sitio web WooCommerce de forma gratuita!","default_faq_hidden":"","app_template_category":[],"platform":"2311","template_public_id":"","codecanyon_url":"","codecanyon_item_id":"","codecanyon_price":"","pricing_caption":"","pricing_elfsight_apps_hide_column":"","pricing_elfsight_apps_url":"","pricing_codecanyon_price_caption":"","integration_category":[],"integration_request_title":"","integration_request_cta":"","integration_platform":"","integrations":[],"platform_category":[],"video_schema_markup":"","price":"desde $0 por mes","trial":"","benefits":[{"text":"Instalaci\u00f3n gratuita"},{"text":"Soporte Premium"},{"text":"14 d\u00edas garant\u00eda de reembolso"},{"text":"Actualizaciones regulares"}],"button_url":"#demo","button_target_blank":"0","button_nofollow":"0","attributes":[{"name":"Responsivo","content":"Si","_state":"expanded"},{"name":"Navegadores compatibles","content":"Firefox, Safari, Opera, Chrome, Edge","_state":"expanded"}],"tags":[],"tags_disable_links":"0","hide_more_platforms":"","video_object":"","demo_hide_cta":"0","demo_hide_cloud_options":"0","pricing_title":"","pricing":[{"pricing_icon":"platform","pricing_title":" Elfsight Apps","pricing_title_caption":"Soluci\u00f3n multiplataforma - valido para cualquier p\u00e1gina web","pricing_price":"desde $0 por mes","pricing_price_caption":"empezar con un plan gratuito","pricing_benefits":[{"text":"Sitios web ilimitados"},{"text":"Atenci\u00f3n al cliente gratuita y r\u00e1pida"},{"text":"Servicio de instalaci\u00f3n gratuito"},{"text":"Totalmente personalizable"}],"pricing_button_text":"Agregar al sitio web","pricing_button_url":"#demo","_state":"expanded"}],"related_apps_title":"","related_apps_hidden":"1","author":"","image":[],"title":"","job":"","social_networks":[]},"_links":{"self":[{"href":"https:\/\/elfsight.com\/es\/wp-json\/wp\/v2\/pages\/3688","targetHints":{"allow":["GET"]}}],"collection":[{"href":"https:\/\/elfsight.com\/es\/wp-json\/wp\/v2\/pages"}],"about":[{"href":"https:\/\/elfsight.com\/es\/wp-json\/wp\/v2\/types\/page"}],"author":[{"embeddable":true,"href":"https:\/\/elfsight.com\/es\/wp-json\/wp\/v2\/users\/18"}],"replies":[{"embeddable":true,"href":"https:\/\/elfsight.com\/es\/wp-json\/wp\/v2\/comments?post=3688"}],"version-history":[{"count":3,"href":"https:\/\/elfsight.com\/es\/wp-json\/wp\/v2\/pages\/3688\/revisions"}],"predecessor-version":[{"id":17932,"href":"https:\/\/elfsight.com\/es\/wp-json\/wp\/v2\/pages\/3688\/revisions\/17932"}],"up":[{"embeddable":true,"href":"https:\/\/elfsight.com\/es\/wp-json\/wp\/v2\/pages\/1690"}],"wp:attachment":[{"href":"https:\/\/elfsight.com\/es\/wp-json\/wp\/v2\/media?parent=3688"}],"curies":[{"name":"wp","href":"https:\/\/api.w.org\/{rel}","templated":true}]}}