{"id":3686,"date":"2022-02-11T12:21:16","date_gmt":"2022-02-11T12:21:16","guid":{"rendered":"https:\/\/elfsight.com\/es\/?page_id=3686"},"modified":"2025-02-06T15:07:24","modified_gmt":"2025-02-06T15:07:24","slug":"elementor","status":"publish","type":"page","link":"https:\/\/elfsight.com\/es\/google-maps-widget\/elementor\/","title":{"rendered":"Google Maps &#8211; Elementor"},"content":{"rendered":"<div class=\"application-platform-content-item-description application-platform-content-item\" id=\"description\" data-nav-section=\"description\"><h2>Incrusta Google Maps en Elementor con el widget de Elfsight<\/h2><p>Un plugin multifuncional y completamente personalizable, que facilita que tus clientes busquen tus ubicaciones y se pongan en contacto contigo. Su instalaci\u00f3n y personalizaci\u00f3n r\u00e1pida lo convierten en una de las mejores herramientas para todos los sitios web de WordPress.<\/p><p><b>Genera m\u00e1s visitas fuera de l\u00ednea gracias a los mapas inteligentes en tu sitio web.<\/b><\/p><p><b>M\u00e1s mensajes de clientes desde tu sitio web<\/b><br> Proporciona informaci\u00f3n detallada de contacto (ubicaci\u00f3n, tel\u00e9fono, correo electr\u00f3nico, horas de operaci\u00f3n, etc.), para que tus futuros compradores puedan contactarte por cualquier medio.<\/p><p><b>Demuestra una lista completa de tus ubicaciones en el mapa<\/b><br> Marca todas las sucursales p\u00fablicas, puntos de venta o recogida de productos en el mapa y deja que tus usuarios encuentren f\u00e1cilmente el punto m\u00e1s adecuado.<\/p><p><b>Ahorra tiempo y esfuerzo creando un mapa<\/b><br> Todas las funciones est\u00e1n disponibles con un solo clic, por lo que puedes crear un mapa efectivo para tu sitio en solo un par de minutos.<\/p><\/div><div class=\"application-platform-content-item-features application-platform-content-item\" id=\"features\" data-nav-section=\"features\"><h2>Caracter\u00edsticas principales del widget de Google Maps<\/h2><p>\u00bfQu\u00e9 caracter\u00edsticas hacen de nuestro mapa el mejor para todos los sitios de Elementor?<\/p><ul><li>Agregar una nueva ubicaci\u00f3n solo introduciendo su direcci\u00f3n, nombre o coordenadas;<\/li><li>5 capas de Google Maps: POI, Tr\u00e1fico, Tr\u00e1nsito, Bicicleta, Vista de Calle;<\/li><li>Tarjeta informativa con la informaci\u00f3n de contacto m\u00e1xima;<\/li><li>M\u00e1s de 50 marcadores de ubicaci\u00f3n;<\/li><li>Actualizaciones en vivo regulares disponibles.<\/li><\/ul><p><a href=\"#demo\">\u00a1Descubre la lista completa de funciones del widget en una demo!<\/a><\/p><\/div><div class=\"application-platform-content-item-installation application-platform-content-item\" id=\"installation\" data-nav-section=\"installation\"><h2>C\u00f3mo agregar el plugin de Google Maps a tu sitio web de Elementor<\/h2><div class=\"video-container\"><iframe width=\"720\" height=\"405\" src=\"https:\/\/www.youtube.com\/embed\/uE944YgEMR4\" frameborder=\"0\" allowfullscreen=\"\"><\/iframe><\/div><p>Una breve gu\u00eda para dise\u00f1ar mapas responsivos por tu cuenta. Para esto, no necesitas contratar un programador ni tener conocimientos en desarrollo. El tiempo aproximado es solo un par de minutos.<\/p><ol><li><b>Dise\u00f1a tu mapa de Google personalizado<\/b><br> Mediante nuestro configurador gratuito, configura tu plugin, eligiendo una plantilla y otros par\u00e1metros de la interfaz.<\/li><li><b>Recibe el c\u00f3digo \u00fanico para publicar el plugin<\/b><br> Despu\u00e9s de configurar el widget, guarda el c\u00f3digo \u00fanico que ver\u00e1s en la notificaci\u00f3n.<\/li><li><b>Muestra el plugin en tu sitio de Elementor<\/b><br> Inserta el plugin en el \u00e1rea seleccionada del sitio web y aplica los cambios.<\/li><li><b>\u00a1La configuraci\u00f3n est\u00e1 terminada!<\/b><br> Ve a tu sitio para comprobar tu widget.<\/li><\/ol><p>\u00bfTuviste problemas o dudas mientras realizabas las instrucciones? Contacta con el soporte al cliente y nuestro equipo estar\u00e1 encantado de ayudarte a generar e incrustar mapas en tu sitio web.<\/p><div class=\"faq\" data-component=\"FAQ\"><div class=\"faq-item\">\r\n\t\t\t\t\t<div class=\"faq-item-question\">\r\n\t\t\t\t\t\t<h3 class=\"faq-item-question-text\">\u00bfC\u00f3mo puedo agregar Google Maps a mi sitio de Elementor sin habilidades de programaci\u00f3n?<\/h3>\r\n\r\n\t\t\t\t\t\t<div class=\"faq-item-question-icon\"><\/div>\r\n\t\t\t\t\t<\/div>\r\n\r\n\t\t\t\t\t<div class=\"faq-item-answer\">\r\n\t\t\t\t\t\t<div class=\"faq-item-answer-text\"> <p>Elfsight ofrece una soluci\u00f3n SaaS que te permite crear un widget de Google Maps por ti mismo, mira lo f\u00e1cil que es el proceso: Trabaja directamente en el Editor en l\u00ednea para crear un widget de Google Maps que te gustar\u00eda ver en tu sitio de Elementor. Elige una de las plantillas pre-hechas y ajusta la configuraci\u00f3n de Google Maps, agrega tu contenido, cambia el dise\u00f1o y los colores sin necesidad de conocimientos de programaci\u00f3n. Guarda el mapa de Google y copia su c\u00f3digo de instalaci\u00f3n, que puedes insertar f\u00e1cilmente en tu sitio de Elementor sin necesidad de comprar una suscripci\u00f3n de pago. Con nuestro intuitivo Editor, cualquier usuario de internet puede crear un widget de Google Maps en l\u00ednea e incrustarlo f\u00e1cilmente en su sitio de Elementor. No necesitas pagar ni ingresar los datos de tu tarjeta para acceder al servicio. Si enfrentas alg\u00fan problema en cualquier paso, no dudes en contactar con nuestro equipo de soporte t\u00e9cnico.<\/p> <\/div>\r\n\t\t\t\t\t<\/div>\r\n\t\t\t\t<\/div> <\/div><\/div>","protected":false},"excerpt":{"rendered":"","protected":false},"author":18,"featured_media":0,"parent":1936,"menu_order":0,"comment_status":"closed","ping_status":"closed","template":"templates\/template-application-platform.php","meta":{"publish_to_discourse":"","publish_post_category":"","wpdc_auto_publish_overridden":"","wpdc_topic_tags":"","wpdc_pin_topic":"","wpdc_pin_until":"","discourse_post_id":"","discourse_permalink":"","wpdc_publishing_response":"","wpdc_publishing_error":"","footnotes":""},"class_list":["post-3686","page","type-page","status-publish","hentry"],"yoast_head":"<!-- This site is optimized with the Yoast SEO plugin v25.3.1 - https:\/\/yoast.com\/wordpress\/plugins\/seo\/ -->\n<title>Mapas de Google - Integrar plugin de Google Maps al Elementor<\/title>\n<meta name=\"description\" content=\"A\u00f1ade un widget atractivo de Mapas de Google en su sitio de Elementor. Aplique la demo de Elfsight manejable y genere su plugin personalizado.\" \/>\n<meta name=\"robots\" content=\"index, follow, max-snippet:-1, max-image-preview:large, max-video-preview:-1\" \/>\n<link rel=\"canonical\" href=\"https:\/\/elfsight.com\/es\/google-maps-widget\/elementor\/\" \/>\n<meta property=\"og:locale\" content=\"es_ES\" \/>\n<meta property=\"og:type\" content=\"article\" \/>\n<meta property=\"og:title\" content=\"Mapas de Google - Integrar plugin de Google Maps al Elementor\" \/>\n<meta property=\"og:description\" content=\"A\u00f1ade un widget atractivo de Mapas de Google en su sitio de Elementor. Aplique la demo de Elfsight manejable y genere su plugin personalizado.\" \/>\n<meta property=\"og:url\" content=\"https:\/\/elfsight.com\/es\/google-maps-widget\/elementor\/\" \/>\n<meta property=\"og:site_name\" content=\"Elfsight ES\" \/>\n<meta property=\"article:modified_time\" content=\"2025-02-06T15:07:24+00:00\" \/>\n<meta name=\"twitter:card\" content=\"summary_large_image\" \/>\n<meta name=\"twitter:label1\" content=\"Tiempo de lectura\" \/>\n\t<meta name=\"twitter:data1\" content=\"1 minuto\" \/>\n<!-- \/ Yoast SEO plugin. -->","yoast_head_json":{"title":"Mapas de Google - Integrar plugin de Google Maps al Elementor","description":"A\u00f1ade un widget atractivo de Mapas de Google en su sitio de Elementor. Aplique la demo de Elfsight manejable y genere su plugin personalizado.","robots":{"index":"index","follow":"follow","max-snippet":"max-snippet:-1","max-image-preview":"max-image-preview:large","max-video-preview":"max-video-preview:-1"},"canonical":"https:\/\/elfsight.com\/es\/google-maps-widget\/elementor\/","og_locale":"es_ES","og_type":"article","og_title":"Mapas de Google - Integrar plugin de Google Maps al Elementor","og_description":"A\u00f1ade un widget atractivo de Mapas de Google en su sitio de Elementor. Aplique la demo de Elfsight manejable y genere su plugin personalizado.","og_url":"https:\/\/elfsight.com\/es\/google-maps-widget\/elementor\/","og_site_name":"Elfsight ES","article_modified_time":"2025-02-06T15:07:24+00:00","twitter_card":"summary_large_image","twitter_misc":{"Tiempo de lectura":"1 minuto"},"schema":{"@context":"https:\/\/schema.org","@graph":[{"@type":"WebPage","@id":"https:\/\/elfsight.com\/es\/google-maps-widget\/elementor\/","url":"https:\/\/elfsight.com\/es\/google-maps-widget\/elementor\/","name":"Mapas de Google - Integrar plugin de Google Maps al Elementor","isPartOf":{"@id":"https:\/\/elfsight.com\/es\/#website"},"datePublished":"2022-02-11T12:21:16+00:00","dateModified":"2025-02-06T15:07:24+00:00","description":"A\u00f1ade un widget atractivo de Mapas de Google en su sitio de Elementor. Aplique la demo de Elfsight manejable y genere su plugin personalizado.","breadcrumb":{"@id":"https:\/\/elfsight.com\/es\/google-maps-widget\/elementor\/#breadcrumb"},"inLanguage":"es","potentialAction":[{"@type":"ReadAction","target":["https:\/\/elfsight.com\/es\/google-maps-widget\/elementor\/"]}]},{"@type":"BreadcrumbList","@id":"https:\/\/elfsight.com\/es\/google-maps-widget\/elementor\/#breadcrumb","itemListElement":[{"@type":"ListItem","position":1,"name":"Home","item":"https:\/\/elfsight.com\/es\/"},{"@type":"ListItem","position":2,"name":"Google Maps","item":"https:\/\/elfsight.com\/es\/google-maps-widget\/"},{"@type":"ListItem","position":3,"name":"Google Maps &#8211; Elementor"}]},{"@type":"WebSite","@id":"https:\/\/elfsight.com\/es\/#website","url":"https:\/\/elfsight.com\/es\/","name":"Elfsight ES","description":"Just another Elfsight Sites site","potentialAction":[{"@type":"SearchAction","target":{"@type":"EntryPoint","urlTemplate":"https:\/\/elfsight.com\/es\/?s={search_term_string}"},"query-input":{"@type":"PropertyValueSpecification","valueRequired":true,"valueName":"search_term_string"}}],"inLanguage":"es"}]}},"meta_box":{"industry":"","seo_heading":"","heading":"","description":"","cta_heading":"","cta_description":"","application":"1935","h1":"complemento de Mapas de Google para Elementor","h1_caption":"Incorpore un mapa de Google responsivo para mostrar su ubicaci\u00f3n o m\u00faltiples ubicaciones para una f\u00e1cil navegaci\u00f3n en su sitio web de Elementor sin esfuerzo.","application_category":[],"applications_title":"","applications_request_title":"","applications_request_button_text":"","hero_text":"","hero_video":"","hero_video_schema_markup":"","selling_points_title":"","selling_points_caption":"","selling_points":[],"selling_points_cta_text":"","features_title":"","features":"","ed_cta_examples_text":"","ed_cta_examples_hidden":"","ed_cta_demo_text":"","ed_cta_demo_hidden":"","why_caption":"","why_editor_title":"","why_editor_text":"","why_team_title":"","why_team_text":"","why_service_title":"","why_service_text":"","template_catalog_visible":"","template_catalog_title":"","template_catalog_text":"","template_catalog_categories_visible":"","demo_title":"Crea tu widget de Google Maps","demo_caption":"\u00a1Configura tu Google Maps y agr\u00e9galo a tu sitio web de Elementor gratis!","default_faq_hidden":"","app_template_category":[],"platform":"58","template_public_id":"","codecanyon_url":"","codecanyon_item_id":"","codecanyon_price":"","pricing_caption":"","pricing_elfsight_apps_hide_column":"","pricing_elfsight_apps_url":"","pricing_codecanyon_price_caption":"","integration_category":[],"integration_request_title":"","integration_request_cta":"","integration_platform":"","integrations":[],"platform_category":[],"video_schema_markup":"","price":"desde $0 por mes","trial":"","benefits":[{"text":"Instalaci\u00f3n gratuita"},{"text":"Soporte Premium"},{"text":"14 d\u00edas garant\u00eda de reembolso"},{"text":"Actualizaciones regulares"}],"button_url":"#demo","button_target_blank":"0","button_nofollow":"0","attributes":[{"name":"Responsivo","content":"Si","_state":"expanded"},{"name":"Navegadores compatibles","content":"Firefox, Safari, Opera, Chrome, Edge","_state":"expanded"}],"tags":[],"tags_disable_links":"0","hide_more_platforms":"","video_object":"","demo_hide_cta":"0","demo_hide_cloud_options":"0","pricing_title":"","pricing":[{"pricing_icon":"platform","pricing_title":" Elfsight Apps","pricing_title_caption":"Soluci\u00f3n multiplataforma - valido para cualquier p\u00e1gina web","pricing_price":"desde $0 por mes","pricing_price_caption":"empezar con un plan gratuito","pricing_benefits":[{"text":"Sitios web ilimitados"},{"text":"Atenci\u00f3n al cliente gratuita y r\u00e1pida"},{"text":"Servicio de instalaci\u00f3n gratuito"},{"text":"Totalmente personalizable"}],"pricing_button_text":"Agregar al sitio web","pricing_button_url":"#demo","_state":"expanded"}],"related_apps_title":"","related_apps_hidden":"1","author":"","image":[],"title":"","job":"","social_networks":[]},"_links":{"self":[{"href":"https:\/\/elfsight.com\/es\/wp-json\/wp\/v2\/pages\/3686","targetHints":{"allow":["GET"]}}],"collection":[{"href":"https:\/\/elfsight.com\/es\/wp-json\/wp\/v2\/pages"}],"about":[{"href":"https:\/\/elfsight.com\/es\/wp-json\/wp\/v2\/types\/page"}],"author":[{"embeddable":true,"href":"https:\/\/elfsight.com\/es\/wp-json\/wp\/v2\/users\/18"}],"replies":[{"embeddable":true,"href":"https:\/\/elfsight.com\/es\/wp-json\/wp\/v2\/comments?post=3686"}],"version-history":[{"count":3,"href":"https:\/\/elfsight.com\/es\/wp-json\/wp\/v2\/pages\/3686\/revisions"}],"predecessor-version":[{"id":17931,"href":"https:\/\/elfsight.com\/es\/wp-json\/wp\/v2\/pages\/3686\/revisions\/17931"}],"up":[{"embeddable":true,"href":"https:\/\/elfsight.com\/es\/wp-json\/wp\/v2\/pages\/1936"}],"wp:attachment":[{"href":"https:\/\/elfsight.com\/es\/wp-json\/wp\/v2\/media?parent=3686"}],"curies":[{"name":"wp","href":"https:\/\/api.w.org\/{rel}","templated":true}]}}