{"id":3684,"date":"2022-02-11T12:21:22","date_gmt":"2022-02-11T12:21:22","guid":{"rendered":"https:\/\/elfsight.com\/es\/?page_id=3684"},"modified":"2025-02-06T15:07:24","modified_gmt":"2025-02-06T15:07:24","slug":"woocommerce","status":"publish","type":"page","link":"https:\/\/elfsight.com\/es\/instagram-feed-instashow\/woocommerce\/","title":{"rendered":"Instagram Feed &#8211; WooCommerce"},"content":{"rendered":"<div class=\"application-platform-content-item-description application-platform-content-item\" id=\"description\" data-nav-section=\"description\"><h2>Descripci\u00f3n<\/h2><p>InstaShow es un plugin supremo de Instagram, que te permite generar colecciones impresionantes a partir de im\u00e1genes y videos. Una gran cantidad de variantes de configuraci\u00f3n para tu perfil: todos los tipos de fuentes, premoderaci\u00f3n de publicaciones, m\u00e1s de 60 valores ajustables y 10 esquemas de dise\u00f1o, 100% adaptativo a diferentes resoluciones.<\/p><p><b>Aplica un plugin de Instagram totalmente responsivo y f\u00e1cil de usar, para captar el inter\u00e9s de los visitantes de tu sitio de inmediato.<\/b><\/p><\/div> <div class=\"application-platform-content-item-features application-platform-content-item\" id=\"features\" data-nav-section=\"features\"><h2>Consulta la lista de las caracter\u00edsticas m\u00e1s importantes:<\/h2><ul><li>\u00cdndice de transacci\u00f3n doble;<\/li><li>Nuevos suscriptores en Instagram;<\/li><li>Mayor interacci\u00f3n de los usuarios.<\/li><\/ul><p><a href=\"#demo\">Puedes consultar todas las capacidades del widget en la demo a continuaci\u00f3n<\/a><\/p><\/div><div class=\"application-platform-content-item-installation application-platform-content-item\" id=\"installation\" data-nav-section=\"installation\"><h2>\u00bfC\u00f3mo puedo agregar Instagram Feed a mi p\u00e1gina de WooCommerce?<\/h2><p>Solo sigue estos pasos presentados a continuaci\u00f3n para insertar el plugin.<\/p><ol><li><b>Usa nuestro configurador gratuito y comienza a crear tu herramienta personalizada.<\/b><br>Encuentra el dise\u00f1o y las opciones preferidas del widget y guarda las modificaciones.<\/li><li><b>Obt\u00e9n tu c\u00f3digo personal que aparecer\u00e1 en el formulario especial de Elfsight Apps.<\/b><br>Una vez que termines de configurar tu widget personalizado, copia el c\u00f3digo individual desde el cuadro emergente y gu\u00e1rdalo para su uso posterior.<\/li><li><b>Comienza a usar el plugin en la p\u00e1gina de inicio de WooCommerce.<\/b><br>Incrusta el c\u00f3digo guardado recientemente en tu sitio web y aplica los ajustes.<\/li><li><b>La configuraci\u00f3n est\u00e1 completamente terminada.<\/b><br>Visita tu sitio para inspeccionar el funcionamiento del plugin.<\/li><\/ol><p>En caso de que experimentes alguna dificultad, no dudes en contactar a nuestro equipo de soporte. Nuestros consultores estar\u00e1n encantados de resolver todas las dudas que puedas tener sobre el widget.<\/p><\/div><div class=\"faq\" data-component=\"FAQ\"><div class=\"faq-item\">\r\n\t\t\t\t\t<div class=\"faq-item-question\">\r\n\t\t\t\t\t\t<h3 class=\"faq-item-question-text\">\u00bfC\u00f3mo incrustar Instagram Feed gratis en WooCommerce?<\/h3>\r\n\r\n\t\t\t\t\t\t<div class=\"faq-item-question-icon\"><\/div>\r\n\t\t\t\t\t<\/div>\r\n\r\n\t\t\t\t\t<div class=\"faq-item-answer\">\r\n\t\t\t\t\t\t<div class=\"faq-item-answer-text\"><ol><p>Incorporar un Instagram Feed en tu tienda WooCommerce es una excelente manera de mostrar tus \u00faltimas publicaciones y aumentar la interacci\u00f3n de los usuarios.<\/p><ol><li>Para incrustar un <a href=\"https:\/\/elfsight.com\/blog\/how-to-embed-instagram-feed-on-website\/\">Instagram Feed<\/a> gratis en WooCommerce, dir\u00edgete al sitio web de Elfsight y reg\u00edstrate para obtener una cuenta gratuita.<\/li><li>Aprovecha el poder del widget gratuito de Instagram personalizando su apariencia y configuraciones para que coincidan con el dise\u00f1o de tu tienda WooCommerce.<\/li><li>Una vez que hayas personalizado tu Instagram Feed gratis, simplemente copia el c\u00f3digo \u00fanico de incrustaci\u00f3n e ins\u00e9rtalo en la ubicaci\u00f3n deseada dentro de los archivos del tema de tu tienda WooCommerce.<\/li><\/ol><p>Al integrar tu Instagram Feed en tu tienda WooCommerce, mejorar\u00e1s su atractivo visual y fomentar\u00e1s una interacci\u00f3n continua de los usuarios. \u00a1Disfruta de los beneficios del widget de Instagram de Elfsight sin incurrir en costos adicionales!<\/p><\/ol><\/div>\r\n\t\t\t\t\t<\/div>\r\n\t\t\t\t<\/div><\/div>","protected":false},"excerpt":{"rendered":"","protected":false},"author":18,"featured_media":0,"parent":1442,"menu_order":0,"comment_status":"closed","ping_status":"closed","template":"templates\/template-application-platform.php","meta":{"publish_to_discourse":"","publish_post_category":"","wpdc_auto_publish_overridden":"","wpdc_topic_tags":"","wpdc_pin_topic":"","wpdc_pin_until":"","discourse_post_id":"","discourse_permalink":"","wpdc_publishing_response":"","wpdc_publishing_error":"","footnotes":""},"class_list":["post-3684","page","type-page","status-publish","hentry"],"yoast_head":"<!-- This site is optimized with the Yoast SEO plugin v25.3.1 - https:\/\/yoast.com\/wordpress\/plugins\/seo\/ -->\n<title>Feed de Instagram - Empotrar plugin de Instagram Feed al WooCommerce<\/title>\n<meta name=\"description\" content=\"Incrusta un widget interactivo de Feed de Instagram en su p\u00e1gina web de WooCommerce. Aplique la demo de Elfsight manejable y cree su plugin personalizado.\" \/>\n<meta name=\"robots\" content=\"index, follow, max-snippet:-1, max-image-preview:large, max-video-preview:-1\" \/>\n<link rel=\"canonical\" href=\"https:\/\/elfsight.com\/es\/instagram-feed-instashow\/woocommerce\/\" \/>\n<meta property=\"og:locale\" content=\"es_ES\" \/>\n<meta property=\"og:type\" content=\"article\" \/>\n<meta property=\"og:title\" content=\"Feed de Instagram - Empotrar plugin de Instagram Feed al WooCommerce\" \/>\n<meta property=\"og:description\" content=\"Incrusta un widget interactivo de Feed de Instagram en su p\u00e1gina web de WooCommerce. Aplique la demo de Elfsight manejable y cree su plugin personalizado.\" \/>\n<meta property=\"og:url\" content=\"https:\/\/elfsight.com\/es\/instagram-feed-instashow\/woocommerce\/\" \/>\n<meta property=\"og:site_name\" content=\"Elfsight ES\" \/>\n<meta property=\"article:modified_time\" content=\"2025-02-06T15:07:24+00:00\" \/>\n<meta name=\"twitter:card\" content=\"summary_large_image\" \/>\n<meta name=\"twitter:label1\" content=\"Tiempo de lectura\" \/>\n\t<meta name=\"twitter:data1\" content=\"1 minuto\" \/>\n<!-- \/ Yoast SEO plugin. -->","yoast_head_json":{"title":"Feed de Instagram - Empotrar plugin de Instagram Feed al WooCommerce","description":"Incrusta un widget interactivo de Feed de Instagram en su p\u00e1gina web de WooCommerce. Aplique la demo de Elfsight manejable y cree su plugin personalizado.","robots":{"index":"index","follow":"follow","max-snippet":"max-snippet:-1","max-image-preview":"max-image-preview:large","max-video-preview":"max-video-preview:-1"},"canonical":"https:\/\/elfsight.com\/es\/instagram-feed-instashow\/woocommerce\/","og_locale":"es_ES","og_type":"article","og_title":"Feed de Instagram - Empotrar plugin de Instagram Feed al WooCommerce","og_description":"Incrusta un widget interactivo de Feed de Instagram en su p\u00e1gina web de WooCommerce. Aplique la demo de Elfsight manejable y cree su plugin personalizado.","og_url":"https:\/\/elfsight.com\/es\/instagram-feed-instashow\/woocommerce\/","og_site_name":"Elfsight ES","article_modified_time":"2025-02-06T15:07:24+00:00","twitter_card":"summary_large_image","twitter_misc":{"Tiempo de lectura":"1 minuto"},"schema":{"@context":"https:\/\/schema.org","@graph":[{"@type":"WebPage","@id":"https:\/\/elfsight.com\/es\/instagram-feed-instashow\/woocommerce\/","url":"https:\/\/elfsight.com\/es\/instagram-feed-instashow\/woocommerce\/","name":"Feed de Instagram - Empotrar plugin de Instagram Feed al WooCommerce","isPartOf":{"@id":"https:\/\/elfsight.com\/es\/#website"},"datePublished":"2022-02-11T12:21:22+00:00","dateModified":"2025-02-06T15:07:24+00:00","description":"Incrusta un widget interactivo de Feed de Instagram en su p\u00e1gina web de WooCommerce. Aplique la demo de Elfsight manejable y cree su plugin personalizado.","breadcrumb":{"@id":"https:\/\/elfsight.com\/es\/instagram-feed-instashow\/woocommerce\/#breadcrumb"},"inLanguage":"es","potentialAction":[{"@type":"ReadAction","target":["https:\/\/elfsight.com\/es\/instagram-feed-instashow\/woocommerce\/"]}]},{"@type":"BreadcrumbList","@id":"https:\/\/elfsight.com\/es\/instagram-feed-instashow\/woocommerce\/#breadcrumb","itemListElement":[{"@type":"ListItem","position":1,"name":"Home","item":"https:\/\/elfsight.com\/es\/"},{"@type":"ListItem","position":2,"name":"Instagram Feed","item":"https:\/\/elfsight.com\/es\/instagram-feed-instashow\/"},{"@type":"ListItem","position":3,"name":"Instagram Feed &#8211; WooCommerce"}]},{"@type":"WebSite","@id":"https:\/\/elfsight.com\/es\/#website","url":"https:\/\/elfsight.com\/es\/","name":"Elfsight ES","description":"Just another Elfsight Sites site","potentialAction":[{"@type":"SearchAction","target":{"@type":"EntryPoint","urlTemplate":"https:\/\/elfsight.com\/es\/?s={search_term_string}"},"query-input":{"@type":"PropertyValueSpecification","valueRequired":true,"valueName":"search_term_string"}}],"inLanguage":"es"}]}},"meta_box":{"industry":"","seo_heading":"","heading":"","description":"","cta_heading":"","cta_description":"","application":"1441","h1":"complemento de Feed de Instagram para WooCommerce","h1_caption":"Exhibe v\u00eddeos, fotos y galer\u00edas de Instagram en su sitio","application_category":[],"applications_title":"","applications_request_title":"","applications_request_button_text":"","hero_text":"","hero_video":"","hero_video_schema_markup":"","selling_points_title":"","selling_points_caption":"","selling_points":[],"selling_points_cta_text":"","features_title":"","features":"","ed_cta_examples_text":"","ed_cta_examples_hidden":"","ed_cta_demo_text":"","ed_cta_demo_hidden":"","why_caption":"","why_editor_title":"","why_editor_text":"","why_team_title":"","why_team_text":"","why_service_title":"","why_service_text":"","template_catalog_visible":"","template_catalog_title":"","template_catalog_text":"","template_catalog_categories_visible":"","demo_title":"Crea tu aplicaci\u00f3n de feeds de Instagram","demo_caption":"\u00a1Configure su feed de Instagram y agr\u00e9guelo a su sitio web WooCommerce de forma gratuita!","default_faq_hidden":"","app_template_category":[],"platform":"2311","template_public_id":"","codecanyon_url":"","codecanyon_item_id":"","codecanyon_price":"","pricing_caption":"","pricing_elfsight_apps_hide_column":"","pricing_elfsight_apps_url":"","pricing_codecanyon_price_caption":"","integration_category":[],"integration_request_title":"","integration_request_cta":"","integration_platform":"","integrations":[],"platform_category":[],"video_schema_markup":"","price":"desde $0 por mes","trial":"","benefits":[{"text":"Instalaci\u00f3n gratuita"},{"text":"Soporte Premium"},{"text":"14 d\u00edas garant\u00eda de reembolso"},{"text":"Actualizaciones regulares"}],"button_url":"#demo","button_target_blank":"0","button_nofollow":"0","attributes":[{"name":"Responsivo","content":"Si","_state":"expanded"},{"name":"Navegadores compatibles","content":"Firefox, Safari, Opera, Chrome, Edge","_state":"expanded"}],"tags":[],"tags_disable_links":"0","hide_more_platforms":"","video_object":"","demo_hide_cta":"0","demo_hide_cloud_options":"0","pricing_title":"","pricing":[{"pricing_icon":"platform","pricing_title":" Elfsight Apps","pricing_title_caption":"Soluci\u00f3n multiplataforma - valido para cualquier p\u00e1gina web","pricing_price":"desde $0 por mes","pricing_price_caption":"empezar con un plan gratuito","pricing_benefits":[{"text":"Sitios web ilimitados"},{"text":"Atenci\u00f3n al cliente gratuita y r\u00e1pida"},{"text":"Servicio de instalaci\u00f3n gratuito"},{"text":"Totalmente personalizable"}],"pricing_button_text":"Agregar al sitio web","pricing_button_url":"#demo","_state":"expanded"}],"related_apps_title":"","related_apps_hidden":"1","author":"","image":[],"title":"","job":"","social_networks":[]},"_links":{"self":[{"href":"https:\/\/elfsight.com\/es\/wp-json\/wp\/v2\/pages\/3684","targetHints":{"allow":["GET"]}}],"collection":[{"href":"https:\/\/elfsight.com\/es\/wp-json\/wp\/v2\/pages"}],"about":[{"href":"https:\/\/elfsight.com\/es\/wp-json\/wp\/v2\/types\/page"}],"author":[{"embeddable":true,"href":"https:\/\/elfsight.com\/es\/wp-json\/wp\/v2\/users\/18"}],"replies":[{"embeddable":true,"href":"https:\/\/elfsight.com\/es\/wp-json\/wp\/v2\/comments?post=3684"}],"version-history":[{"count":3,"href":"https:\/\/elfsight.com\/es\/wp-json\/wp\/v2\/pages\/3684\/revisions"}],"predecessor-version":[{"id":17930,"href":"https:\/\/elfsight.com\/es\/wp-json\/wp\/v2\/pages\/3684\/revisions\/17930"}],"up":[{"embeddable":true,"href":"https:\/\/elfsight.com\/es\/wp-json\/wp\/v2\/pages\/1442"}],"wp:attachment":[{"href":"https:\/\/elfsight.com\/es\/wp-json\/wp\/v2\/media?parent=3684"}],"curies":[{"name":"wp","href":"https:\/\/api.w.org\/{rel}","templated":true}]}}