{"id":3679,"date":"2022-02-11T12:21:38","date_gmt":"2022-02-11T12:21:38","guid":{"rendered":"https:\/\/elfsight.com\/es\/?page_id=3679"},"modified":"2025-02-06T15:07:16","modified_gmt":"2025-02-06T15:07:16","slug":"drupal","status":"publish","type":"page","link":"https:\/\/elfsight.com\/es\/google-maps-widget\/drupal\/","title":{"rendered":"Google Maps &#8211; Drupal"},"content":{"rendered":"<div class=\"application-platform-content-item-description application-platform-content-item\" id=\"description\" data-nav-section=\"description\"><h2>Descripci\u00f3n<\/h2>Un instrumento simple, funcional y totalmente personalizado, que facilita la b\u00fasqueda de ubicaciones para tus usuarios. Resulta eficaz para atraer clientes reales, la instalaci\u00f3n f\u00e1cil y la personalizaci\u00f3n de la interfaz lo convierten en uno de los mejores instrumentos para cualquier sitio de Drupal.<b>\u00a1Atrae m\u00e1s clientes reales usando mapas inteligentes en tu sitio web!<\/b><ul>         <li><b>M\u00e1s contactos de compradores en tu sitio.<\/b> Agrega informaci\u00f3n detallada de contacto (ubicaci\u00f3n, tel\u00e9fono, horas de mensajer\u00eda, horarios comerciales, etc.) para que tus clientes potenciales puedan ponerse en contacto contigo de la manera que prefieran.<\/li>         <li><b>Muestra una lista completa de tus departamentos en el mapa.<\/b> Agrega todos los puntos disponibles, lugares de venta o recolecci\u00f3n de productos en el mapa y permite que tus clientes tengan la ubicaci\u00f3n m\u00e1s f\u00e1cil de usar, lo que har\u00e1 que los usuarios est\u00e9n contentos.<\/li>         <li><b>Dibuja autom\u00e1ticamente la ruta hacia tu direcci\u00f3n.<\/b> No dejes que los clientes abandonen tu sitio web cuando est\u00e9n a punto de contactarte. Crea la ruta a tu lugar directamente en el mapa para todos los usuarios.<\/li><\/ul><\/div><div class=\"application-platform-content-item-features application-platform-content-item\" id=\"features\" data-nav-section=\"features\"><h2>Caracter\u00edsticas<\/h2>\u00bfQu\u00e9 ventajas hacen que el mapa de Elfsight sea el mejor para cada sitio de Drupal?<ul>         <li>Marcadores de ubicaci\u00f3n diversos para mapa interactivo;<\/li>         <li>4 tipos de mapas: Mapa de carreteras, Sat\u00e9lite, H\u00edbrido, Terreno;<\/li>         <li>Editar t\u00edtulo del panel de ubicaci\u00f3n y elegir elementos;<\/li>         <li>3 tipos de animaci\u00f3n de marcadores;<\/li>         <li>M\u00e1s de 60 idiomas soportados.<\/li><\/ul><a href=\"#demo\">\u00a1Descubre el conjunto completo de ventajas en el editor!<\/a><\/div><div class=\"application-platform-content-item-installation application-platform-content-item\" id=\"installation\" data-nav-section=\"installation\"><h2>C\u00f3mo agregar el m\u00f3dulo de Google Maps a un sitio Drupal<\/h2><div class=\"video-container\"><iframe width=\"720\" height=\"405\" src=\"https:\/\/www.youtube.com\/embed\/zgDr5Jq1KQE\" frameborder=\"0\" allowfullscreen=\"\"><\/iframe><\/div>Sigue los pasos a continuaci\u00f3n para insertar la herramienta en Drupal.<ol>         <li><b>Usa nuestro editor gratuito y comienza a crear tu m\u00f3dulo personalizado. <\/b>Determina el aspecto personalizado y los par\u00e1metros del m\u00f3dulo y aplica las correcciones.<\/li>         <li><b>Obt\u00e9n el c\u00f3digo individual que aparece en la ventana de Elfsight Apps. <\/b>Una vez que hayas configurado tu m\u00f3dulo de Google Maps, copia el c\u00f3digo exclusivo en el cuadro que aparece y gu\u00e1rdalo para futuras necesidades.<\/li>         <li><b>Comienza a utilizar la herramienta en tu sitio Drupal. <\/b>Implementa el c\u00f3digo guardado en tu p\u00e1gina y guarda los cambios.<\/li>         <li><b>\u00a1Ya est\u00e1! La integraci\u00f3n se ha completado con \u00e9xito. <\/b>Visita tu sitio para verificar el funcionamiento del m\u00f3dulo.<\/li><\/ol>\u00bfTienes dificultades o preguntas al seguir la gu\u00eda o al configurar el mapa \u00fanico? Consulta el tutorial detallado \u00ab<a href=\"https:\/\/elfsight.com\/tutorials\/how-to-add-google-maps-builder-to-drupal\/\" target=\"_blank\" rel=\"noopener noreferrer\">C\u00f3mo insertar un mapa en un sitio Drupal<\/a>\u00bb o contacta con el soporte al cliente y nuestros desarrolladores estar\u00e1n encantados de ayudarte a dise\u00f1ar e insertar mapas en tu sitio.<\/p> [\/faq_item] [\/faq]<\/div>","protected":false},"excerpt":{"rendered":"","protected":false},"author":18,"featured_media":0,"parent":1936,"menu_order":0,"comment_status":"closed","ping_status":"closed","template":"templates\/template-application-platform.php","meta":{"publish_to_discourse":"","publish_post_category":"","wpdc_auto_publish_overridden":"","wpdc_topic_tags":"","wpdc_pin_topic":"","wpdc_pin_until":"","discourse_post_id":"","discourse_permalink":"","wpdc_publishing_response":"","wpdc_publishing_error":"","footnotes":""},"class_list":["post-3679","page","type-page","status-publish","hentry"],"yoast_head":"<!-- This site is optimized with the Yoast SEO plugin v25.3.1 - https:\/\/yoast.com\/wordpress\/plugins\/seo\/ -->\n<title>Mapas de Google - Empotrar module de Google Maps al Drupal<\/title>\n<meta name=\"description\" content=\"Incrusta un widget interactivo de Mapas de Google en su sitio web de Drupal. Lance la demo de Elfsight f\u00e1cil de usar y cree su module propio.\" \/>\n<meta name=\"robots\" content=\"index, follow, max-snippet:-1, max-image-preview:large, max-video-preview:-1\" \/>\n<link rel=\"canonical\" href=\"https:\/\/elfsight.com\/es\/google-maps-widget\/drupal\/\" \/>\n<meta property=\"og:locale\" content=\"es_ES\" \/>\n<meta property=\"og:type\" content=\"article\" \/>\n<meta property=\"og:title\" content=\"Mapas de Google - Empotrar module de Google Maps al Drupal\" \/>\n<meta property=\"og:description\" content=\"Incrusta un widget interactivo de Mapas de Google en su sitio web de Drupal. Lance la demo de Elfsight f\u00e1cil de usar y cree su module propio.\" \/>\n<meta property=\"og:url\" content=\"https:\/\/elfsight.com\/es\/google-maps-widget\/drupal\/\" \/>\n<meta property=\"og:site_name\" content=\"Elfsight ES\" \/>\n<meta property=\"article:modified_time\" content=\"2025-02-06T15:07:16+00:00\" \/>\n<meta name=\"twitter:card\" content=\"summary_large_image\" \/>\n<meta name=\"twitter:label1\" content=\"Tiempo de lectura\" \/>\n\t<meta name=\"twitter:data1\" content=\"1 minuto\" \/>\n<!-- \/ Yoast SEO plugin. -->","yoast_head_json":{"title":"Mapas de Google - Empotrar module de Google Maps al Drupal","description":"Incrusta un widget interactivo de Mapas de Google en su sitio web de Drupal. Lance la demo de Elfsight f\u00e1cil de usar y cree su module propio.","robots":{"index":"index","follow":"follow","max-snippet":"max-snippet:-1","max-image-preview":"max-image-preview:large","max-video-preview":"max-video-preview:-1"},"canonical":"https:\/\/elfsight.com\/es\/google-maps-widget\/drupal\/","og_locale":"es_ES","og_type":"article","og_title":"Mapas de Google - Empotrar module de Google Maps al Drupal","og_description":"Incrusta un widget interactivo de Mapas de Google en su sitio web de Drupal. Lance la demo de Elfsight f\u00e1cil de usar y cree su module propio.","og_url":"https:\/\/elfsight.com\/es\/google-maps-widget\/drupal\/","og_site_name":"Elfsight ES","article_modified_time":"2025-02-06T15:07:16+00:00","twitter_card":"summary_large_image","twitter_misc":{"Tiempo de lectura":"1 minuto"},"schema":{"@context":"https:\/\/schema.org","@graph":[{"@type":"WebPage","@id":"https:\/\/elfsight.com\/es\/google-maps-widget\/drupal\/","url":"https:\/\/elfsight.com\/es\/google-maps-widget\/drupal\/","name":"Mapas de Google - Empotrar module de Google Maps al Drupal","isPartOf":{"@id":"https:\/\/elfsight.com\/es\/#website"},"datePublished":"2022-02-11T12:21:38+00:00","dateModified":"2025-02-06T15:07:16+00:00","description":"Incrusta un widget interactivo de Mapas de Google en su sitio web de Drupal. Lance la demo de Elfsight f\u00e1cil de usar y cree su module propio.","breadcrumb":{"@id":"https:\/\/elfsight.com\/es\/google-maps-widget\/drupal\/#breadcrumb"},"inLanguage":"es","potentialAction":[{"@type":"ReadAction","target":["https:\/\/elfsight.com\/es\/google-maps-widget\/drupal\/"]}]},{"@type":"BreadcrumbList","@id":"https:\/\/elfsight.com\/es\/google-maps-widget\/drupal\/#breadcrumb","itemListElement":[{"@type":"ListItem","position":1,"name":"Home","item":"https:\/\/elfsight.com\/es\/"},{"@type":"ListItem","position":2,"name":"Google Maps","item":"https:\/\/elfsight.com\/es\/google-maps-widget\/"},{"@type":"ListItem","position":3,"name":"Google Maps &#8211; Drupal"}]},{"@type":"WebSite","@id":"https:\/\/elfsight.com\/es\/#website","url":"https:\/\/elfsight.com\/es\/","name":"Elfsight ES","description":"Just another Elfsight Sites site","potentialAction":[{"@type":"SearchAction","target":{"@type":"EntryPoint","urlTemplate":"https:\/\/elfsight.com\/es\/?s={search_term_string}"},"query-input":{"@type":"PropertyValueSpecification","valueRequired":true,"valueName":"search_term_string"}}],"inLanguage":"es"}]}},"meta_box":{"industry":"","seo_heading":"","heading":"","description":"","cta_heading":"","cta_description":"","application":"1935","h1":"m\u00f3dulo de Mapas de Google para Drupal","h1_caption":"Incorpore un mapa de Google responsivo para mostrar su ubicaci\u00f3n o m\u00faltiples ubicaciones para una f\u00e1cil navegaci\u00f3n en su sitio web Drupal sin esfuerzo.","application_category":[],"applications_title":"","applications_request_title":"","applications_request_button_text":"","hero_text":"","hero_video":"","hero_video_schema_markup":"","selling_points_title":"","selling_points_caption":"","selling_points":[],"selling_points_cta_text":"","features_title":"","features":"","ed_cta_examples_text":"","ed_cta_examples_hidden":"","ed_cta_demo_text":"","ed_cta_demo_hidden":"","why_caption":"","why_editor_title":"","why_editor_text":"","why_team_title":"","why_team_text":"","why_service_title":"","why_service_text":"","template_catalog_visible":"","template_catalog_title":"","template_catalog_text":"","template_catalog_categories_visible":"","demo_title":"Crea tu m\u00f3dulo de Google Maps","demo_caption":"\u00a1Configura tu Google Maps y agr\u00e9galo a tu sitio web Drupal gratis!","default_faq_hidden":"","app_template_category":[],"platform":"2161","template_public_id":"","codecanyon_url":"","codecanyon_item_id":"","codecanyon_price":"","pricing_caption":"","pricing_elfsight_apps_hide_column":"","pricing_elfsight_apps_url":"","pricing_codecanyon_price_caption":"","integration_category":[],"integration_request_title":"","integration_request_cta":"","integration_platform":"","integrations":[],"platform_category":[],"video_schema_markup":"","price":"desde $0 por mes","trial":"","benefits":[{"text":"Instalaci\u00f3n gratuita"},{"text":"Soporte Premium"},{"text":"14 d\u00edas garant\u00eda de reembolso"},{"text":"Actualizaciones regulares"}],"button_url":"#demo","button_target_blank":"0","button_nofollow":"0","attributes":[{"name":"Responsivo","content":"Si","_state":"expanded"},{"name":"Navegadores compatibles","content":"Firefox, Safari, Opera, Chrome, Edge","_state":"expanded"}],"tags":[],"tags_disable_links":"0","hide_more_platforms":"","video_object":"","demo_hide_cta":"0","demo_hide_cloud_options":"0","pricing_title":"","pricing":[{"pricing_icon":"platform","pricing_title":" Elfsight Apps","pricing_title_caption":"Soluci\u00f3n multiplataforma - valido para cualquier p\u00e1gina web","pricing_price":"desde $0 por mes","pricing_price_caption":"empezar con un plan gratuito","pricing_benefits":[{"text":"Sitios web ilimitados"},{"text":"Atenci\u00f3n al cliente gratuita y r\u00e1pida"},{"text":"Servicio de instalaci\u00f3n gratuito"},{"text":"Totalmente personalizable"}],"pricing_button_text":"Agregar al sitio web","pricing_button_url":"#demo","_state":"expanded"}],"related_apps_title":"","related_apps_hidden":"1","author":"","image":[],"title":"","job":"","social_networks":[]},"_links":{"self":[{"href":"https:\/\/elfsight.com\/es\/wp-json\/wp\/v2\/pages\/3679","targetHints":{"allow":["GET"]}}],"collection":[{"href":"https:\/\/elfsight.com\/es\/wp-json\/wp\/v2\/pages"}],"about":[{"href":"https:\/\/elfsight.com\/es\/wp-json\/wp\/v2\/types\/page"}],"author":[{"embeddable":true,"href":"https:\/\/elfsight.com\/es\/wp-json\/wp\/v2\/users\/18"}],"replies":[{"embeddable":true,"href":"https:\/\/elfsight.com\/es\/wp-json\/wp\/v2\/comments?post=3679"}],"version-history":[{"count":3,"href":"https:\/\/elfsight.com\/es\/wp-json\/wp\/v2\/pages\/3679\/revisions"}],"predecessor-version":[{"id":17927,"href":"https:\/\/elfsight.com\/es\/wp-json\/wp\/v2\/pages\/3679\/revisions\/17927"}],"up":[{"embeddable":true,"href":"https:\/\/elfsight.com\/es\/wp-json\/wp\/v2\/pages\/1936"}],"wp:attachment":[{"href":"https:\/\/elfsight.com\/es\/wp-json\/wp\/v2\/media?parent=3679"}],"curies":[{"name":"wp","href":"https:\/\/api.w.org\/{rel}","templated":true}]}}